{"id":283,"date":"2025-11-26T08:34:22","date_gmt":"2025-11-26T08:34:22","guid":{"rendered":"https:\/\/silage-balers.com\/?post_type=product&#038;p=283"},"modified":"2025-12-29T05:46:47","modified_gmt":"2025-12-29T05:46:47","slug":"9gs-5-0-traekkraft-dobbeltknivs-plaeneklipper","status":"publish","type":"product","link":"https:\/\/silage-balers.com\/da\/vare\/9gs-5-0-traekkraft-dobbeltknivs-plaeneklipper\/","title":{"rendered":"9GS-5.0 Traktion Dobbeltknivs Pl\u00e6neklipper"},"content":{"rendered":"<p data-start=\"62\" data-end=\"577\">9GS-5.0 Traction Double-Blade Mower er en robust og h\u00f8jtydende landbrugsmaskine designet til at g\u00f8re gr\u00e6ssl\u00e5ning hurtigere, mere effektiv og mindre arbejdskr\u00e6vende. Denne pl\u00e6neklipper er perfekt til store landbrug og kommerciel brug og er konstrueret til nemt at h\u00e5ndtere en r\u00e6kke forskellige vegetationstyper, fra gr\u00e6s og h\u00f8 til h\u00f8jere afgr\u00f8der. Uanset om du vedligeholder gr\u00e6sgange, rydder marker eller forbereder jord til plantning, tilbyder 9GS-5.0 Traction Double-Blade Mower enest\u00e5ende alsidighed og p\u00e5lidelighed.<\/p>\n<h4 data-start=\"579\" data-end=\"632\">Hvad er 9GS-5.0 Traction dobbeltknivs pl\u00e6neklipperen?<\/h4>\n<p data-start=\"634\" data-end=\"1251\">En traktions-dobbeltknivsklipper er en avanceret type pl\u00e6neklipper, der har to sk\u00e6reblade, der arbejder samtidigt for at give effektive og ensartede sl\u00e5ningsresultater. 9GS-5.0-modellen er udstyret med h\u00f8jstyrkest\u00e5lsklinger og et kraftfuldt tr\u00e6ksystem, der sikrer pr\u00e6cis klippeydelse, selv under udfordrende markforhold. Designet med dobbeltknive \u00f8ger klippeeffektiviteten betydeligt ved at give pl\u00e6neklipperen mulighed for at d\u00e6kke et st\u00f8rre omr\u00e5de p\u00e5 kortere tid. Dette g\u00f8r 9GS-5.0 til et fremragende v\u00e6rkt\u00f8j til g\u00e5rde, frugtplantager og andre landbrugsaktiviteter, der kr\u00e6ver storstilet vegetationsh\u00e5ndtering.<\/p>\n<p data-start=\"1253\" data-end=\"1644\">9GS-5.0 Traction Double-Blade pl\u00e6neklipperen er drevet af et tr\u00e6kdrev, der forbedrer man\u00f8vredygtigheden og minimerer f\u00f8rertr\u00e6thed. Uanset om du arbejder i fladt terr\u00e6n eller navigerer i uj\u00e6vnt terr\u00e6n, giver pl\u00e6neklipperen en j\u00e6vn og ensartet drift. Maskinens robuste ramme sikrer, at den kan h\u00e5ndtere kr\u00e6vende sl\u00e5ningsopgaver, hvilket g\u00f8r den til en v\u00e6rdifuld investering for store landm\u00e6nd og kommercielle landskabsarkitektfirmaer.<\/p>\n<p style=\"text-align: center;\" data-start=\"1253\" data-end=\"1644\"><img loading=\"lazy\" decoding=\"async\" class=\"alignnone wp-image-302 size-full\" src=\"https:\/\/silage-balers.com\/wp-content\/uploads\/2025\/11\/4-1.webp\" alt=\"Dobbeltknivs pl\u00e6neklipper\" width=\"265\" height=\"265\" srcset=\"https:\/\/silage-balers.com\/wp-content\/uploads\/2025\/11\/4-1.webp 265w, https:\/\/silage-balers.com\/wp-content\/uploads\/2025\/11\/4-1-150x150.webp 150w, https:\/\/silage-balers.com\/wp-content\/uploads\/2025\/11\/4-1-12x12.webp 12w, https:\/\/silage-balers.com\/wp-content\/uploads\/2025\/11\/4-1-100x100.webp 100w\" sizes=\"(max-width: 265px) 100vw, 265px\" \/><\/p>\n<h3>Tekniske specifikationer<\/h3>\n<table style=\"border-color: #000000;\">\n<thead>\n<tr>\n<th>Serienummer<\/th>\n<th>Punkt<\/th>\n<th>Enhed<\/th>\n<th>Specifikation<\/th>\n<\/tr>\n<\/thead>\n<tbody>\n<tr>\n<td>1<\/td>\n<td>Strukturel type<\/td>\n<td>\/<\/td>\n<td>Frem- og tilbageg\u00e5ende type<\/td>\n<\/tr>\n<tr>\n<td>2<\/td>\n<td>Tilkoblingsmetode<\/td>\n<td>\/<\/td>\n<td>Tr\u00e6kkrafttype<\/td>\n<\/tr>\n<tr>\n<td>3<\/td>\n<td>Modelnummer<\/td>\n<td>\/<\/td>\n<td>9GS-5.0 Type<\/td>\n<\/tr>\n<tr>\n<td>4<\/td>\n<td>Matchende kraft<\/td>\n<td>kW<\/td>\n<td>20-30<\/td>\n<\/tr>\n<tr>\n<td>5<\/td>\n<td>Sk\u00e6rebredde<\/td>\n<td>m<\/td>\n<td>5<\/td>\n<\/tr>\n<tr>\n<td>6<\/td>\n<td>Samlet dimension (l\u00e6ngde \u00d7 bredde \u00d7 h\u00f8jde)<\/td>\n<td>mm<\/td>\n<td>2800\u00d75630\u00d71500<\/td>\n<\/tr>\n<tr>\n<td>7<\/td>\n<td>Driftshastighed<\/td>\n<td>km\/t<\/td>\n<td>6~7<\/td>\n<\/tr>\n<tr>\n<td>8<\/td>\n<td>Kraftudtagsakselhastighed<\/td>\n<td>omdr.\/min.<\/td>\n<td>540<\/td>\n<\/tr>\n<tr>\n<td>9<\/td>\n<td>Sideudgangsakselhastighed<\/td>\n<td>omdr.\/min.<\/td>\n<td>1240<\/td>\n<\/tr>\n<tr>\n<td>10<\/td>\n<td>Gennemsnitlig klippeh\u00f8jde<\/td>\n<td>mm<\/td>\n<td>60-70<\/td>\n<\/tr>\n<tr>\n<td>11<\/td>\n<td>Produktivitet<\/td>\n<td>ha\/t<\/td>\n<td>2.4-2.8<\/td>\n<\/tr>\n<tr>\n<td>12<\/td>\n<td>Antal operat\u00f8rer<\/td>\n<td>person<\/td>\n<td>1<\/td>\n<\/tr>\n<tr>\n<td>13<\/td>\n<td>Strukturel masse<\/td>\n<td>kg<\/td>\n<td>750<\/td>\n<\/tr>\n<\/tbody>\n<\/table>\n<h4 data-start=\"1646\" data-end=\"1706\">N\u00f8glefunktioner ved 9GS-5.0 Traction dobbeltknivs pl\u00e6neklipper<\/h4>\n<ol>\n<li data-start=\"1711\" data-end=\"1941\">Dobbeltknivssystem: Dobbeltknivsystemet p\u00e5 9GS-5.0 muligg\u00f8r hurtigere og mere effektiv klipning. Med to knive, der arbejder sammen, kan pl\u00e6neklipperen h\u00e5ndtere t\u00e6t vegetation og opn\u00e5 et renere og mere ensartet snit.<\/li>\n<li data-start=\"1946\" data-end=\"2207\">H\u00f8jtydende tr\u00e6kkraft: Drevet af et p\u00e5lideligt tr\u00e6kkraftsystem giver 9GS-5.0 enest\u00e5ende stabilitet og nem man\u00f8vredygtighed. Pl\u00e6neklipperen kan nemt k\u00f8res p\u00e5 tv\u00e6rs af forskellige typer terr\u00e6n, fra flade marker til bakkede eller uj\u00e6vne landskaber.<\/li>\n<li data-start=\"2212\" data-end=\"2486\">Holdbare sk\u00e6reknive: Pl\u00e6neklipperens h\u00f8jstyrkest\u00e5lsklinger er designet til at modst\u00e5 langvarig brug, selv under kr\u00e6vende forhold. Disse holdbare knive giver langvarig ydeevne og sikrer, at pl\u00e6neklipperen forbliver skarp og effektiv i l\u00e6ngere perioder.<\/li>\n<li data-start=\"2491\" data-end=\"2774\">Justerbar klippeh\u00f8jde: 9GS-5.0 har en justerbar klippeh\u00f8jde, der giver f\u00f8reren mulighed for at tilpasse pl\u00e6neklipperens ydeevne afh\u00e6ngigt af den type vegetation, der klippes. Uanset om du skal trimme kort gr\u00e6s eller h\u00e5ndtere h\u00f8jere afgr\u00f8der, giver denne funktion fleksibilitet.<\/li>\n<li data-start=\"2779\" data-end=\"3075\">Brugervenlig betjening: Pl\u00e6neklipperen er designet med f\u00f8rerkomfort i tankerne. Med intuitive betjeningselementer og et ergonomisk layout kan selv nybegyndere hurtigt l\u00e6re at betjene 9GS-5.0. Den reducerede vibration og den nemme styring minimerer ogs\u00e5 f\u00f8rertr\u00e6thed under lange gr\u00e6ssl\u00e5ningssessioner.<\/li>\n<li data-start=\"3080\" data-end=\"3309\">Effektiv klippeydelse: Med sin h\u00f8je klippehastighed og store arbejdsbredde reducerer 9GS-5.0 den tid, der er n\u00f8dvendig for store klippeopgaver. Dette hj\u00e6lper landm\u00e6nd og landskabsarkitekter med at maksimere produktivitet og effektivitet.<\/li>\n<li data-start=\"3314\" data-end=\"3558\">Alsidighed i brug: Pl\u00e6neklipperen kan bruges til en r\u00e6kke forskellige form\u00e5l, lige fra sl\u00e5ning af h\u00f8marker til vedligeholdelse af frugtplantager og rydning af krat. Dens tilpasningsevne g\u00f8r den velegnet til en bred vifte af landbrugs-, landskabs- og skovbrugsbehov.<\/li>\n<\/ol>\n<h3 style=\"text-align: center;\" data-start=\"5949\" data-end=\"6005\"><img loading=\"lazy\" decoding=\"async\" class=\"alignnone wp-image-301 size-full\" src=\"https:\/\/silage-balers.com\/wp-content\/uploads\/2025\/11\/3-1.webp\" alt=\"Dobbeltknivs pl\u00e6neklipper\" width=\"266\" height=\"266\" srcset=\"https:\/\/silage-balers.com\/wp-content\/uploads\/2025\/11\/3-1.webp 266w, https:\/\/silage-balers.com\/wp-content\/uploads\/2025\/11\/3-1-150x150.webp 150w, https:\/\/silage-balers.com\/wp-content\/uploads\/2025\/11\/3-1-12x12.webp 12w, https:\/\/silage-balers.com\/wp-content\/uploads\/2025\/11\/3-1-100x100.webp 100w\" sizes=\"(max-width: 266px) 100vw, 266px\" \/><\/h3>\n<h3 data-start=\"5949\" data-end=\"6005\">Hvorfor v\u00e6lge 9GS-5.0 Traction dobbeltknivs pl\u00e6neklipperen?<\/h3>\n<p data-start=\"6007\" data-end=\"6722\">9GS-5.0 Traction Double-Blade Mower er et exceptionelt valg for alle, der har brug for en kraftfuld, effektiv og holdbar pl\u00e6neklipper. Med sit dobbeltknivsklippesystem, h\u00f8jtydende tr\u00e6kkraftdrev og justerbare klippeh\u00f8jde sikrer den, at klipningen er hurtigere og mere effektiv end nogensinde f\u00f8r. Uanset om du \u00f8nsker at vedligeholde h\u00f8marker, rydde krat eller trimme h\u00f8je afgr\u00f8der, giver denne pl\u00e6neklipper den ydeevne og alsidighed, der er n\u00f8dvendig for at f\u00e5 arbejdet gjort. Dens brugervenlige betjening, p\u00e5lidelige konstruktion og fremragende klippeegenskaber g\u00f8r den til et uundv\u00e6rligt v\u00e6rkt\u00f8j for b\u00e5de landm\u00e6nd, landskabsarkitekter og landbrugsprofessionelle. Invester i 9GS-5.0 Traction Double-Blade Mower, og oplev uovertruffen klipningseffektivitet.<\/p>\n<p style=\"text-align: center;\" data-start=\"6007\" data-end=\"6722\"><img loading=\"lazy\" decoding=\"async\" class=\"alignnone wp-image-303 size-full\" src=\"https:\/\/silage-balers.com\/wp-content\/uploads\/2025\/11\/5-1.webp\" alt=\"Dobbeltknivs pl\u00e6neklipper\" width=\"261\" height=\"261\" srcset=\"https:\/\/silage-balers.com\/wp-content\/uploads\/2025\/11\/5-1.webp 261w, https:\/\/silage-balers.com\/wp-content\/uploads\/2025\/11\/5-1-150x150.webp 150w, https:\/\/silage-balers.com\/wp-content\/uploads\/2025\/11\/5-1-12x12.webp 12w, https:\/\/silage-balers.com\/wp-content\/uploads\/2025\/11\/5-1-100x100.webp 100w\" sizes=\"(max-width: 261px) 100vw, 261px\" \/><\/p>\n<h2 data-start=\"3560\" data-end=\"3569\">Ofte stillede sp\u00f8rgsm\u00e5l<\/h2>\n<p data-start=\"3571\" data-end=\"3616\">1. Hvad er en traktions-dobbeltknivsklipper?<\/p>\n<p data-start=\"3618\" data-end=\"3941\">En dobbeltknivsklipper er en type pl\u00e6neklipper, der bruger to knive, der arbejder samtidigt for at give en mere effektiv og ensartet klipning. Tr\u00e6ksystemet hj\u00e6lper pl\u00e6neklipperen med at bev\u00e6ge sig lettere hen over marken, selv i udfordrende terr\u00e6n, mens dobbeltknivene \u00f8ger klippekapaciteten og reducerer klippetiden.<\/p>\n<p data-start=\"3943\" data-end=\"3995\">2. Hvilke typer vegetation kan 9GS-5.0 sl\u00e5?<\/p>\n<p data-start=\"3997\" data-end=\"4303\">9GS-5.0 er meget alsidig og kan h\u00e5ndtere forskellige typer vegetation, herunder gr\u00e6s, h\u00f8, krat og endda sm\u00e5 buske. Den er is\u00e6r effektiv til at sl\u00e5 t\u00e6tte gr\u00e6sarealer og h\u00f8je afgr\u00f8der, hvilket g\u00f8r den ideel til store landbrug og kommercielle landskabsplejeform\u00e5l.<\/p>\n<p data-start=\"4305\" data-end=\"4346\">3. Hvordan fungerer tr\u00e6kkraftsystemet?<\/p>\n<p data-start=\"4348\" data-end=\"4626\">Traktionssystemet i 9GS-5.0 driver pl\u00e6neklipperen, s\u00e5 den kan bev\u00e6ge sig j\u00e6vnt hen over forskellige terr\u00e6ner. Systemet giver \u00f8get stabilitet og man\u00f8vredygtighed, hvilket reducerer f\u00f8rerens indsats og tr\u00e6thed, samtidig med at det sikrer, at pl\u00e6neklipperen klipper ensartet, selv p\u00e5 uj\u00e6vnt terr\u00e6n.<\/p>\n<p data-start=\"4628\" data-end=\"4667\">4. Kan jeg justere klippeh\u00f8jden?<\/p>\n<p data-start=\"4669\" data-end=\"4946\">Ja, 9GS-5.0 har en justerbar klippeh\u00f8jde, der giver f\u00f8reren mulighed for at tilpasse pl\u00e6neklipperens ydeevne afh\u00e6ngigt af den type vegetation, der klippes. Klippeh\u00f8jden kan nemt justeres, s\u00e5 den passer til forskellige behov, lige fra at sl\u00e5 kort gr\u00e6s til at klippe h\u00f8jere afgr\u00f8der.<\/p>\n<p data-start=\"4948\" data-end=\"4991\">5. Hvordan vedligeholder jeg 9GS-5.0 pl\u00e6neklipperen?<\/p>\n<p data-start=\"4993\" data-end=\"5321\">Vedligeholdelse af 9GS-5.0 er ligetil. Regelm\u00e6ssig vedligeholdelse omfatter kontrol af sk\u00e6rebladene for slitage, sm\u00f8ring af de bev\u00e6gelige dele og sikring af, at traktionssystemet fungerer problemfrit. Ved at holde pl\u00e6neklipperen ren efter hver brug og inspicere den for l\u00f8se bolte eller dele sikrer du langsigtet ydeevne.<\/p>\n<p data-start=\"5323\" data-end=\"5372\">6. Er 9GS-5.0 egnet til bakket terr\u00e6n?<\/p>\n<p data-start=\"5374\" data-end=\"5660\">Ja, det kraftfulde drivsystem p\u00e5 9GS-5.0 g\u00f8r det muligt for den at navigere i bakket og uj\u00e6vnt terr\u00e6n med lethed. Maskinens robuste design og forbedrede man\u00f8vredygtighed g\u00f8r den ideel til at klare barske landskaber og giver fremragende klippeydelse selv under udfordrende forhold.<\/p>\n<p data-start=\"5662\" data-end=\"5710\">7. Hvad er arbejdsbredden p\u00e5 9GS-5.0?<\/p>\n<p data-start=\"5712\" data-end=\"5947\">9GS-5.0 tilbyder en bred arbejdsbredde, <a href=\"https:\/\/silage-balers.com\/da\/vare\/9yg-1-0c-round-baler\/\">muligg\u00f8r<\/a> den til at d\u00e6kke store omr\u00e5der p\u00e5 kortere tid. Dette \u00f8ger produktiviteten og effektiviteten, hvilket g\u00f8r den perfekt til store gr\u00e6ssl\u00e5ningsopgaver p\u00e5 g\u00e5rde og andre landbrugsmilj\u00f8er.<\/p>\n<p data-start=\"5712\" data-end=\"5947\">redigeret af gzl<\/p>","protected":false},"excerpt":{"rendered":"<p>9GS-5.0 Traction Double-Blade Mower er en h\u00f8jtydende landbrugsmaskine designet til effektiv klipning af gr\u00e6s, h\u00f8 og krat. Med sit kraftfulde tr\u00e6kdrev og dobbeltknivssystem sikrer den hurtig og pr\u00e6cis klipning, selv i udfordrende terr\u00e6n. Med justerbar klippeh\u00f8jde og brugervenlige betjeningselementer er 9GS-5.0 perfekt til storskala landbrug og kommerciel landskabspleje. Dens holdbare konstruktion og brugervenlighed g\u00f8r den til et v\u00e6rdifuldt v\u00e6rkt\u00f8j til at \u00f8ge produktiviteten i enhver sl\u00e5ning.<\/p>","protected":false},"featured_media":304,"template":"","meta":{"_et_pb_use_builder":"","_et_pb_old_content":"","_et_gb_content_width":""},"product_brand":[],"product_cat":[20],"product_tag":[],"class_list":{"0":"post-283","1":"product","2":"type-product","3":"status-publish","4":"has-post-thumbnail","6":"product_cat-mower-tedder","8":"first","9":"instock","10":"shipping-taxable","11":"product-type-simple"},"_links":{"self":[{"href":"https:\/\/silage-balers.com\/da\/wp-json\/wp\/v2\/product\/283","targetHints":{"allow":["GET"]}}],"collection":[{"href":"https:\/\/silage-balers.com\/da\/wp-json\/wp\/v2\/product"}],"about":[{"href":"https:\/\/silage-balers.com\/da\/wp-json\/wp\/v2\/types\/product"}],"wp:featuredmedia":[{"embeddable":true,"href":"https:\/\/silage-balers.com\/da\/wp-json\/wp\/v2\/media\/304"}],"wp:attachment":[{"href":"https:\/\/silage-balers.com\/da\/wp-json\/wp\/v2\/media?parent=283"}],"wp:term":[{"taxonomy":"product_brand","embeddable":true,"href":"https:\/\/silage-balers.com\/da\/wp-json\/wp\/v2\/product_brand?post=283"},{"taxonomy":"product_cat","embeddable":true,"href":"https:\/\/silage-balers.com\/da\/wp-json\/wp\/v2\/product_cat?post=283"},{"taxonomy":"product_tag","embeddable":true,"href":"https:\/\/silage-balers.com\/da\/wp-json\/wp\/v2\/product_tag?post=283"}],"curies":[{"name":"wp","href":"https:\/\/api.w.org\/{rel}","templated":true}]}}