{"id":285,"date":"2025-11-26T09:21:29","date_gmt":"2025-11-26T09:21:29","guid":{"rendered":"https:\/\/silage-balers.com\/?post_type=product&#038;p=285"},"modified":"2025-12-29T05:46:18","modified_gmt":"2025-12-29T05:46:18","slug":"9yg-1-25-rundballepresser","status":"publish","type":"product","link":"https:\/\/silage-balers.com\/da\/vare\/9yg-1-25-rundballepresser\/","title":{"rendered":"9YG-1.25 rundballepresser"},"content":{"rendered":"<p data-start=\"47\" data-end=\"524\">9YG-1.25 rundballepresseren er en avanceret, h\u00f8jeffektiv maskine designet til at str\u00f8mline processen med at presse h\u00f8, halm og andre afgr\u00f8der. Denne rundballepresser er bygget til b\u00e5de professionelle landm\u00e6nd og sm\u00e5skalaforetagender og tilbyder enest\u00e5ende ydeevne i en r\u00e6kke landbrugsm\u00e6ssige applikationer. Uanset om du arbejder med runde h\u00f8baller eller forbereder ensilageballer til opbevaring, er 9YG-1.25 et perfekt valg, der leverer p\u00e5lidelig og brugervenlig funktionalitet.<\/p>\n<h2 data-start=\"526\" data-end=\"562\">Hvad er en 9YG-1.25 rundballepresser?<\/h2>\n<p data-start=\"564\" data-end=\"1158\">En rundballepresser er en landbrugsmaskine, der bruges til at indsamle, komprimere og binde afgr\u00f8der som h\u00f8, halm eller ensilage til kompakte rundballer. 9YG-1.25-modellen er designet til at lave baller i forskellige st\u00f8rrelser, hvilket g\u00f8r den alsidig og tilpasningsdygtig til forskellige behov. Maskinen fungerer effektivt ved at samle l\u00f8st materiale fra marken, komprimere det til en rund form og derefter pakke det ind i snor eller net for at holde ballen intakt. De rundballer, der produceres af denne ballepresser, er ideelle til opbevaring og transport, da deres cylindriske form er meget stabil og nem at stable.<\/p>\n<p style=\"text-align: center;\" data-start=\"564\" data-end=\"1158\"><img loading=\"lazy\" decoding=\"async\" class=\"alignnone size-medium wp-image-290\" src=\"https:\/\/silage-balers.com\/wp-content\/uploads\/2025\/11\/ep-9YG-1.25-Round-Baler-2-1-300x300.webp\" alt=\"Rundballepresser\" width=\"300\" height=\"300\" \/><\/p>\n<h3 data-start=\"263\" data-end=\"292\">Tekniske specifikationer<\/h3>\n<div class=\"_tableContainer_1rjym_1\">\n<div class=\"group _tableWrapper_1rjym_13 flex w-fit flex-col-reverse\" tabindex=\"-1\">\n<table class=\"w-fit min-w-(--thread-content-width)\" style=\"border-color: #000000;\" data-start=\"294\" data-end=\"2194\">\n<thead data-start=\"294\" data-end=\"375\">\n<tr data-start=\"294\" data-end=\"375\">\n<th data-start=\"294\" data-end=\"324\" data-col-size=\"sm\">Punkt<\/th>\n<th data-start=\"324\" data-end=\"341\" data-col-size=\"sm\">Enhed<\/th>\n<th data-start=\"341\" data-end=\"375\" data-col-size=\"sm\">Specifikation<\/th>\n<\/tr>\n<\/thead>\n<tbody data-start=\"458\" data-end=\"2194\">\n<tr data-start=\"458\" data-end=\"539\">\n<td data-start=\"458\" data-end=\"489\" data-col-size=\"sm\">Modelnavn<\/td>\n<td data-col-size=\"sm\" data-start=\"489\" data-end=\"506\">\u2013<\/td>\n<td data-col-size=\"sm\" data-start=\"506\" data-end=\"539\">9YG-1.25 rundballepresser<\/td>\n<\/tr>\n<tr data-start=\"540\" data-end=\"621\">\n<td data-start=\"540\" data-end=\"571\" data-col-size=\"sm\">Forbindelsesmetode<\/td>\n<td data-col-size=\"sm\" data-start=\"571\" data-end=\"588\">\u2013<\/td>\n<td data-col-size=\"sm\" data-start=\"588\" data-end=\"621\">Tr\u00e6kkrafttype<\/td>\n<\/tr>\n<tr data-start=\"622\" data-end=\"704\">\n<td data-start=\"622\" data-end=\"653\" data-col-size=\"sm\">Pickupbredde<\/td>\n<td data-col-size=\"sm\" data-start=\"653\" data-end=\"670\">mm<\/td>\n<td data-col-size=\"sm\" data-start=\"670\" data-end=\"704\">2240<\/td>\n<\/tr>\n<tr data-start=\"705\" data-end=\"786\">\n<td data-start=\"705\" data-end=\"736\" data-col-size=\"sm\">Opsamlingsmekanisme<\/td>\n<td data-col-size=\"sm\" data-start=\"736\" data-end=\"753\">\u2013<\/td>\n<td data-col-size=\"sm\" data-start=\"753\" data-end=\"786\">Spiralformet<\/td>\n<\/tr>\n<tr data-start=\"787\" data-end=\"869\">\n<td data-start=\"787\" data-end=\"818\" data-col-size=\"sm\">Fodringsmekanisme<\/td>\n<td data-col-size=\"sm\" data-start=\"818\" data-end=\"835\">\u2013<\/td>\n<td data-col-size=\"sm\" data-start=\"835\" data-end=\"869\">Hydrauliske + Tandruller<\/td>\n<\/tr>\n<tr data-start=\"870\" data-end=\"952\">\n<td data-start=\"870\" data-end=\"901\" data-col-size=\"sm\">Kompressionskammerets bredde<\/td>\n<td data-col-size=\"sm\" data-start=\"901\" data-end=\"918\">mm<\/td>\n<td data-col-size=\"sm\" data-start=\"918\" data-end=\"952\">1250<\/td>\n<\/tr>\n<tr data-start=\"953\" data-end=\"1036\">\n<td data-start=\"953\" data-end=\"987\" data-col-size=\"sm\">Diameter af kompressionskammeret<\/td>\n<td data-col-size=\"sm\" data-start=\"987\" data-end=\"1002\">mm<\/td>\n<td data-col-size=\"sm\" data-start=\"1002\" data-end=\"1036\">1200<\/td>\n<\/tr>\n<tr data-start=\"1037\" data-end=\"1118\">\n<td data-start=\"1037\" data-end=\"1068\" data-col-size=\"sm\">Antal ruller<\/td>\n<td data-col-size=\"sm\" data-start=\"1068\" data-end=\"1085\">stykker<\/td>\n<td data-col-size=\"sm\" data-start=\"1085\" data-end=\"1118\">18 (Ruller)<\/td>\n<\/tr>\n<tr data-start=\"1119\" data-end=\"1201\">\n<td data-start=\"1119\" data-end=\"1150\" data-col-size=\"sm\">Rullediameter<\/td>\n<td data-col-size=\"sm\" data-start=\"1150\" data-end=\"1167\">mm<\/td>\n<td data-col-size=\"sm\" data-start=\"1167\" data-end=\"1201\">\u03c6222<\/td>\n<\/tr>\n<tr data-start=\"1202\" data-end=\"1283\">\n<td data-start=\"1202\" data-end=\"1233\" data-col-size=\"sm\">Bindingsmetoden<\/td>\n<td data-col-size=\"sm\" data-start=\"1233\" data-end=\"1250\">\u2013<\/td>\n<td data-col-size=\"sm\" data-start=\"1250\" data-end=\"1283\">Automatisk netbinding<\/td>\n<\/tr>\n<tr data-start=\"1284\" data-end=\"1366\">\n<td data-start=\"1284\" data-end=\"1315\" data-col-size=\"sm\">Str\u00f8mforsyning<\/td>\n<td data-col-size=\"sm\" data-start=\"1315\" data-end=\"1332\">kW<\/td>\n<td data-col-size=\"sm\" data-start=\"1332\" data-end=\"1366\">\u226575<\/td>\n<\/tr>\n<tr data-start=\"1367\" data-end=\"1449\">\n<td data-start=\"1367\" data-end=\"1398\" data-col-size=\"sm\">V\u00e6gt<\/td>\n<td data-col-size=\"sm\" data-start=\"1398\" data-end=\"1415\">kg<\/td>\n<td data-col-size=\"sm\" data-start=\"1415\" data-end=\"1449\">4060<\/td>\n<\/tr>\n<tr data-start=\"1450\" data-end=\"1532\">\n<td data-start=\"1450\" data-end=\"1481\" data-col-size=\"sm\">Udgangshastighed<\/td>\n<td data-col-size=\"sm\" data-start=\"1481\" data-end=\"1498\">omdr.\/min.<\/td>\n<td data-col-size=\"sm\" data-start=\"1498\" data-end=\"1532\">720<\/td>\n<\/tr>\n<tr data-start=\"1533\" data-end=\"1615\">\n<td data-start=\"1533\" data-end=\"1564\" data-col-size=\"sm\">Samlede dimensioner<\/td>\n<td data-col-size=\"sm\" data-start=\"1564\" data-end=\"1581\">mm<\/td>\n<td data-col-size=\"sm\" data-start=\"1581\" data-end=\"1615\">4400\u00d72850\u00d72400<\/td>\n<\/tr>\n<tr data-start=\"1616\" data-end=\"1697\">\n<td data-start=\"1616\" data-end=\"1647\" data-col-size=\"sm\">Arbejdsforhold<\/td>\n<td data-col-size=\"sm\" data-start=\"1647\" data-end=\"1664\">\u2013<\/td>\n<td data-col-size=\"sm\" data-start=\"1664\" data-end=\"1697\">Sensorstyret<\/td>\n<\/tr>\n<tr data-start=\"1698\" data-end=\"1780\">\n<td data-start=\"1698\" data-end=\"1729\" data-col-size=\"sm\">Ballest\u00f8rrelse (diameter x l\u00e6ngde)<\/td>\n<td data-col-size=\"sm\" data-start=\"1729\" data-end=\"1746\">mm<\/td>\n<td data-col-size=\"sm\" data-start=\"1746\" data-end=\"1780\">1300\u00d71250<\/td>\n<\/tr>\n<tr data-start=\"1781\" data-end=\"1863\">\n<td data-start=\"1781\" data-end=\"1812\" data-col-size=\"sm\">Ballet\u00e6thed<\/td>\n<td data-col-size=\"sm\" data-start=\"1812\" data-end=\"1829\">kg\/m\u00b3<\/td>\n<td data-col-size=\"sm\" data-start=\"1829\" data-end=\"1863\">100-200<\/td>\n<\/tr>\n<tr data-start=\"1864\" data-end=\"1946\">\n<td data-start=\"1864\" data-end=\"1895\" data-col-size=\"sm\">Produktionskapacitet<\/td>\n<td data-col-size=\"sm\" data-start=\"1895\" data-end=\"1912\">baller\/t<\/td>\n<td data-col-size=\"sm\" data-start=\"1912\" data-end=\"1946\">40-100<\/td>\n<\/tr>\n<tr data-start=\"1947\" data-end=\"2029\">\n<td data-start=\"1947\" data-end=\"1978\" data-col-size=\"sm\">Hjulafstand<\/td>\n<td data-col-size=\"sm\" data-start=\"1978\" data-end=\"1995\">mm<\/td>\n<td data-col-size=\"sm\" data-start=\"1995\" data-end=\"2029\">2450<\/td>\n<\/tr>\n<tr data-start=\"2030\" data-end=\"2112\">\n<td data-start=\"2030\" data-end=\"2061\" data-col-size=\"sm\">Arbejdshastighed<\/td>\n<td data-col-size=\"sm\" data-start=\"2061\" data-end=\"2078\">km\/t<\/td>\n<td data-col-size=\"sm\" data-start=\"2078\" data-end=\"2112\">5-35<\/td>\n<\/tr>\n<tr data-start=\"2113\" data-end=\"2194\">\n<td data-start=\"2113\" data-end=\"2144\" data-col-size=\"sm\">Ballespecifikationer<\/td>\n<td data-col-size=\"sm\" data-start=\"2144\" data-end=\"2161\">\u2013<\/td>\n<td data-col-size=\"sm\" data-start=\"2161\" data-end=\"2194\">2000\u00d71,25 m\/balle<\/td>\n<\/tr>\n<\/tbody>\n<\/table>\n<\/div>\n<\/div>\n<h3 data-start=\"1160\" data-end=\"1201\">Funktioner ved 9YG-1.25 rundballepresseren<\/h3>\n<ol>\n<li data-start=\"1206\" data-end=\"1424\">Holdbarhed og design: 9YG-1.25 har en robust og holdbar konstruktion, der modst\u00e5r de barskeste feltforhold. Dens materialer og konstruktion af h\u00f8j kvalitet sikrer en lang levetid med minimal vedligeholdelse.<\/li>\n<li data-start=\"1431\" data-end=\"1679\">Effektivitet: Med et h\u00f8jkapacitetsindtagssystem kan denne ballepresser h\u00e5ndtere store m\u00e6ngder afgr\u00f8der, hvilket sikrer hurtig og effektiv drift. Den fungerer godt med b\u00e5de t\u00f8rt h\u00f8 og fugtig ensilage, hvilket g\u00f8r den til et alsidigt valg til forskellige landbrugsaktiviteter.<\/li>\n<li data-start=\"1684\" data-end=\"1973\">Justerbar ballest\u00f8rrelse: Rundballepresseren giver mulighed for justerbar ballest\u00f8rrelse, hvilket giver landm\u00e6ndene fleksibilitet til at producere baller i henhold til specifikke opbevarings- og transportbehov. Muligheden for at tilpasse ballest\u00f8rrelsen sikrer, at maskinen opfylder kravene til forskellige afgr\u00f8detyper og fugtighedsindhold.<\/li>\n<li data-start=\"1978\" data-end=\"2233\">Nem betjening: 9YG-1.25 er designet til brugervenlighed med brugervenlige betjeningselementer og en intuitiv gr\u00e6nseflade. Den minimerer tr\u00e6thed hos f\u00f8reren, samtidig med at produktiviteten maksimeres, s\u00e5 f\u00f8reren kan f\u00e5 arbejdet gjort hurtigt og med minimal indsats.<\/li>\n<li data-start=\"2238\" data-end=\"2500\">Omkostningseffektiv: For landm\u00e6nd, der leder efter en rundballepresser til salg, tilbyder 9YG-1.25 en overkommelig l\u00f8sning uden at g\u00e5 p\u00e5 kompromis med kvaliteten. Det er en smart investering for alle, der er involveret i presning af h\u00f8, halm eller ensilage, og den giver et h\u00f8jt investeringsafkast.<\/li>\n<li data-start=\"2505\" data-end=\"2814\">Net- og garnindpakningssystem: Ballepresseren er udstyret med et h\u00f8jtydende indpakningssystem, der er i stand til sikkert at binde ballerne med enten garn eller net. Dette sikrer, at ballerne er korrekt forseglet og kan transporteres eller opbevares i l\u00e6ngere perioder uden risiko for \u00f8del\u00e6ggelse eller brud.<\/li>\n<\/ol>\n<h3 style=\"text-align: center;\" data-start=\"4603\" data-end=\"4644\"><img loading=\"lazy\" decoding=\"async\" class=\"alignnone wp-image-299 size-medium\" src=\"https:\/\/silage-balers.com\/wp-content\/uploads\/2025\/11\/ep-9YG-1.25-Round-Baler-1-1-1-300x300.webp\" alt=\"Rundballepresser\" width=\"300\" height=\"300\" \/><\/h3>\n<h3>Hvorfor v\u00e6lge 9YG-1.25 rundballepresseren?<\/h3>\n<p data-start=\"4646\" data-end=\"5164\">For alle, der har brug for en rundballepresser til salg, tilbyder 9YG-1.25 uovertruffen kvalitet, p\u00e5lidelighed og ydeevne. Den udm\u00e6rker sig ved at producere runde h\u00f8baller og ensilageballer, hvilket sikrer, at du effektivt kan opbevare og transportere dine afgr\u00f8der med lethed. Uanset om du driver en stor g\u00e5rd eller en mindre virksomhed, er denne ballepresser en fremragende investering i dine landbrugsudstyrsbehov. Derudover g\u00f8r dens omkostningseffektivitet den til et smart valg for landm\u00e6nd, der har brug for at balancere budget med ydeevne.<\/p>\n<h3 data-start=\"3600\" data-end=\"3649\">Fordele ved at bruge 9YG-1.25 rundballepresseren<\/h3>\n<ul data-start=\"3651\" data-end=\"4438\">\n<li data-start=\"3651\" data-end=\"3843\">\n<p data-start=\"3653\" data-end=\"3843\">Tidsbesparende effektivitet: Denne ballepresser kan fremskynde ballepresningsprocessen betydeligt sammenlignet med manuelt eller \u00e6ldre ballepresningsudstyr, hvilket giver landm\u00e6ndene mulighed for at udf\u00f8re opgaver hurtigt og effektivt.<\/p>\n<\/li>\n<li data-start=\"3844\" data-end=\"3980\">\n<p data-start=\"3846\" data-end=\"3980\">H\u00f8j ballekvalitet: Dens avancerede teknologi sikrer, at ballerne er t\u00e6t pakket og mindre tilb\u00f8jelige til at beskadige, hvilket reducerer spild og \u00f8del\u00e6ggelse.<\/p>\n<\/li>\n<li data-start=\"3981\" data-end=\"4129\">\n<p data-start=\"3983\" data-end=\"4129\">Minimalt afgr\u00f8detab: Systemet er designet til at reducere afgr\u00f8detab og sikre, at den maksimale m\u00e6ngde h\u00f8stet materiale omdannes til baller.<\/p>\n<\/li>\n<li data-start=\"4130\" data-end=\"4283\">\n<p data-start=\"4132\" data-end=\"4283\">Brugervenlig betjening: Med enkle hydrauliske systemer og intuitive betjeningselementer kan selv nye f\u00f8rere hurtigt l\u00e6re at bruge maskinen effektivt.<\/p>\n<\/li>\n<li data-start=\"4284\" data-end=\"4438\">\n<p data-start=\"4286\" data-end=\"4438\">Langvarig ydeevne: Den holdbare konstruktion sikrer, at 9YG-1.25 kan modst\u00e5 lange driftstimer under forskellige vejrforhold.<\/p>\n<\/li>\n<\/ul>\n<h2 data-start=\"2816\" data-end=\"2825\">Ofte stillede sp\u00f8rgsm\u00e5l<\/h2>\n<p data-start=\"2827\" data-end=\"2855\">1. Hvad er en rundballe?<\/p>\n<p data-start=\"2857\" data-end=\"3160\">En rundballe er en stor, cylindrisk balle, der fremstilles af en rundballepresser. Disse baller bruges i vid udstr\u00e6kning til opbevaring af h\u00f8, halm eller ensilage, da deres form muligg\u00f8r stabil stabling og effektiv transport. Rundballer komprimeres t\u00e6t og pakkes ind for at bevare indholdet og forhindre fugttab.<\/p>\n<p data-start=\"3162\" data-end=\"3201\">2. Hvor meget koster en rundballe h\u00f8?<\/p>\n<p data-start=\"3203\" data-end=\"3482\">Prisen p\u00e5 en rundballe h\u00f8 kan variere afh\u00e6ngigt af faktorer som st\u00f8rrelse, h\u00f8kvalitet, placering og eftersp\u00f8rgsel. I gennemsnit kan prisen for en rundballe h\u00f8 ligge mellem $40 og $150. Priserne svinger s\u00e6sonm\u00e6ssigt og kan afh\u00e6nge af regionale forhold og tilg\u00e6ngelighed.<\/p>\n<p data-start=\"3484\" data-end=\"3538\">3. Kan 9YG-1.25 rundballepresseren lave ensilageballer?<\/p>\n<p data-start=\"3540\" data-end=\"3807\">Ja, 9YG-1.25 er specielt designet til at h\u00e5ndtere ensilageballer og giver en p\u00e5lidelig l\u00f8sning for landm\u00e6nd, der har brug for at opbevare v\u00e5de afgr\u00f8der til g\u00e6ring. Ballepresseren sikrer, at ballerne er t\u00e6t komprimerede for at forhindre luft i at tr\u00e6nge ind og \u00f8del\u00e6gge indholdet.<\/p>\n<p data-start=\"3809\" data-end=\"3861\">4. Er 9YG-1.25 rundballepresseren nem at vedligeholde?<\/p>\n<p data-start=\"3863\" data-end=\"4158\">Ja, 9YG-1.25 er designet med nem vedligeholdelse i tankerne. Den leveres med brugervenlige vedligeholdelsesvejledninger og holdbare komponenter, der kr\u00e6ver minimal vedligeholdelse. Regelm\u00e6ssig vedligeholdelse, s\u00e5som sm\u00f8ring og inspektion af net-\/garnsystemet, vil holde ballepresseren k\u00f8rende problemfrit i \u00e5revis.<\/p>\n<p data-start=\"4160\" data-end=\"4219\">5. Hvordan ved jeg, om en rundballepresser er den rigtige til min g\u00e5rd?<\/p>\n<p data-start=\"4221\" data-end=\"4601\">Hvis du leder efter en p\u00e5lidelig og <a href=\"https:\/\/silage-balers.com\/da\/vare\/9yg-1-0c-round-baler-2\/\">effektiv<\/a> m\u00e5de at presse store m\u00e6ngder h\u00f8, halm eller ensilage p\u00e5, <a href=\"http:\/\/square-balers.com\" target=\"_blank\" rel=\"noopener\">rundballepresser<\/a> ligesom 9YG-1.25 er det et ideelt valg. Den er is\u00e6r fordelagtig for g\u00e5rde med mellemstore til store arealer, hvor tid og effektivitet er vigtigt. Derudover kan den h\u00e5ndtere en r\u00e6kke forskellige afgr\u00f8detyper, hvilket g\u00f8r den alsidig til forskellige landbrugsaktiviteter.<\/p>\n<p data-start=\"4221\" data-end=\"4601\">redigeret af gzl<\/p>","protected":false},"excerpt":{"rendered":"<p>9YG-1.25 rundballepresseren er en h\u00f8jeffektiv landbrugsmaskine, der producerer holdbare, kompakte runde h\u00f8baller og ensilageballer. Med sin justerbare ballest\u00f8rrelse, holdbare design og brugervenlige betjening er denne rundballepresser ideel til mellemstore og store landbrug. Den sikrer hurtig og effektiv ballepresning og er en omkostningseffektiv l\u00f8sning for landm\u00e6nd. Uanset om du leder efter en rundballepresser til salg eller spekulerer p\u00e5, hvor meget en rundballe h\u00f8 koster, leverer 9YG-1.25 uovertruffen ydeevne og v\u00e6rdi.<\/p>","protected":false},"featured_media":299,"template":"","meta":{"_et_pb_use_builder":"","_et_pb_old_content":"","_et_gb_content_width":""},"product_brand":[],"product_cat":[18],"product_tag":[],"class_list":{"0":"post-285","1":"product","2":"type-product","3":"status-publish","4":"has-post-thumbnail","6":"product_cat-round-baler","8":"first","9":"instock","10":"shipping-taxable","11":"product-type-simple"},"_links":{"self":[{"href":"https:\/\/silage-balers.com\/da\/wp-json\/wp\/v2\/product\/285","targetHints":{"allow":["GET"]}}],"collection":[{"href":"https:\/\/silage-balers.com\/da\/wp-json\/wp\/v2\/product"}],"about":[{"href":"https:\/\/silage-balers.com\/da\/wp-json\/wp\/v2\/types\/product"}],"wp:featuredmedia":[{"embeddable":true,"href":"https:\/\/silage-balers.com\/da\/wp-json\/wp\/v2\/media\/299"}],"wp:attachment":[{"href":"https:\/\/silage-balers.com\/da\/wp-json\/wp\/v2\/media?parent=285"}],"wp:term":[{"taxonomy":"product_brand","embeddable":true,"href":"https:\/\/silage-balers.com\/da\/wp-json\/wp\/v2\/product_brand?post=285"},{"taxonomy":"product_cat","embeddable":true,"href":"https:\/\/silage-balers.com\/da\/wp-json\/wp\/v2\/product_cat?post=285"},{"taxonomy":"product_tag","embeddable":true,"href":"https:\/\/silage-balers.com\/da\/wp-json\/wp\/v2\/product_tag?post=285"}],"curies":[{"name":"wp","href":"https:\/\/api.w.org\/{rel}","templated":true}]}}