{"id":380,"date":"2025-12-23T02:15:26","date_gmt":"2025-12-23T02:15:26","guid":{"rendered":"https:\/\/silage-balers.com\/?post_type=product&#038;p=380"},"modified":"2025-12-23T03:05:06","modified_gmt":"2025-12-23T03:05:06","slug":"9yg-10-rundballepresser","status":"publish","type":"product","link":"https:\/\/silage-balers.com\/da\/vare\/9yg-10-rundballepresser\/","title":{"rendered":"9YG-1.0 rundballepresser | yderst effektiv"},"content":{"rendered":"<p>9YG-1.0 rundballepresseren er en avanceret og yderst effektiv maskine, der er designet til at g\u00f8re landbrugsdriften mere gnidningsfri og produktiv. Den hj\u00e6lper landm\u00e6nd med at forbedre deres h\u00f8- eller halmpresningsprocesser, hvilket f\u00f8rer til bedre opbevaring, transport og samlet landbrugsproduktion. Med innovativt design og st\u00e6rke egenskaber skiller 9YG-1.0 rundballepresseren sig ud som et centralt maskineri i moderne landbrug.<\/p>\n<h2>Teknisk specifikation<\/h2>\n<table style=\"border-color: #000000;\">\n<thead>\n<tr>\n<th>Serienummer<\/th>\n<th>Punkt<\/th>\n<th>Enhed<\/th>\n<th>Specifikation<\/th>\n<\/tr>\n<\/thead>\n<tbody>\n<tr>\n<td>1<\/td>\n<td>Modelnavn<\/td>\n<td>\/<\/td>\n<td>9YG-1.0 rundballepresser<\/td>\n<\/tr>\n<tr>\n<td>2<\/td>\n<td>Tilkoblingsmetode<\/td>\n<td>\/<\/td>\n<td>Bugseret type<\/td>\n<\/tr>\n<tr>\n<td>3<\/td>\n<td>Pickupbredde<\/td>\n<td>mm<\/td>\n<td>1900<\/td>\n<\/tr>\n<tr>\n<td>4<\/td>\n<td>Pickup-strukturtype<\/td>\n<td>\/<\/td>\n<td>Fjedertandstype<\/td>\n<\/tr>\n<tr>\n<td>5<\/td>\n<td>Feederstrukturtype<\/td>\n<td>\/<\/td>\n<td>Tandrulle + Cylindertype<\/td>\n<\/tr>\n<tr>\n<td>6<\/td>\n<td>Kompressionskammerets ballestrukturtype<\/td>\n<td>\/<\/td>\n<td>Cylindertype<\/td>\n<\/tr>\n<tr>\n<td>7<\/td>\n<td>Kompressionskammerets bredde<\/td>\n<td>mm<\/td>\n<td>1000<\/td>\n<\/tr>\n<tr>\n<td>8<\/td>\n<td>Diameter af kompressionskammeret<\/td>\n<td>mm<\/td>\n<td>\u03a61000<\/td>\n<\/tr>\n<tr>\n<td>9<\/td>\n<td>Antal rullende arbejdsdele<\/td>\n<td>stykke<\/td>\n<td>16 (Cylindere)<\/td>\n<\/tr>\n<tr>\n<td>10<\/td>\n<td>Rullecylinderdiameter<\/td>\n<td>mm<\/td>\n<td>\u03a6222<\/td>\n<\/tr>\n<tr>\n<td>11<\/td>\n<td>Ballemetode<\/td>\n<td>\/<\/td>\n<td>Netindpakning<\/td>\n<\/tr>\n<tr>\n<td>12<\/td>\n<td>Matchende kraft<\/td>\n<td>kW<\/td>\n<td>48~80<\/td>\n<\/tr>\n<tr>\n<td>13<\/td>\n<td>Strukturel v\u00e6gt<\/td>\n<td>kg<\/td>\n<td>2640<\/td>\n<\/tr>\n<tr>\n<td>14<\/td>\n<td>PTO-hastighed<\/td>\n<td>omdr.\/min.<\/td>\n<td>720<\/td>\n<\/tr>\n<tr>\n<td>15<\/td>\n<td>Samlede dimensioner (L\u00d7B\u00d7H)<\/td>\n<td>mm<\/td>\n<td>Arbejdstilstand: 3750 \u00d7 2300 \u00d7 2020<\/td>\n<\/tr>\n<tr>\n<td>16<\/td>\n<td>Kontrol af ballet\u00e6thed<\/td>\n<td>\/<\/td>\n<td>Sensorstyring<\/td>\n<\/tr>\n<tr>\n<td>17<\/td>\n<td>Ballest\u00f8rrelse (diameter \u00d7 bredde)<\/td>\n<td>mm<\/td>\n<td>\u03a61100\u00d71000<\/td>\n<\/tr>\n<tr>\n<td>18<\/td>\n<td>Ballet\u00e6thed<\/td>\n<td>kg\/m\u00b3<\/td>\n<td>115~200<\/td>\n<\/tr>\n<tr>\n<td>19<\/td>\n<td>Produktivitet<\/td>\n<td>baller\/t<\/td>\n<td>40~100<\/td>\n<\/tr>\n<tr>\n<td>20<\/td>\n<td>Hjulspor<\/td>\n<td>mm<\/td>\n<td>2045<\/td>\n<\/tr>\n<tr>\n<td>21<\/td>\n<td>Driftshastighed<\/td>\n<td>km\/t<\/td>\n<td>5~20<\/td>\n<\/tr>\n<tr>\n<td>22<\/td>\n<td>Specifikation for ballenet (L\u00d7B)<\/td>\n<td>m<\/td>\n<td>2000\u00d71,0 m\/balle<\/td>\n<\/tr>\n<\/tbody>\n<\/table>\n<h2>Produktdefinition<\/h2>\n<p>9YG-1.0 rundballepresseren er et kompakt, men robust stykke landbrugsmaskineri, der bruges til at komprimere og binde h\u00f8 eller halm til t\u00e6tte cylindriske baller. Disse bundter er nemmere at opbevare og h\u00e5ndtere, hvilket giver en effektiv metode til emballering af landbrugsprodukter. De er is\u00e6r velegnede til landm\u00e6nd, der \u00f8nsker at forbedre effektiviteten af \u200b\u200bafgr\u00f8deh\u00f8st og pakning.<\/p>\n<h2>Problemer den kan l\u00f8se<\/h2>\n<p>9YG-1.0 rundballepresseren l\u00f8ser effektivt almindelige landbrugsudfordringer, s\u00e5som det manuelle arbejde, der kr\u00e6ves til h\u00e5ndtering af store m\u00e6ngder halm eller h\u00f8. Den forbedrer ballehastigheden, reducerer fysisk arbejde og \u00f8ger ballernes kvalitet. Ved at automatisere balleprocessen elimineres uoverensstemmelser i ballest\u00f8rrelse og sikrer, at ballerne er t\u00e6t pakket, hvilket reducerer spild under transport og opbevaring.<\/p>\n<h2>Produktanvendelser<\/h2>\n<p>9YG-1.0 rundballepresseren er designet til en bred vifte af landbrugsbehov og er ideel til landm\u00e6nd, der arbejder med store marker med h\u00f8, halm eller endda visse typer afgr\u00f8der, der kr\u00e6ver kompakte, h\u00e5ndterbare baller. Denne type ballepresser er s\u00e6rlig vigtig i husdyrbrug, da h\u00f8 og halm er vigtige foderkilder til husdyr om vinteren. Den hj\u00e6lper ogs\u00e5 med afgr\u00f8deh\u00e5ndtering, hvilket g\u00f8r pladsen effektiv og letter opbevaring. Desuden bruges den ofte i forbindelse med b\u00f8nne- eller b\u00e6lgfrugter til specialiseret afgr\u00f8deh\u00e5ndtering.<\/p>\n<p style=\"text-align: center;\"><img loading=\"lazy\" decoding=\"async\" class=\"alignnone wp-image-384\" src=\"https:\/\/silage-balers.com\/wp-content\/uploads\/2025\/12\/ep-9YG-1.0-Round-Baler1-2-1.webp\" alt=\"Rundballepresser\" width=\"412\" height=\"412\" srcset=\"https:\/\/silage-balers.com\/wp-content\/uploads\/2025\/12\/ep-9YG-1.0-Round-Baler1-2-1.webp 262w, https:\/\/silage-balers.com\/wp-content\/uploads\/2025\/12\/ep-9YG-1.0-Round-Baler1-2-1-150x150.webp 150w, https:\/\/silage-balers.com\/wp-content\/uploads\/2025\/12\/ep-9YG-1.0-Round-Baler1-2-1-12x12.webp 12w, https:\/\/silage-balers.com\/wp-content\/uploads\/2025\/12\/ep-9YG-1.0-Round-Baler1-2-1-100x100.webp 100w\" sizes=\"(max-width: 412px) 100vw, 412px\" \/><\/p>\n<h2>Fordele ved 9YG-1.0 rundballepresseren<\/h2>\n<ul>\n<li><strong>H\u00f8j effektivitet<\/strong> \u2013 9YG-1.0 rundballepresseren arbejder ved h\u00f8je hastigheder, hvilket g\u00f8r det muligt for landm\u00e6nd at udf\u00f8re deres ballepresning p\u00e5 betydeligt kortere tid sammenlignet med traditionelle metoder.<\/li>\n<li><strong>Holdbarhed<\/strong> \u2013 Denne ballepresser er bygget af st\u00e6rke materialer og konstrueret til langvarig ydeevne, og den kan modst\u00e5 barske landbrugsforhold.<\/li>\n<li><strong>Brugervenlighed<\/strong> \u2013 Med brugervenlige betjeningselementer og intuitive funktioner sikrer 9YG-1.0, at der kr\u00e6ves minimal tr\u00e6ning for operat\u00f8rer.<\/li>\n<li><strong>Kompakt design<\/strong> \u2013 Ballepresserens kompakte struktur g\u00f8r den ideel til sm\u00e5 og mellemstore landbrug, da den maksimerer udnyttelsen af \u200b\u200bden tilg\u00e6ngelige plads.<\/li>\n<li><strong>Omkostningseffektivitet<\/strong> \u2013 Med en konkurrencedygtig pris tilbyder 9YG-1.0 rundballepresseren fremragende v\u00e6rdi for landm\u00e6nd, der \u00f8nsker at forbedre effektiviteten uden at spr\u00e6nge budgettet.<\/li>\n<\/ul>\n<h2>S\u00e5dan fungerer 9YG-1.0 rundballepresseren<\/h2>\n<p>9YG-1.0 rundballepresseren bruger et avanceret hydraulisk system til automatisk at samle, komprimere og binde landbrugsmaterialer som h\u00f8 og halm til rundballer. Maskinens rotorsystem opsamler afgr\u00f8den, og et s\u00e6t valser komprimerer materialerne til en t\u00e6t balle. Ballekammeret er udstyret med et netbindingssystem, der sikrer ballen for nem transport og opbevaring. Hele processen styres af en simpel brugerflade, hvilket g\u00f8r det nemmere for landm\u00e6nd at betjene udstyret effektivt.<\/p>\n<h2>Prim\u00e6re applikationsscenarier<\/h2>\n<ul>\n<li><strong>Husdyrbrug<\/strong> \u2013 Ballepresseren er perfekt til at producere h\u00f8- og halmballer, der kan bruges som foder til kv\u00e6g, f\u00e5r og andre dyr.<\/li>\n<li><strong>Afgr\u00f8deh\u00e5ndtering<\/strong> \u2013 Ideel til landm\u00e6nd, der har brug for effektivt at presse og opbevare restafgr\u00f8der efter h\u00f8st, hvilket hj\u00e6lper med at opretholde en ren og organiseret g\u00e5rd.<\/li>\n<li><strong>Foderproduktion<\/strong> \u2013 Ballepresseren er s\u00e6rligt effektiv til presning af lucerne, kl\u00f8ver og andre foderafgr\u00f8der, der anvendes i husdyrfoder.<\/li>\n<li><strong>Gr\u00e6sningsforvaltning<\/strong> \u2013 Det kan bruges i gr\u00e6sningsbevaringsprogrammer, hvor baller opbevares til brug i lavs\u00e6sonen.<\/li>\n<li><strong>Biomasseenergiproduktion<\/strong> \u2013 9YG-1.0 rundballepresseren bruges ogs\u00e5 til at forberede afgr\u00f8deaffald til produktion af biomasseenergi, hvilket forbedrer b\u00e6redygtige landbrugspraksisser.<\/li>\n<li><strong>Sm\u00e5skala landbrug<\/strong> \u2013 Perfekt til sm\u00e5 landbrug, der har brug for en kompakt og brugervenlig ballepresser til presning af h\u00f8, halm eller endda visse typer b\u00f8nner.<\/li>\n<\/ul>\n<h2>S\u00e5dan v\u00e6lger du den rigtige 9YG-1.0 rundballepresser<\/h2>\n<p>N\u00e5r du v\u00e6lger den rigtige ballepresser til dine behov, skal du overveje forskellige faktorer, der sikrer, at maskinen passer til din g\u00e5rds st\u00f8rrelse, afgr\u00f8detyper og \u00f8nskede resultater. Her er et par vigtige punkter, der kan guide dig i dit valg:<\/p>\n<ul>\n<li><strong>G\u00e5rdens st\u00f8rrelse<\/strong> \u2013 Hvis du har en mindre g\u00e5rd, vil en mere kompakt ballepresser som 9YG-1.0 v\u00e6re lettere at man\u00f8vrere og tilstr\u00e6kkelig til dine behov.<\/li>\n<li><strong>Type afgr\u00f8de<\/strong> \u2013 S\u00f8rg for, at ballepresseren er kompatibel med de afgr\u00f8der, du arbejder med, s\u00e5som h\u00f8, halm eller endda kidneyb\u00f8nner, hvis du bruger specialv\u00e6rkt\u00f8j som Kidney Bean Tool.<\/li>\n<li><strong>Budget<\/strong> \u2013 9YG-1.0 rundballepresseren tilbyder fremragende valuta for pengene, s\u00e5 vurder dit budget og omkostningseffektiviteten ved at investere i denne ballepresser.<\/li>\n<li><strong>Nem vedligeholdelse<\/strong> \u2013 V\u00e6lg en ballepresser med nem adgang til reservedele og en robust garanti for at sikre langvarig p\u00e5lidelighed.<\/li>\n<li><strong>Brugervenlighed<\/strong> \u2013 Den brugervenlige gr\u00e6nseflade p\u00e5 9YG-1.0 sikrer, at selv uerfarne operat\u00f8rer hurtigt kan v\u00e6nne sig til dens betjeningselementer.<\/li>\n<li><strong>Holdbarhed<\/strong> \u2013 Overvej konstruktionskvaliteten, og v\u00e6lg en model, der kan modst\u00e5 vejrforholdene og driftskravene p\u00e5 din g\u00e5rd.<\/li>\n<\/ul>\n<h2>Vedligeholdelsesmetoder til 9YG-1.0 rundballepresseren<\/h2>\n<p>Vedligeholdelse af din 9YG-1.0 rundballepresser sikrer, at den k\u00f8rer effektivt og holder l\u00e6ngere. Regelm\u00e6ssig vedligeholdelse b\u00f8r omfatte:<\/p>\n<ul>\n<li><strong>Rensning<\/strong> \u2013 Reng\u00f8r ballepresseren grundigt efter hver brug for at fjerne eventuelle afgr\u00f8derester og forhindre tilstopning.<\/li>\n<li><strong>Sm\u00f8ring<\/strong> \u2013 S\u00f8rg for, at alle bev\u00e6gelige dele sm\u00f8res regelm\u00e6ssigt for at forhindre slitage.<\/li>\n<li><strong>Inspektion<\/strong> \u2013 Kontroller regelm\u00e6ssigt maskinen for tegn p\u00e5 slid, is\u00e6r rullerne og netbindingssystemet.<\/li>\n<li><strong>Kontrol af hydraulisk system<\/strong> \u2013 Kontroller regelm\u00e6ssigt det hydrauliske system for at sikre, at det fungerer korrekt, og udskift eventuelle slidte pakninger eller slanger.<\/li>\n<li><strong>Opbevaring<\/strong> \u2013 Hvis ballepresseren ikke er i brug i l\u00e6ngere tid, skal den opbevares et t\u00f8rt og beskyttet omr\u00e5de for at forhindre rust og skader for\u00e5rsaget af vejrforhold.<\/li>\n<\/ul>\n<h2>Kundeanmeldelser<\/h2>\n<p>\"9YG-1.0 rundballepresseren har reduceret den tid, der bruges p\u00e5 at presse h\u00f8 p\u00e5 vores g\u00e5rd, betydeligt. Den er utrolig effektiv og nem at bruge, selv for en person uden tidligere erfaring med ballepressere. Vi har ogs\u00e5 set en reduktion i spild under opbevaring, og ballerne er t\u00e6t pakket. Kan varmt anbefale dette produkt!\"<br \/>\n\u2013 John Smith, USA<\/p>\n<p>\"Vi k\u00f8bte 9YG-1.0 rundballepresseren til vores lille g\u00e5rd i Sydafrika. Den har overg\u00e5et vores forventninger med hensyn til effektivitet og holdbarhed. Designet er kompakt, men kraftfuldt, og den fungerer fantastisk til vores lucerneafgr\u00f8der. Det faktum, at den fungerer godt under forskellige vejrforhold, g\u00f8r den til et godt valg for os.\"<br \/>\n\u2013 Lindiwe Ndlovu, Sydafrika<\/p>\n<p>\"Som en stor g\u00e5rd i Brasilien havde vi brug for en p\u00e5lidelig ballepresser, der kunne h\u00e5ndtere store m\u00e6ngder halm. 9YG-1.0 har v\u00e6ret en fremragende tilf\u00f8jelse til vores drift. Den er hurtig, effektiv og har reduceret vores l\u00f8nomkostninger betydeligt. Den er ogs\u00e5 meget nem at vedligeholde.\"<br \/>\n\u2013 Carlos Pinto, Brasilien<\/p>\n<p>\"Vi har brugt 9YG-1.0 rundballepresseren i et par m\u00e5neder nu p\u00e5 vores kv\u00e6gg\u00e5rd i Canada, og den har gjort det til en leg at presse h\u00f8. Den er bygget til at holde og fungerer perfekt p\u00e5 b\u00e5de t\u00f8rt og v\u00e5dt h\u00f8. Det kompakte design er perfekt til vores g\u00e5rds layout.\"<br \/>\n\u2013 Emily Thompson, Canada<\/p>\n<p>\"Jeg driver en lille g\u00e5rd i Storbritannien, og 9YG-1.0 rundballepresseren har revolutioneret os. Maskinen er let, nem at betjene, og resultaterne er perfekte hver gang. Vi kan nu opbevare vores h\u00f8 mere effektivt og reducere spild.\"<br \/>\n\u2013 Ames Richards, Storbritannien<\/p>\n<h2>Hvorfor v\u00e6lge vores 9YG-1.0 rundballepresser<\/h2>\n<p>Vores 9YG-1.0 rundballepresser skiller sig ud p\u00e5 grund af dens hurtige tilpasningsservice og skr\u00e6ddersyede l\u00f8sninger, der opfylder dine specifikke landbrugsbehov. Vi bakker vores produkt op med en 3-\u00e5rs garanti, hvilket sikrer, at du f\u00e5r exceptionel eftersalgssupport. Med globale hurtigforsendelsestjenester garanterer vi, at din ordre bliver behandlet til tiden, uanset hvor du befinder dig i verden. Vores eftersalgsservice er omfattende og tilbyder vedligeholdelse, teknisk support og tr\u00e6ning, hvilket sikrer, at din investering forbliver rentabel over tid.<\/p>\n<h2>Udforsk produktet og kontakt os i dag<\/h2>\n<p>G\u00e5 ikke glip af muligheden for at optimere din landbrugsdrift med 9YG-1.0 rundballepresseren. Vores virksomhed er kendt for sin st\u00e6rke produktionskapacitet, produkter af h\u00f8jeste kvalitet, konkurrencedygtige priser og uovertrufne kundeservice. Ud over 9YG-1.0 <a href=\"https:\/\/silage-balers.com\/da\/vare\/9yg-1-25-rundballepresser\/\">Rundballepresser<\/a>Vi tilbyder ogs\u00e5 et bredt udvalg af relateret tilbeh\u00f8r og udstyr, der yderligere underst\u00f8tter dine landbrugsbehov. Udforsk vores produkter, og kontakt os for et tilbud i dag!<\/p>\n<p style=\"text-align: center;\"><img loading=\"lazy\" decoding=\"async\" class=\"alignnone wp-image-382\" src=\"https:\/\/silage-balers.com\/wp-content\/uploads\/2025\/12\/ep-9YG-1.0-Round-Baler1-1-1-1.webp\" alt=\"Rundballepresser\" width=\"442\" height=\"442\" srcset=\"https:\/\/silage-balers.com\/wp-content\/uploads\/2025\/12\/ep-9YG-1.0-Round-Baler1-1-1-1.webp 259w, https:\/\/silage-balers.com\/wp-content\/uploads\/2025\/12\/ep-9YG-1.0-Round-Baler1-1-1-1-150x150.webp 150w, https:\/\/silage-balers.com\/wp-content\/uploads\/2025\/12\/ep-9YG-1.0-Round-Baler1-1-1-1-12x12.webp 12w, https:\/\/silage-balers.com\/wp-content\/uploads\/2025\/12\/ep-9YG-1.0-Round-Baler1-1-1-1-100x100.webp 100w\" sizes=\"(max-width: 442px) 100vw, 442px\" \/><\/p>\n<h2>Ofte stillede sp\u00f8rgsm\u00e5l<\/h2>\n<p><strong>1. Hvad bruges 9YG-1.0 til?<\/strong><\/p>\n<p>9YG-1.0 bruges prim\u00e6rt til at presse h\u00f8, halm og andre afgr\u00f8der til t\u00e6tpakkede rundballer. Den g\u00f8r opbevaring og transport af afgr\u00f8der mere effektiv, reducerer spild og \u00f8ger produktiviteten.<\/p>\n<p><strong>2. Hvordan forbedrer 9YG-1.0 landbrugets effektivitet?<\/strong><\/p>\n<p>Denne ballepresser automatiserer ballepresningsprocessen, hvilket sparer tid og arbejde. Den arbejder hurtigere end traditionelle ballepresningsmetoder og sikrer et mere ensartet produkt, hvilket reducerer spild under opbevaring og transport.<\/p>\n<p><strong>3. Er 9YG-1.0 egnet til sm\u00e5 landbrug?<\/strong><\/p>\n<p>Ja, det kompakte design af 9YG-1.0 g\u00f8r den ideel til sm\u00e5 landbrug. Den kan h\u00e5ndtere en r\u00e6kke forskellige afgr\u00f8der, fra h\u00f8 til visse b\u00e6lgfrugter, og hj\u00e6lper med at optimere pladsen, samtidig med at den forbedrer driftseffektiviteten.<\/p>\n<p><strong>4. Hvor ofte skal 9YG-1.0 vedligeholdes?<\/strong><\/p>\n<p>Regelm\u00e6ssig vedligeholdelse anbefales efter hver brug. Vigtige vedligeholdelsesopgaver omfatter reng\u00f8ring, sm\u00f8ring og inspektion af det hydrauliske system. Udf\u00f8relse af rutinem\u00e6ssige kontroller sikrer, at ballepresseren fungerer effektivt i mange \u00e5r fremover.<\/p>\n<p><strong>5. Hvad er garantiperioden for 9YG-1.0?<\/strong><\/p>\n<p>9YG-1.0 leveres med 3 \u00e5rs garanti, der d\u00e6kker materiale- og fabrikationsfejl. Vores eftersalgsteam er altid tilg\u00e6ngeligt for at hj\u00e6lpe med eventuelle vedligeholdelses- eller tekniske problemer i garantiperioden.<\/p>\n<p>redigeret af gzl<\/p>\n<p>&nbsp;<\/p>","protected":false},"excerpt":{"rendered":"<p>Oplev den kraftfulde 9YG-1.0 rundballepresser til effektiv h\u00f8- og halmpresning. Denne ballepresser er bygget til holdbarhed og tilbyder problemfri drift, forbedret produktivitet og omkostningseffektive l\u00f8sninger. Perfekt til landm\u00e6nd, der \u00f8nsker at forbedre deres udbytte med h\u00f8jtydende maskiner. L\u00e6r mere om dens funktioner og fordele i dag \u2013 optimer din landbrugsoplevelse med 9YG-1.0 rundballepresseren!<\/p>","protected":false},"featured_media":383,"template":"","meta":{"_et_pb_use_builder":"","_et_pb_old_content":"","_et_gb_content_width":""},"product_brand":[],"product_cat":[18],"product_tag":[],"class_list":{"0":"post-380","1":"product","2":"type-product","3":"status-publish","4":"has-post-thumbnail","6":"product_cat-round-baler","8":"first","9":"instock","10":"shipping-taxable","11":"product-type-simple"},"_links":{"self":[{"href":"https:\/\/silage-balers.com\/da\/wp-json\/wp\/v2\/product\/380","targetHints":{"allow":["GET"]}}],"collection":[{"href":"https:\/\/silage-balers.com\/da\/wp-json\/wp\/v2\/product"}],"about":[{"href":"https:\/\/silage-balers.com\/da\/wp-json\/wp\/v2\/types\/product"}],"wp:featuredmedia":[{"embeddable":true,"href":"https:\/\/silage-balers.com\/da\/wp-json\/wp\/v2\/media\/383"}],"wp:attachment":[{"href":"https:\/\/silage-balers.com\/da\/wp-json\/wp\/v2\/media?parent=380"}],"wp:term":[{"taxonomy":"product_brand","embeddable":true,"href":"https:\/\/silage-balers.com\/da\/wp-json\/wp\/v2\/product_brand?post=380"},{"taxonomy":"product_cat","embeddable":true,"href":"https:\/\/silage-balers.com\/da\/wp-json\/wp\/v2\/product_cat?post=380"},{"taxonomy":"product_tag","embeddable":true,"href":"https:\/\/silage-balers.com\/da\/wp-json\/wp\/v2\/product_tag?post=380"}],"curies":[{"name":"wp","href":"https:\/\/api.w.org\/{rel}","templated":true}]}}