{"id":385,"date":"2025-12-23T03:09:17","date_gmt":"2025-12-23T03:09:17","guid":{"rendered":"https:\/\/silage-balers.com\/?post_type=product&#038;p=385"},"modified":"2025-12-29T05:45:40","modified_gmt":"2025-12-29T05:45:40","slug":"9yg-1-25a-rundballepresser","status":"publish","type":"product","link":"https:\/\/silage-balers.com\/da\/vare\/9yg-1-25a-rundballepresser\/","title":{"rendered":"9YG-1.25A rundballepresser"},"content":{"rendered":"<p>9YG-1.25A rundballepresseren er en h\u00f8jtydende landbrugsmaskine designet til effektivt at komprimere h\u00f8, halm og andre afgr\u00f8der til rundballer for nem transport og opbevaring. Denne maskine spiller en afg\u00f8rende rolle i at forbedre landbrugsproduktiviteten ved at reducere l\u00f8nomkostninger og \u00f8ge effektiviteten. 9YG-1.25A kombinerer alsidighed og p\u00e5lidelighed, hvilket g\u00f8r den til et vigtigt stykke udstyr til moderne landbrugsproduktion.<\/p>\n<h2>Teknisk specifikation<\/h2>\n<table style=\"border-color: #000000;\">\n<thead>\n<tr>\n<th>Serienummer<\/th>\n<th>Punkt<\/th>\n<th>Enhed<\/th>\n<th>Specifikation<\/th>\n<\/tr>\n<\/thead>\n<tbody>\n<tr>\n<td>1<\/td>\n<td>Modelnavn<\/td>\n<td>\/<\/td>\n<td>9YG-1.25A rundballepresser<\/td>\n<\/tr>\n<tr>\n<td>2<\/td>\n<td>Tilkoblingsmetode<\/td>\n<td>\/<\/td>\n<td>Bugseret type<\/td>\n<\/tr>\n<tr>\n<td>3<\/td>\n<td>Pickupbredde<\/td>\n<td>mm<\/td>\n<td>2150<\/td>\n<\/tr>\n<tr>\n<td>4<\/td>\n<td>Pickup-strukturtype<\/td>\n<td>\/<\/td>\n<td>Fjedertandstype<\/td>\n<\/tr>\n<tr>\n<td>5<\/td>\n<td>Feederstrukturtype<\/td>\n<td>\/<\/td>\n<td>Tandrulle + Cylindertype<\/td>\n<\/tr>\n<tr>\n<td>6<\/td>\n<td>Kompressionskammerets ballestrukturtype<\/td>\n<td>\/<\/td>\n<td>Cylindertype<\/td>\n<\/tr>\n<tr>\n<td>7<\/td>\n<td>Kompressionskammerets bredde<\/td>\n<td>mm<\/td>\n<td>1250<\/td>\n<\/tr>\n<tr>\n<td>8<\/td>\n<td>Diameter af kompressionskammeret<\/td>\n<td>mm<\/td>\n<td>\u03a61200<\/td>\n<\/tr>\n<tr>\n<td>9<\/td>\n<td>Antal rullende arbejdsdele<\/td>\n<td>stykke<\/td>\n<td>18 (Cylindere)<\/td>\n<\/tr>\n<tr>\n<td>10<\/td>\n<td>Rullecylinderdiameter<\/td>\n<td>mm<\/td>\n<td>\u03a6222<\/td>\n<\/tr>\n<tr>\n<td>11<\/td>\n<td>Ballemetode<\/td>\n<td>\/<\/td>\n<td>Netindpakning<\/td>\n<\/tr>\n<tr>\n<td>12<\/td>\n<td>Matchende kraft<\/td>\n<td>kW<\/td>\n<td>\u226575<\/td>\n<\/tr>\n<tr>\n<td>13<\/td>\n<td>Strukturel v\u00e6gt<\/td>\n<td>kg<\/td>\n<td>4472<\/td>\n<\/tr>\n<tr>\n<td>14<\/td>\n<td>PTO-hastighed<\/td>\n<td>omdr.\/min.<\/td>\n<td>540-1000<\/td>\n<\/tr>\n<tr>\n<td>15<\/td>\n<td>Samlede dimensioner (L\u00d7B\u00d7H)<\/td>\n<td>mm<\/td>\n<td>4400\u00d72850\u00d72400 (arbejdstilstand)<\/td>\n<\/tr>\n<tr>\n<td>16<\/td>\n<td>Kontrol af ballet\u00e6thed<\/td>\n<td>\/<\/td>\n<td>Sensorstyring<\/td>\n<\/tr>\n<tr>\n<td>17<\/td>\n<td>Ballest\u00f8rrelse (diameter \u00d7 bredde)<\/td>\n<td>mm<\/td>\n<td>\u03a61300\u00d71250<\/td>\n<\/tr>\n<tr>\n<td>18<\/td>\n<td>Ballet\u00e6thed<\/td>\n<td>kg\/m\u00b3<\/td>\n<td>100-200<\/td>\n<\/tr>\n<tr>\n<td>19<\/td>\n<td>Produktivitet<\/td>\n<td>baller\/t<\/td>\n<td>40~100<\/td>\n<\/tr>\n<tr>\n<td>20<\/td>\n<td>Hjulspor<\/td>\n<td>mm<\/td>\n<td>2450<\/td>\n<\/tr>\n<tr>\n<td>21<\/td>\n<td>Driftshastighed<\/td>\n<td>km\/t<\/td>\n<td>5-35<\/td>\n<\/tr>\n<tr>\n<td>22<\/td>\n<td>Specifikation for ballenet (L\u00d7B)<\/td>\n<td>\/<\/td>\n<td>2000\u00d71,25 m\/balle<\/td>\n<\/tr>\n<\/tbody>\n<\/table>\n<h2>Produktdefinition<\/h2>\n<p>9YG-1.25A rundballepresseren er en rundballepresser til h\u00f8, der producerer t\u00e6t komprimerede baller af h\u00f8 eller halm af h\u00f8j kvalitet. Den er designet til at h\u00e5ndtere forskellige afgr\u00f8der og optimere balledannelsen, hvilket forbedrer den samlede driftseffektivitet. Denne maskine er is\u00e6r velegnet til sm\u00e5 og mellemstore landbrug.<\/p>\n<h2>Problemer l\u00f8st af 9YG-1.25A rundballepresseren<\/h2>\n<p>9YG-1.25A rundballepresseren l\u00f8ser adskillige almindelige problemer, som landm\u00e6nd st\u00e5r over for, herunder:<\/p>\n<ul>\n<li>Arbejdskr\u00e6vende h\u00f8ballepresningsprocesser.<\/li>\n<li>Uensartet ballest\u00f8rrelse og -form.<\/li>\n<li>Vanskeligheder med at h\u00e5ndtere og opbevare h\u00f8 effektivt.<\/li>\n<li>\u00d8get spild p\u00e5 grund af ineffektive ballepresningsoperationer.<\/li>\n<li>Tidskr\u00e6vende manuelt arbejde til presning af h\u00f8.<\/li>\n<\/ul>\n<p>Ved at automatisere ballepresningsprocessen og sikre ensartet ballekvalitet reducerer 9YG-1.25A dramatisk manuelt arbejde og forbedrer den samlede landbrugsproduktivitet.<\/p>\n<h2>Anvendelse af 9YG-1.25A rundballepresseren<\/h2>\n<p>9YG-1.25A<a href=\"http:\/\/square-balers.com\" target=\"_blank\" rel=\"noopener\"> Rundballepresser<\/a> bruges i en r\u00e6kke forskellige landbrugsm\u00e6ssige applikationer, prim\u00e6rt til presning af h\u00f8, halm og andre afgr\u00f8der. Denne maskine er ideel til landm\u00e6nd, der har brug for at forarbejde store m\u00e6ngder h\u00f8 til opbevaring, brug som dyrefoder eller transport. Den er is\u00e6r gavnlig for sm\u00e5 og mellemstore landbrug, der \u00f8nsker at optimere deres drift.<\/p>\n<h2>Fordele ved 9YG-1.25A rundballepresseren<\/h2>\n<ul>\n<li><strong>Effektiv balleformning:<\/strong> 9YG-1.25A sikrer t\u00e6t komprimerede og ensartede baller, hvilket g\u00f8r dem nemmere at opbevare og transportere.<\/li>\n<li><strong>H\u00f8j holdbarhed:<\/strong> Maskinen er bygget med robuste materialer og designet til at modst\u00e5 kravene ved kontinuerlig brug under forskellige vejrforhold.<\/li>\n<li><strong>Lav vedligeholdelse:<\/strong> Maskinen kr\u00e6ver minimal vedligeholdelse, hvilket reducerer nedetid og sikrer ensartet ydeevne gennem hele s\u00e6sonen.<\/li>\n<li><strong>Tidsbesparende:<\/strong> Med sin automatiske drift reducerer 9YG-1.25A dramatisk arbejdskraftbehovet, hvilket sparer b\u00e5de tid og omkostninger.<\/li>\n<li><strong>Omkostningseffektiv:<\/strong> 9YG-1.25A's overkommelige pris g\u00f8r den til en god investering for sm\u00e5 og mellemstore landbrug, da den giver fremragende valuta for pengene.<\/li>\n<\/ul>\n<h2><a href=\"https:\/\/silage-balers.com\/da\/vare\/9yg-10-rundballepresser\/\">S\u00e5dan fungerer 9YG-1.25A rundballepresseren<\/a><\/h2>\n<p>9YG-1.25A rundballepresseren fungerer ved hj\u00e6lp af en kombination af hydrauliske og mekaniske komponenter. Den opsamler afgr\u00f8der gennem en indf\u00f8ringsanordning, komprimerer dem til t\u00e6tte, runde baller og pakker dem derefter ind i reb eller net. Denne proces sikrer, at ballerne er t\u00e6tte og stabile, hvilket g\u00f8r dem nemme at h\u00e5ndtere. Maskinens avancerede design hj\u00e6lper med at forhindre afgr\u00f8despild og sikrer, at der produceres baller af h\u00f8j kvalitet hver gang.<\/p>\n<p style=\"text-align: center;\"><img loading=\"lazy\" decoding=\"async\" class=\"alignnone wp-image-387\" src=\"https:\/\/silage-balers.com\/wp-content\/uploads\/2025\/12\/EP-9YG-1.25A-Round-Baler-1-1-1-300x300.webp\" alt=\"Rundballepresser\" width=\"357\" height=\"357\" \/><\/p>\n<h2>Vigtigste anvendelige scenarier for 9YG-1.25A rundballepresseren<\/h2>\n<p>9YG-1.25A rundballepresseren er velegnet til en r\u00e6kke landbrugsm\u00e6ssige applikationer, herunder:<\/p>\n<ul>\n<li><strong>H\u00f8dyrkning:<\/strong> Ideel til presning af h\u00f8 til husdyrfoder, hvilket sikrer en ensartet og p\u00e5lidelig forsyning af h\u00f8 hele \u00e5ret rundt.<\/li>\n<li><strong>Halmpresning:<\/strong> Perfekt til opsamling og presning af halm efter h\u00f8st, hvilket forbedrer opbevarings- og transporteffektiviteten.<\/li>\n<li><strong>Sm\u00e5 til mellemstore landbrug:<\/strong> 9YG-1.25A er specielt designet til sm\u00e5 og mellemstore landbrug, der kr\u00e6ver en kompakt, men kraftfuld ballepresningsl\u00f8sning.<\/li>\n<li><strong>\u00d8kologiske g\u00e5rde:<\/strong> Dens pr\u00e6cisionsballesystem er perfekt til \u00f8kologiske landbrug, der har brug for at opretholde en h\u00f8j afgr\u00f8deintegritet.<\/li>\n<li><strong>Produktion af husdyrfoder:<\/strong> Sikrer ensartede baller, der er nemme at h\u00e5ndtere og opbevare til produktion af dyrefoder.<\/li>\n<li><strong>Foderh\u00f8stning:<\/strong> Maskinen er ideel til opsamling og ballepresning af forskellige foderafgr\u00f8der som lucerne, kl\u00f8ver og gr\u00e6s.<\/li>\n<\/ul>\n<h2>S\u00e5dan v\u00e6lger du den rigtige 9YG-1.25A rundballepresser<\/h2>\n<p>N\u00e5r du v\u00e6lger den rigtige 9YG-1.25A rundballepresser, skal du overveje f\u00f8lgende faktorer:<\/p>\n<ul>\n<li><strong>G\u00e5rdens st\u00f8rrelse:<\/strong> S\u00f8rg for, at ballepresseren er egnet til din g\u00e5rds st\u00f8rrelse. 9YG-1.25A er ideel til sm\u00e5 og mellemstore landbrug.<\/li>\n<li><strong>Afgr\u00f8detype:<\/strong> V\u00e6lg en ballepresser, der kan h\u00e5ndtere de specifikke afgr\u00f8der, du h\u00f8ster, s\u00e5som h\u00f8, halm eller grovfoder.<\/li>\n<li><strong>Budget:<\/strong> Vurder omkostningerne, og s\u00f8rg for, at de passer inden for dit landbrugsbudget, samtidig med at du giver et godt investeringsafkast.<\/li>\n<li><strong>Brugervenlighed:<\/strong> V\u00e6lg en maskine med brugervenlige funktioner for hurtig betjening og minimal tr\u00e6ning.<\/li>\n<li><strong>Vedligeholdelseskrav:<\/strong> S\u00f8rg for, at ballepresseren har lavt vedligeholdelsesbehov for at reducere nedetid og driftsomkostninger.<\/li>\n<li><strong>Holdbarhed:<\/strong> Invester i en holdbar maskine, der kan modst\u00e5 h\u00e5rd brug og barske vejrforhold.<\/li>\n<\/ul>\n<h2>Vedligeholdelse af 9YG-1.25A rundballepresser<\/h2>\n<p>For at sikre optimal ydeevne for 9YG-1.25A rundballepresseren skal du f\u00f8lge disse vedligeholdelsesretningslinjer:<\/p>\n<ul>\n<li><strong>Regelm\u00e6ssig inspektion:<\/strong> Udf\u00f8r regelm\u00e6ssige kontroller af de hydrauliske og mekaniske komponenter for at sikre problemfri drift.<\/li>\n<li><strong>Rensning:<\/strong> Hold maskinen ren for snavs og afgr\u00f8derester for at forhindre tilstopning og sikre effektiv ballepresning.<\/li>\n<li><strong>Sm\u00f8ring:<\/strong> Sm\u00f8r de bev\u00e6gelige dele regelm\u00e6ssigt for at reducere slitage og forl\u00e6nge maskinens levetid.<\/li>\n<li><strong>Udskift slidte dele:<\/strong> Udskift slidte dele, s\u00e5som remme og garn, for at forhindre nedbrud og sikre baller af h\u00f8j kvalitet.<\/li>\n<li><strong>Opbevaring:<\/strong> Opbevar ballepresseren i et t\u00f8rt og beskyttet milj\u00f8 for at forhindre rust og korrosion i lavs\u00e6sonen.<\/li>\n<\/ul>\n<h2>Kundeanmeldelser<\/h2>\n<p>Her er nogle kundeanmeldelser fra forskellige lande:<\/p>\n<p>\"Vi k\u00f8bte 9YG-1.25A rundballepresseren til vores lille g\u00e5rd, og den har v\u00e6ret revolutionerende. Den er nem at betjene, og ballerne er ensartede og t\u00e6t komprimerede. Den tid, vi sparer i marken, har v\u00e6ret uvurderlig, og vi er i stand til at producere mere h\u00f8 p\u00e5 kortere tid. Kan varmt anbefales til sm\u00e5 g\u00e5rde!\"<br \/>\n\u2014 <strong>John Smith, USA<\/strong><\/p>\n<p>\"9YG-1.25A har overg\u00e5et vores forventninger. Vi bruger den til halmpresning, og den har gjort hele processen hurtigere og mere effektiv. Maskinen er robust og klarer alle vejrforhold. Vores team elsker den!\"<br \/>\n\u2014 <strong>Mar\u00eda Garc\u00eda, Spanien<\/strong><\/p>\n<p>\"En fantastisk investering til vores mellemstore g\u00e5rd. 9YG-1.25A er holdbar, og vedligeholdelsen er ligetil. Ballepresseren er overkommelig i pris og giver fremragende v\u00e6rdi for pengene. Vi har set en m\u00e6rkbar stigning i produktiviteten.\"<br \/>\n\u2014 <strong>James Lee, Australien<\/strong><\/p>\n<p>\"Som nybegynder inden for landbrug var jeg bekymret for indl\u00e6ringskurven. 9YG-1.25A er dog utrolig brugervenlig. Den klarer arbejdet hurtigt, og ballerne bliver perfekte hver gang.\"<br \/>\n\u2014 <strong>Chen Wei, Kina<\/strong><\/p>\n<p>\"Vi har brugt 9YG-1.25A rundballepresseren til h\u00f8pressning p\u00e5 vores \u00f8kologiske g\u00e5rd. Den har hjulpet os med at bevare vores afgr\u00f8ders integritet og producere rene, kompakte baller. En solid investering for enhver seri\u00f8s landmand.\"<br \/>\n\u2014 <strong>David Moyo, Sydafrika<\/strong><\/p>\n<h2>Hvorfor v\u00e6lge vores produkt<\/h2>\n<p>Vi tilbyder 9YG-1.25A rundballepresseren med adskillige unikke fordele:<\/p>\n<ul>\n<li>Hurtige tilpasningstjenester, der opfylder dine specifikke krav.<\/li>\n<li>Enest\u00e5ende kundeservice med st\u00e6rk eftersalgssupport.<\/li>\n<li>3 \u00e5rs garanti og problemfri eftersalgssupport.<\/li>\n<li>Global hurtig forsendelse for at opfylde dine leveringsbehov.<\/li>\n<li>Omfattende eftersalgsservice, der sikrer kundernes tryghed.<\/li>\n<\/ul>\n<h2>Promovering og vores virksomheds styrke<\/h2>\n<p>G\u00e5 ikke glip af muligheden for at forbedre din landbrugsdrift med 9YG-1.25A rundballepresseren. Udforsk vores brede udvalg af produkter af h\u00f8j kvalitet, der er designet til at g\u00f8re dit landbrug mere effektivt. Vi er stolte af at tilbyde landbrugsmaskiner i topklasse, herunder et bredt udvalg af ballepressere og relateret tilbeh\u00f8r. Vores produkter er yderst konkurrencedygtige priser, af h\u00f8j kvalitet og bakkes op af p\u00e5lidelig eftersalgsservice. Kontakt os i dag for at k\u00f8be vores produkter og begynde at optimere din landbrugsproduktion!<\/p>\n<h2>Ofte stillede sp\u00f8rgsm\u00e5l (FAQ)<\/h2>\n<ol>\n<li><strong>Hvad er en rundballepresser, og hvordan fungerer den?<\/strong><br \/>\nEn rundballepresser er en maskine designet til at opsamle og komprimere afgr\u00f8der som h\u00f8, halm eller ensilage til rundballer. 9YG-1.25A bruger hydrauliske og mekaniske systemer til at danne t\u00e6tpakkede baller, der er nemme at transportere og opbevare.<\/li>\n<li><strong>Hvor meget koster en 9YG-1.25A rundballepresser?<\/strong><br \/>\nPrisen p\u00e5 9YG-1.25A rundballepresseren varierer afh\u00e6ngigt af tilpasningsmuligheder og forsendelsessted. For at f\u00e5 den bedste pris, kontakt os venligst direkte for et tilbud.<\/li>\n<li><strong>Er 9YG-1.25A egnet til sm\u00e5 landbrug?<\/strong><br \/>\nJa, 9YG-1.25A er perfekt til sm\u00e5 og mellemstore landbrug. Dens kompakte st\u00f8rrelse og effektive drift g\u00f8r den ideel til landm\u00e6nd med begr\u00e6nset plads eller ressourcer.<\/li>\n<li><strong>Hvilke afgr\u00f8der kan 9YG-1.25A h\u00e5ndtere?<\/strong><br \/>\n9YG-1.25A er designet til at h\u00e5ndtere en r\u00e6kke forskellige afgr\u00f8der, herunder h\u00f8, halm og andre fodermaterialer s\u00e5som lucerne og kl\u00f8ver.<\/li>\n<li><strong>Kr\u00e6ver 9YG-1.25A meget vedligeholdelse?<\/strong><br \/>\nNej, 9YG-1.25A er designet til minimal vedligeholdelse. Regelm\u00e6ssig reng\u00f8ring, sm\u00f8ring og inspektion er nok til at holde maskinen i optimal stand.<\/li>\n<li><strong>Hvordan kan jeg k\u00f8be 9YG-1.25A rundballepresseren?<\/strong><br \/>\nDu kan k\u00f8be 9YG-1.25A rundballepresseren online direkte fra vores hjemmeside. Du skal blot kontakte os for at afgive din ordre og arrangere forsendelse.<\/li>\n<li><strong>Har 9YG-1.25A garanti?<\/strong><br \/>\nJa, 9YG-1.25A leveres med 3 \u00e5rs garanti, hvilket sikrer p\u00e5lidelighed og ro i sindet for kunderne.<\/li>\n<li><strong>Kan 9YG-1.25A bruges under alle vejrforhold?<\/strong><br \/>\nJa, 9YG-1.25A er bygget til at h\u00e5ndtere forskellige vejrforhold, hvilket g\u00f8r den velegnet til brug \u00e5ret rundt.<\/li>\n<li><strong>Hvad er ballest\u00f8rrelsen produceret af 9YG-1.25A?<\/strong><br \/>\n9YG-1.25A producerer rundballer i standardst\u00f8rrelse, hvilket g\u00f8r dem ideelle til opbevaring og transport.<\/li>\n<li><strong>Er forsendelse tilg\u00e6ngelig over hele verden?<\/strong><br \/>\nJa, vi tilbyder global forsendelse for at sikre, at kunder over hele verden kan drage fordel af vores ballepressere af h\u00f8j kvalitet.<\/li>\n<\/ol>\n<p>redigeret af gzl<\/p>","protected":false},"excerpt":{"rendered":"<p>Opdag 9YG-1.25A rundballepresseren \u2013 den perfekte l\u00f8sning til effektiv h\u00f8- og halmpresning. Denne ballepresser er bygget til holdbarhed og h\u00f8j ydeevne og sikrer hurtige, ensartede rundballer med minimal indsats. Ideel til landm\u00e6nd og landbrugsprofessionelle. Udforsk dens funktioner og fordele i dag. G\u00e5 ikke glip af det, maksimer din produktivitet med 9YG-1.25A rundballepresseren. L\u00e6r mere nu!<\/p>","protected":false},"featured_media":387,"template":"","meta":{"_et_pb_use_builder":"","_et_pb_old_content":"","_et_gb_content_width":""},"product_brand":[],"product_cat":[18],"product_tag":[],"class_list":{"0":"post-385","1":"product","2":"type-product","3":"status-publish","4":"has-post-thumbnail","6":"product_cat-round-baler","8":"first","9":"instock","10":"shipping-taxable","11":"product-type-simple"},"_links":{"self":[{"href":"https:\/\/silage-balers.com\/da\/wp-json\/wp\/v2\/product\/385","targetHints":{"allow":["GET"]}}],"collection":[{"href":"https:\/\/silage-balers.com\/da\/wp-json\/wp\/v2\/product"}],"about":[{"href":"https:\/\/silage-balers.com\/da\/wp-json\/wp\/v2\/types\/product"}],"wp:featuredmedia":[{"embeddable":true,"href":"https:\/\/silage-balers.com\/da\/wp-json\/wp\/v2\/media\/387"}],"wp:attachment":[{"href":"https:\/\/silage-balers.com\/da\/wp-json\/wp\/v2\/media?parent=385"}],"wp:term":[{"taxonomy":"product_brand","embeddable":true,"href":"https:\/\/silage-balers.com\/da\/wp-json\/wp\/v2\/product_brand?post=385"},{"taxonomy":"product_cat","embeddable":true,"href":"https:\/\/silage-balers.com\/da\/wp-json\/wp\/v2\/product_cat?post=385"},{"taxonomy":"product_tag","embeddable":true,"href":"https:\/\/silage-balers.com\/da\/wp-json\/wp\/v2\/product_tag?post=385"}],"curies":[{"name":"wp","href":"https:\/\/api.w.org\/{rel}","templated":true}]}}