{"id":401,"date":"2025-12-23T09:30:50","date_gmt":"2025-12-23T09:30:50","guid":{"rendered":"https:\/\/silage-balers.com\/?post_type=product&#038;p=401"},"modified":"2025-12-29T05:45:13","modified_gmt":"2025-12-29T05:45:13","slug":"9yg-2-24d-rundballepresser-s9000","status":"publish","type":"product","link":"https:\/\/silage-balers.com\/da\/vare\/9yg-2-24d-rundballepresser-s9000\/","title":{"rendered":"9YG-2.24D rundballepresser (S9000)"},"content":{"rendered":"<p>9YG-2.24D rundballepresseren (S9000 Classic) er en avanceret, h\u00f8jeffektiv landbrugsmaskine designet til at forenkle processen med h\u00f8- og halmpresning p\u00e5 store g\u00e5rde. Dens robuste konstruktion, brugervenlighed og evne til at h\u00e5ndtere forskellige ballest\u00f8rrelser g\u00f8r den til et vigtigt v\u00e6rkt\u00f8j for landm\u00e6nd, der \u00f8nsker at \u00f8ge produktiviteten og samtidig sikre baller af h\u00f8jeste kvalitet. Denne maskine er ideel til h\u00e5ndtering af store m\u00e6ngder fodermaterialer, hvilket giver brugerne mulighed for at spare tid og arbejdskraft i marken.<\/p>\n<h2>Teknisk specifikation<\/h2>\n<table style=\"border-color: #000000;\">\n<thead>\n<tr>\n<th>Serienummer<\/th>\n<th>Punkt<\/th>\n<th>Enhed<\/th>\n<th>Specifikation<\/th>\n<\/tr>\n<\/thead>\n<tbody>\n<tr>\n<td>1<\/td>\n<td>Modelnavn<\/td>\n<td>\/<\/td>\n<td>9YG-2.24D rundballepresser (S9000)<\/td>\n<\/tr>\n<tr>\n<td>2<\/td>\n<td>Tilkoblingsmetode<\/td>\n<td>\/<\/td>\n<td>Bugseret type<\/td>\n<\/tr>\n<tr>\n<td>3<\/td>\n<td>Pickupbredde<\/td>\n<td>mm<\/td>\n<td>2240<\/td>\n<\/tr>\n<tr>\n<td>4<\/td>\n<td>Pickup-strukturtype<\/td>\n<td>\/<\/td>\n<td>Fjedertandstype<\/td>\n<\/tr>\n<tr>\n<td>5<\/td>\n<td>Feederstrukturtype<\/td>\n<td>\/<\/td>\n<td>Tandrulle + Cylindertype<\/td>\n<\/tr>\n<tr>\n<td>6<\/td>\n<td>Kompressionskammerets ballestrukturtype<\/td>\n<td>\/<\/td>\n<td>Cylindertype<\/td>\n<\/tr>\n<tr>\n<td>7<\/td>\n<td>Kompressionskammerets bredde<\/td>\n<td>mm<\/td>\n<td>1400<\/td>\n<\/tr>\n<tr>\n<td>8<\/td>\n<td>Diameter af kompressionskammeret<\/td>\n<td>mm<\/td>\n<td>\u03a61200<\/td>\n<\/tr>\n<tr>\n<td>9<\/td>\n<td>Antal rullende arbejdsdele<\/td>\n<td>stykke<\/td>\n<td>18 (Cylindere)<\/td>\n<\/tr>\n<tr>\n<td>10<\/td>\n<td>Rullecylinderdiameter<\/td>\n<td>mm<\/td>\n<td>\u03a6222<\/td>\n<\/tr>\n<tr>\n<td>11<\/td>\n<td>Ballemetode<\/td>\n<td>\/<\/td>\n<td>Netindpakning<\/td>\n<\/tr>\n<tr>\n<td>12<\/td>\n<td>Matchende kraft<\/td>\n<td>kW<\/td>\n<td>55-100<\/td>\n<\/tr>\n<tr>\n<td>13<\/td>\n<td>Strukturel v\u00e6gt<\/td>\n<td>kg<\/td>\n<td>4262<\/td>\n<\/tr>\n<tr>\n<td>14<\/td>\n<td>PTO-hastighed<\/td>\n<td>omdr.\/min.<\/td>\n<td>720<\/td>\n<\/tr>\n<tr>\n<td>15<\/td>\n<td>Samlede dimensioner (L\u00d7B\u00d7H)<\/td>\n<td>mm<\/td>\n<td>4240\u00d73010\u00d72450 (arbejdstilstand)<\/td>\n<\/tr>\n<tr>\n<td>16<\/td>\n<td>Kontrol af ballet\u00e6thed<\/td>\n<td>\/<\/td>\n<td>Sensorstyring<\/td>\n<\/tr>\n<tr>\n<td>17<\/td>\n<td>Ballest\u00f8rrelse (diameter \u00d7 bredde)<\/td>\n<td>mm<\/td>\n<td>\u03a61300\u00d71400<\/td>\n<\/tr>\n<tr>\n<td>18<\/td>\n<td>Ballet\u00e6thed<\/td>\n<td>kg\/m\u00b3<\/td>\n<td>100-200<\/td>\n<\/tr>\n<tr>\n<td>19<\/td>\n<td>Produktivitet<\/td>\n<td>baller\/t<\/td>\n<td>40-100<\/td>\n<\/tr>\n<tr>\n<td>20<\/td>\n<td>Hjulspor<\/td>\n<td>mm<\/td>\n<td>2600<\/td>\n<\/tr>\n<tr>\n<td>21<\/td>\n<td>Driftshastighed<\/td>\n<td>km\/t<\/td>\n<td>5-35<\/td>\n<\/tr>\n<tr>\n<td>22<\/td>\n<td>Specifikation for ballenet<\/td>\n<td>m<\/td>\n<td>2000\u00d71,4\/balle<\/td>\n<\/tr>\n<\/tbody>\n<\/table>\n<h2>Produktdefinition<\/h2>\n<p>9YG-2.24D rundballepresseren (S9000 Classic) er en kraftfuld rundballepresser, der bruges til effektivt at samle, komprimere og indpakke landbrugsmaterialer som h\u00f8, halm og gr\u00e6s til t\u00e6tte, ensartede baller. Denne model har forbedret driftseffektivitet og holdbarhed, hvilket g\u00f8r den perfekt til store landbrug og kommercielle landbrugsaktiviteter.<\/p>\n<p style=\"text-align: center;\"><img loading=\"lazy\" decoding=\"async\" class=\"alignnone wp-image-404 aligncenter\" src=\"https:\/\/silage-balers.com\/wp-content\/uploads\/2025\/12\/ep-9YG-2.24D-Round-Baler-S9000-3-1.webp\" alt=\"Rundballepresser\" width=\"380\" height=\"380\" srcset=\"https:\/\/silage-balers.com\/wp-content\/uploads\/2025\/12\/ep-9YG-2.24D-Round-Baler-S9000-3-1.webp 268w, https:\/\/silage-balers.com\/wp-content\/uploads\/2025\/12\/ep-9YG-2.24D-Round-Baler-S9000-3-1-150x150.webp 150w, https:\/\/silage-balers.com\/wp-content\/uploads\/2025\/12\/ep-9YG-2.24D-Round-Baler-S9000-3-1-12x12.webp 12w, https:\/\/silage-balers.com\/wp-content\/uploads\/2025\/12\/ep-9YG-2.24D-Round-Baler-S9000-3-1-100x100.webp 100w\" sizes=\"(max-width: 380px) 100vw, 380px\" \/><\/p>\n<h2>Probleml\u00f8sning og anvendelser<\/h2>\n<p>9YG-2.24D rundballepresseren (S9000 Classic) l\u00f8ser adskillige udfordringer, som landm\u00e6nd st\u00e5r over for, herunder:<\/p>\n<ul>\n<li>H\u00f8je l\u00f8nomkostninger: Automatiserer ballepresningsprocessen, hvilket reducerer behovet for manuelt arbejde.<\/li>\n<li>Tidsbegr\u00e6nsninger: \u00d8ger effektiviteten ved at behandle st\u00f8rre m\u00e6ngder materiale p\u00e5 kortere tid.<\/li>\n<li>Uensartede ballest\u00f8rrelser: Producerer ensartede baller af h\u00f8j kvalitet til bedre opbevaring og transport.<\/li>\n<li>Holdbarhedsproblemer: Bygget med st\u00e6rke komponenter til at h\u00e5ndtere barske landbrugsmilj\u00f8er og materialer.<\/li>\n<li>Begr\u00e6nset kompatibilitet med forskellige afgr\u00f8der: Velegnet til en bred vifte af afgr\u00f8der, s\u00e5som h\u00f8, halm og gr\u00e6s.<\/li>\n<\/ul>\n<h2>Produktfordele<\/h2>\n<h3>1. H\u00f8jeffektiv rundballepresning<\/h3>\n<p>9YG-2.24D rundballepresseren (S9000 Classic) er designet til maksimal produktivitet. Dens innovative design sikrer hurtig balleformning, hvilket reducerer driftstiden betydeligt sammenlignet med traditionelle ballepressere. Dette h\u00f8jeffektive system giver landm\u00e6nd mulighed for at behandle st\u00f8rre m\u00e6ngder materialer om dagen, hvilket g\u00f8r den ideel til storskaladrift.<\/p>\n<h3>2. Overlegen ballekvalitet<\/h3>\n<p>Med 9YG-2.24D f\u00e5r du ensartet formede og t\u00e6t komprimerede baller. Dette resulterer i bedre opbevaring, transport og generel h\u00e5ndtering af dine afgr\u00f8der. Ballernes ensartede st\u00f8rrelse og t\u00e6thed hj\u00e6lper med at forhindre spild og sikrer, at materialerne bevares i optimal stand.<\/p>\n<h3>3. Robust og holdbar konstruktion<\/h3>\n<p>S9000 Classic-modellen har en kraftig konstruktion, der er designet til at modst\u00e5 kravene i barske landbrugsmilj\u00f8er. De h\u00f8jstyrkematerialer, der er anvendt i konstruktionen af \u200b\u200bdenne rundballepresser, sikrer, at den vil give mange \u00e5rs p\u00e5lidelig service, selv under barske arbejdsforhold.<\/p>\n<h3>4. Nem at betjene<\/h3>\n<p>Trods sine komplekse funktioner er 9YG-2.24D rundballepresseren bem\u00e6rkelsesv\u00e6rdigt nem at betjene. Dens brugervenlige betjeningselementer og intuitive design g\u00f8r det muligt for f\u00f8rere hurtigt at l\u00e6re og mestre maskinen. Denne brugervenlighed reducerer behovet for specialiseret tr\u00e6ning, hvilket sparer tid og penge.<\/p>\n<h3>5. Alsidige anvendelser<\/h3>\n<p>9YG-2.24D rundballepresseren er yderst alsidig og velegnet til forskellige landbrugsopgaver. Den kan h\u00e5ndtere en bred vifte af afgr\u00f8der, fra t\u00f8rt h\u00f8 til fugtig halm, hvilket g\u00f8r den perfekt til forskellige landbrugsaktiviteter. Uanset om du arbejder med gr\u00e6s, lucerne eller andre foderafgr\u00f8der, kan denne ballepresser klare det hele.<\/p>\n<h2>S\u00e5dan fungerer 9YG-2.24D rundballepresseren (S9000 Classic)<\/h2>\n<p>9YG-2.24D rundballepresseren fungerer ved hj\u00e6lp af en r\u00e6kke mekaniske komponenter, der arbejder sammen for at samle, komprimere og pakke materialerne ind i baller. Processen begynder, n\u00e5r afgr\u00f8den f\u00f8res ind i ballepresseren via opsamlingsspolen. N\u00e5r materialerne tr\u00e6kkes ind i kammeret, arbejder rotoren og et s\u00e6t crimpervalser sammen for at opdele afgr\u00f8den og forberede den til ballepresning.<\/p>\n<p>N\u00e5r afgr\u00f8den er inde i ballekammeret, komprimeres den til en cylindrisk form af et s\u00e6t kraftige ruller. Derefter bruges et garn- eller netsystem til at fastg\u00f8re ballen, s\u00e5 den holder sin form for nem h\u00e5ndtering. De f\u00e6rdige baller skubbes ud af maskinen, klar til transport eller opbevaring.<\/p>\n<p style=\"text-align: center;\"><img loading=\"lazy\" decoding=\"async\" class=\"alignnone wp-image-403\" src=\"https:\/\/silage-balers.com\/wp-content\/uploads\/2025\/12\/ep-9YG-2.24D-Round-Baler-S9000-2-1.webp\" alt=\"Rundballepresser\" width=\"403\" height=\"403\" srcset=\"https:\/\/silage-balers.com\/wp-content\/uploads\/2025\/12\/ep-9YG-2.24D-Round-Baler-S9000-2-1.webp 271w, https:\/\/silage-balers.com\/wp-content\/uploads\/2025\/12\/ep-9YG-2.24D-Round-Baler-S9000-2-1-150x150.webp 150w, https:\/\/silage-balers.com\/wp-content\/uploads\/2025\/12\/ep-9YG-2.24D-Round-Baler-S9000-2-1-12x12.webp 12w, https:\/\/silage-balers.com\/wp-content\/uploads\/2025\/12\/ep-9YG-2.24D-Round-Baler-S9000-2-1-100x100.webp 100w\" sizes=\"(max-width: 403px) 100vw, 403px\" \/><\/p>\n<h2>Prim\u00e6re anvendelser af 9YG-2.24D rundballepresseren (S9000 Classic)<\/h2>\n<ul>\n<li><strong>Storskala h\u00f8produktion:<\/strong> S9000 Classic er ideel til g\u00e5rde, der producerer betydelige m\u00e6ngder h\u00f8, og sikrer effektiv og ensartet ballepresning af h\u00f8afgr\u00f8der.<\/li>\n<li><strong>Halmpresning:<\/strong> Perfekt til opsamling og presning af halm efter h\u00f8st, hvilket sikrer komprimering for effektiv transport og opbevaring.<\/li>\n<li><strong>Foderh\u00f8stning:<\/strong> Ballepresseren er velegnet til opsamling af forskellige foderafgr\u00f8der, hvilket g\u00f8r den til en alsidig mulighed for blandet landbrug.<\/li>\n<li><strong>Ensilagepressning:<\/strong> For g\u00e5rde, der producerer ensilage, kan 9YG-2.24D nemt presse v\u00e5dfoderafgr\u00f8der og bevare deres n\u00e6ringsv\u00e6rdi til husdyrfoder.<\/li>\n<li><strong>Affaldsh\u00e5ndtering:<\/strong> Kan bruges til at h\u00e5ndtere organisk affald, komprimere det til h\u00e5ndterbare baller for lettere bortskaffelse eller til kompostering.<\/li>\n<li><strong>Transport og opbevaring:<\/strong> De ensartede baller produceret af 9YG-2.24D er nemme at transportere og opbevare, hvilket reducerer omkostningerne til arbejdskraft og materialeh\u00e5ndtering.<\/li>\n<\/ul>\n<h2>S\u00e5dan v\u00e6lger du den rigtige 9YG-2.24D rundballepresser (S9000 Classic)<\/h2>\n<p>Valget af den rigtige rundballepresser involverer overvejelse af flere vigtige faktorer:<\/p>\n<h3>1. Ballest\u00f8rrelse<\/h3>\n<p>Overvej den ballest\u00f8rrelse, der passer til din virksomhed. S9000 Classic kan producere en r\u00e6kke forskellige ballest\u00f8rrelser, s\u00e5 v\u00e6lg den, der passer til dine opbevarings- og transportbehov.<\/p>\n<h3>2. Afgr\u00f8detype<\/h3>\n<p>S\u00f8rg for, at den ballepresser, du v\u00e6lger, er kompatibel med de typer afgr\u00f8der, du prim\u00e6rt arbejder med, s\u00e5som h\u00f8, halm eller ensilage.<\/p>\n<h3>3. Arbejdshastighed<\/h3>\n<p>Hvis du har en storstilet virksomhed, skal du s\u00f8rge for, at ballepresseren kan h\u00e5ndtere h\u00f8je hastigheder og volumener uden at g\u00e5 p\u00e5 kompromis med ballekvaliteten.<\/p>\n<h3>4. Holdbarhed<\/h3>\n<p>Kig efter en maskine, der er bygget til at modst\u00e5 barske landbrugsforhold. S9000 Classics holdbare design sikrer, at den kan h\u00e5ndtere barske milj\u00f8er og tunge arbejdsbyrder.<\/p>\n<h3>5. Brugervenlighed<\/h3>\n<p>S\u00f8rg for, at ballepresseren er nem at betjene og ikke kr\u00e6ver specialiseret tr\u00e6ning. S9000 Classic er brugervenlig, hvilket kan spare tid og reducere fejl i marken.<\/p>\n<h3>6. Eftersalgssupport<\/h3>\n<p>Kontroller, at producenten tilbyder st\u00e6rk eftersalgssupport, herunder vedligeholdelsesservice og tilg\u00e6ngelighed af reservedele, for at sikre, at din ballepresser forbliver i topform.<\/p>\n<h2>Vedligeholdelsestips til 9YG-2.24D rundballepresser (S9000 Classic)<\/h2>\n<p>For at opretholde den optimale ydeevne af din 9YG-2.24D rundballepresser (S9000 Classic), skal du f\u00f8lge disse vigtige vedligeholdelsespraksis:<\/p>\n<ul>\n<li>Inspicer og reng\u00f8r regelm\u00e6ssigt ballekammeret for at forhindre ophobning af snavs.<\/li>\n<li>Sm\u00f8r bev\u00e6gelige dele i henhold til producentens anbefalinger for at reducere slitage.<\/li>\n<li>Kontroll\u00e9r net- eller garnsystemet regelm\u00e6ssigt for at sikre problemfri drift og korrekt balleindpakning.<\/li>\n<li>Overv\u00e5g d\u00e6ktryk og b\u00e6ltejustering for at sikre j\u00e6vn transport og reducere mekanisk belastning.<\/li>\n<li>Planl\u00e6g periodisk professionel service for at opretholde optimal ydeevne og undg\u00e5 dyre reparationer.<\/li>\n<\/ul>\n<h2>Kundeanmeldelser<\/h2>\n<h3>1. USA \u2013 Landbrugsindustri<\/h3>\n<p>9YG-2.24D rundballepresseren (S9000 Classic) har v\u00e6ret en uvurderlig tilf\u00f8jelse til vores g\u00e5rd. Vi bruger den til h\u00f8pressning, og resultaterne har v\u00e6ret utrolige. Ballekonsistensen er perfekt, og den sparer os meget tid sammenlignet med vores tidligere ballepresser. Den h\u00e5ndterer b\u00e5de t\u00f8rt og fugtigt h\u00f8 godt, og vi har bem\u00e6rket en betydelig forbedring i hastigheden p\u00e5 vores arbejde.<\/p>\n<p><strong>John Miller \u2013 USA<\/strong><\/p>\n<h3>2. Canada \u2013 Husdyrbrug<\/h3>\n<p>Denne ballepresser har overg\u00e5et mine forventninger! Den er nem at betjene, selv for vores mindre erfarne personale. Maskinen er holdbar og h\u00e5ndterer store m\u00e6ngder halm uden problemer. Ballerne er t\u00e6t pakket, hvilket g\u00f8r dem nemme at opbevare til vinterfoder. Vi har sparet en masse tid, og det har helt sikkert forbedret vores produktivitet.<\/p>\n<p><strong>Sarah Thompson \u2013 Canada<\/strong><\/p>\n<h3>3. Australien \u2013 Blandet landbrug<\/h3>\n<p>Vi har brugt 9YG-2.24D rundballepresseren i et par m\u00e5neder nu, og den har virkelig imponeret os. Den h\u00e5ndterer b\u00e5de h\u00f8 og ensilage, hvilket g\u00f8r den ideel til vores blandede landbrug. Maskinen er robust og klarer sig godt selv i det udfordrende australske klima. Jeg kan varmt anbefale den til andre landm\u00e6nd, der leder efter p\u00e5lidelighed og effektivitet.<\/p>\n<p><strong>Mark Davis \u2013 Australien<\/strong><\/p>\n<h3>4. Storbritannien \u2013 Storskala h\u00f8farm<\/h3>\n<p>Som en stor h\u00f8producent havde vi brug for en ballepresser, der kunne h\u00e5ndtere store m\u00e6ngder. S9000 Classic har gjort netop det. Den producerer ensartede, t\u00e6tpakkede baller, som er nemme at h\u00e5ndtere og opbevare. Den er ogs\u00e5 meget hurtigere end vores tidligere model, hvilket har hjulpet os med at n\u00e5 vores produktionsm\u00e5l for s\u00e6sonen.<\/p>\n<p><strong>Oliver James \u2013 Storbritannien<\/strong><\/p>\n<h3>5. New Zealand \u2013 Halmpresning<\/h3>\n<p>9YG-2.24D <a href=\"https:\/\/silage-balers.com\/da\/vare\/9yg-2-24d-rundballepresser\/\">Rundballepresser<\/a> har v\u00e6ret en god investering for vores g\u00e5rd. Den er is\u00e6r effektiv til at presse halm, hvilket giver os perfekt formede baller, der er nemme at transportere. Brugervenligheden og den h\u00f8je effektivitet er dens fremragende egenskaber. Den har helt sikkert bidraget til at reducere vores l\u00f8nomkostninger og forbedre vores samlede drift.<\/p>\n<p><strong>Emily Clark \u2013 New Zealand<\/strong><\/p>\n<h2>Hvorfor v\u00e6lge vores produkt<\/h2>\n<p>N\u00e5r du v\u00e6lger 9YG-2.24D rundballepresseren (S9000 Classic), skal du v\u00e6lge et produkt, der tilbyder overlegen ydeevne, holdbarhed og brugervenlighed. Med vores hurtige tilpasningsmuligheder sikrer vi, at dine behov bliver opfyldt hurtigt og effektivt. Vi tilbyder 3 \u00e5rs garanti, hvilket sikrer ro i sindet og problemfri drift. Vores fremragende eftersalgsservice garanterer, at du altid har den support, du har brug for, uanset hvor i verden du befinder dig.<\/p>\n<p>Derudover underst\u00f8tter vi global hurtig levering for at im\u00f8dekomme dine ordrekrav, hvilket sikrer, at du kan f\u00e5 maskinen leveret hurtigt og effektivt. Vores engagement i kundetilfredshed, produktkvalitet og konkurrencedygtige priser g\u00f8r os til det bedste valg til dine ballepresningsbehov.<\/p>\n<h2>Udforsk vores komplette produktsortiment<\/h2>\n<p>Udover 9YG-2.24D rundballepresseren (S9000 Classic) tilbyder vi en r\u00e6kke andre landbrugsmaskiner og tilbeh\u00f8r. Vores produkter er designet til at hj\u00e6lpe dig med at forbedre produktiviteten, reducere omkostninger og str\u00f8mline din landbrugsdrift. Kontakt os i dag for at udforske hele vores sortiment og finde den perfekte l\u00f8sning til dine behov. Vores erfarne team er her for at hj\u00e6lpe dig med eventuelle sp\u00f8rgsm\u00e5l, du m\u00e5tte have.<img loading=\"lazy\" decoding=\"async\" class=\"wp-image-405 aligncenter\" src=\"https:\/\/silage-balers.com\/wp-content\/uploads\/2025\/12\/ep-9YG-2.24D-Round-Baler-S9000-4-1.webp\" alt=\"Rundballepresser\" width=\"409\" height=\"409\" srcset=\"https:\/\/silage-balers.com\/wp-content\/uploads\/2025\/12\/ep-9YG-2.24D-Round-Baler-S9000-4-1.webp 258w, https:\/\/silage-balers.com\/wp-content\/uploads\/2025\/12\/ep-9YG-2.24D-Round-Baler-S9000-4-1-150x150.webp 150w, https:\/\/silage-balers.com\/wp-content\/uploads\/2025\/12\/ep-9YG-2.24D-Round-Baler-S9000-4-1-12x12.webp 12w, https:\/\/silage-balers.com\/wp-content\/uploads\/2025\/12\/ep-9YG-2.24D-Round-Baler-S9000-4-1-100x100.webp 100w\" sizes=\"(max-width: 409px) 100vw, 409px\" \/><\/p>\n<h2>Ofte stillede sp\u00f8rgsm\u00e5l<\/h2>\n<p><strong>Hvad er den maksimale ballest\u00f8rrelse, som 9YG-2.24D rundballepresseren (S9000 Classic) kan h\u00e5ndtere?<\/strong><\/p>\n<p>9YG-2.24D kan producere baller p\u00e5 op til 1,2 meter i diameter, hvilket g\u00f8r den velegnet til store opgaver, der kr\u00e6ver ballepresning i store m\u00e6ngder.<\/p>\n<p><strong>Er 9YG-2.24D rundballepresseren egnet til v\u00e5dt h\u00f8?<\/strong><\/p>\n<p>Ja, 9YG-2.24D er designet til at h\u00e5ndtere b\u00e5de t\u00f8rt og v\u00e5dt h\u00f8, hvilket g\u00f8r den alsidig til forskellige vejrforhold og afgr\u00f8detyper.<\/p>\n<p><strong>Hvor ofte skal 9YG-2.24D rundballepresseren serviceres?<\/strong><\/p>\n<p>Det anbefales at f\u00e5 ballepresseren serviceret mindst \u00e9n gang om \u00e5ret, eller oftere, hvis den bruges intensivt. Regelm\u00e6ssig vedligeholdelse sikrer, at den fungerer med maksimal effektivitet.<\/p>\n<p><strong>Kan 9YG-2.24D rundballepresseren bruges til ensilageballepresning?<\/strong><\/p>\n<p>Ja, denne model er fremragende til ensilageballepresning. Den h\u00e5ndterer v\u00e5de foderafgr\u00f8der effektivt og bevarer deres n\u00e6ringsindhold.<\/p>\n<p><strong>Hvilken type garn eller net bruger 9YG-2.24D rundballepresseren?<\/strong><\/p>\n<p>Ballepresseren kan bruge b\u00e5de garn og net, hvilket giver dig fleksibilitet afh\u00e6ngigt af dine behov for opbevaring og h\u00e5ndtering af baller.<\/p>\n<p><strong>Er der garanti p\u00e5 9YG-2.24D rundballepresseren (S9000 Classic)?<\/strong><\/p>\n<p>Ja, vi tilbyder 3 \u00e5rs garanti p\u00e5 denne model, hvilket sikrer dig fuld ro i sindet og support i garantiperioden.<\/p>\n<p><strong>Hvor hurtigt kan 9YG-2.24D rundballepresseren k\u00f8re?<\/strong><\/p>\n<p>S9000 Classic k\u00f8rer med hastigheder p\u00e5 op til 20-25 km\/t, hvilket giver dig mulighed for at udf\u00f8re ballepresningsopgaver hurtigt og effektivt.<\/p>\n<p><strong>Hvad er prisintervallet for 9YG-2.24D rundballepresseren (S9000 Classic)?<\/strong><\/p>\n<p>Prisen afh\u00e6nger af tilpasningsmuligheder og forsendelsesoplysninger. Kontakt venligst vores salgsteam for et skr\u00e6ddersyet tilbud.<\/p>\n<p><strong>Kan 9YG-2.24D rundballepresseren sendes internationalt?<\/strong><\/p>\n<p>Ja, vi tilbyder globale forsendelsestjenester for at sikre, at du modtager din maskine, uanset hvor du befinder dig.<\/p>\n<p><strong>Hvor lang tid tager det at modtage 9YG-2.24D rundballepresseren efter bestilling?<\/strong><\/p>\n<p>Leveringstiderne varierer afh\u00e6ngigt af placering, men vi bestr\u00e6ber os p\u00e5 at afsende ordrer inden for 1-2 uger for internationale leverancer.<\/p>\n<p><strong>Er der mulighed for tr\u00e6ning for nye brugere af 9YG-2.24D rundballepresseren?<\/strong><\/p>\n<p>Ja, vi tilbyder tr\u00e6ningssessioner for at sikre, at dine medarbejdere kan betjene ballepresseren sikkert og effektivt fra dag \u00e9t.<\/p>\n<p><strong>Hvilken type afgr\u00f8der kan 9YG-2.24D rundballepresseren h\u00e5ndtere?<\/strong><\/p>\n<p>Denne ballepresser er velegnet til en bred vifte af afgr\u00f8der, herunder h\u00f8, halm, ensilage og forskellige fodermaterialer.<\/p>\n<p><strong>Hvad er vedligeholdelsesomkostningerne for 9YG-2.24D rundballepresseren?<\/strong><\/p>\n<p>Vedligeholdelsesomkostningerne er relativt lave, hvor rutinem\u00e6ssige kontroller og sm\u00f8ring er de st\u00f8rste udgifter. Vi tilbyder ogs\u00e5 udvidede servicepakker.<\/p>\n<p><strong>Kan 9YG-2.24D rundballepresseren bruges under ekstreme vejrforhold?<\/strong><\/p>\n<p>Ja, S9000 Classic er bygget til at fungere godt selv under barske vejrforhold, s\u00e5som ekstrem varme eller kulde.<\/p>\n<p><strong>Hvad er den forventede levetid for 9YG-2.24D rundballepresseren (S9000 Classic)?<\/strong><\/p>\n<p>Den forventede levetid for denne maskine er over 10 \u00e5r med korrekt vedligeholdelse og pleje, hvilket g\u00f8r den til en langsigtet investering for din g\u00e5rd.<\/p>\n<p>redigeret af gzl<\/p>","protected":false},"excerpt":{"rendered":"<p>Opgrader din landbrugsdrift med 9YG-2.24D rundballepresseren (S9000). Denne ballepresser er designet til h\u00f8jeffektiv presning af h\u00f8, halm og andre materialer og sikrer en j\u00e6vn og p\u00e5lidelig ydeevne. Med avancerede funktioner som nem betjening og holdbar konstruktion hj\u00e6lper S9000 dig med at \u00f8ge produktiviteten og samtidig reducere nedetid. Uanset om du arbejder p\u00e5 en lille eller stor g\u00e5rd, er denne ballepresser bygget til at h\u00e5ndtere dine h\u00e5rdeste opgaver. Maksimer din effektivitet og f\u00e5 arbejdet gjort korrekt med 9YG-2.24D rundballepresseren (S9000).<\/p>","protected":false},"featured_media":402,"template":"","meta":{"_et_pb_use_builder":"","_et_pb_old_content":"","_et_gb_content_width":""},"product_brand":[],"product_cat":[18],"product_tag":[],"class_list":{"0":"post-401","1":"product","2":"type-product","3":"status-publish","4":"has-post-thumbnail","6":"product_cat-round-baler","8":"first","9":"instock","10":"shipping-taxable","11":"product-type-simple"},"_links":{"self":[{"href":"https:\/\/silage-balers.com\/da\/wp-json\/wp\/v2\/product\/401","targetHints":{"allow":["GET"]}}],"collection":[{"href":"https:\/\/silage-balers.com\/da\/wp-json\/wp\/v2\/product"}],"about":[{"href":"https:\/\/silage-balers.com\/da\/wp-json\/wp\/v2\/types\/product"}],"wp:featuredmedia":[{"embeddable":true,"href":"https:\/\/silage-balers.com\/da\/wp-json\/wp\/v2\/media\/402"}],"wp:attachment":[{"href":"https:\/\/silage-balers.com\/da\/wp-json\/wp\/v2\/media?parent=401"}],"wp:term":[{"taxonomy":"product_brand","embeddable":true,"href":"https:\/\/silage-balers.com\/da\/wp-json\/wp\/v2\/product_brand?post=401"},{"taxonomy":"product_cat","embeddable":true,"href":"https:\/\/silage-balers.com\/da\/wp-json\/wp\/v2\/product_cat?post=401"},{"taxonomy":"product_tag","embeddable":true,"href":"https:\/\/silage-balers.com\/da\/wp-json\/wp\/v2\/product_tag?post=401"}],"curies":[{"name":"wp","href":"https:\/\/api.w.org\/{rel}","templated":true}]}}