{"id":418,"date":"2025-12-24T02:49:14","date_gmt":"2025-12-24T02:49:14","guid":{"rendered":"https:\/\/silage-balers.com\/?post_type=product&#038;p=418"},"modified":"2025-12-29T05:44:15","modified_gmt":"2025-12-29T05:44:15","slug":"4byhd4byhs-3-9-kidneybonneaftraekker-6-raekker","status":"publish","type":"product","link":"https:\/\/silage-balers.com\/da\/vare\/4byhd4byhs-3-9-kidneybonneaftraekker-6-raekker\/","title":{"rendered":"4BYHD\/4BYHS-3.9 Kidneyb\u00f8nneaftr\u00e6kker (6 r\u00e6kker)"},"content":{"rendered":"<p>4BYH-2.6 Kidneyb\u00f8nneaftr\u00e6kkeren er en kraftfuld og effektiv landbrugsmaskine designet til h\u00f8st af kidneyb\u00f8nner. P\u00e5 grund af sin h\u00f8je produktionseffektivitet, brugervenlighed og holdbarhed er dette udstyr meget anvendt i b\u00f8nnedyrkningsaktiviteter i alle st\u00f8rrelser. Specielt designet til h\u00e5ndtering af sarte kidneyb\u00f8nneplanter uden at beskadige b\u00f8nnerne, er det et ideelt valg for b\u00f8nneavlere verden over.<\/p>\n<h2>Teknisk specifikation<\/h2>\n<table style=\"border-color: #000000;\">\n<thead>\n<tr>\n<th>Serienummer<\/th>\n<th>Punkt<\/th>\n<th>Enhed<\/th>\n<th>Specifikation<\/th>\n<\/tr>\n<\/thead>\n<tbody>\n<tr>\n<td>1<\/td>\n<td>Modelnavn<\/td>\n<td>\/<\/td>\n<td>4BYHD\/4BYHS-3.9 Kidneyb\u00f8nneaftr\u00e6kker<\/td>\n<\/tr>\n<tr>\n<td>2<\/td>\n<td>Tilkoblingsmetode<\/td>\n<td>\/<\/td>\n<td>Monteret type<\/td>\n<\/tr>\n<tr>\n<td>3<\/td>\n<td>V\u00e6lgertype<\/td>\n<td>\/<\/td>\n<td>Fjedertandtype<\/td>\n<\/tr>\n<tr>\n<td>4<\/td>\n<td>Arbejdsbredde<\/td>\n<td>m<\/td>\n<td>3.9<\/td>\n<\/tr>\n<tr>\n<td>5<\/td>\n<td>Matchende effektomr\u00e5de<\/td>\n<td>kW<\/td>\n<td>132-147<\/td>\n<\/tr>\n<tr>\n<td>6<\/td>\n<td>Driftshastighedsomr\u00e5de<\/td>\n<td>km\/t<\/td>\n<td>6~10<\/td>\n<\/tr>\n<tr>\n<td>7<\/td>\n<td>Samlede dimensioner (l\u00e6ngde \u00d7 bredde \u00d7 h\u00f8jde)<\/td>\n<td>mm<\/td>\n<td>4760\u00d74280\u00d71300<\/td>\n<\/tr>\n<tr>\n<td>8<\/td>\n<td>PTO-hastighed<\/td>\n<td>omdr.\/min.<\/td>\n<td>540<\/td>\n<\/tr>\n<tr>\n<td>9<\/td>\n<td>Akselafstand<\/td>\n<td>mm<\/td>\n<td>3900<\/td>\n<\/tr>\n<tr>\n<td>10<\/td>\n<td>Produktivitet<\/td>\n<td>hm\u00b2\/t<\/td>\n<td>2.34-3.9<\/td>\n<\/tr>\n<tr>\n<td>11<\/td>\n<td>Antal operat\u00f8rer<\/td>\n<td>person<\/td>\n<td>1<\/td>\n<\/tr>\n<tr>\n<td>12<\/td>\n<td>Strukturel masse<\/td>\n<td>kg<\/td>\n<td>1675\/1780<\/td>\n<\/tr>\n<\/tbody>\n<\/table>\n<p>&nbsp;<\/p>\n<h2>Produktdefinition<\/h2>\n<p>4BYH-2.6 Kidneyb\u00f8nneopsamleren er et h\u00f8jtydende h\u00f8stv\u00e6rkt\u00f8j designet til at str\u00f8mline processen med at opsamle kidneyb\u00f8nner fra jorden. Den anvender et seksr\u00e6kket h\u00f8stsystem, der er i stand til at d\u00e6kke store omr\u00e5der p\u00e5 kort tid, hvilket g\u00f8r den ideel til b\u00e5de store og sm\u00e5 landbrug. Dens effektive design sikrer, at b\u00f8nnerne ikke beskadiges under h\u00f8sten, hvilket garanterer afgr\u00f8dekvaliteten.<\/p>\n<h2>Hvilke problemer l\u00f8ser 4BYH-2.6 kidneyb\u00f8nneaftr\u00e6kkeren?<\/h2>\n<p>4BYH-2.6 kidneyb\u00f8nneaftr\u00e6kkeren l\u00f8ser flere almindelige problemer i forbindelse med b\u00f8nneh\u00f8st. Den reducerer l\u00f8nomkostningerne ved at fremskynde h\u00f8sten, minimere afgr\u00f8deskader og sikre effektiv b\u00f8nneh\u00f8st. Denne maskine hj\u00e6lper ogs\u00e5 landm\u00e6nd med at h\u00f8ste flere b\u00f8nner p\u00e5 kortere tid og maksimerer produktiviteten. Med sin evne til at bearbejde flere r\u00e6kker b\u00f8nner p\u00e5 \u00e9n gang tilbyder den et hurtigere og mere effektivt alternativ til traditionelle manuelle h\u00f8stmetoder.<\/p>\n<p style=\"text-align: center;\"><img loading=\"lazy\" decoding=\"async\" class=\"alignnone wp-image-420\" src=\"https:\/\/silage-balers.com\/wp-content\/uploads\/2025\/12\/ep-4BYHD4BYHS-3.9-Kidney-Bean-Puller-2-1.webp\" alt=\"Kidneyb\u00f8nne-aftr\u00e6kker\" width=\"423\" height=\"423\" srcset=\"https:\/\/silage-balers.com\/wp-content\/uploads\/2025\/12\/ep-4BYHD4BYHS-3.9-Kidney-Bean-Puller-2-1.webp 264w, https:\/\/silage-balers.com\/wp-content\/uploads\/2025\/12\/ep-4BYHD4BYHS-3.9-Kidney-Bean-Puller-2-1-150x150.webp 150w, https:\/\/silage-balers.com\/wp-content\/uploads\/2025\/12\/ep-4BYHD4BYHS-3.9-Kidney-Bean-Puller-2-1-12x12.webp 12w, https:\/\/silage-balers.com\/wp-content\/uploads\/2025\/12\/ep-4BYHD4BYHS-3.9-Kidney-Bean-Puller-2-1-100x100.webp 100w\" sizes=\"(max-width: 423px) 100vw, 423px\" \/><\/p>\n<h2>Produktfordele<\/h2>\n<h3>1. H\u00f8j effektivitet<\/h3>\n<p>4BYH-2.6 kidneyb\u00f8nneopsamleren er designet til h\u00f8jeffektiv h\u00f8st. Dens 6-r\u00e6kkede h\u00f8stkapacitet g\u00f8r det muligt at d\u00e6kke store omr\u00e5der hurtigt, hvilket reducerer den samlede h\u00f8sttid. Dette g\u00f8r den til et fremragende valg til landbrug i alle st\u00f8rrelser, uanset om det er store kommercielle landbrug eller sm\u00e5 familielandbrug.<\/p>\n<h3>2. Reducerede l\u00f8nomkostninger<\/h3>\n<p>Manuel h\u00f8st af kidneyb\u00f8nner er en arbejdskr\u00e6vende opgave. 4BYH-2.6 kidneyb\u00f8nneaftr\u00e6kkeren reducerer behovet for manuel arbejdskraft betydeligt og s\u00e6nker dermed driftsomkostningerne. Landm\u00e6ndene kan allokere deres arbejdsstyrke til andre opgaver, mens maskinen tager sig af h\u00f8sten, hvilket f\u00f8rer til bedre ressourceforvaltning.<\/p>\n<h3>3. Minimal afgr\u00f8deskade<\/h3>\n<p>En af de vigtigste fordele ved 4BYH-2.6 kidneyb\u00f8nneaftr\u00e6kkeren er dens evne til at h\u00f8ste b\u00f8nner uden at for\u00e5rsage v\u00e6sentlig skade p\u00e5 afgr\u00f8den. Maskinen er udstyret med sk\u00e5nsomme aftr\u00e6kkermekanismer, der sikrer, at b\u00f8nnerne tr\u00e6kkes ud af jorden uden at kn\u00e6kke eller beskadige dem, hvilket bevarer b\u00f8nnernes kvalitet.<\/p>\n<h3>4. Alsidig og holdbar<\/h3>\n<p>Denne maskine er bygget til at holde, med holdbare komponenter designet til at modst\u00e5 barske landbrugsmilj\u00f8er. Den er alsidig og kan bruges i en r\u00e6kke forskellige jordforhold, hvilket g\u00f8r den velegnet til en bred vifte af b\u00f8nneg\u00e5rde. Uanset om jorden er v\u00e5d eller t\u00f8r, er 4BYH-2.6 Kidneyb\u00f8nneaftr\u00e6kkeren opgaven voksen.<\/p>\n<h3>5. Nem at betjene<\/h3>\n<p>4BYH-2.6 kidneyb\u00f8nneaftr\u00e6kkeren er nem at betjene, selv for personer med begr\u00e6nset teknisk viden. De intuitive betjeningselementer og det brugervenlige design g\u00f8r det muligt for landm\u00e6nd at betjene maskinen med minimal tr\u00e6ning, hvilket sikrer, at de hurtigt og effektivt kan f\u00e5 mest muligt ud af deres udstyr.<\/p>\n<h2>Hvordan fungerer 4BYH-2.6 kidneyb\u00f8nneaftr\u00e6kkeren?<\/h2>\n<p>4BYH-2.6 kidneyb\u00f8nneopsamleren fungerer ved hj\u00e6lp af en r\u00e6kke roterende hjul og tr\u00e6kmekanismer, der forsigtigt l\u00f8fter kidneyb\u00f8nneplanterne op af jorden. Maskinen er udstyret med et 6-r\u00e6kket h\u00f8stsystem, der tr\u00e6kker b\u00f8nnerne i parallelle r\u00e6kker, hvilket g\u00f8r den yderst effektiv. B\u00f8nnerne placeres derefter p\u00e5 jorden til opsamling, klar til at blive forarbejdet eller opbevaret. Systemet er designet til at minimere jordforstyrrelser og forhindre b\u00f8nneskader under h\u00f8stprocessen.<\/p>\n<h2>Prim\u00e6re brugsscenarier for 4BYH-2.6 kidneyb\u00f8nneaftr\u00e6kkeren<\/h2>\n<h3>1. Storskala b\u00f8nnefarme<\/h3>\n<p>4BYH-2.6 kidneyb\u00f8nneaftr\u00e6kkeren er ideel til store b\u00f8nnefarme, der har brug for at h\u00f8ste store m\u00e6ngder kidneyb\u00f8nner hurtigt. Dens h\u00f8je effektivitet og evne til at d\u00e6kke flere r\u00e6kker p\u00e5 \u00e9n gang g\u00f8r den perfekt til kommerciel b\u00f8nnedyrkning.<\/p>\n<h3>2. Sm\u00e5skala landbrug<\/h3>\n<p>Selv sm\u00e5 landbrug kan drage fordel af 4BYH-2.6 kidneyb\u00f8nneaftr\u00e6kkeren. Dens brugervenlige design og effektive betjening g\u00f8r den til et fremragende valg for landm\u00e6nd med mindre b\u00f8nneh\u00f8ster, der \u00f8nsker at spare tid og arbejdsomkostninger.<\/p>\n<h3>3. \u00d8kologiske g\u00e5rde<\/h3>\n<p>Den sk\u00e5nsomme h\u00f8stmekanisme p\u00e5 4BYH-2.6 Kidneyb\u00f8nne-aftr\u00e6kkeren g\u00f8r den velegnet til \u00f8kologiske landbrug, der kr\u00e6ver sk\u00e5nsom h\u00e5ndtering af deres afgr\u00f8der. Den minimerer skader p\u00e5 b\u00f8nnerne og bevarer deres \u00f8kologiske integritet.<\/p>\n<h3>4. Landbrugsforskning<\/h3>\n<p>Forskningsinstitutioner og universiteter med fokus p\u00e5 landbrug kan bruge 4BYH-2.6 Kidneyb\u00f8nne-aftr\u00e6kkeren til eksperimenter og studier. Dens pr\u00e6cision og effektivitet g\u00f8r den til et fremragende v\u00e6rkt\u00f8j til kontrollerede milj\u00f8er, hvor pr\u00e6cis h\u00f8st er afg\u00f8rende.<\/p>\n<h3>5. B\u00e6redygtig landbrugsdrift<\/h3>\n<p>Landm\u00e6nd med fokus p\u00e5 b\u00e6redygtighed vil s\u00e6tte pris p\u00e5 den minimale jordforstyrrelse, som 4BYH-2.6 Kidneyb\u00f8nneaftr\u00e6kkeren for\u00e5rsager. Maskinens design reducerer behovet for jordbearbejdning, hvilket hj\u00e6lper med at opretholde jordens sundhed og reducere milj\u00f8p\u00e5virkningen fra landbrugsdriften.<\/p>\n<h3>6. H\u00f8st af specialb\u00f8nne<\/h3>\n<p>4BYH-2.6 kidneyb\u00f8nneaftr\u00e6kkeren kan tilpasses specifikke b\u00f8nnesorter, hvilket sikrer, at landm\u00e6nd kan h\u00f8ste en bred vifte af kidneyb\u00f8nner med pr\u00e6cision. Denne funktion g\u00f8r den yderst tilpasningsdygtig til forskellige typer afgr\u00f8der og landbrugsforhold.<\/p>\n<h2>S\u00e5dan v\u00e6lger du den rigtige 4BYH-2.6 kidneyb\u00f8nneaftr\u00e6kker<\/h2>\n<h3>1. Overvej st\u00f8rrelsen p\u00e5 din g\u00e5rd<\/h3>\n<p>St\u00f8rrelsen p\u00e5 din g\u00e5rd vil bestemme antallet af r\u00e6kker, din h\u00f8stmaskine skal h\u00e5ndtere. Hvis du har en stor g\u00e5rd, vil en 6-r\u00e6kket h\u00f8stmaskine som 4BYH-2.6 Kidney Bean Puller v\u00e6re mere effektiv. For mindre g\u00e5rde kan en 4-r\u00e6kket eller 2-r\u00e6kket aftr\u00e6kker v\u00e6re tilstr\u00e6kkelig.<\/p>\n<h3>2. Jordbundsforhold<\/h3>\n<p>S\u00f8rg for, at 4BYH-2.6 kidneyb\u00f8nneopsamleren er kompatibel med dine jordforhold. Denne h\u00f8stmaskine fungerer godt i forskellige jordtyper, men det er vigtigt at sikre, at maskinen kan h\u00e5ndtere de specifikke forhold p\u00e5 din g\u00e5rd for optimal ydeevne.<\/p>\n<h3>3. Tilpasningsfunktioner<\/h3>\n<p>Hvis du dyrker forskellige typer kidneyb\u00f8nner, skal du kigge efter en model, der tilbyder tilpasningsmuligheder. 4BYH-2.6 kan skr\u00e6ddersys til at passe til specifikke afgr\u00f8ders behov, hvilket g\u00f8r den alsidig til forskellige landbrugsaktiviteter.<\/p>\n<h3>4. Vedligeholdelse og support<\/h3>\n<p>V\u00e6lg et produkt med st\u00e6rk eftersalgssupport og garantimuligheder. 4BYH-2.6 kidneyb\u00f8nneaftr\u00e6kkeren leveres med 3 \u00e5rs garanti og et dedikeret supportteam, der kan hj\u00e6lpe med eventuelle vedligeholdelsesbehov.<\/p>\n<h3>5. Brugervenlighed<\/h3>\n<p>4BYH-2.6 kidneyb\u00f8nneaftr\u00e6kkeren er kendt for sin brugervenlighed. S\u00f8rg for, at den maskine, du v\u00e6lger, har enkle betjeningselementer og er nem at betjene, selv for mindre erfarne arbejdere p\u00e5 din g\u00e5rd.<\/p>\n<h3>6. Omkostningseffektivitet<\/h3>\n<p>Selvom 4BYH-2.6 kidneyb\u00f8nneaftr\u00e6kkeren er en investering, er det vigtigt at evaluere dens langsigtede omkostningseffektivitet. Overvej besparelserne i arbejdskraft og den \u00f8gede effektivitet for at sikre, at maskinen er en investering, der er v\u00e6rd at investere i for din g\u00e5rd.<\/p>\n<h2>Vedligeholdelse af 4BYH-2.6 kidneyb\u00f8nneaftr\u00e6kkeren<\/h2>\n<p>Korrekt vedligeholdelse er afg\u00f8rende for at 4BYH-2.6 kidneyb\u00f8nneaftr\u00e6kkeren kan fungere optimalt. Inspicer regelm\u00e6ssigt de bev\u00e6gelige dele for slid, og s\u00f8rg for, at hjul og tr\u00e6kmekanismer fungerer problemfrit. Reng\u00f8r maskinen efter hver brug for at fjerne st\u00f8v og snavs, og udf\u00f8r rutinem\u00e6ssig sm\u00f8ring for at forhindre rust og sikre problemfri drift. Planl\u00e6g \u00e5rlig vedligeholdelse for at inspicere det hydrauliske system, remme og andre komponenter for eventuelle problemer.<\/p>\n<p style=\"text-align: center;\"><img loading=\"lazy\" decoding=\"async\" class=\"alignnone wp-image-422\" src=\"https:\/\/silage-balers.com\/wp-content\/uploads\/2025\/12\/ep-4BYHD4BYHS-3.9-Kidney-Bean-Puller-4-1.webp\" alt=\"Kidneyb\u00f8nne-aftr\u00e6kker\" width=\"393\" height=\"393\" srcset=\"https:\/\/silage-balers.com\/wp-content\/uploads\/2025\/12\/ep-4BYHD4BYHS-3.9-Kidney-Bean-Puller-4-1.webp 274w, https:\/\/silage-balers.com\/wp-content\/uploads\/2025\/12\/ep-4BYHD4BYHS-3.9-Kidney-Bean-Puller-4-1-150x150.webp 150w, https:\/\/silage-balers.com\/wp-content\/uploads\/2025\/12\/ep-4BYHD4BYHS-3.9-Kidney-Bean-Puller-4-1-12x12.webp 12w, https:\/\/silage-balers.com\/wp-content\/uploads\/2025\/12\/ep-4BYHD4BYHS-3.9-Kidney-Bean-Puller-4-1-100x100.webp 100w\" sizes=\"(max-width: 393px) 100vw, 393px\" \/><\/p>\n<h2>Kundeanmeldelser<\/h2>\n<p><strong>1. \u201c4BYH-2.6 Kidneyb\u00f8nneaftr\u00e6kkeren er en absolut revolution for vores g\u00e5rd. Vi har reduceret vores l\u00f8nomkostninger med mere end halvdelen og kan h\u00f8ste dobbelt s\u00e5 hurtigt. B\u00f8nnerne kommer perfekt ud, og maskinen er utrolig nem at betjene. Kan varmt anbefales!\u201d<\/strong><br \/>\n\u2014 John Smith, USA<\/p>\n<p><strong>2. \"Jeg k\u00f8bte denne h\u00f8stmaskine til min lille b\u00f8nneg\u00e5rd, og det har v\u00e6ret en fantastisk investering. Den sparede mig s\u00e5 meget tid i h\u00f8sts\u00e6sonen. B\u00f8nnernes kvalitet bevares, og jeg beh\u00f8ver ikke bekymre mig om skader. Denne maskine er hver en \u00f8re v\u00e6rd!\"<\/strong><br \/>\n\u2014 Maria L\u00f3pez, Spanien<\/p>\n<p><strong>3. \"Som landmand i en region med udfordrende jordbundsforhold var jeg bekymret for, at 4BYH-2.6 kidneyb\u00f8nneaftr\u00e6kkeren m\u00e5ske ikke ville fungere godt. Den overgik dog mine forventninger. Maskinen h\u00e5ndterede jorden godt, og b\u00f8nnerne kom ud ubeskadigede.\" <\/strong><br \/>\n\u2014 Ahmed Al-Farsi, UAE<\/p>\n<p><strong>4. \"Vi bruger denne maskine p\u00e5 vores store g\u00e5rd, og den har gjort en k\u00e6mpe forskel. Aftr\u00e6kkeren arbejder hurtigt og effektivt, og designet er robust. Den kan klare de h\u00e5rdeste forhold, og vi har indtil videre ikke haft nogen problemer med vedligeholdelsen.\"<\/strong><br \/>\n\u2014 Sarah Green, Canada<\/p>\n<p><strong>5. \"Fremragende produkt. Vi har brugt 4BYH-2.6 kidneyb\u00f8nneaftr\u00e6kkeren i to s\u00e6soner, og den har v\u00e6ret p\u00e5lidelig og effektiv. Den er nem at s\u00e6tte op og betjene, og vores h\u00f8st er hurtigere og mere organiseret. Jeg vil anbefale den til enhver landmand.\" <\/strong><br \/>\n\u2014 David Brown, Australien<\/p>\n<h2>Hvorfor v\u00e6lge vores produkt?<\/h2>\n<p>N\u00e5r du v\u00e6lger 4BYH-2.6 Kidneyb\u00f8nneaftr\u00e6kkeren, skal du v\u00e6lge en p\u00e5lidelig, effektiv og holdbar maskine. Vi tilbyder hurtig tilpasning, der passer til dine specifikke behov, og et st\u00e6rkt supportsystem. Med 3 \u00e5rs garanti og omfattende eftersalgsservice sikrer vi, at dit k\u00f8b er problemfrit. Vi underst\u00f8tter global forsendelse og im\u00f8dekommer dine ordrebehov hurtigt. Vores engagement i kvalitet og kundetilfredshed g\u00f8r os til det foretrukne valg for b\u00f8nneafh\u00f8stere verden over.<\/p>\n<h2>Udforsk vores produkter<\/h2>\n<p>Udover 4BYH-2.6 kidneyb\u00f8nneaftr\u00e6kkeren tilbyder vi ogs\u00e5 en bred vifte af relaterede produkter og tilbeh\u00f8r, der hj\u00e6lper dig med at str\u00f8mline din landbrugsdrift. Vores robuste produktionskapacitet sikrer produkter af h\u00f8j kvalitet til konkurrencedygtige priser. Med fremragende kundeservice og fokus p\u00e5 din tilfredshed er vi din foretrukne partner, n\u00e5r det g\u00e6lder udstyr til h\u00f8st af b\u00f8nner.<\/p>\n<p>G\u00f8r noget nu! Kontakt os i dag for at udforske 4BYH-2.6 Kidneyb\u00f8nne-aftr\u00e6kkeren og begynd at transformere din b\u00f8nneh\u00f8stproces. Vores team er klar til at hj\u00e6lpe dig med produktvalg, tilpasning og hurtig levering!<\/p>\n<p style=\"text-align: center;\"><img loading=\"lazy\" decoding=\"async\" class=\"alignnone wp-image-421\" src=\"https:\/\/silage-balers.com\/wp-content\/uploads\/2025\/12\/ep-4BYHD4BYHS-3.9-Kidney-Bean-Puller-3-1.webp\" alt=\"Kidneyb\u00f8nne-aftr\u00e6kker\" width=\"400\" height=\"400\" srcset=\"https:\/\/silage-balers.com\/wp-content\/uploads\/2025\/12\/ep-4BYHD4BYHS-3.9-Kidney-Bean-Puller-3-1.webp 273w, https:\/\/silage-balers.com\/wp-content\/uploads\/2025\/12\/ep-4BYHD4BYHS-3.9-Kidney-Bean-Puller-3-1-150x150.webp 150w, https:\/\/silage-balers.com\/wp-content\/uploads\/2025\/12\/ep-4BYHD4BYHS-3.9-Kidney-Bean-Puller-3-1-12x12.webp 12w, https:\/\/silage-balers.com\/wp-content\/uploads\/2025\/12\/ep-4BYHD4BYHS-3.9-Kidney-Bean-Puller-3-1-100x100.webp 100w\" sizes=\"(max-width: 400px) 100vw, 400px\" \/><\/p>\n<h2>Ofte stillede sp\u00f8rgsm\u00e5l (FAQ)<\/h2>\n<h3>1. Hvordan bruger jeg en 6-r\u00e6kket kidneyb\u00f8nneaftr\u00e6kker til h\u00f8st?<\/h3>\n<p>Brug af en 6-r\u00e6kket kidneyb\u00f8nneopsamler indeb\u00e6rer, at maskinen k\u00f8res langs dine b\u00f8nner\u00e6kker. Maskinen tr\u00e6kker automatisk b\u00f8nnerne op af jorden og placerer dem, s\u00e5 de er nemme at opsamle. S\u00f8rg for at justere indstillingerne i henhold til dine jordforhold for at opn\u00e5 de bedste resultater.<\/p>\n<h3>2. Hvad er vedligeholdelsesplanen for 4BYH-2.6 kidneyb\u00f8nneaftr\u00e6kkeren?<\/h3>\n<p>Regelm\u00e6ssig vedligeholdelse b\u00f8r omfatte daglig reng\u00f8ring, kontrol af tegn p\u00e5 slid p\u00e5 bev\u00e6gelige dele og sm\u00f8ring af komponenter. Udf\u00f8r en fuld inspektion og service \u00e5rligt for at sikre optimal ydeevne og forhindre st\u00f8rre problemer.<\/p>\n<h3>3. Kan 4BYH-2.6 kidneyb\u00f8nneaftr\u00e6kkeren bruges p\u00e5 stenet jord?<\/h3>\n<p>4BYH-2.6 kidneyb\u00f8nneaftr\u00e6kkeren er designet til at h\u00e5ndtere en r\u00e6kke forskellige jordtyper. Stenet jord kan dog for\u00e5rsage slid p\u00e5 maskinen over tid. Det anbefales at inspicere maskinen regelm\u00e6ssigt, hvis den bruges i stenet jord, for at sikre lang levetid.<\/p>\n<h3>4. Hvor meget koster 4BYH-2.6 kidneyb\u00f8nneaftr\u00e6kkeren?<\/h3>\n<p>Prisen p\u00e5 4BYH-2.6 <a href=\"https:\/\/silage-balers.com\/da\/vare\/4byhd4byhs-3-9-kidneybonneaftraekker-6-raekker\/\">Kidneyb\u00f8nne-aftr\u00e6kker<\/a> varierer afh\u00e6ngigt af specifikationerne og eventuelle tilpasninger, du m\u00e5tte have brug for. Kontakt os venligst for et tilbud baseret p\u00e5 dine specifikke behov.<\/p>\n<h3>5. Er der garanti p\u00e5 4BYH-2.6 kidneyb\u00f8nneaftr\u00e6kkeren?<\/h3>\n<p>Ja, 4BYH-2.6 kidneyb\u00f8nneaftr\u00e6kkeren leveres med 3 \u00e5rs garanti, hvilket sikrer, at eventuelle defekter eller problemer er d\u00e6kket i en betydelig periode. Vi tilbyder ogs\u00e5 eftersalgssupport for at h\u00e5ndtere eventuelle bekymringer, du m\u00e5tte have i denne periode.<\/p>\n<h3>6. Kan 4BYH-2.6 kidneyb\u00f8nneaftr\u00e6kkeren bruges til andre typer b\u00f8nner?<\/h3>\n<p>Ja, 4BYH-2.6 kidneyb\u00f8nneaftr\u00e6kkeren er alsidig og kan bruges til forskellige typer b\u00f8nner, s\u00e5 l\u00e6nge de deler lignende h\u00f8stbehov. Kontakt os for at h\u00f8re om eventuelle \u00e6ndringer, der kr\u00e6ves til andre afgr\u00f8der.<\/p>\n<h3>7. Hvad er den gennemsnitlige h\u00f8stkapacitet for 4BYH-2.6 kidneyb\u00f8nneaftr\u00e6kkeren?<\/h3>\n<p>4BYH-2.6 kidneyb\u00f8nneopsamleren kan h\u00e5ndtere op til 6 r\u00e6kker ad gangen, hvilket \u00f8ger din h\u00f8stkapacitet betydeligt. Den n\u00f8jagtige kapacitet afh\u00e6nger af faktorer som jordforhold, r\u00e6kkeafstand og b\u00f8nnetype.<\/p>\n<h3>8. Kr\u00e6ver 4BYH-2.6 kidneyb\u00f8nneaftr\u00e6kkeren specialiseret tr\u00e6ning?<\/h3>\n<p>Nej, 4BYH-2.6 kidneyb\u00f8nneaftr\u00e6kkeren er designet til at v\u00e6re brugervenlig. Selvom grundl\u00e6ggende tr\u00e6ning anbefales, kan de fleste landm\u00e6nd betjene maskinen med minimal instruktion. Detaljerede manualer og support er tilg\u00e6ngelig, hvis det er n\u00f8dvendigt.<\/p>\n<h3>9. Kan jeg bestille reservedele til 4BYH-2.6 kidneyb\u00f8nneaftr\u00e6kkeren?<\/h3>\n<p>Ja, vi leverer reservedele til 4BYH-2.6 kidneyb\u00f8nneaftr\u00e6kkeren. Disse dele er tilg\u00e6ngelige via vores kundesupport, hvilket sikrer, at din maskine forts\u00e6tter med at fungere problemfrit i \u00e5revis.<\/p>\n<h3>10. Hvad g\u00f8r 4BYH-2.6 kidneyb\u00f8nneaftr\u00e6kkeren unik i forhold til andre h\u00f8stmaskiner?<\/h3>\n<p>4BYH-2.6 kidneyb\u00f8nneaftr\u00e6kkeren skiller sig ud p\u00e5 grund af sin h\u00f8je effektivitet, brugervenlighed og minimale afgr\u00f8deskade. Den er designet til at h\u00e5ndtere store og sm\u00e5 b\u00f8nneg\u00e5rde og tilbyder fremragende ydeevne under forskellige jordforhold.<\/p>\n<h3>11. Hvor lang tid tager det at h\u00f8ste en mark med 4BYH-2.6 Kidneyb\u00f8nne-aftr\u00e6kkeren?<\/h3>\n<p>Den tid det tager at h\u00f8ste en mark afh\u00e6nger af dens st\u00f8rrelse, jordbundsforhold og b\u00f8nnesort. I gennemsnit kan 4BYH-2.6 Kidney Bean Puller d\u00e6kke store omr\u00e5der betydeligt hurtigere end manuelle h\u00f8stmetoder, hvilket reducerer h\u00f8sttiden med op til 50%.<\/p>\n<h3>12. Kan 4BYH-2.6 kidneyb\u00f8nneaftr\u00e6kkeren bruges til andre afgr\u00f8der end kidneyb\u00f8nner?<\/h3>\n<p>4BYH-2.6 er designet specifikt til kidneyb\u00f8nner, men den kan ogs\u00e5 bruges til andre afgr\u00f8der med lignende h\u00f8stkrav. Kontakt os for r\u00e5dgivning om brugen af \u200b\u200bden til forskellige afgr\u00f8der.<\/p>\n<h3>13. Hvad er den maksimale feltst\u00f8rrelse, som 4BYH-2.6 kidneyb\u00f8nneaftr\u00e6kkeren kan h\u00e5ndtere?<\/h3>\n<p>4BYH-2.6 kan h\u00e5ndtere store marker effektivt. Den er perfekt til kommerciel drift med marker p\u00e5 op til flere hektar, afh\u00e6ngigt af r\u00e6kkernes layout og afstand.<\/p>\n<h3>14. Kan jeg f\u00e5 en demo af 4BYH-2.6 f\u00f8r k\u00f8b?<\/h3>\n<p>Ja, vi tilbyder demonstrationer af 4BYH-2.6. Kontakt venligst vores salgsteam for at planl\u00e6gge en demonstration og se maskinen i aktion, inden du foretager dit k\u00f8b.<\/p>\n<h3>15. Er 4BYH-2.6 kidneyb\u00f8nneaftr\u00e6kkeren nem at transportere?<\/h3>\n<p>Ja, 4BYH-2.6 er designet til nem transport. Den kan tr\u00e6kkes af de fleste traktorer, hvilket g\u00f8r den nem at flytte mellem marker eller steder p\u00e5 din g\u00e5rd.<\/p>\n<p>redigeret af gzl<\/p>","protected":false},"excerpt":{"rendered":"<p>Opdag 4BYHD\/4BYHS-3.9 kidneyb\u00f8nneaftr\u00e6kkeren (6-r\u00e6kket) til effektiv h\u00f8st. \u00d8g produktiviteten med pr\u00e6cisionslandbrugsv\u00e6rkt\u00f8jer. Bestil nu for hurtig levering og bedre udbytter!<\/p>","protected":false},"featured_media":419,"template":"","meta":{"_et_pb_use_builder":"","_et_pb_old_content":"","_et_gb_content_width":""},"product_brand":[],"product_cat":[22],"product_tag":[],"class_list":{"0":"post-418","1":"product","2":"type-product","3":"status-publish","4":"has-post-thumbnail","6":"product_cat-kidney-bean-puller","8":"first","9":"instock","10":"shipping-taxable","11":"product-type-simple"},"_links":{"self":[{"href":"https:\/\/silage-balers.com\/da\/wp-json\/wp\/v2\/product\/418","targetHints":{"allow":["GET"]}}],"collection":[{"href":"https:\/\/silage-balers.com\/da\/wp-json\/wp\/v2\/product"}],"about":[{"href":"https:\/\/silage-balers.com\/da\/wp-json\/wp\/v2\/types\/product"}],"wp:featuredmedia":[{"embeddable":true,"href":"https:\/\/silage-balers.com\/da\/wp-json\/wp\/v2\/media\/419"}],"wp:attachment":[{"href":"https:\/\/silage-balers.com\/da\/wp-json\/wp\/v2\/media?parent=418"}],"wp:term":[{"taxonomy":"product_brand","embeddable":true,"href":"https:\/\/silage-balers.com\/da\/wp-json\/wp\/v2\/product_brand?post=418"},{"taxonomy":"product_cat","embeddable":true,"href":"https:\/\/silage-balers.com\/da\/wp-json\/wp\/v2\/product_cat?post=418"},{"taxonomy":"product_tag","embeddable":true,"href":"https:\/\/silage-balers.com\/da\/wp-json\/wp\/v2\/product_tag?post=418"}],"curies":[{"name":"wp","href":"https:\/\/api.w.org\/{rel}","templated":true}]}}