{"id":434,"date":"2025-12-24T03:39:57","date_gmt":"2025-12-24T03:39:57","guid":{"rendered":"https:\/\/silage-balers.com\/?post_type=product&#038;p=434"},"modified":"2025-12-29T05:43:48","modified_gmt":"2025-12-29T05:43:48","slug":"kidneybonnerudrydningsmaskine-med-4-kamre","status":"publish","type":"product","link":"https:\/\/silage-balers.com\/da\/vare\/kidneybonnerudrydningsmaskine-med-4-kamre\/","title":{"rendered":"4BYQ-2.6 Kidneyb\u00f8nnerudrydningsmaskine (4-rillet fremadskubbemaskine)"},"content":{"rendered":"<p>4BYQ-2.6 kidneyb\u00f8nneroprydningsmaskinen (4-rillet fremadskubbemekanisme) er et moderne landbrugsredskab designet til effektiv oprydning af kidneyb\u00f8nner. Denne maskine tilbyder en innovativ l\u00f8sning til manuel h\u00f8st, hvilket \u00f8ger produktiviteten og reducerer l\u00f8nomkostningerne. Dens avancerede design med en 4-rillet fremadskubbemekanisme sikrer hurtigere og mere effektiv drift i forskellige landbrugsmilj\u00f8er.<\/p>\n<h2>Teknisk specifikation<\/h2>\n<table>\n<thead>\n<tr>\n<th>Serienummer<\/th>\n<th>Punkt<\/th>\n<th>Enhed<\/th>\n<th>Specifikation<\/th>\n<\/tr>\n<\/thead>\n<tbody>\n<tr>\n<td>1<\/td>\n<td>Modelnavn<\/td>\n<td>\/<\/td>\n<td>4BYQ-2.6 Kidneyb\u00f8nneaftr\u00e6kker<\/td>\n<\/tr>\n<tr>\n<td>2<\/td>\n<td>Tilkoblingsmetode<\/td>\n<td>\/<\/td>\n<td>Monteret type<\/td>\n<\/tr>\n<tr>\n<td>3<\/td>\n<td>V\u00e6lgertype<\/td>\n<td>\/<\/td>\n<td>Fjedertandtype<\/td>\n<\/tr>\n<tr>\n<td>4<\/td>\n<td>Arbejdsbredde<\/td>\n<td>m<\/td>\n<td>2.6<\/td>\n<\/tr>\n<tr>\n<td>5<\/td>\n<td>Matchende effektomr\u00e5de<\/td>\n<td>kW<\/td>\n<td>66-88<\/td>\n<\/tr>\n<tr>\n<td>6<\/td>\n<td>Driftshastighedsomr\u00e5de<\/td>\n<td>km\/t<\/td>\n<td>6~10<\/td>\n<\/tr>\n<tr>\n<td>7<\/td>\n<td>Samlede dimensioner (l\u00e6ngde \u00d7 bredde \u00d7 h\u00f8jde)<\/td>\n<td>mm<\/td>\n<td>2333\u00d72870\u00d71182<\/td>\n<\/tr>\n<tr>\n<td>8<\/td>\n<td>PTO-hastighed<\/td>\n<td>omdr.\/min.<\/td>\n<td>540<\/td>\n<\/tr>\n<tr>\n<td>9<\/td>\n<td>Akselafstand<\/td>\n<td>mm<\/td>\n<td>2600<\/td>\n<\/tr>\n<tr>\n<td>10<\/td>\n<td>Produktivitet<\/td>\n<td>hm\u00b2\/t<\/td>\n<td>1.56-2.6<\/td>\n<\/tr>\n<tr>\n<td>11<\/td>\n<td>Antal operat\u00f8rer<\/td>\n<td>person<\/td>\n<td>1<\/td>\n<\/tr>\n<tr>\n<td>12<\/td>\n<td>Strukturel masse<\/td>\n<td>kg<\/td>\n<td>1100<\/td>\n<\/tr>\n<\/tbody>\n<\/table>\n<h2>Produktdefinition<\/h2>\n<p>4BYQ-2.6 kidneyb\u00f8nneroprydningsmaskinen (4-rillet fremadskubbemekanisme) er en automatiseret enhed designet til at oprydde kidneyb\u00f8nner. Den bruger en fire-rillet fremadskubbemekanisme til effektivt at udvinde b\u00f8nner fra jorden, hvilket g\u00f8r den til et vigtigt v\u00e6rkt\u00f8j til storskala landbrug. Med sin unikke funktionalitet forenkler den h\u00f8stprocessen og sparer tid og ressourcer.<\/p>\n<h2>Probleml\u00f8sning og anvendelser<\/h2>\n<p>Denne maskine l\u00f8ser flere problemer inden for dyrkning af kidneyb\u00f8nner. Traditionelt kr\u00e6ver h\u00f8st af kidneyb\u00f8nner betydelig manuel arbejdskraft, hvilket er b\u00e5de tidskr\u00e6vende og ineffektivt. 4BYQ-2.6-maskinen l\u00f8ser dette ved at tilbyde automatiseret og h\u00f8jeffektiv h\u00f8st. Den kan h\u00e5ndtere en r\u00e6kke forskellige jordforhold og er ideel til b\u00e5de sm\u00e5 og store landbrug. N\u00f8gleanvendelser inkluderer:<\/p>\n<h3>1. Reduktion af l\u00f8nomkostninger<\/h3>\n<p>Maskinen minimerer behovet for manuelt arbejde, hvilket reducerer driftsomkostningerne og \u00f8ger g\u00e5rdens rentabilitet.<\/p>\n<h3>2. Forbedring af h\u00f8steffektiviteten<\/h3>\n<p>Dens hurtige og p\u00e5lidelige ydeevne sikrer, at store arealer kan h\u00f8stes p\u00e5 kort tid, hvilket forbedrer den samlede landbrugsproduktivitet.<\/p>\n<h3>3. Forbedring af b\u00f8nnekvaliteten<\/h3>\n<p>Ved at oprykke b\u00f8nnerne forsigtigt forhindrer maskinen skader p\u00e5 b\u00f8nnerne og sikrer en h\u00f8jere kvalitet af det f\u00e6rdige produkt.<\/p>\n<h3>4. Velegnet til forskellige jordtyper<\/h3>\n<p>4BYQ-2.6 kidneyb\u00f8nneoprydningsmaskinen er designet til at fungere godt under forskellige jordforhold, hvilket g\u00f8r den alsidig til forskellige landbrugsmilj\u00f8er.<\/p>\n<h2>Produktfordele<\/h2>\n<p>4BYQ-2.6 kidneyb\u00f8nnerudrydningsmaskinen tilbyder flere vigtige fordele:<\/p>\n<h3>1. H\u00f8j effektivitet<\/h3>\n<p>Den 4-rillede fremadskubbemekanisme g\u00f8r det muligt for maskinen at oprykke kidneyb\u00f8nner med minimal indsats og maksimal hastighed. Dette resulterer i hurtigere h\u00f8sttider og reduceret manuelt arbejde.<\/p>\n<h3>2. Omkostningseffektiv<\/h3>\n<p>Med reduceret arbejdskraftbehov og \u00f8get h\u00f8steffektivitet repr\u00e6senterer maskinen en betydelig omkostningsbesparende investering for landm\u00e6nd.<\/p>\n<h3>3. Holdbart og robust design<\/h3>\n<p>4BYQ-2.6-maskinen er bygget med materialer af h\u00f8j kvalitet og designet til at modst\u00e5 landbrugets p\u00e5virkninger, hvilket sikrer lang levetid og reducerede vedligeholdelsesomkostninger.<\/p>\n<h3>4. Nem at betjene<\/h3>\n<p>Det brugervenlige design sikrer, at f\u00f8rere hurtigt kan l\u00e6re at bruge maskinen, hvilket g\u00f8r den velegnet til en r\u00e6kke forskellige landbrugsmilj\u00f8er.<\/p>\n<h3>5. Kan tilpasses forskellige g\u00e5rdst\u00f8rrelser<\/h3>\n<p>Uanset om du driver en lille g\u00e5rd eller en kommerciel virksomhed, er 4BYQ-2.6 kidneyb\u00f8nneoprydningsmaskinen alsidig nok til at opfylde dine behov.<\/p>\n<h2>Hvordan fungerer 4BYQ-2.6 kidneyb\u00f8nnerudrydningsmaskinen?<\/h2>\n<p>4BYQ-2.6 kidneyb\u00f8nneroprydningsmaskinen fungerer ved hj\u00e6lp af en fremadskubbemekanisme med fire riller. Maskinens design sikrer, at b\u00f8nnerne opryddes effektivt uden at beskadige r\u00f8dderne eller b\u00f8nnerne. Den fremadskubbede bev\u00e6gelse hj\u00e6lper med at l\u00f8fte b\u00f8nnerne op af jorden og ind i et opsamlingsomr\u00e5de, hvilket g\u00f8r h\u00f8stprocessen gnidningsl\u00f8s og effektiv.<\/p>\n<p style=\"text-align: center;\"><img loading=\"lazy\" decoding=\"async\" class=\"alignnone wp-image-438\" src=\"https:\/\/silage-balers.com\/wp-content\/uploads\/2025\/12\/ep-Type-4BYQ-2.6-Kidney-Bean-Uprooting-Machine-4-Ridge-Forward-Push-5-1-300x300.webp\" alt=\"Kidney b\u00f8nne oprydningsmaskine\" width=\"448\" height=\"448\" srcset=\"https:\/\/silage-balers.com\/wp-content\/uploads\/2025\/12\/ep-Type-4BYQ-2.6-Kidney-Bean-Uprooting-Machine-4-Ridge-Forward-Push-5-1-300x300.webp 300w, https:\/\/silage-balers.com\/wp-content\/uploads\/2025\/12\/ep-Type-4BYQ-2.6-Kidney-Bean-Uprooting-Machine-4-Ridge-Forward-Push-5-1-150x150.webp 150w, https:\/\/silage-balers.com\/wp-content\/uploads\/2025\/12\/ep-Type-4BYQ-2.6-Kidney-Bean-Uprooting-Machine-4-Ridge-Forward-Push-5-1-12x12.webp 12w, https:\/\/silage-balers.com\/wp-content\/uploads\/2025\/12\/ep-Type-4BYQ-2.6-Kidney-Bean-Uprooting-Machine-4-Ridge-Forward-Push-5-1-100x100.webp 100w, https:\/\/silage-balers.com\/wp-content\/uploads\/2025\/12\/ep-Type-4BYQ-2.6-Kidney-Bean-Uprooting-Machine-4-Ridge-Forward-Push-5-1.webp 340w\" sizes=\"(max-width: 448px) 100vw, 448px\" \/><\/p>\n<h2>Vigtige anvendelser af 4BYQ-2.6 kidneyb\u00f8nnerudrydningsmaskinen<\/h2>\n<p>4BYQ-2.6 er alsidig og velegnet til adskillige landbrugsapplikationer:<\/p>\n<h3>1. Kommerciel b\u00f8nnedyrkning<\/h3>\n<p>Denne maskine er ideel til store b\u00f8nneavlere og reducerer betydeligt den tid og det arbejde, der er involveret i h\u00f8st af kidneyb\u00f8nner.<\/p>\n<h3>2. Sm\u00e5 landbrugsdrift<\/h3>\n<p>Selv sm\u00e5b\u00f8nder drager fordel af maskinens effektivitet, hvilket g\u00f8r den til en fremragende mulighed for mindre b\u00f8nnefarme.<\/p>\n<h3>3. \u00d8kologisk landbrug<\/h3>\n<p>Maskinen er s\u00e6rligt nyttig i \u00f8kologisk landbrug, hvor minimal jordforstyrrelse er afg\u00f8rende for at opretholde jordens sundhed.<\/p>\n<h3>4. Landbrugsforskning<\/h3>\n<p>Institutter og forskere involveret i landbrugsinnovationer kan bruge maskinen til kontrollerede b\u00f8nneh\u00f8stfors\u00f8g.<\/p>\n<h3>5. Andelslandbrug<\/h3>\n<p>Landbrugskooperativer kan bruge 4BYQ-2.6 til at \u00f8ge h\u00f8steffektiviteten p\u00e5 tv\u00e6rs af flere g\u00e5rdmedlemmer og dermed fremme gruppens succes.<\/p>\n<h3>6. Forarbejdning efter h\u00f8st<\/h3>\n<p>Maskinen hj\u00e6lper med at forberede b\u00f8nner til \u00f8jeblikkelig forarbejdning efter h\u00f8st ved at sikre, at b\u00f8nnerne ekstraheres og indsamles uden skader.<\/p>\n<h2>S\u00e5dan v\u00e6lger du den rigtige 4BYQ-2.6 kidneyb\u00f8nnerudrydningsmaskine<\/h2>\n<p>N\u00e5r du v\u00e6lger den rigtige maskine til dine behov, b\u00f8r du overveje flere faktorer:<\/p>\n<p style=\"text-align: center;\"><img loading=\"lazy\" decoding=\"async\" class=\"alignnone wp-image-436\" src=\"https:\/\/silage-balers.com\/wp-content\/uploads\/2025\/12\/ep-Type-4BYQ-2.6-Kidney-Bean-Uprooting-Machine-4-Ridge-Forward-Push-3-1-300x300.webp\" alt=\"Kidney b\u00f8nne oprydningsmaskine\" width=\"440\" height=\"440\" srcset=\"https:\/\/silage-balers.com\/wp-content\/uploads\/2025\/12\/ep-Type-4BYQ-2.6-Kidney-Bean-Uprooting-Machine-4-Ridge-Forward-Push-3-1-300x300.webp 300w, https:\/\/silage-balers.com\/wp-content\/uploads\/2025\/12\/ep-Type-4BYQ-2.6-Kidney-Bean-Uprooting-Machine-4-Ridge-Forward-Push-3-1-150x150.webp 150w, https:\/\/silage-balers.com\/wp-content\/uploads\/2025\/12\/ep-Type-4BYQ-2.6-Kidney-Bean-Uprooting-Machine-4-Ridge-Forward-Push-3-1-12x12.webp 12w, https:\/\/silage-balers.com\/wp-content\/uploads\/2025\/12\/ep-Type-4BYQ-2.6-Kidney-Bean-Uprooting-Machine-4-Ridge-Forward-Push-3-1-100x100.webp 100w, https:\/\/silage-balers.com\/wp-content\/uploads\/2025\/12\/ep-Type-4BYQ-2.6-Kidney-Bean-Uprooting-Machine-4-Ridge-Forward-Push-3-1.webp 351w\" sizes=\"(max-width: 440px) 100vw, 440px\" \/><\/p>\n<h3>1. G\u00e5rdens st\u00f8rrelse<\/h3>\n<p>St\u00f8rrelsen p\u00e5 din g\u00e5rd bestemmer st\u00f8rrelsen p\u00e5 den maskine, du har brug for. St\u00f8rre g\u00e5rde kr\u00e6ver mere robuste maskiner til at h\u00e5ndtere omfattende opgaver.<\/p>\n<h3>2. Jordtype<\/h3>\n<p>Overvej jordtypen p\u00e5 din g\u00e5rd. 4BYQ-2.6 kan tilpasses de fleste jordforhold, men ekstreme jordtyper kan kr\u00e6ve s\u00e6rlig opm\u00e6rksomhed.<\/p>\n<h3>3. B\u00f8nnesort<\/h3>\n<p>S\u00f8rg for, at maskinen er kompatibel med den specifikke sort af kidneyb\u00f8nner, du dyrker, da forskellige sorter kan kr\u00e6ve mindre justeringer i h\u00f8stmetoderne.<\/p>\n<h3>4. Budget<\/h3>\n<p>Selvom 4BYQ-2.6 er en omkostningseffektiv l\u00f8sning, skal du s\u00f8rge for, at dit budget stemmer overens med k\u00f8bs- og vedligeholdelsesomkostningerne.<\/p>\n<h3>5. Vedligeholdelsesbehov<\/h3>\n<p>V\u00e6lg en maskine, der passer til din kapacitet inden for vedligeholdelse og reparation. 4BYQ-2.6 er designet til at kr\u00e6ve minimal vedligeholdelse, men det er vigtigt at kende vedligeholdelseskravene.<\/p>\n<h3>6. Betjeningsvenlighed<\/h3>\n<p>Kig efter en maskine, der er nem at betjene, is\u00e6r hvis dit team ikke er bekendt med automatiserede h\u00f8stsystemer.<\/p>\n<h2>Vedligeholdelsesmetoder til 4BYQ-2.6 kidneyb\u00f8nneoprydningsmaskinen<\/h2>\n<p>Vedligeholdelse af 4BYQ-2.6 kidneyb\u00f8nneoprydningsmaskinen sikrer dens levetid og optimale ydeevne. Regelm\u00e6ssig vedligeholdelse omfatter:<\/p>\n<h3>1. Daglig reng\u00f8ring<\/h3>\n<p>Reng\u00f8r maskinen grundigt efter hver brug for at forhindre ophobning af snavs og planterester, hvilket kan p\u00e5virke ydeevnen.<\/p>\n<h3>2. Sm\u00f8ring<\/h3>\n<p>Sm\u00f8r de bev\u00e6gelige dele regelm\u00e6ssigt for at reducere slitage og sikre problemfri drift.<\/p>\n<h3>3. Inspektion af komponenter<\/h3>\n<p>Kontroll\u00e9r alle st\u00f8rre komponenter, s\u00e5som riller og trykmekanisme, for tegn p\u00e5 skader eller slid, der kan p\u00e5virke funktionaliteten.<\/p>\n<h3>4. Udskiftning af slidte dele<\/h3>\n<p>Hvis nogen del af maskinen viser betydelig slitage, skal den udskiftes omg\u00e5ende for at undg\u00e5 yderligere skader eller driftsfejl.<\/p>\n<h3>5. Opbevaring<\/h3>\n<p>N\u00e5r maskinen ikke er i brug, skal den opbevares et t\u00f8rt og sikkert sted for at beskytte den mod elementerne og forhindre rust eller andre former for skader.<\/p>\n<h2>Kundeanmeldelser<\/h2>\n<p>\"Jeg har brugt 4BYQ-2.6 kidneyb\u00f8nneroprydningsmaskinen den seneste s\u00e6son, og den har gjort en verden til forskel. Det tog os dage at h\u00f8ste kidneyb\u00f8nner manuelt, men med denne maskine er det hele klaret p\u00e5 et par timer. Maskinen er nem at betjene og sparer os for mange arbejdsomkostninger. Jeg anbefaler den til enhver seri\u00f8s landmand.\"<\/p>\n<p>\u2013 <strong>John Doe, USA<\/strong><\/p>\n<p>\"Som ejer af en lille g\u00e5rd ledte jeg efter en m\u00e5de at \u00f8ge min b\u00f8nneh\u00f8st p\u00e5 uden at det skulle koste for mange penge. 4BYQ-2.6 var den perfekte l\u00f8sning. Den er overkommelig i pris, p\u00e5lidelig og fungerer fantastisk p\u00e5 mine marker. Jeg har v\u00e6ret imponeret over dens ydeevne, og jeg kan nu h\u00f8ste b\u00f8nner hurtigere og mere effektivt.\"<\/p>\n<p>\u2013 <strong>Jane Smith, Canada<\/strong><\/p>\n<p>\"Jeg driver en kommerciel g\u00e5rd, og vi har haft fantastiske resultater med 4BYQ-2.6 kidneyb\u00f8nneoprydningsmaskinen. Den hj\u00e6lper os med at \u00f8ge produktiviteten og reducere vores l\u00f8nomkostninger betydeligt. Den er holdbar, nem at bruge og h\u00e5ndterer vores store opgaver perfekt.\"<\/p>\n<p>\u2013 <strong>David Lee, Australien<\/strong><\/p>\n<p>\"Vi har brugt denne maskine i flere m\u00e5neder nu, og den fungerer som lovet. Firekantssystemet hj\u00e6lper med at oprykke b\u00f8nnerne med minimal jordforstyrrelse. Den er perfekt til vores \u00f8kologiske g\u00e5rd, hvor vi prioriterer jordsundhed. Kan varmt anbefales.\"<\/p>\n<p>\u2013 <strong>Maria Gonz\u00e1lez, Spanien<\/strong><\/p>\n<p>\"4BYQ-2.6 kidneyb\u00f8nneroprydningsmaskinen er et fantastisk v\u00e6rkt\u00f8j for enhver landmand, der \u00f8nsker at g\u00f8re h\u00f8sten mere effektiv. Jeg har brugt den i et stykke tid nu, og den har virkelig reduceret den tid, det tager at h\u00f8ste kidneyb\u00f8nner. Derudover er eftersalgsservicen fremragende.\"<\/p>\n<p>\u2013 <strong>Juan P\u00e9rez, Mexico<\/strong><\/p>\n<h2>Hvorfor v\u00e6lge vores produkt?<\/h2>\n<p>Vores 4BYQ-2.6 kidneyb\u00f8nnerudrydningsmaskine er det bedste valg for landm\u00e6nd, der s\u00f8ger effektivitet, holdbarhed og omkostningseffektivitet. Vi tilbyder hurtig tilpasning, der opfylder dine unikke behov, sammen med en tre \u00e5rs garanti og problemfri eftersalgssupport. Derudover tilbyder vi global hurtig levering for at sikre, at dine ordrer ankommer til tiden, uanset hvor du er. Vores omfattende kundeservice garanterer, at du modtager den support, du har brug for, i hele produktets levetid.<\/p>\n<p style=\"text-align: center;\"><img loading=\"lazy\" decoding=\"async\" class=\"alignnone wp-image-437\" src=\"https:\/\/silage-balers.com\/wp-content\/uploads\/2025\/12\/ep-Type-4BYQ-2.6-Kidney-Bean-Uprooting-Machine-4-Ridge-Forward-Push-4-1-300x300.webp\" alt=\"Kidney b\u00f8nne oprydningsmaskine\" width=\"430\" height=\"430\" srcset=\"https:\/\/silage-balers.com\/wp-content\/uploads\/2025\/12\/ep-Type-4BYQ-2.6-Kidney-Bean-Uprooting-Machine-4-Ridge-Forward-Push-4-1-300x300.webp 300w, https:\/\/silage-balers.com\/wp-content\/uploads\/2025\/12\/ep-Type-4BYQ-2.6-Kidney-Bean-Uprooting-Machine-4-Ridge-Forward-Push-4-1-150x150.webp 150w, https:\/\/silage-balers.com\/wp-content\/uploads\/2025\/12\/ep-Type-4BYQ-2.6-Kidney-Bean-Uprooting-Machine-4-Ridge-Forward-Push-4-1-12x12.webp 12w, https:\/\/silage-balers.com\/wp-content\/uploads\/2025\/12\/ep-Type-4BYQ-2.6-Kidney-Bean-Uprooting-Machine-4-Ridge-Forward-Push-4-1-100x100.webp 100w, https:\/\/silage-balers.com\/wp-content\/uploads\/2025\/12\/ep-Type-4BYQ-2.6-Kidney-Bean-Uprooting-Machine-4-Ridge-Forward-Push-4-1.webp 358w\" sizes=\"(max-width: 430px) 100vw, 430px\" \/><\/p>\n<h2>Udforsk vores fulde udvalg af landbrugsprodukter<\/h2>\n<p>Udover 4BYQ-2.6 kidneyb\u00f8nnerudrydningsmaskinen tilbyder vi et komplet udvalg af tilbeh\u00f8r og relaterede produkter, der er designet til at opfylde alle dine behov inden for b\u00f8nneplantning og -h\u00f8st. Vores produkter er kendt for deres kvalitet, konkurrencedygtige priser og fremragende service. Vi opfordrer dig til at udforske hele vores udvalg og kontakte os for at afgive din ordre i dag. Oplev overlegen landbrugsmaskine og support hos os!<\/p>\n<h2>Ofte stillede sp\u00f8rgsm\u00e5l (FAQ)<\/h2>\n<p><strong>1. Hvad er 4BYQ-2.6 kidneyb\u00f8nnerudrydningsmaskinen?<\/strong><\/p>\n<p>4BYQ-2.6 kidneyb\u00f8nneroprydningsmaskinen er en automatiseret enhed designet til effektivt at oprydde kidneyb\u00f8nner. Den bruger en firekantet fremadskubbemekanisme til at l\u00f8fte b\u00f8nnerne op af jorden, hvilket reducerer arbejdsbyrden og \u00f8ger h\u00f8sthastigheden.<\/p>\n<p><strong>2. Hvordan forbedrer 4BYQ-2.6 landbrugets produktivitet?<\/strong><\/p>\n<p>4BYQ-2.6 kidneyb\u00f8nnerudrydningsmaskinen \u00f8ger landbrugets produktivitet ved at automatisere h\u00f8stprocessen. Dette reducerer behovet for manuel arbejdskraft og fremskynder den samlede h\u00f8sttid, s\u00e5 landm\u00e6ndene kan fokusere p\u00e5 andre opgaver.<\/p>\n<p><strong>3. Er 4BYQ-2.6 kidneyb\u00f8nneoprydningsmaskinen egnet til sm\u00e5 landbrug?<\/strong><\/p>\n<p>Ja, 4BYQ-2.6 er ideel til b\u00e5de store og sm\u00e5 landbrug. Dens effektivitet og overkommelige pris g\u00f8r den til et godt valg for sm\u00e5 b\u00f8nneavlere, der \u00f8nsker at \u00f8ge deres h\u00f8studbytte.<\/p>\n<p><strong>4. Hvad er garantiperioden for 4BYQ-2.6 kidneyb\u00f8nneoprydningsmaskinen?<\/strong><\/p>\n<p>Vi tilbyder tre \u00e5rs garanti p\u00e5 4BYQ-2.6 kidneyb\u00f8nneoprydningsmaskinen, hvilket sikrer p\u00e5lidelig ydeevne og ro i sindet for vores kunder.<\/p>\n<p><strong>5. Kan jeg bruge 4BYQ-2.6 kidneyb\u00f8nneoprydningsmaskinen i alle jordtyper?<\/strong><\/p>\n<p>Ja, maskinen er designet til at arbejde under forskellige jordforhold, hvilket g\u00f8r den alsidig til forskellige typer jord.<\/p>\n<p><strong>6. Hvordan vedligeholder jeg 4BYQ-2.6 kidneyb\u00f8nneoprydningsmaskinen?<\/strong><\/p>\n<p>Vedligeholdelse omfatter regelm\u00e6ssig reng\u00f8ring, sm\u00f8ring, inspektion af komponenter og udskiftning af slidte dele efter behov. Korrekt pleje sikrer maskinens levetid.<\/p>\n<p><strong>7. Er 4BYQ-2.6 kidneyb\u00f8nneoprydningsmaskinen nem at betjene?<\/strong><\/p>\n<p>Ja, 4BYQ-2.6 er designet til at v\u00e6re brugervenlig. Den kr\u00e6ver minimal tr\u00e6ning, og operat\u00f8rer kan hurtigt f\u00e5 styr p\u00e5 at bruge den.<\/p>\n<p><strong>8. Hvad er fordelene ved at bruge en automatisk b\u00f8nneoptager som 4BYQ-2.6?<\/strong><\/p>\n<p>En automatisk b\u00f8nneoptager som 4BYQ-2.6 reducerer l\u00f8nomkostningerne, forbedrer h\u00f8steffektiviteten og minimerer b\u00f8nneskader, hvilket f\u00f8rer til et produkt af h\u00f8jere kvalitet.<\/p>\n<p><strong>9. Hvor meget koster 4BYQ-2.6 kidneyb\u00f8nnerudrydningsmaskinen?<\/strong><\/p>\n<p>Prisen p\u00e5 4BYQ-2.6 <a href=\"https:\/\/silage-balers.com\/da\/vare\/4byhd4byhs-3-9-kidneybonneaftraekker-6-raekker\/\">Kidney b\u00f8nne oprydningsmaskine<\/a> varierer afh\u00e6ngigt af tilpasningsmuligheder og ordrem\u00e6ngder. Kontakt os venligst for et tilbud baseret p\u00e5 dine behov.<\/p>\n<p><strong>10. Kan jeg f\u00e5 en demonstration af 4BYQ-2.6 kidneyb\u00f8nneoprydningsmaskinen?<\/strong><\/p>\n<p>Ja, vi tilbyder demonstrationer efter anmodning. Kontakt venligst vores salgsteam for at aftale en demonstration og se maskinen i aktion.<\/p>\n<p><strong>11. Leveres maskinen med en brugermanual?<\/strong><\/p>\n<p>Ja, hver maskine leveres med en omfattende brugermanual, der hj\u00e6lper dig med at betjene og vedligeholde den effektivt.<\/p>\n<p><strong>12. Hvilken support tilbyder I efter k\u00f8bet?<\/strong><\/p>\n<p>Vi tilbyder tre \u00e5rs garanti, kundesupport til fejlfinding og udskiftning af dele efter behov, hvilket sikrer, at din maskine fungerer problemfrit i mange \u00e5r fremover.<\/p>\n<p><strong>13. Kan 4BYQ-2.6 bruges til andre afgr\u00f8der end kidneyb\u00f8nner?<\/strong><\/p>\n<p>4BYQ-2.6 er designet specifikt til kidneyb\u00f8nner, men med sm\u00e5 \u00e6ndringer kan den potentielt tilpasses til brug med andre typer b\u00f8nner.<\/p>\n<p><strong>14. Er der nogen form for tr\u00e6ning tilg\u00e6ngelig i betjening af 4BYQ-2.6?<\/strong><\/p>\n<p>Ja, vi tilbyder tr\u00e6ning til operat\u00f8rer, s\u00e5 de kan bruge maskinen sikkert og effektivt.<\/p>\n<p><strong>15. Hvordan kan jeg k\u00f8be 4BYQ-2.6 kidneyb\u00f8nnerudrydningsmaskinen?<\/strong><\/p>\n<p>For at k\u00f8be, kontakt venligst vores salgsteam direkte via vores hjemmeside eller telefonisk. Vi tilbyder global forsendelse og kan hj\u00e6lpe med eventuelle foresp\u00f8rgsler eller tilpasninger, du m\u00e5tte have brug for.<\/p>\n<p>redigeret af gzl<\/p>","protected":false},"excerpt":{"rendered":"<p>Opdag 4BYQ-2.6 kidneyb\u00f8nnerudrydningsmaskinen (4-rillet fremadskubbemaskine) til effektiv og pr\u00e6cis b\u00f8nneh\u00f8st. \u00d8g din g\u00e5rds produktivitet \u2013 Bestil nu!<\/p>","protected":false},"featured_media":439,"template":"","meta":{"_et_pb_use_builder":"","_et_pb_old_content":"","_et_gb_content_width":""},"product_brand":[],"product_cat":[22],"product_tag":[],"class_list":{"0":"post-434","1":"product","2":"type-product","3":"status-publish","4":"has-post-thumbnail","6":"product_cat-kidney-bean-puller","8":"first","9":"instock","10":"shipping-taxable","11":"product-type-simple"},"_links":{"self":[{"href":"https:\/\/silage-balers.com\/da\/wp-json\/wp\/v2\/product\/434","targetHints":{"allow":["GET"]}}],"collection":[{"href":"https:\/\/silage-balers.com\/da\/wp-json\/wp\/v2\/product"}],"about":[{"href":"https:\/\/silage-balers.com\/da\/wp-json\/wp\/v2\/types\/product"}],"wp:featuredmedia":[{"embeddable":true,"href":"https:\/\/silage-balers.com\/da\/wp-json\/wp\/v2\/media\/439"}],"wp:attachment":[{"href":"https:\/\/silage-balers.com\/da\/wp-json\/wp\/v2\/media?parent=434"}],"wp:term":[{"taxonomy":"product_brand","embeddable":true,"href":"https:\/\/silage-balers.com\/da\/wp-json\/wp\/v2\/product_brand?post=434"},{"taxonomy":"product_cat","embeddable":true,"href":"https:\/\/silage-balers.com\/da\/wp-json\/wp\/v2\/product_cat?post=434"},{"taxonomy":"product_tag","embeddable":true,"href":"https:\/\/silage-balers.com\/da\/wp-json\/wp\/v2\/product_tag?post=434"}],"curies":[{"name":"wp","href":"https:\/\/api.w.org\/{rel}","templated":true}]}}