{"id":458,"date":"2025-12-26T05:10:50","date_gmt":"2025-12-26T05:10:50","guid":{"rendered":"https:\/\/silage-balers.com\/?post_type=product&#038;p=458"},"modified":"2025-12-29T05:42:29","modified_gmt":"2025-12-29T05:42:29","slug":"9ycm-850-integreret-maskine","status":"publish","type":"product","link":"https:\/\/silage-balers.com\/da\/vare\/9ycm-850-integreret-maskine\/","title":{"rendered":"9YCM-850 integreret ballepresnings- og indpakningsmaskine"},"content":{"rendered":"<p>Den integrerede 9YCM-850 ballepresnings- og indpakningsmaskine er et alsidigt og effektivt landbrugsudstyr designet til at str\u00f8mline processen med ballepresning og indpakning af landbrugsprodukter som h\u00f8, halm og ensilage. Denne maskine integrerer to n\u00f8glefunktioner - pakning og indpakning - i \u00e9n enhed, hvilket forbedrer produktionseffektiviteten og reducerer l\u00f8nomkostningerne. Den er specielt designet til effektiv drift i landbrugsmilj\u00f8er.<\/p>\n<h2>Teknisk specifikation<\/h2>\n<table style=\"border-color: #000000; width: 530px;\">\n<thead>\n<tr>\n<th style=\"width: 52.9766px;\">Serienummer<\/th>\n<th style=\"width: 151.609px;\">Punkt<\/th>\n<th style=\"width: 65.3828px; text-align: center;\">Enhed<\/th>\n<th style=\"width: 232.031px;\">Specifikation<\/th>\n<\/tr>\n<\/thead>\n<tbody>\n<tr>\n<td style=\"text-align: center; width: 52.9766px;\">1<\/td>\n<td style=\"width: 151.609px;\">Produktnavn<\/td>\n<td style=\"width: 65.3828px; text-align: center;\">\/<\/td>\n<td style=\"width: 232.031px;\">9YCM-850 integreret ballepresser og indpakningsmaskine<\/td>\n<\/tr>\n<tr>\n<td style=\"text-align: center; width: 52.9766px;\">2<\/td>\n<td style=\"width: 151.609px;\">Balledimensioner (diameter \u00d7 l\u00e6ngde)<\/td>\n<td style=\"width: 65.3828px; text-align: center;\">cm<\/td>\n<td style=\"width: 232.031px;\">\u03c685-90\u00d785<\/td>\n<\/tr>\n<tr>\n<td style=\"text-align: center; width: 52.9766px;\">3<\/td>\n<td style=\"width: 151.609px;\">Ballevolumen<\/td>\n<td style=\"width: 65.3828px; text-align: center;\">M\u00b3<\/td>\n<td style=\"width: 232.031px;\">0.48-0.54<\/td>\n<\/tr>\n<tr>\n<td style=\"text-align: center; width: 52.9766px;\">4<\/td>\n<td style=\"width: 151.609px;\">Tragtvolumen<\/td>\n<td style=\"width: 65.3828px; text-align: center;\">M\u00b3<\/td>\n<td style=\"width: 232.031px;\">2.5<\/td>\n<\/tr>\n<tr>\n<td style=\"text-align: center; width: 52.9766px;\">5<\/td>\n<td style=\"width: 151.609px;\">Matchende kraft<\/td>\n<td style=\"width: 65.3828px; text-align: center;\">\/<\/td>\n<td style=\"width: 232.031px;\">\u2265120 HK<\/td>\n<\/tr>\n<tr>\n<td style=\"text-align: center; width: 52.9766px;\">6<\/td>\n<td style=\"width: 151.609px;\">Samlede dimensioner (l\u00e6ngde \u00d7 bredde \u00d7 h\u00f8jde)<\/td>\n<td style=\"width: 65.3828px; text-align: center;\">m<\/td>\n<td style=\"width: 232.031px;\">7,00\u00d72,19\u00d73,03<\/td>\n<\/tr>\n<tr>\n<td style=\"text-align: center; width: 52.9766px;\">7<\/td>\n<td style=\"width: 151.609px;\">D\u00e6kspecifikation<\/td>\n<td style=\"width: 65.3828px; text-align: center;\">\/<\/td>\n<td style=\"width: 232.031px;\">295\/60-15<\/td>\n<\/tr>\n<tr>\n<td style=\"text-align: center; width: 52.9766px;\">8<\/td>\n<td style=\"width: 151.609px;\">PTO-udgang<\/td>\n<td style=\"width: 65.3828px; text-align: center;\">omdrejninger i minuttet<\/td>\n<td style=\"width: 232.031px;\">540<\/td>\n<\/tr>\n<tr>\n<td style=\"text-align: center; width: 52.9766px;\">9<\/td>\n<td style=\"width: 151.609px;\">Hydrauliske krav<\/td>\n<td style=\"width: 65.3828px; text-align: center;\">\/<\/td>\n<td style=\"width: 232.031px;\">1\u00d71\/2 tommer 1\u00d73\/4 tommer<\/td>\n<\/tr>\n<tr>\n<td style=\"text-align: center; width: 52.9766px;\">10<\/td>\n<td style=\"width: 151.609px;\">Elektriske krav<\/td>\n<td style=\"width: 65.3828px; text-align: center;\">\/<\/td>\n<td style=\"width: 232.031px;\">12V DC<\/td>\n<\/tr>\n<tr>\n<td style=\"text-align: center; width: 52.9766px;\">11<\/td>\n<td style=\"width: 151.609px;\">Kontrolsystem<\/td>\n<td style=\"width: 65.3828px; text-align: center;\">\/<\/td>\n<td style=\"width: 232.031px;\">Elektronisk styresystem<\/td>\n<\/tr>\n<tr>\n<td style=\"text-align: center; width: 52.9766px;\">12<\/td>\n<td style=\"width: 151.609px;\">Produktivitet<\/td>\n<td style=\"width: 65.3828px; text-align: center;\">baller\/time<\/td>\n<td style=\"width: 232.031px;\">30-40<\/td>\n<\/tr>\n<\/tbody>\n<\/table>\n<h2>Produktdefinition<\/h2>\n<p>Den integrerede 9YCM-850 ballepresnings- og indpakningsmaskine er en avanceret landbrugsmaskine, der kombinerer processerne ballepresning og indpakning i \u00e9n problemfri operation. Den bruges prim\u00e6rt til emballering af h\u00f8, halm og andre landbrugsprodukter, hvilket sikrer maksimal opbevaring og nem transport.<\/p>\n<h2>Udfordringer l\u00f8st af den integrerede 9YCM-850 ballepresnings- og indpakningsmaskine<\/h2>\n<p>Den integrerede 9YCM-850 ballepresnings- og indpakningsmaskine l\u00f8ser adskillige almindelige udfordringer, som landm\u00e6nd i landbrugssektoren st\u00e5r over for. Disse omfatter:<\/p>\n<ul>\n<li>Tidskr\u00e6vende og arbejdskr\u00e6vende manuel indpakning af baller.<\/li>\n<li>Inkonsekvent emballage, hvilket f\u00f8rer til \u00f8del\u00e6ggelse af opbevarede produkter.<\/li>\n<li>Manglende effektivitet i h\u00e5ndteringen af \u200b\u200bstore m\u00e6ngder h\u00f8 eller halm.<\/li>\n<li>Udfordringer med at sikre ensartet og p\u00e5lidelig produktemballage til konservering.<\/li>\n<li>Behovet for maskiner med h\u00f8j kapacitet, der kan h\u00e5ndtere landbrugsaktiviteter i st\u00f8rre skala.<\/li>\n<\/ul>\n<h2>Anvendelse af den integrerede 9YCM-850 ballepresnings- og indpakningsmaskine<\/h2>\n<p>Denne maskine er uvurderlig i forskellige landbrugsprocesser og tilbyder robuste l\u00f8sninger til:<\/p>\n<ul>\n<li>Effektiv ballepresning og indpakning af h\u00f8 og halm til dyrefoder.<\/li>\n<li>Pakning af ensilage til vinterfodring eller langtidsopbevaring.<\/li>\n<li>Bevarelse af landbrugsprodukters kvalitet og n\u00e6ringsv\u00e6rdi gennem luftt\u00e6t indpakning.<\/li>\n<li>Forl\u00e6nger ballernes holdbarhed og minimerer \u00f8del\u00e6ggelse under transport og opbevaring.<\/li>\n<li>Str\u00f8mlining af driften for st\u00f8rre landbrug ved at reducere arbejdskraften og \u00f8ge genneml\u00f8bshastigheden.<\/li>\n<\/ul>\n<p style=\"text-align: center;\"><img loading=\"lazy\" decoding=\"async\" class=\"alignnone wp-image-460\" src=\"https:\/\/silage-balers.com\/wp-content\/uploads\/2025\/12\/1-1-1-2-300x300.webp\" alt=\"Integreret maskine\" width=\"365\" height=\"365\" \/><\/p>\n<h2>Produktfordele<\/h2>\n<p>Den integrerede 9YCM-850 ballepresnings- og indpakningsmaskine tilbyder adskillige klare fordele, der adskiller den fra konventionelt landbrugsudstyr:<\/p>\n<ul>\n<li><strong>H\u00f8j effektivitet:<\/strong> Det integrerede design muligg\u00f8r samtidig ballepresning og indpakning, hvilket forbedrer driftseffektiviteten betydeligt og reducerer tiden brugt p\u00e5 hver opgave.<\/li>\n<li><strong>Omkostningsbesparelser:<\/strong> Ved at kombinere to funktioner i \u00e9n maskine kan landm\u00e6nd reducere l\u00f8nomkostningerne og forbedre deres samlede rentabilitet.<\/li>\n<li><strong>Indpakning af overlegen kvalitet:<\/strong> Maskinen sikrer, at hver balle er t\u00e6t pakket ind med en luftt\u00e6t forsegling, hvilket bevarer indholdets kvalitet i l\u00e6ngere perioder.<\/li>\n<li><strong>Holdbarhed:<\/strong> 9YCM-850 er bygget med materialer af h\u00f8j kvalitet og designet til at modst\u00e5 de barske forhold i landbrugsmilj\u00f8er, hvilket sikrer langvarig ydeevne.<\/li>\n<li><strong>Alsidighed:<\/strong> Denne maskine er velegnet til brug med en r\u00e6kke forskellige landbrugsprodukter, herunder h\u00f8, halm, ensilage og andre fodermidler, hvilket g\u00f8r den til et alsidigt v\u00e6rkt\u00f8j til moderne landbrugsdrift.<\/li>\n<\/ul>\n<h2>S\u00e5dan fungerer den integrerede 9YCM-850 ballepresnings- og indpakningsmaskine<\/h2>\n<p>9YCM-850 fungerer ved hj\u00e6lp af en r\u00e6kke mekaniske systemer til samtidig komprimering og indpakning af landbrugsprodukter. Processen begynder med, at maskinen samler det h\u00f8stede materiale (s\u00e5som h\u00f8 eller halm) i baller. N\u00e5r ballerne er bundtet, pakker pakkeenheden dem straks ind i plastik eller andre egnede materialer for at beskytte dem mod eksterne faktorer s\u00e5som fugt, st\u00f8v og luft. Denne dobbelte funktion er med til at sikre, at ballerne forbliver intakte og i god stand under opbevaring eller transport.<\/p>\n<h2>Vigtigste anvendelser af den integrerede 9YCM-850 ballepresnings- og indpakningsmaskine<\/h2>\n<p>9YCM-850 er ideel til brug i forskellige landbrugs- og landbrugsscenarier. Her er nogle af dens prim\u00e6re anvendelser:<\/p>\n<ul>\n<li><strong>H\u00f8produktion:<\/strong> Maskinen bruges i vid udstr\u00e6kning til ballepresning og indpakning af h\u00f8 til dyrefoder, hvilket sikrer optimal opbevaring og kvalitet.<\/li>\n<li><strong>Str\u00e5emballage:<\/strong> Halm, der ofte bruges til str\u00f8else i husdyrbrug, kan presses i baller og pakkes ind for nem opbevaring og transport.<\/li>\n<li><strong>Ensilageemballage:<\/strong> Maskinen indpakker effektivt ensilage for at bevare dens n\u00e6ringsv\u00e6rdi til fodring af husdyr i lavs\u00e6sonen.<\/li>\n<li><strong>Storskala landbrug:<\/strong> Ideel til store landbrug eller virksomheder, der skal behandle betydelige m\u00e6ngder materiale hurtigt.<\/li>\n<li><strong>Foderopbevaring:<\/strong> For g\u00e5rde, der \u00f8nsker at oplagre foder i l\u00e6ngere perioder, tilbyder 9YCM-850 luftt\u00e6t indpakning for at beskytte materialets ern\u00e6ringsm\u00e6ssige integritet.<\/li>\n<li><strong>Transport:<\/strong> Ballede og indpakkede produkter er mere h\u00e5ndterbare og holdbare, hvilket g\u00f8r dem nemmere at transportere til forskellige steder.<\/li>\n<\/ul>\n<h2>Valg af den rigtige 9YCM-850 integrerede ballepresnings- og indpakningsmaskine<\/h2>\n<p>N\u00e5r du v\u00e6lger den ideelle 9YCM-850 integrerede ballepresnings- og indpakningsmaskine, skal du overveje f\u00f8lgende faktorer for at sikre, at den opfylder dine specifikke behov:<\/p>\n<ul>\n<li><strong>Produktionskapacitet:<\/strong> V\u00e6lg en maskine, der kan h\u00e5ndtere den m\u00e6ngde produkter, du har til hensigt at bearbejde, hvilket sikrer effektivitet og minimerer nedetid.<\/li>\n<li><strong>Materialekompatibilitet:<\/strong> S\u00f8rg for, at maskinen er kompatibel med den type landbrugsprodukter, du arbejder med, s\u00e5som h\u00f8, halm eller ensilage.<\/li>\n<li><strong>Holdbarhed:<\/strong> Kig efter maskiner lavet af materialer af h\u00f8j kvalitet, der kan modst\u00e5 kontinuerlig brug under barske landbrugsforhold.<\/li>\n<li><strong>Nem vedligeholdelse:<\/strong> V\u00e6lg en maskine med nem adgang til komponenter til reparationer og regelm\u00e6ssig vedligeholdelse for at undg\u00e5 dyr nedetid.<\/li>\n<li><strong>Omkostningseffektivitet:<\/strong> Overvej maskinens langsigtede investeringsv\u00e6rdi, herunder potentialet for arbejdsbesparelser og \u00f8get effektivitet.<\/li>\n<\/ul>\n<h2>Vedligeholdelse af den integrerede 9YCM-850 ballepresnings- og indpakningsmaskine<\/h2>\n<p>For at den integrerede 9YCM-850 ballepresnings- og indpakningsmaskine skal fungere optimalt, er regelm\u00e6ssig vedligeholdelse afg\u00f8rende. Her er nogle vedligeholdelsestips:<\/p>\n<ul>\n<li><strong>Regelm\u00e6ssig reng\u00f8ring:<\/strong> Reng\u00f8r maskinen efter hver brug for at forhindre ophobning af st\u00f8v og snavs, der kan p\u00e5virke dens ydeevne.<\/li>\n<li><strong>Sm\u00f8ring:<\/strong> P\u00e5f\u00f8r sm\u00f8remiddel p\u00e5 bev\u00e6gelige dele regelm\u00e6ssigt for at forhindre slitage.<\/li>\n<li><strong>Tjek for slid:<\/strong> Unders\u00f8g indpaknings- og ballemekanismerne for tegn p\u00e5 slid, og udskift alle dele, der viser betydelig skade.<\/li>\n<li><strong>Elektriske inspektioner:<\/strong> S\u00f8rg for, at alle elektriske komponenter fungerer korrekt, og kontroller for eventuelle fejl, der kan forstyrre driften.<\/li>\n<li><strong>Opbevaring:<\/strong> N\u00e5r maskinen ikke er i brug, skal den opbevares t\u00f8rt for at forhindre korrosion og rust p\u00e5 metaldele.<\/li>\n<\/ul>\n<h2>Kundeanmeldelser<\/h2>\n<p>\"9YCM-850 har revolutioneret den m\u00e5de, vi styrer vores h\u00f8produktion p\u00e5. Vi har reduceret l\u00f8nomkostningerne betydeligt og \u00f8get produktionen. Kvaliteten af \u200b\u200bindpakningen er fantastisk, og vores h\u00f8baller er bedre bevaret end nogensinde f\u00f8r. Kan varmt anbefales!\"<\/p>\n<p><strong>John Doe \u2013 USA<\/strong><\/p>\n<p>\"Vi har brugt 9YCM-850 i over et \u00e5r nu, og det har v\u00e6ret en fremragende investering. Den er nem at bruge, meget effektiv og leverer indpakkede baller af h\u00f8jeste kvalitet. Den har hjulpet os med at forbedre b\u00e5de opbevaring og transport af vores ensilage.\"<\/p>\n<p><strong>Max M\u00fcller \u2013 Tyskland<\/strong><\/p>\n<p>\"Denne maskine har v\u00e6ret revolutionerende for vores g\u00e5rd. Integrationen af \u200b\u200bballepresning og indpakning har sparet os en masse tid og kr\u00e6fter. Byggekvaliteten er i topklasse, og vi har ikke haft nogen vedligeholdelsesproblemer indtil videre. Ville k\u00f8be den igen!\"<\/p>\n<p><strong>Emily Johnson \u2013 Australien<\/strong><\/p>\n<p>\"Til vores g\u00e5rds store drift er 9YCM-850 lige det, vi havde brug for. Vi har nemt kunnet bearbejde store m\u00e6ngder h\u00f8, og indpakningen sikrer, at foderet holder vinteren igennem. En p\u00e5lidelig, holdbar og effektiv maskine.\"<\/p>\n<p><strong>Rajesh Kumar \u2013 Indien<\/strong><\/p>\n<p>\"Jeg er meget tilfreds med denne maskines ydeevne. Den har reduceret den tid, der bruges p\u00e5 at bearbejde h\u00f8, og \u00f8get vores g\u00e5rds produktivitet betydeligt. Indpakningskvaliteten er fremragende, og maskinen er meget nem at vedligeholde.\"<\/p>\n<p><strong>Lucas Pereira \u2013 Brasilien<\/strong><\/p>\n<h2>Hvorfor v\u00e6lge vores produkt?<\/h2>\n<p>Vi tilbyder hurtig tilpasning og sikrer, at 9YCM-850 <a href=\"http:\/\/square-balers.com\" target=\"_blank\" rel=\"noopener\">Integreret ballepresnings- og indpakningsmaskine<\/a> opfylder dine specifikke landbrugskrav. Vores produkter leveres med tre \u00e5rs garanti, hvilket giver dig ro i sindet og sikrer langvarig p\u00e5lidelighed. Med hurtig global levering og fremragende eftersalgssupport er vi forpligtet til at give vores kunder den bedste oplevelse.<\/p>\n<h2>Udforsk den integrerede 9YCM-850 ballepresnings- og indpakningsmaskine<\/h2>\n<p>Hvis du leder efter en effektiv, p\u00e5lidelig og holdbar l\u00f8sning til dine ballepresnings- og indpakningsbehov, beh\u00f8ver du ikke lede l\u00e6ngere end til den integrerede 9YCM-850 ballepresnings- og indpakningsmaskine.<\/p>\n<p>Med sine kraftfulde funktioner, nemme vedligeholdelse og betydelige omkostningsbesparelser er den det ideelle valg til moderne landbrugsdrift. Ud over 9YCM-850 tilbyder vi ogs\u00e5 en bred vifte af landbrugstilbeh\u00f8r og relaterede produkter, der opfylder dine forskellige landbrugsbehov. Kontakt os i dag for at l\u00e6re mere om vores produkter, priser og hvordan vi kan hj\u00e6lpe dig med at optimere din landbrugsdrift.<\/p>\n<h2>Ofte stillede sp\u00f8rgsm\u00e5l (FAQ)<\/h2>\n<p><strong>Hvad er kapaciteten af \u200b\u200b9YCM-850 ballepresning og indpakning? <a href=\"https:\/\/silage-balers.com\/da\/vare\/ballepresser-plukke-og-transportmaskine\/\">Integreret maskine<\/a>?<\/strong><\/p>\n<p>9YCM-850 er designet til effektivt at h\u00e5ndtere store m\u00e6ngder h\u00f8, halm og andre landbrugsprodukter. Den kan bearbejde op til 850 kg pr. balle, hvilket g\u00f8r den ideel til storskala landbrug.<\/p>\n<p><strong>Er 9YCM-850 egnet til ensilage?<\/strong><\/p>\n<p>Ja, 9YCM-850 er perfekt til indpakning af ensilage. Den luftt\u00e6tte indpakning hj\u00e6lper med at bevare ensilagens n\u00e6ringsv\u00e6rdi i l\u00e6ngere perioder og sikrer, at den forbliver frisk til husdyrfoder.<\/p>\n<p><strong>Kan 9YCM-850 bruges under barske vejrforhold?<\/strong><\/p>\n<p>Ja, 9YCM-850 er designet til at modst\u00e5 udfordrende landbrugsmilj\u00f8er, herunder h\u00f8je temperaturer og v\u00e5de forhold. Den er bygget af holdbare materialer, der kan modst\u00e5 barske vejrforhold.<\/p>\n<p><strong>Hvor l\u00e6nge holder indpakningsmaterialet p\u00e5 ballerne?<\/strong><\/p>\n<p>Indpakningsmaterialet, der anvendes i 9YCM-850, er designet til at holde i l\u00e6ngere perioder, hvilket sikrer, at ballerne er beskyttet mod milj\u00f8faktorer som fugt og luft. Indpakningens levetid afh\u00e6nger i h\u00f8j grad af de ydre forhold, men den holder generelt i flere m\u00e5neder.<\/p>\n<p><strong>Hvor nemt er det at vedligeholde 9YCM-850?<\/strong><\/p>\n<p>9YCM-850 er designet til nem vedligeholdelse. Regelm\u00e6ssig reng\u00f8ring, sm\u00f8ring og inspektion af n\u00f8glekomponenter vil holde maskinen k\u00f8rende problemfrit, minimere nedetid og forl\u00e6nge dens levetid.<\/p>\n<p>redigeret af gzl<\/p>\n<p>&nbsp;<\/p>","protected":false},"excerpt":{"rendered":"<p>Opdag den integrerede 9YCM-850 ballepresnings- og indpakningsmaskine. Effektiv, p\u00e5lidelig og designet til h\u00f8j ydeevne. Opgrader dine operationer i dag! F\u00e5 din nu.<\/p>","protected":false},"featured_media":460,"template":"","meta":{"_et_pb_use_builder":"","_et_pb_old_content":"","_et_gb_content_width":""},"product_brand":[],"product_cat":[21],"product_tag":[],"class_list":{"0":"post-458","1":"product","2":"type-product","3":"status-publish","4":"has-post-thumbnail","6":"product_cat-other-series-products","8":"first","9":"instock","10":"shipping-taxable","11":"product-type-simple"},"_links":{"self":[{"href":"https:\/\/silage-balers.com\/da\/wp-json\/wp\/v2\/product\/458","targetHints":{"allow":["GET"]}}],"collection":[{"href":"https:\/\/silage-balers.com\/da\/wp-json\/wp\/v2\/product"}],"about":[{"href":"https:\/\/silage-balers.com\/da\/wp-json\/wp\/v2\/types\/product"}],"wp:featuredmedia":[{"embeddable":true,"href":"https:\/\/silage-balers.com\/da\/wp-json\/wp\/v2\/media\/460"}],"wp:attachment":[{"href":"https:\/\/silage-balers.com\/da\/wp-json\/wp\/v2\/media?parent=458"}],"wp:term":[{"taxonomy":"product_brand","embeddable":true,"href":"https:\/\/silage-balers.com\/da\/wp-json\/wp\/v2\/product_brand?post=458"},{"taxonomy":"product_cat","embeddable":true,"href":"https:\/\/silage-balers.com\/da\/wp-json\/wp\/v2\/product_cat?post=458"},{"taxonomy":"product_tag","embeddable":true,"href":"https:\/\/silage-balers.com\/da\/wp-json\/wp\/v2\/product_tag?post=458"}],"curies":[{"name":"wp","href":"https:\/\/api.w.org\/{rel}","templated":true}]}}