{"id":285,"date":"2025-11-26T09:21:29","date_gmt":"2025-11-26T09:21:29","guid":{"rendered":"https:\/\/silage-balers.com\/?post_type=product&#038;p=285"},"modified":"2025-12-29T05:46:18","modified_gmt":"2025-12-29T05:46:18","slug":"9yg-1-25-rundballenpresse","status":"publish","type":"product","link":"https:\/\/silage-balers.com\/de\/produkt\/9yg-1-25-rundballenpresse\/","title":{"rendered":"9YG-1.25 Rundballenpresse"},"content":{"rendered":"<p data-start=\"47\" data-end=\"524\">Die Rundballenpresse 9YG-1.25 ist eine moderne, hocheffiziente Maschine, die das Pressen von Heu, Stroh und anderen Ernteg\u00fctern deutlich vereinfacht. Sie eignet sich sowohl f\u00fcr professionelle Landwirte als auch f\u00fcr kleinere Betriebe und bietet herausragende Leistung in einer Vielzahl landwirtschaftlicher Anwendungen. Ob Sie Rundballen f\u00fcr Heu pressen oder Silageballen f\u00fcr die Lagerung vorbereiten \u2013 die 9YG-1.25 ist die perfekte Wahl und \u00fcberzeugt durch zuverl\u00e4ssige und benutzerfreundliche Funktionalit\u00e4t.<\/p>\n<h2 data-start=\"526\" data-end=\"562\">Was ist eine 9YG-1.25 Rundballenpresse?<\/h2>\n<p data-start=\"564\" data-end=\"1158\">Eine Rundballenpresse ist eine landwirtschaftliche Maschine zum Sammeln, Verdichten und Binden von Schnittgut wie Heu, Stroh oder Silage zu kompakten Rundballen. Das Modell 9YG-1.25 ist f\u00fcr die Herstellung von Ballen unterschiedlicher Gr\u00f6\u00dfe konzipiert und somit vielseitig und anpassungsf\u00e4hig an verschiedene Bed\u00fcrfnisse. Die Maschine arbeitet effizient, indem sie das lose Material vom Feld aufnimmt, es zu einer runden Form verdichtet und anschlie\u00dfend mit Bindfaden oder Netz umwickelt, um den Ballen zu fixieren. Die von dieser Presse produzierten Rundballen eignen sich ideal f\u00fcr Lagerung und Transport, da ihre zylindrische Form sehr stabil ist und sie sich leicht stapeln lassen.<\/p>\n<p style=\"text-align: center;\" data-start=\"564\" data-end=\"1158\"><img loading=\"lazy\" decoding=\"async\" class=\"alignnone size-medium wp-image-290\" src=\"https:\/\/silage-balers.com\/wp-content\/uploads\/2025\/11\/ep-9YG-1.25-Round-Baler-2-1-300x300.webp\" alt=\"Rundballenpresse\" width=\"300\" height=\"300\" \/><\/p>\n<h3 data-start=\"263\" data-end=\"292\">Technische Spezifikationen<\/h3>\n<div class=\"_tableContainer_1rjym_1\">\n<div class=\"group _tableWrapper_1rjym_13 flex w-fit flex-col-reverse\" tabindex=\"-1\">\n<table class=\"w-fit min-w-(--thread-content-width)\" style=\"border-color: #000000;\" data-start=\"294\" data-end=\"2194\">\n<thead data-start=\"294\" data-end=\"375\">\n<tr data-start=\"294\" data-end=\"375\">\n<th data-start=\"294\" data-end=\"324\" data-col-size=\"sm\">Artikel<\/th>\n<th data-start=\"324\" data-end=\"341\" data-col-size=\"sm\">Einheit<\/th>\n<th data-start=\"341\" data-end=\"375\" data-col-size=\"sm\">Spezifikation<\/th>\n<\/tr>\n<\/thead>\n<tbody data-start=\"458\" data-end=\"2194\">\n<tr data-start=\"458\" data-end=\"539\">\n<td data-start=\"458\" data-end=\"489\" data-col-size=\"sm\">Modellname<\/td>\n<td data-col-size=\"sm\" data-start=\"489\" data-end=\"506\">\u2013<\/td>\n<td data-col-size=\"sm\" data-start=\"506\" data-end=\"539\">9YG-1.25 Rundballenpresse<\/td>\n<\/tr>\n<tr data-start=\"540\" data-end=\"621\">\n<td data-start=\"540\" data-end=\"571\" data-col-size=\"sm\">Verbindungsmethode<\/td>\n<td data-col-size=\"sm\" data-start=\"571\" data-end=\"588\">\u2013<\/td>\n<td data-col-size=\"sm\" data-start=\"588\" data-end=\"621\">Traktionstyp<\/td>\n<\/tr>\n<tr data-start=\"622\" data-end=\"704\">\n<td data-start=\"622\" data-end=\"653\" data-col-size=\"sm\">Pickup-Breite<\/td>\n<td data-col-size=\"sm\" data-start=\"653\" data-end=\"670\">mm<\/td>\n<td data-col-size=\"sm\" data-start=\"670\" data-end=\"704\">2240<\/td>\n<\/tr>\n<tr data-start=\"705\" data-end=\"786\">\n<td data-start=\"705\" data-end=\"736\" data-col-size=\"sm\">Aufnahmemechanismus<\/td>\n<td data-col-size=\"sm\" data-start=\"736\" data-end=\"753\">\u2013<\/td>\n<td data-col-size=\"sm\" data-start=\"753\" data-end=\"786\">Spiraltyp<\/td>\n<\/tr>\n<tr data-start=\"787\" data-end=\"869\">\n<td data-start=\"787\" data-end=\"818\" data-col-size=\"sm\">F\u00fctterungsmechanismus<\/td>\n<td data-col-size=\"sm\" data-start=\"818\" data-end=\"835\">\u2013<\/td>\n<td data-col-size=\"sm\" data-start=\"835\" data-end=\"869\">Hydraulik + Zahnrollen<\/td>\n<\/tr>\n<tr data-start=\"870\" data-end=\"952\">\n<td data-start=\"870\" data-end=\"901\" data-col-size=\"sm\">Kompressionskammerbreite<\/td>\n<td data-col-size=\"sm\" data-start=\"901\" data-end=\"918\">mm<\/td>\n<td data-col-size=\"sm\" data-start=\"918\" data-end=\"952\">1250<\/td>\n<\/tr>\n<tr data-start=\"953\" data-end=\"1036\">\n<td data-start=\"953\" data-end=\"987\" data-col-size=\"sm\">Kompressionskammerdurchmesser<\/td>\n<td data-col-size=\"sm\" data-start=\"987\" data-end=\"1002\">mm<\/td>\n<td data-col-size=\"sm\" data-start=\"1002\" data-end=\"1036\">1200<\/td>\n<\/tr>\n<tr data-start=\"1037\" data-end=\"1118\">\n<td data-start=\"1037\" data-end=\"1068\" data-col-size=\"sm\">Anzahl der Walzen<\/td>\n<td data-col-size=\"sm\" data-start=\"1068\" data-end=\"1085\">St\u00fccke<\/td>\n<td data-col-size=\"sm\" data-start=\"1085\" data-end=\"1118\">18 (Rollen)<\/td>\n<\/tr>\n<tr data-start=\"1119\" data-end=\"1201\">\n<td data-start=\"1119\" data-end=\"1150\" data-col-size=\"sm\">Walzendurchmesser<\/td>\n<td data-col-size=\"sm\" data-start=\"1150\" data-end=\"1167\">mm<\/td>\n<td data-col-size=\"sm\" data-start=\"1167\" data-end=\"1201\">\u03c6222<\/td>\n<\/tr>\n<tr data-start=\"1202\" data-end=\"1283\">\n<td data-start=\"1202\" data-end=\"1233\" data-col-size=\"sm\">Bindemethode<\/td>\n<td data-col-size=\"sm\" data-start=\"1233\" data-end=\"1250\">\u2013<\/td>\n<td data-col-size=\"sm\" data-start=\"1250\" data-end=\"1283\">Automatische Netzbindung<\/td>\n<\/tr>\n<tr data-start=\"1284\" data-end=\"1366\">\n<td data-start=\"1284\" data-end=\"1315\" data-col-size=\"sm\">Stromversorgung<\/td>\n<td data-col-size=\"sm\" data-start=\"1315\" data-end=\"1332\">kW<\/td>\n<td data-col-size=\"sm\" data-start=\"1332\" data-end=\"1366\">\u226575<\/td>\n<\/tr>\n<tr data-start=\"1367\" data-end=\"1449\">\n<td data-start=\"1367\" data-end=\"1398\" data-col-size=\"sm\">Gewicht<\/td>\n<td data-col-size=\"sm\" data-start=\"1398\" data-end=\"1415\">kg<\/td>\n<td data-col-size=\"sm\" data-start=\"1415\" data-end=\"1449\">4060<\/td>\n<\/tr>\n<tr data-start=\"1450\" data-end=\"1532\">\n<td data-start=\"1450\" data-end=\"1481\" data-col-size=\"sm\">Ausgangsgeschwindigkeit<\/td>\n<td data-col-size=\"sm\" data-start=\"1481\" data-end=\"1498\">r\/min<\/td>\n<td data-col-size=\"sm\" data-start=\"1498\" data-end=\"1532\">720<\/td>\n<\/tr>\n<tr data-start=\"1533\" data-end=\"1615\">\n<td data-start=\"1533\" data-end=\"1564\" data-col-size=\"sm\">Gesamtabmessungen<\/td>\n<td data-col-size=\"sm\" data-start=\"1564\" data-end=\"1581\">mm<\/td>\n<td data-col-size=\"sm\" data-start=\"1581\" data-end=\"1615\">4400\u00d72850\u00d72400<\/td>\n<\/tr>\n<tr data-start=\"1616\" data-end=\"1697\">\n<td data-start=\"1616\" data-end=\"1647\" data-col-size=\"sm\">Funktionszustand<\/td>\n<td data-col-size=\"sm\" data-start=\"1647\" data-end=\"1664\">\u2013<\/td>\n<td data-col-size=\"sm\" data-start=\"1664\" data-end=\"1697\">Sensorgesteuert<\/td>\n<\/tr>\n<tr data-start=\"1698\" data-end=\"1780\">\n<td data-start=\"1698\" data-end=\"1729\" data-col-size=\"sm\">Ballengr\u00f6\u00dfe (Durchmesser x L\u00e4nge)<\/td>\n<td data-col-size=\"sm\" data-start=\"1729\" data-end=\"1746\">mm<\/td>\n<td data-col-size=\"sm\" data-start=\"1746\" data-end=\"1780\">1300\u00d71250<\/td>\n<\/tr>\n<tr data-start=\"1781\" data-end=\"1863\">\n<td data-start=\"1781\" data-end=\"1812\" data-col-size=\"sm\">Ballendichte<\/td>\n<td data-col-size=\"sm\" data-start=\"1812\" data-end=\"1829\">kg\/m\u00b3<\/td>\n<td data-col-size=\"sm\" data-start=\"1829\" data-end=\"1863\">100-200<\/td>\n<\/tr>\n<tr data-start=\"1864\" data-end=\"1946\">\n<td data-start=\"1864\" data-end=\"1895\" data-col-size=\"sm\">Produktionskapazit\u00e4t<\/td>\n<td data-col-size=\"sm\" data-start=\"1895\" data-end=\"1912\">Ballen\/h<\/td>\n<td data-col-size=\"sm\" data-start=\"1912\" data-end=\"1946\">40-100<\/td>\n<\/tr>\n<tr data-start=\"1947\" data-end=\"2029\">\n<td data-start=\"1947\" data-end=\"1978\" data-col-size=\"sm\">Radabstand<\/td>\n<td data-col-size=\"sm\" data-start=\"1978\" data-end=\"1995\">mm<\/td>\n<td data-col-size=\"sm\" data-start=\"1995\" data-end=\"2029\">2450<\/td>\n<\/tr>\n<tr data-start=\"2030\" data-end=\"2112\">\n<td data-start=\"2030\" data-end=\"2061\" data-col-size=\"sm\">Arbeitsgeschwindigkeit<\/td>\n<td data-col-size=\"sm\" data-start=\"2061\" data-end=\"2078\">km\/h<\/td>\n<td data-col-size=\"sm\" data-start=\"2078\" data-end=\"2112\">5-35<\/td>\n<\/tr>\n<tr data-start=\"2113\" data-end=\"2194\">\n<td data-start=\"2113\" data-end=\"2144\" data-col-size=\"sm\">Ballenspezifikationen<\/td>\n<td data-col-size=\"sm\" data-start=\"2144\" data-end=\"2161\">\u2013<\/td>\n<td data-col-size=\"sm\" data-start=\"2161\" data-end=\"2194\">2000 \u00d7 1,25 m\/ Ballen<\/td>\n<\/tr>\n<\/tbody>\n<\/table>\n<\/div>\n<\/div>\n<h3 data-start=\"1160\" data-end=\"1201\">Merkmale der Rundballenpresse 9YG-1.25<\/h3>\n<ol>\n<li data-start=\"1206\" data-end=\"1424\">Robustheit und Design: Die 9YG-1.25 zeichnet sich durch ihre robuste und langlebige Konstruktion aus, die selbst h\u00e4rtesten Einsatzbedingungen standh\u00e4lt. Hochwertige Materialien und eine durchdachte Konstruktion gew\u00e4hrleisten eine lange Lebensdauer bei minimalem Wartungsaufwand.<\/li>\n<li data-start=\"1431\" data-end=\"1679\">Effizienz: Dank des leistungsstarken Einzugssystems verarbeitet diese Ballenpresse gro\u00dfe Mengen an Erntegut und gew\u00e4hrleistet so einen schnellen und effizienten Betrieb. Sie eignet sich sowohl f\u00fcr trockenes Heu als auch f\u00fcr feuchte Silage und ist damit vielseitig einsetzbar f\u00fcr unterschiedlichste landwirtschaftliche Betriebe.<\/li>\n<li data-start=\"1684\" data-end=\"1973\">Einstellbare Ballengr\u00f6\u00dfe: Die Rundballenpresse erm\u00f6glicht die Einstellung der Ballengr\u00f6\u00dfe und bietet Landwirten somit die Flexibilit\u00e4t, Ballen entsprechend ihren spezifischen Lager- und Transportanforderungen zu produzieren. Durch die M\u00f6glichkeit der individuellen Anpassung der Ballengr\u00f6\u00dfe ist die Maschine f\u00fcr verschiedene Erntearten und Feuchtigkeitsgehalte geeignet.<\/li>\n<li data-start=\"1978\" data-end=\"2233\">Einfache Bedienung: Die 9YG-1.25 ist auf Benutzerfreundlichkeit ausgelegt und verf\u00fcgt \u00fcber benutzerfreundliche Bedienelemente und eine intuitive Benutzeroberfl\u00e4che. Sie minimiert die Erm\u00fcdung des Bedieners und maximiert gleichzeitig die Produktivit\u00e4t, sodass die Arbeit schnell und mit minimalem Aufwand erledigt werden kann.<\/li>\n<li data-start=\"2238\" data-end=\"2500\">Kosteng\u00fcnstig: F\u00fcr Landwirte, die eine Rundballenpresse suchen, bietet die 9YG-1.25 eine erschwingliche L\u00f6sung ohne Qualit\u00e4tseinbu\u00dfen. Sie ist eine kluge Investition f\u00fcr alle, die Heu, Stroh oder Silage pressen, und bietet eine hohe Rendite.<\/li>\n<li data-start=\"2505\" data-end=\"2814\">Netz- und Garnwickelsystem: Die Ballenpresse ist mit einem Hochleistungswickelsystem ausgestattet, das die Ballen sicher mit Garn oder Netz umschlie\u00dft. Dadurch wird eine ordnungsgem\u00e4\u00dfe Versiegelung der Ballen gew\u00e4hrleistet, sodass diese ohne Risiko von Verderb oder Bruch transportiert oder \u00fcber l\u00e4ngere Zeitr\u00e4ume gelagert werden k\u00f6nnen.<\/li>\n<\/ol>\n<h3 style=\"text-align: center;\" data-start=\"4603\" data-end=\"4644\"><img loading=\"lazy\" decoding=\"async\" class=\"alignnone wp-image-299 size-medium\" src=\"https:\/\/silage-balers.com\/wp-content\/uploads\/2025\/11\/ep-9YG-1.25-Round-Baler-1-1-1-300x300.webp\" alt=\"Rundballenpresse\" width=\"300\" height=\"300\" \/><\/h3>\n<h3>Warum sollten Sie sich f\u00fcr die Rundballenpresse 9YG-1.25 entscheiden?<\/h3>\n<p data-start=\"4646\" data-end=\"5164\">Wer eine Rundballenpresse sucht, findet mit der 9YG-1.25 un\u00fcbertroffene Qualit\u00e4t, Zuverl\u00e4ssigkeit und Leistung. Sie eignet sich hervorragend zur Herstellung von Rundballen f\u00fcr Heu und Silage und erm\u00f6glicht so eine effiziente Lagerung und einen problemlosen Transport Ihrer Ernte. Ob Gro\u00dfbetrieb oder kleinerer Landwirtschaftsbetrieb \u2013 diese Ballenpresse ist eine ausgezeichnete Investition f\u00fcr Ihre landwirtschaftlichen Bed\u00fcrfnisse. Dank ihres hervorragenden Preis-Leistungs-Verh\u00e4ltnisses ist sie zudem die ideale Wahl f\u00fcr Landwirte, die Wert auf ein ausgewogenes Verh\u00e4ltnis zwischen Kosten und Leistung legen.<\/p>\n<h3 data-start=\"3600\" data-end=\"3649\">Vorteile der Verwendung der Rundballenpresse 9YG-1.25<\/h3>\n<ul data-start=\"3651\" data-end=\"4438\">\n<li data-start=\"3651\" data-end=\"3843\">\n<p data-start=\"3653\" data-end=\"3843\">Zeitersparnis und Effizienz: Diese Ballenpresse beschleunigt den Ballenpressvorgang im Vergleich zu manuellen oder \u00e4lteren Ballenpressen erheblich und erm\u00f6glicht es Landwirten, ihre Aufgaben schnell und effizient zu erledigen.<\/p>\n<\/li>\n<li data-start=\"3844\" data-end=\"3980\">\n<p data-start=\"3846\" data-end=\"3980\">Hohe Ballenqualit\u00e4t: Dank fortschrittlicher Technologie sind die Ballen fest gepackt und weniger anf\u00e4llig f\u00fcr Besch\u00e4digungen, wodurch Verderb und Abfall reduziert werden.<\/p>\n<\/li>\n<li data-start=\"3981\" data-end=\"4129\">\n<p data-start=\"3983\" data-end=\"4129\">Minimale Ernteverluste: Das System ist so konzipiert, dass Ernteverluste minimiert werden und sichergestellt wird, dass die maximale Menge des geernteten Materials zu Ballen verarbeitet wird.<\/p>\n<\/li>\n<li data-start=\"4130\" data-end=\"4283\">\n<p data-start=\"4132\" data-end=\"4283\">Benutzerfreundliche Bedienung: Dank einfacher Hydrauliksysteme und intuitiver Bedienelemente k\u00f6nnen auch neue Bediener schnell lernen, die Maschine effektiv zu nutzen.<\/p>\n<\/li>\n<li data-start=\"4284\" data-end=\"4438\">\n<p data-start=\"4286\" data-end=\"4438\">Langlebige Leistung: Die robuste Konstruktion gew\u00e4hrleistet, dass das 9YG-1.25 auch unter verschiedenen Wetterbedingungen \u00fcber lange Betriebsstunden hinweg zuverl\u00e4ssig funktioniert.<\/p>\n<\/li>\n<\/ul>\n<h2 data-start=\"2816\" data-end=\"2825\">H\u00e4ufig gestellte Fragen<\/h2>\n<p data-start=\"2827\" data-end=\"2855\">1. Was ist ein Rundballen?<\/p>\n<p data-start=\"2857\" data-end=\"3160\">Rundballen sind gro\u00dfe, zylindrische Ballen, die mit einer Rundballenpresse hergestellt werden. Sie werden h\u00e4ufig zur Lagerung von Heu, Stroh oder Silage verwendet, da ihre Form ein stabiles Stapeln und einen effizienten Transport erm\u00f6glicht. Rundballen werden fest gepresst und umwickelt, um den Inhalt zu sch\u00fctzen und Feuchtigkeitsverlust zu verhindern.<\/p>\n<p data-start=\"3162\" data-end=\"3201\">2. Wie viel kostet ein Rundballen Heu?<\/p>\n<p data-start=\"3203\" data-end=\"3482\">Die Kosten f\u00fcr einen Rundballen Heu k\u00f6nnen je nach Gr\u00f6\u00dfe, Heuqualit\u00e4t, Standort und Nachfrage variieren. Im Durchschnitt liegt der Preis f\u00fcr einen Rundballen Heu zwischen $40 und $150. Die Preise unterliegen saisonalen Schwankungen und h\u00e4ngen von regionalen Gegebenheiten und der Verf\u00fcgbarkeit ab.<\/p>\n<p data-start=\"3484\" data-end=\"3538\">3. Kann die Rundballenpresse 9YG-1.25 Silageballen herstellen?<\/p>\n<p data-start=\"3540\" data-end=\"3807\">Ja, die 9YG-1.25 ist speziell f\u00fcr Silageballen konzipiert und bietet Landwirten, die feuchtes Erntegut zur Fermentation lagern m\u00fcssen, eine zuverl\u00e4ssige L\u00f6sung. Die Ballenpresse sorgt f\u00fcr eine feste Verdichtung der Ballen, sodass kein Luft eindringen und der Inhalt verderben kann.<\/p>\n<p data-start=\"3809\" data-end=\"3861\">4. Ist die Rundballenpresse 9YG-1.25 wartungsfreundlich?<\/p>\n<p data-start=\"3863\" data-end=\"4158\">Ja, die 9YG-1.25 wurde mit Blick auf einfache Wartung entwickelt. Sie verf\u00fcgt \u00fcber leicht verst\u00e4ndliche Wartungsrichtlinien und langlebige Komponenten, die nur minimalen Wartungsaufwand erfordern. Regelm\u00e4\u00dfige Wartungsarbeiten wie Schmierung und \u00dcberpr\u00fcfung des Netz-\/Garnsystems gew\u00e4hrleisten einen jahrelangen, reibungslosen Betrieb der Ballenpresse.<\/p>\n<p data-start=\"4160\" data-end=\"4219\">5. Woran erkenne ich, ob eine Rundballenpresse f\u00fcr meinen Betrieb geeignet ist?<\/p>\n<p data-start=\"4221\" data-end=\"4601\">Wenn Sie auf der Suche nach einem zuverl\u00e4ssigen und <a href=\"https:\/\/silage-balers.com\/de\/produkt\/9yg-1-0c-round-baler-2\/\">effizient<\/a> Eine Methode zum Pressen gro\u00dfer Mengen Heu, Stroh oder Silage. <a href=\"http:\/\/square-balers.com\" target=\"_blank\" rel=\"noopener\">Rundballenpresse<\/a> Die 9YG-1.25 ist eine ideale Wahl. Sie eignet sich besonders f\u00fcr Betriebe mit mittleren bis gro\u00dfen Anbaufl\u00e4chen, wo Zeitersparnis und Effizienz wichtig sind. Dar\u00fcber hinaus kann sie verschiedene Pflanzenarten verarbeiten und ist somit vielseitig f\u00fcr unterschiedliche landwirtschaftliche Betriebe einsetzbar.<\/p>\n<p data-start=\"4221\" data-end=\"4601\">bearbeitet von gzl<\/p>","protected":false},"excerpt":{"rendered":"<p>Die Rundballenpresse 9YG-1.25 ist eine hocheffiziente Landmaschine, die robuste und kompakte Rundballen f\u00fcr Heu und Silage produziert. Dank der einstellbaren Ballengr\u00f6\u00dfe, der langlebigen Konstruktion und der einfachen Bedienung ist diese Rundballenpresse ideal f\u00fcr mittlere bis gro\u00dfe Betriebe. Sie gew\u00e4hrleistet schnelles und effizientes Pressen und ist eine kosteng\u00fcnstige L\u00f6sung f\u00fcr Landwirte. Ob Sie eine Rundballenpresse kaufen m\u00f6chten oder sich \u00fcber den Preis eines Heu-Rundballens informieren wollen \u2013 die 9YG-1.25 bietet un\u00fcbertroffene Leistung und ein hervorragendes Preis-Leistungs-Verh\u00e4ltnis.<\/p>","protected":false},"featured_media":299,"template":"","meta":{"_et_pb_use_builder":"","_et_pb_old_content":"","_et_gb_content_width":""},"product_brand":[],"product_cat":[18],"product_tag":[],"class_list":{"0":"post-285","1":"product","2":"type-product","3":"status-publish","4":"has-post-thumbnail","6":"product_cat-round-baler","8":"first","9":"instock","10":"shipping-taxable","11":"product-type-simple"},"_links":{"self":[{"href":"https:\/\/silage-balers.com\/de\/wp-json\/wp\/v2\/product\/285","targetHints":{"allow":["GET"]}}],"collection":[{"href":"https:\/\/silage-balers.com\/de\/wp-json\/wp\/v2\/product"}],"about":[{"href":"https:\/\/silage-balers.com\/de\/wp-json\/wp\/v2\/types\/product"}],"wp:featuredmedia":[{"embeddable":true,"href":"https:\/\/silage-balers.com\/de\/wp-json\/wp\/v2\/media\/299"}],"wp:attachment":[{"href":"https:\/\/silage-balers.com\/de\/wp-json\/wp\/v2\/media?parent=285"}],"wp:term":[{"taxonomy":"product_brand","embeddable":true,"href":"https:\/\/silage-balers.com\/de\/wp-json\/wp\/v2\/product_brand?post=285"},{"taxonomy":"product_cat","embeddable":true,"href":"https:\/\/silage-balers.com\/de\/wp-json\/wp\/v2\/product_cat?post=285"},{"taxonomy":"product_tag","embeddable":true,"href":"https:\/\/silage-balers.com\/de\/wp-json\/wp\/v2\/product_tag?post=285"}],"curies":[{"name":"wp","href":"https:\/\/api.w.org\/{rel}","templated":true}]}}