{"id":407,"date":"2025-12-23T09:47:14","date_gmt":"2025-12-23T09:47:14","guid":{"rendered":"https:\/\/silage-balers.com\/?post_type=product&#038;p=407"},"modified":"2025-12-29T05:45:07","modified_gmt":"2025-12-29T05:45:07","slug":"4byh-1-3-kidneybohnen-ausreismaschine","status":"publish","type":"product","link":"https:\/\/silage-balers.com\/de\/produkt\/4byh-1-3-kidneybohnen-ausreismaschine\/","title":{"rendered":"4BYH-1.3 Kidneybohnen-Entwurzelungsmaschine"},"content":{"rendered":"<p>Die Kidneybohnen-Rupturmaschine 4BYH-1.3 ist ein hochentwickeltes Landwirtschaftsger\u00e4t, das die Effizienz der Kidneybohnenernte steigert. Diese Maschine gew\u00e4hrleistet optimale Ergebnisse bei minimalem Arbeitsaufwand und erm\u00f6glicht Landwirten so eine hohe Produktivit\u00e4t auf kosteneffiziente Weise.<\/p>\n<h2>Technische Spezifikation<\/h2>\n<table style=\"border-color: #000000;\">\n<thead>\n<tr>\n<th>Seriennummer<\/th>\n<th>Artikel<\/th>\n<th>Einheit<\/th>\n<th>Spezifikation<\/th>\n<\/tr>\n<\/thead>\n<tbody>\n<tr>\n<td>1<\/td>\n<td>Modellname<\/td>\n<td>\/<\/td>\n<td>4BYH-1.3 Typ Kidneybohnenpfl\u00fccker<\/td>\n<\/tr>\n<tr>\n<td>2<\/td>\n<td>Anbindemethode<\/td>\n<td>\/<\/td>\n<td>Montageart<\/td>\n<\/tr>\n<tr>\n<td>3<\/td>\n<td>Kommissioniertyp<\/td>\n<td>\/<\/td>\n<td>Federzahntyp<\/td>\n<\/tr>\n<tr>\n<td>4<\/td>\n<td>Arbeitsbreite<\/td>\n<td>M<\/td>\n<td>1.3<\/td>\n<\/tr>\n<tr>\n<td>5<\/td>\n<td>Passender Leistungsbereich<\/td>\n<td>kW<\/td>\n<td>\u226540<\/td>\n<\/tr>\n<tr>\n<td>6<\/td>\n<td>Betriebsdrehzahlbereich<\/td>\n<td>km\/h<\/td>\n<td>5\uff5e8<\/td>\n<\/tr>\n<tr>\n<td>7<\/td>\n<td>Gesamtabmessungen (L\u00d7B\u00d7H)<\/td>\n<td>mm<\/td>\n<td>2500\u00d71800\u00d71250<\/td>\n<\/tr>\n<tr>\n<td>8<\/td>\n<td>Zapfwellendrehzahl<\/td>\n<td>r\/min<\/td>\n<td>540<\/td>\n<\/tr>\n<tr>\n<td>9<\/td>\n<td>Spurweite<\/td>\n<td>mm<\/td>\n<td>1300<\/td>\n<\/tr>\n<tr>\n<td>10<\/td>\n<td>Produktivit\u00e4t<\/td>\n<td>hm\u00b2\/h<\/td>\n<td>0.65-1.04<\/td>\n<\/tr>\n<tr>\n<td>11<\/td>\n<td>Bedieneranzahl<\/td>\n<td>Person<\/td>\n<td>1<\/td>\n<\/tr>\n<tr>\n<td>12<\/td>\n<td>Strukturgewicht<\/td>\n<td>kg<\/td>\n<td>600<\/td>\n<\/tr>\n<\/tbody>\n<\/table>\n<h2>Produktdefinition<\/h2>\n<p>Die Kidneybohnen-Rupturmaschine 4BYH-1.3 ist ein hochmodernes Landwirtschaftsger\u00e4t, das speziell f\u00fcr die effiziente Ausrottung von Kidneybohnen entwickelt wurde. Sie macht manuelle Arbeit \u00fcberfl\u00fcssig, beschleunigt die Ernte und senkt die Betriebskosten. Ideal f\u00fcr gro\u00dfe landwirtschaftliche Betriebe, die ihre Produktivit\u00e4t und Rentabilit\u00e4t steigern m\u00f6chten.<\/p>\n<p style=\"text-align: center;\">\u00a0<img loading=\"lazy\" decoding=\"async\" class=\"alignnone wp-image-410\" src=\"https:\/\/silage-balers.com\/wp-content\/uploads\/2025\/12\/2-1.webp\" alt=\"Bohnenausrei\u00dfmaschine\" width=\"393\" height=\"393\" srcset=\"https:\/\/silage-balers.com\/wp-content\/uploads\/2025\/12\/2-1.webp 248w, https:\/\/silage-balers.com\/wp-content\/uploads\/2025\/12\/2-1-150x150.webp 150w, https:\/\/silage-balers.com\/wp-content\/uploads\/2025\/12\/2-1-12x12.webp 12w, https:\/\/silage-balers.com\/wp-content\/uploads\/2025\/12\/2-1-100x100.webp 100w\" sizes=\"(max-width: 393px) 100vw, 393px\" \/><\/p>\n<h2>Probleme, die es l\u00f6st, und seine Anwendungsgebiete<\/h2>\n<p>Die Kidneybohnen-Rupturmaschine 4BYH-1.3 l\u00f6st mehrere h\u00e4ufige Probleme von Kidneybohnen-Anbauern: den hohen Arbeitsaufwand traditioneller Erntemethoden, das Risiko von Erntesch\u00e4den beim manuellen Ausrei\u00dfen und den zeitaufw\u00e4ndigen Prozess, der eine gro\u00dffl\u00e4chige Produktion behindert. Dank ihrer leistungsstarken Konstruktion beschleunigt diese Maschine nicht nur den Rupturvorgang, sondern gew\u00e4hrleistet auch eine schonende Ernte der Bohnen.<\/p>\n<h2>Produktvorteile<\/h2>\n<ul>\n<li><strong>Hohe Effizienz:<\/strong> Die Maschine reduziert den Zeitaufwand f\u00fcr die Ernte erheblich und eignet sich daher ideal f\u00fcr gro\u00dffl\u00e4chige Ernten.<\/li>\n<li><strong>Minimale Erntesch\u00e4den:<\/strong> Es wurde entwickelt, um Kidneybohnen mit gr\u00f6\u00dfter Sorgfalt auszurei\u00dfen und so Sch\u00e4den an der Ernte zu minimieren.<\/li>\n<li><strong>Arbeitsersparnis:<\/strong> Durch die Automatisierung des Ausgrabens verringert die Maschine die Arbeitskosten und den Bedarf an gro\u00dfen manuellen Arbeitskr\u00e4ften.<\/li>\n<li><strong>Einfache Bedienung:<\/strong> Die einfache und benutzerfreundliche Oberfl\u00e4che sorgt daf\u00fcr, dass die Bediener die Maschine schnell beherrschen und so die Produktivit\u00e4t auf dem Bauernhof gesteigert werden kann.<\/li>\n<li><strong>Haltbarkeit:<\/strong> Die Maschine ist aus hochwertigen Materialien gefertigt und so konstruiert, dass sie auch rauen landwirtschaftlichen Bedingungen standh\u00e4lt und eine lange Nutzungsdauer erm\u00f6glicht.<\/li>\n<\/ul>\n<h2>Funktionsweise der Kidneybohnen-Raustriebsmaschine 4BYH-1.3<\/h2>\n<p>Die Kidneybohnen-Rupturmaschine 4BYH-1.3 arbeitet mit mechanischen Armen und rotierenden Klingen, die die Kidneybohnen schonend aus dem Boden ziehen. Sie gr\u00e4bt tief in den Boden, um die Bohnen zu ernten und dabei den umliegenden Boden und andere Pflanzen so wenig wie m\u00f6glich zu beeintr\u00e4chtigen. Anschlie\u00dfend werden die Bohnen in ein Sammelsystem bef\u00f6rdert, wo sie sortiert und f\u00fcr die Weiterverarbeitung gelagert werden.<\/p>\n<h2>Hauptanwendungsszenarien<\/h2>\n<ul>\n<li><strong>Gro\u00dfbetriebe:<\/strong> Ideal f\u00fcr gro\u00dffl\u00e4chige Bohnenfarmen, die eine schnelle Ernte ben\u00f6tigen, um die Nachfrage zu decken.<\/li>\n<li><strong>Kommerzielle Bohnenernte:<\/strong> Ideal f\u00fcr Unternehmen, die in der gro\u00dffl\u00e4chigen Bohnenproduktion und im Bohnenvertrieb t\u00e4tig sind.<\/li>\n<li><strong>Landwirtschaftliche Forschungszentren:<\/strong> N\u00fctzlich in Forschungsbereichen, die sich mit der Verbesserung von Anbautechniken f\u00fcr Bohnen befassen.<\/li>\n<li><strong>Mechanisierte Landwirtschaft:<\/strong> Ein wertvolles Werkzeug f\u00fcr mechanisierte landwirtschaftliche Betriebe, die Automatisierung in ihre Abl\u00e4ufe integrieren m\u00f6chten.<\/li>\n<li><strong>Landwirte mit begrenzten Arbeitskr\u00e4ften:<\/strong> F\u00fcr landwirtschaftliche Betriebe, die mit Arbeitskr\u00e4ftemangel konfrontiert sind oder ihre Abh\u00e4ngigkeit von manueller Arbeit verringern m\u00f6chten.<\/li>\n<li><strong>Umweltvertr\u00e4glichkeit:<\/strong> Hilft dabei, den CO2-Fu\u00dfabdruck zu verringern, indem der Bedarf an umfangreicher menschlicher Arbeitskraft und Treibstoff minimiert wird.<\/li>\n<\/ul>\n<h2>Wie man die richtige 4BYH-1.3 Kidneybohnen-Rupturmaschine ausw\u00e4hlt<\/h2>\n<ul>\n<li><strong>Betriebsgr\u00f6\u00dfe:<\/strong> Um die Effizienz der Maschine zu optimieren, stellen Sie sicher, dass sie mit der Gr\u00f6\u00dfe Ihres landwirtschaftlichen Betriebs kompatibel ist.<\/li>\n<li><strong>Erntebedarf:<\/strong> Ber\u00fccksichtigen Sie die Sorte der von Ihnen angebauten Kidneybohnen und stellen Sie sicher, dass die Maschine diese effektiv verarbeiten kann.<\/li>\n<li><strong>Bodenbeschaffenheit:<\/strong> Um eine optimale Leistung zu gew\u00e4hrleisten, stellen Sie sicher, dass die Maschine f\u00fcr die Bodenart auf Ihrem Betrieb geeignet ist.<\/li>\n<li><strong>Wartung und Support:<\/strong> W\u00e4hlen Sie eine Maschine mit gut erreichbaren Servicezentren und Ersatzteilen f\u00fcr eine einfache Wartung.<\/li>\n<li><strong>Budget:<\/strong> Bringen Sie Ihr Budget mit den angebotenen Funktionen in Einklang, um das beste Preis-Leistungs-Verh\u00e4ltnis zu erzielen.<\/li>\n<li><strong>Bedienererfahrung:<\/strong> Wenn Ihre Bediener noch keine Erfahrung mit der automatisierten Ernte haben, w\u00e4hlen Sie ein Modell mit benutzerfreundlichen Bedienelementen und Funktionen.<\/li>\n<\/ul>\n<h2>Wartungsmethoden f\u00fcr die Kidneybohnen-Rupturmaschine 4BYH-1.3<\/h2>\n<p>Regelm\u00e4\u00dfige Wartung ist unerl\u00e4sslich f\u00fcr den effizienten Betrieb der Maschine. Dazu geh\u00f6ren die \u00dcberpr\u00fcfung und der Austausch von Teilen wie Messern und Riemen, die Reinigung der Maschine nach jedem Einsatz, um Verstopfungen vorzubeugen, und das Schmieren beweglicher Teile, um Verschlei\u00df zu minimieren. Dar\u00fcber hinaus sollten die Bediener geschult werden, kleinere Probleme zu erkennen und zu beheben, bevor sie sich zu gr\u00f6\u00dferen St\u00f6rungen entwickeln.<\/p>\n<p style=\"text-align: center;\"><img loading=\"lazy\" decoding=\"async\" class=\"alignnone wp-image-411\" src=\"https:\/\/silage-balers.com\/wp-content\/uploads\/2025\/12\/3-1.webp\" alt=\"Bohnenausrei\u00dfmaschine\" width=\"445\" height=\"445\" srcset=\"https:\/\/silage-balers.com\/wp-content\/uploads\/2025\/12\/3-1.webp 248w, https:\/\/silage-balers.com\/wp-content\/uploads\/2025\/12\/3-1-150x150.webp 150w, https:\/\/silage-balers.com\/wp-content\/uploads\/2025\/12\/3-1-12x12.webp 12w, https:\/\/silage-balers.com\/wp-content\/uploads\/2025\/12\/3-1-100x100.webp 100w\" sizes=\"(max-width: 445px) 100vw, 445px\" \/><\/p>\n<h2>Kundenrezensionen<\/h2>\n<p>\u201eDie Kidneybohnen-Rupturmaschine 4BYH-1.3 hat unsere Erntezeit drastisch verk\u00fcrzt. Wir konnten die Produktion steigern, ohne zus\u00e4tzliches Personal einstellen zu m\u00fcssen. Absolut empfehlenswert!\u201c<\/p>\n<p><strong>\u2013 John Doe, USA<\/strong><\/p>\n<p>\u201eWir haben den 4BYH-1.3 f\u00fcr unsere Farm in Brasilien gekauft, und er hat alles ver\u00e4ndert. Die Maschine ist zuverl\u00e4ssig und erledigt die Arbeit, ohne die Pflanzen zu besch\u00e4digen.\u201c<\/p>\n<p><strong>\u2013 Maria Silva, Brasilien<\/strong><\/p>\n<p>\u201eNachdem wir verschiedene Bohnenausrei\u00dfmaschinen ausprobiert haben, ist die 4BYH-1.3 mit Abstand die effizienteste und benutzerfreundlichste. Sie hat uns enorm viel Zeit gespart, und die Ergebnisse sind fantastisch!\u201c<\/p>\n<p><strong>\u2013 Ahmed Ali, \u00c4gypten<\/strong><\/p>\n<p>\u201eAuf unserem Bauernhof in China ist diese Maschine seit einigen Monaten im Einsatz und hat uns geholfen, unseren Ernteprozess zu optimieren. Wir sind von ihrer Leistung sehr beeindruckt.\u201c<\/p>\n<p><strong>\u2013 Li Wei, China<\/strong><\/p>\n<p>\u201eWir sind mit der Effizienz des 4BYH-1.3 sehr zufrieden. Er ist robust und gut verarbeitet. Er z\u00e4hlt zu den besten Investitionen, die wir seit Jahren f\u00fcr unseren landwirtschaftlichen Betrieb get\u00e4tigt haben.\u201c<\/p>\n<p><strong>\u2013 Peter Johnson, Gro\u00dfbritannien<\/strong><\/p>\n<h2>Warum sollten Sie sich f\u00fcr unser Produkt entscheiden?<\/h2>\n<p>Wir bieten schnelle Anpassungsm\u00f6glichkeiten und einen starken Kundenservice, um Ihre Bed\u00fcrfnisse optimal zu erf\u00fcllen. Unsere Produkte haben 3 Jahre Garantie, sodass Sie sich auf die Langlebigkeit und Leistungsf\u00e4higkeit der Maschine verlassen k\u00f6nnen. Wir bieten weltweiten Expressversand f\u00fcr eine p\u00fcnktliche Lieferung und unser Kundendienst sorgt f\u00fcr einen reibungslosen Ablauf Ihrer Betriebsabl\u00e4ufe.<\/p>\n<h2>Entdecken Sie noch heute die Kidneybohnen-Raustriebsmaschine 4BYH-1.3<\/h2>\n<p>Suchen Sie eine zuverl\u00e4ssige, effiziente und kosteng\u00fcnstige L\u00f6sung zum Ausrei\u00dfen von Bohnen? Dann ist der 4BYH-1.3 die ideale Wahl f\u00fcr gro\u00dfe landwirtschaftliche Betriebe. Unser Unternehmen bietet Ihnen neben diesem Produkt auch eine breite Palette an Landmaschinen und Zubeh\u00f6r. Dank unserer starken Fertigungskompetenz, erstklassiger Produktqualit\u00e4t, wettbewerbsf\u00e4higer Preise und exzellentem Kundenservice erf\u00fcllen wir alle Ihre Bed\u00fcrfnisse in der Landwirtschaft. Kontaktieren Sie uns noch heute, um mehr zu erfahren und Ihren Kauf zu t\u00e4tigen!<\/p>\n<p style=\"text-align: center;\"><img loading=\"lazy\" decoding=\"async\" class=\"alignnone wp-image-412\" src=\"https:\/\/silage-balers.com\/wp-content\/uploads\/2025\/12\/4-1.webp\" alt=\"Bohnenausrei\u00dfmaschine\" width=\"431\" height=\"431\" srcset=\"https:\/\/silage-balers.com\/wp-content\/uploads\/2025\/12\/4-1.webp 254w, https:\/\/silage-balers.com\/wp-content\/uploads\/2025\/12\/4-1-150x150.webp 150w, https:\/\/silage-balers.com\/wp-content\/uploads\/2025\/12\/4-1-12x12.webp 12w, https:\/\/silage-balers.com\/wp-content\/uploads\/2025\/12\/4-1-100x100.webp 100w\" sizes=\"(max-width: 431px) 100vw, 431px\" \/><\/p>\n<h2>H\u00e4ufig gestellte Fragen (FAQ)<\/h2>\n<p><strong>Was ist die maximale Kapazit\u00e4t des 4BYH-1.3? <a href=\"https:\/\/silage-balers.com\/de\/produkt\/9yg-2-24d-rundballenpresse-s9000\/\">Kidneybohnen-Ausrei\u00dfmaschine<\/a>?<\/strong><\/p>\n<p>Der 4BYH-1.3 ist f\u00fcr gro\u00dffl\u00e4chige Erntearbeiten geeignet und kann Bohnen effizient auf mehreren Hektar Ackerland ausrei\u00dfen.<\/p>\n<p><strong>Wie verbessert die Bohnenausrei\u00dfmaschine 4BYH-1.3 die Effizienz der Kidneybohnenernte?<\/strong><\/p>\n<p>Diese Maschine automatisiert den Ausrei\u00dfprozess, wodurch die Arbeitskosten und die Erntezeit deutlich reduziert werden und gleichzeitig ein minimaler Ernteschaden gew\u00e4hrleistet wird.<\/p>\n<p><strong>Kann die Bohnenausrei\u00dfmaschine 4BYH-1.3 auch f\u00fcr andere Nutzpflanzen als Kidneybohnen verwendet werden?<\/strong><\/p>\n<p>Obwohl der 4BYH-1.3 speziell f\u00fcr Kidneybohnen entwickelt wurde, kann er je nach Boden- und Pflanzenbedingungen auch f\u00fcr andere Bohnensorten angepasst werden.<\/p>\n<p><strong>Welche Wartungsarbeiten sind f\u00fcr den 4BYH-1.3 erforderlich?<\/strong><\/p>\n<p>Zur regelm\u00e4\u00dfigen Wartung geh\u00f6ren die Reinigung der Maschine nach jedem Gebrauch, das Schmieren der beweglichen Teile und der Austausch verschlissener Komponenten wie Klingen und Riemen.<\/p>\n<p><strong>Ist die Bohnenausrei\u00dfmaschine 4BYH-1.3 f\u00fcr Bio-Bauernh\u00f6fe geeignet?<\/strong><\/p>\n<p>Ja, der 4BYH-1.3 ist so konzipiert, dass er die Bodenbearbeitung minimiert und ist daher eine geeignete Option f\u00fcr Bio-Bauernh\u00f6fe, bei denen die Bodengesundheit Priorit\u00e4t hat.<\/p>\n<p><strong>Welche Versandoptionen gibt es f\u00fcr internationale Kunden?<\/strong><\/p>\n<p>Wir bieten weltweiten Versand mit schnellen Lieferoptionen an, um den Bed\u00fcrfnissen unserer Kunden weltweit gerecht zu werden.<\/p>\n<p><strong>L\u00e4sst sich die Maschine an verschiedene Bodentypen anpassen?<\/strong><\/p>\n<p>Ja, wir bieten Anpassungsm\u00f6glichkeiten an, um die Maschine an verschiedene Bodentypen und landwirtschaftliche Bedingungen anzupassen.<\/p>\n<p><strong>Wie lange betr\u00e4gt die Garantiezeit f\u00fcr die Bohnenausrei\u00dfmaschine 4BYH-1.3?<\/strong><\/p>\n<p>Der 4BYH-1.3 wird mit einer 3-Jahres-Garantie geliefert und bietet somit Sicherheit f\u00fcr den langfristigen Einsatz.<\/p>\n<p><strong>Wie kann ich die Kidneybohnen-Entwurzelungsmaschine 4BYH-1.3 bestellen?<\/strong><\/p>\n<p>Sie k\u00f6nnen Ihre Bestellung direkt \u00fcber unsere Website aufgeben oder sich bei Sonderanfertigungen an unser Vertriebsteam wenden.<\/p>\n<p><strong>In welcher Preisspanne liegt die Bohnenausrei\u00dfmaschine 4BYH-1.3?<\/strong><\/p>\n<p>Der Preis variiert je nach Spezifikationen und Anpassungsm\u00f6glichkeiten, aber wir bieten wettbewerbsf\u00e4hige Preise, die sich am Wert und der Qualit\u00e4t der Maschine orientieren.<\/p>\n<p><strong>Ist die Bohnenentwurzelungsmaschine 4BYH-1.3 f\u00fcr neue Benutzer einfach zu bedienen?<\/strong><\/p>\n<p>Ja, die 4BYH-1.3 ist mit benutzerfreundlichen Bedienelementen ausgestattet, sodass neue Bediener die Maschine leicht erlernen und bedienen k\u00f6nnen.<\/p>\n<p><strong>Wie lange dauert die Bohnenernte mit der Bohnenausrei\u00dfmaschine 4BYH-1.3?<\/strong><\/p>\n<p>Der Zeitaufwand h\u00e4ngt von der Gr\u00f6\u00dfe Ihres landwirtschaftlichen Betriebs ab, aber der 4BYH-1.3 verk\u00fcrzt die Erntezeit im Vergleich zu manuellen Methoden erheblich.<\/p>\n<p><strong>Steht ein Kundendienst f\u00fcr die Fehlerbehebung zur Verf\u00fcgung?<\/strong><\/p>\n<p>Ja, wir bieten umfassenden Kundensupport f\u00fcr Fehlerbehebung und technische Unterst\u00fctzung.<\/p>\n<p><strong>Kann die Maschine in unterschiedlichen Klimazonen eingesetzt werden?<\/strong><\/p>\n<p>Der 4BYH-1.3 ist f\u00fcr den Einsatz in unterschiedlichen Klimazonen konzipiert und daher vielseitig f\u00fcr landwirtschaftliche Betriebe weltweit einsetzbar.<\/p>\n<p>bearbeitet von gzl<\/p>\n<p>&nbsp;<\/p>","protected":false},"excerpt":{"rendered":"<p>Entdecken Sie die Kidneybohnen-Rupturmaschine 4BYH-1.3 \u2013 effizient, zuverl\u00e4ssig und ideal f\u00fcr die gro\u00dffl\u00e4chige Bohnenernte. Steigern Sie Ihre Produktivit\u00e4t noch heute! Jetzt bestellen!<\/p>","protected":false},"featured_media":409,"template":"","meta":{"_et_pb_use_builder":"","_et_pb_old_content":"","_et_gb_content_width":""},"product_brand":[],"product_cat":[22],"product_tag":[],"class_list":{"0":"post-407","1":"product","2":"type-product","3":"status-publish","4":"has-post-thumbnail","6":"product_cat-kidney-bean-puller","8":"first","9":"instock","10":"shipping-taxable","11":"product-type-simple"},"_links":{"self":[{"href":"https:\/\/silage-balers.com\/de\/wp-json\/wp\/v2\/product\/407","targetHints":{"allow":["GET"]}}],"collection":[{"href":"https:\/\/silage-balers.com\/de\/wp-json\/wp\/v2\/product"}],"about":[{"href":"https:\/\/silage-balers.com\/de\/wp-json\/wp\/v2\/types\/product"}],"wp:featuredmedia":[{"embeddable":true,"href":"https:\/\/silage-balers.com\/de\/wp-json\/wp\/v2\/media\/409"}],"wp:attachment":[{"href":"https:\/\/silage-balers.com\/de\/wp-json\/wp\/v2\/media?parent=407"}],"wp:term":[{"taxonomy":"product_brand","embeddable":true,"href":"https:\/\/silage-balers.com\/de\/wp-json\/wp\/v2\/product_brand?post=407"},{"taxonomy":"product_cat","embeddable":true,"href":"https:\/\/silage-balers.com\/de\/wp-json\/wp\/v2\/product_cat?post=407"},{"taxonomy":"product_tag","embeddable":true,"href":"https:\/\/silage-balers.com\/de\/wp-json\/wp\/v2\/product_tag?post=407"}],"curies":[{"name":"wp","href":"https:\/\/api.w.org\/{rel}","templated":true}]}}