{"id":443,"date":"2025-12-25T08:55:30","date_gmt":"2025-12-25T08:55:30","guid":{"rendered":"https:\/\/silage-balers.com\/?post_type=product&#038;p=443"},"modified":"2025-12-29T05:43:01","modified_gmt":"2025-12-29T05:43:01","slug":"9f-70-futtermuhle","status":"publish","type":"product","link":"https:\/\/silage-balers.com\/de\/produkt\/9f-70-futtermuhle\/","title":{"rendered":"9F-70 Futterm\u00fchle"},"content":{"rendered":"<p>Futterm\u00fchlen sind unverzichtbare Ger\u00e4te in der modernen Landwirtschaft. Sie verarbeiten verschiedene Futtermittel effizient und eignen sich besonders f\u00fcr kleine und gro\u00dfe Viehbetriebe. Mit diesen M\u00fchlen lassen sich gro\u00dfe Futterst\u00fccke in kleinere, leichter verdauliche Pellets f\u00fcr die Tiere zerkleinern. Durch den Einsatz geeigneter Futterm\u00fchlen k\u00f6nnen Landwirte die Qualit\u00e4t und Effizienz der Futterverarbeitung verbessern, die Tierern\u00e4hrung optimieren und Futterverluste reduzieren.<\/p>\n<h2>Technische Spezifikation<\/h2>\n<table style=\"border-color: #000000;\">\n<thead>\n<tr>\n<th>Seriennummer<\/th>\n<th>Artikel<\/th>\n<th>Einheit<\/th>\n<th>Spezifikation<\/th>\n<\/tr>\n<\/thead>\n<tbody>\n<tr>\n<td>1<\/td>\n<td>Modellname<\/td>\n<td>\/<\/td>\n<td>9F-70 Futterm\u00fchle<\/td>\n<\/tr>\n<tr>\n<td>2<\/td>\n<td>Strukturform<\/td>\n<td>\/<\/td>\n<td>Festbetrieb<\/td>\n<\/tr>\n<tr>\n<td>3<\/td>\n<td>Fahrmethode<\/td>\n<td>\/<\/td>\n<td>Feste Leistung<\/td>\n<\/tr>\n<tr>\n<td>4<\/td>\n<td>Stromart<\/td>\n<td>\/<\/td>\n<td>Dieselmotor<\/td>\n<\/tr>\n<tr>\n<td>5<\/td>\n<td>Nennleistung<\/td>\n<td>kW<\/td>\n<td>191<\/td>\n<\/tr>\n<tr>\n<td>6<\/td>\n<td>Geh\u00e4useherstellungsverfahren<\/td>\n<td>\/<\/td>\n<td>Geschwei\u00dfter Typ<\/td>\n<\/tr>\n<tr>\n<td>7<\/td>\n<td>Rotorstrukturtyp<\/td>\n<td>\/<\/td>\n<td>Hammertyp<\/td>\n<\/tr>\n<tr>\n<td>8<\/td>\n<td>Anzahl der H\u00e4mmer<\/td>\n<td>St\u00fcck<\/td>\n<td>64<\/td>\n<\/tr>\n<tr>\n<td>9<\/td>\n<td>Rotorscheibendurchmesser<\/td>\n<td>mm<\/td>\n<td>450<\/td>\n<\/tr>\n<tr>\n<td>10<\/td>\n<td>Rotor-Arbeitsdurchmesser<\/td>\n<td>mm<\/td>\n<td>700<\/td>\n<\/tr>\n<tr>\n<td>11<\/td>\n<td>Anzahl der H\u00e4mmer<\/td>\n<td>St\u00fcck<\/td>\n<td>64<\/td>\n<\/tr>\n<tr>\n<td>12<\/td>\n<td>Brechkammerbreite<\/td>\n<td>mm<\/td>\n<td>1100<\/td>\n<\/tr>\n<tr>\n<td>13<\/td>\n<td>Gesamtabmessungen (L\u00e4nge \u00d7 Breite \u00d7 H\u00f6he)<\/td>\n<td>mm<\/td>\n<td>7700\u00d72600\u00d72900<\/td>\n<\/tr>\n<tr>\n<td>14<\/td>\n<td>Zapfwellendrehzahl<\/td>\n<td>r\/min<\/td>\n<td>1800<\/td>\n<\/tr>\n<tr>\n<td>15<\/td>\n<td>Radstand<\/td>\n<td>mm<\/td>\n<td>2200<\/td>\n<\/tr>\n<tr>\n<td>16<\/td>\n<td>Produktivit\u00e4t<\/td>\n<td>t\/h<\/td>\n<td>5-20<\/td>\n<\/tr>\n<tr>\n<td>17<\/td>\n<td>Strukturmasse<\/td>\n<td>kg<\/td>\n<td>5500<\/td>\n<\/tr>\n<tr>\n<td>18<\/td>\n<td>F\u00fctterungsmethode<\/td>\n<td>\/<\/td>\n<td>Zylindrisches Zuf\u00fchrungssystem<\/td>\n<\/tr>\n<\/tbody>\n<\/table>\n<h2>Was ist ein Futterh\u00e4cksler?<\/h2>\n<p>Ein Futterh\u00e4cksler ist ein mechanisches Ger\u00e4t zur Verarbeitung und Zerkleinerung von Futterpflanzen (wie Heu, Silage usw.). Diese Maschinen sind mit scharfen Klingen und leistungsstarken Motoren ausgestattet und k\u00f6nnen gro\u00dfe Mengen an Pflanzenmaterial verarbeiten und in f\u00fcr Nutztiere leichter verdauliche Futterformen umwandeln. Futterh\u00e4cksler sind wichtige Hilfsmittel zur Verbesserung der Futterqualit\u00e4t und zur Gew\u00e4hrleistung einer effizienten F\u00fctterung in der Tierhaltung.<\/p>\n<h2>Probleme, die durch Futterm\u00fchlen gel\u00f6st werden<\/h2>\n<p>Futterh\u00e4cksler l\u00f6sen mehrere Herausforderungen, mit denen Landwirte im Bereich der Tierf\u00fctterung konfrontiert sind. Dazu geh\u00f6ren:<\/p>\n<ul>\n<li><strong>Reduzierung von Futtermittelabf\u00e4llen:<\/strong> Durch das Zerkleinern des Futters in kleinere St\u00fccke tragen Futterm\u00fchlen dazu bei, Futterverluste zu reduzieren und die Futterverwertung durch die Tiere zu verbessern.<\/li>\n<li><strong>Verbesserte Futterqualit\u00e4t:<\/strong> Der Zerkleinerer verbessert den N\u00e4hrwert des Futters, indem er z\u00e4he Fasern aufbricht und es so f\u00fcr die Nutztiere besser verdaulich macht.<\/li>\n<li><strong>Zeit- und Arbeitseffizienz:<\/strong> Futterm\u00fchlen sparen im Vergleich zur manuellen Futterverarbeitung wertvolle Zeit und Arbeitskraft und steigern so die Gesamteffizienz des Betriebs.<\/li>\n<li><strong>Einheitliche Futtergr\u00f6\u00dfe:<\/strong> Die Mahlwerke gew\u00e4hrleisten eine einheitliche Gr\u00f6\u00dfe der Futterpartikel, was zu einer gleichm\u00e4\u00dfigen Verdauung und N\u00e4hrstoffaufnahme beitr\u00e4gt.<\/li>\n<li><strong>Kosteneffiziente Futtermittelverarbeitung:<\/strong> Durch die effiziente Verarbeitung von Futterpflanzen in gro\u00dfen Mengen k\u00f6nnen Landwirte Kosten f\u00fcr den Kauf von kommerziellem Futter einsparen und gleichzeitig die Tiergesundheit erhalten.<\/li>\n<\/ul>\n<h2>Produktvorteile des Futterm\u00fchlen-Produkts<\/h2>\n<p>Futterm\u00fchlen bieten Landwirten, die ihre Futterverarbeitungssysteme optimieren m\u00f6chten, zahlreiche Vorteile. Hier sind f\u00fcnf der wichtigsten:<\/p>\n<h3>1. Hohe Effizienz bei der Futterverarbeitung<\/h3>\n<p>Futterm\u00fchlen sind f\u00fcr die Verarbeitung gro\u00dfer Futtermengen in kurzer Zeit ausgelegt. Der leistungsstarke Motor und der effiziente Mahlmechanismus gew\u00e4hrleisten eine schnelle und gleichm\u00e4\u00dfige Verarbeitung des Futters und sparen Landwirten so Zeit und Energie.<\/p>\n<h3>2. Vielseitigkeit bei den Futtermitteln<\/h3>\n<p>Diese Futterm\u00fchlen sind vielseitig und k\u00f6nnen verschiedene Futterarten verarbeiten, darunter Gras, Silage, Luzerne und Heu. Dadurch eignen sie sich ideal f\u00fcr Betriebe mit unterschiedlichen Futterbed\u00fcrfnissen ihrer Nutztiere, da sie an verschiedene Futterpflanzen angepasst werden k\u00f6nnen.<\/p>\n<h3>3. Kompaktes Design f\u00fcr kleine landwirtschaftliche Betriebe<\/h3>\n<p>Moderne Futterm\u00fchlen zeichnen sich durch ihre kompakte Bauweise aus und eignen sich daher ideal f\u00fcr kleine Betriebe mit begrenztem Platzangebot. Trotz ihrer geringen Gr\u00f6\u00dfe bieten sie eine hohe Leistung und erm\u00f6glichen es Landwirten, ausreichend Futter zu verarbeiten, ohne viel Platz zu beanspruchen.<\/p>\n<h3>4. Langlebige Konstruktion<\/h3>\n<p>Futterh\u00e4cksler sind auf Langlebigkeit ausgelegt und verf\u00fcgen \u00fcber robuste Komponenten, die den Belastungen des t\u00e4glichen Gebrauchs standhalten. Diese Langlebigkeit gew\u00e4hrleistet einen dauerhaft effizienten Betrieb des H\u00e4ckslers und reduziert so den Bedarf an h\u00e4ufigen Reparaturen und Ersatzteilen.<\/p>\n<h3>5. Energieeffizienz<\/h3>\n<p>Viele Fleischm\u00fchlen sind mit energieeffizienten Motoren ausgestattet, die den Stromverbrauch senken und sie somit zu einer kosteng\u00fcnstigen Option f\u00fcr landwirtschaftliche Betriebe jeder Gr\u00f6\u00dfe machen. Dies hilft Landwirten, Energiekosten zu sparen und gleichzeitig eine hohe Verarbeitungsleistung zu erzielen.<\/p>\n<h2>Wie funktioniert ein Futterh\u00e4cksler?<\/h2>\n<p>Die Funktionsweise einer M\u00fchle ist relativ einfach. Die Maschine besteht aus einem Motor, mehreren rotierenden Messern oder H\u00e4mmern und einem Auffangbeh\u00e4lter. Beim Einf\u00fcllen des Materials in die Maschine zerkleinern und mahlen die rotierenden Messer oder H\u00e4mmer es zu kleineren, handlicheren Partikeln. Das aufbereitete Material wird anschlie\u00dfend im Auffangbeh\u00e4lter gesammelt und entweder gelagert oder weiterverarbeitet. Einige Modelle sind zus\u00e4tzlich mit Sieben oder Gebl\u00e4sen ausgestattet, um die Partikelgr\u00f6\u00dfe des Mahlguts weiter zu verfeinern.<\/p>\n<p style=\"text-align: center;\"><img loading=\"lazy\" decoding=\"async\" class=\"alignnone wp-image-444\" src=\"https:\/\/silage-balers.com\/wp-content\/uploads\/2025\/12\/ep-9F-70-Forage-Grinder-1-1-1-300x300.webp\" alt=\"Futterm\u00fchle\" width=\"399\" height=\"399\" \/><\/p>\n<h2>Hauptanwendungen von Futterm\u00fchlen<\/h2>\n<p>Futterh\u00e4cksler finden in verschiedenen landwirtschaftlichen Bereichen breite Anwendung. Hier sind sechs ihrer Haupteinsatzgebiete:<\/p>\n<h3>1. Tierf\u00fctterung<\/h3>\n<p>Eine der Hauptanwendungen von Futterm\u00fchlen ist die Aufbereitung von Tierfutter. Durch das Zerkleinern von Heu, Silage oder anderem Futter sorgt die M\u00fchle daf\u00fcr, dass das Futter f\u00fcr die Tiere leichter aufzunehmen und zu verdauen ist, was die allgemeine Gesundheit und Produktivit\u00e4t verbessert.<\/p>\n<h3>2. Silageproduktion<\/h3>\n<p>Futterm\u00fchlen spielen eine entscheidende Rolle bei der Silageherstellung. Durch das Zerkleinern des Futtermaterials vor der G\u00e4rung tragen sie zum Aufbrechen der Pflanzenfasern bei und verbessern so die Effizienz des G\u00e4rungsprozesses und den N\u00e4hrwert der Silage.<\/p>\n<h3>3. Tierfutterzus\u00e4tze<\/h3>\n<p>Landwirte k\u00f6nnen Futterm\u00fchlen nutzen, um individuelle Futtermischungen f\u00fcr ihre Nutztiere herzustellen. Dies erm\u00f6glicht eine bessere Kontrolle \u00fcber den N\u00e4hrstoffgehalt des Futters und stellt sicher, dass die Tiere die richtige N\u00e4hrstoffbalance f\u00fcr optimales Wachstum und beste Leistung erhalten.<\/p>\n<h3>4. Verarbeitung organischer Abf\u00e4lle<\/h3>\n<p>Futterh\u00e4cksler eignen sich auch zur Verarbeitung organischer Abf\u00e4lle wie Erntereste oder Gartenabf\u00e4lle. Durch das Zerkleinern dieser Materialien k\u00f6nnen Landwirte Kompost oder Mulch herstellen, wodurch Abfall reduziert und nachhaltige Anbaumethoden gef\u00f6rdert werden.<\/p>\n<h3>5. Biomasse-Energieerzeugung<\/h3>\n<p>Einige Landwirte nutzen Futterm\u00fchlen, um Biomasse f\u00fcr die Energiegewinnung aufzubereiten. Durch das Zerkleinern von Pflanzenmaterial zu kleinen Partikeln erm\u00f6glichen die M\u00fchlen die Herstellung von Biokraftstoffen oder anderen erneuerbaren Energiequellen.<\/p>\n<h3>6. Gefl\u00fcgel- und Kleintierfutter<\/h3>\n<p>Futterm\u00fchlen werden auch in der Gefl\u00fcgel- und Kleintierhaltung eingesetzt. Durch das Zerkleinern des Futters zu feinen Partikeln entsteht ein besser verdauliches Futter f\u00fcr diese Tiere, was ihre Gesundheit verbessert und Futterverluste reduziert.<\/p>\n<h2>Wie man den richtigen Futterm\u00fchlen-Ausw\u00e4hler ausw\u00e4hlt<\/h2>\n<p>Bei der Auswahl eines Futterh\u00e4ckslers sollten verschiedene Faktoren ber\u00fccksichtigt werden, um sicherzustellen, dass Sie das richtige Modell f\u00fcr Ihre Bed\u00fcrfnisse ausw\u00e4hlen. Hier sind einige wichtige Punkte zu beachten:<\/p>\n<h3>1. Mahlkapazit\u00e4t<\/h3>\n<p>Ber\u00fccksichtigen Sie die Menge an Futter, die Sie verarbeiten m\u00fcssen. Gr\u00f6\u00dfere Betriebe ben\u00f6tigen m\u00f6glicherweise einen Zerkleinerer mit h\u00f6herer Kapazit\u00e4t, w\u00e4hrend kleinere Betriebe mit einem kompakteren Modell auskommen. W\u00e4hlen Sie einen Zerkleinerer, der Ihren Anforderungen an die Futterverarbeitung entspricht.<\/p>\n<h3>2. Motorleistung<\/h3>\n<p>Die Motorleistung bestimmt die Mahlleistung. Stellen Sie sicher, dass der Motor ausreichend Leistung f\u00fcr Ihre Arbeitslast hat, ohne \u00fcberlastet zu werden. Gr\u00f6\u00dfere Motoren eignen sich besser f\u00fcr die Verarbeitung von h\u00e4rterem Futter wie Silage.<\/p>\n<h3>3. Klingen- oder Hammerdesign<\/h3>\n<p>Verschiedene Schleifmaschinen sind mit unterschiedlichen Klingen- oder Hammerdesigns ausgestattet. Ber\u00fccksichtigen Sie das zu schleifende Material und w\u00e4hlen Sie ein Modell, das den passenden Schneidmechanismus f\u00fcr Ihre spezifischen Bed\u00fcrfnisse bietet.<\/p>\n<h3>4. Haltbarkeit und Material<\/h3>\n<p>Pr\u00fcfen Sie die Langlebigkeit des Grinders, insbesondere die verwendeten Materialien. Ein hochwertiger Grinder aus robusten Materialien h\u00e4lt l\u00e4nger und widersteht der t\u00e4glichen Beanspruchung.<\/p>\n<h3>5. Wartungsfreundlichkeit<\/h3>\n<p>W\u00e4hlen Sie einen Futterh\u00e4cksler, der leicht zu warten ist. Achten Sie auf Modelle mit gut zug\u00e4nglichen Teilen und klaren Anweisungen zur Reinigung und Wartung, damit Ihr H\u00e4cksler dauerhaft in Top-Zustand bleibt.<\/p>\n<h3>6. Preis und Garantie<\/h3>\n<p>Ber\u00fccksichtigen Sie Ihr Budget bei der Auswahl eines Futterh\u00e4ckslers. Hochwertigere Modelle bieten zwar oft erweiterte Funktionen, aber es ist wichtig, Ihre Bed\u00fcrfnisse mit Ihrem Budget in Einklang zu bringen. Achten Sie au\u00dferdem auf eine Garantie, um Ihre Investition abzusichern.<\/p>\n<h2>Wartung des Futterh\u00e4ckslers<\/h2>\n<p>Eine ordnungsgem\u00e4\u00dfe Wartung ist unerl\u00e4sslich, damit Ihr Futterh\u00e4cksler reibungslos funktioniert und seine Lebensdauer verl\u00e4ngert wird. Hier einige Wartungstipps:<\/p>\n<ul>\n<li><strong>Regelm\u00e4\u00dfige Reinigung:<\/strong> Reinigen Sie den H\u00e4cksler nach jedem Gebrauch, um Futterreste zu entfernen und Verstopfungen vorzubeugen. Verwenden Sie eine B\u00fcrste oder Druckluft, um die Innenteile zu reinigen.<\/li>\n<li><strong>Klingen sch\u00e4rfen:<\/strong> Um eine optimale Schnittleistung zu gew\u00e4hrleisten, sollten die Klingen oder H\u00e4mmer regelm\u00e4\u00dfig \u00fcberpr\u00fcft und gesch\u00e4rft werden. Stumpfe Klingen k\u00f6nnen die Effektivit\u00e4t des Schleifers verringern und unn\u00f6tigen Verschlei\u00df am Motor verursachen.<\/li>\n<li><strong>Schmierung:<\/strong> Bewegliche Teile wie Lager und Zahnr\u00e4der sollten gem\u00e4\u00df den Herstellerangaben geschmiert werden. Eine ordnungsgem\u00e4\u00dfe Schmierung reduziert die Reibung und verhindert \u00dcberhitzung.<\/li>\n<li><strong>Inspektion:<\/strong> \u00dcberpr\u00fcfen Sie die Schleifmaschine regelm\u00e4\u00dfig auf Verschlei\u00df oder Besch\u00e4digungen. Tauschen Sie verschlissene oder besch\u00e4digte Teile umgehend aus, um weitere Sch\u00e4den zu vermeiden und einen sicheren Betrieb zu gew\u00e4hrleisten.<\/li>\n<li><strong>Motor pr\u00fcfen:<\/strong> Stellen Sie sicher, dass der Motor ordnungsgem\u00e4\u00df funktioniert, indem Sie seine Temperatur und seinen Ger\u00e4uschpegel \u00fcberwachen. \u00dcberhitzung oder ungew\u00f6hnliche Ger\u00e4usche k\u00f6nnen darauf hindeuten, dass der Motor gewartet werden muss.<\/li>\n<\/ul>\n<h2>Kundenrezensionen aus verschiedenen L\u00e4ndern<\/h2>\n<h3>Rezension 1<\/h3>\n<p>Der Futterzerkleinerer hat unseren Betrieb revolutioniert. Wir k\u00f6nnen gro\u00dfe Mengen Futter schnell verarbeiten und sparen dadurch Zeit und Arbeitskosten. Der Zerkleinerer arbeitet effizient und das Futter ist von hoher Qualit\u00e4t. Seit wir die Maschine einsetzen, hat sich der allgemeine Gesundheitszustand unserer Tiere deutlich verbessert.<\/p>\n<p><strong>\u2013 John Doe, USA<\/strong><\/p>\n<h3>Rezension 2<\/h3>\n<p>Wir haben die gekauft <a href=\"https:\/\/silage-balers.com\/de\/produkt\/kidneybohnen-rohrschneidemaschine-4-reihig\/\">Futterm\u00fchle<\/a> F\u00fcr unseren kleinen Bauernhof ist die Maschine ideal und erf\u00fcllt unsere Bed\u00fcrfnisse perfekt. Sie ist kompakt und einfach zu bedienen und somit perfekt f\u00fcr unseren begrenzten Platz. Der H\u00e4cksler zerkleinert das Futter hervorragend in kleinere St\u00fccke, die unsere Tiere gerne fressen.<\/p>\n<p><strong>\u2013 Maria Gonzalez, Mexiko<\/strong><\/p>\n<h3>Rezension 3<\/h3>\n<p>Als Milchbauer bin ich auf eine effiziente Futterverarbeitung angewiesen, und diese M\u00fchle hat alle meine Erwartungen erf\u00fcllt. Der Motor ist leistungsstark und verarbeitet Silage m\u00fchelos. Ich sch\u00e4tze auch den geringen Wartungsaufwand, der mir Zeit und Geld spart.<\/p>\n<p><strong>\u2013 Ahmed Al-Sayed, \u00c4gypten<\/strong><\/p>\n<h3>Rezension 4<\/h3>\n<p>Unser Betrieb nutzt den Futterm\u00fchlen-H\u00e4cksler seit einigen Monaten, und er hat die Futterqualit\u00e4t deutlich verbessert. Die Maschine ist einfach zu bedienen und beschleunigt die Futterverarbeitung erheblich. Ich kann sie anderen Landwirten, die eine zuverl\u00e4ssige Futterm\u00fchle suchen, w\u00e4rmstens empfehlen.<\/p>\n<p><strong>\u2013 Li Wei, China<\/strong><\/p>\n<h3>Rezension 5<\/h3>\n<p>Wir ben\u00f6tigten einen zuverl\u00e4ssigen Futterzerkleinerer f\u00fcr die Futterproduktion unserer Gefl\u00fcgelfarm, und dieses Produkt hat unsere Erwartungen voll erf\u00fcllt. Es ist effizient, langlebig und wartungsarm. Unsere Tiere zeigen deutliche Verbesserungen in Gesundheit und Wachstum.<\/p>\n<p><strong>\u2013 Sandra James, Gro\u00dfbritannien<\/strong><\/p>\n<h2>Warum sollten Sie sich f\u00fcr unseren Futterh\u00e4cksler entscheiden?<\/h2>\n<p>Mit unserer M\u00fchle entscheiden Sie sich f\u00fcr ein Produkt, das auf Effizienz, Langlebigkeit und Benutzerfreundlichkeit ausgelegt ist. Unsere M\u00fchlen bieten folgende Vorteile:<\/p>\n<ul>\n<li><strong>Schnelle Anpassung:<\/strong> Wir bieten Ihnen schnelle Anpassungsm\u00f6glichkeiten, die genau auf Ihre Bed\u00fcrfnisse auf Ihrem landwirtschaftlichen Betrieb zugeschnitten sind.<\/li>\n<li><strong>Exzellenter Kundenservice:<\/strong> Unser Team ist bestrebt, Ihnen vor, w\u00e4hrend und nach Ihrem Kauf den bestm\u00f6glichen Service zu bieten.<\/li>\n<li><strong>3 Jahre Garantie:<\/strong> Wir bieten Ihnen eine umfassende dreij\u00e4hrige Garantie f\u00fcr absolute Sicherheit.<\/li>\n<li><strong>Weltweiter Expressversand:<\/strong> Unsere M\u00fchlen werden weltweit versandt, sodass Sie Ihre Bestellung p\u00fcnktlich erhalten.<\/li>\n<li><strong>Umfassender Kundendienst:<\/strong> Wir bieten einen umfassenden Kundendienst, der sicherstellt, dass Ihre M\u00fchle auch in den kommenden Jahren reibungslos funktioniert.<\/li>\n<\/ul>\n<h2>Werben Sie f\u00fcr das Produkt und unser Unternehmen<\/h2>\n<p>Wir sind stolz darauf, hochwertige Futterm\u00fchlen und andere Landmaschinen herzustellen. Unsere Produkte sind auf die Bed\u00fcrfnisse moderner Landwirte zugeschnitten und bieten \u00fcberragende Leistung zu \u00e4u\u00dferst wettbewerbsf\u00e4higen Preisen. Qualit\u00e4t hat f\u00fcr uns oberste Priorit\u00e4t; wir stellen sicher, dass jede von uns gefertigte Maschine internationalen Standards entspricht.<\/p>\n<p>Wir bieten Ihnen au\u00dferdem eine breite Palette an Zubeh\u00f6r und verwandten Produkten, darunter Futterverarbeitungsanlagen und Futterm\u00fchlen. Exzellenter Kundenservice und umfassende Unterst\u00fctzung sind uns wichtig, damit Sie stets die n\u00f6tigen Werkzeuge f\u00fcr Ihren Erfolg haben. Kontaktieren Sie uns noch heute, um mehr \u00fcber unsere Produkte und Dienstleistungen zu erfahren!<\/p>\n<h2>H\u00e4ufig gestellte Fragen<\/h2>\n<h3>1. Welcher Futterh\u00e4cksler eignet sich am besten f\u00fcr kleine landwirtschaftliche Betriebe?<\/h3>\n<p>F\u00fcr kleine landwirtschaftliche Betriebe eignet sich am besten ein kompaktes Modell mit ausreichender Motorleistung f\u00fcr kleinere Futtermengen. Achten Sie auf H\u00e4cksler mit einstellbarer Korngr\u00f6\u00dfe und hoher Effizienz f\u00fcr optimale Ergebnisse.<\/p>\n<h3>2. <a href=\"http:\/\/square-balers.com\" target=\"_blank\" rel=\"noopener\">Wie man den Futterh\u00e4cksler 9F-70 f\u00fcr Silage verwendet<\/a>?<\/h3>\n<p>Um den 9F-70 f\u00fcr Silage zu verwenden, f\u00fcllen Sie das Futtermaterial in die Maschine und stellen Sie die Mahlgeschwindigkeit und die Messerkonfiguration entsprechend der Silageart ein. Der H\u00e4cksler zerkleinert das Material in kleinere St\u00fccke, ideal f\u00fcr die Fermentation.<\/p>\n<h3>3. Was kostet ein Futterh\u00e4cksler?<\/h3>\n<p>Die Kosten einer Kaffeem\u00fchle variieren je nach Modell, Funktionen und Kapazit\u00e4t. Kleinere, weniger leistungsstarke Modelle sind in der Regel g\u00fcnstiger, w\u00e4hrend gr\u00f6\u00dfere, spezialisierte M\u00fchlen tendenziell teurer sind. Kontaktieren Sie uns f\u00fcr konkrete Preisinformationen.<\/p>\n<h3>4. Kann ich einen Futterm\u00fchlen-H\u00e4cksler sowohl f\u00fcr Heu als auch f\u00fcr Silage verwenden?<\/h3>\n<p>Ja, die meisten Heu- und Silageh\u00e4cksler k\u00f6nnen sowohl Heu als auch Silage verarbeiten. Achten Sie darauf, die richtigen Messereinstellungen und die passende Motorleistung f\u00fcr die unterschiedlichen Konsistenzen und Feuchtigkeitsgehalte von Heu und Silage zu w\u00e4hlen.<\/p>\n<h3>5. Wie lange ist die Lebensdauer eines Futterh\u00e4ckslers?<\/h3>\n<p>Bei sachgem\u00e4\u00dfer Wartung kann eine gut gebaute Schleifmaschine viele Jahre halten. Regelm\u00e4\u00dfige Reinigung, Sch\u00e4rfen der Klingen und Motorpr\u00fcfungen tragen dazu bei, die Lebensdauer der Maschine zu verl\u00e4ngern.<\/p>\n<p>bearbeitet von gzl<\/p>\n<p>&nbsp;<\/p>","protected":false},"excerpt":{"rendered":"<p>Entdecken Sie den leistungsstarken Futterh\u00e4cksler 9F-70 f\u00fcr die effiziente Erntegutverarbeitung. Steigern Sie Ihre Produktivit\u00e4t mit unserem erstklassigen H\u00e4cksler. Jetzt kaufen und von \u00fcberragender Leistung profitieren!<\/p>","protected":false},"featured_media":444,"template":"","meta":{"_et_pb_use_builder":"","_et_pb_old_content":"","_et_gb_content_width":""},"product_brand":[],"product_cat":[21],"product_tag":[],"class_list":{"0":"post-443","1":"product","2":"type-product","3":"status-publish","4":"has-post-thumbnail","6":"product_cat-other-series-products","8":"first","9":"instock","10":"shipping-taxable","11":"product-type-simple"},"_links":{"self":[{"href":"https:\/\/silage-balers.com\/de\/wp-json\/wp\/v2\/product\/443","targetHints":{"allow":["GET"]}}],"collection":[{"href":"https:\/\/silage-balers.com\/de\/wp-json\/wp\/v2\/product"}],"about":[{"href":"https:\/\/silage-balers.com\/de\/wp-json\/wp\/v2\/types\/product"}],"wp:featuredmedia":[{"embeddable":true,"href":"https:\/\/silage-balers.com\/de\/wp-json\/wp\/v2\/media\/444"}],"wp:attachment":[{"href":"https:\/\/silage-balers.com\/de\/wp-json\/wp\/v2\/media?parent=443"}],"wp:term":[{"taxonomy":"product_brand","embeddable":true,"href":"https:\/\/silage-balers.com\/de\/wp-json\/wp\/v2\/product_brand?post=443"},{"taxonomy":"product_cat","embeddable":true,"href":"https:\/\/silage-balers.com\/de\/wp-json\/wp\/v2\/product_cat?post=443"},{"taxonomy":"product_tag","embeddable":true,"href":"https:\/\/silage-balers.com\/de\/wp-json\/wp\/v2\/product_tag?post=443"}],"curies":[{"name":"wp","href":"https:\/\/api.w.org\/{rel}","templated":true}]}}