{"id":455,"date":"2025-12-26T03:23:43","date_gmt":"2025-12-26T03:23:43","guid":{"rendered":"https:\/\/silage-balers.com\/?post_type=product&#038;p=455"},"modified":"2025-12-26T05:59:27","modified_gmt":"2025-12-26T05:59:27","slug":"ballenpresse-zum-aufnehmen-und-transportieren","status":"publish","type":"product","link":"https:\/\/silage-balers.com\/de\/produkt\/ballenpresse-zum-aufnehmen-und-transportieren\/","title":{"rendered":"9JYY-4.5 Rundballen-Auffang- und Transportmaschine"},"content":{"rendered":"<p>Die Rundballen-Sammel- und Transportmaschine 9JYY-4.5 wurde entwickelt, um das Sammeln, Bewegen und Transportieren von Rundballen aus Heu, Stroh oder \u00e4hnlichen Materialien effizienter zu gestalten. Diese innovative Maschine reduziert den manuellen Arbeitsaufwand, steigert die Produktivit\u00e4t und gew\u00e4hrleistet einen reibungslosen Betrieb in gro\u00dffl\u00e4chigen landwirtschaftlichen Betrieben.<\/p>\n<h2>Technische Spezifikation<\/h2>\n<table style=\"border-color: #000000; height: 475px;\">\n<thead>\n<tr style=\"height: 47px;\">\n<th style=\"height: 47px; width: 65px;\">Seriennummer<\/th>\n<th style=\"height: 47px; width: 325px;\">Artikel<\/th>\n<th style=\"height: 47px; width: 30.3438px;\">Einheit<\/th>\n<th style=\"height: 47px; width: 227px;\">Spezifikation<\/th>\n<\/tr>\n<\/thead>\n<tbody>\n<tr style=\"height: 47px;\">\n<td style=\"height: 47px; width: 65px; text-align: center;\">1<\/td>\n<td style=\"height: 47px; width: 325px;\">Produktname<\/td>\n<td style=\"height: 47px; width: 30.3438px;\">\/<\/td>\n<td style=\"height: 47px; width: 227px;\">Rundballen-Aufnahme- und Transportmaschine<\/td>\n<\/tr>\n<tr style=\"height: 23px;\">\n<td style=\"height: 23px; width: 65px; text-align: center;\">2<\/td>\n<td style=\"height: 23px; width: 325px;\">Produktmodell<\/td>\n<td style=\"height: 23px; width: 30.3438px;\">\/<\/td>\n<td style=\"height: 23px; width: 227px;\">9JYY-4.5<\/td>\n<\/tr>\n<tr style=\"height: 23px;\">\n<td style=\"height: 23px; width: 65px; text-align: center;\">3<\/td>\n<td style=\"height: 23px; width: 325px;\">Anbindemethode<\/td>\n<td style=\"height: 23px; width: 30.3438px;\">\/<\/td>\n<td style=\"height: 23px; width: 227px;\">Traktionstyp<\/td>\n<\/tr>\n<tr style=\"height: 23px;\">\n<td style=\"height: 23px; width: 65px; text-align: center;\">4<\/td>\n<td style=\"height: 23px; width: 325px;\">Be- und Entladeformular<\/td>\n<td style=\"height: 23px; width: 30.3438px;\">\/<\/td>\n<td style=\"height: 23px; width: 227px;\">Hydraulik<\/td>\n<\/tr>\n<tr style=\"height: 23px;\">\n<td style=\"height: 23px; width: 65px; text-align: center;\">5<\/td>\n<td style=\"height: 23px; width: 325px;\">Maximale Belastung<\/td>\n<td style=\"height: 23px; width: 30.3438px;\">kg<\/td>\n<td style=\"height: 23px; width: 227px;\">4500<\/td>\n<\/tr>\n<tr style=\"height: 23px;\">\n<td style=\"height: 23px; width: 65px; text-align: center;\">6<\/td>\n<td style=\"height: 23px; width: 325px;\">Passender Leistungsbereich<\/td>\n<td style=\"height: 23px; width: 30.3438px;\">kW<\/td>\n<td style=\"height: 23px; width: 227px;\">\u226550<\/td>\n<\/tr>\n<tr style=\"height: 47px;\">\n<td style=\"height: 47px; width: 65px; text-align: center;\">7<\/td>\n<td style=\"height: 47px; width: 325px;\">Betriebsdruck (mit zwei S\u00e4tzen hydraulischer Antriebsvorrichtungen)<\/td>\n<td style=\"height: 47px; width: 30.3438px;\">MPa<\/td>\n<td style=\"height: 47px; width: 227px;\">\u226516<\/td>\n<\/tr>\n<tr style=\"height: 23px;\">\n<td style=\"height: 23px; width: 65px; text-align: center;\">8<\/td>\n<td style=\"height: 23px; width: 325px;\">Transportgeschwindigkeit<\/td>\n<td style=\"height: 23px; width: 30.3438px;\">km\/h<\/td>\n<td style=\"height: 23px; width: 227px;\">\u226440<\/td>\n<\/tr>\n<tr style=\"height: 47px;\">\n<td style=\"height: 47px; width: 65px; text-align: center;\">9<\/td>\n<td style=\"height: 47px; width: 325px;\">Reifenmodell<\/td>\n<td style=\"height: 47px; width: 30.3438px;\">\/<\/td>\n<td style=\"height: 47px; width: 227px;\">400\/60-15.5 (Doppelr\u00e4der, vier Reifen)<\/td>\n<\/tr>\n<tr style=\"height: 47px;\">\n<td style=\"height: 47px; width: 65px; text-align: center;\">10<\/td>\n<td style=\"height: 47px; width: 325px;\">Verladbare Ballenabmessungen<\/td>\n<td style=\"height: 47px; width: 30.3438px;\">mm<\/td>\n<td style=\"height: 47px; width: 227px;\">Durchmesser 1000\u20131400, L\u00e4nge 1000\u20131500<\/td>\n<\/tr>\n<tr style=\"height: 116px;\">\n<td style=\"height: 79px; width: 65px; text-align: center;\">11<\/td>\n<td style=\"height: 79px; width: 325px;\">Gesamtabmessungen (L\u00e4nge \u00d7 Breite \u00d7 H\u00f6he)<\/td>\n<td style=\"height: 79px; width: 30.3438px;\">mm<\/td>\n<td style=\"height: 79px; width: 227px;\">\u2013 Arbeitsaufl\u00f6sung: 9400\u00d76750\u00d71750<\/p>\n<div class=\"container-Uxvbjy md-box-line-break wrapper-GYqxgQ undefined\"><\/div>\n<p>\u2013 Transport: 9400\u00d72900\u00d73300<\/td>\n<\/tr>\n<tr style=\"height: 23px;\">\n<td style=\"height: 23px; width: 65px; text-align: center;\">12<\/td>\n<td style=\"height: 23px; width: 325px;\">Maschinenmasse<\/td>\n<td style=\"height: 23px; width: 30.3438px;\">kg<\/td>\n<td style=\"height: 23px; width: 227px;\">3240<\/td>\n<\/tr>\n<\/tbody>\n<\/table>\n<h2>Produktdefinition<\/h2>\n<p>Die Rundballen-Aufnahme- und Transportmaschine 9JYY-4.5 ist ein robustes Ger\u00e4t zum einfachen Aufnehmen und Transportieren von Rundballen. Ihre leistungsstarke Konstruktion und hohe Effizienz machen sie zu einem unverzichtbaren Helfer f\u00fcr landwirtschaftliche Betriebe jeder Gr\u00f6\u00dfe. Die Maschine vereinfacht die Handhabung gro\u00dfer Rundballen und gew\u00e4hrleistet deren schnellen und sicheren Transport.<\/p>\n<h2>Behandelte Probleme und Anwendungsbereiche<\/h2>\n<p>Diese Maschine l\u00f6st viele Herausforderungen, mit denen Landwirte und landwirtschaftliche Mitarbeiter beim Umgang mit Rundballen Heu konfrontiert sind. Zu den wichtigsten Problemen z\u00e4hlen der hohe Kraftaufwand beim Bewegen der Ballen, die zeitaufw\u00e4ndige manuelle Handhabung und das Verletzungsrisiko beim Transport. Die 9JYY-4.5 bietet durch automatisierte Kommissionier- und Transportprozesse eine nahtlose L\u00f6sung und verbessert so Produktivit\u00e4t und Sicherheit. Sie eignet sich f\u00fcr Betriebe jeder Gr\u00f6\u00dfe und ist besonders gut f\u00fcr Betriebe geeignet, die Heu, Stroh und andere Rundballen verarbeiten.<\/p>\n<p style=\"text-align: center;\"><img loading=\"lazy\" decoding=\"async\" class=\"alignnone wp-image-457\" src=\"https:\/\/silage-balers.com\/wp-content\/uploads\/2025\/12\/1-1-1-1-300x300.webp\" alt=\"Kommissionier- und Transportmaschine\" width=\"333\" height=\"333\" \/><\/p>\n<h2>Produktvorteile<\/h2>\n<h3>1. Hohe Effizienz<\/h3>\n<p>Die Rundballen-Sammel- und Transportmaschine 9JYY-4.5 zeichnet sich durch hohe Effizienz aus und erm\u00f6glicht Landwirten, mehr Ballen in k\u00fcrzerer Zeit zu verarbeiten. Dank ihres automatisierten Systems reduziert die Maschine den Bedarf an manueller Arbeit und schafft so Zeit f\u00fcr andere wichtige Aufgaben auf dem Hof.<\/p>\n<h3>2. Robuste Ausf\u00fchrung<\/h3>\n<p>Diese Maschine wurde f\u00fcr den Einsatz in gro\u00dfem Ma\u00dfstab entwickelt und zeichnet sich durch ihre robuste Bauweise aus, die es ihr erm\u00f6glicht, selbst anspruchsvollste Aufgaben zu bew\u00e4ltigen. Ob Sie einen kleinen Bauernhof oder einen gro\u00dfen Agrarbetrieb f\u00fchren \u2013 die 9JYY-4.5 ist f\u00fcr den Dauereinsatz unter harten Bedingungen ausgelegt.<\/p>\n<h3>3. Vielseitige Anwendungsm\u00f6glichkeiten<\/h3>\n<p>Der 9JYY-4.5 ist \u00e4u\u00dferst vielseitig und eignet sich f\u00fcr eine Vielzahl von Aufgaben, darunter das Handling von Heuballen, den Transport von Strohballen und andere landwirtschaftliche Anwendungen. Seine Anpassungsf\u00e4higkeit macht ihn zu einer wertvollen Investition f\u00fcr verschiedene landwirtschaftliche Betriebe.<\/p>\n<h3>4. Verbesserte Sicherheit<\/h3>\n<p>Dank seines automatisierten Ballenaufnahme- und Transportsystems minimiert der 9JYY-4.5 die k\u00f6rperliche Belastung der Arbeiter. Dadurch wird das Risiko von Verletzungen, die h\u00e4ufig beim manuellen Ballenhandling auftreten, reduziert und der Arbeitsplatz insgesamt sicherer.<\/p>\n<h3>5. Kosteneffektiv<\/h3>\n<p>Die Investition in den 9JYY-4.5 tr\u00e4gt zur Senkung der Arbeitskosten und zur Steigerung der betrieblichen Effizienz bei. Die Maschine amortisiert sich schnell durch Zeitersparnis und die Reduzierung des Personalbedarfs beim Ballenhandling und ist somit eine hervorragende Langzeitinvestition f\u00fcr Landwirte.<\/p>\n<h2>Funktionsweise der Rundballen-Aufnahme- und Transportmaschine 9JYY-4.5<\/h2>\n<p>Die 9JYY-4.5 verf\u00fcgt \u00fcber einen fortschrittlichen Pickmechanismus, der Rundballen sicher greift. Hydraulische Systeme heben und transportieren die Ballen schonend, selbst auf unebenem Gel\u00e4nde. Die Maschine ist so konstruiert, dass die Ballen beim Picken und Transport nicht besch\u00e4digt werden und somit f\u00fcr die sp\u00e4tere Verwendung oder Lagerung intakt bleiben. Das System wird \u00fcber eine benutzerfreundliche Oberfl\u00e4che gesteuert, die es dem Bediener erm\u00f6glicht, den Pick- und Transportvorgang einfach zu handhaben.<\/p>\n<h2>Hauptanwendungsszenarien<\/h2>\n<h3>1. Gro\u00dfbetriebe<\/h3>\n<p>Der 9JYY-4.5 ist ideal f\u00fcr gro\u00dfe landwirtschaftliche Betriebe, die gro\u00dfe Mengen an Ballen schnell bewegen m\u00fcssen. Dank seiner robusten Bauweise erf\u00fcllt er die Anforderungen gro\u00dfer Agrarbetriebe.<\/p>\n<h3>2. Kleine landwirtschaftliche Betriebe<\/h3>\n<p>Auch kleine landwirtschaftliche Betriebe profitieren von dieser Maschine, da sie den Arbeitsaufwand reduziert und das Ballenhandling schneller und effizienter gestaltet. Sie ist besonders n\u00fctzlich f\u00fcr alle, die regelm\u00e4\u00dfig Heu- oder Strohballen handhaben m\u00fcssen.<\/p>\n<h3>3. Heuballenpressvorg\u00e4nge<\/h3>\n<p>F\u00fcr Landwirte, die sich auf die Heuproduktion konzentrieren, ist die 9JYY-4.5 unverzichtbar, um Ballen effizient vom Feld zum Lager oder zu den Transportfahrzeugen zu bef\u00f6rdern.<\/p>\n<h3>4. Viehzuchtbetriebe<\/h3>\n<p>Viehzuchtbetriebe k\u00f6nnen die 9JYY-4.5 zur Verarbeitung gro\u00dfer Mengen Heu und Stroh f\u00fcr Tierfutter einsetzen, wodurch der Prozess beschleunigt und die Arbeitskosten gesenkt werden.<\/p>\n<h3>5. Futtermittelproduktionsanlagen<\/h3>\n<p>Die Maschine ist auch f\u00fcr Futtermittelproduktionsanlagen von Vorteil, wo Heuballen schnell und effizient vom Lager zu den Verarbeitungsbereichen transportiert werden m\u00fcssen.<\/p>\n<h3>6. Landwirtschaftliche Gro\u00dfbetriebe<\/h3>\n<p>F\u00fcr Unternehmen, die mit verschiedenen landwirtschaftlichen Materialien arbeiten, bietet der 9JYY-4.5 eine zuverl\u00e4ssige und effiziente L\u00f6sung f\u00fcr den Ballentransport und tr\u00e4gt zur Optimierung der Abl\u00e4ufe an mehreren Standorten bei.<\/p>\n<h2>Wie man die richtige 9JYY-4.5 Rundballen-Aufnahme- und Transportmaschine ausw\u00e4hlt<\/h2>\n<h3>1. Ballengr\u00f6\u00dfe bestimmen<\/h3>\n<p>Achten Sie bei der Auswahl des Modells 9JYY-4.5 darauf, dass es mit der Gr\u00f6\u00dfe Ihrer Rundballen kompatibel ist. F\u00fcr verschiedene Ballengr\u00f6\u00dfen sind unterschiedliche Modelle erh\u00e4ltlich, um eine optimale Leistung zu gew\u00e4hrleisten.<\/p>\n<h3>2. Gel\u00e4ndebedingungen ber\u00fccksichtigen<\/h3>\n<p>Der 9JYY-4.5 ist f\u00fcr den Einsatz in unterschiedlichem Gel\u00e4nde konzipiert. Ber\u00fccksichtigen Sie die Gegebenheiten Ihres landwirtschaftlichen Betriebs, um sicherzustellen, dass die Maschine auch auf unebenem oder unwegsamem Gel\u00e4nde eingesetzt werden kann.<\/p>\n<h3>3. Tragf\u00e4higkeit ermitteln<\/h3>\n<p>Die Ladekapazit\u00e4t des 9JYY-4.5 sollte dem Volumen der zu transportierenden Ballen entsprechen. Achten Sie darauf, ein Modell mit ausreichender Kapazit\u00e4t f\u00fcr Ihre Bed\u00fcrfnisse zu w\u00e4hlen.<\/p>\n<h3>4. Nutzungsh\u00e4ufigkeit ber\u00fccksichtigen<\/h3>\n<p>Bei h\u00e4ufigem Gebrauch sollten Sie darauf achten, dass das gew\u00e4hlte Modell auf Langlebigkeit und dauerhafte Leistung ausgelegt ist. Das Modell 9JYY-4.5 eignet sich sowohl f\u00fcr den h\u00e4ufigen als auch f\u00fcr den gelegentlichen Gebrauch.<\/p>\n<h3>5. Achten Sie auf einfache Bedienung.<\/h3>\n<p>W\u00e4hlen Sie ein Modell mit intuitiver Benutzeroberfl\u00e4che. Das Modell 9JYY-4.5 wurde mit Blick auf einfache Bedienung entwickelt und eignet sich daher sowohl f\u00fcr erfahrene als auch f\u00fcr neue Anwender.<\/p>\n<h3>6. Garantie und Kundendienst<\/h3>\n<p>Achten Sie darauf, dass die Maschine \u00fcber eine solide Garantie und einen zuverl\u00e4ssigen Kundendienst verf\u00fcgt. Die 9JYY-4.5 bietet eine dreij\u00e4hrige Garantie, damit Sie Ihre Investition sorgenfrei nutzen k\u00f6nnen.<\/p>\n<h2>Wartungsmethoden f\u00fcr die Rundballen-Aufnahme- und Transportmaschine 9JYY-4.5<\/h2>\n<p>Regelm\u00e4\u00dfige Wartung ist f\u00fcr den reibungslosen Betrieb der 9JYY-4.5 unerl\u00e4sslich. Dazu geh\u00f6ren die Kontrolle des Hydraulik\u00f6lstands, die \u00dcberpr\u00fcfung des Verschlei\u00dfes des Aufnahmemechanismus und die regelm\u00e4\u00dfige Schmierung aller beweglichen Teile. Reinigen Sie die Maschine au\u00dferdem nach jedem Einsatz, um Ablagerungen zu vermeiden, die die Leistung beeintr\u00e4chtigen k\u00f6nnten. Regelm\u00e4\u00dfige, fachgerechte Wartung tr\u00e4gt zur Verl\u00e4ngerung der Lebensdauer der Maschine bei und gew\u00e4hrleistet ihre Zuverl\u00e4ssigkeit im Einsatz.<\/p>\n<h2>Kundenrezensionen<\/h2>\n<p>Hier sind einige Kundenrezensionen aus aller Welt:<\/p>\n<p>\u201eWir nutzen den 9JYY-4.5 nun schon seit einigen Monaten und er hat unseren Betrieb revolutioniert. Fr\u00fcher brauchten wir Stunden, um die Ballen zu bewegen, jetzt schaffen wir das in einem Bruchteil der Zeit. Die Maschine ist robust und funktioniert auch auf unebenem Gel\u00e4nde einwandfrei.\u201c<\/p>\n<p>\u2013 Mark, USA<\/p>\n<p>\u201eDiese Maschine ist ein Wendepunkt f\u00fcr unsere Heuproduktion. Sie ist unglaublich effizient und spart eine Menge Arbeitskosten. Au\u00dferdem ist sie einfach zu bedienen, selbst f\u00fcr diejenigen, die wenig Erfahrung im Umgang mit Maschinen haben.\u201c<\/p>\n<p>\u2013 Emma, \u200b\u200bGro\u00dfbritannien<\/p>\n<p>\u201eDer 9JYY-4.5 hat sich f\u00fcr unseren gro\u00dfen landwirtschaftlichen Betrieb als fantastisch erwiesen. Wir k\u00f6nnen jetzt mehr Ballen in k\u00fcrzerer Zeit transportieren, was in der Hochsaison entscheidend ist. Die Verarbeitungsqualit\u00e4t ist hervorragend, und er hat sich als sehr zuverl\u00e4ssig erwiesen.\u201c<\/p>\n<p>\u2013 Tom, Australien<\/p>\n<p>\u201eWir haben vor Kurzem die 9JYY-4.5 f\u00fcr unseren Viehbetrieb angeschafft. Sie hat unsere Ballenhandhabungszeit deutlich verk\u00fcrzt. Die Maschine ist leistungsstark und effizient, und wir haben eine gro\u00dfe Produktivit\u00e4tssteigerung festgestellt.\u201c<\/p>\n<p>\u2013 Anika, Deutschland<\/p>\n<p>\u201eDie 9JYY-4.5 ist eine hervorragende Investition. Sie ist robust und bew\u00e4ltigt all unsere gro\u00dfen Rundballen m\u00fchelos. Au\u00dferdem ist der Support des Unternehmens gro\u00dfartig, und die Maschine ist auf Langlebigkeit ausgelegt.\u201c<\/p>\n<p>\u2013 Carlos, Brasilien<\/p>\n<h2>Warum sollten Sie sich f\u00fcr unser Produkt entscheiden?<\/h2>\n<p>Auswahl des 9JYY-4.5 Rundballens <a href=\"https:\/\/silage-balers.com\/de\/produkt\/rundballen-aufnehm-und-transportmaschine\/\">Kommissionier- und Transportmaschine<\/a> Das bedeutet, in Qualit\u00e4t, Effizienz und Zuverl\u00e4ssigkeit zu investieren. Wir bieten schnelle Anpassungsm\u00f6glichkeiten, um Ihre spezifischen Bed\u00fcrfnisse zu erf\u00fcllen, und umfassenden Kundendienst. Drei Jahre Garantie geben Ihnen Sicherheit und gew\u00e4hrleisten zuverl\u00e4ssigen Service. Dank unserer starken globalen Versandkapazit\u00e4ten erhalten Sie Ihre Maschine schnell, egal wo Sie sich befinden.<\/p>\n<h2>Unsere St\u00e4rken und weitere Produkte<\/h2>\n<p>Unser Unternehmen ist stolz auf seine hohe Fertigungskompetenz und sein Engagement f\u00fcr die Herstellung hochwertiger Landmaschinen. Neben dem 9JYY-4.5 bieten wir Ihnen eine Reihe von Zubeh\u00f6rprodukten und -komponenten, die Ihre Betriebsabl\u00e4ufe optimieren. Von Ballenhandhabungsger\u00e4ten bis hin zu Transportsystemen \u2013 unsere L\u00f6sungen sichern die Effizienz und Produktivit\u00e4t Ihres Betriebs. Kontaktieren Sie uns noch heute und erfahren Sie mehr \u00fcber unser gesamtes Produkt- und Serviceangebot!<\/p>\n<h2>H\u00e4ufig gestellte Fragen<\/h2>\n<p><strong>Welche Kapazit\u00e4t hat die Rundballen-Auffang- und Transportmaschine 9JYY-4.5?<\/strong><\/p>\n<p>Die Kapazit\u00e4t der 9JYY-4.5 <a href=\"http:\/\/square-balers.com\" target=\"_blank\" rel=\"noopener\">Rundballen-Aufnahme- und Transportmaschine<\/a> Kann verschiedene Ballengr\u00f6\u00dfen verarbeiten. Je nach Bedarf kann es gro\u00dfe Ballenmengen in einem einzigen Arbeitsgang effizient transportieren.<\/p>\n<p><strong>Kann die Maschine auch in unwegsamem Gel\u00e4nde eingesetzt werden?<\/strong><\/p>\n<p>Ja, die Rundballen-Aufsammel- und Transportmaschine 9JYY-4.5 ist f\u00fcr den Einsatz auf unebenem und rauem Gel\u00e4nde konzipiert und gew\u00e4hrleistet auch unter schwierigen Bedingungen eine zuverl\u00e4ssige Leistung.<\/p>\n<p><strong>Ist die Rundballen-Aufnahme- und Transportmaschine 9JYY-4.5 einfach zu bedienen?<\/strong><\/p>\n<p>Ja, die Maschine verf\u00fcgt \u00fcber eine intuitive Benutzeroberfl\u00e4che, sodass sie sowohl f\u00fcr erfahrene Bediener als auch f\u00fcr Anf\u00e4nger mit minimalem Schulungsaufwand einfach zu bedienen ist.<\/p>\n<p><strong>Welche Wartungsarbeiten sind f\u00fcr die Rundballen-Aufnahme- und Transportmaschine 9JYY-4.5 erforderlich?<\/strong><\/p>\n<p>Zur regelm\u00e4\u00dfigen Wartung geh\u00f6ren die \u00dcberpr\u00fcfung des Hydrauliksystems, das Schmieren beweglicher Teile und die Reinigung der Maschine nach jedem Einsatz. F\u00fcr optimale Leistung wird eine regelm\u00e4\u00dfige professionelle Wartung empfohlen.<\/p>\n<p><strong>Welche Garantie wird f\u00fcr die Rundballen-Auffang- und Transportmaschine 9JYY-4.5 gew\u00e4hrt?<\/strong><\/p>\n<p>Die Rundballen-Auffang- und Transportmaschine 9JYY-4.5 wird mit einer dreij\u00e4hrigen Garantie geliefert, die sicherstellt, dass etwaige Probleme oder M\u00e4ngel w\u00e4hrend dieses Zeitraums abgedeckt sind.<\/p>\n<p><strong>Kann die Rundballen-Kommissionier- und Transportmaschine 9JYY-4.5 individuell angepasst werden?<\/strong><\/p>\n<p>Ja, wir bieten schnelle Anpassungsdienste an, um die Rundballen-Auffang- und Transportmaschine 9JYY-4.5 genau auf Ihre Bed\u00fcrfnisse und Anforderungen abzustimmen und so einen optimalen Betrieb der Maschine f\u00fcr Ihre Abl\u00e4ufe zu gew\u00e4hrleisten.<\/p>\n<p><strong>Ist die Maschine f\u00fcr kleine landwirtschaftliche Betriebe geeignet?<\/strong><\/p>\n<p>Ja, die Rundballen-Sammel- und Transportmaschine 9JYY-4.5 ist vielseitig einsetzbar und eignet sich sowohl f\u00fcr kleine als auch f\u00fcr gro\u00dfe Betriebe. Ihr effizientes Design tr\u00e4gt dazu bei, Zeit und Arbeitsaufwand in Betrieben jeder Gr\u00f6\u00dfe zu sparen.<\/p>\n<p><strong>Welche Art von Ballen kann die 9JYY-4.5 verarbeiten?<\/strong><\/p>\n<p>Die Rundballen-Auffang- und Transportmaschine 9JYY-4.5 ist f\u00fcr die Handhabung von Rundballen ausgelegt, egal ob es sich um Heu, Stroh oder \u00e4hnliche Materialien handelt.<\/p>\n<p><strong>Ist f\u00fcr die Bedienung der Rundballen-Aufnahme- und Transportmaschine 9JYY-4.5 eine spezielle Schulung erforderlich?<\/strong><\/p>\n<p>Eine spezielle Schulung ist zwar nicht erforderlich, aber Grundkenntnisse im Umgang mit Landmaschinen helfen den Bedienern, sich schneller mit der Rundballen-Sammel- und Transportmaschine 9JYY-4.5 vertraut zu machen.<\/p>\n<p><strong>Welche Art von Kundendienst wird angeboten?<\/strong><\/p>\n<p>Wir bieten einen umfassenden Kundendienst, einschlie\u00dflich Unterst\u00fctzung bei der Fehlersuche, Ersatzteile und regelm\u00e4\u00dfige Wartungstipps, um die Langlebigkeit der Maschine zu gew\u00e4hrleisten.<\/p>\n<p><strong>Ist die Rundballen-Auffang- und Transportmaschine 9JYY-4.5 leicht zu transportieren?<\/strong><\/p>\n<p>Ja, die Rundballen-Auffang- und Transportmaschine 9JYY-4.5 ist f\u00fcr einen einfachen Transport ausgelegt und verf\u00fcgt \u00fcber langlebige Komponenten sowie eine kompakte Bauweise f\u00fcr den bequemen Transport zwischen verschiedenen Standorten.<\/p>\n<p><strong>Wie lange dauert die Lieferung der Rundballen-Auffang- und Transportmaschine 9JYY-4.5?<\/strong><\/p>\n<p>Die Lieferzeiten k\u00f6nnen je nach Standort variieren, aber wir bieten weltweiten Versand an und arbeiten daran, schnell zu liefern, damit Ihre Abl\u00e4ufe nicht verz\u00f6gert werden.<\/p>\n<p><strong>Kann die Maschine zum Transport von Ballen \u00fcber lange Strecken eingesetzt werden?<\/strong><\/p>\n<p>Ja, die Rundballen-Aufnahme- und Transportmaschine 9JYY-4.5 kann sowohl f\u00fcr Kurzstrecken- als auch f\u00fcr Langstreckentransporte eingesetzt werden und ist somit eine vielseitige L\u00f6sung f\u00fcr verschiedene Anforderungen beim Ballentransport.<\/p>\n<p><strong>Welche Garantie wird f\u00fcr die Rundballen-Auffang- und Transportmaschine 9JYY-4.5 gew\u00e4hrt?<\/strong><\/p>\n<p>Die Rundballen-Auffang- und Transportmaschine 9JYY-4.5 wird mit einer 3-Jahres-Garantie geliefert, die Material- und Betriebsfehler abdeckt und Ihnen somit absolute Sicherheit bietet.<\/p>\n<p>bearbeitet von gzl<\/p>\n<p>&nbsp;<\/p>","protected":false},"excerpt":{"rendered":"<p>Entdecken Sie die Rundballen-Sammel- und Transportmaschine 9JYY-4.5 \u2013 effizient, zuverl\u00e4ssig und benutzerfreundlich. Optimieren Sie Ihre landwirtschaftlichen Abl\u00e4ufe noch heute. Erfahren Sie mehr!<\/p>","protected":false},"featured_media":457,"template":"","meta":{"_et_pb_use_builder":"","_et_pb_old_content":"","_et_gb_content_width":""},"product_brand":[],"product_cat":[21],"product_tag":[],"class_list":{"0":"post-455","1":"product","2":"type-product","3":"status-publish","4":"has-post-thumbnail","6":"product_cat-other-series-products","8":"first","9":"instock","10":"shipping-taxable","11":"product-type-simple"},"_links":{"self":[{"href":"https:\/\/silage-balers.com\/de\/wp-json\/wp\/v2\/product\/455","targetHints":{"allow":["GET"]}}],"collection":[{"href":"https:\/\/silage-balers.com\/de\/wp-json\/wp\/v2\/product"}],"about":[{"href":"https:\/\/silage-balers.com\/de\/wp-json\/wp\/v2\/types\/product"}],"wp:featuredmedia":[{"embeddable":true,"href":"https:\/\/silage-balers.com\/de\/wp-json\/wp\/v2\/media\/457"}],"wp:attachment":[{"href":"https:\/\/silage-balers.com\/de\/wp-json\/wp\/v2\/media?parent=455"}],"wp:term":[{"taxonomy":"product_brand","embeddable":true,"href":"https:\/\/silage-balers.com\/de\/wp-json\/wp\/v2\/product_brand?post=455"},{"taxonomy":"product_cat","embeddable":true,"href":"https:\/\/silage-balers.com\/de\/wp-json\/wp\/v2\/product_cat?post=455"},{"taxonomy":"product_tag","embeddable":true,"href":"https:\/\/silage-balers.com\/de\/wp-json\/wp\/v2\/product_tag?post=455"}],"curies":[{"name":"wp","href":"https:\/\/api.w.org\/{rel}","templated":true}]}}