{"id":458,"date":"2025-12-26T05:10:50","date_gmt":"2025-12-26T05:10:50","guid":{"rendered":"https:\/\/silage-balers.com\/?post_type=product&#038;p=458"},"modified":"2025-12-29T05:42:29","modified_gmt":"2025-12-29T05:42:29","slug":"9ycm-850-integrierte-maschine","status":"publish","type":"product","link":"https:\/\/silage-balers.com\/de\/produkt\/9ycm-850-integrierte-maschine\/","title":{"rendered":"9YCM-850 Ballenpress- und Verpackungsanlage"},"content":{"rendered":"<p>Die Ballenpresse und Wickelmaschine 9YCM-850 ist eine vielseitige und effiziente Landmaschine, die das Pressen und Wickeln von landwirtschaftlichen Produkten wie Heu, Stroh und Silage optimiert. Sie vereint zwei Schl\u00fcsselfunktionen \u2013 Verpacken und Wickeln \u2013 in einem Ger\u00e4t und steigert so die Produktionseffizienz bei gleichzeitiger Senkung der Arbeitskosten. Die Maschine ist speziell f\u00fcr den effizienten Einsatz in landwirtschaftlichen Betrieben konzipiert.<\/p>\n<h2>Technische Spezifikation<\/h2>\n<table style=\"border-color: #000000; width: 530px;\">\n<thead>\n<tr>\n<th style=\"width: 52.9766px;\">Seriennummer<\/th>\n<th style=\"width: 151.609px;\">Artikel<\/th>\n<th style=\"width: 65.3828px; text-align: center;\">Einheit<\/th>\n<th style=\"width: 232.031px;\">Spezifikation<\/th>\n<\/tr>\n<\/thead>\n<tbody>\n<tr>\n<td style=\"text-align: center; width: 52.9766px;\">1<\/td>\n<td style=\"width: 151.609px;\">Produktname<\/td>\n<td style=\"width: 65.3828px; text-align: center;\">\/<\/td>\n<td style=\"width: 232.031px;\">9YCM-850 Ballenpresse und Wickelmaschine (integriert)<\/td>\n<\/tr>\n<tr>\n<td style=\"text-align: center; width: 52.9766px;\">2<\/td>\n<td style=\"width: 151.609px;\">Ballenabmessungen (Durchmesser \u00d7 L\u00e4nge)<\/td>\n<td style=\"width: 65.3828px; text-align: center;\">cm<\/td>\n<td style=\"width: 232.031px;\">\u03c685-90\u00d785<\/td>\n<\/tr>\n<tr>\n<td style=\"text-align: center; width: 52.9766px;\">3<\/td>\n<td style=\"width: 151.609px;\">Ballenvolumen<\/td>\n<td style=\"width: 65.3828px; text-align: center;\">M\u00b3<\/td>\n<td style=\"width: 232.031px;\">0.48-0.54<\/td>\n<\/tr>\n<tr>\n<td style=\"text-align: center; width: 52.9766px;\">4<\/td>\n<td style=\"width: 151.609px;\">Trichtervolumen<\/td>\n<td style=\"width: 65.3828px; text-align: center;\">M\u00b3<\/td>\n<td style=\"width: 232.031px;\">2.5<\/td>\n<\/tr>\n<tr>\n<td style=\"text-align: center; width: 52.9766px;\">5<\/td>\n<td style=\"width: 151.609px;\">Anpassungsleistung<\/td>\n<td style=\"width: 65.3828px; text-align: center;\">\/<\/td>\n<td style=\"width: 232.031px;\">\u2265120 PS<\/td>\n<\/tr>\n<tr>\n<td style=\"text-align: center; width: 52.9766px;\">6<\/td>\n<td style=\"width: 151.609px;\">Gesamtabmessungen (L\u00e4nge \u00d7 Breite \u00d7 H\u00f6he)<\/td>\n<td style=\"width: 65.3828px; text-align: center;\">M<\/td>\n<td style=\"width: 232.031px;\">7,00 \u00d7 2,19 \u00d7 3,03<\/td>\n<\/tr>\n<tr>\n<td style=\"text-align: center; width: 52.9766px;\">7<\/td>\n<td style=\"width: 151.609px;\">Reifenspezifikation<\/td>\n<td style=\"width: 65.3828px; text-align: center;\">\/<\/td>\n<td style=\"width: 232.031px;\">295\/60-15<\/td>\n<\/tr>\n<tr>\n<td style=\"text-align: center; width: 52.9766px;\">8<\/td>\n<td style=\"width: 151.609px;\">Zapfwellenausgang<\/td>\n<td style=\"width: 65.3828px; text-align: center;\">U\/min<\/td>\n<td style=\"width: 232.031px;\">540<\/td>\n<\/tr>\n<tr>\n<td style=\"text-align: center; width: 52.9766px;\">9<\/td>\n<td style=\"width: 151.609px;\">Hydraulische Anforderungen<\/td>\n<td style=\"width: 65.3828px; text-align: center;\">\/<\/td>\n<td style=\"width: 232.031px;\">1\u00d71\/2 Zoll 1\u00d73\/4 Zoll<\/td>\n<\/tr>\n<tr>\n<td style=\"text-align: center; width: 52.9766px;\">10<\/td>\n<td style=\"width: 151.609px;\">Elektrische Anforderungen<\/td>\n<td style=\"width: 65.3828px; text-align: center;\">\/<\/td>\n<td style=\"width: 232.031px;\">12 V Gleichstrom<\/td>\n<\/tr>\n<tr>\n<td style=\"text-align: center; width: 52.9766px;\">11<\/td>\n<td style=\"width: 151.609px;\">Steuerungssystem<\/td>\n<td style=\"width: 65.3828px; text-align: center;\">\/<\/td>\n<td style=\"width: 232.031px;\">Elektronisches Steuerungssystem<\/td>\n<\/tr>\n<tr>\n<td style=\"text-align: center; width: 52.9766px;\">12<\/td>\n<td style=\"width: 151.609px;\">Produktivit\u00e4t<\/td>\n<td style=\"width: 65.3828px; text-align: center;\">Ballen\/Stunde<\/td>\n<td style=\"width: 232.031px;\">30-40<\/td>\n<\/tr>\n<\/tbody>\n<\/table>\n<h2>Produktdefinition<\/h2>\n<p>Die integrierte Ballen- und Wickelmaschine 9YCM-850 ist ein fortschrittliches Landwirtschaftsger\u00e4t, das das Pressen und Wickeln in einem einzigen Arbeitsgang vereint. Sie wird haupts\u00e4chlich zum Verpacken von Heu, Stroh und anderen landwirtschaftlichen Produkten eingesetzt und gew\u00e4hrleistet optimale Konservierung und einfachen Transport.<\/p>\n<h2>Herausforderungen, die die integrierte Ballen- und Verpackungsmaschine 9YCM-850 l\u00f6st.<\/h2>\n<p>Die integrierte Ballen- und Wickelmaschine 9YCM-850 l\u00f6st mehrere h\u00e4ufige Herausforderungen, mit denen Landwirte im Agrarsektor konfrontiert sind. Dazu geh\u00f6ren:<\/p>\n<ul>\n<li>Zeitaufw\u00e4ndiges und arbeitsintensives manuelles Einwickeln der Ballen.<\/li>\n<li>Uneinheitliche Verpackung f\u00fchrt zum Verderb der gelagerten Produkte.<\/li>\n<li>Mangelnde Effizienz beim Umgang mit gro\u00dfen Mengen Heu oder Stroh.<\/li>\n<li>Herausforderungen bei der Gew\u00e4hrleistung einer einheitlichen und zuverl\u00e4ssigen Produktverpackung zur Konservierung.<\/li>\n<li>Der Bedarf an leistungsstarken Maschinen, die auch gr\u00f6\u00dfere landwirtschaftliche Betriebe bewirtschaften k\u00f6nnen.<\/li>\n<\/ul>\n<h2>Einsatzm\u00f6glichkeiten der integrierten Ballen- und Verpackungsmaschine 9YCM-850<\/h2>\n<p>Diese Maschine ist in verschiedenen landwirtschaftlichen Prozessen unentbehrlich und bietet robuste L\u00f6sungen f\u00fcr:<\/p>\n<ul>\n<li>Effizientes Pressen und Verpacken von Heu und Stroh f\u00fcr Tierfutter.<\/li>\n<li>Verpackung von Silage zur Winterf\u00fctterung oder Langzeitlagerung.<\/li>\n<li>Erhaltung der Qualit\u00e4t und des N\u00e4hrwerts von landwirtschaftlichen Produkten durch luftdichte Verpackung.<\/li>\n<li>Verl\u00e4ngerung der Haltbarkeit von Ballen und Minimierung des Verderbs w\u00e4hrend Transport und Lagerung.<\/li>\n<li>Optimierung der Betriebsabl\u00e4ufe in gr\u00f6\u00dferen landwirtschaftlichen Betrieben durch Reduzierung des Arbeitsaufwands und Steigerung des Durchsatzes.<\/li>\n<\/ul>\n<p style=\"text-align: center;\"><img loading=\"lazy\" decoding=\"async\" class=\"alignnone wp-image-460\" src=\"https:\/\/silage-balers.com\/wp-content\/uploads\/2025\/12\/1-1-1-2-300x300.webp\" alt=\"Integrierte Maschine\" width=\"365\" height=\"365\" \/><\/p>\n<h2>Produktvorteile<\/h2>\n<p>Die integrierte Ballen- und Wickelmaschine 9YCM-850 bietet mehrere entscheidende Vorteile, die sie von herk\u00f6mmlichen Landmaschinen abheben:<\/p>\n<ul>\n<li><strong>Hohe Effizienz:<\/strong> Die integrierte Konstruktion erm\u00f6glicht gleichzeitiges Ballenpressen und Verpacken, wodurch die betriebliche Effizienz deutlich gesteigert und der Zeitaufwand f\u00fcr jeden Arbeitsschritt reduziert wird.<\/li>\n<li><strong>Kosteneinsparungen:<\/strong> Durch die Kombination zweier Funktionen in einer Maschine k\u00f6nnen Landwirte die Arbeitskosten senken und ihre Gesamtrentabilit\u00e4t verbessern.<\/li>\n<li><strong>Hochwertige Verpackung:<\/strong> Die Maschine sorgt daf\u00fcr, dass jeder Ballen fest und luftdicht verpackt wird, wodurch die Qualit\u00e4t des Inhalts \u00fcber einen l\u00e4ngeren Zeitraum erhalten bleibt.<\/li>\n<li><strong>Haltbarkeit:<\/strong> Die 9YCM-850 ist aus hochwertigen Materialien gefertigt und so konzipiert, dass sie den rauen Bedingungen in der Landwirtschaft standh\u00e4lt und eine lange Lebensdauer gew\u00e4hrleistet.<\/li>\n<li><strong>Vielseitigkeit:<\/strong> Diese Maschine eignet sich f\u00fcr die Verarbeitung einer Vielzahl von landwirtschaftlichen Produkten, darunter Heu, Stroh, Silage und andere Futtermittel, und ist somit ein vielseitiges Werkzeug f\u00fcr moderne landwirtschaftliche Betriebe.<\/li>\n<\/ul>\n<h2>Funktionsweise der integrierten Ballen- und Verpackungsmaschine 9YCM-850<\/h2>\n<p>Die 9YCM-850 komprimiert und verpackt landwirtschaftliche Produkte gleichzeitig mithilfe mehrerer mechanischer Systeme. Zun\u00e4chst sammelt die Maschine das Erntegut (z. B. Heu oder Stroh) zu Ballen. Anschlie\u00dfend werden die Ballen sofort von der Verpackungseinheit mit Kunststoff oder anderen geeigneten Materialien umh\u00fcllt, um sie vor \u00e4u\u00dferen Einfl\u00fcssen wie Feuchtigkeit, Staub und Luft zu sch\u00fctzen. Diese doppelte Schutzwirkung gew\u00e4hrleistet, dass die Ballen w\u00e4hrend der Lagerung oder des Transports intakt und in gutem Zustand bleiben.<\/p>\n<h2>Hauptanwendungen der integrierten Ballen- und Verpackungsmaschine 9YCM-850<\/h2>\n<p>Der 9YCM-850 eignet sich ideal f\u00fcr den Einsatz in verschiedenen landwirtschaftlichen Bereichen. Hier einige seiner wichtigsten Anwendungsgebiete:<\/p>\n<ul>\n<li><strong>Heuproduktion:<\/strong> Die Maschine wird h\u00e4ufig zum Pressen und Verpacken von Heu f\u00fcr Tierfutter eingesetzt, um eine optimale Konservierung und Qualit\u00e4t zu gew\u00e4hrleisten.<\/li>\n<li><strong>Strohverpackung:<\/strong> Stroh, das h\u00e4ufig als Einstreu in der Viehhaltung verwendet wird, kann zu Ballen gepresst und verpackt werden, um die Lagerung und den Transport zu erleichtern.<\/li>\n<li><strong>Silageverpackung:<\/strong> Die Maschine verpackt Silage effizient, um ihren N\u00e4hrwert f\u00fcr die F\u00fctterung von Nutztieren w\u00e4hrend der Silage-Nebensaison zu erhalten.<\/li>\n<li><strong>Landwirtschaft im gro\u00dfen Stil:<\/strong> Ideal f\u00fcr gro\u00dfe landwirtschaftliche Betriebe oder Unternehmen, die gro\u00dfe Materialmengen schnell verarbeiten m\u00fcssen.<\/li>\n<li><strong>Futtermittellagerung:<\/strong> F\u00fcr landwirtschaftliche Betriebe, die Futtermittel \u00fcber einen l\u00e4ngeren Zeitraum lagern m\u00f6chten, bietet die 9YCM-850 eine luftdichte Verpackung, um die N\u00e4hrstoffintegrit\u00e4t des Materials zu sch\u00fctzen.<\/li>\n<li><strong>Transport:<\/strong> Geballte und verpackte Produkte sind handlicher und haltbarer, wodurch sie leichter an verschiedene Orte transportiert werden k\u00f6nnen.<\/li>\n<\/ul>\n<h2>Die richtige Ballen- und Verpackungsanlage 9YCM-850 ausw\u00e4hlen<\/h2>\n<p>Bei der Auswahl der idealen integrierten Ballen- und Verpackungsmaschine 9YCM-850 sollten Sie die folgenden Faktoren ber\u00fccksichtigen, um sicherzustellen, dass sie Ihren spezifischen Anforderungen entspricht:<\/p>\n<ul>\n<li><strong>Produktionskapazit\u00e4t:<\/strong> W\u00e4hlen Sie eine Maschine, die das von Ihnen zu verarbeitende Produktvolumen bew\u00e4ltigen kann, um Effizienz zu gew\u00e4hrleisten und Ausfallzeiten zu minimieren.<\/li>\n<li><strong>Materialvertr\u00e4glichkeit:<\/strong> Stellen Sie sicher, dass die Maschine mit den von Ihnen verarbeiteten landwirtschaftlichen Produkten wie Heu, Stroh oder Silage kompatibel ist.<\/li>\n<li><strong>Haltbarkeit:<\/strong> Achten Sie auf Maschinen, die aus hochwertigen Materialien gefertigt sind und auch unter harten landwirtschaftlichen Bedingungen einem dauerhaften Einsatz standhalten.<\/li>\n<li><strong>Wartungsfreundlichkeit:<\/strong> W\u00e4hlen Sie eine Maschine, bei der die Komponenten f\u00fcr Reparaturen und regelm\u00e4\u00dfige Wartungsarbeiten leicht zug\u00e4nglich sind, um kostspielige Ausfallzeiten zu vermeiden.<\/li>\n<li><strong>Kosteneffizienz:<\/strong> Ber\u00fccksichtigen Sie den langfristigen Investitionswert der Maschine, einschlie\u00dflich des Potenzials f\u00fcr Arbeitsersparnis und Effizienzsteigerung.<\/li>\n<\/ul>\n<h2>Wartung der integrierten Ballen- und Verpackungsmaschine 9YCM-850<\/h2>\n<p>Um die optimale Leistung der Ballen- und Verpackungsanlage 9YCM-850 zu gew\u00e4hrleisten, ist regelm\u00e4\u00dfige Wartung unerl\u00e4sslich. Hier einige Wartungstipps:<\/p>\n<ul>\n<li><strong>Regelm\u00e4\u00dfige Reinigung:<\/strong> Reinigen Sie die Maschine nach jedem Gebrauch, um die Ansammlung von Staub und Schmutz zu verhindern, die ihre Leistung beeintr\u00e4chtigen k\u00f6nnten.<\/li>\n<li><strong>Schmierung:<\/strong> Bewegliche Teile regelm\u00e4\u00dfig schmieren, um Verschlei\u00df vorzubeugen.<\/li>\n<li><strong>Auf Abnutzung pr\u00fcfen:<\/strong> \u00dcberpr\u00fcfen Sie die Wickel- und Ballenpressmechanismen auf Verschlei\u00dferscheinungen und ersetzen Sie alle Teile, die erhebliche Sch\u00e4den aufweisen.<\/li>\n<li><strong>Elektrische Inspektionen:<\/strong> Stellen Sie sicher, dass alle elektrischen Komponenten ordnungsgem\u00e4\u00df funktionieren und pr\u00fcfen Sie auf Fehler, die den Betrieb st\u00f6ren k\u00f6nnten.<\/li>\n<li><strong>Lagerung:<\/strong> Bewahren Sie die Maschine bei Nichtgebrauch an einem trockenen Ort auf, um Korrosion und Rost an den Metallteilen zu vermeiden.<\/li>\n<\/ul>\n<h2>Kundenrezensionen<\/h2>\n<p>\u201eDie 9YCM-850 hat unsere Heuproduktion revolutioniert. Wir konnten die Arbeitskosten deutlich senken und den Ertrag steigern. Die Wickelqualit\u00e4t ist fantastisch, und unsere Heuballen sind besser konserviert als je zuvor. Absolut empfehlenswert!\u201c<\/p>\n<p><strong>John Doe \u2013 Vereinigte Staaten<\/strong><\/p>\n<p>\u201eWir nutzen die 9YCM-850 nun seit \u00fcber einem Jahr und sie hat sich als hervorragende Investition erwiesen. Sie ist einfach zu bedienen, sehr effizient und liefert erstklassige Ballen. Sie hat uns geholfen, sowohl die Lagerung als auch den Transport unserer Silage zu verbessern.\u201c<\/p>\n<p><strong>Max M\u00fcller \u2013 Deutschland<\/strong><\/p>\n<p>\u201eDiese Maschine hat unseren Betrieb revolutioniert. Die Kombination aus Ballenpressen und Wickeln hat uns viel Zeit und M\u00fche erspart. Die Verarbeitungsqualit\u00e4t ist erstklassig, und wir hatten bisher keinerlei Wartungsprobleme. W\u00fcrde ich jederzeit wieder kaufen!\u201c<\/p>\n<p><strong>Emily Johnson \u2013 Australien<\/strong><\/p>\n<p>\u201eF\u00fcr unseren gro\u00dffl\u00e4chigen landwirtschaftlichen Betrieb ist die 9YCM-850 genau das Richtige. Wir konnten gro\u00dfe Mengen Heu problemlos verarbeiten, und die Verpackung sorgt daf\u00fcr, dass das Futter den Winter \u00fcber haltbar bleibt. Eine zuverl\u00e4ssige, langlebige und effiziente Maschine.\u201c<\/p>\n<p><strong>Rajesh Kumar \u2013 Indien<\/strong><\/p>\n<p>\u201eIch bin mit der Leistung dieser Maschine sehr zufrieden. Sie hat den Zeitaufwand f\u00fcr die Heuverarbeitung reduziert und die Produktivit\u00e4t unseres Betriebs deutlich gesteigert. Die Wickelqualit\u00e4t ist hervorragend, und die Maschine ist sehr wartungsfreundlich.\u201c<\/p>\n<p><strong>Lucas Pereira \u2013 Brasilien<\/strong><\/p>\n<h2>Warum sollten Sie sich f\u00fcr unser Produkt entscheiden?<\/h2>\n<p>Wir bieten schnelle Anpassungsdienste an und stellen so sicher, dass der 9YCM-850 <a href=\"http:\/\/square-balers.com\" target=\"_blank\" rel=\"noopener\">Ballenpress- und Verpackungsanlage mit integrierter Technologie<\/a> Unsere Produkte erf\u00fcllen Ihre individuellen Anforderungen. Wir bieten drei Jahre Garantie \u2013 f\u00fcr Ihre Sicherheit und langfristige Zuverl\u00e4ssigkeit. Dank schnellem weltweitem Versand und exzellentem Kundenservice m\u00f6chten wir Ihnen das beste Erlebnis bieten.<\/p>\n<h2>Entdecken Sie die integrierte Ballen- und Verpackungsmaschine 9YCM-850.<\/h2>\n<p>Wenn Sie eine effiziente, zuverl\u00e4ssige und langlebige L\u00f6sung f\u00fcr Ihre Ballenpress- und Verpackungsanforderungen suchen, dann ist die integrierte Ballenpress- und Verpackungsmaschine 9YCM-850 genau das Richtige f\u00fcr Sie.<\/p>\n<p>Mit seinen leistungsstarken Funktionen, der einfachen Wartung und den erheblichen Kosteneinsparungen ist es die ideale Wahl f\u00fcr moderne landwirtschaftliche Betriebe. Neben dem 9YCM-850 bieten wir Ihnen auch eine breite Palette an landwirtschaftlichem Zubeh\u00f6r und verwandten Produkten, um Ihren vielf\u00e4ltigen Bed\u00fcrfnissen in der Landwirtschaft gerecht zu werden. Kontaktieren Sie uns noch heute, um mehr \u00fcber unsere Produkte, Preise und unsere Unterst\u00fctzungsm\u00f6glichkeiten f\u00fcr die Optimierung Ihrer landwirtschaftlichen Betriebe zu erfahren.<\/p>\n<h2>H\u00e4ufig gestellte Fragen (FAQ)<\/h2>\n<p><strong>Welche Kapazit\u00e4t hat die Ballenpresse und Verpackungsmaschine 9YCM-850? <a href=\"https:\/\/silage-balers.com\/de\/produkt\/ballenpresse-zum-aufnehmen-und-transportieren\/\">Integrierte Maschine<\/a>?<\/strong><\/p>\n<p>Die 9YCM-850 ist f\u00fcr die effiziente Verarbeitung gro\u00dfer Mengen an Heu, Stroh und anderen landwirtschaftlichen Produkten konzipiert. Sie kann bis zu 850 kg pro Ballen verarbeiten und ist damit ideal f\u00fcr gro\u00dffl\u00e4chige landwirtschaftliche Betriebe geeignet.<\/p>\n<p><strong>Ist der 9YCM-850 f\u00fcr Silage geeignet?<\/strong><\/p>\n<p>Ja, die 9YCM-850 eignet sich perfekt zum Einwickeln von Silage. Die luftdichte Verpackung tr\u00e4gt dazu bei, den N\u00e4hrwert der Silage l\u00e4nger zu erhalten und sie so l\u00e4nger frisch f\u00fcr das Tierfutter zu halten.<\/p>\n<p><strong>Kann das Modell 9YCM-850 auch unter rauen Wetterbedingungen eingesetzt werden?<\/strong><\/p>\n<p>Ja, die 9YCM-850 ist so konzipiert, dass sie anspruchsvollen landwirtschaftlichen Bedingungen, einschlie\u00dflich hoher Temperaturen und N\u00e4sse, standh\u00e4lt. Sie ist aus robusten Materialien gefertigt, die auch widrigen Witterungsbedingungen trotzen.<\/p>\n<p><strong>Wie lange h\u00e4lt das Verpackungsmaterial auf den Ballen?<\/strong><\/p>\n<p>Das vom 9YCM-850 verwendete Verpackungsmaterial ist auf lange Haltbarkeit ausgelegt und sch\u00fctzt die Ballen zuverl\u00e4ssig vor Umwelteinfl\u00fcssen wie Feuchtigkeit und Luft. Die Lebensdauer der Folie h\u00e4ngt ma\u00dfgeblich von den \u00e4u\u00dferen Bedingungen ab, betr\u00e4gt aber in der Regel mehrere Monate.<\/p>\n<p><strong>Wie wartungsfreundlich ist der 9YCM-850?<\/strong><\/p>\n<p>Die 9YCM-850 ist auf einfache Wartung ausgelegt. Regelm\u00e4\u00dfige Reinigung, Schmierung und Inspektion wichtiger Bauteile gew\u00e4hrleisten einen reibungslosen Maschinenlauf, minimieren Ausfallzeiten und verl\u00e4ngern die Lebensdauer.<\/p>\n<p>bearbeitet von gzl<\/p>\n<p>&nbsp;<\/p>","protected":false},"excerpt":{"rendered":"<p>Entdecken Sie die integrierte Ballen- und Verpackungsmaschine 9YCM-850. Effizient, zuverl\u00e4ssig und f\u00fcr H\u00f6chstleistungen ausgelegt. Optimieren Sie Ihre Betriebsabl\u00e4ufe noch heute! Jetzt bestellen.<\/p>","protected":false},"featured_media":460,"template":"","meta":{"_et_pb_use_builder":"","_et_pb_old_content":"","_et_gb_content_width":""},"product_brand":[],"product_cat":[21],"product_tag":[],"class_list":{"0":"post-458","1":"product","2":"type-product","3":"status-publish","4":"has-post-thumbnail","6":"product_cat-other-series-products","8":"first","9":"instock","10":"shipping-taxable","11":"product-type-simple"},"_links":{"self":[{"href":"https:\/\/silage-balers.com\/de\/wp-json\/wp\/v2\/product\/458","targetHints":{"allow":["GET"]}}],"collection":[{"href":"https:\/\/silage-balers.com\/de\/wp-json\/wp\/v2\/product"}],"about":[{"href":"https:\/\/silage-balers.com\/de\/wp-json\/wp\/v2\/types\/product"}],"wp:featuredmedia":[{"embeddable":true,"href":"https:\/\/silage-balers.com\/de\/wp-json\/wp\/v2\/media\/460"}],"wp:attachment":[{"href":"https:\/\/silage-balers.com\/de\/wp-json\/wp\/v2\/media?parent=458"}],"wp:term":[{"taxonomy":"product_brand","embeddable":true,"href":"https:\/\/silage-balers.com\/de\/wp-json\/wp\/v2\/product_brand?post=458"},{"taxonomy":"product_cat","embeddable":true,"href":"https:\/\/silage-balers.com\/de\/wp-json\/wp\/v2\/product_cat?post=458"},{"taxonomy":"product_tag","embeddable":true,"href":"https:\/\/silage-balers.com\/de\/wp-json\/wp\/v2\/product_tag?post=458"}],"curies":[{"name":"wp","href":"https:\/\/api.w.org\/{rel}","templated":true}]}}