{"id":283,"date":"2025-11-26T08:34:22","date_gmt":"2025-11-26T08:34:22","guid":{"rendered":"https:\/\/silage-balers.com\/?post_type=product&#038;p=283"},"modified":"2025-12-29T05:46:47","modified_gmt":"2025-12-29T05:46:47","slug":"9gs-5-0-vetokykyinen-kaksiterainen-ruohonleikkuri","status":"publish","type":"product","link":"https:\/\/silage-balers.com\/fi\/tuote\/9gs-5-0-vetokykyinen-kaksiterainen-ruohonleikkuri\/","title":{"rendered":"9GS-5.0 Vetovoimainen kaksiter\u00e4inen ruohonleikkuri"},"content":{"rendered":"<p data-start=\"62\" data-end=\"577\">9GS-5.0 Traction -kaksiter\u00e4inen ruohonleikkuri on kest\u00e4v\u00e4 ja tehokas maatalouskone, joka on suunniteltu tekem\u00e4\u00e4n niittoteht\u00e4vist\u00e4 nopeampia, tehokkaampia ja v\u00e4hemm\u00e4n ty\u00f6voimavaltaisia. T\u00e4m\u00e4 ruohonleikkuri sopii t\u00e4ydellisesti suurille maatiloille ja kaupalliseen k\u00e4ytt\u00f6\u00f6n, ja se on suunniteltu k\u00e4sittelem\u00e4\u00e4n helposti erilaisia \u200b\u200bkasvillisuustyyppej\u00e4, ruohosta ja hein\u00e4st\u00e4 korkeisiin kasveihin. Olitpa sitten hoitamassa laidunmaita, raivaamassa peltoja tai valmistamassa maata istutusta varten, 9GS-5.0 Traction -kaksiter\u00e4inen ruohonleikkuri tarjoaa poikkeuksellista monipuolisuutta ja luotettavuutta.<\/p>\n<h4 data-start=\"579\" data-end=\"632\">Mik\u00e4 on 9GS-5.0 -vetoinen kaksiter\u00e4inen ruohonleikkuri?<\/h4>\n<p data-start=\"634\" data-end=\"1251\">Vetovoimalla varustettu kaksiter\u00e4inen ruohonleikkuri on edistynyt ruohonleikkurityyppi, jossa on kaksi samanaikaisesti toimivaa leikkuuter\u00e4\u00e4 tehokkaan ja tasaisen leikkuutuloksen takaamiseksi. 9GS-5.0-malli on varustettu eritt\u00e4in lujilla ter\u00e4sterill\u00e4 ja tehokkaalla vetoj\u00e4rjestelm\u00e4ll\u00e4, joka varmistaa tarkan leikkuun my\u00f6s haastavissa pelto-olosuhteissa. Kaksiter\u00e4inen rakenne lis\u00e4\u00e4 merkitt\u00e4v\u00e4sti leikkuutehoa, koska leikkuri pystyy kattamaan laajemman alueen lyhyemm\u00e4ss\u00e4 ajassa. T\u00e4m\u00e4 tekee 9GS-5.0:sta erinomaisen ty\u00f6kalun maatiloille, hedelm\u00e4tarhoille ja muille maataloustoiminnoille, jotka vaativat laaja-alaista kasvillisuuden hoitoa.<\/p>\n<p data-start=\"1253\" data-end=\"1644\">9GS-5.0 Traction -kaksiter\u00e4isess\u00e4 ruohonleikkurissa on vetovoimansiirto, joka parantaa ohjattavuutta ja minimoi k\u00e4ytt\u00e4j\u00e4n v\u00e4symisen. Ty\u00f6skentelitp\u00e4 sitten tasaisella maastolla tai ep\u00e4tasaisella alustalla, leikkuri tarjoaa tasaisen ja yhdenmukaisen toiminnan. Koneen vankka runko varmistaa, ett\u00e4 se selviytyy vaativistakin leikkuut\u00f6ist\u00e4, mik\u00e4 tekee siit\u00e4 arvokkaan investoinnin suurviljelij\u00f6ille ja kaupallisille maisemointiyrityksille.<\/p>\n<p style=\"text-align: center;\" data-start=\"1253\" data-end=\"1644\"><img loading=\"lazy\" decoding=\"async\" class=\"alignnone wp-image-302 size-full\" src=\"https:\/\/silage-balers.com\/wp-content\/uploads\/2025\/11\/4-1.webp\" alt=\"Kaksiter\u00e4inen ruohonleikkuri\" width=\"265\" height=\"265\" srcset=\"https:\/\/silage-balers.com\/wp-content\/uploads\/2025\/11\/4-1.webp 265w, https:\/\/silage-balers.com\/wp-content\/uploads\/2025\/11\/4-1-150x150.webp 150w, https:\/\/silage-balers.com\/wp-content\/uploads\/2025\/11\/4-1-12x12.webp 12w, https:\/\/silage-balers.com\/wp-content\/uploads\/2025\/11\/4-1-100x100.webp 100w\" sizes=\"(max-width: 265px) 100vw, 265px\" \/><\/p>\n<h3>Tekniset tiedot<\/h3>\n<table style=\"border-color: #000000;\">\n<thead>\n<tr>\n<th>Sarjanumero<\/th>\n<th>Tuote<\/th>\n<th>Yksikk\u00f6<\/th>\n<th>Tekniset tiedot<\/th>\n<\/tr>\n<\/thead>\n<tbody>\n<tr>\n<td>1<\/td>\n<td>Rakennetyyppi<\/td>\n<td>\/<\/td>\n<td>Edestakaisin liikkuva tyyppi<\/td>\n<\/tr>\n<tr>\n<td>2<\/td>\n<td>Kiinnitysmenetelm\u00e4<\/td>\n<td>\/<\/td>\n<td>Vetotyyppi<\/td>\n<\/tr>\n<tr>\n<td>3<\/td>\n<td>Mallinumero<\/td>\n<td>\/<\/td>\n<td>9GS-5.0-tyyppi<\/td>\n<\/tr>\n<tr>\n<td>4<\/td>\n<td>Vastaava voima<\/td>\n<td>kW<\/td>\n<td>20-30<\/td>\n<\/tr>\n<tr>\n<td>5<\/td>\n<td>Leikkausleveys<\/td>\n<td>m<\/td>\n<td>5<\/td>\n<\/tr>\n<tr>\n<td>6<\/td>\n<td>Kokonaismitat (pituus \u00d7 leveys \u00d7 korkeus)<\/td>\n<td>mm<\/td>\n<td>2800 \u00d7 5630 \u00d7 1500<\/td>\n<\/tr>\n<tr>\n<td>7<\/td>\n<td>K\u00e4ytt\u00f6nopeus<\/td>\n<td>km\/h<\/td>\n<td>6~7<\/td>\n<\/tr>\n<tr>\n<td>8<\/td>\n<td>Voimanottoakselin nopeus<\/td>\n<td>kierrosta minuutissa<\/td>\n<td>540<\/td>\n<\/tr>\n<tr>\n<td>9<\/td>\n<td>Sivul\u00e4ht\u00f6akselin nopeus<\/td>\n<td>kierrosta minuutissa<\/td>\n<td>1240<\/td>\n<\/tr>\n<tr>\n<td>10<\/td>\n<td>Keskim\u00e4\u00e4r\u00e4inen leikkuukorkeus<\/td>\n<td>mm<\/td>\n<td>60-70<\/td>\n<\/tr>\n<tr>\n<td>11<\/td>\n<td>Tuottavuus<\/td>\n<td>ha\/h<\/td>\n<td>2.4-2.8<\/td>\n<\/tr>\n<tr>\n<td>12<\/td>\n<td>Operaattoreiden lukum\u00e4\u00e4r\u00e4<\/td>\n<td>henkil\u00f6<\/td>\n<td>1<\/td>\n<\/tr>\n<tr>\n<td>13<\/td>\n<td>Rakenteellinen massa<\/td>\n<td>kg<\/td>\n<td>750<\/td>\n<\/tr>\n<\/tbody>\n<\/table>\n<h4 data-start=\"1646\" data-end=\"1706\">9GS-5.0 -vetoisen kaksiter\u00e4isen ruohonleikkurin t\u00e4rkeimm\u00e4t ominaisuudet<\/h4>\n<ol>\n<li data-start=\"1711\" data-end=\"1941\">Kaksoister\u00e4inen leikkuuj\u00e4rjestelm\u00e4: 9GS-5.0:n kaksoister\u00e4j\u00e4rjestelm\u00e4 mahdollistaa nopeamman ja tehokkaamman leikkuun. Kahden rinnakkain toimivan ter\u00e4n ansiosta leikkuri pystyy k\u00e4sittelem\u00e4\u00e4n tihe\u00e4\u00e4 kasvillisuutta ja saavuttamaan siistimm\u00e4n ja tasaisemman leikkuun.<\/li>\n<li data-start=\"1946\" data-end=\"2207\">Tehokas vetovoima: Luotettavan vetoj\u00e4rjestelm\u00e4n ansiosta 9GS-5.0 tarjoaa poikkeuksellisen vakauden ja helpon ohjattavuuden. Leikkuria on helppo ajaa erilaisissa maastoissa tasaisista pelloista m\u00e4kisiin tai ep\u00e4tasaisiin maisemiin.<\/li>\n<li data-start=\"2212\" data-end=\"2486\">Kest\u00e4v\u00e4t leikkuuter\u00e4t: Ruohonleikkurin eritt\u00e4in lujat ter\u00e4kset on suunniteltu kest\u00e4m\u00e4\u00e4n pitk\u00e4aikaista k\u00e4ytt\u00f6\u00e4 jopa raskaissa olosuhteissa. N\u00e4m\u00e4 kest\u00e4v\u00e4t ter\u00e4t tarjoavat pitk\u00e4ik\u00e4isen suorituskyvyn ja varmistavat, ett\u00e4 ruohonleikkuri pysyy ter\u00e4v\u00e4n\u00e4 ja tehokkaana pitki\u00e4 aikoja.<\/li>\n<li data-start=\"2491\" data-end=\"2774\">S\u00e4\u00e4dett\u00e4v\u00e4 leikkuukorkeus: 9GS-5.0:ssa on s\u00e4\u00e4dett\u00e4v\u00e4 leikkuukorkeus, jonka avulla k\u00e4ytt\u00e4j\u00e4 voi mukauttaa leikkurin suorituskyky\u00e4 leikattavan kasvillisuuden tyypin mukaan. T\u00e4m\u00e4 ominaisuus tarjoaa joustavuutta niin lyhyen ruohon leikkaamiseen kuin korkeampien kasvustojen leikkaamiseenkin.<\/li>\n<li data-start=\"2779\" data-end=\"3075\">K\u00e4ytt\u00e4j\u00e4yst\u00e4v\u00e4lliset hallintalaitteet: Ruohonleikkuri on suunniteltu k\u00e4ytt\u00e4j\u00e4n mukavuus mieless\u00e4 pit\u00e4en. Intuitiivisten hallintalaitteiden ja ergonomisen asettelun ansiosta jopa aloittelevat k\u00e4ytt\u00e4j\u00e4t oppivat nopeasti k\u00e4ytt\u00e4m\u00e4\u00e4n 9GS-5.0:aa. V\u00e4hentynyt t\u00e4rin\u00e4 ja helppo ohjattavuus minimoivat my\u00f6s k\u00e4ytt\u00e4j\u00e4n v\u00e4symyksen pitkien leikkuujaksojen aikana.<\/li>\n<li data-start=\"3080\" data-end=\"3309\">Tehokas leikkuuteho: Suuren leikkuunopeuden ja suuren ty\u00f6leveyden ansiosta 9GS-5.0 lyhent\u00e4\u00e4 laajojen niittoteht\u00e4vien vaatimaa aikaa. T\u00e4m\u00e4 auttaa maanviljelij\u00f6it\u00e4 ja maisemanhoitajia maksimoimaan tuottavuuden ja tehokkuuden.<\/li>\n<li data-start=\"3314\" data-end=\"3558\">Monipuolinen k\u00e4ytt\u00f6: Ruohonleikkuria voidaan k\u00e4ytt\u00e4\u00e4 monenlaisiin k\u00e4ytt\u00f6tarkoituksiin hein\u00e4peltojen leikkaamisesta hedelm\u00e4tarhojen hoitoon ja pensaiden raivaukseen. Sen muunneltavuus tekee siit\u00e4 sopivan monenlaisiin maatalouden, maisemoinnin ja mets\u00e4talouden tarpeisiin.<\/li>\n<\/ol>\n<h3 style=\"text-align: center;\" data-start=\"5949\" data-end=\"6005\"><img loading=\"lazy\" decoding=\"async\" class=\"alignnone wp-image-301 size-full\" src=\"https:\/\/silage-balers.com\/wp-content\/uploads\/2025\/11\/3-1.webp\" alt=\"Kaksiter\u00e4inen ruohonleikkuri\" width=\"266\" height=\"266\" srcset=\"https:\/\/silage-balers.com\/wp-content\/uploads\/2025\/11\/3-1.webp 266w, https:\/\/silage-balers.com\/wp-content\/uploads\/2025\/11\/3-1-150x150.webp 150w, https:\/\/silage-balers.com\/wp-content\/uploads\/2025\/11\/3-1-12x12.webp 12w, https:\/\/silage-balers.com\/wp-content\/uploads\/2025\/11\/3-1-100x100.webp 100w\" sizes=\"(max-width: 266px) 100vw, 266px\" \/><\/h3>\n<h3 data-start=\"5949\" data-end=\"6005\">Miksi valita 9GS-5.0 -vetoinen kaksiter\u00e4inen ruohonleikkuri?<\/h3>\n<p data-start=\"6007\" data-end=\"6722\">9GS-5.0 Traction -kaksiter\u00e4inen ruohonleikkuri on erinomainen valinta kaikille, jotka tarvitsevat tehokasta, tehokasta ja kest\u00e4v\u00e4\u00e4 ruohonleikkuria. Kaksoister\u00e4isen leikkuuj\u00e4rjestelm\u00e4n, tehokkaan vetovoimansiirron ja s\u00e4\u00e4dett\u00e4v\u00e4n leikkuukorkeuden ansiosta se varmistaa, ett\u00e4 leikkaaminen on nopeampaa ja tehokkaampaa kuin koskaan ennen. Halusitpa sitten hoitaa hein\u00e4peltoja, raivata pensaita tai leikata korkeita satoja, t\u00e4m\u00e4 ruohonleikkuri tarjoaa tarvittavan suorituskyvyn ja monipuolisuuden ty\u00f6n suorittamiseen. Sen k\u00e4ytt\u00e4j\u00e4yst\u00e4v\u00e4lliset hallintalaitteet, luotettava rakenne ja erinomaiset leikkuuominaisuudet tekev\u00e4t siit\u00e4 v\u00e4ltt\u00e4m\u00e4tt\u00f6m\u00e4n ty\u00f6kalun niin maanviljelij\u00f6ille, maisemasuunnittelijoille kuin maatalousalan ammattilaisillekin. Investoi 9GS-5.0 Traction -kaksiter\u00e4iseen ruohonleikkuriin ja koe vertaansa vailla oleva leikkuutehokkuus.<\/p>\n<p style=\"text-align: center;\" data-start=\"6007\" data-end=\"6722\"><img loading=\"lazy\" decoding=\"async\" class=\"alignnone wp-image-303 size-full\" src=\"https:\/\/silage-balers.com\/wp-content\/uploads\/2025\/11\/5-1.webp\" alt=\"Kaksiter\u00e4inen ruohonleikkuri\" width=\"261\" height=\"261\" srcset=\"https:\/\/silage-balers.com\/wp-content\/uploads\/2025\/11\/5-1.webp 261w, https:\/\/silage-balers.com\/wp-content\/uploads\/2025\/11\/5-1-150x150.webp 150w, https:\/\/silage-balers.com\/wp-content\/uploads\/2025\/11\/5-1-12x12.webp 12w, https:\/\/silage-balers.com\/wp-content\/uploads\/2025\/11\/5-1-100x100.webp 100w\" sizes=\"(max-width: 261px) 100vw, 261px\" \/><\/p>\n<h2 data-start=\"3560\" data-end=\"3569\">Usein kysytyt kysymykset<\/h2>\n<p data-start=\"3571\" data-end=\"3616\">1. Mik\u00e4 on vetok\u00e4ytt\u00f6inen kaksiter\u00e4inen ruohonleikkuri?<\/p>\n<p data-start=\"3618\" data-end=\"3941\">Vetovoimainen kaksiter\u00e4inen ruohonleikkuri on ruohonleikkurityyppi, jossa k\u00e4ytet\u00e4\u00e4n kahta samanaikaisesti toimivaa ter\u00e4\u00e4 tehokkaamman ja tasaisemman leikkuun aikaansaamiseksi. Vetoj\u00e4rjestelm\u00e4 auttaa ruohonleikkuria liikkumaan pellolla helpommin, jopa haastavassa maastossa, kun taas kaksiter\u00e4iset lis\u00e4\u00e4v\u00e4t leikkuukapasiteettia ja lyhent\u00e4v\u00e4t leikkuuaikaa.<\/p>\n<p data-start=\"3943\" data-end=\"3995\">2. Mink\u00e4 tyyppist\u00e4 kasvillisuutta 9GS-5.0 voi leikata?<\/p>\n<p data-start=\"3997\" data-end=\"4303\">9GS-5.0 on eritt\u00e4in monipuolinen ja pystyy k\u00e4sittelem\u00e4\u00e4n erilaisia \u200b\u200bkasvillisuustyyppej\u00e4, kuten ruohoa, hein\u00e4\u00e4, pensaita ja jopa pieni\u00e4 pensaita. Se on erityisen tehokas tiheiden ruohoalueiden ja korkeiden kasvien leikkaamisessa, joten se sopii erinomaisesti suurille maatiloille ja kaupallisiin maisemointit\u00f6ihin.<\/p>\n<p data-start=\"4305\" data-end=\"4346\">3. Miten vetoj\u00e4rjestelm\u00e4 toimii?<\/p>\n<p data-start=\"4348\" data-end=\"4626\">9GS-5.0-leikkurin vetoj\u00e4rjestelm\u00e4 antaa voiman leikkurille, mink\u00e4 ansiosta se liikkuu tasaisesti erilaisissa maastoissa. J\u00e4rjestelm\u00e4 parantaa vakautta ja ohjattavuutta, mik\u00e4 v\u00e4hent\u00e4\u00e4 k\u00e4ytt\u00e4j\u00e4n vaivaa ja v\u00e4symyst\u00e4 ja varmistaa samalla, ett\u00e4 leikkuri leikkaa tasaisesti my\u00f6s ep\u00e4tasaisella alustalla.<\/p>\n<p data-start=\"4628\" data-end=\"4667\">4. Voinko s\u00e4\u00e4t\u00e4\u00e4 leikkuukorkeutta?<\/p>\n<p data-start=\"4669\" data-end=\"4946\">Kyll\u00e4, 9GS-5.0:ssa on s\u00e4\u00e4dett\u00e4v\u00e4 leikkuukorkeus, jonka avulla k\u00e4ytt\u00e4j\u00e4 voi mukauttaa leikkurin suorituskyky\u00e4 leikattavan kasvillisuuden tyypin mukaan. Leikkuukorkeutta voidaan helposti s\u00e4\u00e4t\u00e4\u00e4 erilaisiin tarpeisiin lyhyen ruohon leikkaamisesta korkeampien kasvien leikkaamiseen.<\/p>\n<p data-start=\"4948\" data-end=\"4991\">5. Miten huollan 9GS-5.0-ruohonleikkuria?<\/p>\n<p data-start=\"4993\" data-end=\"5321\">9GS-5.0:n huolto on helppoa. S\u00e4\u00e4nn\u00f6lliseen huoltoon kuuluu leikkuuterien kulumisen tarkistaminen, liikkuvien osien voitelu ja vetoj\u00e4rjestelm\u00e4n moitteettoman toiminnan varmistaminen. Ruohonleikkurin pit\u00e4minen puhtaana jokaisen k\u00e4ytt\u00f6kerran j\u00e4lkeen ja sen tarkistaminen l\u00f6ysien pulttien tai osien varalta varmistaa pitk\u00e4n k\u00e4ytt\u00f6i\u00e4n suorituskyvyn.<\/p>\n<p data-start=\"5323\" data-end=\"5372\">6. Sopiiko 9GS-5.0 m\u00e4kiseen maastoon?<\/p>\n<p data-start=\"5374\" data-end=\"5660\">Kyll\u00e4, 9GS-5.0:n tehokas vetoj\u00e4rjestelm\u00e4 mahdollistaa sen helpon liikkumisen m\u00e4kisess\u00e4 ja ep\u00e4tasaisessa maastossa. Koneen kest\u00e4v\u00e4 rakenne ja parannettu ohjattavuus tekev\u00e4t siit\u00e4 ihanteellisen vaikeiden maisemien k\u00e4sittelyyn, ja se tarjoaa erinomaisen leikkuutehon my\u00f6s haastavissa olosuhteissa.<\/p>\n<p data-start=\"5662\" data-end=\"5710\">7. Mik\u00e4 on 9GS-5.0:n ty\u00f6leveys?<\/p>\n<p data-start=\"5712\" data-end=\"5947\">9GS-5.0 tarjoaa laajan ty\u00f6leveyden, <a href=\"https:\/\/silage-balers.com\/fi\/tuote\/9yg-1-0c-pyoropaalain\/\">mahdollistaminen<\/a> sill\u00e4 voidaan kattaa suuria alueita lyhyemm\u00e4ss\u00e4 ajassa. T\u00e4m\u00e4 lis\u00e4\u00e4 tuottavuutta ja tehokkuutta, joten se sopii t\u00e4ydellisesti laaja-alaisiin niittoteht\u00e4viin maatiloilla ja muissa maatalousymp\u00e4rist\u00f6iss\u00e4.<\/p>\n<p data-start=\"5712\" data-end=\"5947\">gzl:n muokkaama<\/p>","protected":false},"excerpt":{"rendered":"<p>9GS-5.0 -vetoinen kaksiter\u00e4inen ruohonleikkuri on tehokas maatalouskone, joka on suunniteltu ruohon, hein\u00e4n ja pensaiden tehokkaaseen leikkaamiseen. Tehokkaan vetovoiman ja kaksiter\u00e4j\u00e4rjestelm\u00e4n ansiosta se varmistaa nopean ja tarkan leikkaamisen jopa haastavassa maastossa. S\u00e4\u00e4dett\u00e4v\u00e4n leikkuukorkeuden ja k\u00e4ytt\u00e4j\u00e4yst\u00e4v\u00e4llisten hallintalaitteiden ansiosta 9GS-5.0 sopii t\u00e4ydellisesti laajamittaiseen maatalouteen ja kaupalliseen maisemointiin. Kest\u00e4v\u00e4n rakenteensa ja helppok\u00e4ytt\u00f6isyytens\u00e4 ansiosta se on arvokas ty\u00f6kalu tuottavuuden parantamiseen kaikissa niittoteht\u00e4viss\u00e4.<\/p>","protected":false},"featured_media":304,"template":"","meta":{"_et_pb_use_builder":"","_et_pb_old_content":"","_et_gb_content_width":""},"product_brand":[],"product_cat":[20],"product_tag":[],"class_list":{"0":"post-283","1":"product","2":"type-product","3":"status-publish","4":"has-post-thumbnail","6":"product_cat-mower-tedder","8":"first","9":"instock","10":"shipping-taxable","11":"product-type-simple"},"_links":{"self":[{"href":"https:\/\/silage-balers.com\/fi\/wp-json\/wp\/v2\/product\/283","targetHints":{"allow":["GET"]}}],"collection":[{"href":"https:\/\/silage-balers.com\/fi\/wp-json\/wp\/v2\/product"}],"about":[{"href":"https:\/\/silage-balers.com\/fi\/wp-json\/wp\/v2\/types\/product"}],"wp:featuredmedia":[{"embeddable":true,"href":"https:\/\/silage-balers.com\/fi\/wp-json\/wp\/v2\/media\/304"}],"wp:attachment":[{"href":"https:\/\/silage-balers.com\/fi\/wp-json\/wp\/v2\/media?parent=283"}],"wp:term":[{"taxonomy":"product_brand","embeddable":true,"href":"https:\/\/silage-balers.com\/fi\/wp-json\/wp\/v2\/product_brand?post=283"},{"taxonomy":"product_cat","embeddable":true,"href":"https:\/\/silage-balers.com\/fi\/wp-json\/wp\/v2\/product_cat?post=283"},{"taxonomy":"product_tag","embeddable":true,"href":"https:\/\/silage-balers.com\/fi\/wp-json\/wp\/v2\/product_tag?post=283"}],"curies":[{"name":"wp","href":"https:\/\/api.w.org\/{rel}","templated":true}]}}