{"id":284,"date":"2025-11-26T09:21:14","date_gmt":"2025-11-26T09:21:14","guid":{"rendered":"https:\/\/silage-balers.com\/?post_type=product&#038;p=284"},"modified":"2025-12-29T05:46:38","modified_gmt":"2025-12-29T05:46:38","slug":"9yg-1-0c-pyoropaalain","status":"publish","type":"product","link":"https:\/\/silage-balers.com\/fi\/tuote\/9yg-1-0c-pyoropaalain\/","title":{"rendered":"9YG-1.0C py\u00f6r\u00f6paalain \u2013 s\u00e4il\u00f6rehun paalain"},"content":{"rendered":"<p data-start=\"47\" data-end=\"565\">9YG-1.0C-py\u00f6r\u00f6paalain on huippuluokan ja tehokas maatalouskone, joka on suunniteltu tehokkaaseen hein\u00e4n, oljen ja s\u00e4il\u00f6rehun py\u00f6reiden paalien valmistukseen. T\u00e4m\u00e4 s\u00e4il\u00f6rehupaalain on suunniteltu erityisesti vastaamaan nykyaikaisen maatalouden vaatimuksiin, ja se tarjoaa vankan, luotettavan ja k\u00e4ytt\u00e4j\u00e4yst\u00e4v\u00e4llisen ratkaisun suurten satom\u00e4\u00e4rien paalaamiseen. Etsitp\u00e4 sitten s\u00e4il\u00f6rehupaaleja pitk\u00e4aikaiseen varastointiin tai py\u00f6reiden hein\u00e4paalien valmistelua helppoa kuljetusta varten, 9YG-1.0C on ihanteellinen ty\u00f6kalu t\u00e4h\u00e4n ty\u00f6h\u00f6n.<\/p>\n<h2 data-start=\"567\" data-end=\"605\">Mik\u00e4 on 9YG-1.0C-py\u00f6r\u00f6paalain?<\/h2>\n<p data-start=\"607\" data-end=\"1086\">Py\u00f6r\u00f6paalain on maataloudessa k\u00e4ytetty kone irtonaisen sadon, kuten hein\u00e4n, oljen ja s\u00e4il\u00f6rehun, ker\u00e4\u00e4miseen, puristamiseen ja sitomiseen tiiviiksi lieri\u00f6m\u00e4isiksi py\u00f6reiksi paaleiksi. 9YG-1.0C-malli on s\u00e4il\u00f6rehun paalain, joka on erityisesti suunniteltu s\u00e4il\u00f6rehun \u2013 kostean, fermentoidun sadon, jota k\u00e4ytet\u00e4\u00e4n karjan ruokintaan \u2013 k\u00e4sittelyyn. 9YG-1.0C varmistaa, ett\u00e4 s\u00e4il\u00f6rehu pakataan tiiviisti s\u00e4il\u00f6rehupaaleiksi, mik\u00e4 v\u00e4hent\u00e4\u00e4 altistumista ilmalle ja s\u00e4ilytt\u00e4\u00e4 optimaalisen k\u00e4ymisen edellytt\u00e4m\u00e4n kosteuden.<\/p>\n<p data-start=\"1088\" data-end=\"1432\">T\u00e4m\u00e4 s\u00e4il\u00f6rehun paalain on varustettu edistyneill\u00e4 ominaisuuksilla, jotka lis\u00e4\u00e4v\u00e4t sek\u00e4 sen tuottavuutta ett\u00e4 kest\u00e4vyytt\u00e4. Se toimii tehokkaasti erilaisissa pelto-olosuhteissa, kuivasta hein\u00e4st\u00e4 s\u00e4il\u00f6rehun tyypillisiin kosteisiin olosuhteisiin. Lis\u00e4ksi 9YG-1.0C mahdollistaa mukautettavien paalikokojen valmistamisen, joten se sopii erilaisiin varastointi- ja kuljetustarpeisiin.<\/p>\n<p style=\"text-align: center;\" data-start=\"1088\" data-end=\"1432\"><img loading=\"lazy\" decoding=\"async\" class=\"alignnone wp-image-297 size-medium\" src=\"https:\/\/silage-balers.com\/wp-content\/uploads\/2025\/11\/ep-9YG-1.0C-Round-Baler-2-1-300x300.webp\" alt=\"S\u00e4il\u00f6rehun paalain\" width=\"300\" height=\"300\" \/><\/p>\n<h3>Tekniset tiedot<\/h3>\n<table style=\"border-color: #000000; width: 429px;\" width=\"429\">\n<thead>\n<tr>\n<th>Tuote<\/th>\n<th>Yksikk\u00f6<\/th>\n<th>Tekniset tiedot<\/th>\n<\/tr>\n<\/thead>\n<tbody>\n<tr>\n<td>Mallin nimi<\/td>\n<td>\u2013<\/td>\n<td>9YG-1.0C py\u00f6r\u00f6paalain<\/td>\n<\/tr>\n<tr>\n<td>Yhteystapa<\/td>\n<td>\u2013<\/td>\n<td>Vetotyyppinen<\/td>\n<\/tr>\n<tr>\n<td>Noutoleveys<\/td>\n<td>mm<\/td>\n<td>2400<\/td>\n<\/tr>\n<tr>\n<td>Noutomekanismi<\/td>\n<td>\u2013<\/td>\n<td>Ketjutyyppinen<\/td>\n<\/tr>\n<tr>\n<td>Ruokintamekanismi<\/td>\n<td>\u2013<\/td>\n<td>Hydrauliset + hammastetut rullat<\/td>\n<\/tr>\n<tr>\n<td>Puristuskammion leveys<\/td>\n<td>mm<\/td>\n<td>1250<\/td>\n<\/tr>\n<tr>\n<td>Puristuskammion pituus<\/td>\n<td>mm<\/td>\n<td>1000<\/td>\n<\/tr>\n<tr>\n<td>Rullien lukum\u00e4\u00e4r\u00e4<\/td>\n<td>palasia<\/td>\n<td>16 (Rullat)<\/td>\n<\/tr>\n<tr>\n<td>Rullan halkaisija<\/td>\n<td>mm<\/td>\n<td>\u03c6222<\/td>\n<\/tr>\n<tr>\n<td>Sidontamenetelm\u00e4<\/td>\n<td>\u2013<\/td>\n<td>Automaattinen verkkosidonta<\/td>\n<\/tr>\n<tr>\n<td>Virtal\u00e4hde<\/td>\n<td>kW\/hv<\/td>\n<td>\u226569,8 \/ 95<\/td>\n<\/tr>\n<tr>\n<td>Paino<\/td>\n<td>kg<\/td>\n<td>3198<\/td>\n<\/tr>\n<tr>\n<td>L\u00e4ht\u00f6nopeus<\/td>\n<td>kierrosta minuutissa<\/td>\n<td>540<\/td>\n<\/tr>\n<tr>\n<td>Kokonaismitat<\/td>\n<td>mm<\/td>\n<td>3800 \u00d7 2850 \u00d7 2200<\/td>\n<\/tr>\n<tr>\n<td>Ty\u00f6skentelyolosuhteet<\/td>\n<td>\u2013<\/td>\n<td>Anturiohjattu<\/td>\n<\/tr>\n<tr>\n<td>Paalin koko (halkaisija x pituus)<\/td>\n<td>mm<\/td>\n<td>\u03c61000 \u00d7 1250<\/td>\n<\/tr>\n<tr>\n<td>Paalitiheys<\/td>\n<td>Kg\/m\u00b3<\/td>\n<td>115-200<\/td>\n<\/tr>\n<tr>\n<td>Tuotantokapasiteetti<\/td>\n<td>paalia\/h<\/td>\n<td>40-80<\/td>\n<\/tr>\n<tr>\n<td>Py\u00f6r\u00e4n et\u00e4isyys<\/td>\n<td>mm<\/td>\n<td>2100<\/td>\n<\/tr>\n<tr>\n<td>Ty\u00f6nopeus<\/td>\n<td>km\/h<\/td>\n<td>5-20<\/td>\n<\/tr>\n<tr>\n<td>K\u00e4ytt\u00f6nopeus<\/td>\n<td>km\/h<\/td>\n<td>5-20<\/td>\n<\/tr>\n<tr>\n<td>Paalin tekniset tiedot<\/td>\n<td>\u2013<\/td>\n<td>2000 \u00d7 1,25 m \/ paali<\/td>\n<\/tr>\n<tr>\n<td>Piikkien lukum\u00e4\u00e4r\u00e4<\/td>\n<td>\u2013<\/td>\n<td>20<\/td>\n<\/tr>\n<\/tbody>\n<\/table>\n<h3 data-start=\"1434\" data-end=\"1479\">9YG-1.0C-py\u00f6r\u00f6paalaimen t\u00e4rkeimm\u00e4t ominaisuudet<\/h3>\n<ol>\n<li data-start=\"1484\" data-end=\"1802\">Monipuolisuus eri viljelykasveille: 9YG-1.0C ei rajoitu pelk\u00e4st\u00e4\u00e4n s\u00e4il\u00f6rehun paalaamiseen; se pystyy k\u00e4sittelem\u00e4\u00e4n my\u00f6s py\u00f6reit\u00e4 hein\u00e4paaleja, mik\u00e4 tekee siit\u00e4 monipuolisen laitteen maanviljelij\u00f6ille. Paalaatpa sitten kuivaa tai kosteaa rehua, 9YG-1.0C mukautuu erilaisiin viljelykasveihin varmistaen korkealaatuiset paalit joka kerta.<\/li>\n<li data-start=\"1807\" data-end=\"2121\">Tehokas s\u00e4il\u00f6rehun k\u00e4sittely: S\u00e4il\u00f6rehun paalaimena 9YG-1.0C on varustettu ominaisuuksilla, jotka mahdollistavat tehokkaan kosteuden s\u00e4ilymisen s\u00e4il\u00f6rehupaaleissa. S\u00e4il\u00f6rehupaalien tiivis puristus ja nopea sidonta s\u00e4ilytt\u00e4v\u00e4t ravinteet ja kosteuden varmistaen, ett\u00e4 s\u00e4il\u00f6rehu on valmis k\u00e4ymiseen ja varastointiin.<\/li>\n<li data-start=\"2126\" data-end=\"2427\">Kest\u00e4vyys ja rakenne: 9YG-1.0C on suunniteltu kest\u00e4m\u00e4\u00e4n p\u00e4ivitt\u00e4isen k\u00e4yt\u00f6n rasituksia vaativissa ymp\u00e4rist\u00f6iss\u00e4. Se on valmistettu eritt\u00e4in lujista materiaaleista ja siin\u00e4 on kest\u00e4v\u00e4 runko, joka kest\u00e4\u00e4 kulumista. Sen vankka rakenne varmistaa sen sujuvan toiminnan my\u00f6s vaativissa kentt\u00e4olosuhteissa.<\/li>\n<li data-start=\"2432\" data-end=\"2748\">S\u00e4\u00e4dett\u00e4v\u00e4 paalikoko: Yksi 9YG-1.0C:n erottuvista ominaisuuksista on sen kyky tuottaa erikokoisia paaleja. Mukautettava paalikoko varmistaa joustavuuden erilaisiin maataloustoimintoihin, olipa kyseess\u00e4 sitten s\u00e4il\u00f6rehupaalien varastointi suurissa rehukuopissa tai py\u00f6reiden hein\u00e4paalien kuljetus markkinoille.<\/li>\n<li data-start=\"2753\" data-end=\"3027\">K\u00e4ytt\u00e4j\u00e4yst\u00e4v\u00e4llinen k\u00e4ytt\u00f6: 9YG-1.0C on suunniteltu intuitiiviseksi ja helppok\u00e4ytt\u00f6iseksi. Yksinkertaisten s\u00e4\u00e4timien ja k\u00e4ytt\u00e4j\u00e4yst\u00e4v\u00e4llisen k\u00e4ytt\u00f6liittym\u00e4n ansiosta jopa v\u00e4h\u00e4n kokeneet voivat k\u00e4ytt\u00e4\u00e4 konetta tehokkaasti, mik\u00e4 tekee siit\u00e4 ihanteellisen sek\u00e4 aloitteleville ett\u00e4 kokeneille viljelij\u00f6ille.<\/li>\n<li data-start=\"3032\" data-end=\"3350\">Kustannustehokas ratkaisu: S\u00e4il\u00f6rehun paalainta harkittaessa 9YG-1.0C tarjoaa eritt\u00e4in kustannustehokkaan ratkaisun. Se tarjoaa erinomaista vastinetta rahalle ja luotettavaa suorituskyky\u00e4 tyhjent\u00e4m\u00e4tt\u00e4 pankkitili\u00e4. Se on erinomainen sijoitus viljelij\u00f6ille, jotka etsiv\u00e4t pitk\u00e4n aikav\u00e4lin s\u00e4\u00e4st\u00f6j\u00e4 ja tuottavuutta.<\/li>\n<li data-start=\"3355\" data-end=\"3628\">Tehokas k\u00e4\u00e4rint\u00e4j\u00e4rjestelm\u00e4: 9YG-1.0C:ss\u00e4 on edistynyt k\u00e4\u00e4rint\u00e4j\u00e4rjestelm\u00e4, joka pystyy sitomaan paalit tiukasti verkolla tai narulla. T\u00e4m\u00e4 varmistaa, ett\u00e4 paalit pysyv\u00e4t ehjin\u00e4 kuljetuksen ja varastoinnin aikana, s\u00e4ilytt\u00e4en niiden laadun ja minimoiden pilaantumisriskin.<\/li>\n<\/ol>\n<h3 style=\"text-align: center;\" data-start=\"6052\" data-end=\"6093\"><img loading=\"lazy\" decoding=\"async\" class=\"alignnone wp-image-295 size-medium\" src=\"https:\/\/silage-balers.com\/wp-content\/uploads\/2025\/11\/ep-9YG-1.0c-Round-Baler-41-1-300x300.webp\" alt=\"S\u00e4il\u00f6rehun paalain\" width=\"300\" height=\"300\" srcset=\"https:\/\/silage-balers.com\/wp-content\/uploads\/2025\/11\/ep-9YG-1.0c-Round-Baler-41-1-300x300.webp 300w, https:\/\/silage-balers.com\/wp-content\/uploads\/2025\/11\/ep-9YG-1.0c-Round-Baler-41-1-150x150.webp 150w, https:\/\/silage-balers.com\/wp-content\/uploads\/2025\/11\/ep-9YG-1.0c-Round-Baler-41-1-12x12.webp 12w, https:\/\/silage-balers.com\/wp-content\/uploads\/2025\/11\/ep-9YG-1.0c-Round-Baler-41-1-100x100.webp 100w, https:\/\/silage-balers.com\/wp-content\/uploads\/2025\/11\/ep-9YG-1.0c-Round-Baler-41-1.webp 364w\" sizes=\"(max-width: 300px) 100vw, 300px\" \/><\/h3>\n<h3 data-start=\"6052\" data-end=\"6093\">Miksi valita 9YG-1.0C -py\u00f6r\u00f6paalain?<\/h3>\n<p data-start=\"6095\" data-end=\"6720\">Viljelij\u00f6ille, jotka etsiv\u00e4t myyt\u00e4v\u00e4ksi s\u00e4il\u00f6rehun tai py\u00f6r\u00f6hein\u00e4n paalainta, 9YG-1.0C on t\u00e4ydellinen yhdistelm\u00e4 luotettavuutta, tehokkuutta ja kohtuuhintaisuutta. Sen kest\u00e4v\u00e4 rakenne, k\u00e4ytt\u00e4j\u00e4yst\u00e4v\u00e4llinen muotoilu ja kyky k\u00e4sitell\u00e4 sek\u00e4 s\u00e4il\u00f6rehua ett\u00e4 hein\u00e4\u00e4 tekev\u00e4t siit\u00e4 v\u00e4ltt\u00e4m\u00e4tt\u00f6m\u00e4n hankinnan kaikissa maataloustoimissa. Olitpa sitten valmistamassa s\u00e4il\u00f6rehupaaleja pitk\u00e4aikaiseen varastointiin tai py\u00f6r\u00f6hein\u00e4paaleja v\u00e4lit\u00f6nt\u00e4 k\u00e4ytt\u00f6\u00e4 varten, 9YG-1.0C varmistaa, ett\u00e4 paalaustarpeesi t\u00e4yttyv\u00e4t tarkasti ja helposti. Tehokkaiden ominaisuuksiensa ja kilpailukykyisen hintansa ansiosta se on erinomainen sijoitus kaikille maatalousalalla toimiville.<\/p>\n<p style=\"text-align: center;\" data-start=\"6095\" data-end=\"6720\"><img loading=\"lazy\" decoding=\"async\" class=\"alignnone wp-image-294 size-medium\" src=\"https:\/\/silage-balers.com\/wp-content\/uploads\/2025\/11\/ep-9YG-1.0c-Round-Baler-31-1-300x300.webp\" alt=\"S\u00e4il\u00f6rehun paalain\" width=\"300\" height=\"300\" srcset=\"https:\/\/silage-balers.com\/wp-content\/uploads\/2025\/11\/ep-9YG-1.0c-Round-Baler-31-1-300x300.webp 300w, https:\/\/silage-balers.com\/wp-content\/uploads\/2025\/11\/ep-9YG-1.0c-Round-Baler-31-1-150x150.webp 150w, https:\/\/silage-balers.com\/wp-content\/uploads\/2025\/11\/ep-9YG-1.0c-Round-Baler-31-1-12x12.webp 12w, https:\/\/silage-balers.com\/wp-content\/uploads\/2025\/11\/ep-9YG-1.0c-Round-Baler-31-1-100x100.webp 100w, https:\/\/silage-balers.com\/wp-content\/uploads\/2025\/11\/ep-9YG-1.0c-Round-Baler-31-1.webp 380w\" sizes=\"(max-width: 300px) 100vw, 300px\" \/><\/p>\n<h2 data-start=\"3630\" data-end=\"3639\">Usein kysytyt kysymykset<\/h2>\n<p data-start=\"3641\" data-end=\"3671\">1. Mik\u00e4 on s\u00e4il\u00f6rehun paalain?<\/p>\n<p data-start=\"3673\" data-end=\"3976\">S\u00e4il\u00f6rehun paalain on erikoistyyppinen py\u00f6r\u00f6paalain, joka on suunniteltu k\u00e4sittelem\u00e4\u00e4n s\u00e4il\u00f6rehua \u2013 kosteita, k\u00e4yneit\u00e4 rehukasveja, joita k\u00e4ytet\u00e4\u00e4n el\u00e4inten rehuna. S\u00e4il\u00f6rehun paalain puristaa materiaalin tiiviiksi paaleiksi, mik\u00e4 varmistaa asianmukaisen kosteuden s\u00e4ilymisen ja minimoi ilmankosteuden, jotta s\u00e4il\u00f6rehun ravinteet s\u00e4ilyisiv\u00e4t.<\/p>\n<p data-start=\"3978\" data-end=\"4006\">2. Mik\u00e4 on py\u00f6r\u00f6paali?<\/p>\n<p data-start=\"4008\" data-end=\"4279\">Py\u00f6re\u00e4 paali on py\u00f6r\u00f6paalaimella tuotettu sylinterim\u00e4inen paali. N\u00e4m\u00e4 paalit ovat eritt\u00e4in tehokkaita varastoinnin ja kuljetuksen kannalta kompaktin muotonsa ansiosta. Niit\u00e4 k\u00e4ytet\u00e4\u00e4n tyypillisesti hein\u00e4n, oljen ja s\u00e4il\u00f6rehun pakkaamiseen, ja py\u00f6re\u00e4n rakenteensa ansiosta ne on helppo pinota ja k\u00e4sitell\u00e4.<\/p>\n<p data-start=\"4281\" data-end=\"4328\">3. Voiko 9YG-1.0C tehd\u00e4 s\u00e4il\u00f6rehupaaleja?<\/p>\n<p data-start=\"4330\" data-end=\"4582\">Kyll\u00e4, 9YG-1.0C on suunniteltu erityisesti s\u00e4il\u00f6rehun paalaimeksi, jolla voidaan tuottaa korkealaatuisia s\u00e4il\u00f6rehupaaleja. Paalain pakkaa s\u00e4il\u00f6rehun tiiviisti varmistaen, ett\u00e4 kosteuspitoisuus s\u00e4ilyy optimaalisten k\u00e4ymis- ja ruokintaolosuhteiden takaamiseksi.<\/p>\n<p data-start=\"4584\" data-end=\"4630\">4. Paljonko py\u00f6r\u00f6paalain maksaa myyd\u00e4\u00e4n?<\/p>\n<p data-start=\"4632\" data-end=\"4995\">Py\u00f6r\u00f6hein\u00e4paalaimen hinta voi vaihdella huomattavasti merkin, ominaisuuksien ja mallin mukaan. 9YG-1.0C tarjoaa kustannustehokkaan vaihtoehdon verrattuna muihin huippumalleihin, mutta tarjoaa silti erinomaisen suorituskyvyn ja kest\u00e4vyyden. Keskim\u00e4\u00e4rin hinnat vaihtelevat 10 000\u201320 000 euron v\u00e4lill\u00e4, mutta voivat vaihdella tiettyjen ominaisuuksien ja sijainnin mukaan.<\/p>\n<p data-start=\"4997\" data-end=\"5038\">5. Miten huollan rehupaalainta?<\/p>\n<p data-start=\"5040\" data-end=\"5389\">9YG-1.0C:n huolto on suhteellisen helppoa sen kest\u00e4v\u00e4n rakenteen ja suoraviivaisen suunnittelun ansiosta. S\u00e4\u00e4nn\u00f6lliseen huoltoon kuuluu k\u00e4\u00e4rint\u00e4j\u00e4rjestelm\u00e4n tarkistaminen, liikkuvien osien voitelu sek\u00e4 verkko- tai naruj\u00e4rjestelmien tarkastus. On my\u00f6s t\u00e4rke\u00e4\u00e4 puhdistaa kone k\u00e4yt\u00f6n j\u00e4lkeen j\u00e4\u00e4mien kertymisen est\u00e4miseksi ja optimaalisen suorituskyvyn varmistamiseksi.<\/p>\n<p data-start=\"5391\" data-end=\"5433\">6. Voinko k\u00e4ytt\u00e4\u00e4 9YG-1.0C-laitetta kuivalle hein\u00e4lle?<\/p>\n<p data-start=\"5435\" data-end=\"5696\">Kyll\u00e4, 9YG-1.0C on riitt\u00e4v\u00e4n monipuolinen k\u00e4sittelem\u00e4\u00e4n sek\u00e4 m\u00e4rk\u00e4\u00e4 s\u00e4il\u00f6rehua ett\u00e4 kuivaa hein\u00e4\u00e4. Tuotitpa sitten py\u00f6reit\u00e4 hein\u00e4paaleja tai <a href=\"https:\/\/silage-balers.com\/fi\/tuote\/9yg-1-25-pyoropaalain\/\">s\u00e4il\u00f6rehupaalit<\/a>T\u00e4m\u00e4 paalain on suunniteltu k\u00e4sittelem\u00e4\u00e4n tehokkaasti erilaisia \u200b\u200bsatotyyppej\u00e4, mik\u00e4 tekee siit\u00e4 erinomaisen yleispaalausratkaisun.<\/p>\n<p data-start=\"5698\" data-end=\"5755\">7. Onko 9YG-1.0C hyv\u00e4 sijoitus pienille tiloille?<\/p>\n<p data-start=\"5757\" data-end=\"6050\">Ehdottomasti. Vaikka 9YG-1.0C pystyy k\u00e4sittelem\u00e4\u00e4n suuria satom\u00e4\u00e4ri\u00e4, se sopii my\u00f6s pienemmille tiloille helppok\u00e4ytt\u00f6isyytens\u00e4 ja kustannustehokkuutensa ansiosta. Paalikoon mukauttamismahdollisuus ja koneen tehokas suorituskyky tekev\u00e4t siit\u00e4 loistavan vaihtoehdon kaikenkokoisille viljelij\u00f6ille.<\/p>\n<p data-start=\"5757\" data-end=\"6050\">gzl:n muokkaama<\/p>\n<p style=\"text-align: center;\" data-start=\"5757\" data-end=\"6050\">","protected":false},"excerpt":{"rendered":"<p>9YG-1.0C-py\u00f6r\u00f6paalain on tehokas kone, joka on suunniteltu sek\u00e4 suurille ett\u00e4 pienille maatiloille. T\u00e4m\u00e4 rehupaalain tarjoaa mukautettavia paalikokoja, kest\u00e4v\u00e4n rakenteen ja helpon k\u00e4yt\u00f6n. Etsitp\u00e4 sitten rehupaalainta tai py\u00f6r\u00f6hein\u00e4paalainta, 9YG-1.0C tarjoaa erinomaista vastinetta rahalle ja on ihanteellinen valinta mihin tahansa maataloustoimintaan.<\/p>","protected":false},"featured_media":298,"template":"","meta":{"_et_pb_use_builder":"","_et_pb_old_content":"","_et_gb_content_width":""},"product_brand":[],"product_cat":[18],"product_tag":[],"class_list":{"0":"post-284","1":"product","2":"type-product","3":"status-publish","4":"has-post-thumbnail","6":"product_cat-round-baler","8":"first","9":"instock","10":"shipping-taxable","11":"product-type-simple"},"_links":{"self":[{"href":"https:\/\/silage-balers.com\/fi\/wp-json\/wp\/v2\/product\/284","targetHints":{"allow":["GET"]}}],"collection":[{"href":"https:\/\/silage-balers.com\/fi\/wp-json\/wp\/v2\/product"}],"about":[{"href":"https:\/\/silage-balers.com\/fi\/wp-json\/wp\/v2\/types\/product"}],"wp:featuredmedia":[{"embeddable":true,"href":"https:\/\/silage-balers.com\/fi\/wp-json\/wp\/v2\/media\/298"}],"wp:attachment":[{"href":"https:\/\/silage-balers.com\/fi\/wp-json\/wp\/v2\/media?parent=284"}],"wp:term":[{"taxonomy":"product_brand","embeddable":true,"href":"https:\/\/silage-balers.com\/fi\/wp-json\/wp\/v2\/product_brand?post=284"},{"taxonomy":"product_cat","embeddable":true,"href":"https:\/\/silage-balers.com\/fi\/wp-json\/wp\/v2\/product_cat?post=284"},{"taxonomy":"product_tag","embeddable":true,"href":"https:\/\/silage-balers.com\/fi\/wp-json\/wp\/v2\/product_tag?post=284"}],"curies":[{"name":"wp","href":"https:\/\/api.w.org\/{rel}","templated":true}]}}