{"id":285,"date":"2025-11-26T09:21:29","date_gmt":"2025-11-26T09:21:29","guid":{"rendered":"https:\/\/silage-balers.com\/?post_type=product&#038;p=285"},"modified":"2025-12-29T05:46:18","modified_gmt":"2025-12-29T05:46:18","slug":"9yg-1-25-pyoropaalain","status":"publish","type":"product","link":"https:\/\/silage-balers.com\/fi\/tuote\/9yg-1-25-pyoropaalain\/","title":{"rendered":"9YG-1.25 py\u00f6r\u00f6paalain"},"content":{"rendered":"<p data-start=\"47\" data-end=\"524\">9YG-1.25-py\u00f6r\u00f6paalain on edistyksellinen ja tehokas kone, joka on suunniteltu tehostamaan hein\u00e4n, oljen ja muiden viljelykasvien paalausta. T\u00e4m\u00e4 py\u00f6r\u00f6paalain on suunniteltu sek\u00e4 ammattimaisille viljelij\u00f6ille ett\u00e4 pienimuotoisille tiloille, ja se tarjoaa poikkeuksellisen suorituskyvyn erilaisissa maataloussovelluksissa. Olitpa sitten k\u00e4sittelem\u00e4ss\u00e4 py\u00f6reit\u00e4 hein\u00e4paaleja tai valmistamassa s\u00e4il\u00f6rehupaaleja varastointia varten, 9YG-1.25 on t\u00e4ydellinen valinta, sill\u00e4 se tarjoaa luotettavaa ja helppok\u00e4ytt\u00f6ist\u00e4 toiminnallisuutta.<\/p>\n<h2 data-start=\"526\" data-end=\"562\">Mik\u00e4 on 9YG-1.25-py\u00f6r\u00f6paalain?<\/h2>\n<p data-start=\"564\" data-end=\"1158\">Py\u00f6r\u00f6paalain on maatalouskone, jota k\u00e4ytet\u00e4\u00e4n leikatun sadon, kuten hein\u00e4n, oljen tai s\u00e4il\u00f6rehun, ker\u00e4\u00e4miseen, puristamiseen ja sitomiseen tiiviiksi py\u00f6reiksi paaleiksi. 9YG-1.25-malli on suunniteltu erikokoisten paalien paalaamiseen, mik\u00e4 tekee siit\u00e4 monipuolisen ja mukautuvan erilaisiin tarpeisiin. Kone toimii tehokkaasti ker\u00e4\u00e4m\u00e4ll\u00e4 irtomateriaalia pellolta, puristamalla sen py\u00f6re\u00e4\u00e4n muotoon ja k\u00e4\u00e4rim\u00e4ll\u00e4 sen sitten narulla tai verkolla paalin pit\u00e4miseksi ehj\u00e4n\u00e4. T\u00e4m\u00e4n paalaimen tuottamat py\u00f6re\u00e4t py\u00f6r\u00f6paalit sopivat ihanteellisesti varastointiin ja kuljetukseen, koska niiden lieri\u00f6m\u00e4inen muoto on eritt\u00e4in vakaa ja helppo pinota.<\/p>\n<p style=\"text-align: center;\" data-start=\"564\" data-end=\"1158\"><img loading=\"lazy\" decoding=\"async\" class=\"alignnone size-medium wp-image-290\" src=\"https:\/\/silage-balers.com\/wp-content\/uploads\/2025\/11\/ep-9YG-1.25-Round-Baler-2-1-300x300.webp\" alt=\"Py\u00f6r\u00f6paalain\" width=\"300\" height=\"300\" \/><\/p>\n<h3 data-start=\"263\" data-end=\"292\">Tekniset tiedot<\/h3>\n<div class=\"_tableContainer_1rjym_1\">\n<div class=\"group _tableWrapper_1rjym_13 flex w-fit flex-col-reverse\" tabindex=\"-1\">\n<table class=\"w-fit min-w-(--thread-content-width)\" style=\"border-color: #000000;\" data-start=\"294\" data-end=\"2194\">\n<thead data-start=\"294\" data-end=\"375\">\n<tr data-start=\"294\" data-end=\"375\">\n<th data-start=\"294\" data-end=\"324\" data-col-size=\"sm\">Tuote<\/th>\n<th data-start=\"324\" data-end=\"341\" data-col-size=\"sm\">Yksikk\u00f6<\/th>\n<th data-start=\"341\" data-end=\"375\" data-col-size=\"sm\">Tekniset tiedot<\/th>\n<\/tr>\n<\/thead>\n<tbody data-start=\"458\" data-end=\"2194\">\n<tr data-start=\"458\" data-end=\"539\">\n<td data-start=\"458\" data-end=\"489\" data-col-size=\"sm\">Mallin nimi<\/td>\n<td data-col-size=\"sm\" data-start=\"489\" data-end=\"506\">\u2013<\/td>\n<td data-col-size=\"sm\" data-start=\"506\" data-end=\"539\">9YG-1.25 py\u00f6r\u00f6paalain<\/td>\n<\/tr>\n<tr data-start=\"540\" data-end=\"621\">\n<td data-start=\"540\" data-end=\"571\" data-col-size=\"sm\">Yhteystapa<\/td>\n<td data-col-size=\"sm\" data-start=\"571\" data-end=\"588\">\u2013<\/td>\n<td data-col-size=\"sm\" data-start=\"588\" data-end=\"621\">Vetotyyppinen<\/td>\n<\/tr>\n<tr data-start=\"622\" data-end=\"704\">\n<td data-start=\"622\" data-end=\"653\" data-col-size=\"sm\">Noutoleveys<\/td>\n<td data-col-size=\"sm\" data-start=\"653\" data-end=\"670\">mm<\/td>\n<td data-col-size=\"sm\" data-start=\"670\" data-end=\"704\">2240<\/td>\n<\/tr>\n<tr data-start=\"705\" data-end=\"786\">\n<td data-start=\"705\" data-end=\"736\" data-col-size=\"sm\">Noutomekanismi<\/td>\n<td data-col-size=\"sm\" data-start=\"736\" data-end=\"753\">\u2013<\/td>\n<td data-col-size=\"sm\" data-start=\"753\" data-end=\"786\">Spiraalityyppinen<\/td>\n<\/tr>\n<tr data-start=\"787\" data-end=\"869\">\n<td data-start=\"787\" data-end=\"818\" data-col-size=\"sm\">Ruokintamekanismi<\/td>\n<td data-col-size=\"sm\" data-start=\"818\" data-end=\"835\">\u2013<\/td>\n<td data-col-size=\"sm\" data-start=\"835\" data-end=\"869\">Hydrauliset + hammastetut rullat<\/td>\n<\/tr>\n<tr data-start=\"870\" data-end=\"952\">\n<td data-start=\"870\" data-end=\"901\" data-col-size=\"sm\">Puristuskammion leveys<\/td>\n<td data-col-size=\"sm\" data-start=\"901\" data-end=\"918\">mm<\/td>\n<td data-col-size=\"sm\" data-start=\"918\" data-end=\"952\">1250<\/td>\n<\/tr>\n<tr data-start=\"953\" data-end=\"1036\">\n<td data-start=\"953\" data-end=\"987\" data-col-size=\"sm\">Puristuskammion halkaisija<\/td>\n<td data-col-size=\"sm\" data-start=\"987\" data-end=\"1002\">mm<\/td>\n<td data-col-size=\"sm\" data-start=\"1002\" data-end=\"1036\">1200<\/td>\n<\/tr>\n<tr data-start=\"1037\" data-end=\"1118\">\n<td data-start=\"1037\" data-end=\"1068\" data-col-size=\"sm\">Rullien lukum\u00e4\u00e4r\u00e4<\/td>\n<td data-col-size=\"sm\" data-start=\"1068\" data-end=\"1085\">palasia<\/td>\n<td data-col-size=\"sm\" data-start=\"1085\" data-end=\"1118\">18 (Rullat)<\/td>\n<\/tr>\n<tr data-start=\"1119\" data-end=\"1201\">\n<td data-start=\"1119\" data-end=\"1150\" data-col-size=\"sm\">Rullan halkaisija<\/td>\n<td data-col-size=\"sm\" data-start=\"1150\" data-end=\"1167\">mm<\/td>\n<td data-col-size=\"sm\" data-start=\"1167\" data-end=\"1201\">\u03c6222<\/td>\n<\/tr>\n<tr data-start=\"1202\" data-end=\"1283\">\n<td data-start=\"1202\" data-end=\"1233\" data-col-size=\"sm\">Sidontamenetelm\u00e4<\/td>\n<td data-col-size=\"sm\" data-start=\"1233\" data-end=\"1250\">\u2013<\/td>\n<td data-col-size=\"sm\" data-start=\"1250\" data-end=\"1283\">Automaattinen verkkosidonta<\/td>\n<\/tr>\n<tr data-start=\"1284\" data-end=\"1366\">\n<td data-start=\"1284\" data-end=\"1315\" data-col-size=\"sm\">Virtal\u00e4hde<\/td>\n<td data-col-size=\"sm\" data-start=\"1315\" data-end=\"1332\">kW<\/td>\n<td data-col-size=\"sm\" data-start=\"1332\" data-end=\"1366\">\u226575<\/td>\n<\/tr>\n<tr data-start=\"1367\" data-end=\"1449\">\n<td data-start=\"1367\" data-end=\"1398\" data-col-size=\"sm\">Paino<\/td>\n<td data-col-size=\"sm\" data-start=\"1398\" data-end=\"1415\">kg<\/td>\n<td data-col-size=\"sm\" data-start=\"1415\" data-end=\"1449\">4060<\/td>\n<\/tr>\n<tr data-start=\"1450\" data-end=\"1532\">\n<td data-start=\"1450\" data-end=\"1481\" data-col-size=\"sm\">L\u00e4ht\u00f6nopeus<\/td>\n<td data-col-size=\"sm\" data-start=\"1481\" data-end=\"1498\">kierrosta minuutissa<\/td>\n<td data-col-size=\"sm\" data-start=\"1498\" data-end=\"1532\">720<\/td>\n<\/tr>\n<tr data-start=\"1533\" data-end=\"1615\">\n<td data-start=\"1533\" data-end=\"1564\" data-col-size=\"sm\">Kokonaismitat<\/td>\n<td data-col-size=\"sm\" data-start=\"1564\" data-end=\"1581\">mm<\/td>\n<td data-col-size=\"sm\" data-start=\"1581\" data-end=\"1615\">4400 \u00d7 2850 \u00d7 2400<\/td>\n<\/tr>\n<tr data-start=\"1616\" data-end=\"1697\">\n<td data-start=\"1616\" data-end=\"1647\" data-col-size=\"sm\">Ty\u00f6skentelyolosuhteet<\/td>\n<td data-col-size=\"sm\" data-start=\"1647\" data-end=\"1664\">\u2013<\/td>\n<td data-col-size=\"sm\" data-start=\"1664\" data-end=\"1697\">Anturiohjattu<\/td>\n<\/tr>\n<tr data-start=\"1698\" data-end=\"1780\">\n<td data-start=\"1698\" data-end=\"1729\" data-col-size=\"sm\">Paalin koko (halkaisija x pituus)<\/td>\n<td data-col-size=\"sm\" data-start=\"1729\" data-end=\"1746\">mm<\/td>\n<td data-col-size=\"sm\" data-start=\"1746\" data-end=\"1780\">1300 \u00d7 1250<\/td>\n<\/tr>\n<tr data-start=\"1781\" data-end=\"1863\">\n<td data-start=\"1781\" data-end=\"1812\" data-col-size=\"sm\">Paalitiheys<\/td>\n<td data-col-size=\"sm\" data-start=\"1812\" data-end=\"1829\">kg\/m\u00b3<\/td>\n<td data-col-size=\"sm\" data-start=\"1829\" data-end=\"1863\">100-200<\/td>\n<\/tr>\n<tr data-start=\"1864\" data-end=\"1946\">\n<td data-start=\"1864\" data-end=\"1895\" data-col-size=\"sm\">Tuotantokapasiteetti<\/td>\n<td data-col-size=\"sm\" data-start=\"1895\" data-end=\"1912\">paalia\/h<\/td>\n<td data-col-size=\"sm\" data-start=\"1912\" data-end=\"1946\">40-100<\/td>\n<\/tr>\n<tr data-start=\"1947\" data-end=\"2029\">\n<td data-start=\"1947\" data-end=\"1978\" data-col-size=\"sm\">Py\u00f6r\u00e4n et\u00e4isyys<\/td>\n<td data-col-size=\"sm\" data-start=\"1978\" data-end=\"1995\">mm<\/td>\n<td data-col-size=\"sm\" data-start=\"1995\" data-end=\"2029\">2450<\/td>\n<\/tr>\n<tr data-start=\"2030\" data-end=\"2112\">\n<td data-start=\"2030\" data-end=\"2061\" data-col-size=\"sm\">Ty\u00f6nopeus<\/td>\n<td data-col-size=\"sm\" data-start=\"2061\" data-end=\"2078\">km\/h<\/td>\n<td data-col-size=\"sm\" data-start=\"2078\" data-end=\"2112\">5-35<\/td>\n<\/tr>\n<tr data-start=\"2113\" data-end=\"2194\">\n<td data-start=\"2113\" data-end=\"2144\" data-col-size=\"sm\">Paalin tekniset tiedot<\/td>\n<td data-col-size=\"sm\" data-start=\"2144\" data-end=\"2161\">\u2013<\/td>\n<td data-col-size=\"sm\" data-start=\"2161\" data-end=\"2194\">2000 \u00d7 1,25 m \/ paali<\/td>\n<\/tr>\n<\/tbody>\n<\/table>\n<\/div>\n<\/div>\n<h3 data-start=\"1160\" data-end=\"1201\">9YG-1.25-py\u00f6r\u00f6paalaimen ominaisuudet<\/h3>\n<ol>\n<li data-start=\"1206\" data-end=\"1424\">Kest\u00e4vyys ja muotoilu: 9YG-1.25:ss\u00e4 on kest\u00e4v\u00e4 ja lujatekoinen rakenne, joka kest\u00e4\u00e4 ankarimmatkin kentt\u00e4olosuhteet. Sen korkealaatuiset materiaalit ja suunnittelu takaavat pitk\u00e4n k\u00e4ytt\u00f6i\u00e4n ja minimaalisen huollontarpeen.<\/li>\n<li data-start=\"1431\" data-end=\"1679\">Tehokkuus: Suuren kapasiteetin sy\u00f6tt\u00f6j\u00e4rjestelm\u00e4n ansiosta t\u00e4m\u00e4 paalain pystyy k\u00e4sittelem\u00e4\u00e4n suuria m\u00e4\u00e4ri\u00e4 satoa, mik\u00e4 varmistaa nopean ja tehokkaan toiminnan. Se toimii hyvin sek\u00e4 kuivan hein\u00e4n ett\u00e4 kostean s\u00e4il\u00f6rehun kanssa, joten se on monipuolinen valinta monipuolisiin maatalousteht\u00e4viin.<\/li>\n<li data-start=\"1684\" data-end=\"1973\">S\u00e4\u00e4dett\u00e4v\u00e4 paalikoko: Py\u00f6r\u00f6paalain mahdollistaa s\u00e4\u00e4dett\u00e4v\u00e4n paalikoon, mik\u00e4 antaa viljelij\u00f6ille joustavuutta tuottaa paaleja tiettyjen varastointi- ja kuljetustarpeiden mukaan. Paalikoon mukauttamismahdollisuus varmistaa, ett\u00e4 kone sopii erilaisille satotyypeille ja kosteuspitoisuuksille.<\/li>\n<li data-start=\"1978\" data-end=\"2233\">Helppok\u00e4ytt\u00f6isyys: 9YG-1.25 on suunniteltu helppok\u00e4ytt\u00f6iseksi, ja siin\u00e4 on k\u00e4ytt\u00e4j\u00e4yst\u00e4v\u00e4lliset s\u00e4\u00e4timet ja intuitiivinen k\u00e4ytt\u00f6liittym\u00e4. Se minimoi k\u00e4ytt\u00e4j\u00e4n v\u00e4symyksen ja maksimoi tuottavuuden, jolloin k\u00e4ytt\u00e4j\u00e4t voivat tehd\u00e4 ty\u00f6t nopeasti ja minimaalisella vaivalla.<\/li>\n<li data-start=\"2238\" data-end=\"2500\">Kustannustehokas: 9YG-1.25 tarjoaa edullisen ratkaisun py\u00f6r\u00f6paalainta etsiville maanviljelij\u00f6ille laadusta tinkim\u00e4tt\u00e4. Se on fiksu sijoitus kaikille hein\u00e4n, oljen tai s\u00e4il\u00f6rehun paalaajille, ja se tarjoaa korkean sijoitetun p\u00e4\u00e4oman tuoton.<\/li>\n<li data-start=\"2505\" data-end=\"2814\">Verkko- ja naruk\u00e4\u00e4rint\u00e4j\u00e4rjestelm\u00e4: Paalaimessa on tehokas k\u00e4\u00e4rint\u00e4j\u00e4rjestelm\u00e4, joka sitoo paalit turvallisesti joko narulla tai verkolla. T\u00e4m\u00e4 varmistaa, ett\u00e4 paalit on suljettu kunnolla ja niit\u00e4 voidaan kuljettaa tai varastoida pitki\u00e4 aikoja ilman pilaantumisen tai rikkoutumisen riski\u00e4.<\/li>\n<\/ol>\n<h3 style=\"text-align: center;\" data-start=\"4603\" data-end=\"4644\"><img loading=\"lazy\" decoding=\"async\" class=\"alignnone wp-image-299 size-medium\" src=\"https:\/\/silage-balers.com\/wp-content\/uploads\/2025\/11\/ep-9YG-1.25-Round-Baler-1-1-1-300x300.webp\" alt=\"Py\u00f6r\u00f6paalain\" width=\"300\" height=\"300\" \/><\/h3>\n<h3>Miksi valita 9YG-1.25 py\u00f6r\u00f6paalain?<\/h3>\n<p data-start=\"4646\" data-end=\"5164\">9YG-1.25 tarjoaa vertaansa vailla olevaa laatua, luotettavuutta ja suorituskyky\u00e4 kaikille, jotka tarvitsevat py\u00f6r\u00f6paalainta. Se on erinomainen py\u00f6reiden hein\u00e4- ja s\u00e4il\u00f6rehupaalien tuottamisessa, mik\u00e4 varmistaa, ett\u00e4 voit varastoida ja kuljettaa satojasi tehokkaasti ja helposti. Olitpa sitten suuri tai pienempi maatila, t\u00e4m\u00e4 paalain on erinomainen sijoitus maatalouskoneisiisi. Lis\u00e4ksi sen kustannustehokkuus tekee siit\u00e4 \u00e4lykk\u00e4\u00e4n valinnan viljelij\u00f6ille, joiden on tasapainotettava budjetti ja suorituskyky.<\/p>\n<h3 data-start=\"3600\" data-end=\"3649\">9YG-1.25-py\u00f6r\u00f6paalaimen k\u00e4yt\u00f6n edut<\/h3>\n<ul data-start=\"3651\" data-end=\"4438\">\n<li data-start=\"3651\" data-end=\"3843\">\n<p data-start=\"3653\" data-end=\"3843\">Aikaa s\u00e4\u00e4st\u00e4v\u00e4 tehokkuus: T\u00e4m\u00e4 paalain voi nopeuttaa paalausta merkitt\u00e4v\u00e4sti manuaalisiin tai vanhempiin paalaimiin verrattuna, jolloin viljelij\u00e4t voivat suorittaa teht\u00e4v\u00e4t nopeasti ja tehokkaasti.<\/p>\n<\/li>\n<li data-start=\"3844\" data-end=\"3980\">\n<p data-start=\"3846\" data-end=\"3980\">Korkea paalin laatu: Sen edistynyt teknologia varmistaa, ett\u00e4 paalit pakataan tiiviisti ja ne ovat v\u00e4hemm\u00e4n alttiita vaurioille, mik\u00e4 v\u00e4hent\u00e4\u00e4 pilaantumista ja j\u00e4tett\u00e4.<\/p>\n<\/li>\n<li data-start=\"3981\" data-end=\"4129\">\n<p data-start=\"3983\" data-end=\"4129\">Minimaalinen satoh\u00e4vikki: J\u00e4rjestelm\u00e4 on suunniteltu v\u00e4hent\u00e4m\u00e4\u00e4n satoh\u00e4vikki\u00e4 varmistaen, ett\u00e4 mahdollisimman paljon korjattua materiaalia muunnetaan paaleiksi.<\/p>\n<\/li>\n<li data-start=\"4130\" data-end=\"4283\">\n<p data-start=\"4132\" data-end=\"4283\">K\u00e4ytt\u00e4j\u00e4yst\u00e4v\u00e4llinen k\u00e4ytt\u00f6: Yksinkertaisten hydrauliikkaj\u00e4rjestelmien ja intuitiivisten hallintalaitteiden ansiosta jopa uudet k\u00e4ytt\u00e4j\u00e4t oppivat nopeasti k\u00e4ytt\u00e4m\u00e4\u00e4n konetta tehokkaasti.<\/p>\n<\/li>\n<li data-start=\"4284\" data-end=\"4438\">\n<p data-start=\"4286\" data-end=\"4438\">Pitk\u00e4kestoinen suorituskyky: Kest\u00e4v\u00e4 rakenne varmistaa, ett\u00e4 9YG-1.25 kest\u00e4\u00e4 pitki\u00e4 k\u00e4ytt\u00f6tunteja erilaisissa s\u00e4\u00e4olosuhteissa.<\/p>\n<\/li>\n<\/ul>\n<h2 data-start=\"2816\" data-end=\"2825\">Usein kysytyt kysymykset<\/h2>\n<p data-start=\"2827\" data-end=\"2855\">1. Mik\u00e4 on py\u00f6r\u00f6paali?<\/p>\n<p data-start=\"2857\" data-end=\"3160\">Py\u00f6r\u00f6paali on suuri, sylinterim\u00e4inen paali, jonka py\u00f6r\u00f6paalain luo. N\u00e4it\u00e4 paaleja k\u00e4ytet\u00e4\u00e4n laajalti hein\u00e4n, oljen tai s\u00e4il\u00f6rehun varastointiin, koska niiden muoto mahdollistaa vakaan pinoamisen ja tehokkaan kuljetuksen. Py\u00f6r\u00f6paalit puristetaan tiiviisti ja k\u00e4\u00e4rit\u00e4\u00e4n sis\u00e4ll\u00f6n s\u00e4ilytt\u00e4miseksi ja kosteuden haihtumisen est\u00e4miseksi.<\/p>\n<p data-start=\"3162\" data-end=\"3201\">2. Paljonko py\u00f6re\u00e4 hein\u00e4paali maksaa?<\/p>\n<p data-start=\"3203\" data-end=\"3482\">Py\u00f6re\u00e4n hein\u00e4paalin hinta voi vaihdella tekij\u00f6iden, kuten koon, hein\u00e4n laadun, sijainnin ja kysynn\u00e4n, mukaan. Py\u00f6re\u00e4n hein\u00e4paalin hinta voi keskim\u00e4\u00e4rin vaihdella $40:n ja $150:n v\u00e4lill\u00e4. Hinnat vaihtelevat kausittain ja voivat riippua alueellisista olosuhteista ja saatavuudesta.<\/p>\n<p data-start=\"3484\" data-end=\"3538\">3. Voiko 9YG-1.25-py\u00f6r\u00f6paalaimella tehd\u00e4 s\u00e4il\u00f6rehupaaleja?<\/p>\n<p data-start=\"3540\" data-end=\"3807\">Kyll\u00e4, 9YG-1.25 on erityisesti suunniteltu s\u00e4il\u00f6rehupaalien k\u00e4sittelyyn, ja se tarjoaa luotettavan vaihtoehdon viljelij\u00f6ille, jotka tarvitsevat varastoida m\u00e4rki\u00e4 satoja k\u00e4ymist\u00e4 varten. Paalain varmistaa, ett\u00e4 paalit puristetaan tiiviisti, jotta ilma ei p\u00e4\u00e4se sis\u00e4\u00e4n ja pilaa sis\u00e4lt\u00f6\u00e4.<\/p>\n<p data-start=\"3809\" data-end=\"3861\">4. Onko 9YG-1.25-py\u00f6r\u00f6paalain helppo huoltaa?<\/p>\n<p data-start=\"3863\" data-end=\"4158\">Kyll\u00e4, 9YG-1.25 on suunniteltu helppok\u00e4ytt\u00f6iseksi. Siin\u00e4 on helposti noudatettavat huolto-ohjeet ja kest\u00e4v\u00e4t komponentit, jotka vaativat vain v\u00e4h\u00e4n huoltoa. S\u00e4\u00e4nn\u00f6llinen huolto, kuten voitelu ja verkko-\/lankaj\u00e4rjestelm\u00e4n tarkastus, pit\u00e4\u00e4 paalaimen toiminnassa moitteettomasti vuosia.<\/p>\n<p data-start=\"4160\" data-end=\"4219\">5. Mist\u00e4 tied\u00e4n, sopiiko py\u00f6r\u00f6paalain tilalleni?<\/p>\n<p data-start=\"4221\" data-end=\"4601\">Jos etsit luotettavaa ja <a href=\"https:\/\/silage-balers.com\/fi\/tuote\/9yg-1-0c-round-baler-2\/\">tehokas<\/a> tapa paalata suuria m\u00e4\u00e4ri\u00e4 hein\u00e4\u00e4, olkea tai s\u00e4il\u00f6rehua, a <a href=\"http:\/\/square-balers.com\" target=\"_blank\" rel=\"noopener\">py\u00f6r\u00f6paalain<\/a> kuten 9YG-1.25 on ihanteellinen valinta. Se on erityisen hy\u00f6dyllinen keskikokoisille ja suurille viljelyala-alueille, joilla aika ja tehokkuus ovat t\u00e4rkeit\u00e4. Lis\u00e4ksi se pystyy k\u00e4sittelem\u00e4\u00e4n useita erityyppisi\u00e4 satoja, mik\u00e4 tekee siit\u00e4 monipuolisen erilaisiin maatalousteht\u00e4viin.<\/p>\n<p data-start=\"4221\" data-end=\"4601\">gzl:n muokkaama<\/p>","protected":false},"excerpt":{"rendered":"<p>9YG-1.25-py\u00f6r\u00f6paalain on tehokas maatalouskone, joka luo kest\u00e4vi\u00e4 ja kompakteja py\u00f6reit\u00e4 hein\u00e4- ja s\u00e4il\u00f6rehupaaleja. S\u00e4\u00e4dett\u00e4v\u00e4n paalikoon, kest\u00e4v\u00e4n rakenteen ja helppok\u00e4ytt\u00f6isten hallintalaitteiden ansiosta t\u00e4m\u00e4 py\u00f6r\u00f6paalain sopii erinomaisesti keskikokoisille ja suurille tiloille. Se varmistaa nopean ja tehokkaan paalauksen ja on kustannustehokas ratkaisu maanviljelij\u00f6ille. Etsitp\u00e4 sitten myyt\u00e4v\u00e4\u00e4 py\u00f6r\u00f6paalainta tai mietit, kuinka paljon py\u00f6re\u00e4 hein\u00e4paali maksaa, 9YG-1.25 tarjoaa vertaansa vailla olevaa suorituskyky\u00e4 ja vastinetta rahalle.<\/p>","protected":false},"featured_media":299,"template":"","meta":{"_et_pb_use_builder":"","_et_pb_old_content":"","_et_gb_content_width":""},"product_brand":[],"product_cat":[18],"product_tag":[],"class_list":{"0":"post-285","1":"product","2":"type-product","3":"status-publish","4":"has-post-thumbnail","6":"product_cat-round-baler","8":"first","9":"instock","10":"shipping-taxable","11":"product-type-simple"},"_links":{"self":[{"href":"https:\/\/silage-balers.com\/fi\/wp-json\/wp\/v2\/product\/285","targetHints":{"allow":["GET"]}}],"collection":[{"href":"https:\/\/silage-balers.com\/fi\/wp-json\/wp\/v2\/product"}],"about":[{"href":"https:\/\/silage-balers.com\/fi\/wp-json\/wp\/v2\/types\/product"}],"wp:featuredmedia":[{"embeddable":true,"href":"https:\/\/silage-balers.com\/fi\/wp-json\/wp\/v2\/media\/299"}],"wp:attachment":[{"href":"https:\/\/silage-balers.com\/fi\/wp-json\/wp\/v2\/media?parent=285"}],"wp:term":[{"taxonomy":"product_brand","embeddable":true,"href":"https:\/\/silage-balers.com\/fi\/wp-json\/wp\/v2\/product_brand?post=285"},{"taxonomy":"product_cat","embeddable":true,"href":"https:\/\/silage-balers.com\/fi\/wp-json\/wp\/v2\/product_cat?post=285"},{"taxonomy":"product_tag","embeddable":true,"href":"https:\/\/silage-balers.com\/fi\/wp-json\/wp\/v2\/product_tag?post=285"}],"curies":[{"name":"wp","href":"https:\/\/api.w.org\/{rel}","templated":true}]}}