{"id":380,"date":"2025-12-23T02:15:26","date_gmt":"2025-12-23T02:15:26","guid":{"rendered":"https:\/\/silage-balers.com\/?post_type=product&#038;p=380"},"modified":"2025-12-23T03:05:06","modified_gmt":"2025-12-23T03:05:06","slug":"9yg-1-0-pyoropaalain","status":"publish","type":"product","link":"https:\/\/silage-balers.com\/fi\/tuote\/9yg-1-0-pyoropaalain\/","title":{"rendered":"9YG-1.0 py\u00f6r\u00f6paalain | eritt\u00e4in tehokas"},"content":{"rendered":"<p>9YG-1.0-py\u00f6r\u00f6paalain on edistyksellinen ja eritt\u00e4in tehokas kone, joka on suunniteltu sujuvoittamaan ja tuottamaan maataloustoimintaa. Se auttaa maanviljelij\u00f6it\u00e4 parantamaan hein\u00e4n tai oljen paalausta, mik\u00e4 johtaa parempaan varastointiin, kuljetukseen ja viljelyn kokonaistuottoon. Innovatiivisen suunnittelunsa ja vahvojen ominaisuuksiensa ansiosta 9YG-1.0-py\u00f6r\u00f6paalain erottuu keskeisen\u00e4 koneena nykyaikaisessa maataloudessa.<\/p>\n<h2>Tekniset tiedot<\/h2>\n<table style=\"border-color: #000000;\">\n<thead>\n<tr>\n<th>Sarjanumero<\/th>\n<th>Tuote<\/th>\n<th>Yksikk\u00f6<\/th>\n<th>Tekniset tiedot<\/th>\n<\/tr>\n<\/thead>\n<tbody>\n<tr>\n<td>1<\/td>\n<td>Mallin nimi<\/td>\n<td>\/<\/td>\n<td>9YG-1.0 py\u00f6r\u00f6paalain<\/td>\n<\/tr>\n<tr>\n<td>2<\/td>\n<td>Kiinnitysmenetelm\u00e4<\/td>\n<td>\/<\/td>\n<td>Hinattava tyyppi<\/td>\n<\/tr>\n<tr>\n<td>3<\/td>\n<td>Noutoleveys<\/td>\n<td>mm<\/td>\n<td>1900<\/td>\n<\/tr>\n<tr>\n<td>4<\/td>\n<td>Noutorakenteen tyyppi<\/td>\n<td>\/<\/td>\n<td>Jousihammastyyppi<\/td>\n<\/tr>\n<tr>\n<td>5<\/td>\n<td>Sy\u00f6tt\u00f6laitteen rakennetyyppi<\/td>\n<td>\/<\/td>\n<td>Hammasrulla + sylinterityyppi<\/td>\n<\/tr>\n<tr>\n<td>6<\/td>\n<td>Puristuskammion paalausrakenteen tyyppi<\/td>\n<td>\/<\/td>\n<td>Sylinterityyppi<\/td>\n<\/tr>\n<tr>\n<td>7<\/td>\n<td>Puristuskammion leveys<\/td>\n<td>mm<\/td>\n<td>1000<\/td>\n<\/tr>\n<tr>\n<td>8<\/td>\n<td>Puristuskammion halkaisija<\/td>\n<td>mm<\/td>\n<td>\u03a61000<\/td>\n<\/tr>\n<tr>\n<td>9<\/td>\n<td>Liukuvia ty\u00f6osia<\/td>\n<td>pala<\/td>\n<td>16 (Sylinterit)<\/td>\n<\/tr>\n<tr>\n<td>10<\/td>\n<td>Vierint\u00e4sylinterin halkaisija<\/td>\n<td>mm<\/td>\n<td>\u03a6222<\/td>\n<\/tr>\n<tr>\n<td>11<\/td>\n<td>Paalausmenetelm\u00e4<\/td>\n<td>\/<\/td>\n<td>Verkkosidonta<\/td>\n<\/tr>\n<tr>\n<td>12<\/td>\n<td>Vastaava voima<\/td>\n<td>kW<\/td>\n<td>48~80<\/td>\n<\/tr>\n<tr>\n<td>13<\/td>\n<td>Rakenteellinen paino<\/td>\n<td>kg<\/td>\n<td>2640<\/td>\n<\/tr>\n<tr>\n<td>14<\/td>\n<td>Voimanottoakselin nopeus<\/td>\n<td>kierrosta minuutissa<\/td>\n<td>720<\/td>\n<\/tr>\n<tr>\n<td>15<\/td>\n<td>Kokonaismitat (P \u00d7 L \u00d7 K)<\/td>\n<td>mm<\/td>\n<td>K\u00e4ytt\u00f6tila: 3750 \u00d7 2300 \u00d7 2020<\/td>\n<\/tr>\n<tr>\n<td>16<\/td>\n<td>Paalin tiheyden s\u00e4\u00e4t\u00f6<\/td>\n<td>\/<\/td>\n<td>Anturiohjaus<\/td>\n<\/tr>\n<tr>\n<td>17<\/td>\n<td>Paalin koko (halkaisija \u00d7 leveys)<\/td>\n<td>mm<\/td>\n<td>\u03a61100\u00d71000<\/td>\n<\/tr>\n<tr>\n<td>18<\/td>\n<td>Paalitiheys<\/td>\n<td>Kg\/m\u00b3<\/td>\n<td>115~200<\/td>\n<\/tr>\n<tr>\n<td>19<\/td>\n<td>Tuottavuus<\/td>\n<td>paalia\/h<\/td>\n<td>40~100<\/td>\n<\/tr>\n<tr>\n<td>20<\/td>\n<td>Py\u00f6r\u00e4nrata<\/td>\n<td>mm<\/td>\n<td>2045<\/td>\n<\/tr>\n<tr>\n<td>21<\/td>\n<td>K\u00e4ytt\u00f6nopeus<\/td>\n<td>km\/h<\/td>\n<td>5~20<\/td>\n<\/tr>\n<tr>\n<td>22<\/td>\n<td>Paalausverkon tekniset tiedot (P \u00d7 L)<\/td>\n<td>m<\/td>\n<td>2000 \u00d7 1,0 m\/paali<\/td>\n<\/tr>\n<\/tbody>\n<\/table>\n<h2>Tuotteen m\u00e4\u00e4ritelm\u00e4<\/h2>\n<p>9YG-1.0-py\u00f6r\u00f6paalain on kompakti mutta kest\u00e4v\u00e4 maatalouskone, jota k\u00e4ytet\u00e4\u00e4n hein\u00e4n tai oljen puristamiseen ja sitomiseen tiiviiksi sylinterim\u00e4isiksi paaleiksi. N\u00e4it\u00e4 nippuja on helpompi varastoida ja k\u00e4sitell\u00e4, mik\u00e4 tarjoaa tehokkaan tavan pakata maataloustuotteita. Ne sopivat erityisesti viljelij\u00f6ille, jotka haluavat parantaa sadonkorjuun ja pakkaustoimintojen tehokkuutta.<\/p>\n<h2>Ongelmat, joita se voi ratkaista<\/h2>\n<p>9YG-1.0-py\u00f6r\u00f6paalain ratkaisee tehokkaasti yleisi\u00e4 maatalouden haasteita, kuten suurten olki- tai hein\u00e4m\u00e4\u00e4rien k\u00e4sittelyyn tarvittavan manuaalisen ty\u00f6n. Se parantaa paalauksen nopeutta, v\u00e4hent\u00e4\u00e4 fyysist\u00e4 ty\u00f6t\u00e4 ja parantaa paalien laatua. Automatisoimalla paalauksen se poistaa paalien koon ep\u00e4tasaisuudet ja varmistaa, ett\u00e4 paalit pakataan tiiviisti, mik\u00e4 v\u00e4hent\u00e4\u00e4 h\u00e4vikki\u00e4 kuljetuksen ja varastoinnin aikana.<\/p>\n<h2>Tuotteen k\u00e4ytt\u00f6tarkoitukset<\/h2>\n<p>Laajaan valikoimaan maatalouden tarpeita varten suunniteltu 9YG-1.0-py\u00f6r\u00f6paalain sopii erinomaisesti maanviljelij\u00f6ille, jotka ty\u00f6skentelev\u00e4t suurten hein\u00e4-, olki- tai jopa tietyntyyppisten viljelykasvien parissa, jotka vaativat kompakteja ja hallittavia paaleja. T\u00e4m\u00e4n tyyppinen paalain on erityisen t\u00e4rke\u00e4 karjankasvatuksessa, sill\u00e4 hein\u00e4 ja olki ovat t\u00e4rkeit\u00e4 rehun l\u00e4hteit\u00e4 karjalle talvella. Se auttaa my\u00f6s sadonhallinnassa hy\u00f6dynt\u00e4m\u00e4ll\u00e4 tilaa tehokkaasti ja helpottamalla varastointia. Lis\u00e4ksi sit\u00e4 k\u00e4ytet\u00e4\u00e4n usein papu- tai palkokasvien nostokoneiden kanssa erikoistuneeseen sadonk\u00e4sittelyyn.<\/p>\n<p style=\"text-align: center;\"><img loading=\"lazy\" decoding=\"async\" class=\"alignnone wp-image-384\" src=\"https:\/\/silage-balers.com\/wp-content\/uploads\/2025\/12\/ep-9YG-1.0-Round-Baler1-2-1.webp\" alt=\"Py\u00f6r\u00f6paalain\" width=\"412\" height=\"412\" srcset=\"https:\/\/silage-balers.com\/wp-content\/uploads\/2025\/12\/ep-9YG-1.0-Round-Baler1-2-1.webp 262w, https:\/\/silage-balers.com\/wp-content\/uploads\/2025\/12\/ep-9YG-1.0-Round-Baler1-2-1-150x150.webp 150w, https:\/\/silage-balers.com\/wp-content\/uploads\/2025\/12\/ep-9YG-1.0-Round-Baler1-2-1-12x12.webp 12w, https:\/\/silage-balers.com\/wp-content\/uploads\/2025\/12\/ep-9YG-1.0-Round-Baler1-2-1-100x100.webp 100w\" sizes=\"(max-width: 412px) 100vw, 412px\" \/><\/p>\n<h2>9YG-1.0-py\u00f6r\u00f6paalaimen edut<\/h2>\n<ul>\n<li><strong>Korkea hy\u00f6tysuhde<\/strong> \u2013 9YG-1.0-py\u00f6r\u00f6paalain toimii suurilla nopeuksilla, mink\u00e4 ansiosta viljelij\u00e4t voivat suorittaa paalaust\u00f6it\u00e4\u00e4n huomattavasti nopeammin kuin perinteisill\u00e4 menetelmill\u00e4.<\/li>\n<li><strong>Kest\u00e4vyys<\/strong> \u2013 Vahvoista materiaaleista valmistettu ja pitk\u00e4ik\u00e4ist\u00e4 suorituskyky\u00e4 varten suunniteltu paalain kest\u00e4\u00e4 ankaria viljelyolosuhteita.<\/li>\n<li><strong>Helppok\u00e4ytt\u00f6isyys<\/strong> \u2013 K\u00e4ytt\u00e4j\u00e4yst\u00e4v\u00e4llisten ohjainten ja intuitiivisten ominaisuuksien ansiosta 9YG-1.0 varmistaa, ett\u00e4 k\u00e4ytt\u00e4jien koulutustarve on minimaalinen.<\/li>\n<li><strong>Kompakti muotoilu<\/strong> \u2013 Paalaimen kompakti rakenne tekee siit\u00e4 ihanteellisen pienille ja keskisuurille tiloille, sill\u00e4 se maksimoi k\u00e4ytett\u00e4viss\u00e4 olevan tilan k\u00e4yt\u00f6n.<\/li>\n<li><strong>Kustannustehokkuus<\/strong> \u2013 Kilpailukykyisen hintansa ansiosta 9YG-1.0-py\u00f6r\u00f6paalain tarjoaa erinomaista vastinetta rahalle viljelij\u00f6ille, jotka haluavat parantaa tehokkuutta tyhjent\u00e4m\u00e4tt\u00e4 lompakkoaan.<\/li>\n<\/ul>\n<h2>9YG-1.0-py\u00f6r\u00f6paalaimen toimintaperiaate<\/h2>\n<p>9YG-1.0-py\u00f6r\u00f6paalain k\u00e4ytt\u00e4\u00e4 edistynytt\u00e4 hydraulij\u00e4rjestelm\u00e4\u00e4 maatalousmateriaalien, kuten hein\u00e4n ja oljen, automaattiseen ker\u00e4\u00e4miseen, puristamiseen ja sitomiseen py\u00f6reiksi paaleiksi. Koneen roottorij\u00e4rjestelm\u00e4 ker\u00e4\u00e4 sadon, ja telasarja puristaa materiaalit tiiviiksi paaleiksi. Paalainkammio on varustettu verkkosidontaj\u00e4rjestelm\u00e4ll\u00e4, joka kiinnitt\u00e4\u00e4 paalin helppoa kuljetusta ja varastointia varten. Koko prosessia ohjataan yksinkertaisella k\u00e4ytt\u00f6liittym\u00e4ll\u00e4, mik\u00e4 helpottaa viljelij\u00f6iden laitteiden tehokasta k\u00e4ytt\u00f6\u00e4.<\/p>\n<h2>Ensisijaiset sovellusskenaariot<\/h2>\n<ul>\n<li><strong>Karjatilat<\/strong> \u2013 Paalain sopii t\u00e4ydellisesti hein\u00e4- ja olkipaalien tuottamiseen, joita voidaan k\u00e4ytt\u00e4\u00e4 rehuna nautakarjalle, lampaille ja muille el\u00e4imille.<\/li>\n<li><strong>Sadonkorjuu<\/strong> \u2013 Ihanteellinen viljelij\u00f6ille, joiden on paalattava ja varastoitava sadonkorjuun j\u00e4lkeinen j\u00e4\u00e4nn\u00f6ssato tehokkaasti, mik\u00e4 auttaa pit\u00e4m\u00e4\u00e4n tilan siistin\u00e4 ja j\u00e4rjestyksess\u00e4.<\/li>\n<li><strong>Rehun tuotanto<\/strong> \u2013 Paalain on erityisen tehokas sinimailasen, apilan ja muiden karjanrehussa k\u00e4ytett\u00e4vien rehukasvien paalaamiseen.<\/li>\n<li><strong>Nurmialueiden hoito<\/strong> \u2013 Sit\u00e4 voidaan k\u00e4ytt\u00e4\u00e4 nurmialueiden suojeluohjelmissa, joissa paaleja varastoidaan k\u00e4ytett\u00e4v\u00e4ksi sesongin ulkopuolella.<\/li>\n<li><strong>Biomassan energiantuotanto<\/strong> \u2013 9YG-1.0-py\u00f6r\u00f6paalainta k\u00e4ytet\u00e4\u00e4n my\u00f6s kasvij\u00e4tteen valmisteluun biomassaenergian tuotantoon, mik\u00e4 edist\u00e4\u00e4 kest\u00e4vi\u00e4 viljelyk\u00e4yt\u00e4nt\u00f6j\u00e4.<\/li>\n<li><strong>Pienimuotoinen maatalous<\/strong> \u2013 T\u00e4ydellinen pienille tiloille, jotka tarvitsevat kompaktin ja helppok\u00e4ytt\u00f6isen paalaimen hein\u00e4n, oljen tai jopa tietyntyyppisten papujen paalaamiseen.<\/li>\n<\/ul>\n<h2>Kuinka valita oikea 9YG-1.0-py\u00f6r\u00f6paalain<\/h2>\n<p>Oikean paalaimen valinta tarpeisiisi edellytt\u00e4\u00e4 useiden tekij\u00f6iden huomioon ottamista, jotta varmistetaan, ett\u00e4 kone sopii tilasi kokoon, satotyyppeihin ja haluttuihin tuloksiin. T\u00e4ss\u00e4 on muutamia keskeisi\u00e4 seikkoja valinnan tueksi:<\/p>\n<ul>\n<li><strong>Tilan koko<\/strong> \u2013 Jos tilasi on pienempi, kompaktimpi paalain, kuten 9YG-1.0, on helpompi k\u00e4sitell\u00e4 ja riitt\u00e4v\u00e4 tarpeisiisi.<\/li>\n<li><strong>Kasvin tyyppi<\/strong> \u2013 Varmista, ett\u00e4 paalain sopii k\u00e4sittelemillesi viljelykasveille, kuten hein\u00e4lle, oljelle tai jopa kidneypavuille, jos k\u00e4yt\u00e4t erikoisty\u00f6kaluja, kuten kidneypaputy\u00f6kalua.<\/li>\n<li><strong>Budjetti<\/strong> \u2013 9YG-1.0-py\u00f6r\u00f6paalain tarjoaa erinomaista vastinetta rahalle, joten arvioi budjettiasi ja paalaimen hankintakustannustehokkuutta.<\/li>\n<li><strong>Helppohoitoisuus<\/strong> \u2013 Valitse paalain, jossa on helppo p\u00e4\u00e4sy osiin ja vankka takuu, jotta voit varmistaa pitk\u00e4aikaisen luotettavuuden.<\/li>\n<li><strong>K\u00e4yt\u00f6n helppous<\/strong> \u2013 9YG-1.0:n k\u00e4ytt\u00e4j\u00e4yst\u00e4v\u00e4llinen k\u00e4ytt\u00f6liittym\u00e4 varmistaa, ett\u00e4 jopa aloittelevat k\u00e4ytt\u00e4j\u00e4t voivat nopeasti sopeutua sen ohjaimiin.<\/li>\n<li><strong>Kest\u00e4vyys<\/strong> \u2013 Ota huomioon rakennuslaatu ja valitse malli, joka kest\u00e4\u00e4 s\u00e4\u00e4olosuhteet ja tilasi k\u00e4ytt\u00f6vaatimukset.<\/li>\n<\/ul>\n<h2>9YG-1.0-py\u00f6r\u00f6paalaimen huoltomenetelm\u00e4t<\/h2>\n<p>9YG-1.0-py\u00f6r\u00f6paalaimesi huolto varmistaa, ett\u00e4 se toimii tehokkaasti ja kest\u00e4\u00e4 pidemp\u00e4\u00e4n. S\u00e4\u00e4nn\u00f6lliseen huoltoon tulisi kuulua:<\/p>\n<ul>\n<li><strong>Puhdistus<\/strong> \u2013 Puhdista paalain huolellisesti jokaisen k\u00e4ytt\u00f6kerran j\u00e4lkeen poistaaksesi mahdolliset satoj\u00e4\u00e4m\u00e4t ja est\u00e4\u00e4ksesi tukkeutumisen.<\/li>\n<li><strong>Voitelu<\/strong> \u2013 Varmista, ett\u00e4 kaikki liikkuvat osat voidellaan s\u00e4\u00e4nn\u00f6llisesti kulumisen est\u00e4miseksi.<\/li>\n<li><strong>Tarkastus<\/strong> \u2013 Tarkista kone s\u00e4\u00e4nn\u00f6llisesti kulumisen merkkien varalta, erityisesti rullien ja verkkosidontaj\u00e4rjestelm\u00e4n osalta.<\/li>\n<li><strong>Hydraulij\u00e4rjestelm\u00e4n tarkistus<\/strong> \u2013 Tarkista s\u00e4\u00e4nn\u00f6llisesti hydraulij\u00e4rjestelm\u00e4n moitteeton toiminta ja vaihda kuluneet tiivisteet tai letkut.<\/li>\n<li><strong>S\u00e4ilytys<\/strong> \u2013 Jos paalainta ei k\u00e4ytet\u00e4 pitk\u00e4\u00e4n aikaan, s\u00e4ilyt\u00e4 sit\u00e4 kuivassa ja suojatussa paikassa ruosteen ja s\u00e4\u00e4n aiheuttamien vaurioiden est\u00e4miseksi.<\/li>\n<\/ul>\n<h2>Asiakasarvostelut<\/h2>\n<p>\u201d9YG-1.0-py\u00f6r\u00f6paalain on merkitt\u00e4v\u00e4sti v\u00e4hent\u00e4nyt hein\u00e4n paalaamiseen kuluvaa aikaa tilallamme. Se on uskomattoman tehokas ja helppok\u00e4ytt\u00f6inen jopa henkil\u00f6lle, jolla ei ole aiempaa kokemusta paalaimista. Olemme my\u00f6s havainneet j\u00e4tteen v\u00e4henemisen varastoinnin aikana, ja paalit on pakattu tiiviisti. Suosittelen t\u00e4t\u00e4 tuotetta l\u00e4mpim\u00e4sti!\u201d<br \/>\n\u2013 John Smith, Yhdysvallat<\/p>\n<p>\u201dHankimme 9YG-1.0 -py\u00f6r\u00f6paalaimen pienelle maatilallemme Etel\u00e4-Afrikassa. Se on ylitt\u00e4nyt odotuksemme tehokkuuden ja kest\u00e4vyyden suhteen. Rakenne on kompakti mutta tehokas, ja se toimii erinomaisesti sinimailasen sadolla. Se, ett\u00e4 se toimii hyvin erilaisissa s\u00e4\u00e4olosuhteissa, tekee siit\u00e4 meille ensiluokkaisen valinnan.\u201d<br \/>\n\u2013 Lindiwe Ndlovu, Etel\u00e4-Afrikka<\/p>\n<p>\u201dSuurena maatilana Brasiliassa tarvitsimme luotettavan paalaimen, joka pystyisi k\u00e4sittelem\u00e4\u00e4n suuria m\u00e4\u00e4ri\u00e4 olkea. 9YG-1.0 on ollut erinomainen lis\u00e4 toimintaamme. Se on nopea, tehokas ja on v\u00e4hent\u00e4nyt ty\u00f6voimakustannuksiamme merkitt\u00e4v\u00e4sti. Se on my\u00f6s eritt\u00e4in helppo huoltaa.\u201d<br \/>\n\u2013 Carlos Pinto, Brasilia<\/p>\n<p>\u201dOlemme k\u00e4ytt\u00e4neet 9YG-1.0-py\u00f6r\u00f6paalainta muutaman kuukauden ajan karjatilallamme Kanadassa, ja se on tehnyt hein\u00e4n paalaamisesta helppoa. Se on rakennettu kest\u00e4m\u00e4\u00e4n ja toimii t\u00e4ydellisesti sek\u00e4 kuivan ett\u00e4 m\u00e4r\u00e4n hein\u00e4n kanssa. Kompakti muotoilu sopii t\u00e4ydellisesti tilamme pohjaratkaisuun.\u201d<br \/>\n\u2013 Emily Thompson, Kanada<\/p>\n<p>\u201dPid\u00e4n pient\u00e4 maatilaa Isossa-Britanniassa, ja 9YG-1.0-py\u00f6r\u00f6paalain on ollut meille mullistus. Kone on kevyt, helppok\u00e4ytt\u00f6inen ja tulokset ovat t\u00e4ydellisi\u00e4 joka kerta. Pystymme nyt varastoimaan hein\u00e4mme tehokkaammin ja v\u00e4hent\u00e4m\u00e4\u00e4n h\u00e4vikki\u00e4.\u201d<br \/>\n\u2013 Ames Richards, Iso-Britannia<\/p>\n<h2>Miksi valita 9YG-1.0-py\u00f6r\u00f6paalaimemme<\/h2>\n<p>9YG-1.0-py\u00f6r\u00f6paalaimemme erottuu edukseen nopeiden r\u00e4\u00e4t\u00e4l\u00f6intipalveluidensa ansiosta, jotka tarjoavat r\u00e4\u00e4t\u00e4l\u00f6ityj\u00e4 ratkaisuja juuri sinun maatalouden tarpeisiisi. Tarjoamme tuotteellemme 3 vuoden takuun, mik\u00e4 varmistaa, ett\u00e4 saat poikkeuksellisen hyv\u00e4\u00e4 huoltopalvelua. Maailmanlaajuisten pikatoimituspalveluidemme avulla takaamme, ett\u00e4 tilauksesi toimitetaan ajallaan riippumatta siit\u00e4, miss\u00e4 p\u00e4in maailmaa olet. Kattava huoltopalvelumme tarjoaa huoltoa, teknist\u00e4 tukea ja koulutusta varmistaen, ett\u00e4 investointisi pysyy kannattavana ajan mittaan.<\/p>\n<h2>Tutustu tuotteeseen ja ota meihin yhteytt\u00e4 jo t\u00e4n\u00e4\u00e4n<\/h2>\n<p>\u00c4l\u00e4 missaa tilaisuutta optimoida maataloustoimintaasi 9YG-1.0-py\u00f6r\u00f6paalaimella. Yrityksemme tunnetaan vahvasta tuotantokapasiteetistaan, huippulaatuisista tuotteistaan, kilpailukykyisist\u00e4 hinnoistaan \u200b\u200bja vertaansa vailla olevasta asiakaspalvelustaan. 9YG-1.0:n lis\u00e4ksi <a href=\"https:\/\/silage-balers.com\/fi\/tuote\/9yg-1-25-pyoropaalain\/\">Py\u00f6r\u00f6paalain<\/a>Tarjoamme my\u00f6s laajan valikoiman niihin liittyvi\u00e4 lis\u00e4varusteita ja laitteita, jotka tukevat entisest\u00e4\u00e4n viljelytarpeitasi. Tutustu tuotteisiimme ja ota meihin yhteytt\u00e4 saadaksesi tarjouksen jo t\u00e4n\u00e4\u00e4n!<\/p>\n<p style=\"text-align: center;\"><img loading=\"lazy\" decoding=\"async\" class=\"alignnone wp-image-382\" src=\"https:\/\/silage-balers.com\/wp-content\/uploads\/2025\/12\/ep-9YG-1.0-Round-Baler1-1-1-1.webp\" alt=\"Py\u00f6r\u00f6paalain\" width=\"442\" height=\"442\" srcset=\"https:\/\/silage-balers.com\/wp-content\/uploads\/2025\/12\/ep-9YG-1.0-Round-Baler1-1-1-1.webp 259w, https:\/\/silage-balers.com\/wp-content\/uploads\/2025\/12\/ep-9YG-1.0-Round-Baler1-1-1-1-150x150.webp 150w, https:\/\/silage-balers.com\/wp-content\/uploads\/2025\/12\/ep-9YG-1.0-Round-Baler1-1-1-1-12x12.webp 12w, https:\/\/silage-balers.com\/wp-content\/uploads\/2025\/12\/ep-9YG-1.0-Round-Baler1-1-1-1-100x100.webp 100w\" sizes=\"(max-width: 442px) 100vw, 442px\" \/><\/p>\n<h2>Usein kysytyt kysymykset<\/h2>\n<p><strong>1. Mihin 9YG-1.0:aa k\u00e4ytet\u00e4\u00e4n?<\/strong><\/p>\n<p>9YG-1.0-paalainta k\u00e4ytet\u00e4\u00e4n p\u00e4\u00e4asiassa hein\u00e4n, oljen ja muiden satomateriaalien paalaamiseen tiiviisti pakatuiksi py\u00f6reiksi paaleiksi. Se tehostaa sadon varastointia ja kuljetusta, v\u00e4hent\u00e4\u00e4 j\u00e4tett\u00e4 ja lis\u00e4\u00e4 tuottavuutta.<\/p>\n<p><strong>2. Miten 9YG-1.0 parantaa viljelyn tehokkuutta?<\/strong><\/p>\n<p>T\u00e4m\u00e4 paalain automatisoi paalauksen, mik\u00e4 s\u00e4\u00e4st\u00e4\u00e4 aikaa ja ty\u00f6t\u00e4. Se toimii nopeammin kuin perinteiset paalausmenetelm\u00e4t ja varmistaa tasaisemman tuotteen, mik\u00e4 v\u00e4hent\u00e4\u00e4 j\u00e4tett\u00e4 varastoinnin ja kuljetuksen aikana.<\/p>\n<p><strong>3. Sopiiko 9YG-1.0 pienille tiloille?<\/strong><\/p>\n<p>Kyll\u00e4, 9YG-1.0:n kompakti rakenne tekee siit\u00e4 ihanteellisen pienille tiloille. Se pystyy k\u00e4sittelem\u00e4\u00e4n erilaisia \u200b\u200bviljelykasveja hein\u00e4st\u00e4 tiettyihin palkokasveihin ja auttaa optimoimaan tilank\u00e4yt\u00f6n samalla parantaen toiminnan tehokkuutta.<\/p>\n<p><strong>4. Kuinka usein 9YG-1.0 tulisi huoltaa?<\/strong><\/p>\n<p>S\u00e4\u00e4nn\u00f6llist\u00e4 huoltoa suositellaan jokaisen k\u00e4ytt\u00f6kerran j\u00e4lkeen. T\u00e4rkeimpi\u00e4 huoltoteht\u00e4vi\u00e4 ovat hydraulij\u00e4rjestelm\u00e4n puhdistus, voitelu ja tarkastus. Rutiinitarkastusten suorittaminen varmistaa, ett\u00e4 paalain toimii tehokkaasti tulevina vuosina.<\/p>\n<p><strong>5. Mik\u00e4 on 9YG-1.0:n takuuaika?<\/strong><\/p>\n<p>9YG-1.0:lla on 3 vuoden takuu, joka kattaa materiaali- ja valmistusvirheet. Myyntipalvelumme on aina k\u00e4ytett\u00e4viss\u00e4 auttamaan huolto- tai teknisiss\u00e4 ongelmissa takuuaikana.<\/p>\n<p>gzl:n muokkaama<\/p>\n<p>&nbsp;<\/p>","protected":false},"excerpt":{"rendered":"<p>Tutustu tehokkaaseen 9YG-1.0-py\u00f6r\u00f6paalaimeen tehokkaaseen hein\u00e4n ja oljen paalaukseen. Kest\u00e4v\u00e4ksi rakennettu paalain tarjoaa saumattoman toiminnan, paremman tuottavuuden ja kustannustehokkaita ratkaisuja. T\u00e4ydellinen maanviljelij\u00f6ille, jotka haluavat parantaa satoaan tehokkailla koneilla. Lue lis\u00e4\u00e4 sen ominaisuuksista ja eduista jo t\u00e4n\u00e4\u00e4n \u2013 optimoi viljelykokemuksesi 9YG-1.0-py\u00f6r\u00f6paalaimella!<\/p>","protected":false},"featured_media":383,"template":"","meta":{"_et_pb_use_builder":"","_et_pb_old_content":"","_et_gb_content_width":""},"product_brand":[],"product_cat":[18],"product_tag":[],"class_list":{"0":"post-380","1":"product","2":"type-product","3":"status-publish","4":"has-post-thumbnail","6":"product_cat-round-baler","8":"first","9":"instock","10":"shipping-taxable","11":"product-type-simple"},"_links":{"self":[{"href":"https:\/\/silage-balers.com\/fi\/wp-json\/wp\/v2\/product\/380","targetHints":{"allow":["GET"]}}],"collection":[{"href":"https:\/\/silage-balers.com\/fi\/wp-json\/wp\/v2\/product"}],"about":[{"href":"https:\/\/silage-balers.com\/fi\/wp-json\/wp\/v2\/types\/product"}],"wp:featuredmedia":[{"embeddable":true,"href":"https:\/\/silage-balers.com\/fi\/wp-json\/wp\/v2\/media\/383"}],"wp:attachment":[{"href":"https:\/\/silage-balers.com\/fi\/wp-json\/wp\/v2\/media?parent=380"}],"wp:term":[{"taxonomy":"product_brand","embeddable":true,"href":"https:\/\/silage-balers.com\/fi\/wp-json\/wp\/v2\/product_brand?post=380"},{"taxonomy":"product_cat","embeddable":true,"href":"https:\/\/silage-balers.com\/fi\/wp-json\/wp\/v2\/product_cat?post=380"},{"taxonomy":"product_tag","embeddable":true,"href":"https:\/\/silage-balers.com\/fi\/wp-json\/wp\/v2\/product_tag?post=380"}],"curies":[{"name":"wp","href":"https:\/\/api.w.org\/{rel}","templated":true}]}}