{"id":385,"date":"2025-12-23T03:09:17","date_gmt":"2025-12-23T03:09:17","guid":{"rendered":"https:\/\/silage-balers.com\/?post_type=product&#038;p=385"},"modified":"2025-12-29T05:45:40","modified_gmt":"2025-12-29T05:45:40","slug":"9yg-1-25a-pyoropaalain","status":"publish","type":"product","link":"https:\/\/silage-balers.com\/fi\/tuote\/9yg-1-25a-pyoropaalain\/","title":{"rendered":"9YG-1.25A py\u00f6r\u00f6paalain"},"content":{"rendered":"<p>9YG-1.25A-py\u00f6r\u00f6paalain on tehokas maatalouskone, joka on suunniteltu puristamaan hein\u00e4\u00e4, olkea ja muita satoja tehokkaasti py\u00f6reiksi paaleiksi helppoa kuljetusta ja varastointia varten. T\u00e4ll\u00e4 koneella on ratkaiseva rooli maatalouden tuottavuuden parantamisessa v\u00e4hent\u00e4m\u00e4ll\u00e4 ty\u00f6voimakustannuksia ja lis\u00e4\u00e4m\u00e4ll\u00e4 tehokkuutta. 9YG-1.25A yhdist\u00e4\u00e4 monipuolisuuden ja luotettavuuden, mik\u00e4 tekee siit\u00e4 v\u00e4ltt\u00e4m\u00e4tt\u00f6m\u00e4n laitteen nykyaikaisessa maataloustuotannossa.<\/p>\n<h2>Tekniset tiedot<\/h2>\n<table style=\"border-color: #000000;\">\n<thead>\n<tr>\n<th>Sarjanumero<\/th>\n<th>Tuote<\/th>\n<th>Yksikk\u00f6<\/th>\n<th>Tekniset tiedot<\/th>\n<\/tr>\n<\/thead>\n<tbody>\n<tr>\n<td>1<\/td>\n<td>Mallin nimi<\/td>\n<td>\/<\/td>\n<td>9YG-1.25A py\u00f6r\u00f6paalain<\/td>\n<\/tr>\n<tr>\n<td>2<\/td>\n<td>Kiinnitysmenetelm\u00e4<\/td>\n<td>\/<\/td>\n<td>Hinattava tyyppi<\/td>\n<\/tr>\n<tr>\n<td>3<\/td>\n<td>Noutoleveys<\/td>\n<td>mm<\/td>\n<td>2150<\/td>\n<\/tr>\n<tr>\n<td>4<\/td>\n<td>Noutorakenteen tyyppi<\/td>\n<td>\/<\/td>\n<td>Jousihammastyyppi<\/td>\n<\/tr>\n<tr>\n<td>5<\/td>\n<td>Sy\u00f6tt\u00f6laitteen rakennetyyppi<\/td>\n<td>\/<\/td>\n<td>Hammasrulla + sylinterityyppi<\/td>\n<\/tr>\n<tr>\n<td>6<\/td>\n<td>Puristuskammion paalausrakenteen tyyppi<\/td>\n<td>\/<\/td>\n<td>Sylinterityyppi<\/td>\n<\/tr>\n<tr>\n<td>7<\/td>\n<td>Puristuskammion leveys<\/td>\n<td>mm<\/td>\n<td>1250<\/td>\n<\/tr>\n<tr>\n<td>8<\/td>\n<td>Puristuskammion halkaisija<\/td>\n<td>mm<\/td>\n<td>\u03a61200<\/td>\n<\/tr>\n<tr>\n<td>9<\/td>\n<td>Liukuvia ty\u00f6osia<\/td>\n<td>pala<\/td>\n<td>18 (Sylinterit)<\/td>\n<\/tr>\n<tr>\n<td>10<\/td>\n<td>Vierint\u00e4sylinterin halkaisija<\/td>\n<td>mm<\/td>\n<td>\u03a6222<\/td>\n<\/tr>\n<tr>\n<td>11<\/td>\n<td>Paalausmenetelm\u00e4<\/td>\n<td>\/<\/td>\n<td>Verkkosidonta<\/td>\n<\/tr>\n<tr>\n<td>12<\/td>\n<td>Vastaava voima<\/td>\n<td>kW<\/td>\n<td>\u226575<\/td>\n<\/tr>\n<tr>\n<td>13<\/td>\n<td>Rakenteellinen paino<\/td>\n<td>kg<\/td>\n<td>4472<\/td>\n<\/tr>\n<tr>\n<td>14<\/td>\n<td>Voimanottoakselin nopeus<\/td>\n<td>kierrosta minuutissa<\/td>\n<td>540-1000<\/td>\n<\/tr>\n<tr>\n<td>15<\/td>\n<td>Kokonaismitat (P \u00d7 L \u00d7 K)<\/td>\n<td>mm<\/td>\n<td>4400 \u00d7 2850 \u00d7 2400 (k\u00e4ytt\u00f6tilassa)<\/td>\n<\/tr>\n<tr>\n<td>16<\/td>\n<td>Paalin tiheyden s\u00e4\u00e4t\u00f6<\/td>\n<td>\/<\/td>\n<td>Anturiohjaus<\/td>\n<\/tr>\n<tr>\n<td>17<\/td>\n<td>Paalin koko (halkaisija \u00d7 leveys)<\/td>\n<td>mm<\/td>\n<td>\u03a61300 \u00d7 1250<\/td>\n<\/tr>\n<tr>\n<td>18<\/td>\n<td>Paalitiheys<\/td>\n<td>Kg\/m\u00b3<\/td>\n<td>100-200<\/td>\n<\/tr>\n<tr>\n<td>19<\/td>\n<td>Tuottavuus<\/td>\n<td>paalia\/h<\/td>\n<td>40~100<\/td>\n<\/tr>\n<tr>\n<td>20<\/td>\n<td>Py\u00f6r\u00e4nrata<\/td>\n<td>mm<\/td>\n<td>2450<\/td>\n<\/tr>\n<tr>\n<td>21<\/td>\n<td>K\u00e4ytt\u00f6nopeus<\/td>\n<td>km\/h<\/td>\n<td>5-35<\/td>\n<\/tr>\n<tr>\n<td>22<\/td>\n<td>Paalausverkon tekniset tiedot (P \u00d7 L)<\/td>\n<td>\/<\/td>\n<td>2000 \u00d7 1,25 m\/paali<\/td>\n<\/tr>\n<\/tbody>\n<\/table>\n<h2>Tuotteen m\u00e4\u00e4ritelm\u00e4<\/h2>\n<p>9YG-1.25A-py\u00f6r\u00f6paalain on py\u00f6r\u00f6hein\u00e4n paalain, joka tuottaa korkealaatuisia, tiiviisti puristettuja hein\u00e4- tai olkipaaleja. Se on suunniteltu k\u00e4sittelem\u00e4\u00e4n erilaisia \u200b\u200bviljelykasveja ja optimoimaan paalinmuodostusta, mik\u00e4 parantaa toiminnan kokonaistehokkuutta. T\u00e4m\u00e4 kone sopii erityisesti pienille ja keskisuurille maatiloille.<\/p>\n<h2>9YG-1.25A-py\u00f6r\u00f6paalaimen ratkaisemat ongelmat<\/h2>\n<p>9YG-1.25A -py\u00f6r\u00f6paalain ratkaisee useita maanviljelij\u00f6iden yleisi\u00e4 ongelmia, kuten:<\/p>\n<ul>\n<li>Ty\u00f6voimavaltaiset hein\u00e4n paalaamisprosessit.<\/li>\n<li>Ep\u00e4johdonmukainen paalin koko ja muoto.<\/li>\n<li>Vaikeuksia hein\u00e4n tehokkaassa k\u00e4sittelyss\u00e4 ja varastoinnissa.<\/li>\n<li>Lis\u00e4\u00e4ntynyt j\u00e4te tehottoman paalauksen vuoksi.<\/li>\n<li>Aikaa viev\u00e4\u00e4 k\u00e4sity\u00f6t\u00e4 hein\u00e4n paalaamiseen.<\/li>\n<\/ul>\n<p>Automatisoimalla paalauksen ja varmistamalla tasaisen paalien laadun 9YG-1.25A v\u00e4hent\u00e4\u00e4 merkitt\u00e4v\u00e4sti manuaalista ty\u00f6t\u00e4 ja parantaa tilan kokonaistuottavuutta.<\/p>\n<h2>9YG-1.25A-py\u00f6r\u00f6paalaimen k\u00e4ytt\u00f6tarkoitukset<\/h2>\n<p>9YG-1.25A<a href=\"http:\/\/square-balers.com\" target=\"_blank\" rel=\"noopener\"> Py\u00f6r\u00f6paalain<\/a> k\u00e4ytet\u00e4\u00e4n monissa maataloussovelluksissa, p\u00e4\u00e4asiassa hein\u00e4n, oljen ja muiden viljelykasvien paalaamiseen. T\u00e4m\u00e4 kone sopii erinomaisesti maanviljelij\u00f6ille, joiden on k\u00e4sitelt\u00e4v\u00e4 suuria m\u00e4\u00e4ri\u00e4 hein\u00e4\u00e4 varastointia, el\u00e4inten rehuna k\u00e4ytt\u00f6\u00e4 tai kuljetusta varten. Se on erityisen hy\u00f6dyllinen pienille ja keskisuurille tiloille, jotka haluavat optimoida toimintaansa.<\/p>\n<h2>9YG-1.25A-py\u00f6r\u00f6paalaimen edut<\/h2>\n<ul>\n<li><strong>Tehokas paalinmuodostus:<\/strong> 9YG-1.25A varmistaa tiiviisti puristetut ja tasaiset paalit, mik\u00e4 helpottaa niiden varastointia ja kuljetusta.<\/li>\n<li><strong>Korkea kest\u00e4vyys:<\/strong> Kest\u00e4vist\u00e4 materiaaleista valmistettu laite on suunniteltu kest\u00e4m\u00e4\u00e4n jatkuvan k\u00e4yt\u00f6n vaatimuksia vaihtelevissa s\u00e4\u00e4olosuhteissa.<\/li>\n<li><strong>V\u00e4h\u00e4inen huoltotarve:<\/strong> Kone vaatii vain v\u00e4h\u00e4n huoltoa, mik\u00e4 v\u00e4hent\u00e4\u00e4 seisokkiaikoja ja varmistaa tasaisen suorituskyvyn koko kauden ajan.<\/li>\n<li><strong>Aikaa s\u00e4\u00e4st\u00e4v\u00e4:<\/strong> Automaattisen toimintansa ansiosta 9YG-1.25A v\u00e4hent\u00e4\u00e4 merkitt\u00e4v\u00e4sti ty\u00f6voiman tarvetta, mik\u00e4 s\u00e4\u00e4st\u00e4\u00e4 sek\u00e4 aikaa ett\u00e4 kustannuksia.<\/li>\n<li><strong>Kustannustehokas:<\/strong> 9YG-1.25A:n edullisuus tekee siit\u00e4 loistavan investoinnin pienille ja keskisuurille maatiloille, ja se tarjoaa erinomaista vastinetta rahalle.<\/li>\n<\/ul>\n<h2><a href=\"https:\/\/silage-balers.com\/fi\/tuote\/9yg-1-0-pyoropaalain\/\">9YG-1.25A-py\u00f6r\u00f6paalaimen toimintaperiaate<\/a><\/h2>\n<p>9YG-1.25A-py\u00f6r\u00f6paalain toimii hydraulisten ja mekaanisten komponenttien yhdistelm\u00e4ll\u00e4. Se ker\u00e4\u00e4 sadon sy\u00f6tt\u00f6laitteen avulla, puristaa sen tiiviiksi py\u00f6reiksi paaleiksi ja k\u00e4\u00e4rii ne sitten k\u00f6yteen tai verkkoon. T\u00e4m\u00e4 prosessi varmistaa, ett\u00e4 paalit ovat tiiviit\u00e4 ja vakaita, mik\u00e4 tekee niist\u00e4 helppoja k\u00e4sitell\u00e4. Koneen edistynyt rakenne auttaa est\u00e4m\u00e4\u00e4n satoh\u00e4vikki\u00e4 ja varmistaa, ett\u00e4 joka kerta tuotetaan korkealaatuisia paaleja.<\/p>\n<p style=\"text-align: center;\"><img loading=\"lazy\" decoding=\"async\" class=\"alignnone wp-image-387\" src=\"https:\/\/silage-balers.com\/wp-content\/uploads\/2025\/12\/EP-9YG-1.25A-Round-Baler-1-1-1-300x300.webp\" alt=\"Py\u00f6r\u00f6paalain\" width=\"357\" height=\"357\" \/><\/p>\n<h2>9YG-1.25A-py\u00f6r\u00f6paalaimen t\u00e4rkeimm\u00e4t sovellettavat skenaariot<\/h2>\n<p>9YG-1.25A py\u00f6r\u00f6paalain sopii monenlaisiin maataloussovelluksiin, mukaan lukien:<\/p>\n<ul>\n<li><strong>Hein\u00e4nviljely:<\/strong> Ihanteellinen hein\u00e4n paalaamiseen karjanrehuksi, varmistaen tasaisen ja luotettavan hein\u00e4nsaannin ymp\u00e4ri vuoden.<\/li>\n<li><strong>Olkipaalaukset:<\/strong> T\u00e4ydellinen oljen ker\u00e4\u00e4miseen ja paalaamiseen sadonkorjuun j\u00e4lkeen, mik\u00e4 parantaa varastointia ja kuljetustehokkuutta.<\/li>\n<li><strong>Pienet ja keskisuuret maatilat:<\/strong> 9YG-1.25A on suunniteltu erityisesti pienille ja keskisuurille maatiloille, jotka tarvitsevat kompaktin mutta tehokkaan paalausratkaisun.<\/li>\n<li><strong>Luomutilat:<\/strong> Sen tarkkuuspaalainj\u00e4rjestelm\u00e4 sopii t\u00e4ydellisesti luomutiloille, joiden on yll\u00e4pidett\u00e4v\u00e4 sadon eheytt\u00e4.<\/li>\n<li><strong>Karjanrehun tuotanto:<\/strong> Varmistaa tasaiset paalit, joita on helppo k\u00e4sitell\u00e4 ja varastoida el\u00e4inten rehun tuotantoa varten.<\/li>\n<li><strong>Rehunkorjuu:<\/strong> Kone sopii erinomaisesti erilaisten rehukasvien, kuten sinimailasen, apilan ja heinien, ker\u00e4\u00e4miseen ja paalaamiseen.<\/li>\n<\/ul>\n<h2>Kuinka valita oikea 9YG-1.25A py\u00f6r\u00f6paalain<\/h2>\n<p>Kun valitset oikean 9YG-1.25A-py\u00f6r\u00f6paalaimen, ota huomioon seuraavat tekij\u00e4t:<\/p>\n<ul>\n<li><strong>Tilan koko:<\/strong> Varmista, ett\u00e4 paalain sopii tilasi kokoon. 9YG-1.25A sopii ihanteellisesti pienille ja keskisuurille tiloille.<\/li>\n<li><strong>Kasvityyppi:<\/strong> Valitse paalain, joka pystyy k\u00e4sittelem\u00e4\u00e4n korjaamiasi satoja, kuten hein\u00e4\u00e4, olkea tai rehua.<\/li>\n<li><strong>Budjetti:<\/strong> Arvioi kustannukset ja varmista, ett\u00e4 ne sopivat maatalousbudjettiisi ja tarjoavat samalla hyv\u00e4n sijoitetun p\u00e4\u00e4oman tuoton.<\/li>\n<li><strong>K\u00e4yt\u00f6n helppous:<\/strong> Valitse kone, jossa on k\u00e4ytt\u00e4j\u00e4yst\u00e4v\u00e4lliset ominaisuudet nopeaa k\u00e4ytt\u00f6\u00e4 ja minimaalista koulutusta varten.<\/li>\n<li><strong>Huoltovaatimukset:<\/strong> Varmista, ett\u00e4 paalaimen huoltotarve on v\u00e4h\u00e4inen, mik\u00e4 v\u00e4hent\u00e4\u00e4 seisokkiaikoja ja k\u00e4ytt\u00f6kustannuksia.<\/li>\n<li><strong>Kest\u00e4vyys:<\/strong> Investoi kest\u00e4v\u00e4\u00e4n koneeseen, joka kest\u00e4\u00e4 kovaa k\u00e4ytt\u00f6\u00e4 ja ankaria s\u00e4\u00e4olosuhteita.<\/li>\n<\/ul>\n<h2>9YG-1.25A-py\u00f6r\u00f6paalaimen huolto<\/h2>\n<p>Varmistaaksesi 9YG-1.25A-py\u00f6r\u00f6paalaimen optimaalisen suorituskyvyn, noudata n\u00e4it\u00e4 huolto-ohjeita:<\/p>\n<ul>\n<li><strong>S\u00e4\u00e4nn\u00f6llinen tarkastus:<\/strong> Tarkista hydrauliset ja mekaaniset komponentit s\u00e4\u00e4nn\u00f6llisesti varmistaaksesi niiden moitteettoman toiminnan.<\/li>\n<li><strong>Puhdistus:<\/strong> Pid\u00e4 kone puhtaana roskista ja kasvij\u00e4tteist\u00e4 tukkeutumisen est\u00e4miseksi ja tehokkaan paalauksen varmistamiseksi.<\/li>\n<li><strong>Voitelu:<\/strong> Voitele liikkuvat osat s\u00e4\u00e4nn\u00f6llisesti kulumisen v\u00e4hent\u00e4miseksi ja laitteen k\u00e4ytt\u00f6i\u00e4n pident\u00e4miseksi.<\/li>\n<li><strong>Kuluneiden osien vaihto:<\/strong> Vaihda kuluneet osat, kuten hihnat ja narut, est\u00e4\u00e4ksesi rikkoutumisen ja varmistaaksesi korkealaatuiset paalit.<\/li>\n<li><strong>S\u00e4ilytys:<\/strong> S\u00e4ilyt\u00e4 paalainta kuivassa ja suojatussa paikassa ruosteen ja korroosion est\u00e4miseksi sesongin ulkopuolella.<\/li>\n<\/ul>\n<h2>Asiakasarvostelut<\/h2>\n<p>T\u00e4ss\u00e4 on joitakin asiakasarvosteluja eri maista:<\/p>\n<p>\u201dHankimme 9YG-1.25A-py\u00f6r\u00f6paalaimen pienelle maatilallemme, ja se on mullistanut kaiken. Sit\u00e4 on helppo k\u00e4ytt\u00e4\u00e4, ja paalit ovat tasalaatuisia ja tiiviisti puristettuja. S\u00e4\u00e4st\u00e4m\u00e4mme aika pellolla on ollut korvaamatonta, ja pystymme tuottamaan enemm\u00e4n hein\u00e4\u00e4 lyhyemm\u00e4ss\u00e4 ajassa. Eritt\u00e4in suositeltavaa pienille maatiloille!\u201d<br \/>\n\u2014 <strong>John Smith, Yhdysvallat<\/strong><\/p>\n<p>\u201d9YG-1.25A on ylitt\u00e4nyt odotuksemme. K\u00e4yt\u00e4mme sit\u00e4 olkipaalaukseen, ja se on tehnyt koko prosessista nopeamman ja tehokkaamman. Kone on kest\u00e4v\u00e4 ja selvi\u00e4\u00e4 kaikista s\u00e4\u00e4olosuhteista. Tiimimme rakastaa sit\u00e4!\u201d<br \/>\n\u2014 <strong>Maria Garc\u00eda, Espanja<\/strong><\/p>\n<p>\u201dLoistava sijoitus keskikokoiselle maatilallemme. 9YG-1.25A on kest\u00e4v\u00e4 ja sen huolto on helppoa. Paalain on edullinen ja tarjoaa erinomaista vastinetta rahalle. Tuottavuus on parantunut huomattavasti.\u201d<br \/>\n\u2014 <strong>James Lee, Australia<\/strong><\/p>\n<p>\u201dAloittelijana maanviljelyss\u00e4 olin huolissani oppimisk\u00e4yr\u00e4st\u00e4. 9YG-1.25A on kuitenkin uskomattoman k\u00e4ytt\u00e4j\u00e4yst\u00e4v\u00e4llinen. Se tekee ty\u00f6ns\u00e4 nopeasti ja paalit tulevat joka kerta t\u00e4ydellisiksi.\u201d<br \/>\n\u2014 <strong>Chen Wei, Kiina<\/strong><\/p>\n<p>\u201dOlemme k\u00e4ytt\u00e4neet 9YG-1.25A-py\u00f6r\u00f6paalainta hein\u00e4n paalaamiseen luomutilallamme. Se on auttanut meit\u00e4 s\u00e4ilytt\u00e4m\u00e4\u00e4n satomme eheyden ja tuottamaan puhtaita, tiiviit\u00e4 paaleja. Vankka sijoitus vakavasti otettavalle viljelij\u00e4lle.\u201d<br \/>\n\u2014 <strong>David Moyo, Etel\u00e4-Afrikka<\/strong><\/p>\n<h2>Miksi valita tuotteemme<\/h2>\n<p>Tarjoamme 9YG-1.25A-py\u00f6r\u00f6paalainta useilla ainutlaatuisilla eduilla:<\/p>\n<ul>\n<li>Nopeat r\u00e4\u00e4t\u00e4l\u00f6intipalvelut vastaamaan erityisvaatimuksiasi.<\/li>\n<li>Erinomainen asiakaspalvelu ja vahva j\u00e4lkimarkkinointituki.<\/li>\n<li>3 vuoden takuu ja vaivaton j\u00e4lkimarkkinointituki.<\/li>\n<li>Nopea maailmanlaajuinen toimitus vastaamaan toimitustarpeitasi.<\/li>\n<li>Kattava j\u00e4lkimarkkinointipalvelu takaa asiakkaille mielenrauhan.<\/li>\n<\/ul>\n<h2>Ylennys ja yrityksemme vahvuus<\/h2>\n<p>\u00c4l\u00e4 missaa tilaisuutta parantaa maatilasi toimintaa 9YG-1.25A-py\u00f6r\u00f6paalaimella. Tutustu laajaan valikoimaamme korkealaatuisia tuotteita, jotka on suunniteltu tehostamaan maatalouttasi. Olemme ylpeit\u00e4 voidessamme tarjota huippuluokan maatalouskoneita, mukaan lukien laajan valikoiman paalaimia ja niihin liittyvi\u00e4 lis\u00e4varusteita. Tuotteemme ovat eritt\u00e4in kilpailukykyisesti hinnoiteltuja, ensiluokkaisia \u200b\u200bja luotettavalla j\u00e4lkimarkkinointipalvelulla tuettuja. Ota meihin yhteytt\u00e4 jo t\u00e4n\u00e4\u00e4n ostaaksesi tuotteitamme ja aloittaaksesi maataloustuotantosi optimoinnin!<\/p>\n<h2>Usein kysytyt kysymykset (UKK)<\/h2>\n<ol>\n<li><strong>Mik\u00e4 on py\u00f6r\u00f6paalain ja miten se toimii?<\/strong><br \/>\nPy\u00f6r\u00f6paalain on kone, joka on suunniteltu ker\u00e4\u00e4m\u00e4\u00e4n ja puristamaan satoa, kuten hein\u00e4\u00e4, olkea tai s\u00e4il\u00f6rehua, py\u00f6reiksi paaleiksi. 9YG-1.25A k\u00e4ytt\u00e4\u00e4 hydraulisia ja mekaanisia j\u00e4rjestelmi\u00e4 tiiviisti pakattujen paalien muodostamiseen, joita on helppo kuljettaa ja varastoida.<\/li>\n<li><strong>Paljonko 9YG-1.25A py\u00f6r\u00f6paalain maksaa?<\/strong><br \/>\n9YG-1.25A-py\u00f6r\u00f6paalaimen hinta vaihtelee r\u00e4\u00e4t\u00e4l\u00f6intivaihtoehtojen ja toimituspaikan mukaan. Saat parhaan hinnan ottamalla meihin suoraan yhteytt\u00e4 tarjouksen saamiseksi.<\/li>\n<li><strong>Sopiiko 9YG-1.25A pienille tiloille?<\/strong><br \/>\nKyll\u00e4, 9YG-1.25A sopii t\u00e4ydellisesti pienille ja keskisuurille maatiloille. Sen kompakti koko ja tehokas toiminta tekev\u00e4t siit\u00e4 ihanteellisen viljelij\u00f6ille, joilla on rajoitetusti tilaa tai resursseja.<\/li>\n<li><strong>Mit\u00e4 viljelykasveja 9YG-1.25A pystyy k\u00e4sittelem\u00e4\u00e4n?<\/strong><br \/>\n9YG-1.25A on suunniteltu k\u00e4sittelem\u00e4\u00e4n erilaisia \u200b\u200b\u200b\u200bkasveja, kuten hein\u00e4\u00e4, olkea ja muita rehumateriaaleja, kuten sinimailasta ja apilaa.<\/li>\n<li><strong>Vaatiiko 9YG-1.25A paljon huoltoa?<\/strong><br \/>\nEi, 9YG-1.25A on suunniteltu minimaalista huoltoa vaativaksi. S\u00e4\u00e4nn\u00f6llinen puhdistus, voitelu ja tarkastus riitt\u00e4v\u00e4t pit\u00e4m\u00e4\u00e4n koneen optimaalisessa kunnossa.<\/li>\n<li><strong>Miten voin ostaa 9YG-1.25A-py\u00f6r\u00f6paalaimen?<\/strong><br \/>\nVoit ostaa 9YG-1.25A -py\u00f6r\u00f6paalaimen suoraan verkosta verkkosivuiltamme. Ota meihin yhteytt\u00e4 tehd\u00e4ksesi tilauksen ja sopiaksesi toimituksesta.<\/li>\n<li><strong>Onko 9YG-1.25A:lla takuu?<\/strong><br \/>\nKyll\u00e4, 9YG-1.25A:lla on 3 vuoden takuu, mik\u00e4 takaa asiakkaille luotettavuuden ja mielenrauhan.<\/li>\n<li><strong>Voiko 9YG-1.25A:ta k\u00e4ytt\u00e4\u00e4 kaikissa s\u00e4\u00e4olosuhteissa?<\/strong><br \/>\nKyll\u00e4, 9YG-1.25A on rakennettu kest\u00e4m\u00e4\u00e4n erilaisia \u200b\u200bs\u00e4\u00e4olosuhteita, joten se soveltuu ymp\u00e4rivuotiseen k\u00e4ytt\u00f6\u00f6n.<\/li>\n<li><strong>Mink\u00e4 kokoisia paaleja 9YG-1.25A tuottaa?<\/strong><br \/>\n9YG-1.25A tuottaa vakiokokoisia py\u00f6reit\u00e4 paaleja, mik\u00e4 tekee niist\u00e4 ihanteellisia varastointiin ja kuljetukseen.<\/li>\n<li><strong>Onko toimitus saatavilla maailmanlaajuisesti?<\/strong><br \/>\nKyll\u00e4, tarjoamme maailmanlaajuista toimitusta varmistaaksemme, ett\u00e4 asiakkaat ymp\u00e4ri maailmaa voivat hy\u00f6ty\u00e4 korkealaatuisista paalaimistamme.<\/li>\n<\/ol>\n<p>gzl:n muokkaama<\/p>","protected":false},"excerpt":{"rendered":"<p>Tutustu 9YG-1.25A-py\u00f6r\u00f6paalaimeen \u2013 t\u00e4ydelliseen ratkaisuun hein\u00e4n ja oljen tehokkaaseen paalaukseen. Kest\u00e4v\u00e4ksi ja tehokkaaksi rakennettu paalain varmistaa nopeat ja tasaiset py\u00f6r\u00f6paalit minimaalisella vaivalla. Ihanteellinen maanviljelij\u00f6ille ja maatalousalan ammattilaisille. Tutustu sen ominaisuuksiin ja etuihin jo t\u00e4n\u00e4\u00e4n. \u00c4l\u00e4 missaa t\u00e4t\u00e4, maksimoi tuottavuutesi 9YG-1.25A-py\u00f6r\u00f6paalaimella. Lue lis\u00e4\u00e4 nyt!<\/p>","protected":false},"featured_media":387,"template":"","meta":{"_et_pb_use_builder":"","_et_pb_old_content":"","_et_gb_content_width":""},"product_brand":[],"product_cat":[18],"product_tag":[],"class_list":{"0":"post-385","1":"product","2":"type-product","3":"status-publish","4":"has-post-thumbnail","6":"product_cat-round-baler","8":"first","9":"instock","10":"shipping-taxable","11":"product-type-simple"},"_links":{"self":[{"href":"https:\/\/silage-balers.com\/fi\/wp-json\/wp\/v2\/product\/385","targetHints":{"allow":["GET"]}}],"collection":[{"href":"https:\/\/silage-balers.com\/fi\/wp-json\/wp\/v2\/product"}],"about":[{"href":"https:\/\/silage-balers.com\/fi\/wp-json\/wp\/v2\/types\/product"}],"wp:featuredmedia":[{"embeddable":true,"href":"https:\/\/silage-balers.com\/fi\/wp-json\/wp\/v2\/media\/387"}],"wp:attachment":[{"href":"https:\/\/silage-balers.com\/fi\/wp-json\/wp\/v2\/media?parent=385"}],"wp:term":[{"taxonomy":"product_brand","embeddable":true,"href":"https:\/\/silage-balers.com\/fi\/wp-json\/wp\/v2\/product_brand?post=385"},{"taxonomy":"product_cat","embeddable":true,"href":"https:\/\/silage-balers.com\/fi\/wp-json\/wp\/v2\/product_cat?post=385"},{"taxonomy":"product_tag","embeddable":true,"href":"https:\/\/silage-balers.com\/fi\/wp-json\/wp\/v2\/product_tag?post=385"}],"curies":[{"name":"wp","href":"https:\/\/api.w.org\/{rel}","templated":true}]}}