{"id":390,"date":"2025-12-23T03:34:44","date_gmt":"2025-12-23T03:34:44","guid":{"rendered":"https:\/\/silage-balers.com\/?post_type=product&#038;p=390"},"modified":"2025-12-29T05:45:33","modified_gmt":"2025-12-29T05:45:33","slug":"9yg-2-24d-pyoropaalain","status":"publish","type":"product","link":"https:\/\/silage-balers.com\/fi\/tuote\/9yg-2-24d-pyoropaalain\/","title":{"rendered":"9YG-2.24D py\u00f6r\u00f6paalain"},"content":{"rendered":"<p>9YG-2.24D py\u00f6r\u00f6paalain on tehokas maatalouskone, joka on suunniteltu kompaktiin ja tehokkaaseen hein\u00e4n paalaukseen. Se tarjoaa monipuolisen ratkaisun pienille ja keskisuurille maatiloille yhdist\u00e4en poikkeuksellisen kest\u00e4vyyden ja helppok\u00e4ytt\u00f6isyyden. Sen hydraulinen toiminta varmistaa sujuvan ja tehokkaan paalauksen, mik\u00e4 v\u00e4hent\u00e4\u00e4 manuaalista ty\u00f6t\u00e4 ja parantaa samalla tuotteen laatua.<\/p>\n<h2>Tekniset tiedot<\/h2>\n<table style=\"border-color: #000000;\">\n<thead>\n<tr>\n<th>Sarjanumero<\/th>\n<th>Tuote<\/th>\n<th>Yksikk\u00f6<\/th>\n<th>Tekniset tiedot<\/th>\n<\/tr>\n<\/thead>\n<tbody>\n<tr>\n<td>1<\/td>\n<td>Mallin nimi<\/td>\n<td>\/<\/td>\n<td>9YG-2.24D py\u00f6r\u00f6paalain<\/td>\n<\/tr>\n<tr>\n<td>2<\/td>\n<td>Kiinnitysmenetelm\u00e4<\/td>\n<td>\/<\/td>\n<td>Hinattava tyyppi<\/td>\n<\/tr>\n<tr>\n<td>3<\/td>\n<td>Noutoleveys<\/td>\n<td>mm<\/td>\n<td>2240<\/td>\n<\/tr>\n<tr>\n<td>4<\/td>\n<td>Noutorakenteen tyyppi<\/td>\n<td>\/<\/td>\n<td>Jousihammastyyppi<\/td>\n<\/tr>\n<tr>\n<td>5<\/td>\n<td>Sy\u00f6tt\u00f6laitteen rakennetyyppi<\/td>\n<td>\/<\/td>\n<td>Hammasrulla + sylinterityyppi<\/td>\n<\/tr>\n<tr>\n<td>6<\/td>\n<td>Puristuskammion paalausrakenteen tyyppi<\/td>\n<td>\/<\/td>\n<td>Sylinterityyppi<\/td>\n<\/tr>\n<tr>\n<td>7<\/td>\n<td>Puristuskammion leveys<\/td>\n<td>mm<\/td>\n<td>1400<\/td>\n<\/tr>\n<tr>\n<td>8<\/td>\n<td>Puristuskammion halkaisija<\/td>\n<td>mm<\/td>\n<td>\u03a61200<\/td>\n<\/tr>\n<tr>\n<td>9<\/td>\n<td>Liukuvia ty\u00f6osia<\/td>\n<td>pala<\/td>\n<td>18 (Sylinterit)<\/td>\n<\/tr>\n<tr>\n<td>10<\/td>\n<td>Vierint\u00e4sylinterin halkaisija<\/td>\n<td>mm<\/td>\n<td>\u03a6222<\/td>\n<\/tr>\n<tr>\n<td>11<\/td>\n<td>Paalausmenetelm\u00e4<\/td>\n<td>\/<\/td>\n<td>Verkkosidonta<\/td>\n<\/tr>\n<tr>\n<td>12<\/td>\n<td>Vastaava voima<\/td>\n<td>kW<\/td>\n<td>55-100<\/td>\n<\/tr>\n<tr>\n<td>13<\/td>\n<td>Rakenteellinen paino<\/td>\n<td>kg<\/td>\n<td>3922<\/td>\n<\/tr>\n<tr>\n<td>14<\/td>\n<td>Voimanottoakselin nopeus<\/td>\n<td>kierrosta minuutissa<\/td>\n<td>720<\/td>\n<\/tr>\n<tr>\n<td>15<\/td>\n<td>Kokonaismitat (P \u00d7 L \u00d7 K)<\/td>\n<td>mm<\/td>\n<td>4110 \u00d7 3010 \u00d7 2450 (k\u00e4ytt\u00f6tilassa)<\/td>\n<\/tr>\n<tr>\n<td>16<\/td>\n<td>Paalin tiheyden s\u00e4\u00e4t\u00f6<\/td>\n<td>\/<\/td>\n<td>Anturiohjaus<\/td>\n<\/tr>\n<tr>\n<td>17<\/td>\n<td>Paalin koko (halkaisija \u00d7 leveys)<\/td>\n<td>mm<\/td>\n<td>\u03a61300 \u00d7 1400<\/td>\n<\/tr>\n<tr>\n<td>18<\/td>\n<td>Paalitiheys<\/td>\n<td>Kg\/m\u00b3<\/td>\n<td>100~200<\/td>\n<\/tr>\n<tr>\n<td>19<\/td>\n<td>Tuottavuus<\/td>\n<td>paalia\/h<\/td>\n<td>40~100<\/td>\n<\/tr>\n<tr>\n<td>20<\/td>\n<td>Py\u00f6r\u00e4nrata<\/td>\n<td>mm<\/td>\n<td>2600<\/td>\n<\/tr>\n<tr>\n<td>21<\/td>\n<td>K\u00e4ytt\u00f6nopeus<\/td>\n<td>km\/h<\/td>\n<td>5-35<\/td>\n<\/tr>\n<tr>\n<td>22<\/td>\n<td>Paalausverkon tekniset tiedot (P \u00d7 L)<\/td>\n<td>m<\/td>\n<td>2000 \u00d7 1,4 m\/paali<\/td>\n<\/tr>\n<\/tbody>\n<\/table>\n<h2>Tuotteen m\u00e4\u00e4ritelm\u00e4<\/h2>\n<p>9YG-2.24D-py\u00f6r\u00f6paalain on erikoistunut maatalousty\u00f6kalu, joka on suunniteltu py\u00f6reiden hein\u00e4paalien tarkkaan paalaamiseen. Se toimii hydraulisesti ja tarjoaa luotettavan ratkaisun hein\u00e4ntuotantoon, ruohon paalaamiseen ja muihin maataloussovelluksiin. T\u00e4m\u00e4 paalain on rakennettu toimimaan erilaisissa olosuhteissa pienimuotoisista tiloista suurempiin tiloihin.<\/p>\n<h2>Keskeiset ongelmat, joihin se puuttuu<\/h2>\n<p>9YG-2.24D py\u00f6r\u00f6paalain ratkaisee yleisi\u00e4 maatalouden haasteita, kuten:<\/p>\n<ul>\n<li><strong>Ajan tehokkuus:<\/strong> Lyhent\u00e4\u00e4 hein\u00e4n ker\u00e4\u00e4miseen ja paaleiksi puristamiseen kuluvaa aikaa, mik\u00e4 lis\u00e4\u00e4 kokonaistuottavuutta.<\/li>\n<li><strong>Ty\u00f6voiman v\u00e4hent\u00e4minen:<\/strong> Hydraulinen toiminta minimoi ihmisen puuttumisen tarpeet, mik\u00e4 v\u00e4hent\u00e4\u00e4 ty\u00f6voimakustannuksia ja fyysist\u00e4 rasitusta.<\/li>\n<li><strong>Paalin laadun tasaisuus:<\/strong> Paalain varmistaa paalien koon ja tiheyden tasaisuuden, mik\u00e4 parantaa varastointi- ja kuljetustehokkuutta.<\/li>\n<li><strong>Kest\u00e4vyys:<\/strong> Suunniteltu k\u00e4sittelem\u00e4\u00e4n erilaisia \u200b\u200b\u200b\u200bkasvityyppej\u00e4 ja varmistamaan pitk\u00e4kestoisen suorituskyvyn erilaisissa ymp\u00e4rist\u00f6iss\u00e4.<\/li>\n<li><strong>Kustannustehokas:<\/strong> V\u00e4hent\u00e4\u00e4 pitk\u00e4n aikav\u00e4lin k\u00e4ytt\u00f6kustannuksia parantamalla tehokkuutta ja minimoimalla laitteiden kulumista.<\/li>\n<\/ul>\n<h2>Tuotteen edut<\/h2>\n<p>9YG-2.24D-py\u00f6r\u00f6paalaimessa on lukuisia etuja, mink\u00e4 vuoksi se on suosittu valinta maanviljelij\u00f6iden keskuudessa:<\/p>\n<h3>1. Hydraulinen hy\u00f6tysuhde<\/h3>\n<p>Hydraulij\u00e4rjestelm\u00e4 varmistaa sujuvan ja tehokkaan toiminnan, mik\u00e4 v\u00e4hent\u00e4\u00e4 manuaalisen ty\u00f6n tarvetta ja parantaa paalaimen kokonaissuorituskyky\u00e4. Sit\u00e4 voi k\u00e4ytt\u00e4\u00e4 yksi henkil\u00f6, mik\u00e4 s\u00e4\u00e4st\u00e4\u00e4 sek\u00e4 aikaa ett\u00e4 ty\u00f6t\u00e4.<\/p>\n<h3>2. Monipuolisuus<\/h3>\n<p>Se sopii erilaisille hein\u00e4- ja ruohokasveille, joten se on ihanteellinen valinta monipuolisiin maatalousteht\u00e4viin. Ty\u00f6skentelitp\u00e4 sitten alfalfan, vehn\u00e4noljen tai ruohon kanssa, paalain tarjoaa tasaisia \u200b\u200btuloksia.<\/p>\n<h3>3. Korkea paalitiheys<\/h3>\n<p>Tuottaa tiiviisti puristettuja paaleja, mik\u00e4 parantaa varastointitehokkuutta ja v\u00e4hent\u00e4\u00e4 hein\u00e4n vaatimaa tilaa. Tihe\u00e4t paalit on helpompi kuljettaa ja varastoida, mik\u00e4 est\u00e4\u00e4 kosteusvaurioita.<\/p>\n<h3>4. Kompakti muotoilu<\/h3>\n<p>9YG-2.24D-py\u00f6r\u00f6paalaimen kompakti ja kest\u00e4v\u00e4 rakenne mahdollistaa helpon varastoinnin ja kuljetuksen, samalla tarjoten korkean suorituskyvyn pellolla.<\/p>\n<h3>5. V\u00e4h\u00e4inen huoltotarve<\/h3>\n<p>Kest\u00e4v\u00e4ksi suunniteltu paalain vaatii vain v\u00e4h\u00e4n huoltoa. Asianmukaisella huollolla se voi palvella luotettavasti vuosia ja alentaa kokonaiskustannuksia.<\/p>\n<h2><a href=\"http:\/\/square-balers.com\" target=\"_blank\" rel=\"noopener\">9YG-2.24D-py\u00f6r\u00f6paalaimen toimintaperiaate<\/a><\/h2>\n<p>9YG-2.24D-py\u00f6r\u00f6paalain toimii hydraulisella paineella puristaen hein\u00e4\u00e4 tai olkea py\u00f6reiksi paaleiksi. Prosessi alkaa materiaalin sy\u00f6tt\u00e4misell\u00e4 paalauskammioon, jossa sarja rullia puristaa sen kompaktiin muotoon. Hydraulij\u00e4rjestelm\u00e4 auttaa yll\u00e4pit\u00e4m\u00e4\u00e4n optimaalista painetta paalauksen aikana. Kun paalit saavuttavat halutun koon, ne kiinnitet\u00e4\u00e4n k\u00f6ydell\u00e4 ja ty\u00f6nnet\u00e4\u00e4n ulos paalaimesta kuljetusta tai varastointia varten.<\/p>\n<h2>9YG-2.24D-py\u00f6r\u00f6paalaimen t\u00e4rkeimm\u00e4t k\u00e4ytt\u00f6kohteet<\/h2>\n<p>T\u00e4t\u00e4 monipuolista paalainta voidaan k\u00e4ytt\u00e4\u00e4 moniin eri k\u00e4ytt\u00f6tarkoituksiin, mukaan lukien:<\/p>\n<ul>\n<li><strong>Hein\u00e4ntuotanto:<\/strong> Ihanteellinen hein\u00e4n paalaamiseen karjanrehuksi.<\/li>\n<li><strong>Olkikokoelma:<\/strong> Soveltuu olkipaalien luomiseen maataloudessa ja kuivikkeiden valmistukseen.<\/li>\n<li><strong>Ruohikon paalaaminen:<\/strong> Tehokas ruohokasvien ker\u00e4\u00e4miseen ja tiivist\u00e4miseen.<\/li>\n<li><strong>S\u00e4il\u00f6rehun tuotanto:<\/strong> Paalainta voidaan k\u00e4ytt\u00e4\u00e4 s\u00e4il\u00f6rehupaalien tekemiseen karjan ruokintaan kylmempin\u00e4 kuukausina.<\/li>\n<li><strong>Luomuviljely:<\/strong> T\u00e4ydellinen pienille tiloille, jotka keskittyv\u00e4t kest\u00e4viin k\u00e4yt\u00e4nt\u00f6ihin.<\/li>\n<li><strong>Maatalousyritykset:<\/strong> Sopii hyvin keskikokoisiin maatalousyrityksiin, jotka tarvitsevat tehokkaita paalausratkaisuja.<\/li>\n<\/ul>\n<h2>Kuinka valita oikea 9YG-2.24D py\u00f6r\u00f6paalain<\/h2>\n<h3>1. Mieti tilasi kokoa<\/h3>\n<p>Jos harjoitat pient\u00e4 tai keskikokoista maatilaa, 9YG-2.24D-py\u00f6r\u00f6paalain on erinomainen valinta, sill\u00e4 se tarjoaa optimaalisen paalin koon ja tehokkaan hydraulisen toiminnan.<\/p>\n<h3>2. Kasvilajike<\/h3>\n<p>Varmista, ett\u00e4 paalain on yhteensopiva paalattavien satojen, kuten hein\u00e4n, oljen tai s\u00e4il\u00f6rehun, kanssa. 9YG-2.24D on monipuolinen, mutta tarkista aina tekniset tiedot omien tarpeidesi mukaan.<\/p>\n<h3>3. Toivottu paalikoko<\/h3>\n<p>Eri toiminnot saattavat vaatia erikokoisia paaleja. Mieti, tarvitsetko pienempi\u00e4 ja kompaktimpia paaleja helpompaa k\u00e4sittely\u00e4 varten vai suurempia paaleja varastoinnin ja kuljetuksen tehokkuuden takaamiseksi.<\/p>\n<h3>4. Hydraulij\u00e4rjestelm\u00e4n kapasiteetti<\/h3>\n<p>Valitse paalain, jonka hydrauliikkaj\u00e4rjestelm\u00e4n kapasiteetti vastaa ty\u00f6m\u00e4\u00e4r\u00e4\u00e4si. 9YG-2.24D tarjoaa tehokkaan hydrauliikkaj\u00e4rjestelm\u00e4n, joka sopii vaativiin teht\u00e4viin.<\/p>\n<h3>5. Kest\u00e4vyys ja huolto<\/h3>\n<p>Etsi kest\u00e4v\u00e4\u00e4 paalainta, jonka huoltotarve on minimaalinen. 9YG-2.24D:n vankka rakenne takaa luotettavuuden ajan kuluessa.<\/p>\n<h3>6. Hinta-laatusuhde<\/h3>\n<p>Ota huomioon budjettisi ja paalaimen tarjoama pitk\u00e4n aikav\u00e4lin arvo tehokkuuden, kest\u00e4vyyden ja tulostuslaadun suhteen. 9YG-2.24D tarjoaa erinomaista vastinetta rahalle.<\/p>\n<h2>9YG-2.24D-py\u00f6r\u00f6paalaimen huolto<\/h2>\n<p>9YG-2.24D:n yll\u00e4pito <a href=\"https:\/\/silage-balers.com\/fi\/tuote\/9yg-1-25a-pyoropaalain\/\">Py\u00f6r\u00f6paalain<\/a> varmistaa pitk\u00e4aikaisen suorituskyvyn. Hydraulij\u00e4rjestelm\u00e4n, paalikammion telojen ja vannemekanismin s\u00e4\u00e4nn\u00f6llinen tarkastus on ratkaisevan t\u00e4rke\u00e4\u00e4. Puhdista kone jokaisen k\u00e4ytt\u00f6kerran j\u00e4lkeen materiaalin kertymisen est\u00e4miseksi ja voitele liikkuvat osat kulumisen v\u00e4hent\u00e4miseksi. Tarkasta paalain s\u00e4\u00e4nn\u00f6llisesti mahdollisten vaurioiden tai v\u00e4symisen merkkien varalta, erityisesti raskaan k\u00e4yt\u00f6n j\u00e4lkeen. Varmista, ett\u00e4 kaikki osat on kiinnitetty kunnolla, ja vaihda kaikki kuluneet osat viipym\u00e4tt\u00e4 k\u00e4ytt\u00f6ongelmien v\u00e4ltt\u00e4miseksi.<\/p>\n<h2>Asiakasarvostelut<\/h2>\n<p>\u201dT\u00e4m\u00e4 paalain on mullistanut tilan toimintamme. Hydraulij\u00e4rjestelm\u00e4 tekee paalaamisesta paljon helpompaa ja nopeampaa. Se on kest\u00e4v\u00e4 ja toimii loistavasti kaikissa s\u00e4\u00e4olosuhteissa. Olemme k\u00e4ytt\u00e4neet sit\u00e4 hein\u00e4n ja oljen paalaamiseen, ja paalit tulevat t\u00e4ydellisesti puristettuina. Suosittelen l\u00e4mpim\u00e4sti!\u201d<\/p>\n<p>\u2013 <strong>John Doe, Yhdysvallat<\/strong><\/p>\n<p>\u201dOlemme k\u00e4ytt\u00e4neet 9YG-2.24D-py\u00f6r\u00f6paalainta nyt yli vuoden, ja se on ylitt\u00e4nyt kaikki odotukset. Paalit ovat kooltaan ja tiheydelt\u00e4\u00e4n tasaisia, mik\u00e4 helpottaa varastointia huomattavasti. Sit\u00e4 on helppo k\u00e4ytt\u00e4\u00e4 jopa v\u00e4hemm\u00e4n kokeneille ty\u00f6ntekij\u00f6illemme. Pystymme k\u00e4sittelem\u00e4\u00e4n suurempia hein\u00e4m\u00e4\u00e4ri\u00e4 lyhyemm\u00e4ss\u00e4 ajassa.\u201d<\/p>\n<p>\u2013 <strong>Sarah Lee, Kanada<\/strong><\/p>\n<p>\u201dErinomainen hinta-laatusuhde! Paalain on hyvin rakennettu ja vaatii vain v\u00e4h\u00e4n huoltoa. Olemme k\u00e4ytt\u00e4neet sit\u00e4 sek\u00e4 hein\u00e4n ett\u00e4 s\u00e4il\u00f6rehun paalaamiseen, ja se toimii erinomaisesti molemmissa tilanteissa. Asiakaspalvelutiimi oli eritt\u00e4in avulias, kun meill\u00e4 oli kysytt\u00e4v\u00e4\u00e4 asennuksesta.\u201d<\/p>\n<p>\u2013 <strong>Paul Kim, Australia<\/strong><\/p>\n<p>\u201dPienen tilan omistajana etsin kompaktia ja luotettavaa paalainta, ja 9YG-2.24D sopii t\u00e4ydellisesti. Sit\u00e4 on helppo k\u00e4sitell\u00e4 ja paalien laatu on vaikuttava. Olen eritt\u00e4in tyytyv\u00e4inen ostokseeni.\u201d<\/p>\n<p>\u2013 <strong>Maria L\u00f3pez, Espanja<\/strong><\/p>\n<p>\u201dT\u00e4m\u00e4 kone on ollut luotettava ty\u00f6juhta tilallamme. Sit\u00e4 on helppo kuljettaa ja k\u00e4ytt\u00e4\u00e4 jopa ep\u00e4tasaisessa maastossa. Suorituskyvyss\u00e4 ei ole ollut mit\u00e4\u00e4n ongelmia, ja se on tehnyt hein\u00e4n paalaamisesta paljon tehokkaampaa.\u201d<\/p>\n<p>\u2013 <strong>David Nguyen, Vietnam<\/strong><\/p>\n<h2>Miksi valita tuotteemme<\/h2>\n<p>9YG-2.24D-py\u00f6r\u00f6paalaimemme tarjoaa vertaansa vailla olevaa tehokkuutta, ja tarjoamme erinomaista asiakaspalvelua, 3 vuoden takuun ja nopean toimituksen maailmanlaajuisesti. Olemme ylpeit\u00e4 voidessamme toimittaa korkealaatuisia tuotteita, jotka on rakennettu kest\u00e4m\u00e4\u00e4n ja parantamaan maataloustoimintaasi. 9YG-2.24D-py\u00f6r\u00f6paalaimen lis\u00e4ksi tarjoamme my\u00f6s laajan valikoiman lis\u00e4varusteita ja niihin liittyvi\u00e4 tuotteita, jotka t\u00e4ytt\u00e4v\u00e4t kaikki maataloustarpeesi. Olemme erikoistuneet r\u00e4\u00e4t\u00e4l\u00f6ityjen ratkaisujen tarjoamiseen varmistaaksemme, ett\u00e4 asiakkaamme saavat juuri sit\u00e4, mit\u00e4 he tarvitsevat.<\/p>\n<h2>Usein kysytyt kysymykset<\/h2>\n<ol>\n<li><strong>Mik\u00e4 tekee 9YG-2.24D-py\u00f6r\u00f6paalaimesta ihanteellisen pienille tiloille?<\/strong><br \/>\n9YG-2.24D-py\u00f6r\u00f6paalain on suunniteltu kompaktiksi ja tehokkaaksi, joten se sopii t\u00e4ydellisesti pienimuotoiseen maatalouteen. Sen hydrauliikkaj\u00e4rjestelm\u00e4 yksinkertaistaa k\u00e4ytt\u00f6\u00e4, s\u00e4\u00e4st\u00e4\u00e4 aikaa ja v\u00e4hent\u00e4\u00e4 ty\u00f6voimakustannuksia, ja sen kest\u00e4v\u00e4 rakenne varmistaa sen luotettavan toiminnan erilaisten viljelykasvien kanssa.<\/li>\n<li><strong>Miten hydrauliikkaj\u00e4rjestelm\u00e4 parantaa paalauksen tehokkuutta?<\/strong><br \/>\nHydraulij\u00e4rjestelm\u00e4 varmistaa sujuvan toiminnan, mik\u00e4 mahdollistaa nopeamman ja tarkemman paalauksen. Se v\u00e4hent\u00e4\u00e4 tarvittavaa manuaalista vaivaa ja auttaa viljelij\u00f6it\u00e4 k\u00e4sittelem\u00e4\u00e4n enemm\u00e4n hein\u00e4\u00e4 lyhyemm\u00e4ss\u00e4 ajassa ja minimoimaan fyysisen rasituksen.<\/li>\n<li><strong>Pystyyk\u00f6 9YG-2.24D py\u00f6r\u00f6paalain k\u00e4sittelem\u00e4\u00e4n m\u00e4rk\u00e4\u00e4 hein\u00e4\u00e4?<\/strong><br \/>\nKyll\u00e4, 9YG-2.24D-py\u00f6r\u00f6paalain pystyy paalaamaan hein\u00e4\u00e4 erilaisissa olosuhteissa, my\u00f6s m\u00e4r\u00e4n\u00e4 hein\u00e4n\u00e4. On kuitenkin aina parasta paalata hein\u00e4 hieman kuivana homeen v\u00e4ltt\u00e4miseksi ja optimaalisten s\u00e4ilytysolosuhteiden varmistamiseksi.<\/li>\n<li><strong>Kuinka usein minun tulisi huoltaa 9YG-2.24D-py\u00f6r\u00f6paalainta?<\/strong><br \/>\nS\u00e4\u00e4nn\u00f6lliseen huoltoon kuuluu hydrauliikkaj\u00e4rjestelm\u00e4n tarkastus, puhdistus<\/li>\n<\/ol>\n<p>gzl:n muokkaama<\/p>","protected":false},"excerpt":{"rendered":"<p>Tutustu 9YG-2.24D-py\u00f6r\u00f6paalaimeen, joka on suunniteltu tehokkaaseen ja luotettavaan hein\u00e4n paalaukseen. T\u00e4m\u00e4 tehokas paalain tarjoaa paranneltua kest\u00e4vyytt\u00e4 ja helppok\u00e4ytt\u00f6isyytt\u00e4, joten se on t\u00e4ydellinen valinta laadukasta ratkaisua etsiville maanviljelij\u00f6ille. Tutustu edistyneisiin ominaisuuksiin, kuten parannettuun paalinmuodostukseen ja k\u00e4ytt\u00e4j\u00e4yst\u00e4v\u00e4llisiin hallintalaitteisiin. P\u00e4ivit\u00e4 maatalouskoneesi jo t\u00e4n\u00e4\u00e4n! Klikkaa t\u00e4st\u00e4 saadaksesi lis\u00e4tietoja sen teknisist\u00e4 tiedoista ja eduista.<\/p>","protected":false},"featured_media":391,"template":"","meta":{"_et_pb_use_builder":"","_et_pb_old_content":"","_et_gb_content_width":""},"product_brand":[],"product_cat":[18],"product_tag":[],"class_list":{"0":"post-390","1":"product","2":"type-product","3":"status-publish","4":"has-post-thumbnail","6":"product_cat-round-baler","8":"first","9":"instock","10":"shipping-taxable","11":"product-type-simple"},"_links":{"self":[{"href":"https:\/\/silage-balers.com\/fi\/wp-json\/wp\/v2\/product\/390","targetHints":{"allow":["GET"]}}],"collection":[{"href":"https:\/\/silage-balers.com\/fi\/wp-json\/wp\/v2\/product"}],"about":[{"href":"https:\/\/silage-balers.com\/fi\/wp-json\/wp\/v2\/types\/product"}],"wp:featuredmedia":[{"embeddable":true,"href":"https:\/\/silage-balers.com\/fi\/wp-json\/wp\/v2\/media\/391"}],"wp:attachment":[{"href":"https:\/\/silage-balers.com\/fi\/wp-json\/wp\/v2\/media?parent=390"}],"wp:term":[{"taxonomy":"product_brand","embeddable":true,"href":"https:\/\/silage-balers.com\/fi\/wp-json\/wp\/v2\/product_brand?post=390"},{"taxonomy":"product_cat","embeddable":true,"href":"https:\/\/silage-balers.com\/fi\/wp-json\/wp\/v2\/product_cat?post=390"},{"taxonomy":"product_tag","embeddable":true,"href":"https:\/\/silage-balers.com\/fi\/wp-json\/wp\/v2\/product_tag?post=390"}],"curies":[{"name":"wp","href":"https:\/\/api.w.org\/{rel}","templated":true}]}}