{"id":395,"date":"2025-12-23T05:05:30","date_gmt":"2025-12-23T05:05:30","guid":{"rendered":"https:\/\/silage-balers.com\/?post_type=product&#038;p=395"},"modified":"2025-12-29T05:45:20","modified_gmt":"2025-12-29T05:45:20","slug":"9yg-2-24d-pyoropaalain-s9000-classic","status":"publish","type":"product","link":"https:\/\/silage-balers.com\/fi\/tuote\/9yg-2-24d-pyoropaalain-s9000-classic\/","title":{"rendered":"9YG-2.24D py\u00f6r\u00f6paalain (S9000 Classic)"},"content":{"rendered":"<p>9YG-2.24D py\u00f6r\u00f6paalain (S9000 Classic) on tehokas ja kest\u00e4v\u00e4 kone, joka on suunniteltu laajamittaiseen maatalouteen. Se on suunniteltu k\u00e4sittelem\u00e4\u00e4n hein\u00e4\u00e4, olkea ja muita satoj\u00e4tteit\u00e4 helposti ja luomaan t\u00e4ydellisi\u00e4 py\u00f6reit\u00e4 paaleja, jotka ovat valmiita kuljetukseen ja varastointiin. T\u00e4m\u00e4 paalain tunnetaan poikkeuksellisesta suorituskyvyst\u00e4\u00e4n, tehokkaasta toiminnastaan \u200b\u200bja kest\u00e4v\u00e4st\u00e4 rakennelaadustaan. Etsitp\u00e4 sitten tapaa parantaa tilasi tehokkuutta tai yksinkertaistaa hein\u00e4n paalausta, 9YG-2.24D py\u00f6r\u00f6paalain (S9000 Classic) tarjoaa luotettavan ratkaisun tarpeisiisi.<\/p>\n<h2>Tekniset tiedot<\/h2>\n<table style=\"border-color: #000000;\">\n<thead>\n<tr>\n<th>Sarjanumero<\/th>\n<th>Tuote<\/th>\n<th>Yksikk\u00f6<\/th>\n<th>Tekniset tiedot<\/th>\n<\/tr>\n<\/thead>\n<tbody>\n<tr>\n<td>1<\/td>\n<td>Mallin nimi<\/td>\n<td>\/<\/td>\n<td>9YG-2.24D py\u00f6r\u00f6paalain (S9000 Classic)<\/td>\n<\/tr>\n<tr>\n<td>2<\/td>\n<td>Kiinnitysmenetelm\u00e4<\/td>\n<td>\/<\/td>\n<td>Hinattava tyyppi<\/td>\n<\/tr>\n<tr>\n<td>3<\/td>\n<td>Noutoleveys<\/td>\n<td>mm<\/td>\n<td>2240<\/td>\n<\/tr>\n<tr>\n<td>4<\/td>\n<td>Noutorakenteen tyyppi<\/td>\n<td>\/<\/td>\n<td>Jousihammastyyppi<\/td>\n<\/tr>\n<tr>\n<td>5<\/td>\n<td>Sy\u00f6tt\u00f6laitteen rakennetyyppi<\/td>\n<td>\/<\/td>\n<td>Hammasrulla + sylinterityyppi<\/td>\n<\/tr>\n<tr>\n<td>6<\/td>\n<td>Puristuskammion paalausrakenteen tyyppi<\/td>\n<td>\/<\/td>\n<td>Sylinterityyppi<\/td>\n<\/tr>\n<tr>\n<td>7<\/td>\n<td>Puristuskammion leveys<\/td>\n<td>mm<\/td>\n<td>1400<\/td>\n<\/tr>\n<tr>\n<td>8<\/td>\n<td>Puristuskammion halkaisija<\/td>\n<td>mm<\/td>\n<td>\u03a61200<\/td>\n<\/tr>\n<tr>\n<td>9<\/td>\n<td>Liukuvia ty\u00f6osia<\/td>\n<td>pala<\/td>\n<td>18 (Sylinterit)<\/td>\n<\/tr>\n<tr>\n<td>10<\/td>\n<td>Vierint\u00e4sylinterin halkaisija<\/td>\n<td>mm<\/td>\n<td>\u03a6222<\/td>\n<\/tr>\n<tr>\n<td>11<\/td>\n<td>Paalausmenetelm\u00e4<\/td>\n<td>\/<\/td>\n<td>Verkkosidonta<\/td>\n<\/tr>\n<tr>\n<td>12<\/td>\n<td>Vastaava voima<\/td>\n<td>kW<\/td>\n<td>55-100<\/td>\n<\/tr>\n<tr>\n<td>13<\/td>\n<td>Rakenteellinen paino<\/td>\n<td>kg<\/td>\n<td>4312<\/td>\n<\/tr>\n<tr>\n<td>14<\/td>\n<td>Voimanottoakselin nopeus<\/td>\n<td>kierrosta minuutissa<\/td>\n<td>720<\/td>\n<\/tr>\n<tr>\n<td>15<\/td>\n<td>Kokonaismitat (P \u00d7 L \u00d7 K)<\/td>\n<td>mm<\/td>\n<td>4470 \u00d7 3010 \u00d7 2370 (k\u00e4ytt\u00f6tilassa)<\/td>\n<\/tr>\n<tr>\n<td>16<\/td>\n<td>Paalin tiheyden s\u00e4\u00e4t\u00f6<\/td>\n<td>\/<\/td>\n<td>Anturiohjaus<\/td>\n<\/tr>\n<tr>\n<td>17<\/td>\n<td>Paalin koko (halkaisija \u00d7 leveys)<\/td>\n<td>mm<\/td>\n<td>\u03a61300 \u00d7 1400<\/td>\n<\/tr>\n<tr>\n<td>18<\/td>\n<td>Paalitiheys<\/td>\n<td>Kg\/m\u00b3<\/td>\n<td>100-200<\/td>\n<\/tr>\n<tr>\n<td>19<\/td>\n<td>Tuottavuus<\/td>\n<td>paalia\/h<\/td>\n<td>40-100<\/td>\n<\/tr>\n<tr>\n<td>20<\/td>\n<td>Py\u00f6r\u00e4nrata<\/td>\n<td>mm<\/td>\n<td>2600<\/td>\n<\/tr>\n<tr>\n<td>21<\/td>\n<td>K\u00e4ytt\u00f6nopeus<\/td>\n<td>km\/h<\/td>\n<td>5-35<\/td>\n<\/tr>\n<tr>\n<td>22<\/td>\n<td>Paalausverkon tekniset tiedot (P \u00d7 L)<\/td>\n<td>\/<\/td>\n<td>2000 \u00d7 1,4 m\/paali<\/td>\n<\/tr>\n<\/tbody>\n<\/table>\n<h2>Tuotteen m\u00e4\u00e4ritelm\u00e4<\/h2>\n<p>9YG-2.24D-py\u00f6r\u00f6paalain (S9000 Classic) on kest\u00e4v\u00e4 ja monipuolinen maatalouskone, joka on suunniteltu hein\u00e4n, oljen ja muiden kuivien satojen paalaamiseen. Se muodostaa tasaisia \u200b\u200bpy\u00f6reit\u00e4 paaleja, joita maatalouslaitteet k\u00e4sittelev\u00e4t helposti. T\u00e4m\u00e4 paalain on suunniteltu optimaalista suorituskyky\u00e4 ja tehokkuutta varten, mik\u00e4 varmistaa maksimaalisen tuottavuuden suurissa maatalousyrityksiss\u00e4.<\/p>\n<h2>Ongelmat, joita se ratkaisee, ja sen k\u00e4ytt\u00f6tarkoitukset<\/h2>\n<p>Viljelij\u00f6ille, jotka k\u00e4sittelev\u00e4t suuria m\u00e4\u00e4ri\u00e4 hein\u00e4\u00e4, olkea tai muita satoja, manuaaliset tai pienemm\u00e4t paalaimet kamppailevat usein tehokkuuden ja tasaisuuden kanssa. 9YG-2.24D-py\u00f6r\u00f6paalain (S9000 Classic) ratkaisee n\u00e4m\u00e4 ongelmat tarjoamalla suuren kapasiteetin, helppok\u00e4ytt\u00f6isen ja luotettavan paalausratkaisun. Se varmistaa, ett\u00e4 paalit pakataan tiiviisti, mik\u00e4 minimoi pilaantumisriskin ja maksimoi varastointitehokkuuden. 9YG-2.24D sopii erinomaisesti hein\u00e4n, oljen ja s\u00e4il\u00f6rehun paalaamiseen el\u00e4inten rehuksi, kuivikkeeksi ja jopa myyt\u00e4v\u00e4ksi kolmansille osapuolille.<\/p>\n<h2>Tuotteen edut<\/h2>\n<ul>\n<li><strong>Korkea hy\u00f6tysuhde:<\/strong> Tehokkaan moottorinsa ja edistyneen paalaintekniikkansa ansiosta 9YG-2.24D saavuttaa korkean operatiivisen tehokkuuden. Se tuottaa enemm\u00e4n paaleja lyhyemm\u00e4ss\u00e4 ajassa, mik\u00e4 parantaa merkitt\u00e4v\u00e4sti tilan tuottavuutta.<\/li>\n<li><strong>Kest\u00e4v\u00e4 rakenne:<\/strong> Paalain on suunniteltu kest\u00e4m\u00e4\u00e4n p\u00e4ivitt\u00e4isen maatalousty\u00f6n vaativia olosuhteita, ja se on valmistettu korkealaatuisista materiaaleista, jotka takaavat pitk\u00e4n k\u00e4ytt\u00f6i\u00e4n ja luotettavuuden raskaassa k\u00e4yt\u00f6ss\u00e4.<\/li>\n<li><strong>Yhten\u00e4inen paalin muodostuminen:<\/strong> Kone luo t\u00e4ydellisen py\u00f6reit\u00e4, tiiviisti pakattuja paaleja, jotka v\u00e4hent\u00e4v\u00e4t pilaantumista ja ovat helpompia k\u00e4sitell\u00e4 ja kuljettaa.<\/li>\n<li><strong>Helppo k\u00e4ytt\u00e4\u00e4:<\/strong> K\u00e4ytt\u00e4j\u00e4yst\u00e4v\u00e4llisen k\u00e4ytt\u00f6liittym\u00e4n ja yksinkertaisten hallintalaitteiden ansiosta 9YG-2.24D:n avulla viljelij\u00e4t voivat oppia k\u00e4ytt\u00e4m\u00e4\u00e4n konetta nopeasti ja minimaalisella koulutuksella.<\/li>\n<li><strong>Kustannustehokas:<\/strong> Parantamalla tehokkuutta ja v\u00e4hent\u00e4m\u00e4ll\u00e4 ty\u00f6voimakustannuksia t\u00e4m\u00e4 paalain auttaa maanviljelij\u00f6it\u00e4 s\u00e4\u00e4st\u00e4m\u00e4\u00e4n rahaa pitk\u00e4ll\u00e4 aikav\u00e4lill\u00e4, mik\u00e4 tekee siit\u00e4 \u00e4lykk\u00e4\u00e4n investoinnin laajamittaiseen toimintaan.<\/li>\n<\/ul>\n<h2>9YG-2.24D-py\u00f6r\u00f6paalaimen (S9000 Classic) toimintaperiaate<\/h2>\n<p>9YG-2.24D <a href=\"https:\/\/silage-balers.com\/fi\/tuote\/9yg-2-24d-pyoropaalain\/\">Py\u00f6r\u00f6paalain<\/a> (S9000 Classic) toimii edistyneen mekaniikan ja huipputeknologisten antureiden yhdistelm\u00e4n avulla. Prosessi alkaa, kun kone poimii hein\u00e4\u00e4 tai olkea tehokkaan sy\u00f6tt\u00f6j\u00e4rjestelm\u00e4ns\u00e4 avulla. Materiaali sy\u00f6tet\u00e4\u00e4n sitten paalikammioon, jossa se puristetaan py\u00f6re\u00e4ksi. Paalausprosessi on automatisoitu, ja kone seuraa jatkuvasti paalin kireytt\u00e4 ja kokoa tasaisuuden varmistamiseksi. Kun paali saavuttaa halutun koon, kone sitoo sen automaattisesti narulla, jolloin se on valmis poistettavaksi.<\/p>\n<p style=\"text-align: center;\"><img loading=\"lazy\" decoding=\"async\" class=\"alignnone wp-image-397\" src=\"https:\/\/silage-balers.com\/wp-content\/uploads\/2025\/12\/ep-9YG-2.24D-Round-Baler-S9000-classic-2-1.webp\" alt=\"Py\u00f6r\u00f6paalain\" width=\"411\" height=\"411\" srcset=\"https:\/\/silage-balers.com\/wp-content\/uploads\/2025\/12\/ep-9YG-2.24D-Round-Baler-S9000-classic-2-1.webp 255w, https:\/\/silage-balers.com\/wp-content\/uploads\/2025\/12\/ep-9YG-2.24D-Round-Baler-S9000-classic-2-1-150x150.webp 150w, https:\/\/silage-balers.com\/wp-content\/uploads\/2025\/12\/ep-9YG-2.24D-Round-Baler-S9000-classic-2-1-12x12.webp 12w, https:\/\/silage-balers.com\/wp-content\/uploads\/2025\/12\/ep-9YG-2.24D-Round-Baler-S9000-classic-2-1-100x100.webp 100w\" sizes=\"(max-width: 411px) 100vw, 411px\" \/><\/p>\n<h2>Ensisijaiset sovellukset<\/h2>\n<ul>\n<li><strong>Hein\u00e4n ja oljen paalaaminen:<\/strong> Ihanteellinen laajamittaiseen hein\u00e4n ja oljen tuotantoon, 9YG-2.24D varmistaa korkealaatuiset paalit, jotka sopivat el\u00e4inten rehuksi ja kuivikkeeksi.<\/li>\n<li><strong>S\u00e4il\u00f6rehun tuotanto:<\/strong> Kone pystyy my\u00f6s tuottamaan s\u00e4il\u00f6rehupaaleja, jotka s\u00e4ilytt\u00e4v\u00e4t sadon kosteuden ja ravinteet el\u00e4inten rehuksi.<\/li>\n<li><strong>Kasvij\u00e4tteiden k\u00e4sittely:<\/strong> Viljelij\u00e4t k\u00e4ytt\u00e4v\u00e4t t\u00e4t\u00e4 paalainta sadonkorjuun j\u00e4lkeisten satoj\u00e4tteiden tehokkaaseen k\u00e4sittelyyn, mik\u00e4 v\u00e4hent\u00e4\u00e4 j\u00e4tett\u00e4 ja valmistelee pellon seuraavaa kautta varten.<\/li>\n<li><strong>Rehun ja rehun s\u00e4ilytys:<\/strong> Pakkaamalla paalit tiiviisti se auttaa v\u00e4hent\u00e4m\u00e4\u00e4n pilaantumista ja varmistaa, ett\u00e4 hein\u00e4 ja olki pysyv\u00e4t tuoreina el\u00e4inten rehun varastointia varten.<\/li>\n<li><strong>Vienti ja kuljetus:<\/strong> Paalien tasainen koko ja tiiviys tekev\u00e4t niist\u00e4 ihanteellisia vientiin tai kuljetukseen markkinoille, joilla niit\u00e4 myyd\u00e4\u00e4n kuivikkeena tai rehuna.<\/li>\n<li><strong>Suuret maatilat:<\/strong> T\u00e4m\u00e4 paalain sopii parhaiten laajamittaiseen maatalouteen, jossa tehokkuus ja tuottavuus ovat avainasemassa kannattavuuden kannalta.<\/li>\n<\/ul>\n<h2>Kuinka valita tarpeisiisi sopiva 9YG-2.24D py\u00f6r\u00f6paalain (S9000 Classic)<\/h2>\n<h3>Ota huomioon paalin koko ja kapasiteetti<\/h3>\n<p>Py\u00f6r\u00f6paalainta valittaessa on t\u00e4rke\u00e4\u00e4 ottaa huomioon tarvitsemiesi paalien koko. 9YG-2.24D tarjoaa useita eri paalikokoja, mik\u00e4 varmistaa, ett\u00e4 se t\u00e4ytt\u00e4\u00e4 tilasi erityisvaatimukset.<\/p>\n<h3>Ymm\u00e4rr\u00e4 satotyyppisi<\/h3>\n<p>Eri viljelykasveilla on erilaiset kosteuspitoisuudet ja rakenteet, joten on t\u00e4rke\u00e4\u00e4 valita paalattavalle viljelykasville sopiva paalain. 9YG-2.24D pystyy k\u00e4sittelem\u00e4\u00e4n useita eri viljelykasveja, kuten hein\u00e4\u00e4, olkea ja s\u00e4il\u00f6rehua.<\/p>\n<h3>Arvioi toiminnan tehokkuutta<\/h3>\n<p>Jos haluat maksimoida tehokkuuden, 9YG-2.24D on erinomainen valinta nopean suorituskykyns\u00e4 ja minimaalisten seisokkiaikojensa ansiosta, joiden avulla voit paalata enemm\u00e4n materiaalia lyhyemm\u00e4ss\u00e4 ajassa.<\/p>\n<h3>Tarkista kest\u00e4vyys<\/h3>\n<p>Koska paalauslaitteet altistuvat ankarille pelto-olosuhteille, varmista, ett\u00e4 valitsemasi paalain on rakennettu kest\u00e4m\u00e4\u00e4n. 9YG-2.24D:ss\u00e4 on kest\u00e4v\u00e4 rakenne, joka kest\u00e4\u00e4 p\u00e4ivitt\u00e4isen k\u00e4yt\u00f6n rasitukset suurilla tiloilla.<\/p>\n<h3>Arvioi huoltotarpeet<\/h3>\n<p>Etsi paalain, jota on helppo huoltaa ja korjata. 9YG-2.24D on varustettu k\u00e4ytt\u00e4j\u00e4yst\u00e4v\u00e4llisell\u00e4 suunnittelulla, joka tekee huollosta yksinkertaista ja kustannustehokasta.<\/p>\n<h3>Arvioi kustannukset vs. hy\u00f6dyt<\/h3>\n<p>Vaikka alkuinvestointi laadukkaaseen paalaimeen saattaa tuntua kalliilta, pitk\u00e4n aikav\u00e4lin hy\u00f6dyt, kuten lis\u00e4\u00e4ntynyt tuottavuus, alemmat ty\u00f6voimakustannukset ja lyhyemm\u00e4t seisokkiajat, tekev\u00e4t 9YG-2.24D:st\u00e4 viisaan taloudellisen valinnan suurille tiloille.<\/p>\n<h2>9YG-2.24D-py\u00f6r\u00f6paalaimen (S9000 Classic) huolto<\/h2>\n<p>9YG-2.24D-py\u00f6r\u00f6paalaimen (S9000 Classic) s\u00e4\u00e4nn\u00f6llinen huolto on v\u00e4ltt\u00e4m\u00e4t\u00f6nt\u00e4 sen pitk\u00e4ik\u00e4isyyden ja tehokkaan toiminnan varmistamiseksi. T\u00e4h\u00e4n sis\u00e4ltyy paalikammion kulumisen tarkistaminen, liikkuvien osien voitelu, imu- ja poistoj\u00e4rjestelmien tarkastus sek\u00e4 sidontaj\u00e4rjestelm\u00e4n oikean toiminnan varmistaminen. Lis\u00e4ksi koneen s\u00e4\u00e4nn\u00f6llinen puhdistaminen k\u00e4yt\u00f6n j\u00e4lkeen auttaa est\u00e4m\u00e4\u00e4n roskien ja p\u00f6lyn kertymist\u00e4, jotka voivat heikent\u00e4\u00e4 suorituskyky\u00e4.<\/p>\n<p style=\"text-align: center;\"><img loading=\"lazy\" decoding=\"async\" class=\"alignnone wp-image-399\" src=\"https:\/\/silage-balers.com\/wp-content\/uploads\/2025\/12\/ep-9YG-2.24D-Round-Baler-S9000-classic-4-1.webp\" alt=\"Py\u00f6r\u00f6paalain\" width=\"402\" height=\"402\" srcset=\"https:\/\/silage-balers.com\/wp-content\/uploads\/2025\/12\/ep-9YG-2.24D-Round-Baler-S9000-classic-4-1.webp 257w, https:\/\/silage-balers.com\/wp-content\/uploads\/2025\/12\/ep-9YG-2.24D-Round-Baler-S9000-classic-4-1-150x150.webp 150w, https:\/\/silage-balers.com\/wp-content\/uploads\/2025\/12\/ep-9YG-2.24D-Round-Baler-S9000-classic-4-1-12x12.webp 12w, https:\/\/silage-balers.com\/wp-content\/uploads\/2025\/12\/ep-9YG-2.24D-Round-Baler-S9000-classic-4-1-100x100.webp 100w\" sizes=\"(max-width: 402px) 100vw, 402px\" \/><\/p>\n<h2>Asiakasarvostelut<\/h2>\n<p>\u201d9YG-2.24D-py\u00f6r\u00f6paalain on parantanut tuottavuuttamme merkitt\u00e4v\u00e4sti. Pystymme paalaamaan enemm\u00e4n materiaalia lyhyemm\u00e4ss\u00e4 ajassa, ja paalien laatu on erinomainen. Paalainta on helppo k\u00e4ytt\u00e4\u00e4, eik\u00e4 se vaadi paljoa huoltoa.\u201d<\/p>\n<p><strong>\u2013 John Smith, Yhdysvallat<\/strong><\/p>\n<p>\u201dT\u00e4m\u00e4 on ylivoimaisesti paras py\u00f6r\u00f6paalain, jota olen k\u00e4ytt\u00e4nyt. Se k\u00e4sittelee kaiken hein\u00e4st\u00e4 olkeen helposti, ja paalien tasaisuus on vaikuttava. Se on s\u00e4\u00e4st\u00e4nyt meille niin paljon aikaa ja rahaa.\u201d<\/p>\n<p><strong>\u2013 Maria Garcia, Espanja<\/strong><\/p>\n<p>\u201dHankimme 9YG-2.24D -py\u00f6r\u00f6paalaimen suurelle maatilallemme, ja olemme eritt\u00e4in tyytyv\u00e4isi\u00e4 sen suorituskykyyn. Se on luotettava, tehokas ja asiakaspalvelu on ollut erinomaista.\u201d<\/p>\n<p><strong> \u2013 Ahmed Hassan, Egypti<\/strong><\/p>\n<p>\u201dT\u00e4m\u00e4n py\u00f6r\u00f6paalaimen laatu on vertaansa vailla. Olemme pystyneet lis\u00e4\u00e4m\u00e4\u00e4n tuotantoamme ja paalit tulevat ulos tiiviisti pakattuina, mik\u00e4 sopii t\u00e4ydellisesti varastointiin ja kuljetukseen.\u201d<\/p>\n<p><strong>\u2013 Samantha Lee, Australia<\/strong><\/p>\n<p>\u201dOlemme k\u00e4ytt\u00e4neet 9YG-2.24D-py\u00f6r\u00f6paalainta jo useiden kuukausien ajan, ja se on mullistanut tilanteen. Se on kest\u00e4v\u00e4 ja tekee juuri sen, mit\u00e4 lupaa, jopa kovassa k\u00e4yt\u00f6ss\u00e4.\u201d<\/p>\n<p><strong>\u2013 Carlos Silva, Brasilia<\/strong><\/p>\n<h2>Miksi valita tuotteemme?<\/h2>\n<p>9YG-2.24D-py\u00f6r\u00f6paalaimemme (S9000 Classic) on suunniteltu tarjoamaan vertaansa vailla olevaa suorituskyky\u00e4, kest\u00e4vyytt\u00e4 ja helppok\u00e4ytt\u00f6isyytt\u00e4. Tarjoamme nopeita r\u00e4\u00e4t\u00e4l\u00f6intivaihtoehtoja, erinomaisen j\u00e4lkimarkkinointipalvelun, 3 vuoden takuun ja maailmanlaajuisen toimitusmahdollisuuden. Sitoutumalla laatuun ja asiakastyytyv\u00e4isyyteen varmistamme, ett\u00e4 jokainen tuote t\u00e4ytt\u00e4\u00e4 korkeimmat standardit. Valitse paalaimemme ja koe saumaton tuki ostosta j\u00e4lkihuoltoon.<\/p>\n<h2>Mainosta tuotettamme<\/h2>\n<p>Olemme ylpeit\u00e4 9YG-2.24D-py\u00f6r\u00f6paalaimen (S9000 Classic) poikkeuksellisesta laadusta, kilpailukykyisest\u00e4 hinnasta ja erinomaisesta palvelusta. T\u00e4m\u00e4n tuotteen lis\u00e4ksi tarjoamme my\u00f6s erilaisia \u200b\u200blis\u00e4varusteita ja niihin liittyvi\u00e4 tuotteita maatilasi tarpeisiin. Tutustu valikoimaamme ja ota meihin yhteytt\u00e4 jo t\u00e4n\u00e4\u00e4n tehd\u00e4ksesi ostoksesi. Anna meid\u00e4n auttaa sinua parantamaan maatilasi tehokkuutta ja tuottavuutta parhaalla py\u00f6r\u00f6paalaimella suurille maatiloille.<\/p>\n<p style=\"text-align: center;\"><img loading=\"lazy\" decoding=\"async\" class=\"alignnone wp-image-398\" src=\"https:\/\/silage-balers.com\/wp-content\/uploads\/2025\/12\/ep-9YG-2.24D-Round-Baler-S9000-classic-3-1.webp\" alt=\"Py\u00f6r\u00f6paalain\" width=\"406\" height=\"406\" srcset=\"https:\/\/silage-balers.com\/wp-content\/uploads\/2025\/12\/ep-9YG-2.24D-Round-Baler-S9000-classic-3-1.webp 244w, https:\/\/silage-balers.com\/wp-content\/uploads\/2025\/12\/ep-9YG-2.24D-Round-Baler-S9000-classic-3-1-150x150.webp 150w, https:\/\/silage-balers.com\/wp-content\/uploads\/2025\/12\/ep-9YG-2.24D-Round-Baler-S9000-classic-3-1-12x12.webp 12w, https:\/\/silage-balers.com\/wp-content\/uploads\/2025\/12\/ep-9YG-2.24D-Round-Baler-S9000-classic-3-1-100x100.webp 100w\" sizes=\"(max-width: 406px) 100vw, 406px\" \/><\/p>\n<h2>Usein kysytyt kysymykset<\/h2>\n<p><strong>Mik\u00e4 on 9YG-2.24D-py\u00f6r\u00f6paalaimen (S9000 Classic) kapasiteetti?<\/strong><\/p>\n<p>9YG-2.24D voi paalata jopa 2,4 metrin halkaisijaltaan olevia py\u00f6r\u00f6paaleja suurella kapasiteetilla, joten se sopii suurille maatiloille.<\/p>\n<p><strong>Sopiiko 9YG-2.24D kaikentyyppisille viljelykasveille?<\/strong><\/p>\n<p>Kyll\u00e4, paalain on monipuolinen ja pystyy k\u00e4sittelem\u00e4\u00e4n erilaisia \u200b\u200b\u200b\u200bkasveja, kuten hein\u00e4\u00e4, olkea ja s\u00e4il\u00f6rehua.<\/p>\n<p><strong>Kuinka helppoa 9YG-2.24D-py\u00f6r\u00f6paalainta on k\u00e4ytt\u00e4\u00e4?<\/strong><\/p>\n<p>Laite on suunniteltu helppok\u00e4ytt\u00f6iseksi, ja siin\u00e4 on k\u00e4ytt\u00e4j\u00e4yst\u00e4v\u00e4llinen k\u00e4ytt\u00f6liittym\u00e4 ja yksinkertaiset s\u00e4\u00e4timet nopeaa oppimista ja k\u00e4ytt\u00f6\u00e4 varten.<\/p>\n<p><strong>Mik\u00e4 on 9YG-2.24D-py\u00f6r\u00f6paalaimen takuuaika?<\/strong><\/p>\n<p>9YG-2.24D:ll\u00e4 on kolmen vuoden takuu, joka takaa mielenrauhan ja luotettavuuden.<\/p>\n<p><strong>Pystyyk\u00f6 9YG-2.24D-py\u00f6r\u00f6paalain k\u00e4sittelem\u00e4\u00e4n m\u00e4rk\u00e4\u00e4 satoa?<\/strong><\/p>\n<p>9YG-2.24D on suunniteltu ensisijaisesti kuiville sadoille, mutta se pystyy k\u00e4sittelem\u00e4\u00e4n my\u00f6s kohtalaisen kosteita satoja.<\/p>\n<p>gzl:n muokkaama<\/p>\n<p>&nbsp;<\/p>","protected":false},"excerpt":{"rendered":"<p>Tutustu 9YG-2.24D-py\u00f6r\u00f6paalaimeen (S9000 Classic) \u2013 huippuluokan ja tehokkaaseen py\u00f6r\u00f6paalaimeen, joka on suunniteltu optimaaliseen hein\u00e4n ja oljen paalaukseen. Edistyksellisten ominaisuuksiensa ansiosta t\u00e4m\u00e4 paalain varmistaa tasaisen suorituskyvyn, erinomaisen kest\u00e4vyyden ja helpon k\u00e4yt\u00f6n laajamittaisessa maataloudessa. T\u00e4ydellinen viljelij\u00f6ille, jotka etsiv\u00e4t luotettavia ja kustannustehokkaita ratkaisuja. Hanki omasi jo t\u00e4n\u00e4\u00e4n ja tehosta tuottavuutta!<\/p>","protected":false},"featured_media":396,"template":"","meta":{"_et_pb_use_builder":"","_et_pb_old_content":"","_et_gb_content_width":""},"product_brand":[],"product_cat":[18],"product_tag":[],"class_list":{"0":"post-395","1":"product","2":"type-product","3":"status-publish","4":"has-post-thumbnail","6":"product_cat-round-baler","8":"first","9":"instock","10":"shipping-taxable","11":"product-type-simple"},"_links":{"self":[{"href":"https:\/\/silage-balers.com\/fi\/wp-json\/wp\/v2\/product\/395","targetHints":{"allow":["GET"]}}],"collection":[{"href":"https:\/\/silage-balers.com\/fi\/wp-json\/wp\/v2\/product"}],"about":[{"href":"https:\/\/silage-balers.com\/fi\/wp-json\/wp\/v2\/types\/product"}],"wp:featuredmedia":[{"embeddable":true,"href":"https:\/\/silage-balers.com\/fi\/wp-json\/wp\/v2\/media\/396"}],"wp:attachment":[{"href":"https:\/\/silage-balers.com\/fi\/wp-json\/wp\/v2\/media?parent=395"}],"wp:term":[{"taxonomy":"product_brand","embeddable":true,"href":"https:\/\/silage-balers.com\/fi\/wp-json\/wp\/v2\/product_brand?post=395"},{"taxonomy":"product_cat","embeddable":true,"href":"https:\/\/silage-balers.com\/fi\/wp-json\/wp\/v2\/product_cat?post=395"},{"taxonomy":"product_tag","embeddable":true,"href":"https:\/\/silage-balers.com\/fi\/wp-json\/wp\/v2\/product_tag?post=395"}],"curies":[{"name":"wp","href":"https:\/\/api.w.org\/{rel}","templated":true}]}}