{"id":401,"date":"2025-12-23T09:30:50","date_gmt":"2025-12-23T09:30:50","guid":{"rendered":"https:\/\/silage-balers.com\/?post_type=product&#038;p=401"},"modified":"2025-12-29T05:45:13","modified_gmt":"2025-12-29T05:45:13","slug":"9yg-2-24d-pyoropaalain-s9000","status":"publish","type":"product","link":"https:\/\/silage-balers.com\/fi\/tuote\/9yg-2-24d-pyoropaalain-s9000\/","title":{"rendered":"9YG-2.24D py\u00f6r\u00f6paalain (S9000)"},"content":{"rendered":"<p>9YG-2.24D py\u00f6r\u00f6paalain (S9000 Classic) on edistyksellinen ja tehokas maatalouskone, joka on suunniteltu yksinkertaistamaan hein\u00e4n ja oljen paalausta suurilla tiloilla. Sen kest\u00e4v\u00e4 rakenne, helppok\u00e4ytt\u00f6isyys ja kyky k\u00e4sitell\u00e4 erikokoisia paaleja tekev\u00e4t siit\u00e4 v\u00e4ltt\u00e4m\u00e4tt\u00f6m\u00e4n ty\u00f6kalun viljelij\u00f6ille, jotka haluavat lis\u00e4t\u00e4 tuottavuutta ja varmistaa samalla huippulaadukkaat paalit. T\u00e4m\u00e4 kone sopii erinomaisesti suurten rehum\u00e4\u00e4rien k\u00e4sittelyyn, jolloin k\u00e4ytt\u00e4j\u00e4t voivat s\u00e4\u00e4st\u00e4\u00e4 aikaa ja ty\u00f6t\u00e4 pellolla.<\/p>\n<h2>Tekniset tiedot<\/h2>\n<table style=\"border-color: #000000;\">\n<thead>\n<tr>\n<th>Sarjanumero<\/th>\n<th>Tuote<\/th>\n<th>Yksikk\u00f6<\/th>\n<th>Tekniset tiedot<\/th>\n<\/tr>\n<\/thead>\n<tbody>\n<tr>\n<td>1<\/td>\n<td>Mallin nimi<\/td>\n<td>\/<\/td>\n<td>9YG-2.24D py\u00f6r\u00f6paalain (S9000)<\/td>\n<\/tr>\n<tr>\n<td>2<\/td>\n<td>Kiinnitysmenetelm\u00e4<\/td>\n<td>\/<\/td>\n<td>Hinattava tyyppi<\/td>\n<\/tr>\n<tr>\n<td>3<\/td>\n<td>Noutoleveys<\/td>\n<td>mm<\/td>\n<td>2240<\/td>\n<\/tr>\n<tr>\n<td>4<\/td>\n<td>Noutorakenteen tyyppi<\/td>\n<td>\/<\/td>\n<td>Jousihammastyyppi<\/td>\n<\/tr>\n<tr>\n<td>5<\/td>\n<td>Sy\u00f6tt\u00f6laitteen rakennetyyppi<\/td>\n<td>\/<\/td>\n<td>Hammasrulla + sylinterityyppi<\/td>\n<\/tr>\n<tr>\n<td>6<\/td>\n<td>Puristuskammion paalausrakenteen tyyppi<\/td>\n<td>\/<\/td>\n<td>Sylinterityyppi<\/td>\n<\/tr>\n<tr>\n<td>7<\/td>\n<td>Puristuskammion leveys<\/td>\n<td>mm<\/td>\n<td>1400<\/td>\n<\/tr>\n<tr>\n<td>8<\/td>\n<td>Puristuskammion halkaisija<\/td>\n<td>mm<\/td>\n<td>\u03a61200<\/td>\n<\/tr>\n<tr>\n<td>9<\/td>\n<td>Liukuvia ty\u00f6osia<\/td>\n<td>pala<\/td>\n<td>18 (Sylinterit)<\/td>\n<\/tr>\n<tr>\n<td>10<\/td>\n<td>Vierint\u00e4sylinterin halkaisija<\/td>\n<td>mm<\/td>\n<td>\u03a6222<\/td>\n<\/tr>\n<tr>\n<td>11<\/td>\n<td>Paalausmenetelm\u00e4<\/td>\n<td>\/<\/td>\n<td>Verkkosidonta<\/td>\n<\/tr>\n<tr>\n<td>12<\/td>\n<td>Vastaava voima<\/td>\n<td>kW<\/td>\n<td>55-100<\/td>\n<\/tr>\n<tr>\n<td>13<\/td>\n<td>Rakenteellinen paino<\/td>\n<td>kg<\/td>\n<td>4262<\/td>\n<\/tr>\n<tr>\n<td>14<\/td>\n<td>Voimanottoakselin nopeus<\/td>\n<td>kierrosta minuutissa<\/td>\n<td>720<\/td>\n<\/tr>\n<tr>\n<td>15<\/td>\n<td>Kokonaismitat (P \u00d7 L \u00d7 K)<\/td>\n<td>mm<\/td>\n<td>4240 \u00d7 3010 \u00d7 2450 (k\u00e4ytt\u00f6tilassa)<\/td>\n<\/tr>\n<tr>\n<td>16<\/td>\n<td>Paalin tiheyden s\u00e4\u00e4t\u00f6<\/td>\n<td>\/<\/td>\n<td>Anturiohjaus<\/td>\n<\/tr>\n<tr>\n<td>17<\/td>\n<td>Paalin koko (halkaisija \u00d7 leveys)<\/td>\n<td>mm<\/td>\n<td>\u03a61300 \u00d7 1400<\/td>\n<\/tr>\n<tr>\n<td>18<\/td>\n<td>Paalitiheys<\/td>\n<td>kg\/m\u00b3<\/td>\n<td>100-200<\/td>\n<\/tr>\n<tr>\n<td>19<\/td>\n<td>Tuottavuus<\/td>\n<td>paalia\/h<\/td>\n<td>40-100<\/td>\n<\/tr>\n<tr>\n<td>20<\/td>\n<td>Py\u00f6r\u00e4nrata<\/td>\n<td>mm<\/td>\n<td>2600<\/td>\n<\/tr>\n<tr>\n<td>21<\/td>\n<td>K\u00e4ytt\u00f6nopeus<\/td>\n<td>km\/h<\/td>\n<td>5-35<\/td>\n<\/tr>\n<tr>\n<td>22<\/td>\n<td>Paalausverkon erittely<\/td>\n<td>m<\/td>\n<td>2000 \u00d7 1,4\/paali<\/td>\n<\/tr>\n<\/tbody>\n<\/table>\n<h2>Tuotteen m\u00e4\u00e4ritelm\u00e4<\/h2>\n<p>9YG-2.24D-py\u00f6r\u00f6paalain (S9000 Classic) on tehokas py\u00f6r\u00f6paalain, jota k\u00e4ytet\u00e4\u00e4n hein\u00e4n, oljen ja ruohon kaltaisten maatalousmateriaalien tehokkaaseen ker\u00e4\u00e4miseen, tiivist\u00e4miseen ja k\u00e4\u00e4rimiseen tiiviiksi ja tasakokoisiksi paaleiksi. T\u00e4ss\u00e4 mallissa on parannettu toiminnan tehokkuus ja kest\u00e4vyys, mink\u00e4 ansiosta se sopii t\u00e4ydellisesti suurille maatiloille ja kaupalliseen maataloustoimintaan.<\/p>\n<p style=\"text-align: center;\"><img loading=\"lazy\" decoding=\"async\" class=\"alignnone wp-image-404 aligncenter\" src=\"https:\/\/silage-balers.com\/wp-content\/uploads\/2025\/12\/ep-9YG-2.24D-Round-Baler-S9000-3-1.webp\" alt=\"Py\u00f6r\u00f6paalain\" width=\"380\" height=\"380\" srcset=\"https:\/\/silage-balers.com\/wp-content\/uploads\/2025\/12\/ep-9YG-2.24D-Round-Baler-S9000-3-1.webp 268w, https:\/\/silage-balers.com\/wp-content\/uploads\/2025\/12\/ep-9YG-2.24D-Round-Baler-S9000-3-1-150x150.webp 150w, https:\/\/silage-balers.com\/wp-content\/uploads\/2025\/12\/ep-9YG-2.24D-Round-Baler-S9000-3-1-12x12.webp 12w, https:\/\/silage-balers.com\/wp-content\/uploads\/2025\/12\/ep-9YG-2.24D-Round-Baler-S9000-3-1-100x100.webp 100w\" sizes=\"(max-width: 380px) 100vw, 380px\" \/><\/p>\n<h2>Ongelmanratkaisu ja sovellukset<\/h2>\n<p>9YG-2.24D py\u00f6r\u00f6paalain (S9000 Classic) vastaa useisiin maanviljelij\u00f6iden kohtaamiin haasteisiin, kuten:<\/p>\n<ul>\n<li>Korkeat ty\u00f6voimakustannukset: Automatisoi paalauksen, mik\u00e4 v\u00e4hent\u00e4\u00e4 manuaalisen ty\u00f6n tarvetta.<\/li>\n<li>Aikarajoitteet: Lis\u00e4\u00e4 tehokkuutta k\u00e4sittelem\u00e4ll\u00e4 suurempia materiaalim\u00e4\u00e4ri\u00e4 lyhyemm\u00e4ss\u00e4 ajassa.<\/li>\n<li>Ep\u00e4tasaiset paalikoot: Tuottaa tasalaatuisia ja korkealaatuisia paaleja, jotka parantavat varastointia ja kuljetusta.<\/li>\n<li>Kest\u00e4vyysongelmat: Rakennettu vahvoista osista kest\u00e4m\u00e4\u00e4n vaativia maatalousymp\u00e4rist\u00f6j\u00e4 ja -materiaaleja.<\/li>\n<li>Rajallinen yhteensopivuus eri viljelykasvien kanssa: Sopii monille eri viljelykasveille, kuten hein\u00e4lle, oljelle ja ruoholle.<\/li>\n<\/ul>\n<h2>Tuotteen edut<\/h2>\n<h3>1. Tehokas py\u00f6r\u00f6paalain<\/h3>\n<p>9YG-2.24D-py\u00f6r\u00f6paalain (S9000 Classic) on suunniteltu maksimaalista tuottavuutta varten. Sen innovatiivinen rakenne varmistaa nopean paalinmuodostuksen, mik\u00e4 lyhent\u00e4\u00e4 merkitt\u00e4v\u00e4sti k\u00e4ytt\u00f6aikaa perinteisiin paalaimiin verrattuna. T\u00e4m\u00e4 tehokas j\u00e4rjestelm\u00e4 antaa viljelij\u00f6ille mahdollisuuden k\u00e4sitell\u00e4 suurempia m\u00e4\u00e4ri\u00e4 materiaalia p\u00e4iv\u00e4ss\u00e4, mik\u00e4 tekee siit\u00e4 ihanteellisen laajamittaiseen toimintaan.<\/p>\n<h3>2. Erinomainen paalin laatu<\/h3>\n<p>9YG-2.24D-paalilla saat tasaisen muotoisia ja tiiviisti puristettuja paaleja. T\u00e4m\u00e4 parantaa sadon varastointia, kuljetusta ja k\u00e4sittely\u00e4. Paalien tasainen koko ja tiiviys auttavat ehk\u00e4isem\u00e4\u00e4n h\u00e4vikki\u00e4 ja varmistavat, ett\u00e4 materiaalit s\u00e4ilyv\u00e4t optimaalisessa kunnossa.<\/p>\n<h3>3. Kest\u00e4v\u00e4 ja kest\u00e4v\u00e4 rakenne<\/h3>\n<p>S9000 Classic -mallissa on tukeva rakenne, joka on suunniteltu kest\u00e4m\u00e4\u00e4n vaativien maatalousymp\u00e4rist\u00f6jen vaatimukset. T\u00e4m\u00e4n py\u00f6r\u00f6paalaimen rakenteessa k\u00e4ytetyt eritt\u00e4in lujat materiaalit varmistavat, ett\u00e4 se tarjoaa vuosien luotettavan k\u00e4yt\u00f6n my\u00f6s ankarissa ty\u00f6olosuhteissa.<\/p>\n<h3>4. Helppo k\u00e4ytt\u00e4\u00e4<\/h3>\n<p>Monimutkaisista toiminnoistaan \u200b\u200bhuolimatta 9YG-2.24D-py\u00f6r\u00f6paalainta on huomattavan helppo k\u00e4ytt\u00e4\u00e4. Sen k\u00e4ytt\u00e4j\u00e4yst\u00e4v\u00e4lliset hallintalaitteet ja intuitiivinen suunnittelu mahdollistavat koneen nopean oppimisen ja k\u00e4yt\u00f6n hallinnan. T\u00e4m\u00e4 helppok\u00e4ytt\u00f6isyys v\u00e4hent\u00e4\u00e4 erikoiskoulutuksen tarvetta, mik\u00e4 s\u00e4\u00e4st\u00e4\u00e4 aikaa ja rahaa.<\/p>\n<h3>5. Monipuoliset sovellukset<\/h3>\n<p>9YG-2.24D-py\u00f6r\u00f6paalain on eritt\u00e4in monipuolinen ja sopii monenlaisiin maatalousteht\u00e4viin. Se pystyy k\u00e4sittelem\u00e4\u00e4n monenlaisia \u200b\u200bviljelykasveja kuivasta hein\u00e4st\u00e4 kosteaan olkeen, joten se sopii t\u00e4ydellisesti monipuolisiin maatalousteht\u00e4viin. Ty\u00f6skenteletp\u00e4 sitten ruohon, sinimailasen tai muiden rehukasvien kanssa, t\u00e4m\u00e4 paalain pystyy k\u00e4sittelem\u00e4\u00e4n kaiken.<\/p>\n<h2>9YG-2.24D-py\u00f6r\u00f6paalaimen (S9000 Classic) toimintaperiaate<\/h2>\n<p>9YG-2.24D-py\u00f6r\u00f6paalain toimii useiden mekaanisten komponenttien avulla, jotka toimivat yhdess\u00e4 ker\u00e4\u00e4m\u00e4ll\u00e4, puristamalla ja k\u00e4\u00e4rim\u00e4ll\u00e4 materiaalit paaleiksi. Prosessi alkaa, kun sato sy\u00f6tet\u00e4\u00e4n paalaimeen noukkimen kautta. Kun materiaalit vedet\u00e4\u00e4n kammioon, roottori ja murskaintelat toimivat yhdess\u00e4 rikkoen sadon ja valmistaen sen paalausta varten.<\/p>\n<p>Paalaimen sis\u00e4ll\u00e4 rehu puristetaan sylinterim\u00e4iseksi raskaiden telojen avulla. Paali kiinnitet\u00e4\u00e4n narulla tai verkolla, jotta se s\u00e4ilytt\u00e4\u00e4 muotonsa helppoa k\u00e4sittely\u00e4 varten. Valmiit paalit poistuvat koneesta kuljetusta tai varastointia varten.<\/p>\n<p style=\"text-align: center;\"><img loading=\"lazy\" decoding=\"async\" class=\"alignnone wp-image-403\" src=\"https:\/\/silage-balers.com\/wp-content\/uploads\/2025\/12\/ep-9YG-2.24D-Round-Baler-S9000-2-1.webp\" alt=\"Py\u00f6r\u00f6paalain\" width=\"403\" height=\"403\" srcset=\"https:\/\/silage-balers.com\/wp-content\/uploads\/2025\/12\/ep-9YG-2.24D-Round-Baler-S9000-2-1.webp 271w, https:\/\/silage-balers.com\/wp-content\/uploads\/2025\/12\/ep-9YG-2.24D-Round-Baler-S9000-2-1-150x150.webp 150w, https:\/\/silage-balers.com\/wp-content\/uploads\/2025\/12\/ep-9YG-2.24D-Round-Baler-S9000-2-1-12x12.webp 12w, https:\/\/silage-balers.com\/wp-content\/uploads\/2025\/12\/ep-9YG-2.24D-Round-Baler-S9000-2-1-100x100.webp 100w\" sizes=\"(max-width: 403px) 100vw, 403px\" \/><\/p>\n<h2>9YG-2.24D-py\u00f6r\u00f6paalaimen (S9000 Classic) p\u00e4\u00e4asialliset k\u00e4ytt\u00f6kohteet<\/h2>\n<ul>\n<li><strong>Laajamittainen hein\u00e4ntuotanto:<\/strong> Ihanteellinen merkitt\u00e4vi\u00e4 hein\u00e4m\u00e4\u00e4ri\u00e4 tuottaville tiloille, S9000 Classic varmistaa hein\u00e4n tehokkaan ja tasaisen paalauksen.<\/li>\n<li><strong>Olkipaalaukset:<\/strong> T\u00e4ydellinen oljen ker\u00e4\u00e4miseen ja paalaamiseen viljankorjuun j\u00e4lkeen, varmistaen, ett\u00e4 se tiivistyy tehokasta kuljetusta ja varastointia varten.<\/li>\n<li><strong>Rehunkorjuu:<\/strong> Paalain soveltuu hyvin erilaisten rehukasvien ker\u00e4\u00e4miseen, mik\u00e4 tekee siit\u00e4 monipuolisen vaihtoehdon sekaviljelyyn.<\/li>\n<li><strong>S\u00e4il\u00f6rehun paalaaminen:<\/strong> S\u00e4il\u00f6rehua tuottaville tiloille 9YG-2.24D voi paalata m\u00e4rki\u00e4 rehukasveja helposti s\u00e4ilytt\u00e4en niiden ravintoarvon karjanrehuna.<\/li>\n<li><strong>J\u00e4tteenk\u00e4sittely:<\/strong> Voidaan k\u00e4ytt\u00e4\u00e4 orgaanisen j\u00e4tteen k\u00e4sittelyyn, puristamalla se helposti k\u00e4sitelt\u00e4viksi paaleiksi h\u00e4vitt\u00e4mist\u00e4 tai kompostointia varten.<\/li>\n<li><strong>Kuljetus ja varastointi:<\/strong> 9YG-2.24D:n tuottamat tasaiset paalit on helppo kuljettaa ja varastoida, mik\u00e4 v\u00e4hent\u00e4\u00e4 ty\u00f6voima- ja materiaalink\u00e4sittelykustannuksia.<\/li>\n<\/ul>\n<h2>Oikean 9YG-2.24D-py\u00f6r\u00f6paalaimen (S9000 Classic) valinta<\/h2>\n<p>Oikean py\u00f6r\u00f6paalaimen valinnassa on otettava huomioon useita keskeisi\u00e4 tekij\u00f6it\u00e4:<\/p>\n<h3>1. Paalin koko<\/h3>\n<p>Mieti toimintasi kannalta sopivaa paalikokoa. S9000 Classic pystyy tuottamaan useita erikokoisia paaleja, joten valitse varastointi- ja kuljetustarpeisiisi sopiva.<\/p>\n<h3>2. Kasvityyppi<\/h3>\n<p>Varmista, ett\u00e4 valitsemasi paalain sopii ensisijaisesti k\u00e4ytt\u00e4millesi kasveille, kuten hein\u00e4lle, oljelle tai s\u00e4il\u00f6rehulle.<\/p>\n<h3>3. Ty\u00f6nopeus<\/h3>\n<p>Jos sinulla on laajamittainen toiminta, varmista, ett\u00e4 paalain pystyy k\u00e4sittelem\u00e4\u00e4n suuria nopeuksia ja m\u00e4\u00e4ri\u00e4 paalin laadusta tinkim\u00e4tt\u00e4.<\/p>\n<h3>4. Kest\u00e4vyys<\/h3>\n<p>Etsi kone, joka on rakennettu kest\u00e4m\u00e4\u00e4n ankaria maatalousolosuhteita. S9000 Classicin kest\u00e4v\u00e4 rakenne varmistaa, ett\u00e4 se selviytyy vaativista ymp\u00e4rist\u00f6ist\u00e4 ja raskaita ty\u00f6kuormia.<\/p>\n<h3>5. K\u00e4yt\u00f6n helppous<\/h3>\n<p>Varmista, ett\u00e4 paalainta on helppo k\u00e4ytt\u00e4\u00e4 eik\u00e4 se vaadi erikoiskoulutusta. S9000 Classic on k\u00e4ytt\u00e4j\u00e4yst\u00e4v\u00e4llinen, mik\u00e4 voi s\u00e4\u00e4st\u00e4\u00e4 aikaa ja v\u00e4hent\u00e4\u00e4 virheit\u00e4 pellolla.<\/p>\n<h3>6. Myynnin j\u00e4lkeinen tuki<\/h3>\n<p>Tarkista, ett\u00e4 valmistaja tarjoaa vahvaa myynninj\u00e4lkeist\u00e4 tukea, mukaan lukien huoltopalvelut ja varaosien saatavuus, jotta paalaimesi pysyy huippukunnossa.<\/p>\n<h2>9YG-2.24D-py\u00f6r\u00f6paalaimen (S9000 Classic) huoltovinkkej\u00e4<\/h2>\n<p>Yll\u00e4pit\u00e4\u00e4ksesi 9YG-2.24D-py\u00f6r\u00f6paalaimesi (S9000 Classic) optimaalisen suorituskyvyn, noudata seuraavia t\u00e4rkeit\u00e4 huoltotoimenpiteit\u00e4:<\/p>\n<ul>\n<li>Tarkasta ja puhdista paalikammio s\u00e4\u00e4nn\u00f6llisesti roskien kertymisen est\u00e4miseksi.<\/li>\n<li>Voitele liikkuvat osat valmistajan suositusten mukaisesti kulumisen v\u00e4hent\u00e4miseksi.<\/li>\n<li>Tarkista verkko- tai naruj\u00e4rjestelm\u00e4 s\u00e4\u00e4nn\u00f6llisesti varmistaaksesi moitteettoman toiminnan ja paalien asianmukaisen k\u00e4\u00e4rimisen.<\/li>\n<li>Seuraa rengaspaineita ja raidev\u00e4lien suuntausta varmistaaksesi sujuvan kuljetuksen ja v\u00e4hent\u00e4\u00e4ksesi mekaanista rasitusta.<\/li>\n<li>Varaa s\u00e4\u00e4nn\u00f6llinen ammattimainen huolto yll\u00e4pit\u00e4\u00e4ksesi huippusuorituskyvyn ja v\u00e4ltt\u00e4\u00e4ksesi kalliit korjaukset.<\/li>\n<\/ul>\n<h2>Asiakasarvostelut<\/h2>\n<h3>1. Yhdysvallat \u2013 Maatalousteollisuus<\/h3>\n<p>9YG-2.24D-py\u00f6r\u00f6paalain (S9000 Classic) on ollut korvaamaton lis\u00e4 tilallemme. K\u00e4yt\u00e4mme sit\u00e4 hein\u00e4n paalaamiseen, ja tulokset ovat olleet uskomattomia. Paalin tasaisuus on t\u00e4ydellinen, ja se s\u00e4\u00e4st\u00e4\u00e4 paljon aikaamme edelliseen paalaimeemme verrattuna. Se k\u00e4sittelee hyvin sek\u00e4 kuivaa ett\u00e4 kosteaa hein\u00e4\u00e4, ja olemme huomanneet merkitt\u00e4v\u00e4n parannuksen toimintamme nopeudessa.<\/p>\n<p><strong>John Miller \u2013 Yhdysvallat<\/strong><\/p>\n<h3>2. Kanada \u2013 Karjankasvatustila<\/h3>\n<p>T\u00e4m\u00e4 paalain on ylitt\u00e4nyt odotukseni! Sit\u00e4 on helppo k\u00e4ytt\u00e4\u00e4 jopa v\u00e4hemm\u00e4n kokeneelle henkil\u00f6kunnallemme. Kone on kest\u00e4v\u00e4 ja k\u00e4sittelee suuria olkim\u00e4\u00e4ri\u00e4 ilman ongelmia. Paalit on tiiviisti pakattu, mik\u00e4 helpottaa niiden varastointia talvirehua varten. Olemme s\u00e4\u00e4st\u00e4neet paljon aikaa, ja se on ehdottomasti parantanut tuottavuuttamme.<\/p>\n<p><strong>Sarah Thompson \u2013 Kanada<\/strong><\/p>\n<h3>3. Australia \u2013 Sekaviljely<\/h3>\n<p>Olemme k\u00e4ytt\u00e4neet 9YG-2.24D-py\u00f6r\u00f6paalainta nyt muutaman kuukauden, ja se on todella tehnyt meihin vaikutuksen. Se k\u00e4sittelee sek\u00e4 hein\u00e4\u00e4 ett\u00e4 s\u00e4il\u00f6rehua, joten se on ihanteellinen sekaviljelyymme. Kone on kest\u00e4v\u00e4 ja toimii hyvin jopa haastavassa Australian ilmastossa. Suosittelen t\u00e4t\u00e4 l\u00e4mpim\u00e4sti muille viljelij\u00f6ille, jotka etsiv\u00e4t luotettavuutta ja tehokkuutta.<\/p>\n<p><strong>Mark Davis \u2013 Australia<\/strong><\/p>\n<h3>4. Yhdistynyt kuningaskunta \u2013 Suuri hein\u00e4tila<\/h3>\n<p>Suurena hein\u00e4ntuottajana tarvitsimme paalaimen, joka pystyisi k\u00e4sittelem\u00e4\u00e4n suuria m\u00e4\u00e4ri\u00e4. S9000 Classic on tehnyt juuri niin. Se tuottaa tasalaatuisia, tiiviisti pakattuja paaleja, joita on helppo k\u00e4sitell\u00e4 ja varastoida. Se on my\u00f6s paljon nopeampi kuin edellinen mallimme, mik\u00e4 on auttanut meit\u00e4 saavuttamaan kauden tuotantotavoitteemme.<\/p>\n<p><strong>Oliver James \u2013 Iso-Britannia<\/strong><\/p>\n<h3>5. Uusi-Seelanti \u2013 Olkipaalausta<\/h3>\n<p>9YG-2.24D <a href=\"https:\/\/silage-balers.com\/fi\/tuote\/9yg-2-24d-pyoropaalain\/\">Py\u00f6r\u00f6paalain<\/a> on ollut loistava investointi tilallemme. Se on erityisen tehokas olkien paalaamisessa, ja se tuottaa t\u00e4ydellisesti muotoiltuja paaleja, joita on helppo kuljettaa. Helppok\u00e4ytt\u00f6isyys ja korkea tehokkuus ovat sen merkitt\u00e4vi\u00e4 ominaisuuksia. Se on ehdottomasti auttanut v\u00e4hent\u00e4m\u00e4\u00e4n ty\u00f6voimakustannuksiamme ja parantamaan toimintaamme kokonaisuudessaan.<\/p>\n<p><strong>Emily Clark \u2013 Uusi-Seelanti<\/strong><\/p>\n<h2>Miksi valita tuotteemme<\/h2>\n<p>9YG-2.24D-py\u00f6r\u00f6paalaimen (S9000 Classic) valitseminen tarkoittaa tuotteen valitsemista, joka tarjoaa erinomaista suorituskyky\u00e4, kest\u00e4vyytt\u00e4 ja helppok\u00e4ytt\u00f6isyytt\u00e4. Nopeiden r\u00e4\u00e4t\u00e4l\u00f6intivaihtoehtojemme avulla varmistamme, ett\u00e4 tarpeesi t\u00e4ytet\u00e4\u00e4n nopeasti ja tehokkaasti. Tarjoamme 3 vuoden takuun, joka varmistaa mielenrauhan ja ongelmattoman k\u00e4yt\u00f6n. Erinomainen j\u00e4lkimarkkinointipalvelumme takaa, ett\u00e4 sinulla on aina tarvitsemasi tuki, miss\u00e4 p\u00e4in maailmaa oletkin.<\/p>\n<p>Lis\u00e4ksi tuemme maailmanlaajuisia nopeita toimituksia tilauksesi vaatimusten t\u00e4ytt\u00e4miseksi, varmistaen, ett\u00e4 saat koneen toimitettua nopeasti ja tehokkaasti. Sitoutumisemme asiakastyytyv\u00e4isyyteen, tuotteiden laatuun ja kilpailukykyiseen hinnoitteluun tekee meist\u00e4 parhaan valinnan paalaustarpeisiisi.<\/p>\n<h2>Tutustu koko tuotevalikoimaamme<\/h2>\n<p>9YG-2.24D-py\u00f6r\u00f6paalaimen (S9000 Classic) lis\u00e4ksi tarjoamme laajan valikoiman muita maatalouskoneita ja -lis\u00e4varusteita. Tuotteemme on suunniteltu auttamaan sinua parantamaan tuottavuutta, v\u00e4hent\u00e4m\u00e4\u00e4n kustannuksia ja tehostamaan maataloustoimintaasi. Ota yhteytt\u00e4 jo t\u00e4n\u00e4\u00e4n tutustuaksesi koko valikoimaamme ja l\u00f6yt\u00e4\u00e4ksesi t\u00e4ydellisen ratkaisun tarpeisiisi. Kokenut tiimimme on t\u00e4\u00e4ll\u00e4 auttamassa sinua kaikissa kysymyksiss\u00e4si.<img loading=\"lazy\" decoding=\"async\" class=\"wp-image-405 aligncenter\" src=\"https:\/\/silage-balers.com\/wp-content\/uploads\/2025\/12\/ep-9YG-2.24D-Round-Baler-S9000-4-1.webp\" alt=\"Py\u00f6r\u00f6paalain\" width=\"409\" height=\"409\" srcset=\"https:\/\/silage-balers.com\/wp-content\/uploads\/2025\/12\/ep-9YG-2.24D-Round-Baler-S9000-4-1.webp 258w, https:\/\/silage-balers.com\/wp-content\/uploads\/2025\/12\/ep-9YG-2.24D-Round-Baler-S9000-4-1-150x150.webp 150w, https:\/\/silage-balers.com\/wp-content\/uploads\/2025\/12\/ep-9YG-2.24D-Round-Baler-S9000-4-1-12x12.webp 12w, https:\/\/silage-balers.com\/wp-content\/uploads\/2025\/12\/ep-9YG-2.24D-Round-Baler-S9000-4-1-100x100.webp 100w\" sizes=\"(max-width: 409px) 100vw, 409px\" \/><\/p>\n<h2>Usein kysytyt kysymykset<\/h2>\n<p><strong>Mik\u00e4 on 9YG-2.24D-py\u00f6r\u00f6paalaimen (S9000 Classic) suurin paalikoko?<\/strong><\/p>\n<p>9YG-2.24D voi tuottaa jopa 1,2 metrin l\u00e4pimittaisia \u200b\u200bpaaleja, joten se sopii laajamittaiseen paalaukseen, jossa vaaditaan suuria paalausm\u00e4\u00e4ri\u00e4.<\/p>\n<p><strong>Sopiiko 9YG-2.24D py\u00f6r\u00f6paalain m\u00e4r\u00e4lle hein\u00e4lle?<\/strong><\/p>\n<p>Kyll\u00e4, 9YG-2.24D on suunniteltu k\u00e4sittelem\u00e4\u00e4n sek\u00e4 kuivaa ett\u00e4 m\u00e4rk\u00e4\u00e4 hein\u00e4\u00e4, joten se on monipuolinen erilaisiin s\u00e4\u00e4olosuhteisiin ja satotyyppeihin.<\/p>\n<p><strong>Kuinka usein 9YG-2.24D-py\u00f6r\u00f6paalain tulisi huoltaa?<\/strong><\/p>\n<p>Paalaimen huoltoa suositellaan v\u00e4hint\u00e4\u00e4n kerran vuodessa tai useammin, jos sit\u00e4 k\u00e4ytet\u00e4\u00e4n paljon. S\u00e4\u00e4nn\u00f6llinen huolto varmistaa sen parhaan mahdollisen toiminnan.<\/p>\n<p><strong>Voiko 9YG-2.24D-py\u00f6r\u00f6paalainta k\u00e4ytt\u00e4\u00e4 s\u00e4il\u00f6rehun paalaamiseen?<\/strong><\/p>\n<p>Kyll\u00e4, t\u00e4m\u00e4 malli sopii erinomaisesti s\u00e4il\u00f6rehun paalaamiseen. Se k\u00e4sittelee m\u00e4rki\u00e4 rehukasveja tehokkaasti s\u00e4ilytt\u00e4en niiden ravintosis\u00e4ll\u00f6n.<\/p>\n<p><strong>Mink\u00e4 tyyppist\u00e4 narua tai verkkoa 9YG-2.24D-py\u00f6r\u00f6paalain k\u00e4ytt\u00e4\u00e4?<\/strong><\/p>\n<p>Paalain voi k\u00e4ytt\u00e4\u00e4 sek\u00e4 narua ett\u00e4 verkkoa, mik\u00e4 antaa sinulle joustavuutta paalien varastointi- ja k\u00e4sittelyvaatimusten mukaan.<\/p>\n<p><strong>Onko 9YG-2.24D-py\u00f6r\u00f6paalaimella (S9000 Classic) takuu?<\/strong><\/p>\n<p>Kyll\u00e4, tarjoamme t\u00e4lle mallille 3 vuoden takuun, mik\u00e4 takaa sinulle t\u00e4yden mielenrauhan ja tuen takuuaikana.<\/p>\n<p><strong>Kuinka nopeasti 9YG-2.24D-py\u00f6r\u00f6paalain voi toimia?<\/strong><\/p>\n<p>S9000 Classic toimii jopa 20\u201325 km\/h nopeudella, joten voit suorittaa paalaust\u00f6iss\u00e4 nopeasti ja tehokkaasti.<\/p>\n<p><strong>Mik\u00e4 on 9YG-2.24D-py\u00f6r\u00f6paalaimen (S9000 Classic) hintaluokka?<\/strong><\/p>\n<p>Hinta riippuu r\u00e4\u00e4t\u00e4l\u00f6intivaihtoehdoista ja toimitustiedoista. Ota yhteytt\u00e4 myyntitiimiimme saadaksesi r\u00e4\u00e4t\u00e4l\u00f6idyn tarjouksen.<\/p>\n<p><strong>Voidaanko 9YG-2.24D-py\u00f6r\u00f6paalainta toimittaa kansainv\u00e4lisesti?<\/strong><\/p>\n<p>Kyll\u00e4, tarjoamme maailmanlaajuisia toimituspalveluita varmistaaksemme, ett\u00e4 saat koneesi sijainnistasi riippumatta.<\/p>\n<p><strong>Kuinka kauan 9YG-2.24D-py\u00f6r\u00f6paalaimen toimittaminen kest\u00e4\u00e4 tilauksen j\u00e4lkeen?<\/strong><\/p>\n<p>Toimitusajat vaihtelevat sijainnin mukaan, mutta pyrimme l\u00e4hett\u00e4m\u00e4\u00e4n tilaukset 1-2 viikon kuluessa ulkomaille.<\/p>\n<p><strong>Onko 9YG-2.24D-py\u00f6r\u00f6paalaimen uusille k\u00e4ytt\u00e4jille saatavilla koulutusta?<\/strong><\/p>\n<p>Kyll\u00e4, tarjoamme koulutustilaisuuksia varmistaaksemme, ett\u00e4 henkil\u00f6st\u00f6si osaa k\u00e4ytt\u00e4\u00e4 paalainta turvallisesti ja tehokkaasti ensimm\u00e4isest\u00e4 p\u00e4iv\u00e4st\u00e4 l\u00e4htien.<\/p>\n<p><strong>Mink\u00e4 tyyppisi\u00e4 satoja 9YG-2.24D-py\u00f6r\u00f6paalain pystyy k\u00e4sittelem\u00e4\u00e4n?<\/strong><\/p>\n<p>T\u00e4m\u00e4 paalain sopii monenlaisille viljelykasveille, kuten hein\u00e4lle, oljelle, s\u00e4il\u00f6rehulle ja erilaisille rehumateriaaleille.<\/p>\n<p><strong>Mitk\u00e4 ovat 9YG-2.24D-py\u00f6r\u00f6paalaimen yll\u00e4pitokustannukset?<\/strong><\/p>\n<p>Huoltokustannukset ovat suhteellisen alhaiset, ja rutiinitarkastukset ja voitelu ovat suurimmat kuluer\u00e4t. Tarjoamme my\u00f6s laajennettuja huoltopaketteja.<\/p>\n<p><strong>Voiko 9YG-2.24D-py\u00f6r\u00f6paalainta k\u00e4ytt\u00e4\u00e4 \u00e4\u00e4rimm\u00e4isiss\u00e4 s\u00e4\u00e4olosuhteissa?<\/strong><\/p>\n<p>Kyll\u00e4, S9000 Classic on rakennettu toimimaan hyvin my\u00f6s ankarissa s\u00e4\u00e4olosuhteissa, kuten \u00e4\u00e4rimm\u00e4isess\u00e4 kuumuudessa tai kylmyydess\u00e4.<\/p>\n<p><strong>Mik\u00e4 on 9YG-2.24D-py\u00f6r\u00f6paalaimen (S9000 Classic) odotettu k\u00e4ytt\u00f6ik\u00e4?<\/strong><\/p>\n<p>T\u00e4m\u00e4n koneen odotettu k\u00e4ytt\u00f6ik\u00e4 on asianmukaisella huollolla ja huolenpidolla yli 10 vuotta, mik\u00e4 tekee siit\u00e4 pitk\u00e4aikaisen investoinnin maatilallesi.<\/p>\n<p>gzl:n muokkaama<\/p>","protected":false},"excerpt":{"rendered":"<p>P\u00e4ivit\u00e4 maataloustoimintasi 9YG-2.24D-py\u00f6r\u00f6paalaimella (S9000). T\u00e4m\u00e4 paalain on suunniteltu hein\u00e4n, oljen ja muiden materiaalien tehokkaaseen paalaukseen, ja se varmistaa sujuvan ja luotettavan suorituskyvyn. Edistyksellisten ominaisuuksien, kuten helpon k\u00e4yt\u00f6n ja kest\u00e4v\u00e4n rakenteen, ansiosta S9000 auttaa sinua lis\u00e4\u00e4m\u00e4\u00e4n tuottavuutta ja v\u00e4hent\u00e4m\u00e4\u00e4n seisokkiaikoja. Ty\u00f6skenteletp\u00e4 sitten pienell\u00e4 tai suurella maatilalla, t\u00e4m\u00e4 paalain on rakennettu selviytym\u00e4\u00e4n vaikeimmistakin teht\u00e4vist\u00e4si. Maksimoi tehokkuutesi ja tee ty\u00f6si oikein 9YG-2.24D-py\u00f6r\u00f6paalaimella (S9000).<\/p>","protected":false},"featured_media":402,"template":"","meta":{"_et_pb_use_builder":"","_et_pb_old_content":"","_et_gb_content_width":""},"product_brand":[],"product_cat":[18],"product_tag":[],"class_list":{"0":"post-401","1":"product","2":"type-product","3":"status-publish","4":"has-post-thumbnail","6":"product_cat-round-baler","8":"first","9":"instock","10":"shipping-taxable","11":"product-type-simple"},"_links":{"self":[{"href":"https:\/\/silage-balers.com\/fi\/wp-json\/wp\/v2\/product\/401","targetHints":{"allow":["GET"]}}],"collection":[{"href":"https:\/\/silage-balers.com\/fi\/wp-json\/wp\/v2\/product"}],"about":[{"href":"https:\/\/silage-balers.com\/fi\/wp-json\/wp\/v2\/types\/product"}],"wp:featuredmedia":[{"embeddable":true,"href":"https:\/\/silage-balers.com\/fi\/wp-json\/wp\/v2\/media\/402"}],"wp:attachment":[{"href":"https:\/\/silage-balers.com\/fi\/wp-json\/wp\/v2\/media?parent=401"}],"wp:term":[{"taxonomy":"product_brand","embeddable":true,"href":"https:\/\/silage-balers.com\/fi\/wp-json\/wp\/v2\/product_brand?post=401"},{"taxonomy":"product_cat","embeddable":true,"href":"https:\/\/silage-balers.com\/fi\/wp-json\/wp\/v2\/product_cat?post=401"},{"taxonomy":"product_tag","embeddable":true,"href":"https:\/\/silage-balers.com\/fi\/wp-json\/wp\/v2\/product_tag?post=401"}],"curies":[{"name":"wp","href":"https:\/\/api.w.org\/{rel}","templated":true}]}}