{"id":407,"date":"2025-12-23T09:47:14","date_gmt":"2025-12-23T09:47:14","guid":{"rendered":"https:\/\/silage-balers.com\/?post_type=product&#038;p=407"},"modified":"2025-12-29T05:45:07","modified_gmt":"2025-12-29T05:45:07","slug":"4byh-1-3-munuaispapujen-juurimiskone","status":"publish","type":"product","link":"https:\/\/silage-balers.com\/fi\/tuote\/4byh-1-3-munuaispapujen-juurimiskone\/","title":{"rendered":"4BYH-1.3 Munuaispapujen juurimiskone"},"content":{"rendered":"<p>4BYH-1.3 kidneypapujen nostolaite on hienostunut maatalouslaite, joka on suunniteltu parantamaan kidneypapujen sadonkorjuun tehokkuutta. T\u00e4m\u00e4 kone varmistaa optimaaliset tulokset minimaalisella ty\u00f6voimalla, jolloin viljelij\u00e4t voivat saavuttaa korkean tuottavuuden kustannustehokkaalla tavalla.<\/p>\n<h2>Tekniset tiedot<\/h2>\n<table style=\"border-color: #000000;\">\n<thead>\n<tr>\n<th>Sarjanumero<\/th>\n<th>Tuote<\/th>\n<th>Yksikk\u00f6<\/th>\n<th>Tekniset tiedot<\/th>\n<\/tr>\n<\/thead>\n<tbody>\n<tr>\n<td>1<\/td>\n<td>Mallin nimi<\/td>\n<td>\/<\/td>\n<td>4BYH-1.3 -tyyppinen munuaispapujen ulosvet\u00e4j\u00e4<\/td>\n<\/tr>\n<tr>\n<td>2<\/td>\n<td>Kiinnitysmenetelm\u00e4<\/td>\n<td>\/<\/td>\n<td>Asennettu tyyppi<\/td>\n<\/tr>\n<tr>\n<td>3<\/td>\n<td>Poimijan tyyppi<\/td>\n<td>\/<\/td>\n<td>Jousihammastyyppi<\/td>\n<\/tr>\n<tr>\n<td>4<\/td>\n<td>Ty\u00f6leveys<\/td>\n<td>m<\/td>\n<td>1.3<\/td>\n<\/tr>\n<tr>\n<td>5<\/td>\n<td>Vastaava tehoalue<\/td>\n<td>kW<\/td>\n<td>\u226540<\/td>\n<\/tr>\n<tr>\n<td>6<\/td>\n<td>K\u00e4ytt\u00f6nopeusalue<\/td>\n<td>km\/h<\/td>\n<td>5\u20138<\/td>\n<\/tr>\n<tr>\n<td>7<\/td>\n<td>Kokonaismitat (P \u00d7 L \u00d7 K)<\/td>\n<td>mm<\/td>\n<td>2500 \u00d7 1800 \u00d7 1250<\/td>\n<\/tr>\n<tr>\n<td>8<\/td>\n<td>Voimanottoakselin nopeus<\/td>\n<td>kierrosta minuutissa<\/td>\n<td>540<\/td>\n<\/tr>\n<tr>\n<td>9<\/td>\n<td>Py\u00f6r\u00e4nrata<\/td>\n<td>mm<\/td>\n<td>1300<\/td>\n<\/tr>\n<tr>\n<td>10<\/td>\n<td>Tuottavuus<\/td>\n<td>hm\u00b2\/h<\/td>\n<td>0.65-1.04<\/td>\n<\/tr>\n<tr>\n<td>11<\/td>\n<td>Operaattorien m\u00e4\u00e4r\u00e4<\/td>\n<td>henkil\u00f6<\/td>\n<td>1<\/td>\n<\/tr>\n<tr>\n<td>12<\/td>\n<td>Rakenteellinen paino<\/td>\n<td>kg<\/td>\n<td>600<\/td>\n<\/tr>\n<\/tbody>\n<\/table>\n<h2>Tuotteen m\u00e4\u00e4ritelm\u00e4<\/h2>\n<p>4BYH-1.3 kidneypapujen kitkemiskone on huippuluokan maatalousty\u00f6kalu, joka on suunniteltu erityisesti kidneypapujen tehokkaaseen kitkemiseen. T\u00e4m\u00e4 kone poistaa manuaalisen ty\u00f6n tarpeen, mik\u00e4 parantaa sadonkorjuunopeutta ja v\u00e4hent\u00e4\u00e4 k\u00e4ytt\u00f6kustannuksia. Se sopii t\u00e4ydellisesti laajamittaiseen maatalouteen, jolla pyrit\u00e4\u00e4n lis\u00e4\u00e4m\u00e4\u00e4n tuottavuutta ja kannattavuutta.<\/p>\n<p style=\"text-align: center;\">\u00a0<img loading=\"lazy\" decoding=\"async\" class=\"alignnone wp-image-410\" src=\"https:\/\/silage-balers.com\/wp-content\/uploads\/2025\/12\/2-1.webp\" alt=\"Papujen juurimiskone\" width=\"393\" height=\"393\" srcset=\"https:\/\/silage-balers.com\/wp-content\/uploads\/2025\/12\/2-1.webp 248w, https:\/\/silage-balers.com\/wp-content\/uploads\/2025\/12\/2-1-150x150.webp 150w, https:\/\/silage-balers.com\/wp-content\/uploads\/2025\/12\/2-1-12x12.webp 12w, https:\/\/silage-balers.com\/wp-content\/uploads\/2025\/12\/2-1-100x100.webp 100w\" sizes=\"(max-width: 393px) 100vw, 393px\" \/><\/p>\n<h2>Ongelmat, joita se ratkaisee, ja sen k\u00e4ytt\u00f6tarkoitukset<\/h2>\n<p>4BYH-1.3 kidneypapujen nostolaite ratkaisee useita kidneypapujen viljelij\u00f6iden kohtaamia yleisi\u00e4 ongelmia, kuten perinteisten sadonkorjuumenetelmien ty\u00f6l\u00e4yden, sadon vaurioitumisriskin manuaalisen noston aikana ja aikaa viev\u00e4n prosessin, joka haittaa laajamittaista tuotantoa. Tehokkaan rakenteensa ansiosta t\u00e4m\u00e4 kone ei ainoastaan \u200b\u200bnopeuta nostoprosessia, vaan varmistaa my\u00f6s, ett\u00e4 pavut korjataan mahdollisimman v\u00e4h\u00e4isin vaurioin.<\/p>\n<h2>Tuotteen edut<\/h2>\n<ul>\n<li><strong>Korkea hy\u00f6tysuhde:<\/strong> Kone lyhent\u00e4\u00e4 merkitt\u00e4v\u00e4sti sadonkorjuuseen tarvittavaa aikaa, mik\u00e4 tekee siit\u00e4 ihanteellisen laajamittaiseen toimintaan.<\/li>\n<li><strong>Minimaalinen satovaurio:<\/strong> Se on suunniteltu kidneypapujen juurimiseen \u00e4\u00e4rimm\u00e4isen huolellisesti ja minimoimaan sadon vauriot.<\/li>\n<li><strong>Ty\u00f6voiman s\u00e4\u00e4st\u00f6t:<\/strong> Automatisoimalla juurien irrottamisen kone v\u00e4hent\u00e4\u00e4 ty\u00f6voimakustannuksia ja suurten manuaalisten ty\u00f6voimien tarvetta.<\/li>\n<li><strong>Helppo k\u00e4ytt\u00e4\u00e4:<\/strong> Yksinkertainen ja k\u00e4ytt\u00e4j\u00e4yst\u00e4v\u00e4llinen k\u00e4ytt\u00f6liittym\u00e4 varmistaa, ett\u00e4 kuljettajat oppivat koneen k\u00e4yt\u00f6n nopeasti, mik\u00e4 lis\u00e4\u00e4 tilan tuottavuutta.<\/li>\n<li><strong>Kest\u00e4vyys:<\/strong> Korkealaatuisista materiaaleista valmistettu kone on suunniteltu kest\u00e4m\u00e4\u00e4n ankaria viljelyolosuhteita ja tarjoamaan pitk\u00e4aikaista k\u00e4ytt\u00f6\u00e4.<\/li>\n<\/ul>\n<h2>Kuinka 4BYH-1.3 kidneypapujen juurien poistolaite toimii<\/h2>\n<p>4BYH-1.3 kidneypapujen nostolaite toimii mekaanisten k\u00e4sivarsien ja py\u00f6rivien terien avulla, jotka nostavat kidneypavut varovasti maasta. Se kaivautuu syv\u00e4lle maahan pavut nostaakseen ne pois ja minimoi ymp\u00e4r\u00f6iv\u00e4n maaper\u00e4n ja muiden viljelykasvien h\u00e4iri\u00f6t. Pavut kuljetetaan sitten ker\u00e4ysj\u00e4rjestelm\u00e4\u00e4n, jossa ne lajitellaan ja varastoidaan jatkok\u00e4sittely\u00e4 varten.<\/p>\n<h2>T\u00e4rkeimm\u00e4t sovellusskenaariot<\/h2>\n<ul>\n<li><strong>Suuret maatilat:<\/strong> T\u00e4ydellinen suurille papuviljelmille, jotka vaativat nopeaa sadonkorjuuta kysynn\u00e4n tyydytt\u00e4miseksi.<\/li>\n<li><strong>Kaupallinen papujen sadonkorjuu:<\/strong> Ihanteellinen yrityksille, jotka harjoittavat laajamittaista papujen tuotantoa ja myynti\u00e4.<\/li>\n<li><strong>Maatalouden tutkimuskeskukset:<\/strong> Hy\u00f6dyllinen tutkimusaloilla, jotka keskittyv\u00e4t papujen viljelytekniikoiden parantamiseen.<\/li>\n<li><strong>Koneellinen maatalous:<\/strong> Arvokas ty\u00f6kalu koneellisille tiloille, jotka haluavat integroida automaation toimintaansa.<\/li>\n<li><strong>Viljelij\u00e4t, joilla on rajoitetusti ty\u00f6voimaa:<\/strong> Maatiloille, joilla on ty\u00f6voimapulaa tai jotka haluavat v\u00e4hent\u00e4\u00e4 riippuvuuttaan manuaalisesta ty\u00f6st\u00e4.<\/li>\n<li><strong>Ymp\u00e4rist\u00f6n kest\u00e4v\u00e4 kehitys:<\/strong> Auttaa pienent\u00e4m\u00e4\u00e4n hiilijalanj\u00e4lke\u00e4 minimoimalla laajamittaisen ihmisty\u00f6voiman ja polttoaineen k\u00e4yt\u00f6n tarpeen.<\/li>\n<\/ul>\n<h2>Kuinka valita oikea 4BYH-1.3 munuaispapujen juurimiskone<\/h2>\n<ul>\n<li><strong>Tilan koko:<\/strong> Varmista, ett\u00e4 kone on yhteensopiva tilasi koon kanssa, jotta se toimii parhaalla mahdollisella tavalla.<\/li>\n<li><strong>Sadonkorjuutarpeet:<\/strong> Mieti kasvattamiesi kidneypapujen tyyppi\u00e4 ja varmista, ett\u00e4 kone pystyy k\u00e4sittelem\u00e4\u00e4n niit\u00e4 tehokkaasti.<\/li>\n<li><strong>Maaper\u00e4olosuhteet:<\/strong> Varmista, ett\u00e4 kone sopii maatilasi maaper\u00e4lle optimaalisen suorituskyvyn varmistamiseksi.<\/li>\n<li><strong>Yll\u00e4pito ja tuki:<\/strong> Valitse kone, jonka huoltopisteet ja varaosat ovat helposti saatavilla huoltoa varten.<\/li>\n<li><strong>Budjetti:<\/strong> Tasapainota budjettisi tarjottujen ominaisuuksien avulla saadaksesi parhaan vastineen rahalle.<\/li>\n<li><strong>K\u00e4ytt\u00e4j\u00e4n kokemus:<\/strong> Jos k\u00e4ytt\u00e4j\u00e4si ovat uusia automatisoidun puunkorjuun parissa, valitse malli, jossa on k\u00e4ytt\u00e4j\u00e4yst\u00e4v\u00e4lliset hallintalaitteet ja ominaisuudet.<\/li>\n<\/ul>\n<h2>4BYH-1.3-munuaispapujen juurimiskoneen huoltomenetelm\u00e4t<\/h2>\n<p>S\u00e4\u00e4nn\u00f6llinen huolto on v\u00e4ltt\u00e4m\u00e4t\u00f6nt\u00e4 koneen tehokkaan toiminnan varmistamiseksi. T\u00e4h\u00e4n sis\u00e4ltyy osien, kuten terien ja hihnojen, tarkistaminen ja vaihtaminen, koneen puhdistaminen jokaisen k\u00e4ytt\u00f6kerran j\u00e4lkeen tukkeutumisen est\u00e4miseksi ja liikkuvien osien voitelu kulumisen minimoimiseksi. Lis\u00e4ksi k\u00e4ytt\u00e4j\u00e4t tulisi kouluttaa tunnistamaan ja korjaamaan pienet ongelmat ennen kuin ne pahenevat isommiksi ongelmiksi.<\/p>\n<p style=\"text-align: center;\"><img loading=\"lazy\" decoding=\"async\" class=\"alignnone wp-image-411\" src=\"https:\/\/silage-balers.com\/wp-content\/uploads\/2025\/12\/3-1.webp\" alt=\"Papujen juurimiskone\" width=\"445\" height=\"445\" srcset=\"https:\/\/silage-balers.com\/wp-content\/uploads\/2025\/12\/3-1.webp 248w, https:\/\/silage-balers.com\/wp-content\/uploads\/2025\/12\/3-1-150x150.webp 150w, https:\/\/silage-balers.com\/wp-content\/uploads\/2025\/12\/3-1-12x12.webp 12w, https:\/\/silage-balers.com\/wp-content\/uploads\/2025\/12\/3-1-100x100.webp 100w\" sizes=\"(max-width: 445px) 100vw, 445px\" \/><\/p>\n<h2>Asiakasarvostelut<\/h2>\n<p>\u201d4BYH-1.3 kidneypapujen nostolaite on lyhent\u00e4nyt sadonkorjuuaikaamme huomattavasti. Olemme pystyneet skaalaamaan tuotantoa lis\u00e4\u00e4m\u00e4tt\u00e4 ty\u00f6voimaa. Suosittelen l\u00e4mpim\u00e4sti!\u201d<\/p>\n<p><strong>\u2013 John Doe, Yhdysvallat<\/strong><\/p>\n<p>\u201dHankimme 4BYH-1.3:n Brasilian maatilallemme, ja se on mullistanut kaiken. Kone on luotettava ja hoitaa homman vahingoittamatta satoa.\u201d<\/p>\n<p><strong>\u2013 Maria Silva, Brasilia<\/strong><\/p>\n<p>\u201dKokeiltuani erilaisia \u200b\u200bpapujen kitkemiskoneita, 4BYH-1.3 on ylivoimaisesti tehokkain ja helppok\u00e4ytt\u00f6isin. Se on s\u00e4\u00e4st\u00e4nyt meilt\u00e4 paljon aikaa, ja tulokset ovat fantastisia!\u201d<\/p>\n<p><strong>\u2013 Ahmed Ali, Egypti<\/strong><\/p>\n<p>\u201dKiinassa maatilamme on k\u00e4ytt\u00e4nyt t\u00e4t\u00e4 konetta jo useiden kuukausien ajan, ja se on auttanut meit\u00e4 tehostamaan sadonkorjuuprosessiamme. Olen eritt\u00e4in vaikuttunut sen suorituskyvyst\u00e4.\u201d<\/p>\n<p><strong>\u2013 Li Wei, Kiina<\/strong><\/p>\n<p>\u201dOlemme eritt\u00e4in tyytyv\u00e4isi\u00e4 4BYH-1.3:n tehokkuuteen. Se on kest\u00e4v\u00e4 ja hyvin rakennettu. Se on yksi parhaista investoinneista, joita olemme tehneet maatilallemme vuosiin.\u201d<\/p>\n<p><strong>\u2013 Peter Johnson, Iso-Britannia<\/strong><\/p>\n<h2>Miksi valita tuotteemme?<\/h2>\n<p>Tarjoamme nopeita r\u00e4\u00e4t\u00e4l\u00f6intipalveluita ja vahvaa asiakastukea varmistaaksemme, ett\u00e4 tarpeesi t\u00e4yttyv\u00e4t. Tuotteillamme on 3 vuoden takuu, joten voit olla varma koneen kest\u00e4vyydest\u00e4 ja suorituskyvyst\u00e4. Tuemme maailmanlaajuisia nopeita toimituksia varmistaaksemme oikea-aikaisen toimituksen, ja j\u00e4lkimarkkinointipalvelumme on suunniteltu pit\u00e4m\u00e4\u00e4n toimintasi sujuvana.<\/p>\n<h2>Tutustu 4BYH-1.3 kidneypapujen juurien poistoon tarkoitettuun koneeseen jo t\u00e4n\u00e4\u00e4n<\/h2>\n<p>Jos etsit luotettavaa, tehokasta ja kustannustehokasta pavunjuurien poistoratkaisua, 4BYH-1.3 on ihanteellinen valinta laajamittaiseen maatalouteen. Yrityksemme ei tarjoa ainoastaan \u200b\u200bt\u00e4t\u00e4 tuotetta, vaan my\u00f6s laajan valikoiman maatalouskoneita ja -lis\u00e4varusteita. Vankan valmistuskapasiteetin, huippulaatuisten tuotteiden, kilpailukykyisten hintojen ja erinomaisen asiakaspalvelun ansiosta olemme t\u00e4\u00e4ll\u00e4 t\u00e4ytt\u00e4m\u00e4ss\u00e4 kaikki maatalouden tarpeesi. Ota yhteytt\u00e4 jo t\u00e4n\u00e4\u00e4n, niin saat lis\u00e4tietoja ja voit tehd\u00e4 ostoksesi!<\/p>\n<p style=\"text-align: center;\"><img loading=\"lazy\" decoding=\"async\" class=\"alignnone wp-image-412\" src=\"https:\/\/silage-balers.com\/wp-content\/uploads\/2025\/12\/4-1.webp\" alt=\"Papujen juurimiskone\" width=\"431\" height=\"431\" srcset=\"https:\/\/silage-balers.com\/wp-content\/uploads\/2025\/12\/4-1.webp 254w, https:\/\/silage-balers.com\/wp-content\/uploads\/2025\/12\/4-1-150x150.webp 150w, https:\/\/silage-balers.com\/wp-content\/uploads\/2025\/12\/4-1-12x12.webp 12w, https:\/\/silage-balers.com\/wp-content\/uploads\/2025\/12\/4-1-100x100.webp 100w\" sizes=\"(max-width: 431px) 100vw, 431px\" \/><\/p>\n<h2>Usein kysytyt kysymykset (UKK)<\/h2>\n<p><strong>Mik\u00e4 on 4BYH-1.3:n maksimikapasiteetti? <a href=\"https:\/\/silage-balers.com\/fi\/tuote\/9yg-2-24d-pyoropaalain-s9000\/\">Munuaispapujen juurimiskone<\/a>?<\/strong><\/p>\n<p>4BYH-1.3 pystyy k\u00e4sittelem\u00e4\u00e4n laajamittaisia \u200b\u200bsadonkorjuuoperaatioita ja kitkem\u00e4\u00e4n pavut tehokkaasti juurineen useiden hehtaarien viljelysmaalta.<\/p>\n<p><strong>Kuinka 4BYH-1.3 -papujen nostolaite parantaa munuaispapujen sadonkorjuun tehokkuutta?<\/strong><\/p>\n<p>T\u00e4m\u00e4 kone automatisoi juurien irrottamisen, mik\u00e4 v\u00e4hent\u00e4\u00e4 merkitt\u00e4v\u00e4sti ty\u00f6voimakustannuksia ja sadonkorjuuaikaa samalla varmistaen, ett\u00e4 sadonkorjuuvahingot ovat mahdollisimman v\u00e4h\u00e4isi\u00e4.<\/p>\n<p><strong>Voiko 4BYH-1.3 -papujen nostolaitetta k\u00e4ytt\u00e4\u00e4 muiden viljelykasvien kuin kidneypapujen nostamiseen?<\/strong><\/p>\n<p>Vaikka 4BYH-1.3 on suunniteltu erityisesti kidneypapuja varten, sit\u00e4 voidaan soveltaa k\u00e4ytett\u00e4v\u00e4ksi my\u00f6s muiden papulajikkeiden kanssa maaper\u00e4n ja kasvin olosuhteista riippuen.<\/p>\n<p><strong>Mit\u00e4 huoltoa 4BYH-1.3 vaatii?<\/strong><\/p>\n<p>S\u00e4\u00e4nn\u00f6lliseen huoltoon kuuluu koneen puhdistaminen jokaisen k\u00e4ytt\u00f6kerran j\u00e4lkeen, liikkuvien osien voitelu ja kuluneiden osien, kuten terien ja hihnojen, vaihtaminen.<\/p>\n<p><strong>Sopiiko 4BYH-1.3 papujen nostolaite luomutiloille?<\/strong><\/p>\n<p>Kyll\u00e4, 4BYH-1.3 on suunniteltu minimoimaan maaper\u00e4n h\u00e4iriintymist\u00e4, joten se sopii luomutiloille, joilla maaper\u00e4n terveys on etusijalla.<\/p>\n<p><strong>Mit\u00e4 toimitusvaihtoehtoja on kansainv\u00e4lisille asiakkaille?<\/strong><\/p>\n<p>Tarjoamme maailmanlaajuisen toimituksen nopeilla toimitusvaihtoehdoilla vastataksemme asiakkaiden tarpeisiin maailmanlaajuisesti.<\/p>\n<p><strong>Voiko konetta mukauttaa eri maaper\u00e4tyypeille?<\/strong><\/p>\n<p>Kyll\u00e4, tarjoamme r\u00e4\u00e4t\u00e4l\u00f6intivaihtoehtoja koneen mukauttamiseksi erilaisiin maaper\u00e4tyyppeihin ja viljelyolosuhteisiin.<\/p>\n<p><strong>Mik\u00e4 on 4BYH-1.3 -papujen nostolaitteen takuuaika?<\/strong><\/p>\n<p>4BYH-1.3:lla on 3 vuoden takuu, joka takaa mielenrauhan pitk\u00e4aikaisessa k\u00e4yt\u00f6ss\u00e4.<\/p>\n<p><strong>Miten tilaan 4BYH-1.3 kidneypapujen juurimiskoneen?<\/strong><\/p>\n<p>Voit tehd\u00e4 tilauksen suoraan verkkosivustomme kautta tai ottaa yhteytt\u00e4 myyntitiimiimme saadaksesi apua r\u00e4\u00e4t\u00e4l\u00f6ityjen tilausten kanssa.<\/p>\n<p><strong>Mik\u00e4 on 4BYH-1.3 papujen nostolaitteen hintaluokka?<\/strong><\/p>\n<p>Hinta vaihtelee eritelmien ja r\u00e4\u00e4t\u00e4l\u00f6intivaihtoehtojen mukaan, mutta tarjoamme kilpailukykyisen hinnoittelun koneen arvon ja laadun perusteella.<\/p>\n<p><strong>Onko 4BYH-1.3 -papujen juurimiskone helppok\u00e4ytt\u00f6inen uusille k\u00e4ytt\u00e4jille?<\/strong><\/p>\n<p>Kyll\u00e4, 4BYH-1.3 on suunniteltu k\u00e4ytt\u00e4j\u00e4yst\u00e4v\u00e4llisill\u00e4 ohjaimilla, mik\u00e4 helpottaa uusien k\u00e4ytt\u00e4jien oppimista ja koneen k\u00e4ytt\u00f6\u00e4.<\/p>\n<p><strong>Kuinka kauan papujen korjuu 4BYH-1.3-papujen juuristuskoneella kest\u00e4\u00e4?<\/strong><\/p>\n<p>Tarvittava aika riippuu tilasi koosta, mutta 4BYH-1.3 lyhent\u00e4\u00e4 sadonkorjuuaikaa merkitt\u00e4v\u00e4sti manuaalisiin menetelmiin verrattuna.<\/p>\n<p><strong>Onko asiakastukea saatavilla vianm\u00e4\u00e4rityst\u00e4 varten?<\/strong><\/p>\n<p>Kyll\u00e4, tarjoamme t\u00e4yden asiakastuen vianm\u00e4\u00e4ritykseen ja tekniseen apuun.<\/p>\n<p><strong>Voiko konetta k\u00e4ytt\u00e4\u00e4 erilaisissa ilmastoissa?<\/strong><\/p>\n<p>4BYH-1.3 on suunniteltu toimimaan erilaisissa ilmastoissa, joten se on monipuolinen maatiloille ymp\u00e4ri maailmaa.<\/p>\n<p>gzl:n muokkaama<\/p>\n<p>&nbsp;<\/p>","protected":false},"excerpt":{"rendered":"<p>Tutustu 4BYH-1.3 -munuaispapujen nostokoneeseen \u2013 tehokas, luotettava ja t\u00e4ydellinen laajamittaiseen papujen korjuuseen. Paranna tuottavuuttasi jo t\u00e4n\u00e4\u00e4n! Osta nyt!<\/p>","protected":false},"featured_media":409,"template":"","meta":{"_et_pb_use_builder":"","_et_pb_old_content":"","_et_gb_content_width":""},"product_brand":[],"product_cat":[22],"product_tag":[],"class_list":{"0":"post-407","1":"product","2":"type-product","3":"status-publish","4":"has-post-thumbnail","6":"product_cat-kidney-bean-puller","8":"first","9":"instock","10":"shipping-taxable","11":"product-type-simple"},"_links":{"self":[{"href":"https:\/\/silage-balers.com\/fi\/wp-json\/wp\/v2\/product\/407","targetHints":{"allow":["GET"]}}],"collection":[{"href":"https:\/\/silage-balers.com\/fi\/wp-json\/wp\/v2\/product"}],"about":[{"href":"https:\/\/silage-balers.com\/fi\/wp-json\/wp\/v2\/types\/product"}],"wp:featuredmedia":[{"embeddable":true,"href":"https:\/\/silage-balers.com\/fi\/wp-json\/wp\/v2\/media\/409"}],"wp:attachment":[{"href":"https:\/\/silage-balers.com\/fi\/wp-json\/wp\/v2\/media?parent=407"}],"wp:term":[{"taxonomy":"product_brand","embeddable":true,"href":"https:\/\/silage-balers.com\/fi\/wp-json\/wp\/v2\/product_brand?post=407"},{"taxonomy":"product_cat","embeddable":true,"href":"https:\/\/silage-balers.com\/fi\/wp-json\/wp\/v2\/product_cat?post=407"},{"taxonomy":"product_tag","embeddable":true,"href":"https:\/\/silage-balers.com\/fi\/wp-json\/wp\/v2\/product_tag?post=407"}],"curies":[{"name":"wp","href":"https:\/\/api.w.org\/{rel}","templated":true}]}}