{"id":434,"date":"2025-12-24T03:39:57","date_gmt":"2025-12-24T03:39:57","guid":{"rendered":"https:\/\/silage-balers.com\/?post_type=product&#038;p=434"},"modified":"2025-12-29T05:43:48","modified_gmt":"2025-12-29T05:43:48","slug":"munuaispapujen-juurimiskone-4-harjaa","status":"publish","type":"product","link":"https:\/\/silage-balers.com\/fi\/tuote\/munuaispapujen-juurimiskone-4-harjaa\/","title":{"rendered":"4BYQ-2.6 Munuaispapujen juurien irrottamiskone (4 harjanteen eteenp\u00e4in ty\u00f6nt\u00f6)"},"content":{"rendered":"<p>4BYQ-2.6 kidneypapujen nostolaite (4-harjainen eteenp\u00e4in ty\u00f6nt\u00f6) on moderni maatalousty\u00f6kalu, joka on suunniteltu kidneypapujen tehokkaaseen nostoon. T\u00e4m\u00e4 kone tarjoaa innovatiivisen ratkaisun manuaaliseen sadonkorjuuseen, lis\u00e4\u00e4 tuottavuutta ja v\u00e4hent\u00e4\u00e4 ty\u00f6voimakustannuksia. Sen edistyksellinen rakenne ja 4-harjainen eteenp\u00e4in ty\u00f6nt\u00f6mekanismi takaavat nopeamman ja tehokkaamman toiminnan erilaisissa maatalousymp\u00e4rist\u00f6iss\u00e4.<\/p>\n<h2>Tekniset tiedot<\/h2>\n<table>\n<thead>\n<tr>\n<th>Sarjanumero<\/th>\n<th>Tuote<\/th>\n<th>Yksikk\u00f6<\/th>\n<th>Tekniset tiedot<\/th>\n<\/tr>\n<\/thead>\n<tbody>\n<tr>\n<td>1<\/td>\n<td>Mallin nimi<\/td>\n<td>\/<\/td>\n<td>4BYQ-2.6 Munuaispavun ulosvet\u00e4j\u00e4<\/td>\n<\/tr>\n<tr>\n<td>2<\/td>\n<td>Kiinnitysmenetelm\u00e4<\/td>\n<td>\/<\/td>\n<td>Asennettu tyyppi<\/td>\n<\/tr>\n<tr>\n<td>3<\/td>\n<td>Poimijan tyyppi<\/td>\n<td>\/<\/td>\n<td>Jousihampaiden tyyppi<\/td>\n<\/tr>\n<tr>\n<td>4<\/td>\n<td>Ty\u00f6leveys<\/td>\n<td>m<\/td>\n<td>2.6<\/td>\n<\/tr>\n<tr>\n<td>5<\/td>\n<td>Vastaava tehoalue<\/td>\n<td>kW<\/td>\n<td>66-88<\/td>\n<\/tr>\n<tr>\n<td>6<\/td>\n<td>K\u00e4ytt\u00f6nopeusalue<\/td>\n<td>km\/h<\/td>\n<td>6~10<\/td>\n<\/tr>\n<tr>\n<td>7<\/td>\n<td>Kokonaismitat (pituus \u00d7 leveys \u00d7 korkeus)<\/td>\n<td>mm<\/td>\n<td>2333 \u00d7 2870 \u00d7 1182<\/td>\n<\/tr>\n<tr>\n<td>8<\/td>\n<td>Voimanottoakselin nopeus<\/td>\n<td>kierrosta minuutissa<\/td>\n<td>540<\/td>\n<\/tr>\n<tr>\n<td>9<\/td>\n<td>Akseliv\u00e4li<\/td>\n<td>mm<\/td>\n<td>2600<\/td>\n<\/tr>\n<tr>\n<td>10<\/td>\n<td>Tuottavuus<\/td>\n<td>hm\u00b2\/h<\/td>\n<td>1.56-2.6<\/td>\n<\/tr>\n<tr>\n<td>11<\/td>\n<td>Operaattoreiden lukum\u00e4\u00e4r\u00e4<\/td>\n<td>henkil\u00f6<\/td>\n<td>1<\/td>\n<\/tr>\n<tr>\n<td>12<\/td>\n<td>Rakenteellinen massa<\/td>\n<td>kg<\/td>\n<td>1100<\/td>\n<\/tr>\n<\/tbody>\n<\/table>\n<h2>Tuotteen m\u00e4\u00e4ritelm\u00e4<\/h2>\n<p>4BYQ-2.6 kidneypapujen juurinystyr\u00e4 (4-harjainen eteenp\u00e4in ty\u00f6nt\u00f6) on automaattinen laite, joka on suunniteltu kidneypapujen juurinystyr\u00e4ksi. Se k\u00e4ytt\u00e4\u00e4 neliharjaista eteenp\u00e4in ty\u00f6nt\u00f6mekanismia papujen tehokkaaseen nostamiseen maasta, mik\u00e4 tekee siit\u00e4 v\u00e4ltt\u00e4m\u00e4tt\u00f6m\u00e4n ty\u00f6kalun laajamittaiseen viljelyyn. Ainutlaatuisen toiminnallisuutensa ansiosta se yksinkertaistaa sadonkorjuuprosessia, s\u00e4\u00e4st\u00e4en aikaa ja resursseja.<\/p>\n<h2>Ongelmanratkaisu ja sovellukset<\/h2>\n<p>T\u00e4m\u00e4 kone ratkaisee useita munuaispapujen viljelyn haasteita. Perinteisesti munuaispapujen korjuu vaatii paljon manuaalista ty\u00f6t\u00e4, mik\u00e4 on sek\u00e4 aikaa viev\u00e4\u00e4 ett\u00e4 tehotonta. 4BYQ-2.6-kone ratkaisee t\u00e4m\u00e4n tarjoamalla automatisoidun ja tehokkaan sadonkorjuun. Se pystyy k\u00e4sittelem\u00e4\u00e4n erilaisia \u200b\u200bmaaper\u00e4olosuhteita ja sopii erinomaisesti sek\u00e4 pienille ett\u00e4 suurille tiloille. Keskeisi\u00e4 k\u00e4ytt\u00f6kohteita ovat:<\/p>\n<h3>1. Ty\u00f6voimakustannusten alentaminen<\/h3>\n<p>Kone minimoi manuaalisen ty\u00f6voiman tarpeen, mik\u00e4 alentaa k\u00e4ytt\u00f6kustannuksia ja lis\u00e4\u00e4 tilan kannattavuutta.<\/p>\n<h3>2. Sadonkorjuun tehokkuuden parantaminen<\/h3>\n<p>Sen nopea ja luotettava suorituskyky varmistaa, ett\u00e4 suuret alueet voidaan korjata lyhyess\u00e4 ajassa, mik\u00e4 parantaa maatilan kokonaistuottavuutta.<\/p>\n<h3>3. Papujen laadun parantaminen<\/h3>\n<p>Nostamalla pavut varovasti juurineen kone est\u00e4\u00e4 papujen vaurioitumisen ja varmistaa lopputuotteen korkeamman laadun.<\/p>\n<h3>4. Sopii erilaisille maaper\u00e4tyypeille<\/h3>\n<p>4BYQ-2.6 kidneypapujen nostolaite on suunniteltu toimimaan hyvin erilaisissa maaper\u00e4olosuhteissa, joten se on monipuolinen erilaisiin maatalousymp\u00e4rist\u00f6ihin.<\/p>\n<h2>Tuotteen edut<\/h2>\n<p>4BYQ-2.6 -munnupapujen juuristuskoneella on useita keskeisi\u00e4 etuja:<\/p>\n<h3>1. Korkea hy\u00f6tysuhde<\/h3>\n<p>Nelj\u00e4n harjan eteenp\u00e4in ty\u00f6nt\u00f6mekanismi mahdollistaa kidneypapujen juuristamisen minimaalisella vaivalla ja maksimaalisella nopeudella. T\u00e4m\u00e4 nopeuttaa sadonkorjuuta ja v\u00e4hent\u00e4\u00e4 manuaalista ty\u00f6t\u00e4.<\/p>\n<h3>2. Kustannustehokas<\/h3>\n<p>V\u00e4hentyneen ty\u00f6voimatarpeen ja parantuneen sadonkorjuutehokkuuden ansiosta kone on merkitt\u00e4v\u00e4 kustannuss\u00e4\u00e4st\u00f6investointi maanviljelij\u00f6ille.<\/p>\n<h3>3. Kest\u00e4v\u00e4 ja lujatekoinen muotoilu<\/h3>\n<p>Korkealaatuisista materiaaleista valmistettu 4BYQ-2.6-kone on suunniteltu kest\u00e4m\u00e4\u00e4n maatilan rasitukset, mik\u00e4 takaa pitk\u00e4n k\u00e4ytt\u00f6i\u00e4n ja pienet yll\u00e4pitokustannukset.<\/p>\n<h3>4. Helppo k\u00e4ytt\u00e4\u00e4<\/h3>\n<p>Sen k\u00e4ytt\u00e4j\u00e4yst\u00e4v\u00e4llinen suunnittelu varmistaa, ett\u00e4 kuljettajat oppivat koneen k\u00e4yt\u00f6n nopeasti, mik\u00e4 tekee siit\u00e4 sopivan monenlaisiin maatalousymp\u00e4rist\u00f6ihin.<\/p>\n<h3>5. Sopii erikokoisille tiloille<\/h3>\n<p>Olitpa sitten pientilan tai kaupallisen toiminnan hallinnassa, 4BYQ-2.6 kidneypapujen juurien poistokone on riitt\u00e4v\u00e4n monipuolinen vastaamaan tarpeisiisi.<\/p>\n<h2>Miten 4BYQ-2.6-munnupapujen juurien poistolaite toimii?<\/h2>\n<p>4BYQ-2.6 -munnuaispapujen nostokone toimii neliharjaisella eteenp\u00e4in ty\u00f6nt\u00e4v\u00e4ll\u00e4 mekanismilla. Koneen rakenne varmistaa, ett\u00e4 pavut nostetaan tehokkaasti juuria tai papuja vahingoittamatta. Eteenp\u00e4in ty\u00f6nt\u00e4v\u00e4 toiminta auttaa nostamaan pavut maasta ker\u00e4ysalueelle, mik\u00e4 tekee sadonkorjuusta sujuvaa ja tehokasta.<\/p>\n<p style=\"text-align: center;\"><img loading=\"lazy\" decoding=\"async\" class=\"alignnone wp-image-438\" src=\"https:\/\/silage-balers.com\/wp-content\/uploads\/2025\/12\/ep-Type-4BYQ-2.6-Kidney-Bean-Uprooting-Machine-4-Ridge-Forward-Push-5-1-300x300.webp\" alt=\"Munuaispapujen juurimiskone\" width=\"448\" height=\"448\" srcset=\"https:\/\/silage-balers.com\/wp-content\/uploads\/2025\/12\/ep-Type-4BYQ-2.6-Kidney-Bean-Uprooting-Machine-4-Ridge-Forward-Push-5-1-300x300.webp 300w, https:\/\/silage-balers.com\/wp-content\/uploads\/2025\/12\/ep-Type-4BYQ-2.6-Kidney-Bean-Uprooting-Machine-4-Ridge-Forward-Push-5-1-150x150.webp 150w, https:\/\/silage-balers.com\/wp-content\/uploads\/2025\/12\/ep-Type-4BYQ-2.6-Kidney-Bean-Uprooting-Machine-4-Ridge-Forward-Push-5-1-12x12.webp 12w, https:\/\/silage-balers.com\/wp-content\/uploads\/2025\/12\/ep-Type-4BYQ-2.6-Kidney-Bean-Uprooting-Machine-4-Ridge-Forward-Push-5-1-100x100.webp 100w, https:\/\/silage-balers.com\/wp-content\/uploads\/2025\/12\/ep-Type-4BYQ-2.6-Kidney-Bean-Uprooting-Machine-4-Ridge-Forward-Push-5-1.webp 340w\" sizes=\"(max-width: 448px) 100vw, 448px\" \/><\/p>\n<h2>4BYQ-2.6-munuaispapujen juurimiskoneen t\u00e4rkeimm\u00e4t sovellukset<\/h2>\n<p>4BYQ-2.6 on monipuolinen ja sopii lukuisiin maataloussovelluksiin:<\/p>\n<h3>1. Kaupallinen papuviljely<\/h3>\n<p>Ihanteellinen suurille papuviljelij\u00f6ille, t\u00e4m\u00e4 kone v\u00e4hent\u00e4\u00e4 merkitt\u00e4v\u00e4sti kidneypapujen korjuuseen kuluvaa aikaa ja ty\u00f6voimaa.<\/p>\n<h3>2. Pienten maatilojen toiminta<\/h3>\n<p>Pienetkin viljelij\u00e4t hy\u00f6tyv\u00e4t koneen tehokkuudesta, mik\u00e4 tekee siit\u00e4 erinomaisen vaihtoehdon pienemmille paputiloille.<\/p>\n<h3>3. Luomuviljely<\/h3>\n<p>Kone on erityisen hy\u00f6dyllinen luomuviljelyss\u00e4, jossa maaper\u00e4n minimointi on v\u00e4ltt\u00e4m\u00e4t\u00f6nt\u00e4 maaper\u00e4n terveyden yll\u00e4pit\u00e4miseksi.<\/p>\n<h3>4. Maataloustutkimus<\/h3>\n<p>Maatalouden innovaatioihin osallistuvat laitokset ja tutkijat voivat k\u00e4ytt\u00e4\u00e4 konetta kontrolloituihin papujen korjuukokeisiin.<\/p>\n<h3>5. Osuuskuntaviljely<\/h3>\n<p>Maatalousosuuskunnat voivat k\u00e4ytt\u00e4\u00e4 4BYQ-2.6:ta parantaakseen sadonkorjuun tehokkuutta useiden tilan j\u00e4senten keskuudessa ja edist\u00e4\u00e4kseen ryhm\u00e4n menestyst\u00e4.<\/p>\n<h3>6. Sadonkorjuun j\u00e4lkeinen k\u00e4sittely<\/h3>\n<p>Kone auttaa papujen valmistelussa v\u00e4lit\u00f6nt\u00e4 sadonkorjuun j\u00e4lkeist\u00e4 k\u00e4sittely\u00e4 varten varmistamalla, ett\u00e4 pavut uutetaan ja ker\u00e4t\u00e4\u00e4n vahingoittumattomina.<\/p>\n<h2>Kuinka valita oikea 4BYQ-2.6 munuaispapujen juurimiskone<\/h2>\n<p>Kun valitset tarpeisiisi sopivan koneen, on otettava huomioon useita tekij\u00f6it\u00e4:<\/p>\n<p style=\"text-align: center;\"><img loading=\"lazy\" decoding=\"async\" class=\"alignnone wp-image-436\" src=\"https:\/\/silage-balers.com\/wp-content\/uploads\/2025\/12\/ep-Type-4BYQ-2.6-Kidney-Bean-Uprooting-Machine-4-Ridge-Forward-Push-3-1-300x300.webp\" alt=\"Munuaispapujen juurimiskone\" width=\"440\" height=\"440\" srcset=\"https:\/\/silage-balers.com\/wp-content\/uploads\/2025\/12\/ep-Type-4BYQ-2.6-Kidney-Bean-Uprooting-Machine-4-Ridge-Forward-Push-3-1-300x300.webp 300w, https:\/\/silage-balers.com\/wp-content\/uploads\/2025\/12\/ep-Type-4BYQ-2.6-Kidney-Bean-Uprooting-Machine-4-Ridge-Forward-Push-3-1-150x150.webp 150w, https:\/\/silage-balers.com\/wp-content\/uploads\/2025\/12\/ep-Type-4BYQ-2.6-Kidney-Bean-Uprooting-Machine-4-Ridge-Forward-Push-3-1-12x12.webp 12w, https:\/\/silage-balers.com\/wp-content\/uploads\/2025\/12\/ep-Type-4BYQ-2.6-Kidney-Bean-Uprooting-Machine-4-Ridge-Forward-Push-3-1-100x100.webp 100w, https:\/\/silage-balers.com\/wp-content\/uploads\/2025\/12\/ep-Type-4BYQ-2.6-Kidney-Bean-Uprooting-Machine-4-Ridge-Forward-Push-3-1.webp 351w\" sizes=\"(max-width: 440px) 100vw, 440px\" \/><\/p>\n<h3>1. Tilan koko<\/h3>\n<p>Tilasi koko m\u00e4\u00e4r\u00e4\u00e4 tarvitsemasi koneen koon. Suuremmat tilat tarvitsevat tehokkaampia koneita laajojen toimintojen suorittamiseen.<\/p>\n<h3>2. Maaper\u00e4tyyppi<\/h3>\n<p>Ota huomioon tilasi maaper\u00e4n tyyppi. 4BYQ-2.6 soveltuu useimpiin maaper\u00e4olosuhteisiin, mutta \u00e4\u00e4rimm\u00e4iset maaper\u00e4tyypit saattavat vaatia erityist\u00e4 huomiota.<\/p>\n<h3>3. Papulajike<\/h3>\n<p>Varmista, ett\u00e4 kone on yhteensopiva viljelem\u00e4si kidneypapulajikkeen kanssa, sill\u00e4 eri lajikkeet saattavat vaatia pieni\u00e4 muutoksia sadonkorjuumenetelmiin.<\/p>\n<h3>4. Budjetti<\/h3>\n<p>Vaikka 4BYQ-2.6 on kustannustehokas ratkaisu, varmista, ett\u00e4 budjettisi on linjassa osto- ja yll\u00e4pitokustannusten kanssa.<\/p>\n<h3>5. Huoltotarpeet<\/h3>\n<p>Valitse kone, joka sopii huolto- ja korjauskapasiteettiisi. 4BYQ-2.6 on suunniteltu v\u00e4h\u00e4huoltoiseksi, mutta huoltovaatimusten tunteminen on t\u00e4rke\u00e4\u00e4.<\/p>\n<h3>6. K\u00e4yt\u00f6n helppous<\/h3>\n<p>Etsi kone, jota on helppo k\u00e4ytt\u00e4\u00e4, varsinkin jos tiimisi ei ole perehtynyt automatisoituihin sadonkorjuuj\u00e4rjestelmiin.<\/p>\n<h2>4BYQ-2.6-munuaispapujen juurimiskoneen huoltomenetelm\u00e4t<\/h2>\n<p>4BYQ-2.6 -munnuaispapujen nostolaitteen huolto varmistaa sen pitk\u00e4n k\u00e4ytt\u00f6i\u00e4n ja optimaalisen suorituskyvyn. S\u00e4\u00e4nn\u00f6llinen huolto sis\u00e4lt\u00e4\u00e4:<\/p>\n<h3>1. P\u00e4ivitt\u00e4inen puhdistus<\/h3>\n<p>Puhdista kone huolellisesti jokaisen k\u00e4ytt\u00f6kerran j\u00e4lkeen, jotta siihen ei kerry multaa ja kasvij\u00e4tteit\u00e4, jotka voivat vaikuttaa suorituskykyyn.<\/p>\n<h3>2. Voitelu<\/h3>\n<p>Voitele liikkuvat osat s\u00e4\u00e4nn\u00f6llisesti kulumisen v\u00e4hent\u00e4miseksi ja sujuvan toiminnan varmistamiseksi.<\/p>\n<h3>3. Komponenttien tarkastus<\/h3>\n<p>Tarkista kaikki t\u00e4rkeimm\u00e4t osat, kuten harjanteet ja ty\u00f6nt\u00f6mekanismi, vaurioiden tai kulumisen varalta, jotka voivat vaikuttaa toimintaan.<\/p>\n<h3>4. Kuluneiden osien vaihto<\/h3>\n<p>Jos jokin koneen osa on merkitt\u00e4v\u00e4sti kulunut, vaihda se viipym\u00e4tt\u00e4 lis\u00e4vaurioiden tai toimintah\u00e4iri\u00f6iden v\u00e4ltt\u00e4miseksi.<\/p>\n<h3>5. S\u00e4ilytys<\/h3>\n<p>Kun konetta ei k\u00e4ytet\u00e4, s\u00e4ilyt\u00e4 sit\u00e4 kuivassa ja turvallisessa paikassa suojataksesi sit\u00e4 s\u00e4\u00e4lt\u00e4 ja est\u00e4\u00e4ksesi ruosteen tai muut vauriot.<\/p>\n<h2>Asiakasarvostelut<\/h2>\n<p>\u201dOlen k\u00e4ytt\u00e4nyt 4BYQ-2.6 -munnupapujen nostolaitetta viimeisen kauden ajan, ja se on tehnyt valtavan eron. Munuaispapujen manuaalinen korjuu vei meilt\u00e4 ennen p\u00e4ivi\u00e4, mutta t\u00e4ll\u00e4 koneella kaikki on tehty muutamassa tunnissa. Konetta on helppo k\u00e4ytt\u00e4\u00e4 ja se s\u00e4\u00e4st\u00e4\u00e4 paljon ty\u00f6voimakustannuksissa. Suosittelen sit\u00e4 kaikille vakavasti otettaville viljelij\u00f6ille.\u201d<\/p>\n<p>\u2013 <strong>John Doe, Yhdysvallat<\/strong><\/p>\n<p>\u201dPienen tilan omistajana etsin tapaa lis\u00e4t\u00e4 papusatoani lis\u00e4\u00e4m\u00e4tt\u00e4 liikaa kustannuksia. 4BYQ-2.6 oli t\u00e4ydellinen ratkaisu. Se on edullinen, luotettava ja toimii loistavasti pelloillani. Olen ollut vaikuttunut sen suorituskyvyst\u00e4, ja voin nyt korjata papuja nopeammin ja tehokkaammin.\u201d<\/p>\n<p>\u2013 <strong>Jane Smith, Kanada<\/strong><\/p>\n<p>\u201dPid\u00e4n kaupallista maatilaa, ja olemme saaneet loistavia tuloksia 4BYQ-2.6 -kidneypapujen juurimiskoneella. Se auttaa meit\u00e4 lis\u00e4\u00e4m\u00e4\u00e4n tuottavuutta ja v\u00e4hent\u00e4m\u00e4\u00e4n ty\u00f6voimakustannuksiamme merkitt\u00e4v\u00e4sti. Se on kest\u00e4v\u00e4, helppok\u00e4ytt\u00f6inen ja selviytyy laajamittaisista toiminnoistamme t\u00e4ydellisesti.\u201d<\/p>\n<p>\u2013 <strong>David Lee, Australia<\/strong><\/p>\n<p>\"Olemme k\u00e4ytt\u00e4neet t\u00e4t\u00e4 konetta jo useita kuukausia, ja se toimii kuten luvataan. Nelj\u00e4harjainen j\u00e4rjestelm\u00e4 auttaa pavut kitkem\u00e4\u00e4n juurineen ja minimoimaan maaper\u00e4n h\u00e4iri\u00f6t. Se on t\u00e4ydellinen luomutilallemme, jossa maaper\u00e4n terveys on meille t\u00e4rke\u00e4\u00e4. Eritt\u00e4in suositeltavaa.\"<\/p>\n<p>\u2013 <strong>Mar\u00eda Gonz\u00e1lez, Espanja<\/strong><\/p>\n<p>\u201d4BYQ-2.6 -munnupapujen nostolaite on loistava ty\u00f6kalu kaikille viljelij\u00f6ille, jotka haluavat tehostaa sadonkorjuuta. Olen k\u00e4ytt\u00e4nyt sit\u00e4 jo jonkin aikaa, ja se on todella lyhent\u00e4nyt kidneypapujen korjuuseen kuluvaa aikaa. Lis\u00e4ksi j\u00e4lkimarkkinointipalvelu on erinomaista.\u201d<\/p>\n<p>\u2013 <strong>Juan P\u00e9rez, Meksiko<\/strong><\/p>\n<h2>Miksi valita tuotteemme?<\/h2>\n<p>4BYQ-2.6 -munnuaispavunjuurikoneemme on paras valinta viljelij\u00f6ille, jotka etsiv\u00e4t tehokkuutta, kest\u00e4vyytt\u00e4 ja kustannustehokkuutta. Tarjoamme nopeita r\u00e4\u00e4t\u00e4l\u00f6intipalveluita vastaamaan ainutlaatuisia tarpeitasi sek\u00e4 kolmen vuoden takuun ja huolettoman j\u00e4lkimarkkinointituen. Lis\u00e4ksi tarjoamme nopeaa maailmanlaajuista toimitusta varmistaaksemme, ett\u00e4 tilauksesi saapuvat ajoissa miss\u00e4 tahansa oletkin. Kattava asiakaspalvelumme takaa, ett\u00e4 saat tarvitsemaasi tukea tuotteen koko k\u00e4ytt\u00f6i\u00e4n ajan.<\/p>\n<p style=\"text-align: center;\"><img loading=\"lazy\" decoding=\"async\" class=\"alignnone wp-image-437\" src=\"https:\/\/silage-balers.com\/wp-content\/uploads\/2025\/12\/ep-Type-4BYQ-2.6-Kidney-Bean-Uprooting-Machine-4-Ridge-Forward-Push-4-1-300x300.webp\" alt=\"Munuaispapujen juurimiskone\" width=\"430\" height=\"430\" srcset=\"https:\/\/silage-balers.com\/wp-content\/uploads\/2025\/12\/ep-Type-4BYQ-2.6-Kidney-Bean-Uprooting-Machine-4-Ridge-Forward-Push-4-1-300x300.webp 300w, https:\/\/silage-balers.com\/wp-content\/uploads\/2025\/12\/ep-Type-4BYQ-2.6-Kidney-Bean-Uprooting-Machine-4-Ridge-Forward-Push-4-1-150x150.webp 150w, https:\/\/silage-balers.com\/wp-content\/uploads\/2025\/12\/ep-Type-4BYQ-2.6-Kidney-Bean-Uprooting-Machine-4-Ridge-Forward-Push-4-1-12x12.webp 12w, https:\/\/silage-balers.com\/wp-content\/uploads\/2025\/12\/ep-Type-4BYQ-2.6-Kidney-Bean-Uprooting-Machine-4-Ridge-Forward-Push-4-1-100x100.webp 100w, https:\/\/silage-balers.com\/wp-content\/uploads\/2025\/12\/ep-Type-4BYQ-2.6-Kidney-Bean-Uprooting-Machine-4-Ridge-Forward-Push-4-1.webp 358w\" sizes=\"(max-width: 430px) 100vw, 430px\" \/><\/p>\n<h2>Tutustu koko maataloustuotevalikoimaamme<\/h2>\n<p>4BYQ-2.6 -munuaispapujen nostolaitteen lis\u00e4ksi tarjoamme t\u00e4yden valikoiman lis\u00e4varusteita ja niihin liittyvi\u00e4 tuotteita, jotka on suunniteltu vastaamaan kaikkiin papujen istutus- ja sadonkorjuutarpeisiisi. Tuotteemme tunnetaan laadustaan, kilpailukykyisist\u00e4 hinnoistaan \u200b\u200bja erinomaisesta palvelustaan. Kannustamme sinua tutustumaan koko valikoimaamme ja ottamaan meihin yhteytt\u00e4 tehd\u00e4ksesi tilauksen jo t\u00e4n\u00e4\u00e4n. Koe ensiluokkaiset maatalouskoneet ja tuki kanssamme!<\/p>\n<h2>Usein kysytyt kysymykset (UKK)<\/h2>\n<p><strong>1. Mik\u00e4 on 4BYQ-2.6 -munuaispapujen juurimiskone?<\/strong><\/p>\n<p>4BYQ-2.6 kidneypapujen nostolaite on automaattinen laite, joka on suunniteltu nostamaan kidneypapuja tehokkaasti. Se k\u00e4ytt\u00e4\u00e4 neliharjaista eteenp\u00e4in ty\u00f6nt\u00f6mekanismia papujen nostamiseen maasta, mik\u00e4 v\u00e4hent\u00e4\u00e4 ty\u00f6voimaa ja nopeuttaa sadonkorjuuta.<\/p>\n<p><strong>2. Miten 4BYQ-2.6 parantaa maatilan tuottavuutta?<\/strong><\/p>\n<p>4BYQ-2.6 -munnupapujen nostolaite lis\u00e4\u00e4 maatilan tuottavuutta automatisoimalla sadonkorjuun. T\u00e4m\u00e4 v\u00e4hent\u00e4\u00e4 manuaalisen ty\u00f6n tarvetta ja nopeuttaa sadonkorjuun kokonaisaikaa, jolloin viljelij\u00e4t voivat keskitty\u00e4 muihin teht\u00e4viin.<\/p>\n<p><strong>3. Sopiiko 4BYQ-2.6 -munnupapujen juuristuskone pienille tiloille?<\/strong><\/p>\n<p>Kyll\u00e4, 4BYQ-2.6 sopii erinomaisesti sek\u00e4 suurille ett\u00e4 pienille tiloille. Sen tehokkuus ja edullisuus tekev\u00e4t siit\u00e4 loistavan valinnan pienille papuviljelij\u00f6ille, jotka haluavat lis\u00e4t\u00e4 satoaan.<\/p>\n<p><strong>4. Mik\u00e4 on 4BYQ-2.6 -munuaispapujen juurimiskoneen takuuaika?<\/strong><\/p>\n<p>Tarjoamme 4BYQ-2.6 -kidneypapujen nostolaitteelle kolmen vuoden takuun, mik\u00e4 takaa asiakkaillemme luotettavan suorituskyvyn ja mielenrauhan.<\/p>\n<p><strong>5. Voinko k\u00e4ytt\u00e4\u00e4 4BYQ-2.6 -kidneypapujen juurinpoistolaitetta kaikissa maaper\u00e4tyypeiss\u00e4?<\/strong><\/p>\n<p>Kyll\u00e4, kone on suunniteltu toimimaan erilaisissa maaper\u00e4olosuhteissa, joten se on monipuolinen erityyppisille maille.<\/p>\n<p><strong>6. Miten huollan 4BYQ-2.6 -munnupapujen juurimiskonetta?<\/strong><\/p>\n<p>Huolto sis\u00e4lt\u00e4\u00e4 s\u00e4\u00e4nn\u00f6llisen puhdistuksen, voitelun, komponenttien tarkastuksen ja kuluneiden osien vaihtamisen tarvittaessa. Asianmukainen hoito varmistaa koneen pitk\u00e4n k\u00e4ytt\u00f6i\u00e4n.<\/p>\n<p><strong>7. Onko 4BYQ-2.6 -munnupapujen juurimiskone helppok\u00e4ytt\u00f6inen?<\/strong><\/p>\n<p>Kyll\u00e4, 4BYQ-2.6 on suunniteltu k\u00e4ytt\u00e4j\u00e4yst\u00e4v\u00e4lliseksi. Se vaatii vain v\u00e4h\u00e4n koulutusta, ja k\u00e4ytt\u00e4j\u00e4t oppivat k\u00e4ytt\u00e4m\u00e4\u00e4n sit\u00e4 nopeasti.<\/p>\n<p><strong>8. Mit\u00e4 etuja on automaattisen papujenkeruukoneen, kuten 4BYQ-2.6:n, k\u00e4yt\u00f6st\u00e4?<\/strong><\/p>\n<p>Automaattinen papujen noukin, kuten 4BYQ-2.6, v\u00e4hent\u00e4\u00e4 ty\u00f6voimakustannuksia, parantaa sadonkorjuun tehokkuutta ja minimoi papuvaurioita, mik\u00e4 johtaa korkeampaan tuotteen laatuun.<\/p>\n<p><strong>9. Paljonko 4BYQ-2.6 kidneypapujen juurien poistolaite maksaa?<\/strong><\/p>\n<p>4BYQ-2.6:n hinta <a href=\"https:\/\/silage-balers.com\/fi\/tuote\/4byhd4byhs-3-9-kidneypavun-ulosvetaja6-rivi\/\">Munuaispapujen juurimiskone<\/a> vaihtelee r\u00e4\u00e4t\u00e4l\u00f6intivaihtoehtojen ja tilausm\u00e4\u00e4rien mukaan. Ota yhteytt\u00e4 saadaksesi tarjouksen tarpeidesi mukaan.<\/p>\n<p><strong>10. Voinko saada demon 4BYQ-2.6 -munnupapujen juurien irrottamislaitteesta?<\/strong><\/p>\n<p>Kyll\u00e4, tarjoamme esittelyj\u00e4 pyynn\u00f6st\u00e4. Ota yhteytt\u00e4 myyntitiimiimme varataksesi esittelyn ja n\u00e4hd\u00e4ksesi koneen toiminnassa.<\/p>\n<p><strong>11. Tuleeko laitteen mukana k\u00e4ytt\u00f6ohje?<\/strong><\/p>\n<p>Kyll\u00e4, jokaisen koneen mukana toimitetaan kattava k\u00e4ytt\u00f6ohje, joka auttaa sinua k\u00e4ytt\u00e4m\u00e4\u00e4n ja huoltamaan sit\u00e4 tehokkaasti.<\/p>\n<p><strong>12. Millaista tukea tarjoatte oston j\u00e4lkeen?<\/strong><\/p>\n<p>Tarjoamme kolmen vuoden takuun, asiakastuen vianetsinn\u00e4ss\u00e4 ja tarvittaessa osien vaihdon varmistaen, ett\u00e4 koneesi toimii moitteettomasti vuosien ajan.<\/p>\n<p><strong>13. Voidaanko 4BYQ-2.6:ta k\u00e4ytt\u00e4\u00e4 muille viljelykasveille kuin kidneypavuille?<\/strong><\/p>\n<p>4BYQ-2.6 on suunniteltu erityisesti kidneypapuja varten, mutta pienill\u00e4 muutoksilla sit\u00e4 voidaan mahdollisesti soveltaa k\u00e4ytett\u00e4v\u00e4ksi my\u00f6s muiden papulajikkeiden kanssa.<\/p>\n<p><strong>14. Onko 4BYQ-2.6:n k\u00e4ytt\u00f6\u00f6n saatavilla koulutusta?<\/strong><\/p>\n<p>Kyll\u00e4, tarjoamme k\u00e4ytt\u00e4jille koulutusta varmistaaksemme, ett\u00e4 he osaavat k\u00e4ytt\u00e4\u00e4 konetta turvallisesti ja tehokkaasti.<\/p>\n<p><strong>15. Miten voin ostaa 4BYQ-2.6 -munnupapujen juurimiskoneen?<\/strong><\/p>\n<p>Ostaaksesi ota yhteytt\u00e4 myyntitiimiimme suoraan verkkosivustomme kautta tai puhelimitse. Tarjoamme maailmanlaajuisen toimituksen ja voimme auttaa kaikissa tiedusteluissasi tai tarvitsemissasi r\u00e4\u00e4t\u00e4l\u00f6inneiss\u00e4.<\/p>\n<p>gzl:n muokkaama<\/p>","protected":false},"excerpt":{"rendered":"<p>Tutustu 4BYQ-2.6 -munaispapujen nostokoneeseen (4-harjainen eteenp\u00e4in ty\u00f6nt\u00f6) tehokkaaseen ja tarkkaan papujen korjuuseen. Paranna tilasi tuottavuutta \u2013 tilaa nyt!<\/p>","protected":false},"featured_media":439,"template":"","meta":{"_et_pb_use_builder":"","_et_pb_old_content":"","_et_gb_content_width":""},"product_brand":[],"product_cat":[22],"product_tag":[],"class_list":{"0":"post-434","1":"product","2":"type-product","3":"status-publish","4":"has-post-thumbnail","6":"product_cat-kidney-bean-puller","8":"first","9":"instock","10":"shipping-taxable","11":"product-type-simple"},"_links":{"self":[{"href":"https:\/\/silage-balers.com\/fi\/wp-json\/wp\/v2\/product\/434","targetHints":{"allow":["GET"]}}],"collection":[{"href":"https:\/\/silage-balers.com\/fi\/wp-json\/wp\/v2\/product"}],"about":[{"href":"https:\/\/silage-balers.com\/fi\/wp-json\/wp\/v2\/types\/product"}],"wp:featuredmedia":[{"embeddable":true,"href":"https:\/\/silage-balers.com\/fi\/wp-json\/wp\/v2\/media\/439"}],"wp:attachment":[{"href":"https:\/\/silage-balers.com\/fi\/wp-json\/wp\/v2\/media?parent=434"}],"wp:term":[{"taxonomy":"product_brand","embeddable":true,"href":"https:\/\/silage-balers.com\/fi\/wp-json\/wp\/v2\/product_brand?post=434"},{"taxonomy":"product_cat","embeddable":true,"href":"https:\/\/silage-balers.com\/fi\/wp-json\/wp\/v2\/product_cat?post=434"},{"taxonomy":"product_tag","embeddable":true,"href":"https:\/\/silage-balers.com\/fi\/wp-json\/wp\/v2\/product_tag?post=434"}],"curies":[{"name":"wp","href":"https:\/\/api.w.org\/{rel}","templated":true}]}}