{"id":446,"date":"2025-12-26T01:48:08","date_gmt":"2025-12-26T01:48:08","guid":{"rendered":"https:\/\/silage-balers.com\/?post_type=product&#038;p=446"},"modified":"2025-12-26T02:17:55","modified_gmt":"2025-12-26T02:17:55","slug":"9fz-2-0-sormipyorainen-heinakone","status":"publish","type":"product","link":"https:\/\/silage-balers.com\/fi\/tuote\/9fz-2-0-sormipyorainen-heinakone\/","title":{"rendered":"9FZ-2.0 sormipy\u00f6r\u00e4inen hein\u00e4hara"},"content":{"rendered":"<p>9FZ-2.0 sormipy\u00f6r\u00e4inen hein\u00e4p\u00f6yhin on v\u00e4ltt\u00e4m\u00e4t\u00f6n laite, joka on suunniteltu parantamaan hein\u00e4nviljelyn tehokkuutta. T\u00e4m\u00e4 kone on varustettu edistyneell\u00e4 teknologialla, joka tarjoaa erinomaisen suorituskyvyn maatilan hein\u00e4ntekoon. Levitt\u00e4m\u00e4ll\u00e4 hein\u00e4n nopeasti ja tasaisesti se lyhent\u00e4\u00e4 merkitt\u00e4v\u00e4sti kuivumisaikaa, mik\u00e4 johtaa laadukkaampaan rehuun ja parantaa viljelij\u00f6iden tuottavuutta.<\/p>\n<h2>Tekniset tiedot<\/h2>\n<table style=\"border-color: #000000;\">\n<thead>\n<tr>\n<th>Sarjanumero<\/th>\n<th>Tuote<\/th>\n<th>Yksikk\u00f6<\/th>\n<th>Tekniset tiedot<\/th>\n<\/tr>\n<\/thead>\n<tbody>\n<tr>\n<td>1<\/td>\n<td>Tuotteen nimi<\/td>\n<td>\/<\/td>\n<td>9FZ-2.0 Sormipy\u00f6r\u00e4p\u00f6yhin<\/td>\n<\/tr>\n<tr>\n<td>2<\/td>\n<td>Kiinnitysmenetelm\u00e4<\/td>\n<td>\/<\/td>\n<td>Asennettu tyyppi<\/td>\n<\/tr>\n<tr>\n<td>3<\/td>\n<td>Taittomekanismin tyyppi<\/td>\n<td>\/<\/td>\n<td>Hydraulinen tyyppi<\/td>\n<\/tr>\n<tr>\n<td>4<\/td>\n<td>Hampaiden lukum\u00e4\u00e4r\u00e4<\/td>\n<td>\/<\/td>\n<td>120 (40 hammasta\/levy \u00d7 3 levy\u00e4)<\/td>\n<\/tr>\n<tr>\n<td>5<\/td>\n<td>Sormipy\u00f6rien lukum\u00e4\u00e4r\u00e4<\/td>\n<td>\/<\/td>\n<td>(Huomautus: Tekniset tiedot puuttuvat)<\/td>\n<\/tr>\n<tr>\n<td>6<\/td>\n<td>Sormipy\u00f6r\u00e4n halkaisija<\/td>\n<td>mm<\/td>\n<td>\u03a61500<\/td>\n<\/tr>\n<tr>\n<td>7<\/td>\n<td>Hein\u00e4leveys<\/td>\n<td>m<\/td>\n<td>2<\/td>\n<\/tr>\n<tr>\n<td>8<\/td>\n<td>Vastaava tehoalue<\/td>\n<td>kW<\/td>\n<td>\u226525,73<\/td>\n<\/tr>\n<tr>\n<td>9<\/td>\n<td>K\u00e4ytt\u00f6nopeusalue<\/td>\n<td>KM\/H<\/td>\n<td>7-10<\/td>\n<\/tr>\n<tr>\n<td>10<\/td>\n<td>Kokonaismitat (pituus \u00d7 leveys \u00d7 korkeus) k\u00e4ytt\u00f6tilassa<\/td>\n<td>mm<\/td>\n<td>3500 \u00d7 3500 \u00d7 1500<\/td>\n<\/tr>\n<tr>\n<td>11<\/td>\n<td>Koneen massa<\/td>\n<td>kg<\/td>\n<td>372<\/td>\n<\/tr>\n<tr>\n<td>12<\/td>\n<td>Tuotteen toteutusstandardi<\/td>\n<td>\/<\/td>\n<td>JB\/T17766-2011<\/td>\n<\/tr>\n<\/tbody>\n<\/table>\n<h2>Tuotteen m\u00e4\u00e4ritelm\u00e4<\/h2>\n<p>9FZ-2.0 sormipy\u00f6r\u00e4inen hein\u00e4kone on tehokas maatalousty\u00f6kalu, jota k\u00e4ytet\u00e4\u00e4n p\u00e4\u00e4asiassa hein\u00e4nviljelyss\u00e4 hein\u00e4n tasaiseen levitt\u00e4miseen ja kuivumisprosessin nopeuttamiseen. Siin\u00e4 on sormipy\u00f6r\u00e4rakenne, joka mahdollistaa tehokkaan hein\u00e4n p\u00f6yhinn\u00e4n, mik\u00e4 tekee siit\u00e4 ratkaisevan t\u00e4rke\u00e4n koneen nykyaikaisessa hein\u00e4ntuotannossa.<\/p>\n<h2>Ongelmanratkaisukyvyt<\/h2>\n<p>T\u00e4m\u00e4 kone vastaa useisiin hein\u00e4nviljelij\u00f6iden kohtaamiin keskeisiin haasteisiin. Se nopeuttaa kuivumisprosessia, alentaa ty\u00f6voimakustannuksia ja varmistaa hein\u00e4n tasaisen jakautumisen. Viljelij\u00e4t voivat luottaa 9FZ-2.0-p\u00f6yhim\u00e4\u00e4n parantaakseen tehokkuutta, v\u00e4hent\u00e4\u00e4kseen polttoaineenkulutusta ja parantaakseen hein\u00e4n laatua. Lis\u00e4ksi se est\u00e4\u00e4 hein\u00e4n paakkuuntumisen, joka voi johtaa homeeseen ja pilaantumiseen.<\/p>\n<p style=\"text-align: center;\"><img loading=\"lazy\" decoding=\"async\" class=\"alignnone wp-image-448\" src=\"https:\/\/silage-balers.com\/wp-content\/uploads\/2025\/12\/ep-9FZ-2.0-Finger-Wheel-Tedding-Machine-1-1-1-300x300.webp\" alt=\"Hein\u00e4kone\" width=\"435\" height=\"435\" \/><\/p>\n<h2>Tuotteen edut<\/h2>\n<h3>1. Korkea hy\u00f6tysuhde<\/h3>\n<p>9FZ-2.0-sormipy\u00f6r\u00e4inen hein\u00e4p\u00f6yhin on suunniteltu tehokkaaseen k\u00e4ytt\u00f6\u00f6n. Sen edistyksellinen sormipy\u00f6r\u00e4rakenne mahdollistaa hein\u00e4n nopean ja tasaisen p\u00f6yhinn\u00e4n, mik\u00e4 lyhent\u00e4\u00e4 merkitt\u00e4v\u00e4sti kuivumisaikaa ja parantaa tilan kokonaistuottavuutta.<\/p>\n<h3>2. Helppok\u00e4ytt\u00f6inen<\/h3>\n<p>K\u00e4ytt\u00e4j\u00e4yst\u00e4v\u00e4llisen k\u00e4ytt\u00f6liittym\u00e4n ansiosta t\u00e4t\u00e4 konetta on helppo k\u00e4ytt\u00e4\u00e4 jopa rajoitetusti kokeneiden henkil\u00f6iden. Yksinkertaiset s\u00e4\u00e4timet ja selke\u00e4 muotoilu tekev\u00e4t siit\u00e4 ihanteellisen valinnan maanviljelij\u00f6ille, jotka etsiv\u00e4t tehokkaita ja helppok\u00e4ytt\u00f6isi\u00e4 hein\u00e4ntekolaitteita.<\/p>\n<h3>3. V\u00e4h\u00e4inen huoltotarve<\/h3>\n<p>9FZ-2.0-p\u00f6yhin vaatii vain v\u00e4h\u00e4n huoltoa, mik\u00e4 v\u00e4hent\u00e4\u00e4 yll\u00e4pitoon liittyv\u00e4\u00e4 aikaa ja kustannuksia. Sen kest\u00e4v\u00e4 rakenne takaa pitk\u00e4aikaisen luotettavuuden my\u00f6s ankarissa maatalousymp\u00e4rist\u00f6iss\u00e4.<\/p>\n<h3>4. Kustannustehokas<\/h3>\n<p>Lis\u00e4\u00e4m\u00e4ll\u00e4 hein\u00e4n kuivumisnopeutta ja parantamalla levityst\u00e4 t\u00e4m\u00e4 kone auttaa viljelij\u00f6it\u00e4 v\u00e4hent\u00e4m\u00e4\u00e4n energiakustannuksia ja ty\u00f6voimakustannuksia, mik\u00e4 parantaa lopulta hein\u00e4nviljelyn kannattavuutta.<\/p>\n<h3>5. Monipuolisuus<\/h3>\n<p>T\u00e4m\u00e4 p\u00f6yhinkone on monipuolinen ja sit\u00e4 voidaan k\u00e4ytt\u00e4\u00e4 erilaisten heinien, kuten alfalfa-, ruoho- ja apilahein\u00e4n, korjuussa. Sen muunneltavuus tekee siit\u00e4 erinomaisen valinnan erilaisiin maatalousymp\u00e4rist\u00f6ihin.<\/p>\n<h2>N\u00e4in 9FZ-2.0 sormipy\u00f6r\u00e4inen hein\u00e4harja toimii<\/h2>\n<p>9FZ-2.0 toimii py\u00f6rivien sormipy\u00f6rien avulla, jotka levitt\u00e4v\u00e4t hein\u00e4n hell\u00e4varaisesti ja tasaisesti. Py\u00f6riess\u00e4 py\u00f6r\u00e4t nostavat ja levitt\u00e4v\u00e4t hein\u00e4n pellolle, jolloin se kuivuu tasaisesti. T\u00e4m\u00e4 prosessi varmistaa, ett\u00e4 hein\u00e4 levi\u00e4\u00e4 ohuena, tasaisena kerroksena, mik\u00e4 est\u00e4\u00e4 paakkuuntumisen ja nopeuttaa kuivumisprosessia.<\/p>\n<h2>Keskeiset sovellukset<\/h2>\n<h3>1. Hein\u00e4n kuivaus<\/h3>\n<p>9FZ-2.0:n ensisijainen k\u00e4ytt\u00f6tarkoitus on hein\u00e4n kuivaaminen. Se levitt\u00e4\u00e4 hein\u00e4n tasaisesti, mik\u00e4 varmistaa nopeamman ja tasaisemman kuivumisen ja siten laadukkaamman rehun.<\/p>\n<h3>2. Sadonkorjuu<\/h3>\n<p>Viljelij\u00e4t voivat k\u00e4ytt\u00e4\u00e4 t\u00e4t\u00e4 konetta sadonkorjuun aikana varmistaakseen, ett\u00e4 hein\u00e4 on kunnollisesti varastointia tai rehua varten. Sen k\u00e4ytt\u00f6 v\u00e4hent\u00e4\u00e4 ep\u00e4tasaisen kuivumisen aiheuttamia satoh\u00e4vikki\u00e4.<\/p>\n<h3>3. Ty\u00f6voimakustannusten alentaminen<\/h3>\n<p>Kone automatisoi p\u00f6yhinn\u00e4n, mik\u00e4 v\u00e4hent\u00e4\u00e4 merkitt\u00e4v\u00e4sti hein\u00e4n levitykseen tarvittavaa ty\u00f6voimaa. T\u00e4m\u00e4 tekee siit\u00e4 erinomaisen valinnan maatiloille, jotka haluavat v\u00e4hent\u00e4\u00e4 k\u00e4ytt\u00f6kustannuksia.<\/p>\n<h3>4. Rehun laadun parantaminen<\/h3>\n<p>Hein\u00e4n tasainen jakautuminen auttaa s\u00e4ilytt\u00e4m\u00e4\u00e4n sen ravintoarvon. Est\u00e4m\u00e4ll\u00e4 paakkuuntumisen ja varmistamalla nopean kuivumisen t\u00e4m\u00e4 kone edist\u00e4\u00e4 korkealaatuisen rehun tuotantoa karjanrehuksi.<\/p>\n<h3>5. Kentt\u00e4tehokkuuden parantaminen<\/h3>\n<p>9FZ-2.0 varmistaa tehokkaan peltok\u00e4yt\u00f6n k\u00e4sittelem\u00e4ll\u00e4 nopeasti laajoja maa-alueita, jolloin viljelij\u00e4t voivat maksimoida tuottavuutensa laadusta tinkim\u00e4tt\u00e4.<\/p>\n<h3>6. Monipuolisuus erikokoisille tiloille<\/h3>\n<p>K\u00e4ytettiinp\u00e4 sit\u00e4 sitten pienell\u00e4 maatilalla tai suuressa toiminnassa, t\u00e4m\u00e4 kone pystyy k\u00e4sittelem\u00e4\u00e4n erikokoisia peltoja, mik\u00e4 tekee siit\u00e4 monipuolisen ty\u00f6kalun erilaisiin maatalouden tarpeisiin.<\/p>\n<h2>Kuinka valita oikea 9FZ-2.0 sormipy\u00f6r\u00e4inen hein\u00e4p\u00f6yhin<\/h2>\n<h3>1. Harkitse tilasi kokoa<\/h3>\n<p>Valitse 9FZ-2.0 tilasi koon ja hein\u00e4n m\u00e4\u00e4r\u00e4n perusteella. Pienemm\u00e4t tilat voivat valita kompaktimman mallin, kun taas suuremmat yritykset voivat hy\u00f6ty\u00e4 suuremmasta ja kest\u00e4v\u00e4mm\u00e4st\u00e4 koneesta.<\/p>\n<h3>2. Arvioi hein\u00e4n tyyppi<\/h3>\n<p>Korjattavan hein\u00e4n tyyppi vaikuttaa p\u00f6yhint\u00e4koneen valintaan. Varmista, ett\u00e4 valitsemasi kone sopii ty\u00f6skentelemillesi kasveille, kuten alfalfalle, ruoholle tai apilalle.<\/p>\n<h3>3. Arvioi maasto<\/h3>\n<p>Jos pelloillasi on ep\u00e4tasaista maastoa, varmista, ett\u00e4 p\u00f6yhinkone on riitt\u00e4v\u00e4n kest\u00e4v\u00e4 selviytym\u00e4\u00e4n n\u00e4ist\u00e4 olosuhteista. 9FZ-2.0 on suunniteltu toimimaan sujuvasti erilaisissa maastoissa.<\/p>\n<h3>4. Etsi tehokkuusominaisuuksia<\/h3>\n<p>Valitse kone, joka maksimoi tehokkuuden. Ominaisuudet, kuten s\u00e4\u00e4dett\u00e4v\u00e4 ty\u00f6leveys ja sormipy\u00f6r\u00e4ll\u00e4 s\u00e4\u00e4dett\u00e4v\u00e4 nopeuden s\u00e4\u00e4t\u00f6, voivat parantaa suorituskyky\u00e4 ja tehd\u00e4 hein\u00e4nkorjuusta nopeampaa ja tehokkaampaa.<\/p>\n<h3>5. Ota huomioon huoltovaatimukset<\/h3>\n<p>Valitse kone, joka on v\u00e4h\u00e4n huoltoa vaativa ja helppo korjata, mik\u00e4 varmistaa pitk\u00e4aikaisen luotettavuuden ja minimoi seisokkiajat.<\/p>\n<h3>6. Arvioi hinta ja takuu<\/h3>\n<p>Vertaa laitteen hintaa sen ominaisuuksiin ja harkitse sen takuuta mielenrauhan lis\u00e4\u00e4miseksi. Vahva takuu voi suojata investointiasi pitk\u00e4ll\u00e4 aikav\u00e4lill\u00e4.<\/p>\n<h2>9FZ-2.0 sormipy\u00f6r\u00e4p\u00f6yhimen huoltovinkkej\u00e4<\/h2>\n<p>9FZ-2.0-p\u00f6yhimen s\u00e4\u00e4nn\u00f6llinen huolto varmistaa sen pitk\u00e4n k\u00e4ytt\u00f6i\u00e4n ja huipputehon. Pid\u00e4 kone puhtaana jokaisen k\u00e4ytt\u00f6kerran j\u00e4lkeen, voitele liikkuvat osat ja tarkista sormipy\u00f6rien kuluminen. Kuluneet osat on vaihdettava v\u00e4litt\u00f6m\u00e4sti lis\u00e4vaurioiden v\u00e4ltt\u00e4miseksi. Tarkista my\u00f6s koneen renkaat ja hydrauliikkaj\u00e4rjestelm\u00e4t varmistaaksesi, ett\u00e4 ne ovat oikeassa toimintakunnossa.<\/p>\n<h2>Asiakasarvostelut<\/h2>\n<p>\u201d9FZ-2.0-p\u00f6yhin on mullistanut hein\u00e4ntuotantoprosessimme. Voimme nyt levitt\u00e4\u00e4 hein\u00e4\u00e4 paljon nopeammin ja se kuivuu tasaisesti, mik\u00e4 johtaa parempaan rehun laatuun karjallemme.\u201d<br \/>\n\u2014 John Smith, Yhdysvallat<\/p>\n<p>\u201dPienen tilan omistajana tarvitsin tehokkaan mutta ei liian suuren koneen. 9FZ-2.0 on ollut t\u00e4ydellinen tarpeisiini. Se levitt\u00e4\u00e4 hein\u00e4n nopeasti ja on helppok\u00e4ytt\u00f6inen. Loistava vastine rahalle.\u201d<br \/>\n\u2014 Sarah Johnson, Iso-Britannia<\/p>\n<p>\u201dOlen k\u00e4ytt\u00e4nyt 9FZ-2.0-p\u00f6yhint\u00e4konetta nyt muutaman kuukauden, ja se on v\u00e4hent\u00e4nyt merkitt\u00e4v\u00e4sti ty\u00f6voimakustannuksiamme. Se on kest\u00e4v\u00e4 ja toimii hyvin erilaisissa olosuhteissa. Suosittelen sit\u00e4 l\u00e4mpim\u00e4sti!\u201d<br \/>\n\u2014 Michael Brown, Kanada<\/p>\n<p>\u201dT\u00e4m\u00e4 kone on ollut loistava lis\u00e4 hein\u00e4ntuotantoomme. Se auttaa meit\u00e4 kuivaamaan hein\u00e4\u00e4 nopeammin ja tasaisemmin. Ehdottomasti kannattava investointi.\u201d<br \/>\n\u2014 Luis Garc\u00eda, Espanja<\/p>\n<p>\u201dOstin 9FZ-2.0:n suurelle maatilalle, ja se on parantanut tehokkuuttamme huomattavasti. Hein\u00e4mme laatu ei ole koskaan ollut parempaa, ja pystymme hallitsemaan suuria peltoja helposti.\u201d<br \/>\n\u2014 Anna Verdi, Italia<\/p>\n<h2>Miksi valita tuotteemme<\/h2>\n<p>9FZ-2.0-koneemme on suunniteltu maksimaalista tehokkuutta ja kest\u00e4vyytt\u00e4 silm\u00e4ll\u00e4 pit\u00e4en. Tarjoamme nopeita r\u00e4\u00e4t\u00e4l\u00f6intipalveluita vastaamaan erityistarpeitasi erinomaisen asiakastuen avulla. Koneillamme on 3 vuoden takuu, mik\u00e4 takaa mielenrauhan ja luotettavan palvelun. Lis\u00e4ksi tarjoamme maailmanlaajuisen toimituksen ja erinomaisen j\u00e4lkimarkkinointipalvelun tukeaksemme liiketoimintaasi jokaisessa vaiheessa. Luota meihin laadun, suorituskyvyn ja vastineen rahoillesi.<\/p>\n<h2>Tutustu muihin tuotteisiin<\/h2>\n<p>9FZ-2.0:n ohella tarjoamme laajan valikoiman korkealaatuisia maatalouskoneita ja -lis\u00e4varusteita. Sitoutumisemme huippuluokan tuotteiden tarjoamiseen kilpailukykyiseen hintaan on vertaansa vailla. Tutustu koko tuotevalikoimaamme jo t\u00e4n\u00e4\u00e4n ja katso, kuinka voimme auttaa parantamaan maatilan toimintaasi.<\/p>\n<h2>Usein kysytyt kysymykset<\/h2>\n<h3>1. Mit\u00e4 eroa on manuaalisilla ja automaattisilla p\u00f6yhinkoneilla?<\/h3>\n<p>Manuaaliset p\u00f6yhimet vaativat manuaalista k\u00e4ytt\u00f6\u00e4 hein\u00e4n levitt\u00e4miseen, kun taas automaattiset koneet, kuten 9FZ-2.0, automatisoivat prosessin, mik\u00e4 parantaa tehokkuutta ja v\u00e4hent\u00e4\u00e4 ty\u00f6voimakustannuksia.<\/p>\n<h3>2. Kuinka paljon hein\u00e4\u00e4 9FZ-2.0 -p\u00f6yhin pystyy k\u00e4sittelem\u00e4\u00e4n kerralla?<\/h3>\n<p>9FZ-2.0-p\u00f6yhin pystyy k\u00e4sittelem\u00e4\u00e4n jopa 2,0 hehtaaria hein\u00e4\u00e4 tunnissa pelto-olosuhteista ja k\u00e4sitelt\u00e4v\u00e4n hein\u00e4n tyypist\u00e4 riippuen.<\/p>\n<h3>3. Voiko 9FZ-2.0 -p\u00f6yhint\u00e4 k\u00e4ytt\u00e4\u00e4 pienill\u00e4 tiloilla?<\/h3>\n<p>Kyll\u00e4, 9FZ-2.0 on ihanteellinen valinta pienille tiloille kompaktin kokonsa ja tehokkaan toimintansa ansiosta, joten se soveltuu useille eri hein\u00e4laaduille.<\/p>\n<h3>4. Mit\u00e4 huoltoa 9FZ-2.0-p\u00f6yhin vaatii?<\/h3>\n<p>Rutiinihuoltoon kuuluu koneen puhdistaminen, liikkuvien osien voitelu sek\u00e4 sormipy\u00f6rien ja hydraulij\u00e4rjestelmien tarkastus. On my\u00f6s t\u00e4rke\u00e4\u00e4 vaihtaa kaikki kuluneet osat suorituskyvyn yll\u00e4pit\u00e4miseksi.<\/p>\n<h3>5. Onko 9FZ-2.0 -p\u00f6yhin kest\u00e4v\u00e4?<\/h3>\n<p>Kyll\u00e4, 9FZ-2.0 on rakennettu kest\u00e4m\u00e4\u00e4n ankaria maatalousolosuhteita, mik\u00e4 tarjoaa viljelij\u00f6ille pitk\u00e4aikaista kest\u00e4vyytt\u00e4 ja luotettavuutta.<\/p>\n<h3>6. Mik\u00e4 on 9FZ-2.0-p\u00f6yhimen hinta?<\/h3>\n<p>Hinta vaihtelee r\u00e4\u00e4t\u00e4l\u00f6intivaihtoehtojen mukaan, mutta se on kilpailukykyisesti hinnoiteltu tarjoamaansa arvoon tehokkuuden ja kest\u00e4vyyden suhteen.<\/p>\n<h3>7. Kuinka nopeasti voin saada 9FZ-2.0-p\u00f6yhimen tilauksen j\u00e4lkeen?<\/h3>\n<p>Tarjoamme maailmanlaajuisesti nopeita toimituksia, ja toimitusajat riippuvat sijainnistasi. Voit ottaa meihin yhteytt\u00e4 saadaksesi arvion toimitusajasta tilauksesi perusteella.<\/p>\n<h3>8. Onko 9FZ-2.0-p\u00f6yhimell\u00e4 takuu?<\/h3>\n<p>Kyll\u00e4, koneillamme on 3 vuoden takuu, joka kattaa valmistusvirheet ja suorituskykyongelmat.<\/p>\n<h3>9. Voiko 9FZ-2.0 <a href=\"https:\/\/silage-balers.com\/fi\/tuote\/munuaispapujen-juurimiskone-4-harjaa\/\">Hein\u00e4kone<\/a> k\u00e4sitell\u00e4 erilaisia \u200b\u200bhein\u00e4laatuja?<\/h3>\n<p>Kyll\u00e4, se on suunniteltu k\u00e4sittelem\u00e4\u00e4n erilaisia \u200b\u200bhein\u00e4lajeja, kuten alfalfaa, apilaa ja ruohoa, joten se on monipuolinen erilaisiin viljelytarpeisiin.<\/p>\n<h3>10. Mist\u00e4 tied\u00e4n, sopiiko 9FZ-2.0 -p\u00f6yhin tilalleni?<\/h3>\n<p>Suosittelemme ottamaan huomioon tilasi koon, maaston ja kasvatettavan hein\u00e4n tyypin. Tiimimme voi auttaa valitsemaan parhaan mallin erityistarpeidesi perusteella.<\/p>\n<h3>11. Onko 9FZ-2.0 -p\u00f6yhint\u00e4 helppo k\u00e4ytt\u00e4\u00e4?<\/h3>\n<p>Kyll\u00e4, 9FZ-2.0 on suunniteltu helppok\u00e4ytt\u00f6iseksi, ja siin\u00e4 on k\u00e4ytt\u00e4j\u00e4yst\u00e4v\u00e4llinen k\u00e4ytt\u00f6liittym\u00e4 ja yksinkertaiset s\u00e4\u00e4timet, joten se sopii sek\u00e4 kokeneille ett\u00e4 aloitteleville k\u00e4ytt\u00e4jille.<\/p>\n<h3>12. Voiko 9FZ-2.0 -p\u00f6yhint\u00e4 k\u00e4ytt\u00e4\u00e4 ep\u00e4tasaisessa maastossa?<\/h3>\n<p>Kyll\u00e4, t\u00e4m\u00e4 kone on rakennettu toimimaan tehokkaasti my\u00f6s ep\u00e4tasaisessa tai karkeassa maastossa, mik\u00e4 varmistaa luotettavan suorituskyvyn erilaisissa pelto-olosuhteissa.<\/p>\n<h3>13. Mik\u00e4 on 9FZ-2.0-p\u00f6yhimen suurin ty\u00f6leveys?<\/h3>\n<p>9FZ-2.0:n ty\u00f6leveys on s\u00e4\u00e4dett\u00e4viss\u00e4, joten se kattaa tehokkaasti laajan alueen, tyypillisesti jopa 3,0 metriin asti, pelto-olosuhteista ja tarpeista riippuen.<\/p>\n<h3>14. Voinko ostaa 9FZ-2.0 -p\u00f6yhimen suoraan verkkosivustoltanne?<\/h3>\n<p>Kyll\u00e4, voit ostaa 9FZ-2.0:n helposti suoraan verkkosivustoltamme. Asiakaspalvelumme auttaa sinua kaikissa kysymyksiss\u00e4si ja opastaa sinua ostoprosessissa.<\/p>\n<h3>15. Onko 9FZ-2.0:lla <a href=\"http:\/\/square-balers.com\" target=\"_blank\" rel=\"noopener\">Hein\u00e4kone<\/a> onko siin\u00e4 s\u00e4\u00e4dett\u00e4v\u00e4 nopeusominaisuus?<\/h3>\n<p>Kyll\u00e4, 9FZ-2.0:ssa on s\u00e4\u00e4dett\u00e4v\u00e4 nopeudens\u00e4\u00e4t\u00f6ominaisuus, jonka avulla voit r\u00e4\u00e4t\u00e4l\u00f6id\u00e4 sen suorituskyvyn erilaisiin pelto-olosuhteisiin ja hein\u00e4tyyppeihin.<\/p>\n<p>&nbsp;<\/p>","protected":false},"excerpt":{"rendered":"<p>Tutustu 9FZ-2.0 -sormipy\u00f6r\u00e4iseen hein\u00e4nojaimeen \u2013 tehokkaaseen, kest\u00e4v\u00e4\u00e4n ja optimaaliseen hein\u00e4nk\u00e4sittelyyn suunniteltuun koneeseen. Maksimoi tuottavuus edistyneell\u00e4 teknologialla. Hanki omasi nyt!<\/p>","protected":false},"featured_media":448,"template":"","meta":{"_et_pb_use_builder":"","_et_pb_old_content":"","_et_gb_content_width":""},"product_brand":[],"product_cat":[21],"product_tag":[],"class_list":{"0":"post-446","1":"product","2":"type-product","3":"status-publish","4":"has-post-thumbnail","6":"product_cat-other-series-products","8":"first","9":"instock","10":"shipping-taxable","11":"product-type-simple"},"_links":{"self":[{"href":"https:\/\/silage-balers.com\/fi\/wp-json\/wp\/v2\/product\/446","targetHints":{"allow":["GET"]}}],"collection":[{"href":"https:\/\/silage-balers.com\/fi\/wp-json\/wp\/v2\/product"}],"about":[{"href":"https:\/\/silage-balers.com\/fi\/wp-json\/wp\/v2\/types\/product"}],"wp:featuredmedia":[{"embeddable":true,"href":"https:\/\/silage-balers.com\/fi\/wp-json\/wp\/v2\/media\/448"}],"wp:attachment":[{"href":"https:\/\/silage-balers.com\/fi\/wp-json\/wp\/v2\/media?parent=446"}],"wp:term":[{"taxonomy":"product_brand","embeddable":true,"href":"https:\/\/silage-balers.com\/fi\/wp-json\/wp\/v2\/product_brand?post=446"},{"taxonomy":"product_cat","embeddable":true,"href":"https:\/\/silage-balers.com\/fi\/wp-json\/wp\/v2\/product_cat?post=446"},{"taxonomy":"product_tag","embeddable":true,"href":"https:\/\/silage-balers.com\/fi\/wp-json\/wp\/v2\/product_tag?post=446"}],"curies":[{"name":"wp","href":"https:\/\/api.w.org\/{rel}","templated":true}]}}