{"id":455,"date":"2025-12-26T03:23:43","date_gmt":"2025-12-26T03:23:43","guid":{"rendered":"https:\/\/silage-balers.com\/?post_type=product&#038;p=455"},"modified":"2025-12-26T05:59:27","modified_gmt":"2025-12-26T05:59:27","slug":"paalaimen-poiminta-ja-kuljetuskone","status":"publish","type":"product","link":"https:\/\/silage-balers.com\/fi\/tuote\/paalaimen-poiminta-ja-kuljetuskone\/","title":{"rendered":"9JYY-4.5 Py\u00f6r\u00f6paalien ker\u00e4ily- ja kuljetuskone"},"content":{"rendered":"<p>9JYY-4.5-py\u00f6reiden paalien ker\u00e4ys- ja kuljetuskone on suunniteltu tehostamaan hein\u00e4n, oljen tai muiden vastaavien materiaalien py\u00f6reiden paalien ker\u00e4yst\u00e4, siirt\u00e4mist\u00e4 ja kuljetusta. T\u00e4m\u00e4 innovatiivinen kone v\u00e4hent\u00e4\u00e4 manuaalista ty\u00f6t\u00e4, lis\u00e4\u00e4 tuottavuutta ja varmistaa sujuvan toiminnan laajamittaisissa maatalousymp\u00e4rist\u00f6iss\u00e4.<\/p>\n<h2>Tekniset tiedot<\/h2>\n<table style=\"border-color: #000000; height: 475px;\">\n<thead>\n<tr style=\"height: 47px;\">\n<th style=\"height: 47px; width: 65px;\">Sarjanumero<\/th>\n<th style=\"height: 47px; width: 325px;\">Tuote<\/th>\n<th style=\"height: 47px; width: 30.3438px;\">Yksikk\u00f6<\/th>\n<th style=\"height: 47px; width: 227px;\">Tekniset tiedot<\/th>\n<\/tr>\n<\/thead>\n<tbody>\n<tr style=\"height: 47px;\">\n<td style=\"height: 47px; width: 65px; text-align: center;\">1<\/td>\n<td style=\"height: 47px; width: 325px;\">Tuotteen nimi<\/td>\n<td style=\"height: 47px; width: 30.3438px;\">\/<\/td>\n<td style=\"height: 47px; width: 227px;\">Py\u00f6re\u00e4n paalin ker\u00e4ily- ja kuljetuskone<\/td>\n<\/tr>\n<tr style=\"height: 23px;\">\n<td style=\"height: 23px; width: 65px; text-align: center;\">2<\/td>\n<td style=\"height: 23px; width: 325px;\">Tuotemalli<\/td>\n<td style=\"height: 23px; width: 30.3438px;\">\/<\/td>\n<td style=\"height: 23px; width: 227px;\">9JYY-4.5<\/td>\n<\/tr>\n<tr style=\"height: 23px;\">\n<td style=\"height: 23px; width: 65px; text-align: center;\">3<\/td>\n<td style=\"height: 23px; width: 325px;\">Kiinnitysmenetelm\u00e4<\/td>\n<td style=\"height: 23px; width: 30.3438px;\">\/<\/td>\n<td style=\"height: 23px; width: 227px;\">Vetotyyppi<\/td>\n<\/tr>\n<tr style=\"height: 23px;\">\n<td style=\"height: 23px; width: 65px; text-align: center;\">4<\/td>\n<td style=\"height: 23px; width: 325px;\">Lomakkeen lastaus ja purku<\/td>\n<td style=\"height: 23px; width: 30.3438px;\">\/<\/td>\n<td style=\"height: 23px; width: 227px;\">Hydraulinen<\/td>\n<\/tr>\n<tr style=\"height: 23px;\">\n<td style=\"height: 23px; width: 65px; text-align: center;\">5<\/td>\n<td style=\"height: 23px; width: 325px;\">Maksimikuormitus<\/td>\n<td style=\"height: 23px; width: 30.3438px;\">Kg<\/td>\n<td style=\"height: 23px; width: 227px;\">4500<\/td>\n<\/tr>\n<tr style=\"height: 23px;\">\n<td style=\"height: 23px; width: 65px; text-align: center;\">6<\/td>\n<td style=\"height: 23px; width: 325px;\">Vastaava tehoalue<\/td>\n<td style=\"height: 23px; width: 30.3438px;\">kW<\/td>\n<td style=\"height: 23px; width: 227px;\">\u226550<\/td>\n<\/tr>\n<tr style=\"height: 47px;\">\n<td style=\"height: 47px; width: 65px; text-align: center;\">7<\/td>\n<td style=\"height: 47px; width: 325px;\">K\u00e4ytt\u00f6paine (kahdella hydraulisella k\u00e4ytt\u00f6laitteella)<\/td>\n<td style=\"height: 47px; width: 30.3438px;\">MPa<\/td>\n<td style=\"height: 47px; width: 227px;\">\u226516<\/td>\n<\/tr>\n<tr style=\"height: 23px;\">\n<td style=\"height: 23px; width: 65px; text-align: center;\">8<\/td>\n<td style=\"height: 23px; width: 325px;\">Kuljetusnopeus<\/td>\n<td style=\"height: 23px; width: 30.3438px;\">km\/h<\/td>\n<td style=\"height: 23px; width: 227px;\">\u226440<\/td>\n<\/tr>\n<tr style=\"height: 47px;\">\n<td style=\"height: 47px; width: 65px; text-align: center;\">9<\/td>\n<td style=\"height: 47px; width: 325px;\">Rengasmalli<\/td>\n<td style=\"height: 47px; width: 30.3438px;\">\/<\/td>\n<td style=\"height: 47px; width: 227px;\">400\/60-15.5 (Paripy\u00f6r\u00e4t, nelj\u00e4 rengasta)<\/td>\n<\/tr>\n<tr style=\"height: 47px;\">\n<td style=\"height: 47px; width: 65px; text-align: center;\">10<\/td>\n<td style=\"height: 47px; width: 325px;\">Kuormitettavan paalin mitat<\/td>\n<td style=\"height: 47px; width: 30.3438px;\">mm<\/td>\n<td style=\"height: 47px; width: 227px;\">Halkaisija 1000\u20131400, pituus 1000\u20131500<\/td>\n<\/tr>\n<tr style=\"height: 116px;\">\n<td style=\"height: 79px; width: 65px; text-align: center;\">11<\/td>\n<td style=\"height: 79px; width: 325px;\">Kokonaismitat (pituus \u00d7 leveys \u00d7 korkeus)<\/td>\n<td style=\"height: 79px; width: 30.3438px;\">mm<\/td>\n<td style=\"height: 79px; width: 227px;\">\u2013 Ty\u00f6skentely: 9400\u00d76750\u00d71750<\/p>\n<div class=\"container-Uxvbjy md-box-line-break wrapper-GYqxgQ undefined\"><\/div>\n<p>\u2013 Kuljetus: 9400 \u00d7 2900 \u00d7 3300<\/td>\n<\/tr>\n<tr style=\"height: 23px;\">\n<td style=\"height: 23px; width: 65px; text-align: center;\">12<\/td>\n<td style=\"height: 23px; width: 325px;\">Koneen massa<\/td>\n<td style=\"height: 23px; width: 30.3438px;\">kg<\/td>\n<td style=\"height: 23px; width: 227px;\">3240<\/td>\n<\/tr>\n<\/tbody>\n<\/table>\n<h2>Tuotteen m\u00e4\u00e4ritelm\u00e4<\/h2>\n<p>9JYY-4.5 py\u00f6r\u00f6paalien ker\u00e4ily- ja kuljetuskone on vankka laite, joka on suunniteltu py\u00f6reiden paalien helppoon ker\u00e4\u00e4miseen ja kuljettamiseen. Sen tehokas rakenne ja korkea hy\u00f6tysuhde tekev\u00e4t siit\u00e4 v\u00e4ltt\u00e4m\u00e4tt\u00f6m\u00e4n ty\u00f6kalun kaikenkokoisille maatiloille. Kone yksinkertaistaa suurten py\u00f6reiden paalien k\u00e4sittely\u00e4 ja varmistaa, ett\u00e4 ne siirret\u00e4\u00e4n nopeasti ja turvallisesti paikasta toiseen.<\/p>\n<h2>K\u00e4sitellyt ongelmat ja k\u00e4ytt\u00f6tarkoitukset<\/h2>\n<p>T\u00e4m\u00e4 kone vastaa moniin maanviljelij\u00f6iden ja maatalousty\u00f6ntekij\u00f6iden kohtaamiin haasteisiin k\u00e4sitelless\u00e4\u00e4n py\u00f6reit\u00e4 hein\u00e4paaleja. Keskeisi\u00e4 ongelmia ovat paalien siirt\u00e4miseen tarvittava fyysinen ty\u00f6, aikaa viev\u00e4 manuaalinen k\u00e4sittely ja loukkaantumisriski kuljetuksen aikana. 9JYY-4.5 tarjoaa saumattoman ratkaisun automatisoitujen ker\u00e4ily- ja kuljetusprosessien avulla, mik\u00e4 parantaa sek\u00e4 tuottavuutta ett\u00e4 turvallisuutta. Se sopii kaikenkokoisille tiloille ja erityisen hyvin tiloille, jotka k\u00e4sittelev\u00e4t hein\u00e4\u00e4, olkea ja muita py\u00f6reit\u00e4 hein\u00e4paaleja.<\/p>\n<p style=\"text-align: center;\"><img loading=\"lazy\" decoding=\"async\" class=\"alignnone wp-image-457\" src=\"https:\/\/silage-balers.com\/wp-content\/uploads\/2025\/12\/1-1-1-1-300x300.webp\" alt=\"Poiminta- ja kuljetuskone\" width=\"333\" height=\"333\" \/><\/p>\n<h2>Tuotteen edut<\/h2>\n<h3>1. Korkea hy\u00f6tysuhde<\/h3>\n<p>9JYY-4.5 -py\u00f6r\u00f6paalien ker\u00e4ily- ja kuljetuskone tarjoaa erinomaista tehokkuutta, jonka avulla viljelij\u00e4t voivat k\u00e4sitell\u00e4 enemm\u00e4n paaleja lyhyemm\u00e4ss\u00e4 ajassa. Automatisoidun j\u00e4rjestelm\u00e4ns\u00e4 ansiosta kone v\u00e4hent\u00e4\u00e4 manuaalisen ty\u00f6n tarvetta ja vapauttaa aikaa muihin maatilan t\u00e4rkeisiin teht\u00e4viin.<\/p>\n<h3>2. Kest\u00e4v\u00e4 muotoilu<\/h3>\n<p>T\u00e4m\u00e4 laaja-alaiseen k\u00e4ytt\u00f6\u00f6n suunniteltu kone on suunniteltu raskaaseen k\u00e4ytt\u00f6\u00f6n, mik\u00e4 varmistaa, ett\u00e4 se selviytyy vaativimmistakin teht\u00e4vist\u00e4. Olitpa sitten pient\u00e4 maatilaa tai suurta maatalousyrityst\u00e4 hoitamassa, 9JYY-4.5 on rakennettu kest\u00e4m\u00e4\u00e4n jatkuvaa k\u00e4ytt\u00f6\u00e4 vaativissa olosuhteissa.<\/p>\n<h3>3. Monipuoliset sovellukset<\/h3>\n<p>9JYY-4.5 on uskomattoman monipuolinen ja sit\u00e4 voidaan k\u00e4ytt\u00e4\u00e4 monenlaisiin teht\u00e4viin, kuten hein\u00e4paalien k\u00e4sittelyyn, olkipaalien kuljetukseen ja muihin maatalouden tarpeisiin. Sen muunneltavuus tekee siit\u00e4 arvokkaan investoinnin erilaisiin maataloustoimintoihin.<\/p>\n<h3>4. Parempi turvallisuus<\/h3>\n<p>Automaattisen paalien ker\u00e4ily- ja kuljetusj\u00e4rjestelm\u00e4ns\u00e4 ansiosta 9JYY-4.5 minimoi ty\u00f6ntekij\u00f6iden fyysisen rasituksen. T\u00e4m\u00e4 v\u00e4hent\u00e4\u00e4 manuaaliseen paalien k\u00e4sittelyyn yleisesti liittyvien loukkaantumisriski\u00e4 ja tekee ty\u00f6paikasta kokonaisuudessaan turvallisemman.<\/p>\n<h3>5. Kustannustehokas<\/h3>\n<p>9JYY-4.5-malliin investoiminen auttaa v\u00e4hent\u00e4m\u00e4\u00e4n ty\u00f6voimakustannuksia ja lis\u00e4\u00e4 toiminnan tehokkuutta. Kone maksaa itsens\u00e4 nopeasti takaisin s\u00e4\u00e4st\u00e4m\u00e4ll\u00e4 aikaa ja v\u00e4hent\u00e4m\u00e4ll\u00e4 paalien k\u00e4sittelyyn tarvittavien ty\u00f6ntekij\u00f6iden m\u00e4\u00e4r\u00e4\u00e4, mik\u00e4 tekee siit\u00e4 erinomaisen pitk\u00e4n aikav\u00e4lin sijoituksen maanviljelij\u00f6ille.<\/p>\n<h2>N\u00e4in 9JYY-4.5 py\u00f6r\u00f6paalien ker\u00e4ily- ja kuljetuskone toimii<\/h2>\n<p>9JYY-4.5 k\u00e4ytt\u00e4\u00e4 edistynytt\u00e4 ker\u00e4ilymekanismia, joka pystyy tarttumaan py\u00f6reisiin paaleihin turvallisesti. Se k\u00e4ytt\u00e4\u00e4 hydraulisia j\u00e4rjestelmi\u00e4 paalien nostamiseen ja kuljettamiseen tasaisesti jopa ep\u00e4tasaisessa maastossa. Kone on suunniteltu varmistamaan, ett\u00e4 paalit eiv\u00e4t vaurioidu ker\u00e4ilyn ja kuljetuksen aikana, vaan ne pysyv\u00e4t ehjin\u00e4 my\u00f6hemp\u00e4\u00e4 k\u00e4ytt\u00f6\u00e4 tai varastointia varten. J\u00e4rjestelm\u00e4\u00e4 ohjataan k\u00e4ytt\u00e4j\u00e4yst\u00e4v\u00e4llisen k\u00e4ytt\u00f6liittym\u00e4n kautta, jonka avulla k\u00e4ytt\u00e4j\u00e4t voivat helposti hallita ker\u00e4ily- ja kuljetusprosessia.<\/p>\n<h2>T\u00e4rkeimm\u00e4t sovellusskenaariot<\/h2>\n<h3>1. Suuret maatilat<\/h3>\n<p>9JYY-4.5 on ihanteellinen suurille maatiloille, joiden on siirrett\u00e4v\u00e4 nopeasti suuria m\u00e4\u00e4ri\u00e4 paaleja. Vankan rakenteensa ansiosta se pystyy k\u00e4sittelem\u00e4\u00e4n suurten maatalousyritysten vaatimukset.<\/p>\n<h3>2. Pienet maatilat<\/h3>\n<p>Pienetkin maatilat hy\u00f6tyv\u00e4t t\u00e4st\u00e4 koneesta, sill\u00e4 se v\u00e4hent\u00e4\u00e4 manuaalista ty\u00f6t\u00e4 ja tekee paalien k\u00e4sittelyst\u00e4 nopeampaa ja tehokkaampaa. Se on erityisen hy\u00f6dyllinen niille, jotka tarvitsevat hein\u00e4- tai olkipaaleja s\u00e4\u00e4nn\u00f6llisesti.<\/p>\n<h3>3. Hein\u00e4n paalaaminen<\/h3>\n<p>Hein\u00e4ntuotantoon keskittyv\u00e4t maanviljelij\u00e4t huomaavat 9JYY-4.5:n olevan korvaamaton apu paalien tehokkaaseen siirt\u00e4miseen pellolta varastoon tai kuljetusautoihin.<\/p>\n<h3>4. Karjatilat<\/h3>\n<p>Karjankasvatustilat voivat k\u00e4ytt\u00e4\u00e4 9JYY-4.5:t\u00e4 suurten hein\u00e4- ja olkim\u00e4\u00e4rien k\u00e4sittelyyn el\u00e4inten rehuksi, mik\u00e4 nopeuttaa prosessia ja v\u00e4hent\u00e4\u00e4 ty\u00f6voimakustannuksia.<\/p>\n<h3>5. Rehuntuotantolaitokset<\/h3>\n<p>Kone on hy\u00f6dyllinen my\u00f6s rehuntuotantolaitoksille, joissa hein\u00e4paalit on siirrett\u00e4v\u00e4 nopeasti ja tehokkaasti varastosta k\u00e4sittelyalueille.<\/p>\n<h3>6. Suuret maatalousyritykset<\/h3>\n<p>Erilaisia \u200b\u200bmaatalousmateriaaleja k\u00e4sitteleville yrityksille 9JYY-4.5 tarjoaa luotettavan ja tehokkaan ratkaisun paalien kuljetukseen ja auttaa virtaviivaistamaan toimintaa useissa eri toimipisteiss\u00e4.<\/p>\n<h2>Kuinka valita oikea 9JYY-4.5 py\u00f6r\u00f6paalien ker\u00e4ily- ja kuljetuskone<\/h2>\n<h3>1. Arvioi paalin koko<\/h3>\n<p>Kun valitset 9JYY-4.5-mallia, varmista, ett\u00e4 se on yhteensopiva py\u00f6reiden paaliesi koon kanssa. Saatavilla on erilaisia \u200b\u200bmalleja eri paalikoille optimaalisen suorituskyvyn varmistamiseksi.<\/p>\n<h3>2. Ota huomioon maasto-olosuhteet<\/h3>\n<p>9JYY-4.5 on suunniteltu toimimaan erilaisissa maastoissa. Ota huomioon tilasi olosuhteet varmistaaksesi, ett\u00e4 kone pystyy k\u00e4sittelem\u00e4\u00e4n ep\u00e4tasaista maastoa.<\/p>\n<h3>3. Arvioi kuormituskyky<\/h3>\n<p>9JYY-4.5:n kuormankeston tulisi vastata kuljetettavien paalien m\u00e4\u00e4r\u00e4\u00e4. Varmista, ett\u00e4 valitset mallin, jonka kapasiteetti riitt\u00e4\u00e4 tarpeisiisi.<\/p>\n<h3>4. Harkitse k\u00e4ytt\u00f6tiheytt\u00e4<\/h3>\n<p>Varmista suurtaajuusk\u00e4yt\u00f6ss\u00e4, ett\u00e4 valitsemasi malli on kest\u00e4v\u00e4 ja pitk\u00e4ik\u00e4inen. 9JYY-4.5 on suunniteltu sek\u00e4 tihe\u00e4\u00e4n ett\u00e4 satunnaiseen k\u00e4ytt\u00f6\u00f6n.<\/p>\n<h3>5. Etsi helppok\u00e4ytt\u00f6isyytt\u00e4<\/h3>\n<p>Valitse malli, jossa on intuitiivinen k\u00e4ytt\u00f6liittym\u00e4. 9JYY-4.5 on suunniteltu helppok\u00e4ytt\u00f6isyytt\u00e4 silm\u00e4ll\u00e4 pit\u00e4en, joten se sopii sek\u00e4 kokeneille ett\u00e4 uusille k\u00e4ytt\u00e4jille.<\/p>\n<h3>6. Takuu ja j\u00e4lkimarkkinointituki<\/h3>\n<p>Varmista, ett\u00e4 koneella on vankka takuu ja luotettava j\u00e4lkimarkkinointituki. 9JYY-4.5 tarjoaa kolmen vuoden takuun, joka takaa mielenrauhan investoinnillesi.<\/p>\n<h2>9JYY-4.5-py\u00f6r\u00f6paalien ker\u00e4ily- ja kuljetuskoneen huoltomenetelm\u00e4t<\/h2>\n<p>S\u00e4\u00e4nn\u00f6llinen huolto on ratkaisevan t\u00e4rke\u00e4\u00e4 9JYY-4.5:n sujuvan toiminnan varmistamiseksi. T\u00e4h\u00e4n sis\u00e4ltyy hydrauliikka\u00f6ljyn tason tarkistaminen, noukinmekanismin kulumisen tarkastaminen ja kaikkien liikkuvien osien s\u00e4\u00e4nn\u00f6llisen voitelun varmistaminen. Lis\u00e4ksi kone on puhdistettava aina jokaisen k\u00e4ytt\u00f6kerran j\u00e4lkeen, jotta roskien kertyminen ei vaikuta suorituskykyyn. S\u00e4\u00e4nn\u00f6llinen ammattimainen huolto auttaa pident\u00e4m\u00e4\u00e4n koneen k\u00e4ytt\u00f6ik\u00e4\u00e4 ja varmistaa sen luotettavuuden k\u00e4yt\u00f6n aikana.<\/p>\n<h2>Asiakasarvostelut<\/h2>\n<p>T\u00e4ss\u00e4 on joitakin asiakasarvosteluja ymp\u00e4ri maailmaa:<\/p>\n<p>\u201dOlemme k\u00e4ytt\u00e4neet 9JYY-4.5:t\u00e4 jo useiden kuukausien ajan, ja se on mullistanut tilamme. Ennen paalien siirt\u00e4minen kesti meilt\u00e4 tunteja, mutta nyt voimme tehd\u00e4 sen murto-osassa ajasta. Kone on kest\u00e4v\u00e4 ja toimii hyvin my\u00f6s ep\u00e4tasaisessa maastossa.\u201d<\/p>\n<p>\u2013 Mark, Yhdysvallat<\/p>\n<p>\u201dT\u00e4m\u00e4 kone mullistaa hein\u00e4ntuotantomme. Se on uskomattoman tehokas ja s\u00e4\u00e4st\u00e4\u00e4 paljon ty\u00f6voimakustannuksia. Sit\u00e4 on my\u00f6s helppo k\u00e4ytt\u00e4\u00e4, jopa niille, joilla ei ole paljon kokemusta koneiden k\u00e4yt\u00f6st\u00e4.\u201d<\/p>\n<p>\u2013 Emma, \u200b\u200bIso-Britannia<\/p>\n<p>\u201d9JYY-4.5 on ollut loistava ratkaisu suurelle maatilallemme. Voimme nyt kuljettaa enemm\u00e4n paaleja lyhyemm\u00e4ss\u00e4 ajassa, mik\u00e4 on ratkaisevan t\u00e4rke\u00e4\u00e4 kiireisen\u00e4 sesonkina. Rakennelaatu on erinomainen, ja se on ollut eritt\u00e4in luotettava.\u201d<\/p>\n<p>\u2013 Tom, Australia<\/p>\n<p>\u201dHankimme hiljattain 9JYY-4.5:n karjatilallemme. Se on lyhent\u00e4nyt paalien k\u00e4sittelyaikaa merkitt\u00e4v\u00e4sti. Kone on tehokas ja taloudellinen, ja olemme huomanneet suuren parannuksen tuottavuudessa.\u201d<\/p>\n<p>\u2013 Anika, Saksa<\/p>\n<p>\u201d9JYY-4.5 on erinomainen sijoitus. Se on kest\u00e4v\u00e4 ja k\u00e4sittelee kaikki suuret py\u00f6re\u00e4t paalimme helposti. Lis\u00e4ksi yrityksen tuki on ollut erinomaista, ja kone on rakennettu kest\u00e4m\u00e4\u00e4n.\u201d<\/p>\n<p>\u2013 Carlos, Brasilia<\/p>\n<h2>Miksi valita tuotteemme?<\/h2>\n<p>9JYY-4.5-py\u00f6r\u00f6paalin valitseminen <a href=\"https:\/\/silage-balers.com\/fi\/tuote\/round-bale-picking-and-transporting-machine\/\">Poiminta- ja kuljetuskone<\/a> tarkoittaa investoimista laatuun, tehokkuuteen ja luotettavuuteen. Tarjoamme nopeaa r\u00e4\u00e4t\u00e4l\u00f6inti\u00e4 vastaamaan erityistarpeitasi ja kattavaa myynnin j\u00e4lkeist\u00e4 tukea. Kolmen vuoden takuu antaa sinulle mielenrauhaa ja varmistaa luotettavan palvelun. Lis\u00e4ksi vahvat maailmanlaajuiset toimituspalvelumme varmistavat, ett\u00e4 saat koneesi nopeasti, miss\u00e4 tahansa oletkin.<\/p>\n<h2>Vahvuutemme ja lis\u00e4tuotteemme<\/h2>\n<p>Yrityksemme on ylpe\u00e4 vahvasta valmistuskyvyst\u00e4\u00e4n ja sitoutumisestaan \u200b\u200bkorkealaatuisten maatalouskoneiden valmistukseen. 9JYY-4.5:n lis\u00e4ksi tarjoamme laajan valikoiman siihen liittyvi\u00e4 tuotteita ja lis\u00e4varusteita, jotka auttavat sinua tehostamaan maatilasi toimintaa. Paalien k\u00e4sittelylaitteista kuljetusj\u00e4rjestelmiin, ratkaisumme varmistavat maatilasi tehokkuuden ja tuottavuuden. Ota yhteytt\u00e4 jo t\u00e4n\u00e4\u00e4n ja tutustu koko tuote- ja palveluvalikoimaamme!<\/p>\n<h2>Usein kysytyt kysymykset<\/h2>\n<p><strong>Mik\u00e4 on 9JYY-4.5 py\u00f6r\u00f6paalien ker\u00e4ily- ja kuljetuskoneen kapasiteetti?<\/strong><\/p>\n<p>9JYY-4.5:n kapasiteetti <a href=\"http:\/\/square-balers.com\" target=\"_blank\" rel=\"noopener\">Py\u00f6re\u00e4n paalin ker\u00e4ily- ja kuljetuskone<\/a> pystyy k\u00e4sittelem\u00e4\u00e4n erikokoisia paaleja. Tarpeistasi riippuen se voi tehokkaasti kuljettaa suuria m\u00e4\u00e4ri\u00e4 paaleja yhdell\u00e4 operaatiolla.<\/p>\n<p><strong>Voiko kone toimia ep\u00e4tasaisessa maastossa?<\/strong><\/p>\n<p>Kyll\u00e4, 9JYY-4.5 py\u00f6r\u00f6paalien poiminta- ja kuljetuskone on suunniteltu k\u00e4sittelem\u00e4\u00e4n ep\u00e4tasaista ja karkeaa maastoa, mik\u00e4 varmistaa luotettavan suorituskyvyn my\u00f6s haastavissa olosuhteissa.<\/p>\n<p><strong>Onko 9JYY-4.5 py\u00f6r\u00f6paalien ker\u00e4ily- ja kuljetuskone helppok\u00e4ytt\u00f6inen?<\/strong><\/p>\n<p>Kyll\u00e4, koneessa on intuitiivinen k\u00e4ytt\u00f6liittym\u00e4, joten sek\u00e4 kokeneet k\u00e4ytt\u00e4j\u00e4t ett\u00e4 aloittelijat voivat k\u00e4ytt\u00e4\u00e4 sit\u00e4 helposti minimaalisella koulutuksella.<\/p>\n<p><strong>Mit\u00e4 huoltoa 9JYY-4.5-py\u00f6r\u00f6paalien ker\u00e4ily- ja kuljetuskone vaatii?<\/strong><\/p>\n<p>S\u00e4\u00e4nn\u00f6lliseen huoltoon kuuluu hydraulij\u00e4rjestelm\u00e4n tarkistus, liikkuvien osien voitelu ja koneen puhdistaminen jokaisen k\u00e4ytt\u00f6kerran j\u00e4lkeen. Optimaalisen suorituskyvyn saavuttamiseksi suositellaan s\u00e4\u00e4nn\u00f6llist\u00e4 ammattimaista huoltoa.<\/p>\n<p><strong>Millainen takuu 9JYY-4.5 -py\u00f6r\u00f6paalien ker\u00e4ily- ja kuljetuskoneella on?<\/strong><\/p>\n<p>9JYY-4.5-py\u00f6r\u00f6paalien ker\u00e4ily- ja kuljetuskoneella on kolmen vuoden takuu, joka kattaa kaikki ongelmat ja viat t\u00e4n\u00e4 aikana.<\/p>\n<p><strong>Voidaanko 9JYY-4.5-py\u00f6r\u00f6paalien ker\u00e4ily- ja kuljetuskonetta mukauttaa?<\/strong><\/p>\n<p>Kyll\u00e4, tarjoamme nopeita r\u00e4\u00e4t\u00e4l\u00f6intipalveluita, joilla voimme r\u00e4\u00e4t\u00e4l\u00f6id\u00e4 9JYY-4.5-py\u00f6r\u00f6paalien ker\u00e4ily- ja kuljetuskoneen erityistarpeisiisi ja vaatimuksiisi varmistaen, ett\u00e4 kone toimii optimaalisesti toimintojesi mukaisesti.<\/p>\n<p><strong>Sopiiko kone pienille tiloille?<\/strong><\/p>\n<p>Kyll\u00e4, 9JYY-4.5 py\u00f6r\u00f6paalien ker\u00e4ily- ja kuljetuskone on monipuolinen ja sopii hyvin sek\u00e4 pienille ett\u00e4 suurille tiloille. Sen tehokas rakenne auttaa s\u00e4\u00e4st\u00e4m\u00e4\u00e4n aikaa ja ty\u00f6voimaa kaikenkokoisilla tiloilla.<\/p>\n<p><strong>Mink\u00e4 tyyppisi\u00e4 paaleja 9JYY-4.5 pystyy k\u00e4sittelem\u00e4\u00e4n?<\/strong><\/p>\n<p>9JYY-4.5-py\u00f6reiden paalien ker\u00e4ily- ja kuljetuskone on suunniteltu k\u00e4sittelem\u00e4\u00e4n py\u00f6reit\u00e4 paaleja, olivatpa ne sitten hein\u00e4\u00e4, olkea tai muita vastaavia materiaaleja.<\/p>\n<p><strong>Vaatiiko 9JYY-4.5 py\u00f6r\u00f6paalien ker\u00e4ily- ja kuljetuskoneen k\u00e4ytt\u00f6 erityiskoulutusta?<\/strong><\/p>\n<p>Vaikka erityiskoulutusta ei tarvita, maatalouskoneiden perustiedot auttavat k\u00e4ytt\u00e4ji\u00e4 p\u00e4\u00e4sem\u00e4\u00e4n nopeammin vauhtiin 9JYY-4.5-py\u00f6r\u00f6paalien poiminta- ja kuljetuskoneen kanssa.<\/p>\n<p><strong>Millaista myynnin j\u00e4lkeist\u00e4 tukea tarjotaan?<\/strong><\/p>\n<p>Tarjoamme kattavaa myynnin j\u00e4lkeist\u00e4 tukea, mukaan lukien vianetsint\u00e4apua, varaosia ja s\u00e4\u00e4nn\u00f6llisi\u00e4 huoltovinkkej\u00e4 koneen pitk\u00e4n k\u00e4ytt\u00f6i\u00e4n varmistamiseksi.<\/p>\n<p><strong>Onko 9JYY-4.5-py\u00f6r\u00f6paalien ker\u00e4ily- ja kuljetuskonetta helppo kuljettaa?<\/strong><\/p>\n<p>Kyll\u00e4, 9JYY-4.5 py\u00f6r\u00f6paalien ker\u00e4ily- ja kuljetuskone on suunniteltu helppoa kuljetusta varten. Siin\u00e4 on kest\u00e4v\u00e4t komponentit ja kompakti rakenne, joka helpottaa siirt\u00e4mist\u00e4 paikasta toiseen.<\/p>\n<p><strong>Kuinka kauan 9JYY-4.5 py\u00f6r\u00f6paalien ker\u00e4ily- ja kuljetuskoneen toimitus kest\u00e4\u00e4?<\/strong><\/p>\n<p>Toimitusajat voivat vaihdella sijainnistasi riippuen, mutta tarjoamme maailmanlaajuista toimitusta ja pyrimme toimittamaan tilauksesi nopeasti, varmistaen, ett\u00e4 toimintasi ei viiv\u00e4sty.<\/p>\n<p><strong>Voidaanko konetta k\u00e4ytt\u00e4\u00e4 paalien kuljettamiseen pitki\u00e4 matkoja?<\/strong><\/p>\n<p>Kyll\u00e4, 9JYY-4.5 py\u00f6r\u00f6paalien ker\u00e4ily- ja kuljetuskonetta voidaan k\u00e4ytt\u00e4\u00e4 sek\u00e4 lyhyiden ett\u00e4 pitkien matkojen kuljetukseen, joten se on monipuolinen ratkaisu erilaisiin paalien siirtotarpeisiin.<\/p>\n<p><strong>Millainen takuu 9JYY-4.5 -py\u00f6r\u00f6paalien ker\u00e4ily- ja kuljetuskoneella on?<\/strong><\/p>\n<p>9JYY-4.5-py\u00f6r\u00f6paalien ker\u00e4ily- ja kuljetuskoneella on 3 vuoden takuu, joka kattaa viat ja k\u00e4ytt\u00f6ongelmat mielenrauhan takaamiseksi.<\/p>\n<p>gzl:n muokkaama<\/p>\n<p>&nbsp;<\/p>","protected":false},"excerpt":{"rendered":"<p>Tutustu 9JYY-4.5 -py\u00f6r\u00f6paalien ker\u00e4ily- ja kuljetuskoneeseen \u2013 tehokkaaseen, luotettavaan ja helppok\u00e4ytt\u00f6iseen. Virtaviivaista maataloustoimintaasi jo t\u00e4n\u00e4\u00e4n. Lue lis\u00e4\u00e4!<\/p>","protected":false},"featured_media":457,"template":"","meta":{"_et_pb_use_builder":"","_et_pb_old_content":"","_et_gb_content_width":""},"product_brand":[],"product_cat":[21],"product_tag":[],"class_list":{"0":"post-455","1":"product","2":"type-product","3":"status-publish","4":"has-post-thumbnail","6":"product_cat-other-series-products","8":"first","9":"instock","10":"shipping-taxable","11":"product-type-simple"},"_links":{"self":[{"href":"https:\/\/silage-balers.com\/fi\/wp-json\/wp\/v2\/product\/455","targetHints":{"allow":["GET"]}}],"collection":[{"href":"https:\/\/silage-balers.com\/fi\/wp-json\/wp\/v2\/product"}],"about":[{"href":"https:\/\/silage-balers.com\/fi\/wp-json\/wp\/v2\/types\/product"}],"wp:featuredmedia":[{"embeddable":true,"href":"https:\/\/silage-balers.com\/fi\/wp-json\/wp\/v2\/media\/457"}],"wp:attachment":[{"href":"https:\/\/silage-balers.com\/fi\/wp-json\/wp\/v2\/media?parent=455"}],"wp:term":[{"taxonomy":"product_brand","embeddable":true,"href":"https:\/\/silage-balers.com\/fi\/wp-json\/wp\/v2\/product_brand?post=455"},{"taxonomy":"product_cat","embeddable":true,"href":"https:\/\/silage-balers.com\/fi\/wp-json\/wp\/v2\/product_cat?post=455"},{"taxonomy":"product_tag","embeddable":true,"href":"https:\/\/silage-balers.com\/fi\/wp-json\/wp\/v2\/product_tag?post=455"}],"curies":[{"name":"wp","href":"https:\/\/api.w.org\/{rel}","templated":true}]}}