{"id":458,"date":"2025-12-26T05:10:50","date_gmt":"2025-12-26T05:10:50","guid":{"rendered":"https:\/\/silage-balers.com\/?post_type=product&#038;p=458"},"modified":"2025-12-29T05:42:29","modified_gmt":"2025-12-29T05:42:29","slug":"9ycm-850-integroitu-kone","status":"publish","type":"product","link":"https:\/\/silage-balers.com\/fi\/tuote\/9ycm-850-integroitu-kone\/","title":{"rendered":"9YCM-850 paalaus- ja k\u00e4\u00e4rint\u00e4kone"},"content":{"rendered":"<p>9YCM-850-paalaus- ja k\u00e4\u00e4rint\u00e4laite on monipuolinen ja tehokas maatalouslaite, joka on suunniteltu tehostamaan maataloustuotteiden, kuten hein\u00e4n, oljen ja s\u00e4il\u00f6rehun, paalausta ja k\u00e4\u00e4rimist\u00e4. T\u00e4m\u00e4 kone yhdist\u00e4\u00e4 kaksi keskeist\u00e4 toimintoa \u2013 pakkaamisen ja k\u00e4\u00e4rimisen \u2013 yhteen yksikk\u00f6\u00f6n, mik\u00e4 parantaa tuotantotehokkuutta ja v\u00e4hent\u00e4\u00e4 ty\u00f6voimakustannuksia. Se on erityisesti suunniteltu tehokkaaseen k\u00e4ytt\u00f6\u00f6n maatalousymp\u00e4rist\u00f6iss\u00e4.<\/p>\n<h2>Tekniset tiedot<\/h2>\n<table style=\"border-color: #000000; width: 530px;\">\n<thead>\n<tr>\n<th style=\"width: 52.9766px;\">Sarjanumero<\/th>\n<th style=\"width: 151.609px;\">Tuote<\/th>\n<th style=\"width: 65.3828px; text-align: center;\">Yksikk\u00f6<\/th>\n<th style=\"width: 232.031px;\">Tekniset tiedot<\/th>\n<\/tr>\n<\/thead>\n<tbody>\n<tr>\n<td style=\"text-align: center; width: 52.9766px;\">1<\/td>\n<td style=\"width: 151.609px;\">Tuotteen nimi<\/td>\n<td style=\"width: 65.3828px; text-align: center;\">\/<\/td>\n<td style=\"width: 232.031px;\">9YCM-850 Paalain- ja k\u00e4\u00e4rint\u00e4laite<\/td>\n<\/tr>\n<tr>\n<td style=\"text-align: center; width: 52.9766px;\">2<\/td>\n<td style=\"width: 151.609px;\">Paalin mitat (halkaisija \u00d7 pituus)<\/td>\n<td style=\"width: 65.3828px; text-align: center;\">cm<\/td>\n<td style=\"width: 232.031px;\">\u03c685-90 \u00d7 85<\/td>\n<\/tr>\n<tr>\n<td style=\"text-align: center; width: 52.9766px;\">3<\/td>\n<td style=\"width: 151.609px;\">Paalin tilavuus<\/td>\n<td style=\"width: 65.3828px; text-align: center;\">M\u00b3<\/td>\n<td style=\"width: 232.031px;\">0.48-0.54<\/td>\n<\/tr>\n<tr>\n<td style=\"text-align: center; width: 52.9766px;\">4<\/td>\n<td style=\"width: 151.609px;\">S\u00e4ili\u00f6n tilavuus<\/td>\n<td style=\"width: 65.3828px; text-align: center;\">M\u00b3<\/td>\n<td style=\"width: 232.031px;\">2.5<\/td>\n<\/tr>\n<tr>\n<td style=\"text-align: center; width: 52.9766px;\">5<\/td>\n<td style=\"width: 151.609px;\">Vastaava voima<\/td>\n<td style=\"width: 65.3828px; text-align: center;\">\/<\/td>\n<td style=\"width: 232.031px;\">\u2265120 hv<\/td>\n<\/tr>\n<tr>\n<td style=\"text-align: center; width: 52.9766px;\">6<\/td>\n<td style=\"width: 151.609px;\">Kokonaismitat (pituus \u00d7 leveys \u00d7 korkeus)<\/td>\n<td style=\"width: 65.3828px; text-align: center;\">m<\/td>\n<td style=\"width: 232.031px;\">7,00 \u00d7 2,19 \u00d7 3,03<\/td>\n<\/tr>\n<tr>\n<td style=\"text-align: center; width: 52.9766px;\">7<\/td>\n<td style=\"width: 151.609px;\">Rengastiedot<\/td>\n<td style=\"width: 65.3828px; text-align: center;\">\/<\/td>\n<td style=\"width: 232.031px;\">295\/60-15<\/td>\n<\/tr>\n<tr>\n<td style=\"text-align: center; width: 52.9766px;\">8<\/td>\n<td style=\"width: 151.609px;\">Voimanottoakselin l\u00e4ht\u00f6<\/td>\n<td style=\"width: 65.3828px; text-align: center;\">rpm<\/td>\n<td style=\"width: 232.031px;\">540<\/td>\n<\/tr>\n<tr>\n<td style=\"text-align: center; width: 52.9766px;\">9<\/td>\n<td style=\"width: 151.609px;\">Hydrauliset vaatimukset<\/td>\n<td style=\"width: 65.3828px; text-align: center;\">\/<\/td>\n<td style=\"width: 232.031px;\">1 \u00d7 1\/2 tuumaa 1 \u00d7 3\/4 tuumaa<\/td>\n<\/tr>\n<tr>\n<td style=\"text-align: center; width: 52.9766px;\">10<\/td>\n<td style=\"width: 151.609px;\">S\u00e4hk\u00f6vaatimukset<\/td>\n<td style=\"width: 65.3828px; text-align: center;\">\/<\/td>\n<td style=\"width: 232.031px;\">12 V tasavirta<\/td>\n<\/tr>\n<tr>\n<td style=\"text-align: center; width: 52.9766px;\">11<\/td>\n<td style=\"width: 151.609px;\">Ohjausj\u00e4rjestelm\u00e4<\/td>\n<td style=\"width: 65.3828px; text-align: center;\">\/<\/td>\n<td style=\"width: 232.031px;\">Elektroninen ohjausj\u00e4rjestelm\u00e4<\/td>\n<\/tr>\n<tr>\n<td style=\"text-align: center; width: 52.9766px;\">12<\/td>\n<td style=\"width: 151.609px;\">Tuottavuus<\/td>\n<td style=\"width: 65.3828px; text-align: center;\">paalia\/tunti<\/td>\n<td style=\"width: 232.031px;\">30-40<\/td>\n<\/tr>\n<\/tbody>\n<\/table>\n<h2>Tuotteen m\u00e4\u00e4ritelm\u00e4<\/h2>\n<p>9YCM-850-paalaus- ja k\u00e4\u00e4rint\u00e4laite on edistynyt maatalouslaite, joka yhdist\u00e4\u00e4 paalauksen ja k\u00e4\u00e4rinn\u00e4n saumattomaksi toiminnaksi. Sit\u00e4 k\u00e4ytet\u00e4\u00e4n p\u00e4\u00e4asiassa hein\u00e4n, oljen ja muiden maataloustuotteiden pakkaamiseen, mik\u00e4 varmistaa maksimaalisen s\u00e4ilyvyyden ja helpon kuljetuksen.<\/p>\n<h2>9YCM-850-paalain- ja k\u00e4\u00e4rint\u00e4integroidun koneen ratkaisemat haasteet<\/h2>\n<p>9YCM-850-paalain- ja k\u00e4\u00e4rint\u00e4laite vastaa useisiin yleisiin maatalousalan maanviljelij\u00f6iden kohtaamiin haasteisiin. N\u00e4it\u00e4 ovat:<\/p>\n<ul>\n<li>Aikaa viev\u00e4 ja ty\u00f6l\u00e4s paalien manuaalinen k\u00e4\u00e4rint\u00e4.<\/li>\n<li>Ep\u00e4johdonmukainen pakkaus, joka johtaa varastoitujen tuotteiden pilaantumiseen.<\/li>\n<li>Tehottomuus suurten hein\u00e4- tai olkim\u00e4\u00e4rien k\u00e4sittelyss\u00e4.<\/li>\n<li>Haasteita tuotepakkausten yhdenmukaisen ja luotettavan s\u00e4ilytyksen varmistamisessa.<\/li>\n<li>Tarve suuritehoisille koneille, jotka pystyv\u00e4t k\u00e4sittelem\u00e4\u00e4n suurempia maataloustoimia.<\/li>\n<\/ul>\n<h2>9YCM-850-paalain- ja k\u00e4\u00e4rint\u00e4koneen k\u00e4ytt\u00f6tarkoitukset<\/h2>\n<p>T\u00e4m\u00e4 kone on korvaamaton monissa maatalouden prosesseissa, ja se tarjoaa kest\u00e4vi\u00e4 ratkaisuja:<\/p>\n<ul>\n<li>Tehokas hein\u00e4n ja oljen paalaaminen ja k\u00e4\u00e4riminen el\u00e4inten rehuksi.<\/li>\n<li>S\u00e4il\u00f6rehun pakkaaminen talviruokintaa tai pitk\u00e4aikaista s\u00e4ilytyst\u00e4 varten.<\/li>\n<li>Maatilatuotteiden laadun ja ravintoarvon s\u00e4ilytt\u00e4minen ilmatiiviill\u00e4 pakkauksella.<\/li>\n<li>Pident\u00e4\u00e4 paalien s\u00e4ilyvyytt\u00e4 ja minimoi pilaantumisen kuljetuksen ja varastoinnin aikana.<\/li>\n<li>Suurempien tilojen toiminnan virtaviivaistaminen v\u00e4hent\u00e4m\u00e4ll\u00e4 ty\u00f6voimaa ja lis\u00e4\u00e4m\u00e4ll\u00e4 l\u00e4pivirtausta.<\/li>\n<\/ul>\n<p style=\"text-align: center;\"><img loading=\"lazy\" decoding=\"async\" class=\"alignnone wp-image-460\" src=\"https:\/\/silage-balers.com\/wp-content\/uploads\/2025\/12\/1-1-1-2-300x300.webp\" alt=\"Integroitu kone\" width=\"365\" height=\"365\" \/><\/p>\n<h2>Tuotteen edut<\/h2>\n<p>9YCM-850-paalain- ja k\u00e4\u00e4rint\u00e4kone tarjoaa useita selkeit\u00e4 etuja, jotka erottavat sen perinteisist\u00e4 maatalouskoneista:<\/p>\n<ul>\n<li><strong>Korkea hy\u00f6tysuhde:<\/strong> Integroitu rakenne mahdollistaa samanaikaisen paalauksen ja k\u00e4\u00e4rinn\u00e4n, mik\u00e4 parantaa merkitt\u00e4v\u00e4sti toiminnan tehokkuutta ja v\u00e4hent\u00e4\u00e4 kuhunkin teht\u00e4v\u00e4\u00e4n kuluvaa aikaa.<\/li>\n<li><strong>Kustannuss\u00e4\u00e4st\u00f6t:<\/strong> Yhdist\u00e4m\u00e4ll\u00e4 kaksi toimintoa yhteen koneeseen viljelij\u00e4t voivat v\u00e4hent\u00e4\u00e4 ty\u00f6voimakustannuksia ja parantaa kokonaiskannattavuuttaan.<\/li>\n<li><strong>Huippulaatuinen k\u00e4\u00e4re:<\/strong> Kone varmistaa, ett\u00e4 jokainen paali on tiiviisti k\u00e4\u00e4ritty ilmatiiviisti, mik\u00e4 s\u00e4ilytt\u00e4\u00e4 sis\u00e4ll\u00f6n laadun pidemp\u00e4\u00e4n.<\/li>\n<li><strong>Kest\u00e4vyys:<\/strong> Korkealaatuisista materiaaleista valmistettu 9YCM-850 on suunniteltu kest\u00e4m\u00e4\u00e4n maatalousymp\u00e4rist\u00f6jen ankaria olosuhteita ja varmistamaan pitk\u00e4ik\u00e4isen suorituskyvyn.<\/li>\n<li><strong>Monipuolisuus:<\/strong> T\u00e4m\u00e4 kone soveltuu k\u00e4ytett\u00e4v\u00e4ksi useiden maataloustuotteiden, kuten hein\u00e4n, oljen, s\u00e4il\u00f6rehun ja muiden rehuaineiden, kanssa, mik\u00e4 tekee siit\u00e4 monik\u00e4ytt\u00f6isen ty\u00f6kalun nykyaikaisiin maataloustoimintoihin.<\/li>\n<\/ul>\n<h2>N\u00e4in 9YCM-850-paalain- ja k\u00e4\u00e4rint\u00e4laite toimii<\/h2>\n<p>9YCM-850 toimii k\u00e4ytt\u00e4m\u00e4ll\u00e4 sarjaa mekaanisia j\u00e4rjestelmi\u00e4, jotka samanaikaisesti puristavat ja k\u00e4\u00e4riv\u00e4t maataloustuotteita. Prosessi alkaa koneella, joka ker\u00e4\u00e4 korjatun materiaalin (kuten hein\u00e4n tai oljen) paaleiksi. Kun paalit on niputettu, pakkausyksikk\u00f6 k\u00e4\u00e4rii ne v\u00e4litt\u00f6m\u00e4sti muoviin tai muuhun sopivaan materiaaliin suojatakseen niit\u00e4 ulkoisilta tekij\u00f6ilt\u00e4, \u200b\u200bkuten kosteudelta, p\u00f6lylt\u00e4 ja ilmalta. T\u00e4m\u00e4 kaksoistoiminto auttaa varmistamaan, ett\u00e4 paalit pysyv\u00e4t ehjin\u00e4 ja hyv\u00e4ss\u00e4 kunnossa varastoinnin tai kuljetuksen aikana.<\/p>\n<h2>9YCM-850-paalain- ja k\u00e4\u00e4rint\u00e4koneen t\u00e4rkeimm\u00e4t k\u00e4ytt\u00f6kohteet<\/h2>\n<p>9YCM-850 sopii erinomaisesti k\u00e4ytett\u00e4v\u00e4ksi erilaisissa maatalous- ja maanviljelytilanteissa. T\u00e4ss\u00e4 on joitakin sen t\u00e4rkeimmist\u00e4 sovelluksista:<\/p>\n<ul>\n<li><strong>Hein\u00e4ntuotanto:<\/strong> Konetta k\u00e4ytet\u00e4\u00e4n laajalti hein\u00e4n paalaamiseen ja k\u00e4\u00e4rimiseen el\u00e4inten rehuksi, mik\u00e4 varmistaa optimaalisen s\u00e4ilyvyyden ja laadun.<\/li>\n<li><strong>Olkipakkaus:<\/strong> Olkea, jota k\u00e4ytet\u00e4\u00e4n usein kuivikkeena karjatiloilla, voidaan paalata ja k\u00e4\u00e4ri\u00e4 helppoa varastointia ja kuljetusta varten.<\/li>\n<li><strong>S\u00e4il\u00f6rehun pakkaus:<\/strong> Kone k\u00e4\u00e4rii s\u00e4il\u00f6rehun tehokkaasti s\u00e4ilytt\u00e4\u00e4kseen sen ravintoarvon karjan ruokintaan sesongin ulkopuolella.<\/li>\n<li><strong>Laajamittainen viljely:<\/strong> Ihanteellinen suurille maatiloille tai toiminnoille, joiden on k\u00e4sitelt\u00e4v\u00e4 nopeasti merkitt\u00e4vi\u00e4 m\u00e4\u00e4ri\u00e4 materiaalia.<\/li>\n<li><strong>Rehun s\u00e4ilytys:<\/strong> Tiloille, jotka haluavat varastoida rehua pidemmiksi ajoiksi, 9YCM-850 tarjoaa ilmatiiviin k\u00e4\u00e4reen materiaalin ravintosis\u00e4ll\u00f6n suojaamiseksi.<\/li>\n<li><strong>Kuljetus:<\/strong> Paalatut ja k\u00e4\u00e4rityt tuotteet ovat helpommin k\u00e4sitelt\u00e4vi\u00e4 ja kest\u00e4v\u00e4mpi\u00e4, mik\u00e4 helpottaa niiden kuljettamista eri paikkoihin.<\/li>\n<\/ul>\n<h2>Oikean 9YCM-850-paalain- ja k\u00e4\u00e4rint\u00e4koneen valinta<\/h2>\n<p>Kun valitset ihanteellisen 9YCM-850-paalain- ja k\u00e4\u00e4rint\u00e4koneen, ota huomioon seuraavat tekij\u00e4t varmistaaksesi, ett\u00e4 se t\u00e4ytt\u00e4\u00e4 erityistarpeesi:<\/p>\n<ul>\n<li><strong>Tuotantokapasiteetti:<\/strong> Valitse kone, joka pystyy k\u00e4sittelem\u00e4\u00e4n aiotun tuotem\u00e4\u00e4r\u00e4n, varmistaen tehokkuuden ja minimoiden seisokkiajat.<\/li>\n<li><strong>Materiaalien yhteensopivuus:<\/strong> Varmista, ett\u00e4 kone on yhteensopiva k\u00e4ytt\u00e4miesi maataloustuotteiden, kuten hein\u00e4n, oljen tai s\u00e4il\u00f6rehun, kanssa.<\/li>\n<li><strong>Kest\u00e4vyys:<\/strong> Etsi koneita, jotka on valmistettu korkealaatuisista materiaaleista ja jotka kest\u00e4v\u00e4t jatkuvaa k\u00e4ytt\u00f6\u00e4 vaativissa maatalousolosuhteissa.<\/li>\n<li><strong>Helppohoitoisuus:<\/strong> Valitse kone, jonka osiin on helppo p\u00e4\u00e4st\u00e4 k\u00e4siksi korjauksia ja s\u00e4\u00e4nn\u00f6llist\u00e4 huoltoa varten, jotta v\u00e4ltyt kalliilta seisokeilta.<\/li>\n<li><strong>Kustannustehokkuus:<\/strong> Harkitse koneen pitk\u00e4n aikav\u00e4lin investointiarvoa, mukaan lukien ty\u00f6voimakustannusten s\u00e4\u00e4st\u00f6n ja tehokkuuden lis\u00e4\u00e4ntymisen mahdollisuudet.<\/li>\n<\/ul>\n<h2>9YCM-850-paalain- ja k\u00e4\u00e4rint\u00e4koneen huolto<\/h2>\n<p>Jotta 9YCM-850-paalaus- ja k\u00e4\u00e4rint\u00e4kone toimisi parhaalla mahdollisella tavalla, s\u00e4\u00e4nn\u00f6llinen huolto on ratkaisevan t\u00e4rke\u00e4\u00e4. T\u00e4ss\u00e4 on joitakin huoltovinkkej\u00e4:<\/p>\n<ul>\n<li><strong>S\u00e4\u00e4nn\u00f6llinen puhdistus:<\/strong> Puhdista laite jokaisen k\u00e4ytt\u00f6kerran j\u00e4lkeen, jotta siihen ei kerry p\u00f6ly\u00e4 ja roskia, jotka voivat vaikuttaa sen suorituskykyyn.<\/li>\n<li><strong>Voitelu:<\/strong> Levit\u00e4 voiteluainetta liikkuviin osiin s\u00e4\u00e4nn\u00f6llisesti kulumisen est\u00e4miseksi.<\/li>\n<li><strong>Tarkista kuluminen:<\/strong> Tarkasta k\u00e4\u00e4rint\u00e4- ja paalainmekanismit kulumisen varalta ja vaihda kaikki osat, joissa on merkitt\u00e4vi\u00e4 vaurioita.<\/li>\n<li><strong>S\u00e4hk\u00f6tarkastukset:<\/strong> Varmista, ett\u00e4 kaikki s\u00e4hk\u00f6komponentit toimivat oikein ja tarkista mahdolliset viat, jotka voisivat h\u00e4irit\u00e4 laitteen toimintaa.<\/li>\n<li><strong>S\u00e4ilytys:<\/strong> Kun konetta ei k\u00e4ytet\u00e4, s\u00e4ilyt\u00e4 sit\u00e4 kuivassa paikassa metalliosien korroosion ja ruostumisen est\u00e4miseksi.<\/li>\n<\/ul>\n<h2>Asiakasarvostelut<\/h2>\n<p>\u201d9YCM-850 on mullistanut tapamme hallita hein\u00e4ntuotantoamme. Olemme v\u00e4hent\u00e4neet merkitt\u00e4v\u00e4sti ty\u00f6voimakustannuksia ja lis\u00e4nneet tuottoa. K\u00e4\u00e4rinn\u00e4n laatu on fantastinen, ja hein\u00e4paalimme s\u00e4ilyv\u00e4t paremmin kuin koskaan ennen. Suosittelen l\u00e4mpim\u00e4sti!\u201d<\/p>\n<p><strong>John Doe \u2013 Yhdysvallat<\/strong><\/p>\n<p>\u201dOlemme k\u00e4ytt\u00e4neet 9YCM-850-paalainta jo yli vuoden, ja se on ollut erinomainen investointi. Se on helppok\u00e4ytt\u00f6inen, eritt\u00e4in tehokas ja tuottaa huippulaatuisia k\u00e4\u00e4rittyj\u00e4 paaleja. Se on auttanut meit\u00e4 parantamaan sek\u00e4 s\u00e4il\u00f6rehun varastointia ett\u00e4 kuljetusta.\u201d<\/p>\n<p><strong>Max M\u00fcller \u2013 Saksa<\/strong><\/p>\n<p>\u201dT\u00e4m\u00e4 kone on mullistanut tilan toimintamme. Paalauksen ja k\u00e4\u00e4rinn\u00e4n integrointi on s\u00e4\u00e4st\u00e4nyt meilt\u00e4 paljon aikaa ja vaivaa. Rakennuksen laatu on huippuluokkaa, emmek\u00e4 ole kohdanneet mit\u00e4\u00e4n huolto-ongelmia t\u00e4h\u00e4n menness\u00e4. Ostaisin uudelleen!\u201d<\/p>\n<p><strong>Emily Johnson \u2013 Australia<\/strong><\/p>\n<p>\u201d9YCM-850 on juuri sit\u00e4 mit\u00e4 tarvitsimme tilamme laajamittaiseen toimintaan. Olemme pystyneet k\u00e4sittelem\u00e4\u00e4n suuria m\u00e4\u00e4ri\u00e4 hein\u00e4\u00e4 helposti, ja k\u00e4\u00e4rint\u00e4 varmistaa, ett\u00e4 rehu riitt\u00e4\u00e4 l\u00e4pi talven. Luotettava, kest\u00e4v\u00e4 ja tehokas kone.\u201d<\/p>\n<p><strong>Rajesh Kumar \u2013 Intia<\/strong><\/p>\n<p>\u201dOlen eritt\u00e4in tyytyv\u00e4inen t\u00e4m\u00e4n koneen suorituskykyyn. Se on lyhent\u00e4nyt hein\u00e4n k\u00e4sittelyyn kuluvaa aikaa ja lis\u00e4nnyt merkitt\u00e4v\u00e4sti tilamme tuottavuutta. K\u00e4\u00e4rinn\u00e4n laatu on erinomainen ja konetta on eritt\u00e4in helppo huoltaa.\u201d<\/p>\n<p><strong>Lucas Pereira \u2013 Brasilia<\/strong><\/p>\n<h2>Miksi valita tuotteemme?<\/h2>\n<p>Tarjoamme nopeita r\u00e4\u00e4t\u00e4l\u00f6intipalveluita varmistaen, ett\u00e4 9YCM-850 <a href=\"http:\/\/square-balers.com\" target=\"_blank\" rel=\"noopener\">Integroitu paalain- ja k\u00e4\u00e4rint\u00e4kone<\/a> vastaa maatilasi erityisvaatimuksia. Tuotteillamme on kolmen vuoden takuu, joka antaa sinulle mielenrauhaa ja varmistaa pitk\u00e4aikaisen luotettavuuden. Nopean maailmanlaajuisen toimituksen ja erinomaisen j\u00e4lkimarkkinointituen ansiosta olemme sitoutuneet tarjoamaan asiakkaillemme parhaan mahdollisen kokemuksen.<\/p>\n<h2>Tutustu 9YCM-850-paalain- ja k\u00e4\u00e4rint\u00e4integroituun koneeseen<\/h2>\n<p>Jos etsit tehokasta, luotettavaa ja kest\u00e4v\u00e4\u00e4 ratkaisua paalaus- ja k\u00e4\u00e4rint\u00e4tarpeisiisi, 9YCM-850-paalaus- ja k\u00e4\u00e4rint\u00e4integroitu kone on oikea valinta.<\/p>\n<p>Tehokkaiden ominaisuuksiensa, helpon huollonsa ja merkitt\u00e4vien kustannuss\u00e4\u00e4st\u00f6jens\u00e4 ansiosta se on ihanteellinen valinta nykyaikaisiin maataloustoimintoihin. 9YCM-850:n lis\u00e4ksi tarjoamme laajan valikoiman maatalouslis\u00e4varusteita ja niihin liittyvi\u00e4 tuotteita, jotka vastaavat monipuolisiin maataloustarpeisiisi. Ota meihin yhteytt\u00e4 jo t\u00e4n\u00e4\u00e4n saadaksesi lis\u00e4tietoja tuotteistamme, hinnoittelustamme ja siit\u00e4, miten voimme auttaa sinua optimoimaan maataloustoimintojasi.<\/p>\n<h2>Usein kysytyt kysymykset (UKK)<\/h2>\n<p><strong>Mik\u00e4 on 9YCM-850-paalaus- ja k\u00e4\u00e4rint\u00e4laitteen kapasiteetti? <a href=\"https:\/\/silage-balers.com\/fi\/tuote\/paalaimen-poiminta-ja-kuljetuskone\/\">Integroitu kone<\/a>?<\/strong><\/p>\n<p>9YCM-850 on suunniteltu k\u00e4sittelem\u00e4\u00e4n tehokkaasti suuria m\u00e4\u00e4ri\u00e4 hein\u00e4\u00e4, olkea ja muita maataloustuotteita. Se voi k\u00e4sitell\u00e4 jopa 850 kg paalia kohden, joten se sopii erinomaisesti laajamittaiseen maatalouteen.<\/p>\n<p><strong>Sopiiko 9YCM-850 s\u00e4il\u00f6rehun korjuuseen?<\/strong><\/p>\n<p>Kyll\u00e4, 9YCM-850 sopii t\u00e4ydellisesti s\u00e4il\u00f6rehun k\u00e4\u00e4rimiseen. Ilmatiivis k\u00e4\u00e4re auttaa s\u00e4ilytt\u00e4m\u00e4\u00e4n s\u00e4il\u00f6rehun ravintoarvot pidemp\u00e4\u00e4n ja varmistaa, ett\u00e4 se pysyy tuoreena karjanrehuksi.<\/p>\n<p><strong>Voiko 9YCM-850-laitetta k\u00e4ytt\u00e4\u00e4 ankarissa s\u00e4\u00e4olosuhteissa?<\/strong><\/p>\n<p>Kyll\u00e4, 9YCM-850 on suunniteltu kest\u00e4m\u00e4\u00e4n haastavia maatalousymp\u00e4rist\u00f6j\u00e4, kuten korkeita l\u00e4mp\u00f6tiloja ja m\u00e4rki\u00e4 olosuhteita. Se on valmistettu kest\u00e4vist\u00e4 materiaaleista, jotka kest\u00e4v\u00e4t ankaria s\u00e4\u00e4olosuhteita.<\/p>\n<p><strong>Kuinka kauan k\u00e4\u00e4rint\u00e4materiaali kest\u00e4\u00e4 paaleissa?<\/strong><\/p>\n<p>9YCM-850:n k\u00e4ytt\u00e4m\u00e4 k\u00e4\u00e4rint\u00e4materiaali on suunniteltu kest\u00e4m\u00e4\u00e4n pitki\u00e4 aikoja, mik\u00e4 varmistaa, ett\u00e4 paalit ovat suojattuja ymp\u00e4rist\u00f6tekij\u00f6ilt\u00e4, \u200b\u200bkuten kosteudelta ja ilmalta. K\u00e4\u00e4reen k\u00e4ytt\u00f6ik\u00e4 riippuu pitk\u00e4lti ulkoisista olosuhteista, mutta se kest\u00e4\u00e4 yleens\u00e4 useita kuukausia.<\/p>\n<p><strong>Kuinka helppoa 9YCM-850:n huoltaminen on?<\/strong><\/p>\n<p>9YCM-850 on suunniteltu helposti huollettavaksi. S\u00e4\u00e4nn\u00f6llinen puhdistus, voitelu ja t\u00e4rkeimpien osien tarkastus pit\u00e4v\u00e4t koneen toiminnassa sujuvasti, minimoivat seisokkiajat ja pident\u00e4v\u00e4t sen k\u00e4ytt\u00f6ik\u00e4\u00e4.<\/p>\n<p>gzl:n muokkaama<\/p>\n<p>&nbsp;<\/p>","protected":false},"excerpt":{"rendered":"<p>Tutustu 9YCM-850-paalain- ja k\u00e4\u00e4rint\u00e4koneeseen. Tehokas, luotettava ja suunniteltu huippusuorituskyky\u00e4 varten. P\u00e4ivit\u00e4 toimintasi jo t\u00e4n\u00e4\u00e4n! Hanki omasi nyt.<\/p>","protected":false},"featured_media":460,"template":"","meta":{"_et_pb_use_builder":"","_et_pb_old_content":"","_et_gb_content_width":""},"product_brand":[],"product_cat":[21],"product_tag":[],"class_list":{"0":"post-458","1":"product","2":"type-product","3":"status-publish","4":"has-post-thumbnail","6":"product_cat-other-series-products","8":"first","9":"instock","10":"shipping-taxable","11":"product-type-simple"},"_links":{"self":[{"href":"https:\/\/silage-balers.com\/fi\/wp-json\/wp\/v2\/product\/458","targetHints":{"allow":["GET"]}}],"collection":[{"href":"https:\/\/silage-balers.com\/fi\/wp-json\/wp\/v2\/product"}],"about":[{"href":"https:\/\/silage-balers.com\/fi\/wp-json\/wp\/v2\/types\/product"}],"wp:featuredmedia":[{"embeddable":true,"href":"https:\/\/silage-balers.com\/fi\/wp-json\/wp\/v2\/media\/460"}],"wp:attachment":[{"href":"https:\/\/silage-balers.com\/fi\/wp-json\/wp\/v2\/media?parent=458"}],"wp:term":[{"taxonomy":"product_brand","embeddable":true,"href":"https:\/\/silage-balers.com\/fi\/wp-json\/wp\/v2\/product_brand?post=458"},{"taxonomy":"product_cat","embeddable":true,"href":"https:\/\/silage-balers.com\/fi\/wp-json\/wp\/v2\/product_cat?post=458"},{"taxonomy":"product_tag","embeddable":true,"href":"https:\/\/silage-balers.com\/fi\/wp-json\/wp\/v2\/product_tag?post=458"}],"curies":[{"name":"wp","href":"https:\/\/api.w.org\/{rel}","templated":true}]}}