{"id":486,"date":"2025-12-29T05:31:28","date_gmt":"2025-12-29T05:31:28","guid":{"rendered":"https:\/\/silage-balers.com\/?post_type=product&#038;p=486"},"modified":"2025-12-29T06:08:00","modified_gmt":"2025-12-29T06:08:00","slug":"9lzd-9-0-sormipyoraharava","status":"publish","type":"product","link":"https:\/\/silage-balers.com\/fi\/tuote\/9lzd-9-0-sormipyoraharava\/","title":{"rendered":"9LZD-9.0 Sormipy\u00f6r\u00e4harava"},"content":{"rendered":"<p>9LZD-9.0-sormipy\u00f6r\u00e4harava on v\u00e4ltt\u00e4m\u00e4t\u00f6n maatalouskone, joka on suunniteltu hein\u00e4n ja muiden satoj\u00e4tteiden haravointiin. Se ker\u00e4\u00e4, lajittelee ja valmistelee sadon tehokkaasti kuivausta tai paalausta varten, mik\u00e4 tekee siit\u00e4 v\u00e4ltt\u00e4m\u00e4tt\u00f6m\u00e4n ty\u00f6kalun sek\u00e4 suurille ett\u00e4 pienille maatiloille. Useilla yhdess\u00e4 toimivilla teloilla varustettu karhotin tarjoaa erinomaisen haravointitehon ja tasaisesti jakautuneet paalit.<\/p>\n<h2>Tekniset tiedot<\/h2>\n<table style=\"border-color: #000000;\">\n<thead>\n<tr>\n<th>Sarjanumero<\/th>\n<th>Tuote<\/th>\n<th>Yksikk\u00f6<\/th>\n<th>Tekniset tiedot<\/th>\n<\/tr>\n<\/thead>\n<tbody>\n<tr>\n<td style=\"text-align: center;\">1<\/td>\n<td style=\"text-align: center;\">Mallin nimi<\/td>\n<td style=\"text-align: center;\">\/<\/td>\n<td style=\"text-align: center;\">9LZD-9.0 Sormipy\u00f6r\u00e4inen haravointikone<\/td>\n<\/tr>\n<tr>\n<td style=\"text-align: center;\">2<\/td>\n<td style=\"text-align: center;\">Rakenteellinen muoto<\/td>\n<td style=\"text-align: center;\">\/<\/td>\n<td style=\"text-align: center;\">Sormipy\u00f6r\u00e4tyyppi<\/td>\n<\/tr>\n<tr>\n<td style=\"text-align: center;\">3<\/td>\n<td style=\"text-align: center;\">Kiinnitysmenetelm\u00e4<\/td>\n<td style=\"text-align: center;\">\/<\/td>\n<td style=\"text-align: center;\">Vetotyyppi<\/td>\n<\/tr>\n<tr>\n<td style=\"text-align: center;\">4<\/td>\n<td style=\"text-align: center;\">Tekniset tiedot Malli<\/td>\n<td style=\"text-align: center;\">\/<\/td>\n<td style=\"text-align: center;\">9LZD-9.0<\/td>\n<\/tr>\n<tr>\n<td style=\"text-align: center;\">5<\/td>\n<td style=\"text-align: center;\">Vastaava voima<\/td>\n<td style=\"text-align: center;\">Kw<\/td>\n<td style=\"text-align: center;\">55-75<\/td>\n<\/tr>\n<tr>\n<td style=\"text-align: center;\">6<\/td>\n<td style=\"text-align: center;\">Kokonaismitat k\u00e4ytt\u00f6tilassa (pituus \u00d7 leveys \u00d7 korkeus)<\/td>\n<td style=\"text-align: center;\">m<\/td>\n<td style=\"text-align: center;\">16,8 \u00d7 3,9 \u00d7 1,6<\/td>\n<\/tr>\n<tr>\n<td style=\"text-align: center;\">7<\/td>\n<td style=\"text-align: center;\">Koneen paino<\/td>\n<td style=\"text-align: center;\">kg<\/td>\n<td style=\"text-align: center;\">1240<\/td>\n<\/tr>\n<tr>\n<td style=\"text-align: center;\">8<\/td>\n<td style=\"text-align: center;\">Ty\u00f6leveys<\/td>\n<td style=\"text-align: center;\">m<\/td>\n<td style=\"text-align: center;\">9<\/td>\n<\/tr>\n<tr>\n<td style=\"text-align: center;\">9<\/td>\n<td style=\"text-align: center;\">Ty\u00f6nopeus<\/td>\n<td style=\"text-align: center;\">km\/h<\/td>\n<td style=\"text-align: center;\">8~10<\/td>\n<\/tr>\n<tr>\n<td style=\"text-align: center;\">10<\/td>\n<td style=\"text-align: center;\">Kuljetusnopeus<\/td>\n<td style=\"text-align: center;\">km\/h<\/td>\n<td style=\"text-align: center;\">12<\/td>\n<\/tr>\n<tr>\n<td style=\"text-align: center;\">11<\/td>\n<td style=\"text-align: center;\">Sormilevyjen lukum\u00e4\u00e4r\u00e4<\/td>\n<td style=\"text-align: center;\">kpl<\/td>\n<td style=\"text-align: center;\">17<\/td>\n<\/tr>\n<tr>\n<td style=\"text-align: center;\">12<\/td>\n<td style=\"text-align: center;\">Jousihampaiden lukum\u00e4\u00e4r\u00e4<\/td>\n<td style=\"text-align: center;\">kpl<\/td>\n<td style=\"text-align: center;\">1020 (17 kiekkoa \u00d7 60 hammasta\/levy)<\/td>\n<\/tr>\n<tr>\n<td style=\"text-align: center;\">13<\/td>\n<td style=\"text-align: center;\">Operaattoreiden lukum\u00e4\u00e4r\u00e4<\/td>\n<td style=\"text-align: center;\">henkil\u00f6<\/td>\n<td style=\"text-align: center;\">1<\/td>\n<\/tr>\n<tr>\n<td style=\"text-align: center;\">14<\/td>\n<td style=\"text-align: center;\">Karhon leveys<\/td>\n<td style=\"text-align: center;\">m<\/td>\n<td style=\"text-align: center;\">0.8-1.2<\/td>\n<\/tr>\n<tr>\n<td style=\"text-align: center;\">15<\/td>\n<td style=\"text-align: center;\">Miss Haravointinopeus<\/td>\n<td style=\"text-align: center;\">\/<\/td>\n<td style=\"text-align: center;\">\u22642%<\/td>\n<\/tr>\n<tr>\n<td style=\"text-align: center;\">16<\/td>\n<td style=\"text-align: center;\">Tuottavuus<\/td>\n<td style=\"text-align: center;\">hm\u00b2\/h<\/td>\n<td style=\"text-align: center;\">7.2-9<\/td>\n<\/tr>\n<\/tbody>\n<\/table>\n<h2>9LZD-9.0-sormipy\u00f6r\u00e4haravan ratkaisemat keskeiset ongelmat<\/h2>\n<p>9LZD-9.0 -sormipy\u00f6r\u00e4harava auttaa maanviljelij\u00f6it\u00e4 ratkaisemaan perinteisiin hein\u00e4nharavointimenetelmiin liittyvi\u00e4 yleisi\u00e4 ongelmia, kuten ep\u00e4tasaiset karhot, liialliset satovauriot ja aikaa viev\u00e4n manuaalisen ty\u00f6n. Sen kest\u00e4v\u00e4 ja kest\u00e4v\u00e4 rakenne sek\u00e4 tehokas k\u00e4sittelykapasiteetti varmistavat, ett\u00e4 se pystyy k\u00e4sittelem\u00e4\u00e4n suuria m\u00e4\u00e4ri\u00e4 hein\u00e4\u00e4, erityisesti sadonkorjuukauden huippuaikana. Haravan s\u00e4\u00e4dett\u00e4v\u00e4t asetukset mahdollistavat yksil\u00f6lliset s\u00e4\u00e4d\u00f6t eri satotyyppien ja k\u00e4ytt\u00f6olosuhteiden perusteella, mik\u00e4 varmistaa tehokkaan toiminnan.<\/p>\n<h2>Tuotteen edut<\/h2>\n<ul>\n<li>\n<h3>Tehokas ja nopea toiminta<\/h3>\n<p>9LZD-9.0-sormipy\u00f6r\u00e4haravassa on useita sormipy\u00f6ri\u00e4, jotka varmistavat nopean ja tasaisen haravoinnin, mik\u00e4 lyhent\u00e4\u00e4 merkitt\u00e4v\u00e4sti suurten hein\u00e4nharavointit\u00f6iden suorittamiseen tarvittavaa aikaa. T\u00e4m\u00e4 tekee siit\u00e4 ihanteellisen sek\u00e4 pienille ett\u00e4 suurille maatiloille.<\/li>\n<li>\n<h3>Kest\u00e4vyys ja pitk\u00e4ik\u00e4isyys<\/h3>\n<p>Korkealaatuisista materiaaleista ja edistyneill\u00e4 valmistusprosesseilla valmistettu karhotin on suunniteltu kest\u00e4m\u00e4\u00e4n ankaria maatalousymp\u00e4rist\u00f6j\u00e4 ja tarjoamaan vuosien luotettavaa palvelua. Sen vankka rakenne varmistaa, ett\u00e4 se selvi\u00e4\u00e4 p\u00e4ivitt\u00e4isen maatalousty\u00f6n rasituksista.<\/li>\n<li>\n<h3>Suuri kapasiteetti suurille tiloille<\/h3>\n<p>Laajan py\u00f6r\u00e4rakenteensa ja useiden s\u00e4\u00e4dett\u00e4vien asetustensa ansiosta 9LZD-9.0-sormipy\u00f6r\u00e4harava pystyy k\u00e4sittelem\u00e4\u00e4n suuria hein\u00e4m\u00e4\u00e4ri\u00e4 yhdell\u00e4 ajokerralla, mik\u00e4 tekee siit\u00e4 parhaan valinnan suuren kapasiteetin maatiloille. T\u00e4m\u00e4 suuri kapasiteetti varmistaa, ett\u00e4 suuret alueet voidaan peitt\u00e4\u00e4 nopeasti ja tehokkaasti.<\/li>\n<li>\n<h3>Monipuolisuus sadon k\u00e4sittelyss\u00e4<\/h3>\n<p>T\u00e4m\u00e4 harava ei rajoitu pelk\u00e4st\u00e4\u00e4n hein\u00e4nkorjuuseen; se pystyy k\u00e4sittelem\u00e4\u00e4n my\u00f6s erilaisia \u200b\u200b\u200b\u200bkasveja, kuten olkea ja muita kasvij\u00e4tteit\u00e4, mik\u00e4 tekee siit\u00e4 monipuolisen lis\u00e4n mihin tahansa maatalouskonekalustoon. Sen mukautuvuus varmistaa, ett\u00e4 sit\u00e4 voidaan k\u00e4ytt\u00e4\u00e4 erilaisissa viljelyolosuhteissa ja s\u00e4\u00e4olosuhteissa.<\/li>\n<li>\n<h3>Minimaalinen satovaurio<\/h3>\n<p>Huolellisesti suunnitellut sormipy\u00f6r\u00e4t on suunniteltu ker\u00e4\u00e4m\u00e4\u00e4n hein\u00e4\u00e4 vahingoittamatta liikaa satoa ja s\u00e4ilytt\u00e4m\u00e4\u00e4n tuotteen laadun kuivausta tai paalausta varten. T\u00e4m\u00e4 ominaisuus on erityisen t\u00e4rke\u00e4 viljelij\u00f6ille, jotka haluavat s\u00e4ilytt\u00e4\u00e4 satonsa ravintoarvon.<\/li>\n<\/ul>\n<h2>Kuinka 9LZD-9.0-sormipy\u00f6r\u00e4harava toimii<\/h2>\n<p>9LZD-9.0-sormipy\u00f6r\u00e4harava toimii sormipy\u00f6rien avulla, jotka py\u00f6ritt\u00e4v\u00e4t ja haravoivat satoa. N\u00e4m\u00e4 rullat on asennettu s\u00e4\u00e4dett\u00e4v\u00e4\u00e4n varteen, mik\u00e4 mahdollistaa tehokkaan hein\u00e4nkeruun siisteiksi hein\u00e4suoviksi. Hein\u00e4haraa voidaan s\u00e4\u00e4t\u00e4\u00e4 eri satotyypeille ja pelto-olosuhteille, mik\u00e4 varmistaa optimaalisen suorituskyvyn kaikissa tilanteissa. Synkronoitu rullan liike tarjoaa sujuvan ja jatkuvan haravoinnin, mik\u00e4 minimoi sadon menetykset ja vauriot.<\/p>\n<p style=\"text-align: center;\"><img loading=\"lazy\" decoding=\"async\" class=\"alignnone wp-image-491\" src=\"https:\/\/silage-balers.com\/wp-content\/uploads\/2025\/12\/ep-9LZD-9.0-Finger-Wheel-Rake-4-1.webp\" alt=\"Sormipy\u00f6r\u00e4harava\" width=\"377\" height=\"377\" srcset=\"https:\/\/silage-balers.com\/wp-content\/uploads\/2025\/12\/ep-9LZD-9.0-Finger-Wheel-Rake-4-1.webp 269w, https:\/\/silage-balers.com\/wp-content\/uploads\/2025\/12\/ep-9LZD-9.0-Finger-Wheel-Rake-4-1-150x150.webp 150w, https:\/\/silage-balers.com\/wp-content\/uploads\/2025\/12\/ep-9LZD-9.0-Finger-Wheel-Rake-4-1-12x12.webp 12w, https:\/\/silage-balers.com\/wp-content\/uploads\/2025\/12\/ep-9LZD-9.0-Finger-Wheel-Rake-4-1-100x100.webp 100w\" sizes=\"(max-width: 377px) 100vw, 377px\" \/><\/p>\n<h2>Ensisijaiset sovellusskenaariot<\/h2>\n<p>9LZD-9.0 sormipy\u00f6r\u00e4harava sopii erinomaisesti monenlaisiin maatalousteht\u00e4viin:<\/p>\n<ul>\n<li>\n<h3>Hein\u00e4nviljely<\/h3>\n<p>Se sopii t\u00e4ydellisesti laajamittaiseen hein\u00e4nharavointiin, jossa nopeus ja tehokkuus ovat avainasemassa sadonkorjuun tuottavuuden maksimoinnissa.<\/li>\n<li>\n<h3>Olkikokoelma<\/h3>\n<p>Viljelij\u00e4t voivat k\u00e4ytt\u00e4\u00e4 haravaa olkien ker\u00e4\u00e4miseen viljan tai palkokasvien sadonkorjuun j\u00e4lkeen ja varmistaa, ett\u00e4 ne ovat siististi j\u00e4rjestettyin\u00e4 jatkok\u00e4sittely\u00e4 tai varastointia varten.<\/li>\n<li>\n<h3>J\u00e4\u00e4mien hallinta<\/h3>\n<p>Harava on eritt\u00e4in tehokas kasvij\u00e4tteiden k\u00e4sittelyss\u00e4, maaper\u00e4n valmistelussa tulevia kylv\u00f6j\u00e4 varten tai puhtaan pellon j\u00e4tt\u00e4misess\u00e4 valmiiksi seuraavaa satokautta varten.<\/li>\n<li>\n<h3>Niityt ja laidunmaat<\/h3>\n<p>Laajojen laidunten omistaville viljelij\u00f6ille haravalla ruohonleikkuuj\u00e4tteell\u00e4 voi ker\u00e4t\u00e4 niit\u00e4 kuivattavaksi tai kompostoitavaksi, mik\u00e4 tukee kest\u00e4vi\u00e4 tilanhoitok\u00e4yt\u00e4nt\u00f6j\u00e4.<\/li>\n<li>\n<h3>Pienet ja suuret maatilat<\/h3>\n<p>Olipa kyseess\u00e4 sitten pieni perhetila tai suuri teollisuusyritys, karhottimen s\u00e4\u00e4dett\u00e4v\u00e4t asetukset tekev\u00e4t siit\u00e4 sopivan erikokoisille ja -tyyppisille tiloille.<\/li>\n<li>\n<h3>Traktorin kanssa yhteensopivat toiminnot<\/h3>\n<p>Traktoreihin suunniteltu 9LZD-9.0-sormipy\u00f6r\u00e4harava integroituu saumattomasti olemassa oleviin maatalouskoneisiin ja maksimoi toiminnan tehokkuuden.<\/li>\n<\/ul>\n<h2>Kuinka valita oikea 9LZD-9.0 sormipy\u00f6r\u00e4harava<\/h2>\n<p>Kun valitset tarpeisiisi sopivaa 9LZD-9.0-sormipy\u00f6r\u00e4haravaa, ota huomioon seuraavat tekij\u00e4t:<\/p>\n<ul>\n<li>\n<h3>Tilan koko<\/h3>\n<p>Suuremmat tilat saattavat tarvita suurempikapasiteettisia karhottimia, kun taas pienemm\u00e4t tilat voivat hy\u00f6ty\u00e4 kompaktimmista malleista. Valitse karhotin maatilasi koon mukaan varmistaaksesi optimaalisen suorituskyvyn.<\/li>\n<li>\n<h3>Kasvityyppi<\/h3>\n<p>Erilaiset viljelykasvit vaativat erilaista k\u00e4sittely\u00e4. Varmista, ett\u00e4 valitsemasi haravan sopii juuri kyseisille viljelykasveille, olipa kyseess\u00e4 sitten hein\u00e4, olki tai muut kasvij\u00e4tteet.<\/li>\n<li>\n<h3>S\u00e4\u00e4dett\u00e4vyysominaisuudet<\/h3>\n<p>S\u00e4\u00e4dett\u00e4vien sormipy\u00f6rien ja karhottimen asetusten avulla voit mukauttaa karhottimen suorituskyvyn erilaisten pelto-olosuhteiden ja satotyyppien tarpeisiin. Mieti, kuinka t\u00e4rke\u00e4\u00e4 s\u00e4\u00e4dett\u00e4vyys on juuri sinun viljelyk\u00e4yt\u00e4nt\u00f6jesi kannalta.<\/li>\n<li>\n<h3>Kest\u00e4vyys<\/h3>\n<p>Valitse korkealaatuisista materiaaleista valmistettu karhotin, sill\u00e4 sen on kestett\u00e4v\u00e4 p\u00e4ivitt\u00e4isen maanviljelyn ankarat olosuhteet. Kest\u00e4v\u00e4 karhotin varmistaa pitk\u00e4aikaisen arvon ja v\u00e4hent\u00e4\u00e4 yll\u00e4pitokustannuksia.<\/li>\n<li>\n<h3>Yhteensopivuus traktorisi kanssa<\/h3>\n<p>Varmista, ett\u00e4 karhotin on yhteensopiva traktorisi tehon ja vetokoukun vaatimusten kanssa, mik\u00e4 takaa helpon k\u00e4yt\u00f6n ja minimoi seisokkiajat.<\/li>\n<li>\n<h3>Hinta ja arvo<\/h3>\n<p>Vaikka hinta on t\u00e4rke\u00e4 kriteeri, on ratkaisevan t\u00e4rke\u00e4\u00e4 tasapainottaa hinta ominaisuuksien ja kest\u00e4vyyden kanssa. Etsi harava, joka tarjoaa erinomaista vastinetta rahalle pitk\u00e4ll\u00e4 aikav\u00e4lill\u00e4.<\/li>\n<\/ul>\n<h2>9LZD-9.0-sormipy\u00f6r\u00e4haravan huoltovinkkej\u00e4<\/h2>\n<p>Varmistaaksesi, ett\u00e4 9LZD-9.0-sormipy\u00f6r\u00e4haravasi toimii parhaalla mahdollisella tavalla, noudata n\u00e4it\u00e4 t\u00e4rkeit\u00e4 huolto-ohjeita:<\/p>\n<ul>\n<li>\n<h3>S\u00e4\u00e4nn\u00f6llinen puhdistus<\/h3>\n<p>Puhdista haravan osien kulumista tai vaurioitumista aiheuttavat roskat, lian ja j\u00e4\u00e4nn\u00f6kset jokaisen k\u00e4ytt\u00f6kerran j\u00e4lkeen.<\/li>\n<li>\n<h3>Voitelu<\/h3>\n<p>Voitele liikkuvat osat, kuten sormipy\u00f6r\u00e4t ja varret, s\u00e4\u00e4nn\u00f6llisesti varmistaaksesi sujuvan toiminnan ja v\u00e4hent\u00e4\u00e4ksesi kitkaa, joka voi johtaa ennenaikaiseen kulumiseen.<\/li>\n<li>\n<h3>Tarkista vaurioiden varalta<\/h3>\n<p>Tarkista harava kulumisen tai vaurioiden varalta. Korjaa mahdolliset ongelmat viipym\u00e4tt\u00e4 est\u00e4\u00e4ksesi lis\u00e4vauriot tai rikkoutumiset k\u00e4yt\u00f6n aikana.<\/li>\n<li>\n<h3>N\u00e4yt\u00f6n s\u00e4\u00e4d\u00f6t<\/h3>\n<p>Varmista, ett\u00e4 kaikki asetukset on s\u00e4\u00e4detty oikein k\u00e4sittelem\u00e4si sadon tyypin mukaan. Tarkista s\u00e4\u00e4nn\u00f6llisesti mahdolliset linjausvirheet tai ep\u00e4s\u00e4\u00e4nn\u00f6llisyydet.<\/li>\n<li>\n<h3>S\u00e4ilyt\u00e4 oikein<\/h3>\n<p>Kun haravaa ei k\u00e4ytet\u00e4, s\u00e4ilyt\u00e4 sit\u00e4 kuivassa ja suojaisassa paikassa suojataksesi sit\u00e4 s\u00e4\u00e4n aiheuttamalta kulumiselta ja korroosiolta.<\/li>\n<\/ul>\n<p style=\"text-align: center;\"><img loading=\"lazy\" decoding=\"async\" class=\"alignnone wp-image-490\" src=\"https:\/\/silage-balers.com\/wp-content\/uploads\/2025\/12\/ep-9LZD-9.0-Finger-Wheel-Rake-3-1.webp\" alt=\"Sormipy\u00f6r\u00e4harava\" width=\"373\" height=\"373\" srcset=\"https:\/\/silage-balers.com\/wp-content\/uploads\/2025\/12\/ep-9LZD-9.0-Finger-Wheel-Rake-3-1.webp 268w, https:\/\/silage-balers.com\/wp-content\/uploads\/2025\/12\/ep-9LZD-9.0-Finger-Wheel-Rake-3-1-150x150.webp 150w, https:\/\/silage-balers.com\/wp-content\/uploads\/2025\/12\/ep-9LZD-9.0-Finger-Wheel-Rake-3-1-12x12.webp 12w, https:\/\/silage-balers.com\/wp-content\/uploads\/2025\/12\/ep-9LZD-9.0-Finger-Wheel-Rake-3-1-100x100.webp 100w\" sizes=\"(max-width: 373px) 100vw, 373px\" \/><\/p>\n<h2>Asiakasarvostelut<\/h2>\n<p>\u201dT\u00e4m\u00e4 karhotin on tehnyt valtavan eron tilallamme. Aiemmin meill\u00e4 oli vaikeuksia ep\u00e4tasaisten karhojen kanssa, mutta 9LZD-9.0 on ratkaissut t\u00e4m\u00e4n ongelman. Laatu on erinomaista, ja se todella nopeuttaa sadonkorjuuprosessiamme. Se on rakennettu kest\u00e4m\u00e4\u00e4n, ja olemme varmoja, ett\u00e4 se toimii hyvin tulevina vuosina.\u201d<\/p>\n<p><strong>John Smith \u2013 Yhdysvallat<\/strong><\/p>\n<p>\u201dOlemme k\u00e4ytt\u00e4neet 9LZD-9.0-sormipy\u00f6r\u00e4haravaa nyt muutaman kuukauden, ja se on muuttanut kaiken. Hein\u00e4ntuotantomme ei ole koskaan ollut tehokkaampaa. Sit\u00e4 on helppo s\u00e4\u00e4t\u00e4\u00e4, ja haravoidun hein\u00e4n laatu on paljon parempi kuin vanhalla haravoinnillamme.\u201d<\/p>\n<p><strong>Anna Liu \u2013 Kiina<\/strong><\/p>\n<p>\u201dPienen tilan omistajana olin huolissani investoinnista n\u00e4in suureen laitteeseen. Mutta 9LZD-9.0-sormipy\u00f6r\u00e4harava on osoittautunut jokaisen pennin arvoiseksi. Se on edullinen tilani kokoon n\u00e4hden ja toimii kuin unelma. Suosittelen sit\u00e4 kaikille, jotka etsiv\u00e4t luotettavaa haravointilaitetta.\u201d<\/p>\n<p><strong>Michael Lee \u2013 Australia<\/strong><\/p>\n<p>\u201dT\u00e4m\u00e4 harava on s\u00e4\u00e4st\u00e4nyt meilt\u00e4 paljon aikaa sadonkorjuun aikana. Olemme pystyneet k\u00e4sittelem\u00e4\u00e4n paljon suuremman alueen lyhyemm\u00e4ss\u00e4 ajassa, ja karhojemme laatu on parantunut. Olemme eritt\u00e4in tyytyv\u00e4isi\u00e4 t\u00e4m\u00e4n haravoittimen suorituskykyyn.\u201d<\/p>\n<p><strong>Maria Gomez \u2013 Espanja<\/strong><\/p>\n<p>\u201dLoistava tuote. Vahva, luotettava ja helppok\u00e4ytt\u00f6inen. Pid\u00e4n erityisesti s\u00e4\u00e4dett\u00e4vist\u00e4 asetuksista, joiden avulla voin mukauttaa karhottimen erilaisiin olosuhteisiin. Erinomainen suurille maatiloille.\u201d<\/p>\n<p><strong>James Williams \u2013 Iso-Britannia<\/strong><\/p>\n<h2>Miksi valita tuotteemme<\/h2>\n<p>Tarjoamme 9LZD-9.0-mallia <a href=\"https:\/\/silage-balers.com\/fi\/tuote\/9lz-6-0-sormen-pyoran-harava\/\">Sormipy\u00f6r\u00e4harava<\/a> ja siin\u00e4 on useita etuja, jotka erottavat sen kilpailijoista. Tuotteemme sis\u00e4lt\u00e4\u00e4:<\/p>\n<ul>\n<li>Nopeat r\u00e4\u00e4t\u00e4l\u00f6intipalvelut vastaamaan maatilasi erityisvaatimuksia.<\/li>\n<li>Kolmen vuoden takuu takaa mielenrauhan ja luotettavan suorituskyvyn.<\/li>\n<li>Nopea maailmanlaajuinen toimitus kiireellisten vaatimusten t\u00e4ytt\u00e4miseksi.<\/li>\n<li>Kattava myynnin j\u00e4lkeinen tuki ongelmien nopeaan ja tehokkaaseen ratkaisemiseen.<\/li>\n<\/ul>\n<p>9LZD-9.0-sormipy\u00f6r\u00e4haravan lis\u00e4ksi tarjoamme laajan valikoiman siihen liittyvi\u00e4 lis\u00e4varusteita ja tuotteita, jotka tukevat kaikkia maataloustarpeitasi. Ota meihin yhteytt\u00e4 jo t\u00e4n\u00e4\u00e4n tutustuaksesi tuotteisiimme, saadaksesi lis\u00e4tietoja ominaisuuksistamme ja tehd\u00e4ksesi ostoksesi luottavaisin mielin.<\/p>\n<p style=\"text-align: center;\"><img loading=\"lazy\" decoding=\"async\" class=\"alignnone wp-image-489\" src=\"https:\/\/silage-balers.com\/wp-content\/uploads\/2025\/12\/ep-9LZD-9.0-Finger-Wheel-Rake-2-1.webp\" alt=\"Sormipy\u00f6r\u00e4harava\" width=\"393\" height=\"393\" srcset=\"https:\/\/silage-balers.com\/wp-content\/uploads\/2025\/12\/ep-9LZD-9.0-Finger-Wheel-Rake-2-1.webp 268w, https:\/\/silage-balers.com\/wp-content\/uploads\/2025\/12\/ep-9LZD-9.0-Finger-Wheel-Rake-2-1-150x150.webp 150w, https:\/\/silage-balers.com\/wp-content\/uploads\/2025\/12\/ep-9LZD-9.0-Finger-Wheel-Rake-2-1-12x12.webp 12w, https:\/\/silage-balers.com\/wp-content\/uploads\/2025\/12\/ep-9LZD-9.0-Finger-Wheel-Rake-2-1-100x100.webp 100w\" sizes=\"(max-width: 393px) 100vw, 393px\" \/><\/p>\n<h2>Usein kysytyt kysymykset<\/h2>\n<p><strong>1. Mik\u00e4 on paras tapa k\u00e4ytt\u00e4\u00e4 9LZD-9.0 -sormipy\u00f6r\u00e4haravaa hein\u00e4nteossa?<\/strong><\/p>\n<p>Saadaksesi kaiken irti 9LZD-9.0-mallin tehosta, s\u00e4\u00e4d\u00e4 haravointiasetuksia k\u00e4ytt\u00e4m\u00e4si hein\u00e4n tyypin mukaan. Varmista, ett\u00e4 haravointinopeus on oikea, jotta sadon vauriot minimoituvat ja tehokkuus maksimoituu. Puhdista ja voitele haravointi s\u00e4\u00e4nn\u00f6llisesti optimaalisen suorituskyvyn yll\u00e4pit\u00e4miseksi.<\/p>\n<p><strong>2. Miten huollan karhon py\u00f6r\u00e4j\u00e4rjestelmi\u00e4?<\/strong><\/p>\n<p>Py\u00f6r\u00e4t on tarkastettava s\u00e4\u00e4nn\u00f6llisesti vaurioiden ja kulumisen varalta. Voitele py\u00f6rien liikkuvat osat varmistaaksesi tasaisen toiminnan ja v\u00e4ltt\u00e4\u00e4ksesi kitkan, joka voi aiheuttaa ennenaikaista kulumista. Vaihda kuluneet py\u00f6r\u00e4t viipym\u00e4tt\u00e4 haravointitehon yll\u00e4pit\u00e4miseksi.<\/p>\n<p><strong>3. Mik\u00e4 tekee 9LZD-9.0 -sormipy\u00f6r\u00e4haravasta sopivan suurille maatiloille?<\/strong><\/p>\n<p>9LZD-9.0 on suunniteltu tehokkaaksi, mink\u00e4 ansiosta se pystyy haravoimaan suuria hein\u00e4m\u00e4\u00e4ri\u00e4 nopeasti ja tehokkaasti. Sen kest\u00e4v\u00e4 rakenne ja s\u00e4\u00e4dett\u00e4v\u00e4t ominaisuudet tekev\u00e4t siit\u00e4 ihanteellisen valinnan laajamittaiseen toimintaan.<\/p>\n<p><strong>4. Voiko t\u00e4t\u00e4 haravaa k\u00e4ytt\u00e4\u00e4 olkien ja muiden kasvij\u00e4tteiden keruussa?<\/strong><\/p>\n<p>Kyll\u00e4, 9LZD-9.0 on eritt\u00e4in monipuolinen ja sit\u00e4 voidaan k\u00e4ytt\u00e4\u00e4 useille eri viljelykasveille, kuten oljelle ja muille kasvij\u00e4tteille. Sen mukautuvuus tekee siit\u00e4 arvokkaan ty\u00f6kalun erilaisiin viljelytarpeisiin.<\/p>\n<p><strong>5. Mist\u00e4 tied\u00e4n, onko 9LZD-9.0 sormipy\u00f6r\u00e4harava yhteensopiva traktorini kanssa?<\/strong><\/p>\n<p>Tarkista traktorin teho ja vetokoukun tekniset tiedot varmistaaksesi yhteensopivuuden karhottimen kanssa. 9LZD-9.0 on suunniteltu toimimaan useimpien tavallisten maataloustraktoreiden kanssa, mutta on t\u00e4rke\u00e4\u00e4 varmistaa traktorin ominaisuudet.<\/p>\n<p><strong>6. Sopiiko 9LZD-9.0 sek\u00e4 m\u00e4rkiin ett\u00e4 kuiviin olosuhteisiin?<\/strong><\/p>\n<p>Kyll\u00e4, 9LZD-9.0 pystyy k\u00e4sittelem\u00e4\u00e4n sek\u00e4 m\u00e4rki\u00e4 ett\u00e4 kuivia olosuhteita. M\u00e4riss\u00e4 olosuhteissa on kuitenkin suositeltavaa s\u00e4\u00e4t\u00e4\u00e4 karhon asetuksia sadon vaurioitumisen est\u00e4miseksi ja sujuvan toiminnan varmistamiseksi.<\/p>\n<p><strong>7. Kuinka kauan 9LZD-9.0 kest\u00e4\u00e4?<\/strong><\/p>\n<p>Asianmukaisella huollolla 9LZD-9.0 sormipy\u00f6r\u00e4harava voi kest\u00e4\u00e4 useita vuosia. Sen valmistuksessa k\u00e4ytetyt korkealaatuiset materiaalit takaavat kest\u00e4vyyden jopa kovassa k\u00e4yt\u00f6ss\u00e4.<\/p>\n<p><strong>8. Voiko haravaa k\u00e4ytt\u00e4\u00e4 pienemmill\u00e4 tiloilla?<\/strong><\/p>\n<p>Kyll\u00e4, 9LZD-9.0 on riitt\u00e4v\u00e4n monipuolinen sek\u00e4 pienille ett\u00e4 suurille tiloille. Sen s\u00e4\u00e4dett\u00e4v\u00e4t ominaisuudet mahdollistavat tehokkaan toiminnan erikokoisilla tiloilla ja olosuhteissa.<\/p>\n<p><strong>9. Mik\u00e4 on 9LZD-9.0-sormipy\u00f6r\u00e4haravan takuuaika?<\/strong><\/p>\n<p>9LZD-9.0:lla on 3 vuoden takuu, mik\u00e4 takaa mielenrauhan sen luotettavuuden ja suorituskyvyn suhteen. Seisomme tuotteidemme laadun takana.<\/p>\n<p><strong>10. Kuinka nopeasti voin saada 9LZD-9.0 sormipy\u00f6r\u00e4haravan toimitettuna?<\/strong><\/p>\n<p>Tarjoamme maailmanlaajuisesti nopeita toimituksia kiireellisiin tarpeisiin. Sijainnistasi riippuen toimitus voidaan suorittaa muutamassa p\u00e4iv\u00e4ss\u00e4.<\/p>\n<p><strong>11. Onko 9LZD-9.0 -sormipy\u00f6r\u00e4harava helppo koota?<\/strong><\/p>\n<p>Kyll\u00e4, harava on suunniteltu helposti koottavaksi ja se voidaan asentaa nopeasti. Tarkat ohjeet takaavat vaivattoman asennuksen.<\/p>\n<p><strong>12. Miten haravan k\u00e4ytt\u00f6 auttaa s\u00e4ilytt\u00e4m\u00e4\u00e4n sadon laadun?<\/strong><\/p>\n<p>Harovan sormipy\u00f6r\u00e4t on suunniteltu minimoimaan satovaurioita, mik\u00e4 auttaa s\u00e4ilytt\u00e4m\u00e4\u00e4n hein\u00e4n tai muun kuivattavan tai paalattavan sadon laadun.<\/p>\n<p><strong>13. Voidaanko haravaa k\u00e4ytt\u00e4\u00e4 eri kasveilla?<\/strong><\/p>\n<p>Kyll\u00e4, 9LZD-9.0 soveltuu erilaisille viljelykasveille, kuten hein\u00e4lle, oljelle ja muille maatalousj\u00e4tteille.<\/p>\n<p><strong>14. Kuinka usein minun pit\u00e4isi voidella haravan osia?<\/strong><\/p>\n<p>Voitele harovan liikkuvat osat v\u00e4hint\u00e4\u00e4n kerran viikossa tai muutaman k\u00e4ytt\u00f6kerran j\u00e4lkeen varmistaaksesi sujuvan toiminnan ja v\u00e4hent\u00e4\u00e4ksesi kulumista.<\/p>\n<p><strong>15. Mit\u00e4 minun pit\u00e4isi tehd\u00e4, jos haravani alkaa n\u00e4ytt\u00e4\u00e4 kulumisen merkkej\u00e4?<\/strong><\/p>\n<p>Jos haravointilaitteessasi on kulumisen merkkej\u00e4, kuten heikentynyt suorituskyky tai vaurioituneita osia, tarkasta laite ja vaihda kuluneet osat viipym\u00e4tt\u00e4 varmistaaksesi jatkuvan optimaalisen toiminnan.<\/p>\n<p>gzl:n muokkaama<\/p>","protected":false},"excerpt":{"rendered":"<p>Tutustu 9LZD-9.0-sormipy\u00f6r\u00e4karhottimeen tehokkaaseen ja suorituskykyiseen maanviljelyyn. Paranna tuottavuuttasi tarkkuudella ja luotettavuudella. Osta nyt ja l\u00f6yd\u00e4 parhaat tarjoukset!<\/p>","protected":false},"featured_media":488,"template":"","meta":{"_et_pb_use_builder":"","_et_pb_old_content":"","_et_gb_content_width":""},"product_brand":[],"product_cat":[20],"product_tag":[],"class_list":{"0":"post-486","1":"product","2":"type-product","3":"status-publish","4":"has-post-thumbnail","6":"product_cat-mower-tedder","8":"first","9":"instock","10":"shipping-taxable","11":"product-type-simple"},"_links":{"self":[{"href":"https:\/\/silage-balers.com\/fi\/wp-json\/wp\/v2\/product\/486","targetHints":{"allow":["GET"]}}],"collection":[{"href":"https:\/\/silage-balers.com\/fi\/wp-json\/wp\/v2\/product"}],"about":[{"href":"https:\/\/silage-balers.com\/fi\/wp-json\/wp\/v2\/types\/product"}],"wp:featuredmedia":[{"embeddable":true,"href":"https:\/\/silage-balers.com\/fi\/wp-json\/wp\/v2\/media\/488"}],"wp:attachment":[{"href":"https:\/\/silage-balers.com\/fi\/wp-json\/wp\/v2\/media?parent=486"}],"wp:term":[{"taxonomy":"product_brand","embeddable":true,"href":"https:\/\/silage-balers.com\/fi\/wp-json\/wp\/v2\/product_brand?post=486"},{"taxonomy":"product_cat","embeddable":true,"href":"https:\/\/silage-balers.com\/fi\/wp-json\/wp\/v2\/product_cat?post=486"},{"taxonomy":"product_tag","embeddable":true,"href":"https:\/\/silage-balers.com\/fi\/wp-json\/wp\/v2\/product_tag?post=486"}],"curies":[{"name":"wp","href":"https:\/\/api.w.org\/{rel}","templated":true}]}}