{"id":493,"date":"2025-12-29T06:10:15","date_gmt":"2025-12-29T06:10:15","guid":{"rendered":"https:\/\/silage-balers.com\/?post_type=product&#038;p=493"},"modified":"2025-12-29T06:21:28","modified_gmt":"2025-12-29T06:21:28","slug":"9lzy-9-0-sormen-pyoraharava","status":"publish","type":"product","link":"https:\/\/silage-balers.com\/fi\/tuote\/9lzy-9-0-sormen-pyoraharava\/","title":{"rendered":"9LZY-9.0 Sormipy\u00f6r\u00e4harava"},"content":{"rendered":"<p>9LZY-9.0-sormipy\u00f6r\u00e4harava on eritt\u00e4in tehokas maatalousty\u00f6kalu, joka on suunniteltu hein\u00e4n ja muiden viljelykasvien haravointiin. Se on suunniteltu k\u00e4sittelem\u00e4\u00e4n erilaisia \u200b\u200bmaatalousteht\u00e4vi\u00e4 ja varmistamaan optimaalisen tuottavuuden. T\u00e4ss\u00e4 artikkelissa k\u00e4sitell\u00e4\u00e4n sen k\u00e4ytt\u00f6\u00e4, etuja, toimintaperiaatetta ja paljon muuta.<\/p>\n<h2>Tekniset tiedot<\/h2>\n<table style=\"border-color: #000000; height: 463px;\">\n<thead>\n<tr style=\"height: 47px;\">\n<th style=\"text-align: center; width: 74px; height: 47px;\">Sarjanumero<\/th>\n<th style=\"text-align: center; width: 324px; height: 47px;\">Tuote<\/th>\n<th style=\"text-align: center; width: 46px; height: 47px;\">Yksikk\u00f6<\/th>\n<th style=\"text-align: center; width: 203px; height: 47px;\">Tekniset tiedot<\/th>\n<\/tr>\n<\/thead>\n<tbody>\n<tr style=\"height: 47px;\">\n<td style=\"text-align: center; width: 74px; height: 47px;\">1<\/td>\n<td style=\"width: 324px; text-align: center; height: 47px;\">Mallin nimi<\/td>\n<td style=\"width: 46px; height: 47px;\">\/<\/td>\n<td style=\"width: 203px; text-align: center; height: 47px;\">9LZY-9.0 Sormipy\u00f6r\u00e4inen haravointikone<\/td>\n<\/tr>\n<tr style=\"height: 23px;\">\n<td style=\"text-align: center; width: 74px; height: 23px;\">2<\/td>\n<td style=\"width: 324px; text-align: center; height: 23px;\">Rakenteellinen muoto<\/td>\n<td style=\"width: 46px; height: 23px;\">\/<\/td>\n<td style=\"width: 203px; text-align: center; height: 23px;\">Sormipy\u00f6r\u00e4tyyppi<\/td>\n<\/tr>\n<tr style=\"height: 23px;\">\n<td style=\"text-align: center; width: 74px; height: 23px;\">3<\/td>\n<td style=\"width: 324px; text-align: center; height: 23px;\">Kiinnitysmenetelm\u00e4<\/td>\n<td style=\"width: 46px; height: 23px;\">\/<\/td>\n<td style=\"width: 203px; text-align: center; height: 23px;\">Vetotyyppi<\/td>\n<\/tr>\n<tr style=\"height: 23px;\">\n<td style=\"text-align: center; width: 74px; height: 23px;\">4<\/td>\n<td style=\"width: 324px; text-align: center; height: 23px;\">Tekniset tiedot Malli<\/td>\n<td style=\"width: 46px; height: 23px;\">\/<\/td>\n<td style=\"width: 203px; text-align: center; height: 23px;\">9LZY-9.0<\/td>\n<\/tr>\n<tr style=\"height: 23px;\">\n<td style=\"text-align: center; width: 74px; height: 23px;\">5<\/td>\n<td style=\"width: 324px; text-align: center; height: 23px;\">Vastaava voima<\/td>\n<td style=\"width: 46px; height: 23px;\">Kw<\/td>\n<td style=\"width: 203px; text-align: center; height: 23px;\">50-55<\/td>\n<\/tr>\n<tr style=\"height: 47px;\">\n<td style=\"text-align: center; width: 74px; height: 47px;\">6<\/td>\n<td style=\"width: 324px; text-align: center; height: 47px;\">Kokonaismitat k\u00e4ytt\u00f6tilassa (pituus \u00d7 leveys \u00d7 korkeus)<\/td>\n<td style=\"width: 46px; height: 47px;\">m<\/td>\n<td style=\"width: 203px; text-align: center; height: 47px;\">8,4 \u00d7 11 \u00d7 1,75<\/td>\n<\/tr>\n<tr style=\"height: 23px;\">\n<td style=\"text-align: center; width: 74px; height: 23px;\">7<\/td>\n<td style=\"width: 324px; text-align: center; height: 23px;\">Koneen paino<\/td>\n<td style=\"width: 46px; height: 23px;\">kg<\/td>\n<td style=\"width: 203px; text-align: center; height: 23px;\">1100<\/td>\n<\/tr>\n<tr style=\"height: 23px;\">\n<td style=\"text-align: center; width: 74px; height: 23px;\">8<\/td>\n<td style=\"width: 324px; text-align: center; height: 23px;\">Ty\u00f6leveys<\/td>\n<td style=\"width: 46px; height: 23px;\">m<\/td>\n<td style=\"width: 203px; text-align: center; height: 23px;\">9<\/td>\n<\/tr>\n<tr style=\"height: 23px;\">\n<td style=\"text-align: center; width: 74px; height: 23px;\">9<\/td>\n<td style=\"width: 324px; text-align: center; height: 23px;\">Ty\u00f6nopeus<\/td>\n<td style=\"width: 46px; height: 23px;\">km\/h<\/td>\n<td style=\"width: 203px; text-align: center; height: 23px;\">8~10<\/td>\n<\/tr>\n<tr style=\"height: 23px;\">\n<td style=\"text-align: center; width: 74px; height: 23px;\">10<\/td>\n<td style=\"width: 324px; text-align: center; height: 23px;\">Kuljetusnopeus<\/td>\n<td style=\"width: 46px; height: 23px;\">km\/h<\/td>\n<td style=\"width: 203px; text-align: center; height: 23px;\">12<\/td>\n<\/tr>\n<tr style=\"height: 23px;\">\n<td style=\"text-align: center; width: 74px; height: 23px;\">11<\/td>\n<td style=\"width: 324px; text-align: center; height: 23px;\">Sormilevyjen lukum\u00e4\u00e4r\u00e4<\/td>\n<td style=\"width: 46px; height: 23px;\">kpl<\/td>\n<td style=\"width: 203px; text-align: center; height: 23px;\">15<\/td>\n<\/tr>\n<tr style=\"height: 23px;\">\n<td style=\"text-align: center; width: 74px; height: 23px;\">12<\/td>\n<td style=\"width: 324px; text-align: center; height: 23px;\">Jousihampaiden lukum\u00e4\u00e4r\u00e4<\/td>\n<td style=\"width: 46px; height: 23px;\">kpl<\/td>\n<td style=\"width: 203px; text-align: center; height: 23px;\">900 (15 kiekkoa \u00d7 60 hammasta\/levy)<\/td>\n<\/tr>\n<tr style=\"height: 23px;\">\n<td style=\"text-align: center; width: 74px; height: 23px;\">13<\/td>\n<td style=\"width: 324px; text-align: center; height: 23px;\">Operaattoreiden lukum\u00e4\u00e4r\u00e4<\/td>\n<td style=\"width: 46px; height: 23px;\">henkil\u00f6<\/td>\n<td style=\"width: 203px; text-align: center; height: 23px;\">1<\/td>\n<\/tr>\n<tr style=\"height: 23px;\">\n<td style=\"text-align: center; width: 74px; height: 23px;\">14<\/td>\n<td style=\"width: 324px; text-align: center; height: 23px;\">Karhon leveys<\/td>\n<td style=\"width: 46px; height: 23px;\">m<\/td>\n<td style=\"width: 203px; text-align: center; height: 23px;\">0.8-1.2<\/td>\n<\/tr>\n<tr style=\"height: 23px;\">\n<td style=\"text-align: center; width: 74px; height: 23px;\">15<\/td>\n<td style=\"width: 324px; text-align: center; height: 23px;\">Miss Haravointinopeus<\/td>\n<td style=\"width: 46px; height: 23px;\">\/<\/td>\n<td style=\"width: 203px; text-align: center; height: 23px;\">\u22642%<\/td>\n<\/tr>\n<tr style=\"height: 23px;\">\n<td style=\"text-align: center; width: 74px; height: 23px;\">16<\/td>\n<td style=\"width: 324px; text-align: center; height: 23px;\">Tuottavuus<\/td>\n<td style=\"width: 46px; height: 23px;\">hm\u00b2\/h<\/td>\n<td style=\"width: 203px; text-align: center; height: 23px;\">7.2-9<\/td>\n<\/tr>\n<\/tbody>\n<\/table>\n<h2>Tuotteen m\u00e4\u00e4ritelm\u00e4<\/h2>\n<p>9LZY-9.0-sormipy\u00f6r\u00e4harava on maatalouslaite, jota k\u00e4ytet\u00e4\u00e4n p\u00e4\u00e4asiassa hein\u00e4n ja muun satomateriaalin haravointiin siisteiksi karhoiksi. Siin\u00e4 on py\u00f6riv\u00e4t sormipy\u00f6r\u00e4t, jotka lakaisevat sadon pellolta, mik\u00e4 tehostaa sadonkorjuuprosessia. T\u00e4m\u00e4 monipuolinen ty\u00f6kalu sopii erinomaisesti pienille ja keskisuurille maatiloille.<\/p>\n<h2>Ongelmat, joita se ratkaisee ja k\u00e4ytt\u00e4\u00e4<\/h2>\n<p>9LZY-9.0-sormipy\u00f6r\u00e4harava ratkaisee hein\u00e4n ja sadonkorjuun yleisi\u00e4 ongelmia. Se varmistaa, ett\u00e4 hein\u00e4 haravoituu ja jakautuu tasaisesti, mik\u00e4 v\u00e4hent\u00e4\u00e4 sadonkorjuuvaurioita ja -h\u00e4vikki\u00e4. Se my\u00f6s v\u00e4hent\u00e4\u00e4 merkitt\u00e4v\u00e4sti manuaaliseen ty\u00f6h\u00f6n kuluvaa aikaa. Haravaa voidaan k\u00e4ytt\u00e4\u00e4 moniin eri tarkoituksiin, kuten:<\/p>\n<ul>\n<li>Hein\u00e4n haravointi nopeampaa kuivumista varten.<\/li>\n<li>Olkien ker\u00e4\u00e4minen puinnin j\u00e4lkeen.<\/li>\n<li>Kasvij\u00e4tteiden valmistelu parempaa maanmuokkausta varten.<\/li>\n<li>Ruohikon ja muun kevyen sadon haravointi ker\u00e4\u00e4mist\u00e4 varten.<\/li>\n<li>Lehtien ja roskien ker\u00e4\u00e4minen pienimuotoisissa maatalousymp\u00e4rist\u00f6iss\u00e4.<\/li>\n<\/ul>\n<p style=\"text-align: center;\"><img loading=\"lazy\" decoding=\"async\" class=\"alignnone wp-image-498\" src=\"https:\/\/silage-balers.com\/wp-content\/uploads\/2025\/12\/ep-9LZY-9.0-Finger-Wheel-Rake-3-1.webp\" alt=\"Sormipy\u00f6r\u00e4harava\" width=\"427\" height=\"427\" srcset=\"https:\/\/silage-balers.com\/wp-content\/uploads\/2025\/12\/ep-9LZY-9.0-Finger-Wheel-Rake-3-1.webp 278w, https:\/\/silage-balers.com\/wp-content\/uploads\/2025\/12\/ep-9LZY-9.0-Finger-Wheel-Rake-3-1-150x150.webp 150w, https:\/\/silage-balers.com\/wp-content\/uploads\/2025\/12\/ep-9LZY-9.0-Finger-Wheel-Rake-3-1-12x12.webp 12w, https:\/\/silage-balers.com\/wp-content\/uploads\/2025\/12\/ep-9LZY-9.0-Finger-Wheel-Rake-3-1-100x100.webp 100w\" sizes=\"(max-width: 427px) 100vw, 427px\" \/><\/p>\n<h2>Tuotteen edut<\/h2>\n<h3>1. Tehostettu tehokkuus<\/h3>\n<p>9LZY-9.0-sormipy\u00f6r\u00e4harava toimii tehokkaasti ja lis\u00e4\u00e4 merkitt\u00e4v\u00e4sti tuottavuutta. Se varmistaa, ett\u00e4 hein\u00e4 ja muut sadot haravoidaan tasaisesti, mik\u00e4 tekee koko sadonkorjuuprosessista sujuvamman ja nopeamman.<\/p>\n<h3>2. V\u00e4h\u00e4inen huoltotarve<\/h3>\n<p>T\u00e4m\u00e4 hara on suunniteltu minimaaliseksi huoltotarpeeksi. Kest\u00e4v\u00e4n rakenteensa ja korkealaatuisten materiaaliensa ansiosta se kest\u00e4\u00e4 s\u00e4\u00e4nn\u00f6llist\u00e4 k\u00e4ytt\u00f6\u00e4 ilman usein tapahtuvia korjauksia tai huoltoa.<\/p>\n<h3>3. Sopii erikokoisille tiloille<\/h3>\n<p>Harava sopii t\u00e4ydellisesti pienille ja keskisuurille maatiloille. S\u00e4\u00e4dett\u00e4v\u00e4n rakenteensa ansiosta sit\u00e4 on helppo mukauttaa erilaisten viljelytoimintojen erityistarpeisiin, mik\u00e4 tekee siit\u00e4 monipuolisen ty\u00f6kalun erilaisiin k\u00e4ytt\u00f6tarkoituksiin.<\/p>\n<h3>4. Kustannustehokas<\/h3>\n<p>Verrattuna manuaaliseen ty\u00f6h\u00f6n tai monimutkaisempiin koneisiin, 9LZY-9.0-sormipy\u00f6r\u00e4harava tarjoaa kustannustehokkaan ratkaisun maanviljelij\u00f6ille. Se auttaa v\u00e4hent\u00e4m\u00e4\u00e4n ty\u00f6voimakustannuksia samalla kun se parantaa tuottavuutta ja varmistaa korkeamman sadon laadun.<\/p>\n<h3>5. Erinomainen kest\u00e4vyys<\/h3>\n<p>T\u00e4m\u00e4 karhotin on valmistettu eritt\u00e4in lujista materiaaleista ja tehty kest\u00e4m\u00e4\u00e4n. Se kest\u00e4\u00e4 vaativia olosuhteita suorituskyvyst\u00e4 tinkim\u00e4tt\u00e4, joten se pysyy olennaisena osana maatalouslaitteitasi vuosiksi eteenp\u00e4in.<\/p>\n<h2>9LZY-9.0 sormipy\u00f6r\u00e4haravan toimintaperiaate<\/h2>\n<p>9LZY-9.0-sormipy\u00f6r\u00e4haravan py\u00f6riv\u00e4t sormipy\u00f6r\u00e4t lakaisevat hein\u00e4n, ruohon ja muut sadot tehokkaasti siisteiksi karhoiksi. Haravointiprosessia helpottaa py\u00f6r\u00e4n suuri py\u00f6rimisnopeus, mink\u00e4 ansiosta ty\u00f6kalu peitt\u00e4\u00e4 nopeasti laajan alueen. T\u00e4m\u00e4 mekanismi varmistaa tasaisen haravoinnin, est\u00e4\u00e4 sadon vaurioitumisen ja maksimoi tehokkuuden. Haravan ainutlaatuisen rakenteensa ansiosta se sopii monenlaisille maastoille, my\u00f6s ep\u00e4tasaiselle maalle.<\/p>\n<p style=\"text-align: center;\"><img loading=\"lazy\" decoding=\"async\" class=\"alignnone wp-image-497\" src=\"https:\/\/silage-balers.com\/wp-content\/uploads\/2025\/12\/ep-9LZY-9.0-Finger-Wheel-Rake-2-1.webp\" alt=\"Sormipy\u00f6r\u00e4harava\" width=\"419\" height=\"419\" srcset=\"https:\/\/silage-balers.com\/wp-content\/uploads\/2025\/12\/ep-9LZY-9.0-Finger-Wheel-Rake-2-1.webp 276w, https:\/\/silage-balers.com\/wp-content\/uploads\/2025\/12\/ep-9LZY-9.0-Finger-Wheel-Rake-2-1-150x150.webp 150w, https:\/\/silage-balers.com\/wp-content\/uploads\/2025\/12\/ep-9LZY-9.0-Finger-Wheel-Rake-2-1-12x12.webp 12w, https:\/\/silage-balers.com\/wp-content\/uploads\/2025\/12\/ep-9LZY-9.0-Finger-Wheel-Rake-2-1-100x100.webp 100w\" sizes=\"(max-width: 419px) 100vw, 419px\" \/><\/p>\n<h2>T\u00e4rkeimm\u00e4t sovellukset<\/h2>\n<p>9LZY-9.0-sormipy\u00f6r\u00e4haravaa voidaan k\u00e4ytt\u00e4\u00e4 erilaisissa viljelytilanteissa:<\/p>\n<ul>\n<li><strong>Hein\u00e4nkorjuu:<\/strong> Ihanteellinen hein\u00e4n haravointiin ja sen tasaiseen kuivumiseen, mik\u00e4 varmistaa korkealaatuisen sadon.<\/li>\n<li><strong>Olkikokoelma:<\/strong> Ker\u00e4\u00e4 oljen tehokkaasti, mik\u00e4 helpottaa niiden k\u00e4sittely\u00e4 puinnin j\u00e4lkeen.<\/li>\n<li><strong>Kasvij\u00e4tteiden hallinta:<\/strong> Se auttaa hallitsemaan kasvij\u00e4tteit\u00e4 haravoimalla ne karhoiksi, mik\u00e4 helpottaa k\u00e4sittely\u00e4 ja lopulta hajottamista.<\/li>\n<li><strong>Ruohonleikkuu:<\/strong> Erinomainen pienimuotoiseen ruohonleikkuuseen, varmistaa tasaiset ja helposti ker\u00e4tt\u00e4v\u00e4t karhot.<\/li>\n<li><strong>Kent\u00e4n valmistelu:<\/strong> K\u00e4ytet\u00e4\u00e4n kasvij\u00e4tteiden ker\u00e4\u00e4miseen maaper\u00e4st\u00e4 ja sen valmisteluun seuraavaa istutuskautta varten.<\/li>\n<li><strong>Puhdistuskent\u00e4t:<\/strong> Sit\u00e4 voidaan k\u00e4ytt\u00e4\u00e4 my\u00f6s roskien ja lehtien poistamiseen, mik\u00e4 pit\u00e4\u00e4 pellon siistin\u00e4 ja optimaalisessa kunnossa.<\/li>\n<\/ul>\n<h2>Kuinka valita oikea 9LZY-9.0 sormipy\u00f6r\u00e4harava<\/h2>\n<h3>1. Harkitse tilan kokoa<\/h3>\n<p>Oikean harovan valinta riippuu pitk\u00e4lti tilasi koosta. Pienille ja keskisuurille tiloille 9LZY-9.0 -sormipy\u00f6r\u00e4harava tarjoaa t\u00e4ydellisen tasapainon tehon ja tehokkuuden v\u00e4lill\u00e4, mink\u00e4 ansiosta voit ty\u00f6skennell\u00e4 hallittavissa olevassa mittakaavassa.<\/p>\n<h3>2. Arvioi maaston tyyppi<\/h3>\n<p>Maasto, jossa aiot k\u00e4ytt\u00e4\u00e4 karhoa, on toinen ratkaiseva tekij\u00e4. 9LZY-9.0 sormipy\u00f6r\u00e4karhotin on suunniteltu selviytym\u00e4\u00e4n ep\u00e4tasaisesta maastosta, joten se sopii erilaisiin pelto-olosuhteisiin.<\/p>\n<h3>3. Etsi kest\u00e4vyytt\u00e4<\/h3>\n<p>Varmista, ett\u00e4 karhotin on valmistettu korkealaatuisista materiaaleista kest\u00e4vyyden takaamiseksi. 9LZY-9.0-sormipy\u00f6r\u00e4karhotin on suunniteltu kest\u00e4m\u00e4\u00e4n s\u00e4\u00e4nn\u00f6llist\u00e4 k\u00e4ytt\u00f6\u00e4 ankarissa maatalousymp\u00e4rist\u00f6iss\u00e4 ja takaamaan pitk\u00e4n k\u00e4ytt\u00f6i\u00e4n.<\/p>\n<h3>4. Tarkista helppok\u00e4ytt\u00f6isyys<\/h3>\n<p>Valitse karhotin, jota on helppo k\u00e4ytt\u00e4\u00e4 ja huoltaa. 9LZY-9.0-sormipy\u00f6r\u00e4karavan k\u00e4ytt\u00e4j\u00e4yst\u00e4v\u00e4llinen muotoilu tekee siit\u00e4 loistavan valinnan sek\u00e4 kokeneille maanviljelij\u00f6ille ett\u00e4 maatalouskoneiden uusille k\u00e4ytt\u00e4jille.<\/p>\n<h3>5. Budjettiharkinta<\/h3>\n<p>Vaikka 9LZY-9.0 sormipy\u00f6r\u00e4harava on kustannustehokas, on t\u00e4rke\u00e4\u00e4 ottaa huomioon budjettisi. Se tarjoaa erinomaisen vastineen investoinnille tasapainottaen kohtuuhintaisuuden ja korkean suorituskyvyn.<\/p>\n<h3>6. Osien ja tuen saatavuus<\/h3>\n<p>Varmista, ett\u00e4 varaosat ja asiakastuki ovat helposti saatavilla. Yrityksemme tarjoaa erinomaista huoltopalvelua ja nopean saatavuuden varaosiin 9LZY-9.0-sormipy\u00f6r\u00e4haravaan.<\/p>\n<h2>9LZY-9.0-sormipy\u00f6r\u00e4haravan huolto<\/h2>\n<p>9LZY-9.0-sormipy\u00f6r\u00e4haravan huolto on t\u00e4rke\u00e4\u00e4 optimaalisen suorituskyvyn ja pitk\u00e4n k\u00e4ytt\u00f6i\u00e4n varmistamiseksi. Tarkista s\u00e4\u00e4nn\u00f6llisesti sormipy\u00f6rien ja koko rungon kuluminen. Voitele liikkuvat osat s\u00e4\u00e4nn\u00f6llisesti ruosteen est\u00e4miseksi ja sujuvan toiminnan varmistamiseksi. Tarkista my\u00f6s harava l\u00f6ysien pulttien tai ruuvien varalta ja kirist\u00e4 ne tarvittaessa toimintah\u00e4iri\u00f6iden est\u00e4miseksi.<\/p>\n<h2>Asiakasarvostelut<\/h2>\n<p>T\u00e4ss\u00e4 on joitakin asiakasarvosteluja eri maista, joissa on k\u00e4ytetty 9LZY-9.0-sormipy\u00f6r\u00e4haravaa:<\/p>\n<p>Harava on parantanut huomattavasti tilamme tehokkuutta. K\u00e4yt\u00e4mme sit\u00e4 p\u00e4ivitt\u00e4in hein\u00e4n haravointiin, ja se tekee koko prosessista nopeamman ja j\u00e4rjestelm\u00e4llisemm\u00e4n. Eritt\u00e4in suositeltavaa pienille tiloille, kuten meid\u00e4n!<br \/>\n\u2013 John, Yhdysvallat<\/p>\n<p>Olen k\u00e4ytt\u00e4nyt t\u00e4t\u00e4 haravaa nyt muutaman kuukauden, ja se toimii edelleen t\u00e4ydellisesti. Se s\u00e4\u00e4st\u00e4\u00e4 paljon aikaa ja vaivaa, ja hein\u00e4n laatu on paljon parempi. Ehdottomasti investoinnin arvoinen.<br \/>\n\u2013 Sarah, Kanada<\/p>\n<p>T\u00e4m\u00e4 on paras koskaan k\u00e4ytt\u00e4m\u00e4ni haravoitin! Se on tukeva, helppok\u00e4ytt\u00f6inen ja on tehnyt hein\u00e4nharavoinnistani paljon tehokkaampaa. Olen eritt\u00e4in tyytyv\u00e4inen suorituskykyyn!<br \/>\n\u2013 Michael, Australia<\/p>\n<h2>Miksi valita tuotteemme<\/h2>\n<p>Tarjoamme nopeita r\u00e4\u00e4t\u00e4l\u00f6intipalveluita ja vahvaa asiakastukea vastaamaan erityistarpeitasi. Kolmen vuoden takuun ja kattavan j\u00e4lkimarkkinointipalvelun ansiosta voit luottaa pitk\u00e4aikaiseen tukeemme. Lis\u00e4ksi tarjoamme nopean toimituksen maailmanlaajuisesti, jotta tilauksesi voidaan t\u00e4ytt\u00e4\u00e4 tehokkaasti. Tuotteemme on suunniteltu kest\u00e4viksi, kustannustehokkaiksi ja tehokkaiksi, mik\u00e4 varmistaa, ett\u00e4 saat parhaan vastineen investoinnillesi.<\/p>\n<h2>Tutustu koko tuotevalikoimaamme<\/h2>\n<p>9LZY-9.0-sormipy\u00f6r\u00e4haravan lis\u00e4ksi tarjoamme laajan valikoiman maatalouskoneita ja -lis\u00e4varusteita kaikkiin maatalouden tarpeisiisi. Tuotteemme on suunniteltu tarkasti, mik\u00e4 takaa erinomaisen laadun ja kohtuuhintaisuuden. Tutustu mallistoomme jo t\u00e4n\u00e4\u00e4n ja ota meihin yhteytt\u00e4 tilauksen tekemiseksi.<\/p>\n<p>Lis\u00e4tietoja saat verkkosivuiltamme tai ottamalla meihin suoraan yhteytt\u00e4 ostaaksesi 9LZY-9.0-sormipy\u00f6r\u00e4haravan jo t\u00e4n\u00e4\u00e4n.<\/p>\n<p style=\"text-align: center;\"><img loading=\"lazy\" decoding=\"async\" class=\"alignnone wp-image-495\" src=\"https:\/\/silage-balers.com\/wp-content\/uploads\/2025\/12\/ep-9LZY-9.0-Finger-Wheel-Rake-4-1.webp\" alt=\"Sormipy\u00f6r\u00e4harava\" width=\"422\" height=\"422\" srcset=\"https:\/\/silage-balers.com\/wp-content\/uploads\/2025\/12\/ep-9LZY-9.0-Finger-Wheel-Rake-4-1.webp 270w, https:\/\/silage-balers.com\/wp-content\/uploads\/2025\/12\/ep-9LZY-9.0-Finger-Wheel-Rake-4-1-150x150.webp 150w, https:\/\/silage-balers.com\/wp-content\/uploads\/2025\/12\/ep-9LZY-9.0-Finger-Wheel-Rake-4-1-12x12.webp 12w, https:\/\/silage-balers.com\/wp-content\/uploads\/2025\/12\/ep-9LZY-9.0-Finger-Wheel-Rake-4-1-100x100.webp 100w\" sizes=\"(max-width: 422px) 100vw, 422px\" \/><\/p>\n<h2>Usein kysytyt kysymykset<\/h2>\n<ol>\n<li><strong>Mik\u00e4 on sormipy\u00f6r\u00e4harava?<\/strong><br \/>\nSormipy\u00f6r\u00e4harava on maatalouskone, joka on suunniteltu haravoimaan hein\u00e4\u00e4, ruohoa tai kasvij\u00e4tteit\u00e4 karhoiksi. Sen py\u00f6riv\u00e4t sormipy\u00f6r\u00e4t ker\u00e4\u00e4v\u00e4t ja nostavat sadon tehokkaasti, mik\u00e4 helpottaa sadonkorjuun hallintaa.<\/li>\n<li><strong>Miten 9LZY-9.0 sormipy\u00f6r\u00e4harava toimii?<\/strong><br \/>\n9LZY-9.0-sormipy\u00f6r\u00e4haravan py\u00f6riv\u00e4t sormipy\u00f6r\u00e4t lakaisevat hein\u00e4n ja muut sadot siisteiksi karhoiksi. Py\u00f6r\u00e4t py\u00f6riv\u00e4t nopeasti, mik\u00e4 peitt\u00e4\u00e4 laajan alueen ja varmistaa tasaisen haravoinnin.<\/li>\n<li><strong>Voiko 9LZY-9.0-sormipy\u00f6r\u00e4haravaa k\u00e4ytt\u00e4\u00e4 pienill\u00e4 tiloilla?<\/strong><br \/>\nKyll\u00e4, 9LZY-9.0 -sormipy\u00f6r\u00e4karhotin sopii erinomaisesti pienille ja keskisuurille maatiloille. Se tarjoaa tehokasta suorituskyky\u00e4 ja on samalla helppok\u00e4ytt\u00f6inen ja -huollettava, joten se on t\u00e4ydellinen valinta pienempiin maatalousyrityksiin.<\/li>\n<li><strong>Miten huollan 9LZY-9.0-sormipy\u00f6r\u00e4haravaa?<\/strong><br \/>\nS\u00e4\u00e4nn\u00f6lliseen huoltoon kuuluu liikkuvien osien voitelu, kulumisen tarkistaminen ja l\u00f6ysien osien kirist\u00e4minen. Varmista, ett\u00e4 harava puhdistetaan ja s\u00e4ilytet\u00e4\u00e4n oikein sen k\u00e4ytt\u00f6i\u00e4n pident\u00e4miseksi.<\/li>\n<li><strong>Mist\u00e4 voin ostaa 9LZY-9.0 sormipy\u00f6r\u00e4haravan?<\/strong><br \/>\n9LZY-9.0 sormipy\u00f6r\u00e4haravan voi ostaa verkosta verkkosivustomme kautta. Tarjoamme maailmanlaajuisen toimituksen ja erinomaista asiakaspalvelua sujuvan ostokokemuksen varmistamiseksi.<\/li>\n<li><strong>Sopiiko 9LZY-9.0 sormipy\u00f6r\u00e4harava hein\u00e4ntekoon?<\/strong><br \/>\nKyll\u00e4, 9LZY-9.0-sormipy\u00f6r\u00e4harava on suunniteltu erityisesti hein\u00e4n haravointiin. Se varmistaa, ett\u00e4 hein\u00e4 haravoituu tasaisesti, mik\u00e4 auttaa kuivumaan nopeammin ja parantaa laatua.<\/li>\n<li><strong>Mit\u00e4 etuja sormipy\u00f6r\u00e4haravan k\u00e4ytt\u00e4misess\u00e4 on?<\/strong><br \/>\nEtuihin kuuluvat lis\u00e4\u00e4ntynyt tehokkuus, kustannuss\u00e4\u00e4st\u00f6t, helppok\u00e4ytt\u00f6isyys ja kyky k\u00e4sitell\u00e4 erilaisia \u200b\u200bmaastoja. Se on eritt\u00e4in kest\u00e4v\u00e4 ty\u00f6kalu, joka kest\u00e4\u00e4 s\u00e4\u00e4nn\u00f6llist\u00e4 k\u00e4ytt\u00f6\u00e4 vaativissa ymp\u00e4rist\u00f6iss\u00e4.<\/li>\n<li><strong>Kuinka nopeasti voin haravoida 9LZY-9.0-sormipy\u00f6r\u00e4haravalla?<\/strong><br \/>\nHaravointinopeus riippuu maastosta ja satotyypist\u00e4, mutta yleisesti ottaen 9LZY-9.0-sormipy\u00f6r\u00e4harava tarjoaa nopean ja tehokkaan peiton, mik\u00e4 lyhent\u00e4\u00e4 merkitt\u00e4v\u00e4sti hein\u00e4n haravointiin tarvittavaa aikaa.<\/li>\n<li><strong>Vaatiiko harava paljon huoltoa?<\/strong><br \/>\nEi, 9LZY-9.0-sormipy\u00f6r\u00e4harava on suunniteltu mahdollisimman v\u00e4h\u00e4ist\u00e4 huoltoa vaativaksi. S\u00e4\u00e4nn\u00f6lliset tarkastukset ja voitelu riitt\u00e4v\u00e4t pit\u00e4m\u00e4\u00e4n sen toiminnassa sujuvasti.<\/li>\n<li><strong>Voinko s\u00e4\u00e4t\u00e4\u00e4 haravaa eri kasveille?<\/strong><br \/>\nKyll\u00e4, 9LZY-9.0-sormipy\u00f6r\u00e4karhotin on s\u00e4\u00e4dett\u00e4v\u00e4 ja sit\u00e4 voidaan hienos\u00e4\u00e4t\u00e4\u00e4 sopimaan erilaisiin satotyyppeihin ja pelto-olosuhteisiin, mik\u00e4 tarjoaa monipuolisuutta erilaisiin viljelytarpeisiin.<\/li>\n<li><strong>Onko 9LZY-9.0-sormipy\u00f6r\u00e4haravalle takuuta?<\/strong><br \/>\nKyll\u00e4, 9LZY-9.0 <a href=\"https:\/\/silage-balers.com\/fi\/tuote\/9lh-12-sivuttaiskallistus\/\">Sormipy\u00f6r\u00e4harava<\/a> Tuotteella on 3 vuoden takuu. Tarjoamme my\u00f6s erinomaista huoltopalvelua ja tukea.<\/li>\n<li><strong>Voiko haravaa k\u00e4ytt\u00e4\u00e4 ep\u00e4tasaisessa maastossa?<\/strong><br \/>\nKyll\u00e4, 9LZY-9.0-sormipy\u00f6r\u00e4harava on suunniteltu selviytym\u00e4\u00e4n ep\u00e4tasaisesta ja karkeasta maastosta, joten se sopii monipuolisesti erilaisiin maatalousolosuhteisiin.<\/li>\n<li><strong>Mist\u00e4 materiaaleista 9LZY-9.0 sormipy\u00f6r\u00e4harava on valmistettu?<\/strong><br \/>\nKarhotin on valmistettu kest\u00e4vist\u00e4 ja lujista materiaaleista, mik\u00e4 varmistaa pitk\u00e4n k\u00e4ytt\u00f6i\u00e4n ja kest\u00e4vyyden kulumista vastaan \u200b\u200bvaativissa viljelyolosuhteissa.<\/li>\n<li><strong>Kuinka helppoa 9LZY-9.0-sormipy\u00f6r\u00e4haravan k\u00e4ytt\u00f6 on?<\/strong><br \/>\n9LZY-9.0-sormipy\u00f6r\u00e4karhotinta on helppo k\u00e4ytt\u00e4\u00e4. Sen intuitiiviset hallintalaitteet ja k\u00e4ytt\u00e4j\u00e4yst\u00e4v\u00e4llinen muotoilu tekev\u00e4t siit\u00e4 sopivan sek\u00e4 kokeneille ett\u00e4 aloitteleville viljelij\u00f6ille.<\/li>\n<\/ol>\n<p>gzl:n muokkaama<\/p>\n<p>&nbsp;<\/p>","protected":false},"excerpt":{"rendered":"<p>Tutustu 9LZY-9.0 -sormipy\u00f6r\u00e4haravaan \u2013 kest\u00e4v\u00e4\u00e4n ja tehokkaaseen maatalousty\u00f6kaluun, joka on suunniteltu optimaaliseen sadonk\u00e4sittelyyn. Paranna tuottavuutta jo t\u00e4n\u00e4\u00e4n! Osta nyt!<\/p>","protected":false},"featured_media":496,"template":"","meta":{"_et_pb_use_builder":"","_et_pb_old_content":"","_et_gb_content_width":""},"product_brand":[],"product_cat":[20],"product_tag":[],"class_list":{"0":"post-493","1":"product","2":"type-product","3":"status-publish","4":"has-post-thumbnail","6":"product_cat-mower-tedder","8":"first","9":"instock","10":"shipping-taxable","11":"product-type-simple"},"_links":{"self":[{"href":"https:\/\/silage-balers.com\/fi\/wp-json\/wp\/v2\/product\/493","targetHints":{"allow":["GET"]}}],"collection":[{"href":"https:\/\/silage-balers.com\/fi\/wp-json\/wp\/v2\/product"}],"about":[{"href":"https:\/\/silage-balers.com\/fi\/wp-json\/wp\/v2\/types\/product"}],"wp:featuredmedia":[{"embeddable":true,"href":"https:\/\/silage-balers.com\/fi\/wp-json\/wp\/v2\/media\/496"}],"wp:attachment":[{"href":"https:\/\/silage-balers.com\/fi\/wp-json\/wp\/v2\/media?parent=493"}],"wp:term":[{"taxonomy":"product_brand","embeddable":true,"href":"https:\/\/silage-balers.com\/fi\/wp-json\/wp\/v2\/product_brand?post=493"},{"taxonomy":"product_cat","embeddable":true,"href":"https:\/\/silage-balers.com\/fi\/wp-json\/wp\/v2\/product_cat?post=493"},{"taxonomy":"product_tag","embeddable":true,"href":"https:\/\/silage-balers.com\/fi\/wp-json\/wp\/v2\/product_tag?post=493"}],"curies":[{"name":"wp","href":"https:\/\/api.w.org\/{rel}","templated":true}]}}