{"id":380,"date":"2025-12-23T02:15:26","date_gmt":"2025-12-23T02:15:26","guid":{"rendered":"https:\/\/silage-balers.com\/?post_type=product&#038;p=380"},"modified":"2025-12-23T03:05:06","modified_gmt":"2025-12-23T03:05:06","slug":"presse-a-balles-rondes-9yg-1-0","status":"publish","type":"product","link":"https:\/\/silage-balers.com\/fr\/produit\/presse-a-balles-rondes-9yg-1-0\/","title":{"rendered":"Presse \u00e0 balles rondes 9YG-1.0 | Haute efficacit\u00e9"},"content":{"rendered":"<p>La presse \u00e0 balles rondes 9YG-1.0 est une machine performante et de pointe con\u00e7ue pour optimiser les op\u00e9rations agricoles et accro\u00eetre la productivit\u00e9. Elle permet aux agriculteurs d'am\u00e9liorer leurs processus de pressage du foin ou de la paille, ce qui se traduit par un meilleur stockage, un transport plus efficace et une production agricole globale accrue. Gr\u00e2ce \u00e0 sa conception innovante et \u00e0 ses performances exceptionnelles, la presse \u00e0 balles rondes 9YG-1.0 s'impose comme un outil indispensable de l'agriculture moderne.<\/p>\n<h2>Sp\u00e9cifications techniques<\/h2>\n<table style=\"border-color: #000000;\">\n<thead>\n<tr>\n<th>Num\u00e9ro de s\u00e9rie<\/th>\n<th>Article<\/th>\n<th>Unit\u00e9<\/th>\n<th>Sp\u00e9cification<\/th>\n<\/tr>\n<\/thead>\n<tbody>\n<tr>\n<td>1<\/td>\n<td>Nom du mod\u00e8le<\/td>\n<td>\/<\/td>\n<td>Presse \u00e0 balles rondes 9YG-1.0<\/td>\n<\/tr>\n<tr>\n<td>2<\/td>\n<td>M\u00e9thode d'attelage<\/td>\n<td>\/<\/td>\n<td>Type remorqu\u00e9<\/td>\n<\/tr>\n<tr>\n<td>3<\/td>\n<td>Largeur de ramassage<\/td>\n<td>mm<\/td>\n<td>1900<\/td>\n<\/tr>\n<tr>\n<td>4<\/td>\n<td>Type de structure de ramassage<\/td>\n<td>\/<\/td>\n<td>Type \u00e0 dents \u00e0 ressort<\/td>\n<\/tr>\n<tr>\n<td>5<\/td>\n<td>Type de structure d'alimentation<\/td>\n<td>\/<\/td>\n<td>Type \u00e0 rouleau dent\u00e9 + cylindre<\/td>\n<\/tr>\n<tr>\n<td>6<\/td>\n<td>Type de structure de mise en balles \u00e0 chambre de compression<\/td>\n<td>\/<\/td>\n<td>Type de cylindre<\/td>\n<\/tr>\n<tr>\n<td>7<\/td>\n<td>Largeur de la chambre de compression<\/td>\n<td>mm<\/td>\n<td>1000<\/td>\n<\/tr>\n<tr>\n<td>8<\/td>\n<td>Diam\u00e8tre de la chambre de compression<\/td>\n<td>mm<\/td>\n<td>\u03a61000<\/td>\n<\/tr>\n<tr>\n<td>9<\/td>\n<td>Nombre de pi\u00e8ces roulantes<\/td>\n<td>morceau<\/td>\n<td>16 (Cylindres)<\/td>\n<\/tr>\n<tr>\n<td>10<\/td>\n<td>Diam\u00e8tre du cylindre roulant<\/td>\n<td>mm<\/td>\n<td>\u03a6222<\/td>\n<\/tr>\n<tr>\n<td>11<\/td>\n<td>M\u00e9thode de mise en balles<\/td>\n<td>\/<\/td>\n<td>Emballage en filet<\/td>\n<\/tr>\n<tr>\n<td>12<\/td>\n<td>Puissance d'adaptation<\/td>\n<td>kW<\/td>\n<td>48~80<\/td>\n<\/tr>\n<tr>\n<td>13<\/td>\n<td>Poids structurel<\/td>\n<td>kg<\/td>\n<td>2640<\/td>\n<\/tr>\n<tr>\n<td>14<\/td>\n<td>Vitesse de prise de force<\/td>\n<td>r\/min<\/td>\n<td>720<\/td>\n<\/tr>\n<tr>\n<td>15<\/td>\n<td>Dimensions hors tout (L\u00d7l\u00d7H)<\/td>\n<td>mm<\/td>\n<td>\u00c9tat de fonctionnement : 3750\u00d72300\u00d72020<\/td>\n<\/tr>\n<tr>\n<td>16<\/td>\n<td>Contr\u00f4le de la densit\u00e9 des balles<\/td>\n<td>\/<\/td>\n<td>Contr\u00f4le des capteurs<\/td>\n<\/tr>\n<tr>\n<td>17<\/td>\n<td>Dimensions de la balle (Diam\u00e8tre\u00d7Largeur)<\/td>\n<td>mm<\/td>\n<td>\u03a61100\u00d71000<\/td>\n<\/tr>\n<tr>\n<td>18<\/td>\n<td>Densit\u00e9 des balles<\/td>\n<td>kg\/m\u00b3<\/td>\n<td>115~200<\/td>\n<\/tr>\n<tr>\n<td>19<\/td>\n<td>Productivit\u00e9<\/td>\n<td>balles\/h<\/td>\n<td>40~100<\/td>\n<\/tr>\n<tr>\n<td>20<\/td>\n<td>Voie de roue<\/td>\n<td>mm<\/td>\n<td>2045<\/td>\n<\/tr>\n<tr>\n<td>21<\/td>\n<td>Vitesse de fonctionnement<\/td>\n<td>km\/h<\/td>\n<td>5~20<\/td>\n<\/tr>\n<tr>\n<td>22<\/td>\n<td>Sp\u00e9cifications du filet de pressage (L\u00d7l)<\/td>\n<td>m<\/td>\n<td>2000\u00d71,0 m\/balle<\/td>\n<\/tr>\n<\/tbody>\n<\/table>\n<h2>D\u00e9finition du produit<\/h2>\n<p>La presse \u00e0 balles rondes 9YG-1.0 est une machine agricole compacte et robuste, con\u00e7ue pour compresser et lier le foin ou la paille en balles cylindriques compactes. Ces balles sont plus faciles \u00e0 stocker et \u00e0 manipuler, offrant ainsi une m\u00e9thode efficace de conditionnement des produits agricoles. Elles sont particuli\u00e8rement adapt\u00e9es aux agriculteurs souhaitant optimiser leurs op\u00e9rations de r\u00e9colte et de conditionnement.<\/p>\n<h2>Probl\u00e8mes qu'il peut r\u00e9soudre<\/h2>\n<p>La presse \u00e0 balles rondes 9YG-1.0 r\u00e9pond efficacement aux d\u00e9fis agricoles courants, tels que la manutention manuelle de gros volumes de paille ou de foin. Elle am\u00e9liore la vitesse de pressage, r\u00e9duit la p\u00e9nibilit\u00e9 du travail et augmente la qualit\u00e9 des balles. En automatisant le processus, elle \u00e9limine les irr\u00e9gularit\u00e9s de taille et garantit un compactage optimal, r\u00e9duisant ainsi les pertes lors du transport et du stockage.<\/p>\n<h2>Utilisations du produit<\/h2>\n<p>Con\u00e7ue pour r\u00e9pondre \u00e0 un large \u00e9ventail de besoins agricoles, la presse \u00e0 balles rondes 9YG-1.0 est id\u00e9ale pour les agriculteurs exploitant de vastes champs de foin, de paille ou m\u00eame certaines cultures n\u00e9cessitant des balles compactes et faciles \u00e0 manipuler. Ce type de presse est particuli\u00e8rement important en \u00e9levage, car le foin et la paille constituent des sources d'alimentation essentielles pour le b\u00e9tail en hiver. Elle contribue \u00e9galement \u00e0 une meilleure gestion des cultures, en optimisant l'espace et en facilitant le stockage. De plus, elle est souvent utilis\u00e9e avec des r\u00e9colteuses de haricots ou de l\u00e9gumineuses pour la manutention de cultures sp\u00e9cifiques.<\/p>\n<p style=\"text-align: center;\"><img loading=\"lazy\" decoding=\"async\" class=\"alignnone wp-image-384\" src=\"https:\/\/silage-balers.com\/wp-content\/uploads\/2025\/12\/ep-9YG-1.0-Round-Baler1-2-1.webp\" alt=\"Presse \u00e0 balles rondes\" width=\"412\" height=\"412\" srcset=\"https:\/\/silage-balers.com\/wp-content\/uploads\/2025\/12\/ep-9YG-1.0-Round-Baler1-2-1.webp 262w, https:\/\/silage-balers.com\/wp-content\/uploads\/2025\/12\/ep-9YG-1.0-Round-Baler1-2-1-150x150.webp 150w, https:\/\/silage-balers.com\/wp-content\/uploads\/2025\/12\/ep-9YG-1.0-Round-Baler1-2-1-12x12.webp 12w, https:\/\/silage-balers.com\/wp-content\/uploads\/2025\/12\/ep-9YG-1.0-Round-Baler1-2-1-100x100.webp 100w\" sizes=\"(max-width: 412px) 100vw, 412px\" \/><\/p>\n<h2>Avantages de la presse \u00e0 balles rondes 9YG-1.0<\/h2>\n<ul>\n<li><strong>Haute efficacit\u00e9<\/strong> \u2013 La presse \u00e0 balles rondes 9YG-1.0 fonctionne \u00e0 grande vitesse, permettant aux agriculteurs d'effectuer leurs t\u00e2ches de pressage en balles en un temps nettement inf\u00e9rieur \u00e0 celui des m\u00e9thodes traditionnelles.<\/li>\n<li><strong>Durabilit\u00e9<\/strong> \u2013 Fabriqu\u00e9e avec des mat\u00e9riaux robustes et con\u00e7ue pour une performance durable, cette presse \u00e0 balles peut r\u00e9sister aux conditions agricoles difficiles.<\/li>\n<li><strong>Facilit\u00e9 d'utilisation<\/strong> \u2013 Gr\u00e2ce \u00e0 ses commandes conviviales et \u00e0 ses fonctionnalit\u00e9s intuitives, le 9YG-1.0 garantit une formation minimale requise pour les op\u00e9rateurs.<\/li>\n<li><strong>Conception compacte<\/strong> \u2013 La structure compacte de la presse \u00e0 balles la rend id\u00e9ale pour les petites et moyennes exploitations agricoles, optimisant ainsi l'utilisation de l'espace disponible.<\/li>\n<li><strong>rapport co\u00fbt-efficacit\u00e9<\/strong> \u2013 Proposant un prix comp\u00e9titif, la presse \u00e0 balles rondes 9YG-1.0 offre un excellent rapport qualit\u00e9-prix aux agriculteurs qui cherchent \u00e0 am\u00e9liorer leur efficacit\u00e9 sans se ruiner.<\/li>\n<\/ul>\n<h2>Fonctionnement de la presse \u00e0 balles rondes 9YG-1.0<\/h2>\n<p>La presse \u00e0 balles rondes 9YG-1.0 utilise un syst\u00e8me hydraulique avanc\u00e9 pour rassembler, compresser et lier automatiquement les mati\u00e8res agricoles telles que le foin et la paille en balles rondes. Le syst\u00e8me de rotor de la machine collecte la r\u00e9colte, et un ensemble de rouleaux compresse les mati\u00e8res en une balle compacte. La chambre de pressage est \u00e9quip\u00e9e d'un syst\u00e8me de liage par filet qui s\u00e9curise la balle pour faciliter le transport et le stockage. L'ensemble du processus est contr\u00f4l\u00e9 par une interface simple, ce qui permet aux agriculteurs d'utiliser la machine efficacement.<\/p>\n<h2>Sc\u00e9narios d'application principaux<\/h2>\n<ul>\n<li><strong>Exploitations agricoles<\/strong> \u2013 La presse \u00e0 balles est id\u00e9ale pour produire des balles de foin et de paille pouvant servir d'alimentation aux bovins, aux ovins et autres animaux.<\/li>\n<li><strong>Gestion des cultures<\/strong> \u2013 Id\u00e9al pour les agriculteurs qui ont besoin de mettre en balles et de stocker efficacement les r\u00e9sidus de r\u00e9colte apr\u00e8s la moisson, contribuant ainsi \u00e0 maintenir une exploitation propre et organis\u00e9e.<\/li>\n<li><strong>Production fourrag\u00e8re<\/strong> \u2013 La presse est particuli\u00e8rement efficace pour le pressage de la luzerne, du tr\u00e8fle et d'autres cultures fourrag\u00e8res utilis\u00e9es dans l'alimentation du b\u00e9tail.<\/li>\n<li><strong>Gestion des prairies<\/strong> \u2013 Il peut \u00eatre utilis\u00e9 dans les programmes de conservation des prairies, o\u00f9 les balles sont stock\u00e9es pour \u00eatre utilis\u00e9es pendant les saisons mortes.<\/li>\n<li><strong>Production d'\u00e9nergie \u00e0 partir de biomasse<\/strong> \u2013 La presse \u00e0 balles rondes 9YG-1.0 est \u00e9galement utilis\u00e9e pour pr\u00e9parer les d\u00e9chets de r\u00e9colte en vue de la production d'\u00e9nergie biomasse, am\u00e9liorant ainsi les pratiques agricoles durables.<\/li>\n<li><strong>agriculture \u00e0 petite \u00e9chelle<\/strong> \u2013 Id\u00e9ale pour les petites exploitations agricoles qui ont besoin d'une presse \u00e0 balles compacte et facile \u00e0 utiliser pour presser le foin, la paille ou m\u00eame certains types de haricots.<\/li>\n<\/ul>\n<h2>Comment choisir la presse \u00e0 balles rondes 9YG-1.0 adapt\u00e9e<\/h2>\n<p>Choisir la presse \u00e0 balles adapt\u00e9e \u00e0 vos besoins implique de prendre en compte diff\u00e9rents facteurs afin de garantir que la machine corresponde \u00e0 la taille de votre exploitation, aux types de cultures et aux r\u00e9sultats souhait\u00e9s. Voici quelques points cl\u00e9s pour vous guider dans votre choix\u00a0:<\/p>\n<ul>\n<li><strong>Taille de la ferme<\/strong> \u2013 Si vous avez une petite exploitation agricole, une presse \u00e0 balles plus compacte comme la 9YG-1.0 sera plus facile \u00e0 man\u0153uvrer et suffisante pour vos besoins.<\/li>\n<li><strong>Type de culture<\/strong> \u2013 Assurez-vous que la presse \u00e0 balles est compatible avec les cultures que vous travaillez, comme le foin, la paille ou m\u00eame les haricots rouges si vous utilisez des outils sp\u00e9cialis\u00e9s comme l'outil pour haricots rouges.<\/li>\n<li><strong>Budget<\/strong> \u2013 La presse \u00e0 balles rondes 9YG-1.0 offre un excellent rapport qualit\u00e9-prix, alors \u00e9valuez votre budget et la rentabilit\u00e9 d'un investissement dans cette presse.<\/li>\n<li><strong>Facilit\u00e9 d'entretien<\/strong> \u2013 Choisissez une presse \u00e0 balles dont les pi\u00e8ces sont facilement accessibles et qui b\u00e9n\u00e9ficie d'une garantie solide pour assurer sa fiabilit\u00e9 \u00e0 long terme.<\/li>\n<li><strong>Facilit\u00e9 d'utilisation<\/strong> \u2013 L\u2019interface conviviale du 9YG-1.0 permet m\u00eame aux op\u00e9rateurs novices de s\u2019adapter rapidement \u00e0 ses commandes.<\/li>\n<li><strong>Durabilit\u00e9<\/strong> \u2013 Tenez compte de la qualit\u00e9 de construction et choisissez un mod\u00e8le capable de r\u00e9sister aux conditions climatiques et aux exigences op\u00e9rationnelles de votre exploitation.<\/li>\n<\/ul>\n<h2>M\u00e9thodes d'entretien de la presse \u00e0 balles rondes 9YG-1.0<\/h2>\n<p>L'entretien r\u00e9gulier de votre presse \u00e0 balles rondes 9YG-1.0 garantit son bon fonctionnement et prolonge sa dur\u00e9e de vie. Cet entretien doit comprendre les op\u00e9rations suivantes\u00a0:<\/p>\n<ul>\n<li><strong>Nettoyage<\/strong> \u2013 Apr\u00e8s chaque utilisation, nettoyez soigneusement la presse \u00e0 balles pour \u00e9liminer tout r\u00e9sidu de r\u00e9colte et \u00e9viter tout bourrage.<\/li>\n<li><strong>Lubrification<\/strong> \u2013 Veillez \u00e0 lubrifier r\u00e9guli\u00e8rement toutes les pi\u00e8ces mobiles afin de pr\u00e9venir l\u2019usure.<\/li>\n<li><strong>Inspection<\/strong> \u2013 V\u00e9rifiez p\u00e9riodiquement la machine pour d\u00e9celer tout signe d\u2019usure, en particulier les rouleaux et le syst\u00e8me de reliure du filet.<\/li>\n<li><strong>V\u00e9rification du syst\u00e8me hydraulique<\/strong> \u2013 Contr\u00f4lez r\u00e9guli\u00e8rement le syst\u00e8me hydraulique pour vous assurer de son bon fonctionnement et remplacez les joints ou les flexibles us\u00e9s.<\/li>\n<li><strong>Stockage<\/strong> \u2013 Si la presse \u00e0 balles n\u2019est pas utilis\u00e9e pendant une longue p\u00e9riode, rangez-la dans un endroit sec et prot\u00e9g\u00e9 pour \u00e9viter la rouille et les dommages caus\u00e9s par les intemp\u00e9ries.<\/li>\n<\/ul>\n<h2>Avis clients<\/h2>\n<p>\u00ab La presse \u00e0 balles rondes 9YG-1.0 a consid\u00e9rablement r\u00e9duit le temps consacr\u00e9 \u00e0 la mise en balles du foin dans notre ferme. Elle est incroyablement efficace et facile \u00e0 utiliser, m\u00eame pour une personne n'ayant aucune exp\u00e9rience pr\u00e9alable avec les presses \u00e0 balles. Nous avons \u00e9galement constat\u00e9 une r\u00e9duction des pertes lors du stockage, et les balles sont bien compactes. Je recommande vivement ce produit ! \u00bb<br \/>\n\u2013 John Smith, \u00c9tats-Unis<\/p>\n<p>\u00ab Nous avons achet\u00e9 la presse \u00e0 balles rondes 9YG-1.0 pour notre petite exploitation agricole en Afrique du Sud. Elle a d\u00e9pass\u00e9 nos attentes en termes d'efficacit\u00e9 et de durabilit\u00e9. Son design est compact mais puissant, et elle fonctionne \u00e0 merveille avec nos cultures de luzerne. Sa capacit\u00e9 \u00e0 bien fonctionner dans diff\u00e9rentes conditions m\u00e9t\u00e9orologiques en fait un choix de premier ordre pour nous. \u00bb<br \/>\n\u2013 Lindiwe Ndlovu, Afrique du Sud<\/p>\n<p>\u00ab En tant que grande exploitation agricole au Br\u00e9sil, nous avions besoin d'une presse \u00e0 balles fiable capable de traiter de grandes quantit\u00e9s de paille. La 9YG-1.0 s'est av\u00e9r\u00e9e un excellent atout pour notre activit\u00e9. Rapide et efficace, elle a consid\u00e9rablement r\u00e9duit nos co\u00fbts de main-d'\u0153uvre. De plus, son entretien est tr\u00e8s simple. \u00bb<br \/>\n\u2013 Carlos Pinto, Br\u00e9sil<\/p>\n<p>\u00ab Nous utilisons la presse \u00e0 balles rondes 9YG-1.0 depuis quelques mois sur notre ferme d'\u00e9levage au Canada, et elle a consid\u00e9rablement simplifi\u00e9 la mise en balles du foin. Robuste et durable, elle fonctionne parfaitement avec le foin sec comme avec le foin humide. Son format compact est id\u00e9al pour la configuration de notre ferme. \u00bb<br \/>\n\u2013 Emily Thompson, Canada<\/p>\n<p>\u00ab Je g\u00e8re une petite exploitation agricole au Royaume-Uni, et la presse \u00e0 balles rondes 9YG-1.0 a compl\u00e8tement transform\u00e9 notre fa\u00e7on de travailler. L\u00e9g\u00e8re et facile \u00e0 utiliser, elle offre des r\u00e9sultats impeccables \u00e0 chaque fois. Nous pouvons d\u00e9sormais stocker notre foin plus efficacement et r\u00e9duire consid\u00e9rablement les pertes. \u00bb<br \/>\n\u2013 Ames Richards, Royaume-Uni<\/p>\n<h2>Pourquoi choisir notre presse \u00e0 balles rondes 9YG-1.0 ?<\/h2>\n<p>Notre presse \u00e0 balles rondes 9YG-1.0 se distingue par son service de personnalisation rapide, offrant des solutions sur mesure pour r\u00e9pondre \u00e0 vos besoins agricoles sp\u00e9cifiques. Notre produit est couvert par une garantie de 3 ans, vous assurant un service apr\u00e8s-vente exceptionnel. Gr\u00e2ce \u00e0 nos services d'exp\u00e9dition express internationaux, nous garantissons la livraison de votre commande dans les d\u00e9lais, o\u00f9 que vous soyez dans le monde. Notre service apr\u00e8s-vente complet inclut la maintenance, l'assistance technique et la formation, assurant ainsi la rentabilit\u00e9 de votre investissement sur le long terme.<\/p>\n<h2>D\u00e9couvrez le produit et contactez-nous d\u00e8s aujourd'hui<\/h2>\n<p>Ne manquez pas l'occasion d'optimiser vos op\u00e9rations agricoles avec la presse \u00e0 balles rondes 9YG-1.0. Notre entreprise est reconnue pour ses importantes capacit\u00e9s de production, ses produits de qualit\u00e9 sup\u00e9rieure, ses prix comp\u00e9titifs et son service client exceptionnel. En plus de la 9YG-1.0 <a href=\"https:\/\/silage-balers.com\/fr\/produit\/presse-a-balles-rondes-9yg-1-25\/\">Presse \u00e0 balles rondes<\/a>Nous proposons \u00e9galement une vaste gamme d'accessoires et d'\u00e9quipements connexes pour r\u00e9pondre au mieux \u00e0 vos besoins agricoles. D\u00e9couvrez nos produits et contactez-nous d\u00e8s aujourd'hui pour obtenir un devis\u00a0!<\/p>\n<p style=\"text-align: center;\"><img loading=\"lazy\" decoding=\"async\" class=\"alignnone wp-image-382\" src=\"https:\/\/silage-balers.com\/wp-content\/uploads\/2025\/12\/ep-9YG-1.0-Round-Baler1-1-1-1.webp\" alt=\"Presse \u00e0 balles rondes\" width=\"442\" height=\"442\" srcset=\"https:\/\/silage-balers.com\/wp-content\/uploads\/2025\/12\/ep-9YG-1.0-Round-Baler1-1-1-1.webp 259w, https:\/\/silage-balers.com\/wp-content\/uploads\/2025\/12\/ep-9YG-1.0-Round-Baler1-1-1-1-150x150.webp 150w, https:\/\/silage-balers.com\/wp-content\/uploads\/2025\/12\/ep-9YG-1.0-Round-Baler1-1-1-1-12x12.webp 12w, https:\/\/silage-balers.com\/wp-content\/uploads\/2025\/12\/ep-9YG-1.0-Round-Baler1-1-1-1-100x100.webp 100w\" sizes=\"(max-width: 442px) 100vw, 442px\" \/><\/p>\n<h2>FAQ<\/h2>\n<p><strong>1. \u00c0 quoi sert le 9YG-1.0 ?<\/strong><\/p>\n<p>La 9YG-1.0 est principalement utilis\u00e9e pour le pressage du foin, de la paille et d'autres mati\u00e8res agricoles en balles rondes compactes. Elle optimise le stockage et le transport des r\u00e9coltes, r\u00e9duisant ainsi le gaspillage et augmentant la productivit\u00e9.<\/p>\n<p><strong>2. Comment le 9YG-1.0 am\u00e9liore-t-il l'efficacit\u00e9 agricole ?<\/strong><\/p>\n<p>Cette presse \u00e0 balles automatise le processus de mise en balles, ce qui permet de gagner du temps et de r\u00e9duire la main-d'\u0153uvre. Plus rapide que les m\u00e9thodes traditionnelles, elle garantit un produit plus homog\u00e8ne, limitant ainsi les pertes lors du stockage et du transport.<\/p>\n<p><strong>3. Le 9YG-1.0 est-il adapt\u00e9 aux petites exploitations agricoles ?<\/strong><\/p>\n<p>Oui, gr\u00e2ce \u00e0 sa conception compacte, le 9YG-1.0 est id\u00e9al pour les petites exploitations agricoles. Il peut g\u00e9rer une grande vari\u00e9t\u00e9 de cultures, du foin \u00e0 certaines l\u00e9gumineuses, et permet d'optimiser l'espace tout en am\u00e9liorant l'efficacit\u00e9 op\u00e9rationnelle.<\/p>\n<p><strong>4. \u00c0 quelle fr\u00e9quence faut-il entretenir le 9YG-1.0\u00a0?<\/strong><\/p>\n<p>Un entretien r\u00e9gulier est recommand\u00e9 apr\u00e8s chaque utilisation. Les principales t\u00e2ches d'entretien comprennent le nettoyage, la lubrification et l'inspection du syst\u00e8me hydraulique. Des contr\u00f4les de routine garantissent le bon fonctionnement de la presse \u00e0 balles pendant de nombreuses ann\u00e9es.<\/p>\n<p><strong>5. Quelle est la p\u00e9riode de garantie du 9YG-1.0 ?<\/strong><\/p>\n<p>Le mod\u00e8le 9YG-1.0 est assorti d'une garantie de 3 ans couvrant les d\u00e9fauts de mat\u00e9riaux et de fabrication. Notre \u00e9quipe apr\u00e8s-vente est \u00e0 votre disposition pour toute assistance technique ou de maintenance pendant la p\u00e9riode de garantie.<\/p>\n<p>\u00e9dit\u00e9 par gzl<\/p>\n<p>&nbsp;<\/p>","protected":false},"excerpt":{"rendered":"<p>D\u00e9couvrez la puissante presse \u00e0 balles rondes 9YG-1.0 pour un pressage efficace du foin et de la paille. Con\u00e7ue pour durer, cette presse offre un fonctionnement fluide, une productivit\u00e9 accrue et des solutions \u00e9conomiques. Id\u00e9ale pour les agriculteurs souhaitant am\u00e9liorer leurs rendements gr\u00e2ce \u00e0 des machines performantes. Apprenez-en davantage sur ses caract\u00e9ristiques et ses avantages d\u00e8s aujourd'hui et optimisez votre exploitation avec la presse \u00e0 balles rondes 9YG-1.0\u00a0!<\/p>","protected":false},"featured_media":383,"template":"","meta":{"_et_pb_use_builder":"","_et_pb_old_content":"","_et_gb_content_width":""},"product_brand":[],"product_cat":[18],"product_tag":[],"class_list":{"0":"post-380","1":"product","2":"type-product","3":"status-publish","4":"has-post-thumbnail","6":"product_cat-round-baler","8":"first","9":"instock","10":"shipping-taxable","11":"product-type-simple"},"_links":{"self":[{"href":"https:\/\/silage-balers.com\/fr\/wp-json\/wp\/v2\/product\/380","targetHints":{"allow":["GET"]}}],"collection":[{"href":"https:\/\/silage-balers.com\/fr\/wp-json\/wp\/v2\/product"}],"about":[{"href":"https:\/\/silage-balers.com\/fr\/wp-json\/wp\/v2\/types\/product"}],"wp:featuredmedia":[{"embeddable":true,"href":"https:\/\/silage-balers.com\/fr\/wp-json\/wp\/v2\/media\/383"}],"wp:attachment":[{"href":"https:\/\/silage-balers.com\/fr\/wp-json\/wp\/v2\/media?parent=380"}],"wp:term":[{"taxonomy":"product_brand","embeddable":true,"href":"https:\/\/silage-balers.com\/fr\/wp-json\/wp\/v2\/product_brand?post=380"},{"taxonomy":"product_cat","embeddable":true,"href":"https:\/\/silage-balers.com\/fr\/wp-json\/wp\/v2\/product_cat?post=380"},{"taxonomy":"product_tag","embeddable":true,"href":"https:\/\/silage-balers.com\/fr\/wp-json\/wp\/v2\/product_tag?post=380"}],"curies":[{"name":"wp","href":"https:\/\/api.w.org\/{rel}","templated":true}]}}