{"id":407,"date":"2025-12-23T09:47:14","date_gmt":"2025-12-23T09:47:14","guid":{"rendered":"https:\/\/silage-balers.com\/?post_type=product&#038;p=407"},"modified":"2025-12-29T05:45:07","modified_gmt":"2025-12-29T05:45:07","slug":"4byh-1-3-machine-a-deraciner-les-haricots-rouges","status":"publish","type":"product","link":"https:\/\/silage-balers.com\/fr\/produit\/4byh-1-3-machine-a-deraciner-les-haricots-rouges\/","title":{"rendered":"Machine \u00e0 arracher les haricots rouges 4BYH-1.3"},"content":{"rendered":"<p>L'arracheuse de haricots rouges 4BYH-1.3 est un appareil agricole sophistiqu\u00e9 con\u00e7u pour optimiser la r\u00e9colte des haricots rouges. Cette machine garantit des r\u00e9sultats optimaux avec un minimum de main-d'\u0153uvre, permettant ainsi aux agriculteurs d'atteindre une productivit\u00e9 \u00e9lev\u00e9e \u00e0 moindre co\u00fbt.<\/p>\n<h2>Sp\u00e9cifications techniques<\/h2>\n<table style=\"border-color: #000000;\">\n<thead>\n<tr>\n<th>Num\u00e9ro de s\u00e9rie<\/th>\n<th>Article<\/th>\n<th>Unit\u00e9<\/th>\n<th>Sp\u00e9cification<\/th>\n<\/tr>\n<\/thead>\n<tbody>\n<tr>\n<td>1<\/td>\n<td>Nom du mod\u00e8le<\/td>\n<td>\/<\/td>\n<td>Extracteur de haricots rouges type 4BYH-1.3<\/td>\n<\/tr>\n<tr>\n<td>2<\/td>\n<td>M\u00e9thode d'attelage<\/td>\n<td>\/<\/td>\n<td>Type mont\u00e9<\/td>\n<\/tr>\n<tr>\n<td>3<\/td>\n<td>Type de s\u00e9lecteur<\/td>\n<td>\/<\/td>\n<td>Type \u00e0 dents \u00e0 ressort<\/td>\n<\/tr>\n<tr>\n<td>4<\/td>\n<td>Largeur de travail<\/td>\n<td>m<\/td>\n<td>1.3<\/td>\n<\/tr>\n<tr>\n<td>5<\/td>\n<td>Plage de puissance correspondante<\/td>\n<td>kW<\/td>\n<td>\u226540<\/td>\n<\/tr>\n<tr>\n<td>6<\/td>\n<td>Plage de vitesses de fonctionnement<\/td>\n<td>km\/h<\/td>\n<td>5\uff5e8<\/td>\n<\/tr>\n<tr>\n<td>7<\/td>\n<td>Dimensions hors tout (L\u00d7l\u00d7H)<\/td>\n<td>mm<\/td>\n<td>2500\u00d71800\u00d71250<\/td>\n<\/tr>\n<tr>\n<td>8<\/td>\n<td>Vitesse de prise de force<\/td>\n<td>r\/min<\/td>\n<td>540<\/td>\n<\/tr>\n<tr>\n<td>9<\/td>\n<td>Voie de roue<\/td>\n<td>mm<\/td>\n<td>1300<\/td>\n<\/tr>\n<tr>\n<td>10<\/td>\n<td>Productivit\u00e9<\/td>\n<td>hm\u00b2\/h<\/td>\n<td>0.65-1.04<\/td>\n<\/tr>\n<tr>\n<td>11<\/td>\n<td>Nombre d'op\u00e9rateurs<\/td>\n<td>personne<\/td>\n<td>1<\/td>\n<\/tr>\n<tr>\n<td>12<\/td>\n<td>Poids structurel<\/td>\n<td>kg<\/td>\n<td>600<\/td>\n<\/tr>\n<\/tbody>\n<\/table>\n<h2>D\u00e9finition du produit<\/h2>\n<p>L'arracheuse de haricots rouges 4BYH-1.3 est un outil agricole de pointe con\u00e7u sp\u00e9cifiquement pour l'arrachage efficace des haricots rouges. Cette machine \u00e9limine le besoin de main-d'\u0153uvre, am\u00e9liorant ainsi la vitesse de r\u00e9colte et r\u00e9duisant les co\u00fbts d'exploitation. Elle est id\u00e9ale pour les grandes exploitations agricoles souhaitant accro\u00eetre leur productivit\u00e9 et leur rentabilit\u00e9.<\/p>\n<p style=\"text-align: center;\">\u00a0<img loading=\"lazy\" decoding=\"async\" class=\"alignnone wp-image-410\" src=\"https:\/\/silage-balers.com\/wp-content\/uploads\/2025\/12\/2-1.webp\" alt=\"Machine \u00e0 d\u00e9raciner les haricots\" width=\"393\" height=\"393\" srcset=\"https:\/\/silage-balers.com\/wp-content\/uploads\/2025\/12\/2-1.webp 248w, https:\/\/silage-balers.com\/wp-content\/uploads\/2025\/12\/2-1-150x150.webp 150w, https:\/\/silage-balers.com\/wp-content\/uploads\/2025\/12\/2-1-12x12.webp 12w, https:\/\/silage-balers.com\/wp-content\/uploads\/2025\/12\/2-1-100x100.webp 100w\" sizes=\"(max-width: 393px) 100vw, 393px\" \/><\/p>\n<h2>Probl\u00e8mes qu'il r\u00e9sout et ses utilisations<\/h2>\n<p>L'arracheuse de haricots rouges 4BYH-1.3 r\u00e9sout plusieurs probl\u00e8mes courants rencontr\u00e9s par les producteurs de haricots rouges, notamment la p\u00e9nibilit\u00e9 des m\u00e9thodes de r\u00e9colte traditionnelles, les risques d'endommagement des cultures lors de l'arrachage manuel et la dur\u00e9e du processus qui freine la production \u00e0 grande \u00e9chelle. Gr\u00e2ce \u00e0 sa conception performante, cette machine acc\u00e9l\u00e8re l'arrachage tout en garantissant une r\u00e9colte des haricots avec un minimum de dommages.<\/p>\n<h2>Avantages du produit<\/h2>\n<ul>\n<li><strong>Haute efficacit\u00e9 :<\/strong> Cette machine r\u00e9duit consid\u00e9rablement le temps n\u00e9cessaire \u00e0 la r\u00e9colte, ce qui la rend id\u00e9ale pour les op\u00e9rations \u00e0 grande \u00e9chelle.<\/li>\n<li><strong>Dommages minimes aux cultures\u00a0:<\/strong> Il est con\u00e7u pour d\u00e9raciner les haricots rouges avec le plus grand soin, minimisant ainsi les dommages caus\u00e9s \u00e0 la r\u00e9colte.<\/li>\n<li><strong>\u00c9conomies de main-d'\u0153uvre\u00a0:<\/strong> En automatisant le processus d'arrachage, la machine r\u00e9duit les co\u00fbts de main-d'\u0153uvre et le besoin d'une importante main-d'\u0153uvre manuelle.<\/li>\n<li><strong>Facile \u00e0 utiliser :<\/strong> Son interface simple et intuitive permet aux op\u00e9rateurs de ma\u00eetriser rapidement la machine, augmentant ainsi la productivit\u00e9 de la ferme.<\/li>\n<li><strong>Durabilit\u00e9:<\/strong> Fabriqu\u00e9e avec des mat\u00e9riaux de haute qualit\u00e9, cette machine est con\u00e7ue pour r\u00e9sister aux conditions agricoles difficiles et offrir une utilisation \u00e0 long terme.<\/li>\n<\/ul>\n<h2>Comment fonctionne la machine \u00e0 arracher les haricots rouges 4BYH-1.3<\/h2>\n<p>L'arracheuse de haricots rouges 4BYH-1.3 fonctionne gr\u00e2ce \u00e0 un ensemble de bras m\u00e9caniques et de lames rotatives qui arrachent d\u00e9licatement les haricots rouges du sol. Elle creuse profond\u00e9ment pour extraire les haricots, tout en minimisant les perturbations du sol environnant et des autres cultures. Les haricots sont ensuite achemin\u00e9s vers un syst\u00e8me de collecte, o\u00f9 ils sont tri\u00e9s et stock\u00e9s en vue d'un traitement ult\u00e9rieur.<\/p>\n<h2>Principaux sc\u00e9narios d'application<\/h2>\n<ul>\n<li><strong>Exploitations agricoles \u00e0 grande \u00e9chelle\u00a0:<\/strong> Id\u00e9al pour les grandes exploitations de haricots qui n\u00e9cessitent une r\u00e9colte rapide pour r\u00e9pondre \u00e0 la demande.<\/li>\n<li><strong>R\u00e9colte commerciale des haricots :<\/strong> Id\u00e9al pour les entreprises impliqu\u00e9es dans la production et la vente de haricots \u00e0 grande \u00e9chelle.<\/li>\n<li><strong>Centres de recherche agricole :<\/strong> Utile dans les domaines de recherche ax\u00e9s sur l'am\u00e9lioration des techniques de culture du haricot.<\/li>\n<li><strong>Agriculture m\u00e9canis\u00e9e :<\/strong> Un outil pr\u00e9cieux pour les exploitations agricoles m\u00e9canis\u00e9es qui cherchent \u00e0 int\u00e9grer l'automatisation \u00e0 leurs op\u00e9rations.<\/li>\n<li><strong>Agriculteurs disposant de peu de main-d'\u0153uvre\u00a0:<\/strong> Pour les exploitations agricoles confront\u00e9es \u00e0 une p\u00e9nurie de main-d'\u0153uvre ou qui souhaitent r\u00e9duire leur d\u00e9pendance au travail manuel.<\/li>\n<li><strong>Durabilit\u00e9 environnementale :<\/strong> Contribue \u00e0 r\u00e9duire l'empreinte carbone en minimisant le besoin de main-d'\u0153uvre importante et la consommation de carburant.<\/li>\n<\/ul>\n<h2>Comment choisir la bonne machine \u00e0 arracher les haricots rouges 4BYH-1.3<\/h2>\n<ul>\n<li><strong>Taille de la ferme :<\/strong> Assurez-vous que la machine est compatible avec la taille de votre exploitation afin d'optimiser son efficacit\u00e9.<\/li>\n<li><strong>Besoins en mati\u00e8re de r\u00e9colte :<\/strong> Tenez compte du type de haricots rouges que vous cultivez et assurez-vous que la machine puisse les traiter efficacement.<\/li>\n<li><strong>Conditions du sol :<\/strong> Assurez-vous que la machine est adapt\u00e9e au type de sol de votre exploitation pour garantir des performances optimales.<\/li>\n<li><strong>Maintenance et assistance :<\/strong> Choisissez une machine disposant de centres de service et de pi\u00e8ces d\u00e9tach\u00e9es facilement accessibles pour un entretien ais\u00e9.<\/li>\n<li><strong>Budget:<\/strong> Trouvez le juste \u00e9quilibre entre votre budget et les fonctionnalit\u00e9s propos\u00e9es pour obtenir le meilleur rapport qualit\u00e9-prix.<\/li>\n<li><strong>Exp\u00e9rience de l'op\u00e9rateur\u00a0:<\/strong> Si vos op\u00e9rateurs sont novices en mati\u00e8re de r\u00e9colte automatis\u00e9e, optez pour un mod\u00e8le dot\u00e9 de commandes et de fonctionnalit\u00e9s conviviales.<\/li>\n<\/ul>\n<h2>M\u00e9thodes d'entretien de l'arracheuse de haricots rouges 4BYH-1.3<\/h2>\n<p>Un entretien r\u00e9gulier est indispensable au bon fonctionnement de la machine. Il comprend la v\u00e9rification et le remplacement de pi\u00e8ces telles que les lames et les courroies, le nettoyage de la machine apr\u00e8s chaque utilisation pour \u00e9viter tout colmatage, et la lubrification des pi\u00e8ces mobiles afin de minimiser l'usure. De plus, les op\u00e9rateurs doivent \u00eatre form\u00e9s pour identifier et r\u00e9soudre les probl\u00e8mes mineurs avant qu'ils ne s'aggravent.<\/p>\n<p style=\"text-align: center;\"><img loading=\"lazy\" decoding=\"async\" class=\"alignnone wp-image-411\" src=\"https:\/\/silage-balers.com\/wp-content\/uploads\/2025\/12\/3-1.webp\" alt=\"Machine \u00e0 d\u00e9raciner les haricots\" width=\"445\" height=\"445\" srcset=\"https:\/\/silage-balers.com\/wp-content\/uploads\/2025\/12\/3-1.webp 248w, https:\/\/silage-balers.com\/wp-content\/uploads\/2025\/12\/3-1-150x150.webp 150w, https:\/\/silage-balers.com\/wp-content\/uploads\/2025\/12\/3-1-12x12.webp 12w, https:\/\/silage-balers.com\/wp-content\/uploads\/2025\/12\/3-1-100x100.webp 100w\" sizes=\"(max-width: 445px) 100vw, 445px\" \/><\/p>\n<h2>Avis clients<\/h2>\n<p>\u00ab\u00a0La machine \u00e0 arracher les haricots rouges 4BYH-1.3 a consid\u00e9rablement r\u00e9duit notre temps de r\u00e9colte. Nous avons pu augmenter notre production sans embaucher de personnel suppl\u00e9mentaire. Je la recommande vivement\u00a0!\u00a0\u00bb<\/p>\n<p><strong>\u2013 John Doe, \u00c9tats-Unis<\/strong><\/p>\n<p>\u00ab Nous avons achet\u00e9 la 4BYH-1.3 pour notre exploitation au Br\u00e9sil, et cela a tout chang\u00e9. La machine est fiable et accomplit sa t\u00e2che sans endommager les cultures. \u00bb<\/p>\n<p><strong>\u2013 Maria Silva, Br\u00e9sil<\/strong><\/p>\n<p>\u00ab Apr\u00e8s avoir essay\u00e9 diff\u00e9rentes arracheuses de haricots, la 4BYH-1.3 est de loin la plus efficace et la plus facile \u00e0 utiliser. Elle nous a fait gagner un temps pr\u00e9cieux et les r\u00e9sultats sont fantastiques ! \u00bb<\/p>\n<p><strong>\u2013 Ahmed Ali, \u00c9gypte<\/strong><\/p>\n<p>\u00ab En Chine, notre exploitation utilise cette machine depuis plusieurs mois et elle nous a permis de rationaliser notre processus de r\u00e9colte. Nous sommes tr\u00e8s impressionn\u00e9s par ses performances. \u00bb<\/p>\n<p><strong>\u2013 Li Wei, Chine<\/strong><\/p>\n<p>\u00ab Nous sommes tr\u00e8s satisfaits de l'efficacit\u00e9 du 4BYH-1.3. Il est robuste et de construction solide. C'est l'un des meilleurs investissements que nous ayons faits pour notre ferme depuis des ann\u00e9es. \u00bb<\/p>\n<p><strong>\u2013 Peter Johnson, Royaume-Uni<\/strong><\/p>\n<h2>Pourquoi choisir notre produit ?<\/h2>\n<p>Nous proposons des services de personnalisation rapides et un service client performant pour r\u00e9pondre \u00e0 tous vos besoins. Nos produits sont garantis 3 ans, vous assurant ainsi durabilit\u00e9 et performance. Nous proposons une livraison express internationale pour une r\u00e9ception dans les meilleurs d\u00e9lais, et notre service apr\u00e8s-vente est con\u00e7u pour garantir le bon fonctionnement de vos op\u00e9rations.<\/p>\n<h2>D\u00e9couvrez d\u00e8s aujourd'hui la machine \u00e0 arracher les haricots rouges 4BYH-1.3<\/h2>\n<p>Si vous recherchez une solution fiable, efficace et \u00e9conomique pour l'arrachage des haricots, le 4BYH-1.3 est le choix id\u00e9al pour les exploitations agricoles \u00e0 grande \u00e9chelle. Notre entreprise propose non seulement ce produit, mais aussi une vaste gamme de machines et d'accessoires agricoles. Gr\u00e2ce \u00e0 nos solides capacit\u00e9s de production, \u00e0 la qualit\u00e9 irr\u00e9prochable de nos produits, \u00e0 nos prix comp\u00e9titifs et \u00e0 notre excellent service client, nous sommes l\u00e0 pour r\u00e9pondre \u00e0 tous vos besoins agricoles. Contactez-nous d\u00e8s aujourd'hui pour en savoir plus et passer votre commande\u00a0!<\/p>\n<p style=\"text-align: center;\"><img loading=\"lazy\" decoding=\"async\" class=\"alignnone wp-image-412\" src=\"https:\/\/silage-balers.com\/wp-content\/uploads\/2025\/12\/4-1.webp\" alt=\"Machine \u00e0 d\u00e9raciner les haricots\" width=\"431\" height=\"431\" srcset=\"https:\/\/silage-balers.com\/wp-content\/uploads\/2025\/12\/4-1.webp 254w, https:\/\/silage-balers.com\/wp-content\/uploads\/2025\/12\/4-1-150x150.webp 150w, https:\/\/silage-balers.com\/wp-content\/uploads\/2025\/12\/4-1-12x12.webp 12w, https:\/\/silage-balers.com\/wp-content\/uploads\/2025\/12\/4-1-100x100.webp 100w\" sizes=\"(max-width: 431px) 100vw, 431px\" \/><\/p>\n<h2>Foire aux questions (FAQ)<\/h2>\n<p><strong>Quelle est la capacit\u00e9 maximale du 4BYH-1.3 ? <a href=\"https:\/\/silage-balers.com\/fr\/produit\/presse-a-balles-rondes-9yg-2-24d-s9000\/\">Machine \u00e0 arracher les haricots rouges<\/a>?<\/strong><\/p>\n<p>La 4BYH-1.3 peut g\u00e9rer des op\u00e9rations de r\u00e9colte \u00e0 grande \u00e9chelle, d\u00e9racinant efficacement les haricots sur plusieurs hectares de terres agricoles.<\/p>\n<p><strong>Comment la machine \u00e0 d\u00e9raciner les haricots 4BYH-1.3 am\u00e9liore-t-elle l'efficacit\u00e9 de la r\u00e9colte des haricots rouges\u00a0?<\/strong><\/p>\n<p>Cette machine automatise le processus d'arrachage, r\u00e9duisant consid\u00e9rablement les co\u00fbts de main-d'\u0153uvre et le temps de r\u00e9colte tout en minimisant les dommages aux cultures.<\/p>\n<p><strong>La machine \u00e0 d\u00e9raciner les haricots 4BYH-1.3 peut-elle \u00eatre utilis\u00e9e pour d'autres cultures que les haricots rouges\u00a0?<\/strong><\/p>\n<p>Bien que le 4BYH-1.3 soit con\u00e7u sp\u00e9cifiquement pour les haricots rouges, il peut \u00e9galement \u00eatre adapt\u00e9 \u00e0 une utilisation avec d'autres vari\u00e9t\u00e9s de haricots en fonction des conditions du sol et des plantes.<\/p>\n<p><strong>Quel entretien est requis pour le 4BYH-1.3\u00a0?<\/strong><\/p>\n<p>L'entretien r\u00e9gulier comprend le nettoyage de la machine apr\u00e8s chaque utilisation, la lubrification des pi\u00e8ces mobiles et le remplacement des composants us\u00e9s comme les lames et les courroies.<\/p>\n<p><strong>La machine \u00e0 arracher les haricots 4BYH-1.3 est-elle adapt\u00e9e aux exploitations agricoles biologiques\u00a0?<\/strong><\/p>\n<p>Oui, le 4BYH-1.3 est con\u00e7u pour minimiser la perturbation du sol, ce qui en fait une option adapt\u00e9e aux exploitations biologiques o\u00f9 la sant\u00e9 des sols est une priorit\u00e9.<\/p>\n<p><strong>Quelles sont les options de livraison pour les clients internationaux\u00a0?<\/strong><\/p>\n<p>Nous proposons une livraison internationale avec des options de livraison rapide pour r\u00e9pondre aux besoins de nos clients du monde entier.<\/p>\n<p><strong>La machine peut-elle \u00eatre personnalis\u00e9e pour diff\u00e9rents types de sols\u00a0?<\/strong><\/p>\n<p>Oui, nous proposons des options de personnalisation pour adapter la machine aux diff\u00e9rents types de sols et aux conditions agricoles.<\/p>\n<p><strong>Quelle est la dur\u00e9e de la garantie de la machine \u00e0 arracher les haricots 4BYH-1.3\u00a0?<\/strong><\/p>\n<p>Le 4BYH-1.3 est livr\u00e9 avec une garantie de 3 ans, assurant une tranquillit\u00e9 d'esprit pour une utilisation \u00e0 long terme.<\/p>\n<p><strong>Comment commander la machine \u00e0 arracher les haricots rouges 4BYH-1.3 ?<\/strong><\/p>\n<p>Vous pouvez passer commande directement sur notre site web ou contacter notre \u00e9quipe commerciale pour obtenir de l'aide concernant les commandes personnalis\u00e9es.<\/p>\n<p><strong>Quel est le prix de la machine \u00e0 d\u00e9raciner les haricots 4BYH-1.3 ?<\/strong><\/p>\n<p>Le prix varie en fonction des sp\u00e9cifications et des options de personnalisation, mais nous proposons des prix comp\u00e9titifs bas\u00e9s sur la valeur et la qualit\u00e9 de la machine.<\/p>\n<p><strong>La machine \u00e0 arracher les haricots 4BYH-1.3 est-elle facile \u00e0 utiliser pour les nouveaux utilisateurs\u00a0?<\/strong><\/p>\n<p>Oui, la 4BYH-1.3 est con\u00e7ue avec des commandes conviviales, ce qui facilite l'apprentissage et l'utilisation de la machine par les nouveaux op\u00e9rateurs.<\/p>\n<p><strong>Combien de temps faut-il pour r\u00e9colter les haricots avec la machine \u00e0 d\u00e9raciner les haricots 4BYH-1.3\u00a0?<\/strong><\/p>\n<p>Le temps n\u00e9cessaire d\u00e9pend de la taille de votre exploitation, mais le 4BYH-1.3 r\u00e9duit consid\u00e9rablement le temps de r\u00e9colte par rapport aux m\u00e9thodes manuelles.<\/p>\n<p><strong>Existe-t-il un service d'assistance client\u00e8le disponible pour le d\u00e9pannage\u00a0?<\/strong><\/p>\n<p>Oui, nous offrons un service client complet pour le d\u00e9pannage et l'assistance technique.<\/p>\n<p><strong>Cette machine peut-elle \u00eatre utilis\u00e9e sous diff\u00e9rents climats\u00a0?<\/strong><\/p>\n<p>Le 4BYH-1.3 est con\u00e7u pour fonctionner dans une vari\u00e9t\u00e9 de climats, ce qui le rend polyvalent pour les exploitations agricoles du monde entier.<\/p>\n<p>\u00e9dit\u00e9 par gzl<\/p>\n<p>&nbsp;<\/p>","protected":false},"excerpt":{"rendered":"<p>D\u00e9couvrez l'arracheuse de haricots rouges 4BYH-1.3\u00a0: efficace, fiable et id\u00e9ale pour les r\u00e9coltes \u00e0 grande \u00e9chelle. Optimisez votre productivit\u00e9 d\u00e8s aujourd'hui\u00a0! Commandez maintenant\u00a0!<\/p>","protected":false},"featured_media":409,"template":"","meta":{"_et_pb_use_builder":"","_et_pb_old_content":"","_et_gb_content_width":""},"product_brand":[],"product_cat":[22],"product_tag":[],"class_list":{"0":"post-407","1":"product","2":"type-product","3":"status-publish","4":"has-post-thumbnail","6":"product_cat-kidney-bean-puller","8":"first","9":"instock","10":"shipping-taxable","11":"product-type-simple"},"_links":{"self":[{"href":"https:\/\/silage-balers.com\/fr\/wp-json\/wp\/v2\/product\/407","targetHints":{"allow":["GET"]}}],"collection":[{"href":"https:\/\/silage-balers.com\/fr\/wp-json\/wp\/v2\/product"}],"about":[{"href":"https:\/\/silage-balers.com\/fr\/wp-json\/wp\/v2\/types\/product"}],"wp:featuredmedia":[{"embeddable":true,"href":"https:\/\/silage-balers.com\/fr\/wp-json\/wp\/v2\/media\/409"}],"wp:attachment":[{"href":"https:\/\/silage-balers.com\/fr\/wp-json\/wp\/v2\/media?parent=407"}],"wp:term":[{"taxonomy":"product_brand","embeddable":true,"href":"https:\/\/silage-balers.com\/fr\/wp-json\/wp\/v2\/product_brand?post=407"},{"taxonomy":"product_cat","embeddable":true,"href":"https:\/\/silage-balers.com\/fr\/wp-json\/wp\/v2\/product_cat?post=407"},{"taxonomy":"product_tag","embeddable":true,"href":"https:\/\/silage-balers.com\/fr\/wp-json\/wp\/v2\/product_tag?post=407"}],"curies":[{"name":"wp","href":"https:\/\/api.w.org\/{rel}","templated":true}]}}