{"id":413,"date":"2025-12-24T02:38:22","date_gmt":"2025-12-24T02:38:22","guid":{"rendered":"https:\/\/silage-balers.com\/?post_type=product&#038;p=413"},"modified":"2025-12-29T05:44:27","modified_gmt":"2025-12-29T05:44:27","slug":"4byh-2-6-arrache-haricots","status":"publish","type":"product","link":"https:\/\/silage-balers.com\/fr\/produit\/4byh-2-6-arrache-haricots\/","title":{"rendered":"4BYH-2.6 Extracteur de haricots rouges"},"content":{"rendered":"<h2>Sp\u00e9cifications techniques<\/h2>\n<table style=\"border-color: #000000;\">\n<thead>\n<tr>\n<th>Num\u00e9ro de s\u00e9rie<\/th>\n<th>Article<\/th>\n<th>Unit\u00e9<\/th>\n<th>Sp\u00e9cification<\/th>\n<\/tr>\n<\/thead>\n<tbody>\n<tr>\n<td>1<\/td>\n<td>Nom du mod\u00e8le<\/td>\n<td>\/<\/td>\n<td>4BYH-2.6 Extracteur de haricots rouges<\/td>\n<\/tr>\n<tr>\n<td>2<\/td>\n<td>M\u00e9thode d'attelage<\/td>\n<td>\/<\/td>\n<td>Type mont\u00e9<\/td>\n<\/tr>\n<tr>\n<td>3<\/td>\n<td>Type de s\u00e9lecteur<\/td>\n<td>\/<\/td>\n<td>Type de dent \u00e0 ressort<\/td>\n<\/tr>\n<tr>\n<td>4<\/td>\n<td>Largeur de travail<\/td>\n<td>m<\/td>\n<td>2.6<\/td>\n<\/tr>\n<tr>\n<td>5<\/td>\n<td>Plage de puissance correspondante<\/td>\n<td>kW<\/td>\n<td>66-88<\/td>\n<\/tr>\n<tr>\n<td>6<\/td>\n<td>Plage de vitesses de fonctionnement<\/td>\n<td>km\/h<\/td>\n<td>6~10<\/td>\n<\/tr>\n<tr>\n<td>7<\/td>\n<td>Dimensions hors tout (Longueur \u00d7 Largeur \u00d7 Hauteur)<\/td>\n<td>mm<\/td>\n<td>2333\u00d72870\u00d71182<\/td>\n<\/tr>\n<tr>\n<td>8<\/td>\n<td>Vitesse de prise de force<\/td>\n<td>r\/min<\/td>\n<td>540<\/td>\n<\/tr>\n<tr>\n<td>9<\/td>\n<td>Empattement<\/td>\n<td>mm<\/td>\n<td>2600<\/td>\n<\/tr>\n<tr>\n<td>10<\/td>\n<td>Productivit\u00e9<\/td>\n<td>hm\u00b2\/h<\/td>\n<td>1.56-2.6<\/td>\n<\/tr>\n<tr>\n<td>11<\/td>\n<td>Nombre d'op\u00e9rateurs<\/td>\n<td>personne<\/td>\n<td>1<\/td>\n<\/tr>\n<tr>\n<td>12<\/td>\n<td>Masse structurale<\/td>\n<td>kg<\/td>\n<td>1100<\/td>\n<\/tr>\n<\/tbody>\n<\/table>\n<h2>Pr\u00e9sentation de l'extracteur de haricots rouges 4BYH-2.6<\/h2>\n<p>L'arracheuse de haricots rouges 4BYH-2.6 est un outil agricole r\u00e9volutionnaire con\u00e7u pour optimiser la r\u00e9colte des haricots rouges. Machine hautement sp\u00e9cialis\u00e9e, elle automatise la t\u00e2che fastidieuse de l'arrachage des haricots, ce qui en fait un \u00e9quipement indispensable pour les grandes exploitations agricoles. Gr\u00e2ce \u00e0 ses fonctionnalit\u00e9s avanc\u00e9es et \u00e0 sa robustesse, l'arracheuse de haricots rouges 4BYH-2.6 offre une solution pratique et \u00e9conomique pour la r\u00e9colte des haricots.<\/p>\n<h2>Qu'est-ce que l'extracteur de haricots rouges 4BYH-2.6 ?<\/h2>\n<p>L'arracheuse de haricots rouges 4BYH-2.6 est une machine agricole de pointe con\u00e7ue pour aider les agriculteurs \u00e0 r\u00e9colter efficacement les haricots rouges. Elle est con\u00e7ue pour arracher, s\u00e9parer et traiter efficacement les haricots rouges du sol. Cette machine est sp\u00e9cifiquement adapt\u00e9e aux besoins des exploitations agricoles \u00e0 grande \u00e9chelle, offrant une solution qui r\u00e9duit les co\u00fbts de main-d'\u0153uvre tout en augmentant la productivit\u00e9 et la vitesse de r\u00e9colte.<\/p>\n<p style=\"text-align: center;\"><img loading=\"lazy\" decoding=\"async\" class=\"alignnone wp-image-414\" src=\"https:\/\/silage-balers.com\/wp-content\/uploads\/2025\/12\/ep-4BYH-2.6-Kidney-Bean-Puller-2-1.webp\" alt=\"arracheuse de haricots rouges\" width=\"445\" height=\"445\" srcset=\"https:\/\/silage-balers.com\/wp-content\/uploads\/2025\/12\/ep-4BYH-2.6-Kidney-Bean-Puller-2-1.webp 267w, https:\/\/silage-balers.com\/wp-content\/uploads\/2025\/12\/ep-4BYH-2.6-Kidney-Bean-Puller-2-1-150x150.webp 150w, https:\/\/silage-balers.com\/wp-content\/uploads\/2025\/12\/ep-4BYH-2.6-Kidney-Bean-Puller-2-1-12x12.webp 12w, https:\/\/silage-balers.com\/wp-content\/uploads\/2025\/12\/ep-4BYH-2.6-Kidney-Bean-Puller-2-1-100x100.webp 100w\" sizes=\"(max-width: 445px) 100vw, 445px\" \/><\/p>\n<h2>Probl\u00e8mes r\u00e9solus par l'extracteur de haricots rouges 4BYH-2.6<\/h2>\n<p>L'arracheuse de haricots rouges 4BYH-2.6 r\u00e9sout plusieurs probl\u00e8mes courants rencontr\u00e9s par les producteurs de haricots, notamment\u00a0:<\/p>\n<ul>\n<li><strong>P\u00e9nuries de main-d'\u0153uvre :<\/strong> En automatisant le processus d'arrachage des haricots, la machine r\u00e9duit le besoin de main-d'\u0153uvre manuelle importante, souvent rare, notamment pendant les p\u00e9riodes de pointe des r\u00e9coltes.<\/li>\n<li><strong>R\u00e9colte irr\u00e9guli\u00e8re\u00a0:<\/strong> La r\u00e9colte manuelle peut \u00eatre irr\u00e9guli\u00e8re, entra\u00eenant des pertes ou des dommages au niveau des grains. La 4BYH-2.6 garantit une r\u00e9colte compl\u00e8te et uniforme.<\/li>\n<li><strong>Faible efficacit\u00e9 :<\/strong> Les m\u00e9thodes traditionnelles sont chronophages et parfois moins efficaces. La machine, quant \u00e0 elle, accro\u00eet consid\u00e9rablement la productivit\u00e9, permettant ainsi des \u00e9conomies de temps et d'\u00e9nergie.<\/li>\n<li><strong>Dommages au sol :<\/strong> D'autres m\u00e9thodes de r\u00e9colte peuvent endommager le sol, mais l'arracheuse de haricots rouges 4BYH-2.6 est con\u00e7ue pour minimiser la perturbation de la structure du sol, assurant ainsi une meilleure sant\u00e9 du sol \u00e0 long terme.<\/li>\n<li><strong>Co\u00fbts op\u00e9rationnels \u00e9lev\u00e9s :<\/strong> En r\u00e9duisant la d\u00e9pendance \u00e0 la main-d'\u0153uvre, cette machine contribue \u00e0 diminuer les co\u00fbts op\u00e9rationnels de la culture du haricot, am\u00e9liorant ainsi la rentabilit\u00e9 globale des grandes exploitations.<\/li>\n<\/ul>\n<h2>Avantages du produit<\/h2>\n<p>L'arracheuse de haricots rouges 4BYH-2.6 offre de nombreux avantages aux agriculteurs qui cherchent \u00e0 am\u00e9liorer leur processus de r\u00e9colte des haricots\u00a0:<\/p>\n<h3>1. Haute efficacit\u00e9<\/h3>\n<p>La 4BYH-2.6 est con\u00e7ue pour un fonctionnement \u00e0 grande vitesse et permet de r\u00e9colter une grande quantit\u00e9 de haricots rouges en un temps record. Son moteur puissant et son m\u00e9canisme de r\u00e9colte optimis\u00e9 garantissent un traitement plus rapide et plus efficace que les m\u00e9thodes traditionnelles.<\/p>\n<h3>2. R\u00e9duction des co\u00fbts de main-d'\u0153uvre<\/h3>\n<p>L'un des principaux avantages du 4BYH-2.6 r\u00e9side dans sa capacit\u00e9 \u00e0 r\u00e9duire le besoin de main-d'\u0153uvre. Cela permet non seulement de r\u00e9aliser des \u00e9conomies, mais aussi de s'affranchir des difficult\u00e9s de recrutement de travailleurs qualifi\u00e9s pendant les p\u00e9riodes de pointe des r\u00e9coltes.<\/p>\n<h3>3. Durable et fiable<\/h3>\n<p>Fabriqu\u00e9 avec des mat\u00e9riaux de haute qualit\u00e9 et une technologie de pointe, le 4BYH-2.6 est con\u00e7u pour une utilisation durable. Sa construction robuste lui permet de r\u00e9sister aux conditions agricoles difficiles, ce qui en fait un investissement fiable pour les grandes exploitations.<\/p>\n<h3>4. Pr\u00e9servation des sols<\/h3>\n<p>Contrairement \u00e0 d'autres machines de r\u00e9colte qui peuvent causer d'importantes perturbations du sol, l'arracheuse de haricots rouges 4BYH-2.6 minimise les dommages caus\u00e9s au sol, pr\u00e9servant ainsi la sant\u00e9 du sol pour les futurs cycles de plantation.<\/p>\n<h3>5. Entretien facile<\/h3>\n<p>La 4BYH-2.6 est con\u00e7ue pour un entretien facile. Gr\u00e2ce \u00e0 des proc\u00e9dures de nettoyage et d'entretien simples, les agriculteurs peuvent garantir le bon fonctionnement de la machine tout au long de la saison sans encourir de frais de r\u00e9paration \u00e9lev\u00e9s.<\/p>\n<h2>Comment fonctionne l'extracteur de haricots rouges 4BYH-2.6<\/h2>\n<p>L'arracheuse de haricots rouges 4BYH-2.6 fonctionne gr\u00e2ce \u00e0 un syst\u00e8me automatis\u00e9 qui combine l'arrachage m\u00e9canique, le tri et la collecte des haricots. La machine est \u00e9quip\u00e9e d'un m\u00e9canisme d'arrachage sp\u00e9cialis\u00e9 qui extrait d\u00e9licatement les haricots de la terre sans les ab\u00eemer. Une fois arrach\u00e9s, les haricots sont s\u00e9par\u00e9s de toute trace de terre ou de d\u00e9bris gr\u00e2ce \u00e0 un ensemble de tamis m\u00e9caniques. Les haricots propres sont ensuite collect\u00e9s dans des bacs, pr\u00eats pour la transformation ou le conditionnement.<\/p>\n<h2>Principaux sc\u00e9narios d'application de l'extracteur de haricots rouges 4BYH-2.6<\/h2>\n<p>L'arracheuse de haricots rouges 4BYH-2.6 est id\u00e9ale pour une utilisation dans divers contextes agricoles, notamment\u00a0:<\/p>\n<ul>\n<li><strong>Exploitations agricoles \u00e0 grande \u00e9chelle\u00a0:<\/strong> Id\u00e9al pour les grandes exploitations de culture de haricots, o\u00f9 l'efficacit\u00e9 et les r\u00e9coltes \u00e0 haut volume sont essentielles.<\/li>\n<li><strong>Production commerciale de haricots :<\/strong> Id\u00e9al pour les entreprises qui produisent des haricots rouges \u00e0 l'\u00e9chelle commerciale et qui ont besoin d'une solution fiable pour la r\u00e9colte.<\/li>\n<li><strong>Fermes biologiques :<\/strong> Cette machine est douce pour le sol, ce qui en fait un excellent choix pour les fermes biologiques qui privil\u00e9gient la sant\u00e9 des sols.<\/li>\n<li><strong>Coop\u00e9ratives agricoles :<\/strong> Id\u00e9al pour les coop\u00e9ratives qui g\u00e8rent de vastes \u00e9tendues de terres et qui ont besoin de machines capables de g\u00e9rer des r\u00e9coltes \u00e0 haut rendement.<\/li>\n<li><strong>Exploitations agricoles tourn\u00e9es vers l'exportation\u00a0:<\/strong> Pour les exploitations agricoles qui fournissent des haricots destin\u00e9s \u00e0 l'exportation, la 4BYH-2.6 assure une r\u00e9colte rapide et efficace, r\u00e9duisant ainsi le d\u00e9lai de mise sur le march\u00e9.<\/li>\n<li><strong>Recherche et d\u00e9veloppement agricole :<\/strong> Les centres de recherche agricole et les exploitations agricoles qui s'efforcent d'am\u00e9liorer les rendements des cultures peuvent b\u00e9n\u00e9ficier de la pr\u00e9cision et de l'efficacit\u00e9 de cette machine pour la r\u00e9colte des haricots.<\/li>\n<\/ul>\n<h2>Comment choisir le bon extracteur de haricots rouges 4BYH-2.6<\/h2>\n<p>Lors du choix d'un arracheur de haricots rouges 4BYH-2.6, tenez compte des facteurs suivants\u00a0:<\/p>\n<ul>\n<li><strong>Taille de la ferme :<\/strong> Les grandes exploitations b\u00e9n\u00e9ficieront de la haute efficacit\u00e9 du 4BYH-2.6, tandis que les petites exploitations auront peut-\u00eatre besoin d'un mod\u00e8le plus petit.<\/li>\n<li><strong>Conditions du sol :<\/strong> Tenez compte du type de sol et du taux d'humidit\u00e9 de votre exploitation. Le mod\u00e8le 4BYH-2.6 s'adapte \u00e0 diff\u00e9rents types de sols, mais assurez-vous qu'il soit adapt\u00e9 \u00e0 vos conditions sp\u00e9cifiques.<\/li>\n<li><strong>Volume r\u00e9colt\u00e9 :<\/strong> Choisissez une machine adapt\u00e9e \u00e0 votre volume de r\u00e9colte. La 4BYH-2.6 est id\u00e9ale pour les op\u00e9rations \u00e0 haut rendement\u00a0; il est donc important de v\u00e9rifier que ses capacit\u00e9s correspondent \u00e0 vos besoins.<\/li>\n<li><strong>Assistance \u00e0 la maintenance :<\/strong> Assurez-vous que la machine b\u00e9n\u00e9ficie d'un support ad\u00e9quat dans votre r\u00e9gion, notamment en ce qui concerne la disponibilit\u00e9 des pi\u00e8ces d\u00e9tach\u00e9es et des services de maintenance.<\/li>\n<li><strong>Budget:<\/strong> Bien que le 4BYH-2.6 soit une solution rentable \u00e0 long terme, tenez compte de votre budget d'investissement initial lors de l'achat.<\/li>\n<li><strong>Fonctionnalit\u00e9s suppl\u00e9mentaires\u00a0:<\/strong> Certains mod\u00e8les proposent des fonctionnalit\u00e9s suppl\u00e9mentaires comme le suivi GPS, l'analyse automatis\u00e9e des sols et une technologie de s\u00e9paration am\u00e9lior\u00e9e. Tenez compte de ces options en fonction des besoins de votre exploitation.<\/li>\n<\/ul>\n<h2>Entretien de l'extracteur de haricots rouges 4BYH-2.6<\/h2>\n<p>Pour garantir des performances et une long\u00e9vit\u00e9 optimales, le 4BYH-2.6<a href=\"https:\/\/silage-balers.com\/fr\/produit\/4byh-1-3-machine-a-deraciner-les-haricots-rouges\/\"> arracheuse de haricots rouges<\/a> Il convient d'effectuer un entretien r\u00e9gulier. Les principales t\u00e2ches d'entretien comprennent\u00a0:<\/p>\n<ul>\n<li><strong>Nettoyage r\u00e9gulier :<\/strong> Apr\u00e8s chaque utilisation, nettoyez la machine pour enlever la salet\u00e9, les d\u00e9bris et les r\u00e9sidus de grains afin d'\u00e9viter tout bouchage.<\/li>\n<li><strong>Lubrification:<\/strong> Lubrifiez toutes les pi\u00e8ces mobiles, y compris le m\u00e9canisme de traction et les tamis, afin de r\u00e9duire la friction et d'\u00e9viter l'usure.<\/li>\n<li><strong>V\u00e9rifier les performances du moteur\u00a0:<\/strong> Surveillez r\u00e9guli\u00e8rement les performances du moteur et assurez-vous qu'il fonctionne \u00e0 son rendement maximal.<\/li>\n<li><strong>V\u00e9rifier l'absence de dommages\u00a0:<\/strong> Inspectez p\u00e9riodiquement la machine afin de d\u00e9celer tout signe d'usure ou de dommage, en particulier les composants de traction et de tamisage.<\/li>\n<li><strong>Intervalles d'entretien\u00a0:<\/strong> Respectez les intervalles d'entretien recommand\u00e9s par le fabricant pour remplacer les pi\u00e8ces telles que les filtres, les courroies et les joints, selon les besoins.<\/li>\n<\/ul>\n<h2>Avis clients<\/h2>\n<p>Voici quelques avis de clients concernant l'extracteur de haricots rouges 4BYH-2.6\u00a0:<\/p>\n<p><strong>\u00ab J'utilise la 4BYH-2.6 depuis deux saisons de r\u00e9colte et je suis tr\u00e8s impressionn\u00e9 par son efficacit\u00e9. Elle a r\u00e9duit nos co\u00fbts de main-d'\u0153uvre de plus de 301 TP4T et les grains sont plus propres que jamais. C'est un investissement judicieux pour toute grande exploitation agricole. \u00bb<\/strong><br \/>\n\u2014 John Smith, \u00c9tats-Unis<\/p>\n<p><strong>\u00ab La 4BYH-2.6 a transform\u00e9 mon exploitation. Nous r\u00e9coltons beaucoup plus vite et la machine est facile \u00e0 utiliser. Je la recommande vivement aux producteurs de haricots commerciaux. \u00bb<\/strong><br \/>\n\u2014 Ahmed Ali, \u00c9gypte<\/p>\n<p><strong>\u00ab En tant qu'exploitation agricole biologique, nous \u00e9tions pr\u00e9occup\u00e9s par les dommages caus\u00e9s au sol, mais le 4BYH-2.6 fonctionne \u00e0 merveille. Il est doux pour la terre tout en nous assurant une r\u00e9colte de grande qualit\u00e9. \u00bb<\/strong><br \/>\n\u2014 Maria Lopez, Espagne<\/p>\n<p><strong>\u00ab Livraison rapide et excellent service apr\u00e8s-vente. La 4BYH-2.6 est une machine fiable dont nous ne pouvons nous passer pendant la r\u00e9colte. \u00bb<\/strong><br \/>\n\u2014 Michael Brown, Royaume-Uni<\/p>\n<p><strong>\u00ab Notre exploitation est de grande envergure, et cette machine s'est av\u00e9r\u00e9e indispensable. Elle rend la r\u00e9colte des haricots rouges beaucoup plus rapide et efficace. Nous sommes vraiment satisfaits de cet achat. \u00bb<\/strong><br \/>\n\u2014 Raj Patel, Inde<\/p>\n<h2>Pourquoi choisir notre produit ?<\/h2>\n<p>Notre extracteur de haricots rouges 4BYH-2.6 offre de nombreux avantages qui en font un outil indispensable. <a href=\"http:\/\/square-balers.com\" target=\"_blank\" rel=\"noopener\">le meilleur choix pour les agriculteurs<\/a> Partout dans le monde, nous proposons des services de personnalisation rapides, adapt\u00e9s aux besoins sp\u00e9cifiques de votre exploitation, pour une performance optimale. De plus, notre produit est garanti 3 ans, pour votre tranquillit\u00e9 d'esprit. Nous offrons un service apr\u00e8s-vente complet et une livraison internationale rapide pour r\u00e9pondre \u00e0 vos commandes. Gr\u00e2ce \u00e0 notre expertise et \u00e0 notre engagement envers la qualit\u00e9, nous sommes l\u00e0 pour assurer le bon fonctionnement de votre exploitation.<\/p>\n<p>D\u00e9couvrez d\u00e8s aujourd'hui l'arracheuse de haricots rouges 4BYH-2.6 et optimisez votre r\u00e9colte. Notre savoir-faire garantit une qualit\u00e9 irr\u00e9prochable et des prix comp\u00e9titifs. Nous proposons \u00e9galement une large gamme d'accessoires et de produits connexes pour r\u00e9pondre aux besoins de votre exploitation. N'attendez plus\u00a0! Contactez-nous pour en savoir plus et faites le choix judicieux pour votre ferme\u00a0!<\/p>\n<p><img loading=\"lazy\" decoding=\"async\" class=\"wp-image-415 aligncenter\" src=\"https:\/\/silage-balers.com\/wp-content\/uploads\/2025\/12\/ep-4BYH-2.6-Kidney-Bean-Puller-4-1.webp\" alt=\"arracheuse de haricots rouges\" width=\"460\" height=\"460\" srcset=\"https:\/\/silage-balers.com\/wp-content\/uploads\/2025\/12\/ep-4BYH-2.6-Kidney-Bean-Puller-4-1.webp 269w, https:\/\/silage-balers.com\/wp-content\/uploads\/2025\/12\/ep-4BYH-2.6-Kidney-Bean-Puller-4-1-150x150.webp 150w, https:\/\/silage-balers.com\/wp-content\/uploads\/2025\/12\/ep-4BYH-2.6-Kidney-Bean-Puller-4-1-12x12.webp 12w, https:\/\/silage-balers.com\/wp-content\/uploads\/2025\/12\/ep-4BYH-2.6-Kidney-Bean-Puller-4-1-100x100.webp 100w\" sizes=\"(max-width: 460px) 100vw, 460px\" \/><\/p>\n<h2>Foire aux questions<\/h2>\n<p><strong>Qu'est-ce que l'extracteur de haricots rouges 4BYH-2.6 ?<\/strong><\/p>\n<p>L'arracheuse de haricots rouges 4BYH-2.6 est une machine agricole haute performance con\u00e7ue pour automatiser l'arrachage et la r\u00e9colte des haricots rouges. Elle accro\u00eet la productivit\u00e9 tout en r\u00e9duisant les co\u00fbts de main-d'\u0153uvre.<\/p>\n<p><strong>\u00c0 quelle vitesse l'arracheuse de haricots rouges 4BYH-2.6 peut-elle r\u00e9colter les haricots ?<\/strong><\/p>\n<p>La 4BYH-2.6 peut r\u00e9colter les haricots rouges \u00e0 un rythme beaucoup plus rapide que le travail manuel, en fonction de la taille de l'exploitation et des conditions de r\u00e9colte sp\u00e9cifiques.<\/p>\n<p><strong>Le mod\u00e8le 4BYH-2.6 est-il adapt\u00e9 \u00e0 l'agriculture biologique\u00a0?<\/strong><\/p>\n<p>Oui, l'arracheuse de haricots rouges 4BYH-2.6 est con\u00e7ue pour minimiser la perturbation du sol, ce qui la rend adapt\u00e9e aux fermes biologiques qui privil\u00e9gient la sant\u00e9 du sol.<\/p>\n<p><strong>\u00c0 quelle fr\u00e9quence faut-il entretenir le 4BYH-2.6\u00a0?<\/strong><\/p>\n<p>Un entretien r\u00e9gulier doit \u00eatre effectu\u00e9 apr\u00e8s chaque r\u00e9colte, comprenant le nettoyage, la lubrification et les inspections afin de garantir des performances optimales.<\/p>\n<p><strong>Quels sont les avantages de l'utilisation d'une r\u00e9colteuse de haricots automatique ?<\/strong><\/p>\n<p>Les r\u00e9colteuses de haricots automatiques comme la 4BYH-2.6 r\u00e9duisent consid\u00e9rablement les co\u00fbts de main-d'\u0153uvre, augmentent l'efficacit\u00e9 de la r\u00e9colte et garantissent une qualit\u00e9 constante pendant le processus de r\u00e9colte.<\/p>\n<p>\u00e9dit\u00e9 par gzl<\/p>\n<p><!-- Add more FAQs as necessary --><\/p>","protected":false},"excerpt":{"rendered":"<p>R\u00e9coltez efficacement les haricots rouges avec l'arracheuse de haricots rouges 4BYH-2.6. Am\u00e9liorez votre productivit\u00e9 agricole d\u00e8s aujourd'hui\u00a0! Commandez maintenant pour des r\u00e9sultats rapides et fiables.<\/p>","protected":false},"featured_media":416,"template":"","meta":{"_et_pb_use_builder":"","_et_pb_old_content":"","_et_gb_content_width":""},"product_brand":[],"product_cat":[22],"product_tag":[],"class_list":{"0":"post-413","1":"product","2":"type-product","3":"status-publish","4":"has-post-thumbnail","6":"product_cat-kidney-bean-puller","8":"first","9":"instock","10":"shipping-taxable","11":"product-type-simple"},"_links":{"self":[{"href":"https:\/\/silage-balers.com\/fr\/wp-json\/wp\/v2\/product\/413","targetHints":{"allow":["GET"]}}],"collection":[{"href":"https:\/\/silage-balers.com\/fr\/wp-json\/wp\/v2\/product"}],"about":[{"href":"https:\/\/silage-balers.com\/fr\/wp-json\/wp\/v2\/types\/product"}],"wp:featuredmedia":[{"embeddable":true,"href":"https:\/\/silage-balers.com\/fr\/wp-json\/wp\/v2\/media\/416"}],"wp:attachment":[{"href":"https:\/\/silage-balers.com\/fr\/wp-json\/wp\/v2\/media?parent=413"}],"wp:term":[{"taxonomy":"product_brand","embeddable":true,"href":"https:\/\/silage-balers.com\/fr\/wp-json\/wp\/v2\/product_brand?post=413"},{"taxonomy":"product_cat","embeddable":true,"href":"https:\/\/silage-balers.com\/fr\/wp-json\/wp\/v2\/product_cat?post=413"},{"taxonomy":"product_tag","embeddable":true,"href":"https:\/\/silage-balers.com\/fr\/wp-json\/wp\/v2\/product_tag?post=413"}],"curies":[{"name":"wp","href":"https:\/\/api.w.org\/{rel}","templated":true}]}}