{"id":446,"date":"2025-12-26T01:48:08","date_gmt":"2025-12-26T01:48:08","guid":{"rendered":"https:\/\/silage-balers.com\/?post_type=product&#038;p=446"},"modified":"2025-12-26T02:17:55","modified_gmt":"2025-12-26T02:17:55","slug":"machine-a-faner-a-roue-a-doigts-9fz-2-0","status":"publish","type":"product","link":"https:\/\/silage-balers.com\/fr\/produit\/machine-a-faner-a-roue-a-doigts-9fz-2-0\/","title":{"rendered":"Machine \u00e0 faner \u00e0 roue \u00e0 doigts 9FZ-2.0"},"content":{"rendered":"<p>La faneuse \u00e0 doigts 9FZ-2.0 est un \u00e9quipement essentiel con\u00e7u pour am\u00e9liorer l'efficacit\u00e9 de la fenaison. Dot\u00e9e d'une technologie de pointe, elle offre d'excellentes performances pour le fanage du foin. En r\u00e9partissant le foin rapidement et uniform\u00e9ment, elle r\u00e9duit consid\u00e9rablement le temps de s\u00e9chage, ce qui permet d'obtenir un fourrage de meilleure qualit\u00e9 et d'accro\u00eetre la productivit\u00e9 des agriculteurs.<\/p>\n<h2>Sp\u00e9cifications techniques<\/h2>\n<table style=\"border-color: #000000;\">\n<thead>\n<tr>\n<th>Num\u00e9ro de s\u00e9rie<\/th>\n<th>Article<\/th>\n<th>Unit\u00e9<\/th>\n<th>Sp\u00e9cification<\/th>\n<\/tr>\n<\/thead>\n<tbody>\n<tr>\n<td>1<\/td>\n<td>Nom du produit<\/td>\n<td>\/<\/td>\n<td>Faneuse \u00e0 doigts 9FZ-2.0<\/td>\n<\/tr>\n<tr>\n<td>2<\/td>\n<td>M\u00e9thode d'attelage<\/td>\n<td>\/<\/td>\n<td>Type mont\u00e9<\/td>\n<\/tr>\n<tr>\n<td>3<\/td>\n<td>Type de m\u00e9canisme de pliage<\/td>\n<td>\/<\/td>\n<td>Type hydraulique<\/td>\n<\/tr>\n<tr>\n<td>4<\/td>\n<td>Nombre de dents<\/td>\n<td>\/<\/td>\n<td>120 (40 dents\/disque \u00d7 3 disques)<\/td>\n<\/tr>\n<tr>\n<td>5<\/td>\n<td>Nombre de roues \u00e0 doigts<\/td>\n<td>\/<\/td>\n<td>(Remarque : Contenu des sp\u00e9cifications manquant)<\/td>\n<\/tr>\n<tr>\n<td>6<\/td>\n<td>Diam\u00e8tre de la roue \u00e0 doigts<\/td>\n<td>mm<\/td>\n<td>\u03a61500<\/td>\n<\/tr>\n<tr>\n<td>7<\/td>\n<td>Largeur de feutrage<\/td>\n<td>m<\/td>\n<td>2<\/td>\n<\/tr>\n<tr>\n<td>8<\/td>\n<td>Plage de puissance correspondante<\/td>\n<td>kW<\/td>\n<td>\u226525,73<\/td>\n<\/tr>\n<tr>\n<td>9<\/td>\n<td>Plage de vitesses de fonctionnement<\/td>\n<td>KM\/H<\/td>\n<td>7-10<\/td>\n<\/tr>\n<tr>\n<td>10<\/td>\n<td>Dimensions hors tout (longueur \u00d7 largeur \u00d7 hauteur) en \u00e9tat de fonctionnement<\/td>\n<td>mm<\/td>\n<td>3500\u00d73500\u00d71500<\/td>\n<\/tr>\n<tr>\n<td>11<\/td>\n<td>Masse de la machine<\/td>\n<td>kg<\/td>\n<td>372<\/td>\n<\/tr>\n<tr>\n<td>12<\/td>\n<td>Norme d'ex\u00e9cution des produits<\/td>\n<td>\/<\/td>\n<td>JB\/T17766-2011<\/td>\n<\/tr>\n<\/tbody>\n<\/table>\n<h2>D\u00e9finition du produit<\/h2>\n<p>La faneuse \u00e0 doigts 9FZ-2.0 est un outil agricole performant, principalement utilis\u00e9 en fenaison pour r\u00e9partir le foin uniform\u00e9ment et acc\u00e9l\u00e9rer son s\u00e9chage. Son syst\u00e8me de roues \u00e0 doigts assure un fanage efficace, ce qui en fait une machine essentielle pour la production de foin moderne.<\/p>\n<h2>Capacit\u00e9s de r\u00e9solution de probl\u00e8mes<\/h2>\n<p>Cette machine r\u00e9pond \u00e0 plusieurs d\u00e9fis majeurs rencontr\u00e9s par les producteurs de foin. Elle acc\u00e9l\u00e8re le s\u00e9chage, r\u00e9duit les co\u00fbts de main-d'\u0153uvre et assure une r\u00e9partition homog\u00e8ne du foin. Gr\u00e2ce \u00e0 la faneuse 9FZ-2.0, les agriculteurs peuvent am\u00e9liorer leur efficacit\u00e9, r\u00e9duire leur consommation de carburant et optimiser la qualit\u00e9 de leurs produits. De plus, elle emp\u00eache le foin de s'agglom\u00e9rer, ce qui favorise la formation de moisissures et la d\u00e9t\u00e9rioration.<\/p>\n<p style=\"text-align: center;\"><img loading=\"lazy\" decoding=\"async\" class=\"alignnone wp-image-448\" src=\"https:\/\/silage-balers.com\/wp-content\/uploads\/2025\/12\/ep-9FZ-2.0-Finger-Wheel-Tedding-Machine-1-1-1-300x300.webp\" alt=\"machine \u00e0 faner\" width=\"435\" height=\"435\" \/><\/p>\n<h2>Avantages du produit<\/h2>\n<h3>1. Haute efficacit\u00e9<\/h3>\n<p>La faneuse \u00e0 doigts 9FZ-2.0 est con\u00e7ue pour un fonctionnement \u00e0 haut rendement. Sa conception avanc\u00e9e \u00e0 doigts permet un fanage rapide et uniforme du foin, r\u00e9duisant consid\u00e9rablement le temps de s\u00e9chage et am\u00e9liorant la productivit\u00e9 globale de l'exploitation.<\/p>\n<h3>2. Facile \u00e0 utiliser<\/h3>\n<p>Dot\u00e9e d'une interface intuitive, cette machine est facile \u00e0 utiliser, m\u00eame pour les personnes peu exp\u00e9riment\u00e9es. Ses commandes simples et sa conception \u00e9pur\u00e9e en font un choix id\u00e9al pour les agriculteurs \u00e0 la recherche d'un mat\u00e9riel de fanage efficace et facile \u00e0 utiliser.<\/p>\n<h3>3. Faible entretien<\/h3>\n<p>La faneuse 9FZ-2.0 n\u00e9cessite un entretien minimal, ce qui r\u00e9duit les co\u00fbts et les d\u00e9lais de maintenance. Sa construction robuste garantit une fiabilit\u00e9 \u00e0 long terme, m\u00eame dans des conditions agricoles difficiles.<\/p>\n<h3>4. Rentable<\/h3>\n<p>En augmentant la vitesse de s\u00e9chage du foin et en am\u00e9liorant sa r\u00e9partition, cette machine aide les agriculteurs \u00e0 r\u00e9duire leurs co\u00fbts \u00e9nerg\u00e9tiques et leurs d\u00e9penses de main-d'\u0153uvre, am\u00e9liorant ainsi la rentabilit\u00e9 de leurs exploitations de foin.<\/p>\n<h3>5. Polyvalence<\/h3>\n<p>Cette faneuse est polyvalente et peut \u00eatre utilis\u00e9e sur diff\u00e9rents types de foin, notamment la luzerne, les gramin\u00e9es et le tr\u00e8fle. Son adaptabilit\u00e9 en fait un excellent choix pour diverses applications agricoles.<\/p>\n<h2>Fonctionnement de la machine \u00e0 faner \u00e0 roue \u00e0 doigts 9FZ-2.0<\/h2>\n<p>Le 9FZ-2.0 fonctionne gr\u00e2ce \u00e0 des roues \u00e0 doigts rotatives qui r\u00e9partissent le foin de mani\u00e8re uniforme. En tournant, les roues soul\u00e8vent et r\u00e9partissent le foin sur le champ, permettant ainsi un s\u00e9chage homog\u00e8ne. Ce proc\u00e9d\u00e9 garantit une r\u00e9partition fine et r\u00e9guli\u00e8re du foin, \u00e9vitant la formation de grumeaux et acc\u00e9l\u00e9rant le s\u00e9chage.<\/p>\n<h2>Applications cl\u00e9s<\/h2>\n<h3>1. S\u00e9chage du foin<\/h3>\n<p>L'application principale du 9FZ-2.0 est le s\u00e9chage du foin. Il r\u00e9partit le foin uniform\u00e9ment, assurant un s\u00e9chage plus rapide et plus homog\u00e8ne, ce qui permet d'obtenir un fourrage de meilleure qualit\u00e9.<\/p>\n<h3>2. R\u00e9colte des cultures<\/h3>\n<p>Les agriculteurs peuvent utiliser cette machine lors de la r\u00e9colte pour s'assurer que le foin est correctement conditionn\u00e9 pour le stockage ou l'alimentation animale. Son utilisation r\u00e9duit les pertes de r\u00e9colte dues \u00e0 un s\u00e9chage irr\u00e9gulier.<\/p>\n<h3>3. R\u00e9duire les co\u00fbts de main-d'\u0153uvre<\/h3>\n<p>Cette machine automatise le fanage, r\u00e9duisant consid\u00e9rablement la main-d'\u0153uvre n\u00e9cessaire \u00e0 l'\u00e9pandage du foin. Elle constitue ainsi un excellent choix pour les exploitations agricoles souhaitant r\u00e9duire leurs co\u00fbts d'exploitation.<\/p>\n<h3>4. Am\u00e9lioration de la qualit\u00e9 du fourrage<\/h3>\n<p>La r\u00e9partition homog\u00e8ne du foin contribue \u00e0 pr\u00e9server sa valeur nutritive. En \u00e9vitant la formation de paquets et en assurant un s\u00e9chage rapide, cette machine participe \u00e0 la production d'un fourrage de haute qualit\u00e9 destin\u00e9 \u00e0 l'alimentation du b\u00e9tail.<\/p>\n<h3>5. Am\u00e9liorer l'efficacit\u00e9 sur le terrain<\/h3>\n<p>La 9FZ-2.0 assure une utilisation efficace des champs en traitant rapidement de grandes surfaces de terres, permettant aux agriculteurs de maximiser leur productivit\u00e9 sans sacrifier la qualit\u00e9.<\/p>\n<h3>6. Polyvalence pour les exploitations de diff\u00e9rentes tailles<\/h3>\n<p>Qu\u2019elle soit utilis\u00e9e dans une petite exploitation ou une grande entreprise, cette machine peut s\u2019adapter \u00e0 des parcelles de diff\u00e9rentes tailles, ce qui en fait un outil polyvalent r\u00e9pondant \u00e0 divers besoins agricoles.<\/p>\n<h2>Comment choisir la bonne faneuse \u00e0 doigts 9FZ-2.0<\/h2>\n<h3>1. Tenez compte de la taille de votre exploitation.<\/h3>\n<p>Choisissez le mod\u00e8le 9FZ-2.0 en fonction de la taille de votre exploitation et du volume de foin produit. Les petites exploitations privil\u00e9gieront un mod\u00e8le plus compact, tandis que les grandes exploitations tireront profit d'une machine plus grande et plus robuste.<\/p>\n<h3>2. \u00c9valuer le type de foin<\/h3>\n<p>Le type de foin r\u00e9colt\u00e9 influencera le choix de la faneuse. Assurez-vous que la machine choisie soit adapt\u00e9e aux cultures concern\u00e9es, comme la luzerne, les gramin\u00e9es ou le tr\u00e8fle.<\/p>\n<h3>3. \u00c9valuation du terrain<\/h3>\n<p>Si vos champs pr\u00e9sentent un terrain accident\u00e9, assurez-vous que l'andaineur soit suffisamment robuste pour r\u00e9sister \u00e0 ces conditions. Le mod\u00e8le 9FZ-2.0 est con\u00e7u pour fonctionner sans probl\u00e8me sur diff\u00e9rents types de terrains.<\/p>\n<h3>4. Recherchez les fonctionnalit\u00e9s d'efficacit\u00e9.<\/h3>\n<p>Choisissez une machine qui optimise l'efficacit\u00e9. Des fonctionnalit\u00e9s comme la largeur de travail r\u00e9glable et la commande de vitesse par molette peuvent am\u00e9liorer les performances et rendre le fanage plus rapide et plus efficace.<\/p>\n<h3>5. Tenir compte des exigences de maintenance<\/h3>\n<p>Choisissez une machine n\u00e9cessitant peu d'entretien et facile \u00e0 r\u00e9parer, garantissant une fiabilit\u00e9 \u00e0 long terme avec un temps d'arr\u00eat minimal.<\/p>\n<h3>6. \u00c9valuer le prix et la garantie<\/h3>\n<p>Comparez le prix de la machine \u00e0 ses caract\u00e9ristiques et tenez compte de sa garantie pour plus de tranquillit\u00e9 d'esprit. Une garantie solide peut prot\u00e9ger votre investissement sur le long terme.<\/p>\n<h2>Conseils d'entretien pour la faneuse \u00e0 doigts 9FZ-2.0<\/h2>\n<p>Un entretien r\u00e9gulier de la faneuse 9FZ-2.0 garantit sa long\u00e9vit\u00e9 et ses performances optimales. Nettoyez la machine apr\u00e8s chaque utilisation, lubrifiez les pi\u00e8ces mobiles et v\u00e9rifiez l'usure des galets de battage. Il est essentiel de remplacer imm\u00e9diatement les pi\u00e8ces us\u00e9es afin d'\u00e9viter tout dommage suppl\u00e9mentaire. De plus, contr\u00f4lez les pneus et le syst\u00e8me hydraulique de la machine pour vous assurer de leur bon fonctionnement.<\/p>\n<h2>Avis clients<\/h2>\n<p>\u00ab La faneuse 9FZ-2.0 a transform\u00e9 notre processus de production de foin. Nous pouvons d\u00e9sormais \u00e9pandre le foin beaucoup plus rapidement, et il s\u00e8che uniform\u00e9ment, ce qui donne un fourrage de meilleure qualit\u00e9 pour notre b\u00e9tail. \u00bb<br \/>\n\u2014 John Smith, \u00c9tats-Unis<\/p>\n<p>\u00ab En tant que petit exploitant agricole, j'avais besoin d'un appareil efficace mais pas trop encombrant. Le 9FZ-2.0 r\u00e9pond parfaitement \u00e0 mes besoins. Il \u00e9pand le foin rapidement et est facile \u00e0 utiliser. Excellent rapport qualit\u00e9-prix. \u00bb<br \/>\n\u2014 Sarah Johnson, Royaume-Uni<\/p>\n<p>\u00ab J'utilise la faneuse 9FZ-2.0 depuis quelques mois et elle a consid\u00e9rablement r\u00e9duit nos co\u00fbts de main-d'\u0153uvre. Elle est robuste et performante dans diverses conditions. Je la recommande vivement ! \u00bb<br \/>\n\u2014 Michael Brown, Canada<\/p>\n<p>\u00ab Cette machine a \u00e9t\u00e9 un excellent ajout \u00e0 notre exploitation de production de foin. Elle nous aide \u00e0 s\u00e9cher le foin plus rapidement et de fa\u00e7on plus uniforme. Un investissement qui en vaut vraiment la peine. \u00bb<br \/>\n\u2014 Luis Garcia, Espagne<\/p>\n<p>\u00ab J'ai achet\u00e9 le 9FZ-2.0 pour une grande exploitation agricole, et il a consid\u00e9rablement am\u00e9lior\u00e9 notre efficacit\u00e9. La qualit\u00e9 de notre foin n'a jamais \u00e9t\u00e9 aussi bonne, et nous sommes capables de g\u00e9rer de vastes champs avec facilit\u00e9. \u00bb<br \/>\n\u2014 Anna Verdi, Italie<\/p>\n<h2>Pourquoi choisir nos produits ?<\/h2>\n<p>Notre 9FZ-2.0 est con\u00e7ue pour une efficacit\u00e9 et une durabilit\u00e9 maximales. Nous proposons des services de personnalisation rapides pour r\u00e9pondre \u00e0 vos besoins sp\u00e9cifiques, avec un excellent service client. Nos machines sont garanties 3 ans, vous assurant tranquillit\u00e9 d'esprit et fiabilit\u00e9. De plus, nous assurons la livraison internationale et un service apr\u00e8s-vente de qualit\u00e9 pour accompagner votre entreprise \u00e0 chaque \u00e9tape. Faites-nous confiance pour la qualit\u00e9, la performance et la valeur ajout\u00e9e.<\/p>\n<h2>D\u00e9couvrez plus de produits<\/h2>\n<p>En plus du 9FZ-2.0, nous proposons une gamme d'\u00e9quipements et d'accessoires agricoles de haute qualit\u00e9. Notre engagement \u00e0 fournir des produits haut de gamme \u00e0 des prix comp\u00e9titifs est sans \u00e9gal. D\u00e9couvrez d\u00e8s aujourd'hui notre gamme compl\u00e8te et voyez comment nous pouvons contribuer \u00e0 l'am\u00e9lioration de votre exploitation.<\/p>\n<h2>Foire aux questions<\/h2>\n<h3>1. Quelle est la diff\u00e9rence entre les machines \u00e0 faner manuelles et automatiques ?<\/h3>\n<p>Les faneuses manuelles n\u00e9cessitent une intervention manuelle pour \u00e9pandre le foin, tandis que les machines automatiques comme la 9FZ-2.0 automatisent le processus, am\u00e9liorant ainsi l'efficacit\u00e9 et r\u00e9duisant les co\u00fbts de main-d'\u0153uvre.<\/p>\n<h3>2. Quelle quantit\u00e9 de foin la machine \u00e0 faner 9FZ-2.0 peut-elle traiter en une seule fois ?<\/h3>\n<p>La machine \u00e0 faner 9FZ-2.0 peut traiter jusqu'\u00e0 2,0 hectares de foin par heure, en fonction des conditions du terrain et du type de foin trait\u00e9.<\/p>\n<h3>3. La machine \u00e0 faner 9FZ-2.0 peut-elle \u00eatre utilis\u00e9e sur les petites exploitations agricoles ?<\/h3>\n<p>Oui, la 9FZ-2.0 est un choix id\u00e9al pour les petites exploitations agricoles gr\u00e2ce \u00e0 sa taille compacte et son fonctionnement efficace, ce qui la rend adapt\u00e9e \u00e0 une grande vari\u00e9t\u00e9 de types de foin.<\/p>\n<h3>4. Quel entretien est requis pour la machine \u00e0 faner 9FZ-2.0 ?<\/h3>\n<p>L'entretien courant comprend le nettoyage de la machine, la lubrification des pi\u00e8ces mobiles et l'inspection des galets et du syst\u00e8me hydraulique. Il est \u00e9galement essentiel de remplacer les pi\u00e8ces us\u00e9es pour garantir son bon fonctionnement.<\/p>\n<h3>5. La machine \u00e0 faner 9FZ-2.0 est-elle durable ?<\/h3>\n<p>Oui, le 9FZ-2.0 est con\u00e7u pour r\u00e9sister aux conditions agricoles difficiles, offrant aux agriculteurs une durabilit\u00e9 et une fiabilit\u00e9 \u00e0 long terme.<\/p>\n<h3>6. Quel est le prix de la machine \u00e0 faner 9FZ-2.0 ?<\/h3>\n<p>Le prix varie en fonction des options de personnalisation, mais il est comp\u00e9titif compte tenu de la valeur qu'il offre en termes d'efficacit\u00e9 et de durabilit\u00e9.<\/p>\n<h3>7. Dans quel d\u00e9lai puis-je recevoir la machine \u00e0 faner 9FZ-2.0 apr\u00e8s avoir pass\u00e9 commande\u00a0?<\/h3>\n<p>Nous proposons une livraison rapide dans le monde entier\u00a0; les d\u00e9lais de livraison d\u00e9pendent de votre adresse. Vous pouvez nous contacter pour obtenir une estimation du d\u00e9lai de livraison en fonction de votre commande.<\/p>\n<h3>8. La machine \u00e0 faner 9FZ-2.0 est-elle garantie ?<\/h3>\n<p>Oui, nos machines sont garanties 3 ans, vous assurant une couverture en cas de d\u00e9fauts de fabrication ou de probl\u00e8mes de performance.<\/p>\n<h3>9. Le 9FZ-2.0 peut-il <a href=\"https:\/\/silage-balers.com\/fr\/produit\/machine-a-deraciner-les-haricots-rouges-4-cretes\/\">machine \u00e0 faner<\/a> g\u00e9rer diff\u00e9rents types de foin ?<\/h3>\n<p>Oui, il est con\u00e7u pour traiter diff\u00e9rents types de foin, notamment la luzerne, le tr\u00e8fle et l'herbe, ce qui le rend polyvalent pour r\u00e9pondre \u00e0 diff\u00e9rents besoins agricoles.<\/p>\n<h3>10. Comment savoir si la machine \u00e0 faner 9FZ-2.0 convient \u00e0 mon exploitation ?<\/h3>\n<p>Nous vous recommandons de tenir compte de la superficie de votre exploitation, du terrain et du type de foin que vous cultivez. Notre \u00e9quipe peut vous aider \u00e0 choisir le mod\u00e8le le mieux adapt\u00e9 \u00e0 vos besoins sp\u00e9cifiques.<\/p>\n<h3>11. La machine \u00e0 faner 9FZ-2.0 est-elle facile \u00e0 utiliser ?<\/h3>\n<p>Oui, le 9FZ-2.0 est con\u00e7u pour une utilisation facile gr\u00e2ce \u00e0 une interface conviviale et des commandes simples, ce qui le rend adapt\u00e9 aussi bien aux op\u00e9rateurs exp\u00e9riment\u00e9s qu'aux novices.<\/p>\n<h3>12. La machine \u00e0 faner 9FZ-2.0 peut-elle \u00eatre utilis\u00e9e sur un terrain accident\u00e9 ?<\/h3>\n<p>Oui, cette machine est con\u00e7ue pour fonctionner efficacement m\u00eame sur des terrains accident\u00e9s ou difficiles, garantissant des performances fiables dans diverses conditions sur le terrain.<\/p>\n<h3>13. Quelle est la largeur de travail maximale de la machine \u00e0 faner 9FZ-2.0 ?<\/h3>\n<p>La largeur de travail du 9FZ-2.0 est r\u00e9glable pour couvrir efficacement une large zone, g\u00e9n\u00e9ralement jusqu'\u00e0 3,0 m\u00e8tres, en fonction des conditions et des besoins du terrain.<\/p>\n<h3>14. Puis-je acheter la machine \u00e0 faner 9FZ-2.0 directement sur votre site web ?<\/h3>\n<p>Oui, vous pouvez facilement acheter le 9FZ-2.0 directement sur notre site web. Notre service client r\u00e9pondra \u00e0 toutes vos questions et vous accompagnera tout au long du processus d'achat.<\/p>\n<h3>15. Le 9FZ-2.0 <a href=\"http:\/\/square-balers.com\" target=\"_blank\" rel=\"noopener\">machine \u00e0 faner<\/a> Disposent-ils d'une fonction de vitesse r\u00e9glable\u00a0?<\/h3>\n<p>Oui, le 9FZ-2.0 est \u00e9quip\u00e9 d'un r\u00e9gulateur de vitesse ajustable, vous permettant d'adapter ses performances aux diff\u00e9rentes conditions de terrain et aux types de foin.<\/p>\n<p>&nbsp;<\/p>","protected":false},"excerpt":{"rendered":"<p>D\u00e9couvrez la faneuse \u00e0 doigts 9FZ-2.0\u00a0: efficace, robuste et con\u00e7ue pour un traitement optimal du foin. Optimisez votre productivit\u00e9 gr\u00e2ce \u00e0 une technologie de pointe. Commandez la v\u00f4tre d\u00e8s maintenant\u00a0!<\/p>","protected":false},"featured_media":448,"template":"","meta":{"_et_pb_use_builder":"","_et_pb_old_content":"","_et_gb_content_width":""},"product_brand":[],"product_cat":[21],"product_tag":[],"class_list":{"0":"post-446","1":"product","2":"type-product","3":"status-publish","4":"has-post-thumbnail","6":"product_cat-other-series-products","8":"first","9":"instock","10":"shipping-taxable","11":"product-type-simple"},"_links":{"self":[{"href":"https:\/\/silage-balers.com\/fr\/wp-json\/wp\/v2\/product\/446","targetHints":{"allow":["GET"]}}],"collection":[{"href":"https:\/\/silage-balers.com\/fr\/wp-json\/wp\/v2\/product"}],"about":[{"href":"https:\/\/silage-balers.com\/fr\/wp-json\/wp\/v2\/types\/product"}],"wp:featuredmedia":[{"embeddable":true,"href":"https:\/\/silage-balers.com\/fr\/wp-json\/wp\/v2\/media\/448"}],"wp:attachment":[{"href":"https:\/\/silage-balers.com\/fr\/wp-json\/wp\/v2\/media?parent=446"}],"wp:term":[{"taxonomy":"product_brand","embeddable":true,"href":"https:\/\/silage-balers.com\/fr\/wp-json\/wp\/v2\/product_brand?post=446"},{"taxonomy":"product_cat","embeddable":true,"href":"https:\/\/silage-balers.com\/fr\/wp-json\/wp\/v2\/product_cat?post=446"},{"taxonomy":"product_tag","embeddable":true,"href":"https:\/\/silage-balers.com\/fr\/wp-json\/wp\/v2\/product_tag?post=446"}],"curies":[{"name":"wp","href":"https:\/\/api.w.org\/{rel}","templated":true}]}}