{"id":458,"date":"2025-12-26T05:10:50","date_gmt":"2025-12-26T05:10:50","guid":{"rendered":"https:\/\/silage-balers.com\/?post_type=product&#038;p=458"},"modified":"2025-12-29T05:42:29","modified_gmt":"2025-12-29T05:42:29","slug":"machine-integree-9ycm-850","status":"publish","type":"product","link":"https:\/\/silage-balers.com\/fr\/produit\/machine-integree-9ycm-850\/","title":{"rendered":"Machine int\u00e9gr\u00e9e de mise en balles et d'enrubannage 9YCM-850"},"content":{"rendered":"<p>La presse \u00e0 balles et enrubanneuse int\u00e9gr\u00e9e 9YCM-850 est un \u00e9quipement agricole polyvalent et performant, con\u00e7u pour simplifier le processus de mise en balles et d'enrubannage des produits agricoles tels que le foin, la paille et l'ensilage. Cette machine int\u00e8gre deux fonctions cl\u00e9s \u2013 le conditionnement et l'enrubannage \u2013 en une seule unit\u00e9, am\u00e9liorant ainsi la productivit\u00e9 tout en r\u00e9duisant les co\u00fbts de main-d'\u0153uvre. Elle est sp\u00e9cialement con\u00e7ue pour une utilisation optimale en milieu agricole.<\/p>\n<h2>Sp\u00e9cifications techniques<\/h2>\n<table style=\"border-color: #000000; width: 530px;\">\n<thead>\n<tr>\n<th style=\"width: 52.9766px;\">Num\u00e9ro de s\u00e9rie<\/th>\n<th style=\"width: 151.609px;\">Article<\/th>\n<th style=\"width: 65.3828px; text-align: center;\">Unit\u00e9<\/th>\n<th style=\"width: 232.031px;\">Sp\u00e9cification<\/th>\n<\/tr>\n<\/thead>\n<tbody>\n<tr>\n<td style=\"text-align: center; width: 52.9766px;\">1<\/td>\n<td style=\"width: 151.609px;\">Nom du produit<\/td>\n<td style=\"width: 65.3828px; text-align: center;\">\/<\/td>\n<td style=\"width: 232.031px;\">Machine int\u00e9gr\u00e9e de mise en balles et d'emballage 9YCM-850<\/td>\n<\/tr>\n<tr>\n<td style=\"text-align: center; width: 52.9766px;\">2<\/td>\n<td style=\"width: 151.609px;\">Dimensions de la balle (Diam\u00e8tre\u00d7Longueur)<\/td>\n<td style=\"width: 65.3828px; text-align: center;\">cm<\/td>\n<td style=\"width: 232.031px;\">\u03c685-90\u00d785<\/td>\n<\/tr>\n<tr>\n<td style=\"text-align: center; width: 52.9766px;\">3<\/td>\n<td style=\"width: 151.609px;\">Volume de la balle<\/td>\n<td style=\"width: 65.3828px; text-align: center;\">M\u00b3<\/td>\n<td style=\"width: 232.031px;\">0.48-0.54<\/td>\n<\/tr>\n<tr>\n<td style=\"text-align: center; width: 52.9766px;\">4<\/td>\n<td style=\"width: 151.609px;\">Volume de la tr\u00e9mie<\/td>\n<td style=\"width: 65.3828px; text-align: center;\">M\u00b3<\/td>\n<td style=\"width: 232.031px;\">2.5<\/td>\n<\/tr>\n<tr>\n<td style=\"text-align: center; width: 52.9766px;\">5<\/td>\n<td style=\"width: 151.609px;\">Puissance d'adaptation<\/td>\n<td style=\"width: 65.3828px; text-align: center;\">\/<\/td>\n<td style=\"width: 232.031px;\">\u2265120 CV<\/td>\n<\/tr>\n<tr>\n<td style=\"text-align: center; width: 52.9766px;\">6<\/td>\n<td style=\"width: 151.609px;\">Dimensions hors tout (Longueur\u00d7Largeur\u00d7Hauteur)<\/td>\n<td style=\"width: 65.3828px; text-align: center;\">m<\/td>\n<td style=\"width: 232.031px;\">7,00\u00d72,19\u00d73,03<\/td>\n<\/tr>\n<tr>\n<td style=\"text-align: center; width: 52.9766px;\">7<\/td>\n<td style=\"width: 151.609px;\">Sp\u00e9cifications des pneus<\/td>\n<td style=\"width: 65.3828px; text-align: center;\">\/<\/td>\n<td style=\"width: 232.031px;\">295\/60-15<\/td>\n<\/tr>\n<tr>\n<td style=\"text-align: center; width: 52.9766px;\">8<\/td>\n<td style=\"width: 151.609px;\">Sortie de prise de force<\/td>\n<td style=\"width: 65.3828px; text-align: center;\">tr\/min<\/td>\n<td style=\"width: 232.031px;\">540<\/td>\n<\/tr>\n<tr>\n<td style=\"text-align: center; width: 52.9766px;\">9<\/td>\n<td style=\"width: 151.609px;\">Exigences hydrauliques<\/td>\n<td style=\"width: 65.3828px; text-align: center;\">\/<\/td>\n<td style=\"width: 232.031px;\">1\u00d71\/2 po 1\u00d73\/4 po<\/td>\n<\/tr>\n<tr>\n<td style=\"text-align: center; width: 52.9766px;\">10<\/td>\n<td style=\"width: 151.609px;\">Exigences \u00e9lectriques<\/td>\n<td style=\"width: 65.3828px; text-align: center;\">\/<\/td>\n<td style=\"width: 232.031px;\">12 V CC<\/td>\n<\/tr>\n<tr>\n<td style=\"text-align: center; width: 52.9766px;\">11<\/td>\n<td style=\"width: 151.609px;\">Syst\u00e8me de contr\u00f4le<\/td>\n<td style=\"width: 65.3828px; text-align: center;\">\/<\/td>\n<td style=\"width: 232.031px;\">Syst\u00e8me de contr\u00f4le \u00e9lectronique<\/td>\n<\/tr>\n<tr>\n<td style=\"text-align: center; width: 52.9766px;\">12<\/td>\n<td style=\"width: 151.609px;\">Productivit\u00e9<\/td>\n<td style=\"width: 65.3828px; text-align: center;\">balles\/heure<\/td>\n<td style=\"width: 232.031px;\">30-40<\/td>\n<\/tr>\n<\/tbody>\n<\/table>\n<h2>D\u00e9finition du produit<\/h2>\n<p>La machine int\u00e9gr\u00e9e de pressage et d'enrubannage 9YCM-850 est un \u00e9quipement agricole de pointe qui combine les op\u00e9rations de pressage et d'enrubannage en une seule op\u00e9ration. Elle est principalement utilis\u00e9e pour le conditionnement du foin, de la paille et d'autres produits agricoles, garantissant une conservation optimale et un transport ais\u00e9.<\/p>\n<h2>D\u00e9fis r\u00e9solus par la machine int\u00e9gr\u00e9e de mise en balles et d'enrubannage 9YCM-850<\/h2>\n<p>La machine int\u00e9gr\u00e9e de pressage et d'enrubannage 9YCM-850 r\u00e9pond \u00e0 plusieurs d\u00e9fis courants rencontr\u00e9s par les agriculteurs du secteur agricole. Parmi ceux-ci\u00a0:<\/p>\n<ul>\n<li>L'emballage manuel des balles, une op\u00e9ration longue et laborieuse.<\/li>\n<li>Emballage incoh\u00e9rent, entra\u00eenant la d\u00e9t\u00e9rioration des produits stock\u00e9s.<\/li>\n<li>Manque d'efficacit\u00e9 dans la manutention de grands volumes de foin ou de paille.<\/li>\n<li>Difficult\u00e9s rencontr\u00e9es pour garantir un emballage de produit uniforme et fiable en vue de sa conservation.<\/li>\n<li>Le besoin de machines \u00e0 grande capacit\u00e9 capables de g\u00e9rer des exploitations agricoles \u00e0 plus grande \u00e9chelle.<\/li>\n<\/ul>\n<h2>Utilisations de la machine int\u00e9gr\u00e9e de mise en balles et d'enrubannage 9YCM-850<\/h2>\n<p>Cette machine est indispensable dans divers processus agricoles, offrant des solutions robustes pour\u00a0:<\/p>\n<ul>\n<li>Mise en balles et enrubannage efficaces du foin et de la paille pour l'alimentation animale.<\/li>\n<li>Conditionnement de l'ensilage pour l'alimentation hivernale ou le stockage \u00e0 long terme.<\/li>\n<li>Pr\u00e9server la qualit\u00e9 et la valeur nutritionnelle des produits agricoles gr\u00e2ce \u00e0 un emballage herm\u00e9tique.<\/li>\n<li>Augmenter la dur\u00e9e de conservation des balles et minimiser les pertes pendant le transport et le stockage.<\/li>\n<li>Rationalisation des op\u00e9rations pour les exploitations agricoles de grande taille en r\u00e9duisant la main-d'\u0153uvre et en augmentant le d\u00e9bit.<\/li>\n<\/ul>\n<p style=\"text-align: center;\"><img loading=\"lazy\" decoding=\"async\" class=\"alignnone wp-image-460\" src=\"https:\/\/silage-balers.com\/wp-content\/uploads\/2025\/12\/1-1-1-2-300x300.webp\" alt=\"Machine int\u00e9gr\u00e9e\" width=\"365\" height=\"365\" \/><\/p>\n<h2>Avantages du produit<\/h2>\n<p>La machine int\u00e9gr\u00e9e de pressage et d'enrubannage 9YCM-850 offre plusieurs avantages distincts qui la diff\u00e9rencient des \u00e9quipements agricoles conventionnels\u00a0:<\/p>\n<ul>\n<li><strong>Haute efficacit\u00e9 :<\/strong> La conception int\u00e9gr\u00e9e permet la mise en balles et l'enrubannage simultan\u00e9s, ce qui am\u00e9liore consid\u00e9rablement l'efficacit\u00e9 op\u00e9rationnelle et r\u00e9duit le temps consacr\u00e9 \u00e0 chaque t\u00e2che.<\/li>\n<li><strong>R\u00e9duction des co\u00fbts :<\/strong> En combinant deux fonctions dans une seule machine, les agriculteurs peuvent r\u00e9duire leurs co\u00fbts de main-d'\u0153uvre et am\u00e9liorer leur rentabilit\u00e9 globale.<\/li>\n<li><strong>Emballage de qualit\u00e9 sup\u00e9rieure\u00a0:<\/strong> La machine garantit que chaque balle est emball\u00e9e herm\u00e9tiquement, pr\u00e9servant ainsi la qualit\u00e9 de son contenu pendant plus longtemps.<\/li>\n<li><strong>Durabilit\u00e9:<\/strong> Fabriqu\u00e9 avec des mat\u00e9riaux de haute qualit\u00e9, le 9YCM-850 est con\u00e7u pour r\u00e9sister aux conditions difficiles des environnements agricoles, garantissant ainsi des performances durables.<\/li>\n<li><strong>Versatilit\u00e9:<\/strong> Cette machine est adapt\u00e9e \u00e0 une utilisation avec une vari\u00e9t\u00e9 de produits agricoles, notamment le foin, la paille, l'ensilage et autres mati\u00e8res premi\u00e8res pour l'alimentation animale, ce qui en fait un outil polyvalent pour les exploitations agricoles modernes.<\/li>\n<\/ul>\n<h2>Fonctionnement de la machine int\u00e9gr\u00e9e de mise en balles et d'enrubannage 9YCM-850<\/h2>\n<p>La 9YCM-850 utilise un syst\u00e8me m\u00e9canique pour compresser et enrober simultan\u00e9ment les produits agricoles. Le processus d\u00e9bute par la mise en balles des mati\u00e8res r\u00e9colt\u00e9es (foin, paille, etc.). Une fois les balles form\u00e9es, l'unit\u00e9 d'emballage les enveloppe imm\u00e9diatement de plastique ou d'autres mat\u00e9riaux adapt\u00e9s afin de les prot\u00e9ger des agressions ext\u00e9rieures telles que l'humidit\u00e9, la poussi\u00e8re et l'air. Cette double action garantit la bonne conservation des balles pendant le stockage et le transport.<\/p>\n<h2>Principales applications de la machine int\u00e9gr\u00e9e de mise en balles et d'enrubannage 9YCM-850<\/h2>\n<p>Le 9YCM-850 est id\u00e9al pour une utilisation dans divers contextes agricoles. Voici quelques-unes de ses principales applications\u00a0:<\/p>\n<ul>\n<li><strong>Production de foin :<\/strong> Cette machine est largement utilis\u00e9e pour le pressage et l'emballage du foin destin\u00e9 \u00e0 l'alimentation animale, garantissant une conservation et une qualit\u00e9 optimales.<\/li>\n<li><strong>Emballage de paille :<\/strong> La paille, souvent utilis\u00e9e comme liti\u00e8re dans les \u00e9levages, peut \u00eatre mise en balles et emball\u00e9e pour faciliter son stockage et son transport.<\/li>\n<li><strong>Conditionnement de l'ensilage :<\/strong> La machine ensile efficacement l'ensilage afin de pr\u00e9server sa valeur nutritive pour l'alimentation du b\u00e9tail pendant la saison morte.<\/li>\n<li><strong>Agriculture \u00e0 grande \u00e9chelle\u00a0:<\/strong> Id\u00e9al pour les grandes exploitations agricoles ou les entreprises qui doivent traiter rapidement d'importantes quantit\u00e9s de mati\u00e8res premi\u00e8res.<\/li>\n<li><strong>Stockage des aliments pour animaux\u00a0:<\/strong> Pour les exploitations agricoles qui cherchent \u00e0 stocker des aliments pour animaux pendant de longues p\u00e9riodes, le 9YCM-850 offre un emballage herm\u00e9tique pour prot\u00e9ger l'int\u00e9grit\u00e9 nutritionnelle du produit.<\/li>\n<li><strong>Transport:<\/strong> Les produits mis en balles et emball\u00e9s sont plus faciles \u00e0 manipuler et plus durables, ce qui facilite leur transport vers diff\u00e9rents endroits.<\/li>\n<\/ul>\n<h2>Choisir la machine int\u00e9gr\u00e9e de mise en balles et d'enrubannage 9YCM-850 adapt\u00e9e \u00e0 vos besoins<\/h2>\n<p>Lors du choix de la machine int\u00e9gr\u00e9e de mise en balles et d'enrubannage 9YCM-850 id\u00e9ale, tenez compte des facteurs suivants pour vous assurer qu'elle r\u00e9pond \u00e0 vos besoins sp\u00e9cifiques\u00a0:<\/p>\n<ul>\n<li><strong>Capacit\u00e9 de production :<\/strong> Choisissez une machine capable de traiter le volume de produits que vous pr\u00e9voyez de fabriquer, afin de garantir l'efficacit\u00e9 et de minimiser les temps d'arr\u00eat.<\/li>\n<li><strong>Compatibilit\u00e9 des mat\u00e9riaux\u00a0:<\/strong> Assurez-vous que la machine est compatible avec le type de produits agricoles que vous utilisez, tels que le foin, la paille ou l'ensilage.<\/li>\n<li><strong>Durabilit\u00e9:<\/strong> Recherchez des machines fabriqu\u00e9es avec des mat\u00e9riaux de haute qualit\u00e9, capables de r\u00e9sister \u00e0 une utilisation continue dans des conditions agricoles difficiles.<\/li>\n<li><strong>Facilit\u00e9 d'entretien :<\/strong> Choisissez une machine dont les composants sont facilement accessibles pour les r\u00e9parations et l'entretien r\u00e9gulier afin d'\u00e9viter des temps d'arr\u00eat co\u00fbteux.<\/li>\n<li><strong>Rapport co\u00fbt-efficacit\u00e9 :<\/strong> Prenez en compte la valeur d'investissement \u00e0 long terme de la machine, notamment les \u00e9conomies de main-d'\u0153uvre potentielles et l'am\u00e9lioration de l'efficacit\u00e9.<\/li>\n<\/ul>\n<h2>Maintenance de la machine int\u00e9gr\u00e9e de mise en balles et d'enrubannage 9YCM-850<\/h2>\n<p>Pour que la machine int\u00e9gr\u00e9e de mise en balles et d'enrubannage 9YCM-850 fonctionne \u00e0 son rendement maximal, un entretien r\u00e9gulier est essentiel. Voici quelques conseils d'entretien\u00a0:<\/p>\n<ul>\n<li><strong>Nettoyage r\u00e9gulier :<\/strong> Nettoyez la machine apr\u00e8s chaque utilisation afin d'\u00e9viter l'accumulation de poussi\u00e8re et de d\u00e9bris qui pourraient affecter ses performances.<\/li>\n<li><strong>Lubrification:<\/strong> Lubrifiez r\u00e9guli\u00e8rement les pi\u00e8ces mobiles pour pr\u00e9venir l'usure.<\/li>\n<li><strong>V\u00e9rifier l'usure :<\/strong> Inspectez les m\u00e9canismes d'emballage et de mise en balles pour d\u00e9tecter tout signe d'usure et remplacez toute pi\u00e8ce pr\u00e9sentant des dommages importants.<\/li>\n<li><strong>Inspections \u00e9lectriques :<\/strong> Assurez-vous que tous les composants \u00e9lectriques fonctionnent correctement et v\u00e9rifiez l'absence de d\u00e9fauts susceptibles de perturber le fonctionnement.<\/li>\n<li><strong>Stockage:<\/strong> Lorsqu'elle n'est pas utilis\u00e9e, rangez la machine dans un endroit sec afin d'\u00e9viter la corrosion et la rouille des pi\u00e8ces m\u00e9talliques.<\/li>\n<\/ul>\n<h2>Avis clients<\/h2>\n<p>\u00ab La 9YCM-850 a r\u00e9volutionn\u00e9 notre fa\u00e7on de g\u00e9rer notre production de foin. Nous avons consid\u00e9rablement r\u00e9duit nos co\u00fbts de main-d'\u0153uvre et augment\u00e9 notre rendement. La qualit\u00e9 de l'enrubannage est fantastique et nos balles de foin sont mieux conserv\u00e9es que jamais. Je la recommande vivement ! \u00bb<\/p>\n<p><strong>John Doe \u2013 \u00c9tats-Unis<\/strong><\/p>\n<p>\u00ab Nous utilisons la 9YCM-850 depuis plus d'un an et c'est un excellent investissement. Elle est facile \u00e0 utiliser, tr\u00e8s efficace et produit des balles enrubann\u00e9es de qualit\u00e9 sup\u00e9rieure. Elle nous a permis d'am\u00e9liorer \u00e0 la fois le stockage et le transport de notre ensilage. \u00bb<\/p>\n<p><strong>Max M\u00fcller \u2013 Allemagne<\/strong><\/p>\n<p>\u00ab Cette machine a transform\u00e9 notre exploitation. L'int\u00e9gration des fonctions de pressage et d'enrubannage nous a permis de gagner un temps pr\u00e9cieux et d'\u00e9conomiser beaucoup d'efforts. Sa qualit\u00e9 de fabrication est irr\u00e9prochable et nous n'avons rencontr\u00e9 aucun probl\u00e8me d'entretien jusqu'\u00e0 pr\u00e9sent. Nous la rach\u00e8terions sans h\u00e9siter ! \u00bb<\/p>\n<p><strong>Emily Johnson \u2013 Australie<\/strong><\/p>\n<p>\u00ab Pour les op\u00e9rations \u00e0 grande \u00e9chelle de notre ferme, la 9YCM-850 est exactement ce qu'il nous fallait. Nous avons pu traiter facilement de grandes quantit\u00e9s de foin, et l'enrubannage garantit la conservation du fourrage pendant l'hiver. Une machine fiable, robuste et performante. \u00bb<\/p>\n<p><strong>Rajesh Kumar \u2013 Inde<\/strong><\/p>\n<p>\u00ab Je suis tr\u00e8s satisfait des performances de cette machine. Elle a r\u00e9duit le temps consacr\u00e9 au traitement du foin et a consid\u00e9rablement augment\u00e9 la productivit\u00e9 de notre exploitation. La qualit\u00e9 de l'enrubannage est excellente et la machine est tr\u00e8s facile \u00e0 entretenir. \u00bb<\/p>\n<p><strong>Lucas Pereira \u2013 Br\u00e9sil<\/strong><\/p>\n<h2>Pourquoi choisir notre produit ?<\/h2>\n<p>Nous proposons des services de personnalisation rapides, garantissant ainsi que le 9YCM-850 <a href=\"http:\/\/square-balers.com\" target=\"_blank\" rel=\"noopener\">Machine int\u00e9gr\u00e9e de mise en balles et d'emballage<\/a> Nos produits r\u00e9pondent aux exigences sp\u00e9cifiques de votre exploitation. Ils sont garantis trois ans, vous assurant ainsi tranquillit\u00e9 d'esprit et fiabilit\u00e9 \u00e0 long terme. Gr\u00e2ce \u00e0 une livraison internationale rapide et un excellent service apr\u00e8s-vente, nous nous engageons \u00e0 offrir \u00e0 nos clients la meilleure exp\u00e9rience possible.<\/p>\n<h2>D\u00e9couvrez la machine int\u00e9gr\u00e9e de mise en balles et d'enrubannage 9YCM-850<\/h2>\n<p>Si vous recherchez une solution efficace, fiable et durable pour vos besoins en mati\u00e8re de mise en balles et d'enrubannage, ne cherchez pas plus loin que la machine int\u00e9gr\u00e9e de mise en balles et d'enrubannage 9YCM-850.<\/p>\n<p>Gr\u00e2ce \u00e0 ses performances exceptionnelles, sa facilit\u00e9 d'entretien et ses \u00e9conomies substantielles, la 9YCM-850 est le choix id\u00e9al pour les exploitations agricoles modernes. Outre cette machine, nous proposons \u00e9galement une vaste gamme d'accessoires et de produits agricoles pour r\u00e9pondre \u00e0 tous vos besoins. Contactez-nous d\u00e8s aujourd'hui pour en savoir plus sur nos produits, nos tarifs et comment nous pouvons vous aider \u00e0 optimiser votre exploitation.<\/p>\n<h2>Foire aux questions (FAQ)<\/h2>\n<p><strong>Quelle est la capacit\u00e9 de la presse \u00e0 balles et \u00e0 enrubanner 9YCM-850 ? <a href=\"https:\/\/silage-balers.com\/fr\/produit\/machine-de-ramassage-et-de-transport-de-balles\/\">Machine int\u00e9gr\u00e9e<\/a>?<\/strong><\/p>\n<p>La 9YCM-850 est con\u00e7ue pour traiter efficacement de gros volumes de foin, de paille et d'autres produits agricoles. Elle peut traiter jusqu'\u00e0 850 kg par balle, ce qui la rend id\u00e9ale pour les exploitations agricoles \u00e0 grande \u00e9chelle.<\/p>\n<p><strong>Le mod\u00e8le 9YCM-850 est-il adapt\u00e9 \u00e0 l'ensilage ?<\/strong><\/p>\n<p>Oui, le 9YCM-850 est id\u00e9al pour l'ensilage. L'emballage herm\u00e9tique permet de pr\u00e9server la valeur nutritive de l'ensilage plus longtemps, garantissant ainsi sa fra\u00eecheur pour l'alimentation du b\u00e9tail.<\/p>\n<p><strong>Le mod\u00e8le 9YCM-850 peut-il \u00eatre utilis\u00e9 dans des conditions climatiques difficiles\u00a0?<\/strong><\/p>\n<p>Oui, le 9YCM-850 est con\u00e7u pour r\u00e9sister aux environnements agricoles difficiles, notamment aux temp\u00e9ratures \u00e9lev\u00e9es et \u00e0 l'humidit\u00e9. Il est fabriqu\u00e9 avec des mat\u00e9riaux durables capables de supporter des conditions climatiques extr\u00eames.<\/p>\n<p><strong>Combien de temps le mat\u00e9riau d'emballage reste-t-il en place sur les balles ?<\/strong><\/p>\n<p>Le film d'emballage utilis\u00e9 par la 9YCM-850 est con\u00e7u pour une longue dur\u00e9e de vie, assurant ainsi la protection des balles contre l'humidit\u00e9 et l'air. Sa dur\u00e9e de vie d\u00e9pend principalement des conditions ext\u00e9rieures, mais elle est g\u00e9n\u00e9ralement de plusieurs mois.<\/p>\n<p><strong>Le 9YCM-850 est-il facile \u00e0 entretenir\u00a0?<\/strong><\/p>\n<p>La 9YCM-850 est con\u00e7ue pour un entretien facile. Un nettoyage, une lubrification et une inspection r\u00e9guliers des composants cl\u00e9s garantissent le bon fonctionnement de la machine, minimisant les temps d'arr\u00eat et prolongeant sa dur\u00e9e de vie.<\/p>\n<p>\u00e9dit\u00e9 par gzl<\/p>\n<p>&nbsp;<\/p>","protected":false},"excerpt":{"rendered":"<p>D\u00e9couvrez la machine int\u00e9gr\u00e9e de pressage et d'enrubannage 9YCM-850. Performante, fiable et con\u00e7ue pour une productivit\u00e9 maximale, elle optimisera vos op\u00e9rations d\u00e8s aujourd'hui\u00a0! Commandez la v\u00f4tre sans plus attendre.<\/p>","protected":false},"featured_media":460,"template":"","meta":{"_et_pb_use_builder":"","_et_pb_old_content":"","_et_gb_content_width":""},"product_brand":[],"product_cat":[21],"product_tag":[],"class_list":{"0":"post-458","1":"product","2":"type-product","3":"status-publish","4":"has-post-thumbnail","6":"product_cat-other-series-products","8":"first","9":"instock","10":"shipping-taxable","11":"product-type-simple"},"_links":{"self":[{"href":"https:\/\/silage-balers.com\/fr\/wp-json\/wp\/v2\/product\/458","targetHints":{"allow":["GET"]}}],"collection":[{"href":"https:\/\/silage-balers.com\/fr\/wp-json\/wp\/v2\/product"}],"about":[{"href":"https:\/\/silage-balers.com\/fr\/wp-json\/wp\/v2\/types\/product"}],"wp:featuredmedia":[{"embeddable":true,"href":"https:\/\/silage-balers.com\/fr\/wp-json\/wp\/v2\/media\/460"}],"wp:attachment":[{"href":"https:\/\/silage-balers.com\/fr\/wp-json\/wp\/v2\/media?parent=458"}],"wp:term":[{"taxonomy":"product_brand","embeddable":true,"href":"https:\/\/silage-balers.com\/fr\/wp-json\/wp\/v2\/product_brand?post=458"},{"taxonomy":"product_cat","embeddable":true,"href":"https:\/\/silage-balers.com\/fr\/wp-json\/wp\/v2\/product_cat?post=458"},{"taxonomy":"product_tag","embeddable":true,"href":"https:\/\/silage-balers.com\/fr\/wp-json\/wp\/v2\/product_tag?post=458"}],"curies":[{"name":"wp","href":"https:\/\/api.w.org\/{rel}","templated":true}]}}