{"id":284,"date":"2025-11-26T09:21:14","date_gmt":"2025-11-26T09:21:14","guid":{"rendered":"https:\/\/silage-balers.com\/?post_type=product&#038;p=284"},"modified":"2025-12-29T05:46:38","modified_gmt":"2025-12-29T05:46:38","slug":"pressa-per-balle-rotonde-9yg-1-0c","status":"publish","type":"product","link":"https:\/\/silage-balers.com\/it\/prodotto\/pressa-per-balle-rotonde-9yg-1-0c\/","title":{"rendered":"Pressa per balle rotonde 9YG-1.0C \u2013 Pressa per insilato"},"content":{"rendered":"<p data-start=\"47\" data-end=\"565\">La rotopressa 9YG-1.0C \u00e8 una macchina agricola all'avanguardia e ad alte prestazioni, progettata per la creazione efficiente di balle rotonde di fieno, paglia e insilato. Questa rotopressa per insilato \u00e8 specificamente progettata per soddisfare le esigenze dell'agricoltura moderna, offrendo una soluzione robusta, affidabile e facile da usare per la pressatura di grandi volumi di colture. Che si tratti di creare balle di insilato per lo stoccaggio a lungo termine o di preparare balle rotonde di fieno per un facile trasporto, la 9YG-1.0C \u00e8 lo strumento ideale per il lavoro.<\/p>\n<h2 data-start=\"567\" data-end=\"605\">Cos'\u00e8 la pressa per balle rotonde 9YG-1.0C?<\/h2>\n<p data-start=\"607\" data-end=\"1086\">Una rotopressa \u00e8 una macchina utilizzata in agricoltura per raccogliere, comprimere e legare colture sfuse come fieno, paglia e insilato in forme cilindriche compatte note come balle rotonde. Il modello 9YG-1.0C \u00e8 un tipo di rotopressa per insilato, specificamente progettata per la lavorazione dell'insilato, un prodotto umido e fermentato utilizzato per l'alimentazione del bestiame. La 9YG-1.0C garantisce che l'insilato venga compattato saldamente in balle, riducendo l'esposizione all'aria e preservando l'umidit\u00e0 necessaria per una fermentazione ottimale.<\/p>\n<p data-start=\"1088\" data-end=\"1432\">Questa pressa per insilato \u00e8 dotata di funzionalit\u00e0 avanzate che ne aumentano sia la produttivit\u00e0 che la durata. Funziona efficacemente in una variet\u00e0 di condizioni di campo, dal fieno asciutto alle condizioni pi\u00f9 umide tipiche dell'insilato. Inoltre, la 9YG-1.0C consente di personalizzare le dimensioni delle balle, rendendola adatta a diverse esigenze di stoccaggio e trasporto.<\/p>\n<p style=\"text-align: center;\" data-start=\"1088\" data-end=\"1432\"><img loading=\"lazy\" decoding=\"async\" class=\"alignnone wp-image-297 size-medium\" src=\"https:\/\/silage-balers.com\/wp-content\/uploads\/2025\/11\/ep-9YG-1.0C-Round-Baler-2-1-300x300.webp\" alt=\"Pressa per insilato\" width=\"300\" height=\"300\" \/><\/p>\n<h3>Specifiche tecniche<\/h3>\n<table style=\"border-color: #000000; width: 429px;\" width=\"429\">\n<thead>\n<tr>\n<th>Articolo<\/th>\n<th>Unit\u00e0<\/th>\n<th>Specifica<\/th>\n<\/tr>\n<\/thead>\n<tbody>\n<tr>\n<td>Nome del modello<\/td>\n<td>\u2013<\/td>\n<td>Pressa rotonda 9YG-1.0C<\/td>\n<\/tr>\n<tr>\n<td>Metodo di connessione<\/td>\n<td>\u2013<\/td>\n<td>Tipo di trazione<\/td>\n<\/tr>\n<tr>\n<td>Larghezza di ripresa<\/td>\n<td>mm<\/td>\n<td>2400<\/td>\n<\/tr>\n<tr>\n<td>Meccanismo di prelievo<\/td>\n<td>\u2013<\/td>\n<td>Tipo a catena<\/td>\n<\/tr>\n<tr>\n<td>Meccanismo di alimentazione<\/td>\n<td>\u2013<\/td>\n<td>Rulli idraulici + dentati<\/td>\n<\/tr>\n<tr>\n<td>Larghezza della camera di compressione<\/td>\n<td>mm<\/td>\n<td>1250<\/td>\n<\/tr>\n<tr>\n<td>Lunghezza della camera di compressione<\/td>\n<td>mm<\/td>\n<td>1000<\/td>\n<\/tr>\n<tr>\n<td>Numero di rulli<\/td>\n<td>pezzi<\/td>\n<td>16 (Rulli)<\/td>\n<\/tr>\n<tr>\n<td>Diametro del rullo<\/td>\n<td>mm<\/td>\n<td>\u03c6222<\/td>\n<\/tr>\n<tr>\n<td>Metodo di legatura<\/td>\n<td>\u2013<\/td>\n<td>Legatura automatica della rete<\/td>\n<\/tr>\n<tr>\n<td>Alimentazione elettrica<\/td>\n<td>kW\/CV<\/td>\n<td>\u226569,8 \/ 95<\/td>\n<\/tr>\n<tr>\n<td>Peso<\/td>\n<td>kg<\/td>\n<td>3198<\/td>\n<\/tr>\n<tr>\n<td>Velocit\u00e0 di uscita<\/td>\n<td>giri\/min<\/td>\n<td>540<\/td>\n<\/tr>\n<tr>\n<td>Dimensioni complessive<\/td>\n<td>mm<\/td>\n<td>3800\u00d72850\u00d72200<\/td>\n<\/tr>\n<tr>\n<td>Condizioni di lavoro<\/td>\n<td>\u2013<\/td>\n<td>Controllato da sensore<\/td>\n<\/tr>\n<tr>\n<td>Dimensioni della balla (diametro x lunghezza)<\/td>\n<td>mm<\/td>\n<td>\u03c61000\u00d71250<\/td>\n<\/tr>\n<tr>\n<td>Densit\u00e0 della balla<\/td>\n<td>Kg\/m\u00b3<\/td>\n<td>115-200<\/td>\n<\/tr>\n<tr>\n<td>Capacit\u00e0 produttiva<\/td>\n<td>balle\/h<\/td>\n<td>40-80<\/td>\n<\/tr>\n<tr>\n<td>Distanza della ruota<\/td>\n<td>mm<\/td>\n<td>2100<\/td>\n<\/tr>\n<tr>\n<td>Velocit\u00e0 di lavoro<\/td>\n<td>Km\/h<\/td>\n<td>5-20<\/td>\n<\/tr>\n<tr>\n<td>Velocit\u00e0 operativa<\/td>\n<td>Km\/h<\/td>\n<td>5-20<\/td>\n<\/tr>\n<tr>\n<td>Specifiche delle balle<\/td>\n<td>\u2013<\/td>\n<td>2000\u00d71,25 m\/Balla<\/td>\n<\/tr>\n<tr>\n<td>Numero di denti<\/td>\n<td>\u2013<\/td>\n<td>20<\/td>\n<\/tr>\n<\/tbody>\n<\/table>\n<h3 data-start=\"1434\" data-end=\"1479\">Caratteristiche principali della rotopressa 9YG-1.0C<\/h3>\n<ol>\n<li data-start=\"1484\" data-end=\"1802\">Versatilit\u00e0 per diverse colture: la 9YG-1.0C non si limita solo all'insilato; pu\u00f2 gestire anche balle di fieno rotonde, rendendola un'attrezzatura versatile per gli agricoltori. Che si tratti di imballare colture secche o insilato umido, la 9YG-1.0C si adatta a diverse tipologie di colture, garantendo balle di alta qualit\u00e0 ogni volta.<\/li>\n<li data-start=\"1807\" data-end=\"2121\">Gestione efficiente dell'insilato: in quanto pressa per insilato, la 9YG-1.0C \u00e8 dotata di caratteristiche che facilitano un'efficiente ritenzione dell'umidit\u00e0 nelle balle di insilato. La compressione forte e la legatura rapida delle balle di insilato preservano i nutrienti e il contenuto di umidit\u00e0, garantendo che l'insilato sia pronto per la fermentazione e lo stoccaggio.<\/li>\n<li data-start=\"2126\" data-end=\"2427\">Resistenza e costruzione: progettato per resistere alle sollecitazioni dell'uso quotidiano in ambienti difficili, il 9YG-1.0C \u00e8 costruito con materiali ad alta resistenza e presenta un telaio robusto in grado di sopportare l'usura. La sua solida costruzione garantisce un funzionamento fluido anche in condizioni di campo difficili.<\/li>\n<li data-start=\"2432\" data-end=\"2748\">Dimensioni delle balle regolabili: una delle caratteristiche principali del modello 9YG-1.0C \u00e8 la sua capacit\u00e0 di produrre balle di varie dimensioni. La possibilit\u00e0 di personalizzare le dimensioni delle balle garantisce flessibilit\u00e0 per diverse operazioni agricole, sia che si tratti di stoccare balle di insilato in grandi fosse di insilamento, sia di trasportare balle di fieno rotonde al mercato.<\/li>\n<li data-start=\"2753\" data-end=\"3027\">Funzionamento intuitivo: il modello 9YG-1.0C \u00e8 progettato per essere intuitivo e facile da usare. Grazie a comandi semplici e un'interfaccia intuitiva, anche chi ha poca esperienza pu\u00f2 utilizzare la macchina in modo efficiente, rendendola ideale sia per gli agricoltori principianti che per quelli esperti.<\/li>\n<li data-start=\"3032\" data-end=\"3350\">Soluzione conveniente: quando si valuta l'acquisto di una pressa per insilato, la 9YG-1.0C offre una soluzione estremamente conveniente. Garantisce un eccellente rapporto qualit\u00e0-prezzo, offrendo prestazioni affidabili senza costi eccessivi. Rappresenta un ottimo investimento per gli agricoltori che cercano risparmi e produttivit\u00e0 a lungo termine.<\/li>\n<li data-start=\"3355\" data-end=\"3628\">Sistema di avvolgimento ad alte prestazioni: il modello 9YG-1.0C \u00e8 dotato di un sistema di avvolgimento avanzato, in grado di legare saldamente le balle con rete o spago. Ci\u00f2 garantisce che le balle rimangano intatte durante il trasporto e lo stoccaggio, preservandone la qualit\u00e0 e riducendo al minimo il rischio di deterioramento.<\/li>\n<\/ol>\n<h3 style=\"text-align: center;\" data-start=\"6052\" data-end=\"6093\"><img loading=\"lazy\" decoding=\"async\" class=\"alignnone wp-image-295 size-medium\" src=\"https:\/\/silage-balers.com\/wp-content\/uploads\/2025\/11\/ep-9YG-1.0c-Round-Baler-41-1-300x300.webp\" alt=\"Pressa per insilato\" width=\"300\" height=\"300\" srcset=\"https:\/\/silage-balers.com\/wp-content\/uploads\/2025\/11\/ep-9YG-1.0c-Round-Baler-41-1-300x300.webp 300w, https:\/\/silage-balers.com\/wp-content\/uploads\/2025\/11\/ep-9YG-1.0c-Round-Baler-41-1-150x150.webp 150w, https:\/\/silage-balers.com\/wp-content\/uploads\/2025\/11\/ep-9YG-1.0c-Round-Baler-41-1-12x12.webp 12w, https:\/\/silage-balers.com\/wp-content\/uploads\/2025\/11\/ep-9YG-1.0c-Round-Baler-41-1-100x100.webp 100w, https:\/\/silage-balers.com\/wp-content\/uploads\/2025\/11\/ep-9YG-1.0c-Round-Baler-41-1.webp 364w\" sizes=\"(max-width: 300px) 100vw, 300px\" \/><\/h3>\n<h3 data-start=\"6052\" data-end=\"6093\">Perch\u00e9 scegliere la rotopressa 9YG-1.0C?<\/h3>\n<p data-start=\"6095\" data-end=\"6720\">Per gli agricoltori alla ricerca di una pressa per insilato o di una pressa per balle rotonde di fieno, la 9YG-1.0C rappresenta la combinazione perfetta di affidabilit\u00e0, efficienza e convenienza. La sua robusta struttura, il design intuitivo e la capacit\u00e0 di gestire sia insilato che fieno la rendono indispensabile per qualsiasi azienda agricola. Che si tratti di preparare balle di insilato per lo stoccaggio a lungo termine o balle rotonde di fieno per l'uso immediato, la 9YG-1.0C garantisce che le vostre esigenze di pressatura siano soddisfatte con precisione e facilit\u00e0. Grazie alle sue elevate prestazioni e al prezzo competitivo, rappresenta un ottimo investimento per chiunque operi nel settore agricolo.<\/p>\n<p style=\"text-align: center;\" data-start=\"6095\" data-end=\"6720\"><img loading=\"lazy\" decoding=\"async\" class=\"alignnone wp-image-294 size-medium\" src=\"https:\/\/silage-balers.com\/wp-content\/uploads\/2025\/11\/ep-9YG-1.0c-Round-Baler-31-1-300x300.webp\" alt=\"Pressa per insilato\" width=\"300\" height=\"300\" srcset=\"https:\/\/silage-balers.com\/wp-content\/uploads\/2025\/11\/ep-9YG-1.0c-Round-Baler-31-1-300x300.webp 300w, https:\/\/silage-balers.com\/wp-content\/uploads\/2025\/11\/ep-9YG-1.0c-Round-Baler-31-1-150x150.webp 150w, https:\/\/silage-balers.com\/wp-content\/uploads\/2025\/11\/ep-9YG-1.0c-Round-Baler-31-1-12x12.webp 12w, https:\/\/silage-balers.com\/wp-content\/uploads\/2025\/11\/ep-9YG-1.0c-Round-Baler-31-1-100x100.webp 100w, https:\/\/silage-balers.com\/wp-content\/uploads\/2025\/11\/ep-9YG-1.0c-Round-Baler-31-1.webp 380w\" sizes=\"(max-width: 300px) 100vw, 300px\" \/><\/p>\n<h2 data-start=\"3630\" data-end=\"3639\">Domande frequenti<\/h2>\n<p data-start=\"3641\" data-end=\"3671\">1. Cos'\u00e8 una pressa per insilato?<\/p>\n<p data-start=\"3673\" data-end=\"3976\">Una pressa per insilato \u00e8 un tipo specializzato di pressa per balle rotonde progettata per la lavorazione dell'insilato, ovvero colture umide e fermentate utilizzate come mangime per animali. La pressa per insilato comprime il materiale in balle compatte, garantendo un'adeguata ritenzione dell'umidit\u00e0 e riducendo al minimo l'esposizione all'aria, preservando cos\u00ec i nutrienti contenuti nell'insilato.<\/p>\n<p data-start=\"3978\" data-end=\"4006\">2. Che cos'\u00e8 una balla rotonda?<\/p>\n<p data-start=\"4008\" data-end=\"4279\">Una balla rotonda \u00e8 una balla cilindrica prodotta da una pressa per balle rotonde. Queste balle sono molto efficienti per lo stoccaggio e il trasporto grazie alla loro forma compatta. Sono tipicamente utilizzate per fieno, paglia e insilato, e il design rotondo ne facilita l'impilamento e la movimentazione.<\/p>\n<p data-start=\"4281\" data-end=\"4328\">3. Il modello 9YG-1.0C \u00e8 in grado di produrre balle di insilato?<\/p>\n<p data-start=\"4330\" data-end=\"4582\">S\u00ec, la 9YG-1.0C \u00e8 specificamente progettata come pressa per insilato, in grado di creare balle di insilato di alta qualit\u00e0. La pressa compatta l'insilato in modo efficace, garantendo la conservazione del contenuto di umidit\u00e0 per condizioni di fermentazione e alimentazione ottimali.<\/p>\n<p data-start=\"4584\" data-end=\"4630\">4. Quanto costa una pressa per balle di fieno rotonde in vendita?<\/p>\n<p data-start=\"4632\" data-end=\"4995\">Il costo di una pressa per balle rotonde in vendita pu\u00f2 variare significativamente a seconda della marca, delle caratteristiche e del modello. La 9YG-1.0C offre un'opzione economica rispetto ad altri modelli di fascia alta, pur garantendo prestazioni e durata eccellenti. In media, i prezzi variano da 10.000 a 20.000 euro, ma possono fluttuare in base alle caratteristiche specifiche e alla localit\u00e0.<\/p>\n<p data-start=\"4997\" data-end=\"5038\">5. Come si effettua la manutenzione della pressa per insilato?<\/p>\n<p data-start=\"5040\" data-end=\"5389\">La manutenzione della 9YG-1.0C \u00e8 relativamente semplice, grazie alla sua struttura robusta e al design intuitivo. La manutenzione ordinaria prevede il controllo del sistema di avvolgimento, la lubrificazione delle parti mobili e l'ispezione dei sistemi di rete o spago. \u00c8 inoltre fondamentale pulire la macchina dopo l'uso per evitare l'accumulo di residui e garantire prestazioni ottimali.<\/p>\n<p data-start=\"5391\" data-end=\"5433\">6. Posso usare il modello 9YG-1.0C per il fieno secco?<\/p>\n<p data-start=\"5435\" data-end=\"5696\">S\u00ec, il 9YG-1.0C \u00e8 abbastanza versatile da gestire sia l'insilato umido che il fieno secco. Sia che tu stia producendo balle di fieno rotonde o <a href=\"https:\/\/silage-balers.com\/it\/prodotto\/pressa-per-balle-rotonde-9yg-1-25\/\">balle di insilato<\/a>Questa pressa \u00e8 progettata per lavorare in modo efficiente diversi tipi di colture, rappresentando quindi un'eccellente soluzione di imballaggio a tutto tondo.<\/p>\n<p data-start=\"5698\" data-end=\"5755\">7. Il modello 9YG-1.0C \u00e8 un buon investimento per le piccole aziende agricole?<\/p>\n<p data-start=\"5757\" data-end=\"6050\">Assolutamente. Sebbene la 9YG-1.0C sia in grado di gestire grandi volumi di raccolto, \u00e8 adatta anche alle aziende agricole pi\u00f9 piccole grazie alla sua facilit\u00e0 d'uso e al suo rapporto costo-efficacia. La possibilit\u00e0 di personalizzare le dimensioni delle balle e le prestazioni efficienti della macchina la rendono un'ottima opzione per agricoltori di tutte le dimensioni.<\/p>\n<p data-start=\"5757\" data-end=\"6050\">modificato da gzl<\/p>\n<p style=\"text-align: center;\" data-start=\"5757\" data-end=\"6050\">","protected":false},"excerpt":{"rendered":"<p>La pressa per balle rotonde 9YG-1.0C \u00e8 una macchina ad alta efficienza progettata per la produzione di balle di insilato e balle di fieno rotonde. Perfetta sia per aziende agricole di grandi dimensioni che per piccole, questa pressa per insilato offre dimensioni delle balle personalizzabili, una struttura robusta e un funzionamento semplice. Che siate alla ricerca di una pressa per insilato o di una pressa per balle di fieno rotonde, la 9YG-1.0C offre un eccellente rapporto qualit\u00e0-prezzo, rappresentando la scelta ideale per qualsiasi attivit\u00e0 agricola.<\/p>","protected":false},"featured_media":298,"template":"","meta":{"_et_pb_use_builder":"","_et_pb_old_content":"","_et_gb_content_width":""},"product_brand":[],"product_cat":[18],"product_tag":[],"class_list":{"0":"post-284","1":"product","2":"type-product","3":"status-publish","4":"has-post-thumbnail","6":"product_cat-round-baler","8":"first","9":"instock","10":"shipping-taxable","11":"product-type-simple"},"_links":{"self":[{"href":"https:\/\/silage-balers.com\/it\/wp-json\/wp\/v2\/product\/284","targetHints":{"allow":["GET"]}}],"collection":[{"href":"https:\/\/silage-balers.com\/it\/wp-json\/wp\/v2\/product"}],"about":[{"href":"https:\/\/silage-balers.com\/it\/wp-json\/wp\/v2\/types\/product"}],"wp:featuredmedia":[{"embeddable":true,"href":"https:\/\/silage-balers.com\/it\/wp-json\/wp\/v2\/media\/298"}],"wp:attachment":[{"href":"https:\/\/silage-balers.com\/it\/wp-json\/wp\/v2\/media?parent=284"}],"wp:term":[{"taxonomy":"product_brand","embeddable":true,"href":"https:\/\/silage-balers.com\/it\/wp-json\/wp\/v2\/product_brand?post=284"},{"taxonomy":"product_cat","embeddable":true,"href":"https:\/\/silage-balers.com\/it\/wp-json\/wp\/v2\/product_cat?post=284"},{"taxonomy":"product_tag","embeddable":true,"href":"https:\/\/silage-balers.com\/it\/wp-json\/wp\/v2\/product_tag?post=284"}],"curies":[{"name":"wp","href":"https:\/\/api.w.org\/{rel}","templated":true}]}}