{"id":285,"date":"2025-11-26T09:21:29","date_gmt":"2025-11-26T09:21:29","guid":{"rendered":"https:\/\/silage-balers.com\/?post_type=product&#038;p=285"},"modified":"2025-12-29T05:46:18","modified_gmt":"2025-12-29T05:46:18","slug":"pressa-per-balle-rotonde-9yg-1-25","status":"publish","type":"product","link":"https:\/\/silage-balers.com\/it\/prodotto\/pressa-per-balle-rotonde-9yg-1-25\/","title":{"rendered":"Pressa per balle rotonde 9YG-1.25"},"content":{"rendered":"<p data-start=\"47\" data-end=\"524\">La rotopressa 9YG-1.25 \u00e8 una macchina avanzata e ad alta efficienza, progettata per semplificare il processo di pressatura di fieno, paglia e altre colture. Questa rotopressa \u00e8 progettata sia per gli agricoltori professionisti che per le piccole aziende, offrendo prestazioni eccezionali in una vasta gamma di applicazioni agricole. Che si tratti di balle di fieno rotonde o di preparare balle di insilato per lo stoccaggio, la 9YG-1.25 \u00e8 la scelta perfetta, offrendo funzionalit\u00e0 affidabili e facili da usare.<\/p>\n<h2 data-start=\"526\" data-end=\"562\">Cos'\u00e8 una rotopressa 9YG-1.25?<\/h2>\n<p data-start=\"564\" data-end=\"1158\">Una rotopressa \u00e8 una macchina agricola utilizzata per raccogliere, comprimere e legare prodotti tagliati come fieno, paglia o insilato in balle rotonde compatte. Il modello 9YG-1.25 \u00e8 progettato per creare balle di diverse dimensioni, il che lo rende versatile e adattabile a diverse esigenze. La macchina funziona in modo efficiente raccogliendo il materiale sfuso dal campo, compattandolo in una forma rotonda e avvolgendolo con spago o rete per mantenerlo intatto. Le balle rotonde prodotte da questa rotopressa sono ideali per lo stoccaggio e il trasporto, poich\u00e9 la loro forma cilindrica \u00e8 estremamente stabile e facile da impilare.<\/p>\n<p style=\"text-align: center;\" data-start=\"564\" data-end=\"1158\"><img loading=\"lazy\" decoding=\"async\" class=\"alignnone size-medium wp-image-290\" src=\"https:\/\/silage-balers.com\/wp-content\/uploads\/2025\/11\/ep-9YG-1.25-Round-Baler-2-1-300x300.webp\" alt=\"Rotopressa\" width=\"300\" height=\"300\" \/><\/p>\n<h3 data-start=\"263\" data-end=\"292\">Specifiche tecniche<\/h3>\n<div class=\"_tableContainer_1rjym_1\">\n<div class=\"group _tableWrapper_1rjym_13 flex w-fit flex-col-reverse\" tabindex=\"-1\">\n<table class=\"w-fit min-w-(--thread-content-width)\" style=\"border-color: #000000;\" data-start=\"294\" data-end=\"2194\">\n<thead data-start=\"294\" data-end=\"375\">\n<tr data-start=\"294\" data-end=\"375\">\n<th data-start=\"294\" data-end=\"324\" data-col-size=\"sm\">Articolo<\/th>\n<th data-start=\"324\" data-end=\"341\" data-col-size=\"sm\">Unit\u00e0<\/th>\n<th data-start=\"341\" data-end=\"375\" data-col-size=\"sm\">Specifica<\/th>\n<\/tr>\n<\/thead>\n<tbody data-start=\"458\" data-end=\"2194\">\n<tr data-start=\"458\" data-end=\"539\">\n<td data-start=\"458\" data-end=\"489\" data-col-size=\"sm\">Nome del modello<\/td>\n<td data-col-size=\"sm\" data-start=\"489\" data-end=\"506\">\u2013<\/td>\n<td data-col-size=\"sm\" data-start=\"506\" data-end=\"539\">Pressa per balle rotonde 9YG-1.25<\/td>\n<\/tr>\n<tr data-start=\"540\" data-end=\"621\">\n<td data-start=\"540\" data-end=\"571\" data-col-size=\"sm\">Metodo di connessione<\/td>\n<td data-col-size=\"sm\" data-start=\"571\" data-end=\"588\">\u2013<\/td>\n<td data-col-size=\"sm\" data-start=\"588\" data-end=\"621\">Tipo di trazione<\/td>\n<\/tr>\n<tr data-start=\"622\" data-end=\"704\">\n<td data-start=\"622\" data-end=\"653\" data-col-size=\"sm\">Larghezza di ripresa<\/td>\n<td data-col-size=\"sm\" data-start=\"653\" data-end=\"670\">mm<\/td>\n<td data-col-size=\"sm\" data-start=\"670\" data-end=\"704\">2240<\/td>\n<\/tr>\n<tr data-start=\"705\" data-end=\"786\">\n<td data-start=\"705\" data-end=\"736\" data-col-size=\"sm\">Meccanismo di prelievo<\/td>\n<td data-col-size=\"sm\" data-start=\"736\" data-end=\"753\">\u2013<\/td>\n<td data-col-size=\"sm\" data-start=\"753\" data-end=\"786\">Tipo a spirale<\/td>\n<\/tr>\n<tr data-start=\"787\" data-end=\"869\">\n<td data-start=\"787\" data-end=\"818\" data-col-size=\"sm\">Meccanismo di alimentazione<\/td>\n<td data-col-size=\"sm\" data-start=\"818\" data-end=\"835\">\u2013<\/td>\n<td data-col-size=\"sm\" data-start=\"835\" data-end=\"869\">Rulli idraulici + dentati<\/td>\n<\/tr>\n<tr data-start=\"870\" data-end=\"952\">\n<td data-start=\"870\" data-end=\"901\" data-col-size=\"sm\">Larghezza della camera di compressione<\/td>\n<td data-col-size=\"sm\" data-start=\"901\" data-end=\"918\">mm<\/td>\n<td data-col-size=\"sm\" data-start=\"918\" data-end=\"952\">1250<\/td>\n<\/tr>\n<tr data-start=\"953\" data-end=\"1036\">\n<td data-start=\"953\" data-end=\"987\" data-col-size=\"sm\">Diametro della camera di compressione<\/td>\n<td data-col-size=\"sm\" data-start=\"987\" data-end=\"1002\">mm<\/td>\n<td data-col-size=\"sm\" data-start=\"1002\" data-end=\"1036\">1200<\/td>\n<\/tr>\n<tr data-start=\"1037\" data-end=\"1118\">\n<td data-start=\"1037\" data-end=\"1068\" data-col-size=\"sm\">Numero di rulli<\/td>\n<td data-col-size=\"sm\" data-start=\"1068\" data-end=\"1085\">pezzi<\/td>\n<td data-col-size=\"sm\" data-start=\"1085\" data-end=\"1118\">18 (Rulli)<\/td>\n<\/tr>\n<tr data-start=\"1119\" data-end=\"1201\">\n<td data-start=\"1119\" data-end=\"1150\" data-col-size=\"sm\">Diametro del rullo<\/td>\n<td data-col-size=\"sm\" data-start=\"1150\" data-end=\"1167\">mm<\/td>\n<td data-col-size=\"sm\" data-start=\"1167\" data-end=\"1201\">\u03c6222<\/td>\n<\/tr>\n<tr data-start=\"1202\" data-end=\"1283\">\n<td data-start=\"1202\" data-end=\"1233\" data-col-size=\"sm\">Metodo di legatura<\/td>\n<td data-col-size=\"sm\" data-start=\"1233\" data-end=\"1250\">\u2013<\/td>\n<td data-col-size=\"sm\" data-start=\"1250\" data-end=\"1283\">Legatura automatica della rete<\/td>\n<\/tr>\n<tr data-start=\"1284\" data-end=\"1366\">\n<td data-start=\"1284\" data-end=\"1315\" data-col-size=\"sm\">Alimentazione elettrica<\/td>\n<td data-col-size=\"sm\" data-start=\"1315\" data-end=\"1332\">kW<\/td>\n<td data-col-size=\"sm\" data-start=\"1332\" data-end=\"1366\">\u226575<\/td>\n<\/tr>\n<tr data-start=\"1367\" data-end=\"1449\">\n<td data-start=\"1367\" data-end=\"1398\" data-col-size=\"sm\">Peso<\/td>\n<td data-col-size=\"sm\" data-start=\"1398\" data-end=\"1415\">kg<\/td>\n<td data-col-size=\"sm\" data-start=\"1415\" data-end=\"1449\">4060<\/td>\n<\/tr>\n<tr data-start=\"1450\" data-end=\"1532\">\n<td data-start=\"1450\" data-end=\"1481\" data-col-size=\"sm\">Velocit\u00e0 di uscita<\/td>\n<td data-col-size=\"sm\" data-start=\"1481\" data-end=\"1498\">giri\/min<\/td>\n<td data-col-size=\"sm\" data-start=\"1498\" data-end=\"1532\">720<\/td>\n<\/tr>\n<tr data-start=\"1533\" data-end=\"1615\">\n<td data-start=\"1533\" data-end=\"1564\" data-col-size=\"sm\">Dimensioni complessive<\/td>\n<td data-col-size=\"sm\" data-start=\"1564\" data-end=\"1581\">mm<\/td>\n<td data-col-size=\"sm\" data-start=\"1581\" data-end=\"1615\">4400\u00d72850\u00d72400<\/td>\n<\/tr>\n<tr data-start=\"1616\" data-end=\"1697\">\n<td data-start=\"1616\" data-end=\"1647\" data-col-size=\"sm\">Condizioni di lavoro<\/td>\n<td data-col-size=\"sm\" data-start=\"1647\" data-end=\"1664\">\u2013<\/td>\n<td data-col-size=\"sm\" data-start=\"1664\" data-end=\"1697\">Controllato da sensore<\/td>\n<\/tr>\n<tr data-start=\"1698\" data-end=\"1780\">\n<td data-start=\"1698\" data-end=\"1729\" data-col-size=\"sm\">Dimensioni della balla (diametro x lunghezza)<\/td>\n<td data-col-size=\"sm\" data-start=\"1729\" data-end=\"1746\">mm<\/td>\n<td data-col-size=\"sm\" data-start=\"1746\" data-end=\"1780\">1300\u00d71250<\/td>\n<\/tr>\n<tr data-start=\"1781\" data-end=\"1863\">\n<td data-start=\"1781\" data-end=\"1812\" data-col-size=\"sm\">Densit\u00e0 della balla<\/td>\n<td data-col-size=\"sm\" data-start=\"1812\" data-end=\"1829\">kg\/m\u00b3<\/td>\n<td data-col-size=\"sm\" data-start=\"1829\" data-end=\"1863\">100-200<\/td>\n<\/tr>\n<tr data-start=\"1864\" data-end=\"1946\">\n<td data-start=\"1864\" data-end=\"1895\" data-col-size=\"sm\">Capacit\u00e0 produttiva<\/td>\n<td data-col-size=\"sm\" data-start=\"1895\" data-end=\"1912\">balle\/h<\/td>\n<td data-col-size=\"sm\" data-start=\"1912\" data-end=\"1946\">40-100<\/td>\n<\/tr>\n<tr data-start=\"1947\" data-end=\"2029\">\n<td data-start=\"1947\" data-end=\"1978\" data-col-size=\"sm\">Distanza della ruota<\/td>\n<td data-col-size=\"sm\" data-start=\"1978\" data-end=\"1995\">mm<\/td>\n<td data-col-size=\"sm\" data-start=\"1995\" data-end=\"2029\">2450<\/td>\n<\/tr>\n<tr data-start=\"2030\" data-end=\"2112\">\n<td data-start=\"2030\" data-end=\"2061\" data-col-size=\"sm\">Velocit\u00e0 di lavoro<\/td>\n<td data-col-size=\"sm\" data-start=\"2061\" data-end=\"2078\">chilometri all'ora<\/td>\n<td data-col-size=\"sm\" data-start=\"2078\" data-end=\"2112\">5-35<\/td>\n<\/tr>\n<tr data-start=\"2113\" data-end=\"2194\">\n<td data-start=\"2113\" data-end=\"2144\" data-col-size=\"sm\">Specifiche delle balle<\/td>\n<td data-col-size=\"sm\" data-start=\"2144\" data-end=\"2161\">\u2013<\/td>\n<td data-col-size=\"sm\" data-start=\"2161\" data-end=\"2194\">2000\u00d71,25 m\/Balla<\/td>\n<\/tr>\n<\/tbody>\n<\/table>\n<\/div>\n<\/div>\n<h3 data-start=\"1160\" data-end=\"1201\">Caratteristiche della rotopressa 9YG-1.25<\/h3>\n<ol>\n<li data-start=\"1206\" data-end=\"1424\">Durata e design: il 9YG-1.25 \u00e8 caratterizzato da una struttura robusta e durevole, in grado di resistere alle condizioni di lavoro pi\u00f9 difficili. I materiali e la progettazione di alta qualit\u00e0 garantiscono una lunga durata con una manutenzione minima.<\/li>\n<li data-start=\"1431\" data-end=\"1679\">Efficienza: grazie al sistema di alimentazione ad alta capacit\u00e0, questa pressa \u00e8 in grado di gestire grandi volumi di prodotto, garantendo un funzionamento rapido ed efficiente. \u00c8 adatta sia al fieno secco che all'insilato umido, il che la rende una scelta versatile per diverse attivit\u00e0 agricole.<\/li>\n<li data-start=\"1684\" data-end=\"1973\">Dimensioni delle balle regolabili: la rotopressa consente di regolare le dimensioni delle balle, offrendo agli agricoltori la flessibilit\u00e0 di produrre balle in base alle specifiche esigenze di stoccaggio e trasporto. La possibilit\u00e0 di personalizzare le dimensioni delle balle garantisce che la macchina si adatti a diversi tipi di colture e livelli di umidit\u00e0.<\/li>\n<li data-start=\"1978\" data-end=\"2233\">Facilit\u00e0 d'uso: il modello 9YG-1.25 \u00e8 progettato per la massima semplicit\u00e0 d'uso, con comandi intuitivi e un'interfaccia intuitiva. Riduce al minimo l'affaticamento dell'operatore, massimizzando al contempo la produttivit\u00e0, consentendogli di completare il lavoro rapidamente e con il minimo sforzo.<\/li>\n<li data-start=\"2238\" data-end=\"2500\">Conveniente: per gli agricoltori alla ricerca di una rotopressa in vendita, la 9YG-1.25 offre una soluzione conveniente senza compromettere la qualit\u00e0. \u00c8 un investimento intelligente per chiunque si occupi di imballare fieno, paglia o insilato, garantendo elevati ritorni sull'investimento.<\/li>\n<li data-start=\"2505\" data-end=\"2814\">Sistema di legatura a rete e spago: la pressa \u00e8 dotata di un sistema di legatura ad alte prestazioni, in grado di legare saldamente le balle con spago o rete. Ci\u00f2 garantisce che le balle siano adeguatamente sigillate e possano essere trasportate o stoccate per lunghi periodi senza il rischio di deterioramento o rottura.<\/li>\n<\/ol>\n<h3 style=\"text-align: center;\" data-start=\"4603\" data-end=\"4644\"><img loading=\"lazy\" decoding=\"async\" class=\"alignnone wp-image-299 size-medium\" src=\"https:\/\/silage-balers.com\/wp-content\/uploads\/2025\/11\/ep-9YG-1.25-Round-Baler-1-1-1-300x300.webp\" alt=\"Rotopressa\" width=\"300\" height=\"300\" \/><\/h3>\n<h3>Perch\u00e9 scegliere la rotopressa 9YG-1.25?<\/h3>\n<p data-start=\"4646\" data-end=\"5164\">Per chiunque abbia bisogno di una rotopressa in vendita, la 9YG-1.25 offre qualit\u00e0, affidabilit\u00e0 e prestazioni ineguagliabili. Eccelle nella produzione di balle rotonde di fieno e insilato, garantendo uno stoccaggio e un trasporto efficienti e semplici dei raccolti. Che si tratti di un'azienda agricola su larga scala o di una pi\u00f9 piccola, questa rotopressa \u00e8 un investimento eccellente per le vostre esigenze di attrezzature agricole. Inoltre, il suo rapporto qualit\u00e0-prezzo la rende una scelta intelligente per gli agricoltori che devono bilanciare budget e prestazioni.<\/p>\n<h3 data-start=\"3600\" data-end=\"3649\">Vantaggi dell'utilizzo della rotopressa 9YG-1.25<\/h3>\n<ul data-start=\"3651\" data-end=\"4438\">\n<li data-start=\"3651\" data-end=\"3843\">\n<p data-start=\"3653\" data-end=\"3843\">Efficienza e risparmio di tempo: questa pressa pu\u00f2 velocizzare notevolmente il processo di pressatura rispetto alle attrezzature manuali o pi\u00f9 vecchie, consentendo agli agricoltori di completare le attivit\u00e0 in modo rapido ed efficiente.<\/p>\n<\/li>\n<li data-start=\"3844\" data-end=\"3980\">\n<p data-start=\"3846\" data-end=\"3980\">Elevata qualit\u00e0 delle balle: la sua tecnologia avanzata garantisce balle ben compattate e meno soggette a danni, riducendo cos\u00ec il deterioramento e gli sprechi.<\/p>\n<\/li>\n<li data-start=\"3981\" data-end=\"4129\">\n<p data-start=\"3983\" data-end=\"4129\">Perdita minima del raccolto: il sistema \u00e8 progettato per ridurre la perdita del raccolto, garantendo che la massima quantit\u00e0 di materiale raccolto venga convertita in balle.<\/p>\n<\/li>\n<li data-start=\"4130\" data-end=\"4283\">\n<p data-start=\"4132\" data-end=\"4283\">Funzionamento intuitivo: grazie ai semplici sistemi idraulici e ai comandi intuitivi, anche i nuovi operatori possono imparare rapidamente a utilizzare la macchina in modo efficace.<\/p>\n<\/li>\n<li data-start=\"4284\" data-end=\"4438\">\n<p data-start=\"4286\" data-end=\"4438\">Prestazioni di lunga durata: la struttura resistente garantisce che il 9YG-1.25 possa resistere a lunghe ore di funzionamento in diverse condizioni atmosferiche.<\/p>\n<\/li>\n<\/ul>\n<h2 data-start=\"2816\" data-end=\"2825\">Domande frequenti<\/h2>\n<p data-start=\"2827\" data-end=\"2855\">1. Che cosa \u00e8 una balla rotonda?<\/p>\n<p data-start=\"2857\" data-end=\"3160\">Una balla rotonda \u00e8 una grande balla cilindrica creata da una rotopressa. Queste balle sono ampiamente utilizzate per lo stoccaggio di fieno, paglia o insilato, poich\u00e9 la loro forma consente un accatastamento stabile e un trasporto efficiente. Le balle rotonde vengono compattate strettamente e avvolte per preservare il contenuto ed evitare la perdita di umidit\u00e0.<\/p>\n<p data-start=\"3162\" data-end=\"3201\">2. Quanto costa una balla rotonda di fieno?<\/p>\n<p data-start=\"3203\" data-end=\"3482\">Il costo di una balla rotonda di fieno pu\u00f2 variare a seconda di fattori quali dimensioni, qualit\u00e0 del fieno, posizione e domanda. In media, il prezzo di una balla rotonda di fieno pu\u00f2 variare tra $40 e $150. I prezzi fluttuano stagionalmente e possono dipendere dalle condizioni regionali e dalla disponibilit\u00e0.<\/p>\n<p data-start=\"3484\" data-end=\"3538\">3. La rotopressa 9YG-1.25 \u00e8 in grado di produrre balle di insilato?<\/p>\n<p data-start=\"3540\" data-end=\"3807\">S\u00ec, la pressa 9YG-1.25 \u00e8 specificamente progettata per gestire balle di insilato, offrendo un'opzione affidabile per gli agricoltori che devono conservare raccolti umidi per la fermentazione. La pressa garantisce che le balle siano ben compattate per impedire all'aria di entrare e rovinarne il contenuto.<\/p>\n<p data-start=\"3809\" data-end=\"3861\">4. La rotopressa 9YG-1.25 \u00e8 facile da manutenere?<\/p>\n<p data-start=\"3863\" data-end=\"4158\">S\u00ec, la 9YG-1.25 \u00e8 progettata per essere facile da manutenere. \u00c8 dotata di linee guida di manutenzione semplici da seguire e componenti durevoli che richiedono una manutenzione minima. Una manutenzione regolare, come la lubrificazione e l'ispezione del sistema rete\/spago, garantir\u00e0 il funzionamento regolare della pressa per anni.<\/p>\n<p data-start=\"4160\" data-end=\"4219\">5. Come faccio a sapere se una rotopressa \u00e8 adatta alla mia azienda agricola?<\/p>\n<p data-start=\"4221\" data-end=\"4601\">Se stai cercando un servizio affidabile e <a href=\"https:\/\/silage-balers.com\/it\/prodotto\/9yg-1-0c-round-baler-2\/\">efficiente<\/a> modo per imballare grandi quantit\u00e0 di fieno, paglia o insilato, un <a href=\"http:\/\/square-balers.com\" target=\"_blank\" rel=\"noopener\">rotopressa<\/a> Come il modello 9YG-1.25, \u00e8 la scelta ideale. \u00c8 particolarmente indicato per le aziende agricole con superfici medio-grandi, dove tempo ed efficienza sono fattori importanti. Inoltre, \u00e8 in grado di gestire una variet\u00e0 di colture, il che lo rende versatile per diverse operazioni agricole.<\/p>\n<p data-start=\"4221\" data-end=\"4601\">modificato da gzl<\/p>","protected":false},"excerpt":{"rendered":"<p>La rotopressa 9YG-1.25 \u00e8 una macchina agricola ad alta efficienza che produce balle rotonde di fieno e insilato resistenti e compatte. Grazie alle dimensioni regolabili delle balle, al design robusto e ai comandi facili da usare, questa rotopressa \u00e8 ideale per aziende agricole di medie e grandi dimensioni. Garantisce una pressatura rapida ed efficiente e rappresenta una soluzione conveniente per gli agricoltori. Che stiate cercando una rotopressa in vendita o che vi stiate chiedendo quanto costi una balla rotonda di fieno, la 9YG-1.25 offre prestazioni e valore ineguagliabili.<\/p>","protected":false},"featured_media":299,"template":"","meta":{"_et_pb_use_builder":"","_et_pb_old_content":"","_et_gb_content_width":""},"product_brand":[],"product_cat":[18],"product_tag":[],"class_list":{"0":"post-285","1":"product","2":"type-product","3":"status-publish","4":"has-post-thumbnail","6":"product_cat-round-baler","8":"first","9":"instock","10":"shipping-taxable","11":"product-type-simple"},"_links":{"self":[{"href":"https:\/\/silage-balers.com\/it\/wp-json\/wp\/v2\/product\/285","targetHints":{"allow":["GET"]}}],"collection":[{"href":"https:\/\/silage-balers.com\/it\/wp-json\/wp\/v2\/product"}],"about":[{"href":"https:\/\/silage-balers.com\/it\/wp-json\/wp\/v2\/types\/product"}],"wp:featuredmedia":[{"embeddable":true,"href":"https:\/\/silage-balers.com\/it\/wp-json\/wp\/v2\/media\/299"}],"wp:attachment":[{"href":"https:\/\/silage-balers.com\/it\/wp-json\/wp\/v2\/media?parent=285"}],"wp:term":[{"taxonomy":"product_brand","embeddable":true,"href":"https:\/\/silage-balers.com\/it\/wp-json\/wp\/v2\/product_brand?post=285"},{"taxonomy":"product_cat","embeddable":true,"href":"https:\/\/silage-balers.com\/it\/wp-json\/wp\/v2\/product_cat?post=285"},{"taxonomy":"product_tag","embeddable":true,"href":"https:\/\/silage-balers.com\/it\/wp-json\/wp\/v2\/product_tag?post=285"}],"curies":[{"name":"wp","href":"https:\/\/api.w.org\/{rel}","templated":true}]}}