{"id":390,"date":"2025-12-23T03:34:44","date_gmt":"2025-12-23T03:34:44","guid":{"rendered":"https:\/\/silage-balers.com\/?post_type=product&#038;p=390"},"modified":"2025-12-29T05:45:33","modified_gmt":"2025-12-29T05:45:33","slug":"pressa-per-balle-rotonde-9yg-2-24d","status":"publish","type":"product","link":"https:\/\/silage-balers.com\/it\/prodotto\/pressa-per-balle-rotonde-9yg-2-24d\/","title":{"rendered":"Pressa per balle rotonde 9YG-2.24D"},"content":{"rendered":"<p>La rotopressa 9YG-2.24D \u00e8 una macchina agricola ad alte prestazioni progettata per una pressatura compatta ed efficiente del fieno. Offre una soluzione versatile per le aziende agricole di piccole e medie dimensioni, combinando eccezionale durata e facilit\u00e0 d'uso. Il suo funzionamento idraulico garantisce un processo di pressatura fluido ed efficiente, riducendo il lavoro manuale e migliorando la qualit\u00e0 del prodotto.<\/p>\n<h2>Specifiche tecniche<\/h2>\n<table style=\"border-color: #000000;\">\n<thead>\n<tr>\n<th>Numero di serie<\/th>\n<th>Articolo<\/th>\n<th>Unit\u00e0<\/th>\n<th>Specifica<\/th>\n<\/tr>\n<\/thead>\n<tbody>\n<tr>\n<td>1<\/td>\n<td>Nome del modello<\/td>\n<td>\/<\/td>\n<td>Pressa per balle rotonde 9YG-2.24D<\/td>\n<\/tr>\n<tr>\n<td>2<\/td>\n<td>Metodo di aggancio<\/td>\n<td>\/<\/td>\n<td>Tipo trainato<\/td>\n<\/tr>\n<tr>\n<td>3<\/td>\n<td>Larghezza di ripresa<\/td>\n<td>mm<\/td>\n<td>2240<\/td>\n<\/tr>\n<tr>\n<td>4<\/td>\n<td>Tipo di struttura di ritiro<\/td>\n<td>\/<\/td>\n<td>Tipo a molla<\/td>\n<\/tr>\n<tr>\n<td>5<\/td>\n<td>Tipo di struttura dell'alimentatore<\/td>\n<td>\/<\/td>\n<td>Tipo a rullo dentato + cilindro<\/td>\n<\/tr>\n<tr>\n<td>6<\/td>\n<td>Tipo di struttura di imballaggio della camera di compressione<\/td>\n<td>\/<\/td>\n<td>Tipo di cilindro<\/td>\n<\/tr>\n<tr>\n<td>7<\/td>\n<td>Larghezza della camera di compressione<\/td>\n<td>mm<\/td>\n<td>1400<\/td>\n<\/tr>\n<tr>\n<td>8<\/td>\n<td>Diametro della camera di compressione<\/td>\n<td>mm<\/td>\n<td>\u03a61200<\/td>\n<\/tr>\n<tr>\n<td>9<\/td>\n<td>Numero di parti rotanti funzionanti<\/td>\n<td>pezzo<\/td>\n<td>18 (Cilindri)<\/td>\n<\/tr>\n<tr>\n<td>10<\/td>\n<td>Diametro del cilindro di laminazione<\/td>\n<td>mm<\/td>\n<td>\u03a6222<\/td>\n<\/tr>\n<tr>\n<td>11<\/td>\n<td>Metodo di imballaggio<\/td>\n<td>\/<\/td>\n<td>Avvolgimento in rete<\/td>\n<\/tr>\n<tr>\n<td>12<\/td>\n<td>Potenza corrispondente<\/td>\n<td>kW<\/td>\n<td>55-100<\/td>\n<\/tr>\n<tr>\n<td>13<\/td>\n<td>Peso strutturale<\/td>\n<td>kg<\/td>\n<td>3922<\/td>\n<\/tr>\n<tr>\n<td>14<\/td>\n<td>Velocit\u00e0 della presa di forza<\/td>\n<td>giri\/min<\/td>\n<td>720<\/td>\n<\/tr>\n<tr>\n<td>15<\/td>\n<td>Dimensioni complessive (L\u00d7P\u00d7A)<\/td>\n<td>mm<\/td>\n<td>4110\u00d73010\u00d72450 (Stato di funzionamento)<\/td>\n<\/tr>\n<tr>\n<td>16<\/td>\n<td>Controllo della densit\u00e0 delle balle<\/td>\n<td>\/<\/td>\n<td>Controllo del sensore<\/td>\n<\/tr>\n<tr>\n<td>17<\/td>\n<td>Dimensioni della balla (diametro \u00d7 larghezza)<\/td>\n<td>mm<\/td>\n<td>\u03a61300\u00d71400<\/td>\n<\/tr>\n<tr>\n<td>18<\/td>\n<td>Densit\u00e0 della balla<\/td>\n<td>Kg\/m\u00b3<\/td>\n<td>100~200<\/td>\n<\/tr>\n<tr>\n<td>19<\/td>\n<td>Produttivit\u00e0<\/td>\n<td>balle\/h<\/td>\n<td>40~100<\/td>\n<\/tr>\n<tr>\n<td>20<\/td>\n<td>Traccia della ruota<\/td>\n<td>mm<\/td>\n<td>2600<\/td>\n<\/tr>\n<tr>\n<td>21<\/td>\n<td>Velocit\u00e0 operativa<\/td>\n<td>Km\/h<\/td>\n<td>5-35<\/td>\n<\/tr>\n<tr>\n<td>22<\/td>\n<td>Specifiche della rete di imballaggio (L\u00d7W)<\/td>\n<td>M<\/td>\n<td>2000\u00d71,4 m\/balla<\/td>\n<\/tr>\n<\/tbody>\n<\/table>\n<h2>Definizione del prodotto<\/h2>\n<p>La rotopressa 9YG-2.24D \u00e8 uno strumento agricolo specializzato, progettato per creare balle di fieno rotonde con precisione. A funzionamento idraulico, offre una soluzione affidabile per la produzione di fieno, la pressatura di erba e altre applicazioni agricole. Questa rotopressa \u00e8 progettata per funzionare in diverse condizioni, dalle piccole aziende agricole alle aziende pi\u00f9 grandi.<\/p>\n<h2>Problemi chiave che affronta<\/h2>\n<p>La rotopressa 9YG-2.24D affronta le comuni sfide agricole, tra cui:<\/p>\n<ul>\n<li><strong>Efficienza temporale:<\/strong> Riduce il tempo necessario per raccogliere e comprimere il fieno in balle, aumentando la produttivit\u00e0 complessiva.<\/li>\n<li><strong>Riduzione del lavoro:<\/strong> Il funzionamento idraulico riduce al minimo l'intervento umano, riducendo i costi di manodopera e lo sforzo fisico.<\/li>\n<li><strong>Costanza nella qualit\u00e0 delle balle:<\/strong> La pressa garantisce uniformit\u00e0 nelle dimensioni e nella densit\u00e0 delle balle, con conseguente migliore efficienza di stoccaggio e trasporto.<\/li>\n<li><strong>Durata:<\/strong> Progettato per gestire una variet\u00e0 di tipi di colture, garantendo prestazioni durature in diversi ambienti.<\/li>\n<li><strong>Conveniente:<\/strong> Riduce i costi operativi a lungo termine migliorando l'efficienza e riducendo al minimo l'usura delle apparecchiature.<\/li>\n<\/ul>\n<h2>Vantaggi del prodotto<\/h2>\n<p>La rotopressa 9YG-2.24D offre numerosi vantaggi, che la rendono una scelta popolare tra gli agricoltori:<\/p>\n<h3>1. Efficienza idraulica<\/h3>\n<p>Il sistema idraulico garantisce un funzionamento fluido ed efficiente, riducendo la necessit\u00e0 di sforzi manuali e migliorando le prestazioni complessive della pressa. Pu\u00f2 essere azionata da una sola persona, con un risparmio di tempo e manodopera.<\/p>\n<h3>2. Versatilit\u00e0<\/h3>\n<p>\u00c8 adatta a vari tipi di fieno e colture erbacee, il che la rende la scelta ideale per diverse attivit\u00e0 agricole. Che si tratti di erba medica, paglia di grano o erba, la pressa offre risultati costanti.<\/p>\n<h3>3. Elevata densit\u00e0 delle balle<\/h3>\n<p>Produce balle ben compresse, migliorando l'efficienza di stoccaggio e riducendo lo spazio necessario per il fieno. Le balle dense sono pi\u00f9 facili da trasportare e conservare, prevenendo i danni causati dall'umidit\u00e0.<\/p>\n<h3>4. Design compatto<\/h3>\n<p>Il design compatto e robusto della rotopressa 9YG-2.24D consente un facile stoccaggio e trasporto, garantendo comunque elevate prestazioni sul campo.<\/p>\n<h3>5. Bassa manutenzione<\/h3>\n<p>Progettata per durare a lungo, la pressa richiede una manutenzione minima. Con la dovuta cura, pu\u00f2 garantire anni di servizio affidabile, riducendo il costo totale di gestione.<\/p>\n<h2><a href=\"http:\/\/square-balers.com\" target=\"_blank\" rel=\"noopener\">Come funziona la rotopressa 9YG-2.24D<\/a><\/h2>\n<p>La rotopressa 9YG-2.24D funziona sfruttando la pressione idraulica per comprimere fieno o paglia in balle rotonde. Il processo inizia con l'alimentazione del materiale nella camera di pressatura, dove una serie di rulli lo comprime fino a ottenere una forma compatta. Un sistema idraulico aiuta a mantenere una pressione ottimale durante la pressatura. Una volta raggiunte le dimensioni desiderate, le balle vengono fissate con una corda ed espulse dalla rotopressa per il trasporto o lo stoccaggio.<\/p>\n<h2>Principali applicazioni della rotopressa 9YG-2.24D<\/h2>\n<p>Questa versatile pressa pu\u00f2 essere utilizzata per una vasta gamma di applicazioni, tra cui:<\/p>\n<ul>\n<li><strong>Produzione di fieno:<\/strong> Ideale per imballare il fieno destinato all'alimentazione del bestiame.<\/li>\n<li><strong>Raccolta della paglia:<\/strong> Adatto alla creazione di balle di paglia da utilizzare in agricoltura e come lettiera.<\/li>\n<li><strong>Imballaggio dell'erba:<\/strong> Efficiente per la raccolta e la compressione dei raccolti di erba.<\/li>\n<li><strong>Produzione di insilato:<\/strong> La pressa pu\u00f2 essere utilizzata per creare balle di insilato per l'alimentazione del bestiame nei mesi pi\u00f9 freddi.<\/li>\n<li><strong>Agricoltura biologica:<\/strong> Perfetto per le piccole aziende agricole che puntano su pratiche sostenibili.<\/li>\n<li><strong>Aziende agricole:<\/strong> Ideale per aziende agricole di medie dimensioni che necessitano di soluzioni di imballaggio ad alta efficienza.<\/li>\n<\/ul>\n<h2>Come scegliere la giusta rotopressa 9YG-2.24D<\/h2>\n<h3>1. Considera le dimensioni della tua azienda agricola<\/h3>\n<p>Se gestisci un'azienda agricola di piccole o medie dimensioni, la rotopressa 9YG-2.24D \u00e8 una scelta eccellente, poich\u00e9 garantisce balle di dimensioni ottimali e un funzionamento idraulico efficiente.<\/p>\n<h3>2. Tipo di coltura<\/h3>\n<p>Assicuratevi che la pressa sia compatibile con i tipi di colture che intendete imballare, come fieno, paglia o insilato. La 9YG-2.24D \u00e8 versatile, ma verificate sempre le specifiche per le vostre esigenze specifiche.<\/p>\n<h3>3. Preferenza per la dimensione della balla<\/h3>\n<p>Diverse operazioni potrebbero richiedere balle di dimensioni diverse. Valuta se hai bisogno di balle pi\u00f9 piccole e compatte per una movimentazione pi\u00f9 semplice o di balle pi\u00f9 grandi per un'efficienza di stoccaggio e trasporto.<\/p>\n<h3>4. Capacit\u00e0 del sistema idraulico<\/h3>\n<p>Scegli una pressa con la capacit\u00e0 del sistema idraulico pi\u00f9 adatta al tuo carico di lavoro. La 9YG-2.24D offre un impianto idraulico ad alta efficienza, adatto anche alle attivit\u00e0 pi\u00f9 impegnative.<\/p>\n<h3>5. Durata e manutenzione<\/h3>\n<p>Cercate una pressa progettata per durare a lungo e con requisiti di manutenzione minimi. Il design robusto della 9YG-2.24D garantisce affidabilit\u00e0 nel tempo.<\/p>\n<h3>6. Rapporto prezzo\/valore<\/h3>\n<p>Considerate il vostro budget e il valore a lungo termine che la pressa offre in termini di efficienza, durata e qualit\u00e0 del prodotto. La 9YG-2.24D offre un rapporto qualit\u00e0-prezzo eccellente.<\/p>\n<h2>Manutenzione della rotopressa 9YG-2.24D<\/h2>\n<p>Manutenzione del tuo 9YG-2.24D <a href=\"https:\/\/silage-balers.com\/it\/prodotto\/pressa-rotonda-9yg-1-25a\/\">Rotopressa<\/a> Garantisce prestazioni a lungo termine. \u00c8 fondamentale ispezionare regolarmente il sistema idraulico, i rulli della camera di pressatura e il meccanismo di reggiatura. Pulire la macchina dopo ogni utilizzo per prevenire l'accumulo di materiale e lubrificare le parti mobili per ridurne l'usura. Ispezionare regolarmente la pressa per individuare eventuali segni di danneggiamento o affaticamento, soprattutto dopo un utilizzo intenso. Assicurarsi che tutti i componenti siano saldamente collegati e sostituire tempestivamente le parti usurate per evitare problemi di funzionamento.<\/p>\n<h2>Recensioni dei clienti<\/h2>\n<p>\"Questa pressa ha cambiato le regole del gioco per la nostra azienda agricola. Il sistema idraulico rende la pressatura molto pi\u00f9 semplice e veloce. \u00c8 resistente e funziona benissimo in tutte le condizioni atmosferiche. La usiamo per fieno e paglia e le balle escono perfettamente compresse. La consiglio vivamente!\"<\/p>\n<p>\u2013 <strong>John Doe, Stati Uniti<\/strong><\/p>\n<p>\"Utilizziamo la rotopressa 9YG-2.24D da oltre un anno e ha superato ogni aspettativa. Le balle hanno dimensioni e densit\u00e0 uniformi, semplificando notevolmente lo stoccaggio. \u00c8 facile da usare, anche per i nostri operai meno esperti. Possiamo gestire grandi volumi di fieno in meno tempo.\"<\/p>\n<p>\u2013 <strong>Sarah Lee, Canada<\/strong><\/p>\n<p>\"Ottimo rapporto qualit\u00e0-prezzo! La pressa \u00e8 ben costruita e richiede una manutenzione minima. L'abbiamo usata sia per il fieno che per l'insilato e si \u00e8 comportata in modo eccellente in entrambe le situazioni. Il team del servizio clienti \u00e8 stato molto disponibile quando abbiamo avuto domande sulla configurazione.\"<\/p>\n<p>\u2013 <strong>Paul Kim, Australia<\/strong><\/p>\n<p>\"Come proprietario di una piccola azienda agricola, cercavo una pressa compatta e affidabile, e la 9YG-2.24D \u00e8 perfetta per questo scopo. \u00c8 facile da manovrare e la qualit\u00e0 delle balle \u00e8 impressionante. Sono molto soddisfatto del mio acquisto.\"<\/p>\n<p>\u2013 <strong>Maria Lopez, Spagna<\/strong><\/p>\n<p>\"Questa macchina \u00e8 stata un cavallo di battaglia affidabile per la nostra azienda agricola. \u00c8 facile da trasportare e utilizzare, anche sui terreni pi\u00f9 accidentati. Non abbiamo avuto alcun problema di prestazioni e ha reso la pressatura del fieno molto pi\u00f9 efficiente.\"<\/p>\n<p>\u2013 <strong>David Nguyen, Vietnam<\/strong><\/p>\n<h2>Perch\u00e9 scegliere il nostro prodotto<\/h2>\n<p>La nostra rotopressa 9YG-2.24D offre un'efficienza ineguagliabile e offriamo un servizio clienti eccellente con una garanzia di 3 anni e spedizioni rapide in tutto il mondo. Siamo orgogliosi di offrire prodotti di alta qualit\u00e0, costruiti per durare e migliorare le vostre attivit\u00e0 agricole. Oltre alla rotopressa 9YG-2.24D, offriamo anche una gamma di accessori e prodotti correlati per soddisfare tutte le vostre esigenze agricole. Siamo specializzati nell'offrire soluzioni personalizzate per garantire ai nostri clienti esattamente ci\u00f2 di cui hanno bisogno.<\/p>\n<h2>Domande frequenti<\/h2>\n<ol>\n<li><strong>Perch\u00e9 la rotopressa 9YG-2.24D \u00e8 ideale per le piccole aziende agricole?<\/strong><br \/>\nLa rotopressa 9YG-2.24D \u00e8 progettata per essere compatta ed efficiente, rendendola perfetta per le piccole aziende agricole. Il suo sistema idraulico semplifica il funzionamento, facendo risparmiare tempo e riducendo i costi di manodopera, mentre la sua struttura robusta garantisce prestazioni affidabili su diverse colture.<\/li>\n<li><strong>In che modo il sistema idraulico migliora l'efficienza della pressatura?<\/strong><br \/>\nIl sistema idraulico garantisce un funzionamento fluido, consentendo una pressatura pi\u00f9 rapida e precisa. Riduce lo sforzo manuale richiesto, aiutando gli agricoltori a lavorare pi\u00f9 fieno in meno tempo e con il minimo sforzo fisico.<\/li>\n<li><strong>La rotopressa 9YG-2.24D \u00e8 in grado di gestire fieno bagnato?<\/strong><br \/>\nS\u00ec, la rotopressa 9YG-2.24D \u00e8 in grado di imballare il fieno in diverse condizioni, incluso il fieno umido. Tuttavia, \u00e8 sempre meglio imballare il fieno quando \u00e8 leggermente asciutto per evitare la formazione di muffe e garantire condizioni di conservazione ottimali.<\/li>\n<li><strong>Con quale frequenza dovrei eseguire la manutenzione sulla rotopressa 9YG-2.24D?<\/strong><br \/>\nLa manutenzione ordinaria comprende il controllo del sistema idraulico, la pulizia del<\/li>\n<\/ol>\n<p>modificato da gzl<\/p>","protected":false},"excerpt":{"rendered":"<p>Scopri la rotopressa 9YG-2.24D, progettata per una pressatura efficiente e affidabile del fieno. Questa rotopressa ad alte prestazioni offre maggiore durata e facilit\u00e0 d'uso, rendendola la scelta perfetta per gli agricoltori che cercano una soluzione di qualit\u00e0. Esplora le funzionalit\u00e0 avanzate, tra cui una migliore formazione delle balle e comandi intuitivi. Aggiorna oggi stesso la tua attrezzatura agricola! Clicca per saperne di pi\u00f9 sulle sue specifiche e sui suoi vantaggi.<\/p>","protected":false},"featured_media":391,"template":"","meta":{"_et_pb_use_builder":"","_et_pb_old_content":"","_et_gb_content_width":""},"product_brand":[],"product_cat":[18],"product_tag":[],"class_list":{"0":"post-390","1":"product","2":"type-product","3":"status-publish","4":"has-post-thumbnail","6":"product_cat-round-baler","8":"first","9":"instock","10":"shipping-taxable","11":"product-type-simple"},"_links":{"self":[{"href":"https:\/\/silage-balers.com\/it\/wp-json\/wp\/v2\/product\/390","targetHints":{"allow":["GET"]}}],"collection":[{"href":"https:\/\/silage-balers.com\/it\/wp-json\/wp\/v2\/product"}],"about":[{"href":"https:\/\/silage-balers.com\/it\/wp-json\/wp\/v2\/types\/product"}],"wp:featuredmedia":[{"embeddable":true,"href":"https:\/\/silage-balers.com\/it\/wp-json\/wp\/v2\/media\/391"}],"wp:attachment":[{"href":"https:\/\/silage-balers.com\/it\/wp-json\/wp\/v2\/media?parent=390"}],"wp:term":[{"taxonomy":"product_brand","embeddable":true,"href":"https:\/\/silage-balers.com\/it\/wp-json\/wp\/v2\/product_brand?post=390"},{"taxonomy":"product_cat","embeddable":true,"href":"https:\/\/silage-balers.com\/it\/wp-json\/wp\/v2\/product_cat?post=390"},{"taxonomy":"product_tag","embeddable":true,"href":"https:\/\/silage-balers.com\/it\/wp-json\/wp\/v2\/product_tag?post=390"}],"curies":[{"name":"wp","href":"https:\/\/api.w.org\/{rel}","templated":true}]}}