{"id":458,"date":"2025-12-26T05:10:50","date_gmt":"2025-12-26T05:10:50","guid":{"rendered":"https:\/\/silage-balers.com\/?post_type=product&#038;p=458"},"modified":"2025-12-29T05:42:29","modified_gmt":"2025-12-29T05:42:29","slug":"macchina-integrata-9ycm-850","status":"publish","type":"product","link":"https:\/\/silage-balers.com\/it\/prodotto\/macchina-integrata-9ycm-850\/","title":{"rendered":"Macchina integrata per imballaggio e avvolgimento 9YCM-850"},"content":{"rendered":"<p>La macchina integrata per imballaggio e fasciatura 9YCM-850 \u00e8 un'attrezzatura agricola versatile ed efficiente, progettata per semplificare il processo di imballaggio e fasciatura di prodotti agricoli come fieno, paglia e insilato. Questa macchina integra due funzioni chiave, imballaggio e fasciatura, in un'unica unit\u00e0, migliorando l'efficienza produttiva e riducendo i costi di manodopera. \u00c8 specificamente progettata per un funzionamento efficiente in ambienti agricoli.<\/p>\n<h2>Specifiche tecniche<\/h2>\n<table style=\"border-color: #000000; width: 530px;\">\n<thead>\n<tr>\n<th style=\"width: 52.9766px;\">Numero di serie<\/th>\n<th style=\"width: 151.609px;\">Articolo<\/th>\n<th style=\"width: 65.3828px; text-align: center;\">Unit\u00e0<\/th>\n<th style=\"width: 232.031px;\">Specifica<\/th>\n<\/tr>\n<\/thead>\n<tbody>\n<tr>\n<td style=\"text-align: center; width: 52.9766px;\">1<\/td>\n<td style=\"width: 151.609px;\">Nome del prodotto<\/td>\n<td style=\"width: 65.3828px; text-align: center;\">\/<\/td>\n<td style=\"width: 232.031px;\">Macchina imballatrice e avvolgitrice integrata 9YCM-850<\/td>\n<\/tr>\n<tr>\n<td style=\"text-align: center; width: 52.9766px;\">2<\/td>\n<td style=\"width: 151.609px;\">Dimensioni della balla (diametro \u00d7 lunghezza)<\/td>\n<td style=\"width: 65.3828px; text-align: center;\">cm<\/td>\n<td style=\"width: 232.031px;\">\u03c685-90\u00d785<\/td>\n<\/tr>\n<tr>\n<td style=\"text-align: center; width: 52.9766px;\">3<\/td>\n<td style=\"width: 151.609px;\">Volume della balla<\/td>\n<td style=\"width: 65.3828px; text-align: center;\">M\u00b3<\/td>\n<td style=\"width: 232.031px;\">0.48-0.54<\/td>\n<\/tr>\n<tr>\n<td style=\"text-align: center; width: 52.9766px;\">4<\/td>\n<td style=\"width: 151.609px;\">Volume della tramoggia<\/td>\n<td style=\"width: 65.3828px; text-align: center;\">M\u00b3<\/td>\n<td style=\"width: 232.031px;\">2.5<\/td>\n<\/tr>\n<tr>\n<td style=\"text-align: center; width: 52.9766px;\">5<\/td>\n<td style=\"width: 151.609px;\">Potenza corrispondente<\/td>\n<td style=\"width: 65.3828px; text-align: center;\">\/<\/td>\n<td style=\"width: 232.031px;\">\u2265120 CV<\/td>\n<\/tr>\n<tr>\n<td style=\"text-align: center; width: 52.9766px;\">6<\/td>\n<td style=\"width: 151.609px;\">Dimensioni complessive (lunghezza \u00d7 larghezza \u00d7 altezza)<\/td>\n<td style=\"width: 65.3828px; text-align: center;\">M<\/td>\n<td style=\"width: 232.031px;\">7,00\u00d72,19\u00d73,03<\/td>\n<\/tr>\n<tr>\n<td style=\"text-align: center; width: 52.9766px;\">7<\/td>\n<td style=\"width: 151.609px;\">Specifiche degli pneumatici<\/td>\n<td style=\"width: 65.3828px; text-align: center;\">\/<\/td>\n<td style=\"width: 232.031px;\">295\/60-15<\/td>\n<\/tr>\n<tr>\n<td style=\"text-align: center; width: 52.9766px;\">8<\/td>\n<td style=\"width: 151.609px;\">Uscita PTO<\/td>\n<td style=\"width: 65.3828px; text-align: center;\">giri al minuto<\/td>\n<td style=\"width: 232.031px;\">540<\/td>\n<\/tr>\n<tr>\n<td style=\"text-align: center; width: 52.9766px;\">9<\/td>\n<td style=\"width: 151.609px;\">Requisiti idraulici<\/td>\n<td style=\"width: 65.3828px; text-align: center;\">\/<\/td>\n<td style=\"width: 232.031px;\">1\u00d71\/2 pollice 1\u00d73\/4 pollice<\/td>\n<\/tr>\n<tr>\n<td style=\"text-align: center; width: 52.9766px;\">10<\/td>\n<td style=\"width: 151.609px;\">Requisiti elettrici<\/td>\n<td style=\"width: 65.3828px; text-align: center;\">\/<\/td>\n<td style=\"width: 232.031px;\">12 V CC<\/td>\n<\/tr>\n<tr>\n<td style=\"text-align: center; width: 52.9766px;\">11<\/td>\n<td style=\"width: 151.609px;\">Sistema di controllo<\/td>\n<td style=\"width: 65.3828px; text-align: center;\">\/<\/td>\n<td style=\"width: 232.031px;\">Sistema di controllo elettronico<\/td>\n<\/tr>\n<tr>\n<td style=\"text-align: center; width: 52.9766px;\">12<\/td>\n<td style=\"width: 151.609px;\">Produttivit\u00e0<\/td>\n<td style=\"width: 65.3828px; text-align: center;\">balle\/ora<\/td>\n<td style=\"width: 232.031px;\">30-40<\/td>\n<\/tr>\n<\/tbody>\n<\/table>\n<h2>Definizione del prodotto<\/h2>\n<p>La macchina integrata per imballaggio e fasciatura 9YCM-850 \u00e8 un dispositivo agricolo avanzato che combina i processi di imballaggio e fasciatura in un'unica operazione. Viene utilizzata principalmente per imballare fieno, paglia e altri prodotti agricoli, garantendo la massima conservazione e facilit\u00e0 di trasporto.<\/p>\n<h2>Sfide risolte dalla macchina integrata per imballaggio e avvolgimento 9YCM-850<\/h2>\n<p>La macchina integrata per imballaggio e fasciatura 9YCM-850 risolve diverse sfide comuni che gli agricoltori si trovano ad affrontare nel settore agricolo. Tra queste:<\/p>\n<ul>\n<li>L'avvolgimento manuale delle balle \u00e8 un'operazione che richiede molto tempo e manodopera.<\/li>\n<li>Imballaggi non uniformi, che causano il deterioramento dei prodotti immagazzinati.<\/li>\n<li>Mancanza di efficienza nella movimentazione di grandi volumi di fieno o paglia.<\/li>\n<li>Sfide nel garantire un confezionamento uniforme e affidabile dei prodotti per la conservazione.<\/li>\n<li>La necessit\u00e0 di macchine ad alta capacit\u00e0 in grado di gestire operazioni agricole su larga scala.<\/li>\n<\/ul>\n<h2>Utilizzi della macchina integrata per imballaggio e avvolgimento 9YCM-850<\/h2>\n<p>Questa macchina \u00e8 preziosa in vari processi agricoli, offrendo soluzioni robuste per:<\/p>\n<ul>\n<li>Efficiente pressatura e fasciatura di fieno e paglia per l'alimentazione animale.<\/li>\n<li>Confezionamento di insilato per l'alimentazione invernale o per lo stoccaggio a lungo termine.<\/li>\n<li>Preservare la qualit\u00e0 e il valore nutrizionale dei prodotti agricoli mediante confezionamento ermetico.<\/li>\n<li>Aumentare la durata di conservazione delle balle e ridurre al minimo il deterioramento durante il trasporto e lo stoccaggio.<\/li>\n<li>Semplificazione delle operazioni per le aziende agricole su larga scala riducendo la manodopera e aumentando la produttivit\u00e0.<\/li>\n<\/ul>\n<p style=\"text-align: center;\"><img loading=\"lazy\" decoding=\"async\" class=\"alignnone wp-image-460\" src=\"https:\/\/silage-balers.com\/wp-content\/uploads\/2025\/12\/1-1-1-2-300x300.webp\" alt=\"Macchina integrata\" width=\"365\" height=\"365\" \/><\/p>\n<h2>Vantaggi del prodotto<\/h2>\n<p>La macchina integrata per imballaggio e fasciatura 9YCM-850 offre diversi vantaggi distintivi che la distinguono dalle attrezzature agricole convenzionali:<\/p>\n<ul>\n<li><strong>Alta efficienza:<\/strong> Il design integrato consente la pressatura e l'avvolgimento simultanei, migliorando significativamente l'efficienza operativa e riducendo il tempo impiegato per ogni attivit\u00e0.<\/li>\n<li><strong>Risparmio sui costi:<\/strong> Combinando due funzioni in un'unica macchina, gli agricoltori possono ridurre i costi di manodopera e migliorare la redditivit\u00e0 complessiva.<\/li>\n<li><strong>Confezione di qualit\u00e0 superiore:<\/strong> La macchina garantisce che ogni balla sia avvolta saldamente con una chiusura ermetica, preservando la qualit\u00e0 del contenuto per periodi pi\u00f9 lunghi.<\/li>\n<li><strong>Durata:<\/strong> Realizzato con materiali di alta qualit\u00e0, il modello 9YCM-850 \u00e8 progettato per resistere alle difficili condizioni degli ambienti agricoli, garantendo prestazioni durature.<\/li>\n<li><strong>Versatilit\u00e0:<\/strong> Questa macchina \u00e8 adatta all'uso con una vasta gamma di prodotti agricoli, tra cui fieno, paglia, insilato e altri materiali per mangimi, il che la rende uno strumento multiuso per le moderne attivit\u00e0 agricole.<\/li>\n<\/ul>\n<h2>Come funziona la macchina integrata per imballaggio e avvolgimento 9YCM-850<\/h2>\n<p>La 9YCM-850 funziona utilizzando una serie di sistemi meccanici per comprimere e avvolgere simultaneamente i prodotti agricoli. Il processo inizia con la raccolta del materiale raccolto (come fieno o paglia) in balle. Una volta che le balle sono state raggruppate, l'unit\u00e0 di confezionamento le avvolge immediatamente con plastica o altri materiali idonei per proteggerle da fattori esterni come umidit\u00e0, polvere e aria. Questa doppia azione contribuisce a garantire che le balle rimangano integre e in buone condizioni durante lo stoccaggio o il trasporto.<\/p>\n<h2>Principali applicazioni della macchina integrata per imballaggio e avvolgimento 9YCM-850<\/h2>\n<p>Il modello 9YCM-850 \u00e8 ideale per l'uso in vari contesti agricoli e di allevamento. Ecco alcune delle sue principali applicazioni:<\/p>\n<ul>\n<li><strong>Produzione di fieno:<\/strong> La macchina \u00e8 ampiamente utilizzata per imballare e avvolgere il fieno per l'alimentazione animale, garantendone una conservazione e una qualit\u00e0 ottimali.<\/li>\n<li><strong>Imballaggio in paglia:<\/strong> La paglia, spesso utilizzata come lettiera negli allevamenti di bestiame, pu\u00f2 essere imballata e avvolta per facilitarne lo stoccaggio e il trasporto.<\/li>\n<li><strong>Confezionamento dell'insilato:<\/strong> La macchina avvolge in modo efficiente l'insilato per mantenerne il valore nutrizionale per l'alimentazione del bestiame fuori stagione.<\/li>\n<li><strong>Agricoltura su larga scala:<\/strong> Ideale per grandi aziende agricole o attivit\u00e0 che necessitano di elaborare rapidamente notevoli quantit\u00e0 di materiale.<\/li>\n<li><strong>Conservazione dei mangimi:<\/strong> Per le aziende agricole che desiderano accumulare mangimi per periodi pi\u00f9 lunghi, il modello 9YCM-850 offre un involucro ermetico per proteggere l'integrit\u00e0 nutrizionale del materiale.<\/li>\n<li><strong>Trasporti:<\/strong> I prodotti imballati e avvolti sono pi\u00f9 maneggevoli e resistenti, il che li rende pi\u00f9 facili da trasportare in luoghi diversi.<\/li>\n<\/ul>\n<h2>Scelta della macchina integrata per imballaggio e avvolgimento 9YCM-850 giusta<\/h2>\n<p>Quando si seleziona la macchina integrata per imballaggio e avvolgimento 9YCM-850 ideale, \u00e8 necessario considerare i seguenti fattori per garantire che soddisfi le proprie esigenze specifiche:<\/p>\n<ul>\n<li><strong>Capacit\u00e0 produttiva:<\/strong> Scegli una macchina in grado di gestire il volume di prodotti che intendi elaborare, garantendo efficienza e riducendo al minimo i tempi di fermo.<\/li>\n<li><strong>Compatibilit\u00e0 dei materiali:<\/strong> Assicuratevi che la macchina sia compatibile con il tipo di prodotti agricoli con cui lavorate, come fieno, paglia o insilato.<\/li>\n<li><strong>Durata:<\/strong> Cercate macchine realizzate con materiali di alta qualit\u00e0, in grado di resistere all'uso continuo in condizioni agricole difficili.<\/li>\n<li><strong>Facilit\u00e0 di manutenzione:<\/strong> Scegliete una macchina con facile accesso ai componenti per riparazioni e manutenzione regolare, per evitare costosi tempi di fermo.<\/li>\n<li><strong>Rapporto costo-efficacia:<\/strong> Considerare il valore dell'investimento a lungo termine della macchina, incluso il potenziale di risparmio di manodopera e di aumento dell'efficienza.<\/li>\n<\/ul>\n<h2>Manutenzione della macchina integrata per imballaggio e avvolgimento 9YCM-850<\/h2>\n<p>Per mantenere la macchina integrata per imballaggio e fasciatura 9YCM-850 al massimo delle sue prestazioni, \u00e8 fondamentale una manutenzione regolare. Ecco alcuni suggerimenti per la manutenzione:<\/p>\n<ul>\n<li><strong>Pulizia regolare:<\/strong> Pulire la macchina dopo ogni utilizzo per evitare l'accumulo di polvere e detriti che potrebbero comprometterne le prestazioni.<\/li>\n<li><strong>Lubrificazione:<\/strong> Applicare regolarmente del lubrificante alle parti mobili per prevenirne l'usura.<\/li>\n<li><strong>Controllare l'usura:<\/strong> Controllare i meccanismi di avvolgimento e imballaggio per individuare eventuali segni di usura e sostituire le parti che presentano danni significativi.<\/li>\n<li><strong>Ispezioni elettriche:<\/strong> Assicurarsi che tutti i componenti elettrici funzionino correttamente e verificare la presenza di eventuali guasti che potrebbero interromperne il funzionamento.<\/li>\n<li><strong>Magazzinaggio:<\/strong> Quando non in uso, riporre la macchina in un luogo asciutto per evitare la corrosione e la ruggine delle parti metalliche.<\/li>\n<\/ul>\n<h2>Recensioni dei clienti<\/h2>\n<p>\"La 9YCM-850 ha rivoluzionato il modo in cui gestiamo la nostra produzione di fieno. Abbiamo ridotto significativamente i costi di manodopera e aumentato la produttivit\u00e0. La qualit\u00e0 della fasciatura \u00e8 fantastica e le nostre balle di fieno si conservano meglio che mai. Altamente consigliata!\"<\/p>\n<p><strong>John Doe \u2013 Stati Uniti<\/strong><\/p>\n<p>\"Utilizziamo la 9YCM-850 da oltre un anno e si \u00e8 rivelata un ottimo investimento. \u00c8 facile da usare, molto efficiente e produce balle fasciate di altissima qualit\u00e0. Ci ha aiutato a migliorare sia lo stoccaggio che il trasporto del nostro insilato.\"<\/p>\n<p><strong>Max M\u00fcller \u2013 Germania<\/strong><\/p>\n<p>\"Questa macchina ha cambiato le regole del gioco per la nostra azienda agricola. L'integrazione delle funzioni di pressatura e fasciatura ci ha fatto risparmiare un sacco di tempo e fatica. La qualit\u00e0 costruttiva \u00e8 eccellente e finora non abbiamo riscontrato alcun problema di manutenzione. La ricomprerei!\"<\/p>\n<p><strong>Emily Johnson \u2013 Australia<\/strong><\/p>\n<p>\"Per le attivit\u00e0 su larga scala della nostra azienda agricola, la 9YCM-850 \u00e8 proprio ci\u00f2 di cui avevamo bisogno. Siamo riusciti a lavorare grandi quantit\u00e0 di fieno con facilit\u00e0 e la fasciatura garantisce che il foraggio duri per tutto l'inverno. Una macchina affidabile, durevole ed efficiente.\"<\/p>\n<p><strong>Rajesh Kumar \u2013 India<\/strong><\/p>\n<p>\"Sono molto soddisfatto delle prestazioni di questa macchina. Ha ridotto i tempi di lavorazione del fieno e ha aumentato significativamente la produttivit\u00e0 della nostra azienda agricola. La qualit\u00e0 della fasciatura \u00e8 eccellente e la macchina \u00e8 molto facile da manutenere.\"<\/p>\n<p><strong>Lucas Pereira \u2013 Brasile<\/strong><\/p>\n<h2>Perch\u00e9 scegliere il nostro prodotto?<\/h2>\n<p>Offriamo servizi di personalizzazione rapidi, garantendo che il 9YCM-850 <a href=\"http:\/\/square-balers.com\" target=\"_blank\" rel=\"noopener\">Macchina integrata per imballaggio e avvolgimento<\/a> soddisfa le specifiche esigenze della tua azienda agricola. I nostri prodotti sono coperti da una garanzia di tre anni, per offrirti tranquillit\u00e0 e assicurarti affidabilit\u00e0 a lungo termine. Con spedizioni rapide in tutto il mondo e un eccellente supporto post-vendita, ci impegniamo a offrire ai nostri clienti la migliore esperienza possibile.<\/p>\n<h2>Esplora la macchina integrata per imballaggio e avvolgimento 9YCM-850<\/h2>\n<p>Se stai cercando una soluzione efficiente, affidabile e durevole per le tue esigenze di imballaggio e avvolgimento, non cercare oltre: la macchina integrata per imballaggio e avvolgimento 9YCM-850 \u00e8 la soluzione che fa per te.<\/p>\n<p>Grazie alle sue potenti funzionalit\u00e0, alla facile manutenzione e al notevole risparmio sui costi, \u00e8 la scelta ideale per le moderne attivit\u00e0 agricole. Oltre al modello 9YCM-850, offriamo anche un'ampia gamma di accessori agricoli e prodotti correlati per soddisfare le vostre diverse esigenze. Contattateci oggi stesso per saperne di pi\u00f9 sui nostri prodotti, sui prezzi e su come possiamo aiutarvi a ottimizzare le vostre attivit\u00e0 agricole.<\/p>\n<h2>Domande frequenti (FAQ)<\/h2>\n<p><strong>Qual \u00e8 la capacit\u00e0 della pressa per balle e avvolgimenti 9YCM-850? <a href=\"https:\/\/silage-balers.com\/it\/prodotto\/macchina-per-la-raccolta-e-il-trasporto-di-balle\/\">Macchina integrata<\/a>?<\/strong><\/p>\n<p>La 9YCM-850 \u00e8 progettata per gestire in modo efficiente grandi volumi di fieno, paglia e altri prodotti agricoli. Pu\u00f2 lavorare fino a 850 kg per balla, il che la rende ideale per le aziende agricole su larga scala.<\/p>\n<p><strong>Il modello 9YCM-850 \u00e8 adatto all'insilamento?<\/strong><\/p>\n<p>S\u00ec, il 9YCM-850 \u00e8 perfetto per avvolgere l'insilato. L'involucro ermetico aiuta a preservare il valore nutrizionale dell'insilato per periodi pi\u00f9 lunghi, garantendone la freschezza per l'alimentazione del bestiame.<\/p>\n<p><strong>Il modello 9YCM-850 pu\u00f2 essere utilizzato in condizioni meteorologiche avverse?<\/strong><\/p>\n<p>S\u00ec, il modello 9YCM-850 \u00e8 progettato per resistere ad ambienti agricoli difficili, tra cui alte temperature e condizioni di umidit\u00e0. \u00c8 costruito con materiali durevoli in grado di resistere a condizioni meteorologiche avverse.<\/p>\n<p><strong>Quanto dura il materiale di avvolgimento delle balle?<\/strong><\/p>\n<p>Il materiale di avvolgimento utilizzato dalla 9YCM-850 \u00e8 progettato per durare a lungo, garantendo che le balle siano protette da fattori ambientali come umidit\u00e0 e aria. La durata dell'avvolgimento dipende in gran parte dalle condizioni esterne, ma in genere dura diversi mesi.<\/p>\n<p><strong>Quanto \u00e8 facile la manutenzione del 9YCM-850?<\/strong><\/p>\n<p>La 9YCM-850 \u00e8 progettata per una facile manutenzione. La pulizia, la lubrificazione e l'ispezione regolari dei componenti chiave manterranno la macchina in perfetto stato, riducendo al minimo i tempi di fermo e prolungandone la durata.<\/p>\n<p>modificato da gzl<\/p>\n<p>&nbsp;<\/p>","protected":false},"excerpt":{"rendered":"<p>Scopri la macchina integrata per imballaggio e fasciatura 9YCM-850. Efficiente, affidabile e progettata per alte prestazioni. Migliora le tue attivit\u00e0 oggi stesso! Acquistala subito.<\/p>","protected":false},"featured_media":460,"template":"","meta":{"_et_pb_use_builder":"","_et_pb_old_content":"","_et_gb_content_width":""},"product_brand":[],"product_cat":[21],"product_tag":[],"class_list":{"0":"post-458","1":"product","2":"type-product","3":"status-publish","4":"has-post-thumbnail","6":"product_cat-other-series-products","8":"first","9":"instock","10":"shipping-taxable","11":"product-type-simple"},"_links":{"self":[{"href":"https:\/\/silage-balers.com\/it\/wp-json\/wp\/v2\/product\/458","targetHints":{"allow":["GET"]}}],"collection":[{"href":"https:\/\/silage-balers.com\/it\/wp-json\/wp\/v2\/product"}],"about":[{"href":"https:\/\/silage-balers.com\/it\/wp-json\/wp\/v2\/types\/product"}],"wp:featuredmedia":[{"embeddable":true,"href":"https:\/\/silage-balers.com\/it\/wp-json\/wp\/v2\/media\/460"}],"wp:attachment":[{"href":"https:\/\/silage-balers.com\/it\/wp-json\/wp\/v2\/media?parent=458"}],"wp:term":[{"taxonomy":"product_brand","embeddable":true,"href":"https:\/\/silage-balers.com\/it\/wp-json\/wp\/v2\/product_brand?post=458"},{"taxonomy":"product_cat","embeddable":true,"href":"https:\/\/silage-balers.com\/it\/wp-json\/wp\/v2\/product_cat?post=458"},{"taxonomy":"product_tag","embeddable":true,"href":"https:\/\/silage-balers.com\/it\/wp-json\/wp\/v2\/product_tag?post=458"}],"curies":[{"name":"wp","href":"https:\/\/api.w.org\/{rel}","templated":true}]}}