{"id":66,"date":"2025-11-14T07:22:25","date_gmt":"2025-11-14T07:22:25","guid":{"rendered":"https:\/\/silage-balers.com\/?page_id=66"},"modified":"2025-11-26T07:49:55","modified_gmt":"2025-11-26T07:49:55","slug":"skontaktuj-sie-z-nami","status":"publish","type":"page","link":"https:\/\/silage-balers.com\/pl\/skontaktuj-sie-z-nami\/","title":{"rendered":"Skontaktuj si\u0119 z nami"},"content":{"rendered":"<p>[et_pb_section fb_built=”1″ admin_label=”section” _builder_version=”4.16″ global_colors_info=”{}”][et_pb_row admin_label=”row” _builder_version=”4.16″ background_size=”initial” background_position=”top_left” background_repeat=”repeat” global_colors_info=”{}”][et_pb_column type=”4_4″ _builder_version=”4.16″ custom_padding=”|||” global_colors_info=”{}” custom_padding__hover=”|||”][et_pb_image src=”https:\/\/silage-balers.com\/wp-content\/uploads\/2025\/11\/ep-Silage-Baler-contact-1.png” alt=”Contact Us” title_text=”ep-Silage Baler-contact-1″ _builder_version=”4.27.4″ _module_preset=”default” min_height=”370.7px” custom_margin=”-128px|||||” custom_padding=”||0px|||” hover_enabled=”0″ global_colors_info=”{}” sticky_enabled=”0″][\/et_pb_image][et_pb_text admin_label=”Text” _builder_version=”4.27.4″ header_2_font_size=”19px” background_size=”initial” background_position=”top_left” background_repeat=”repeat” custom_padding=”0px|||||” global_colors_info=”{}”]<\/p>\n<p data-start=\"106\" data-end=\"364\">Dzi\u0119kujemy za zainteresowanie firm\u0105 UK Silage-Balers.com Co., Ltd. Zale\u017cy nam na dostarczaniu wysokiej jako\u015bci rozwi\u0105za\u0144 w zakresie belowania kiszonki, kt\u00f3re spe\u0142ni\u0105 Pa\u0144stwa potrzeby. W razie pyta\u0144 lub potrzeby pomocy prosimy o kontakt z nami za pomoc\u0105 poni\u017cszych danych.<\/p>\n<p data-start=\"366\" data-end=\"382\">Nasz adres: Bury St Edmunds, Suffolk IP32 7LX, Wielka Brytania<\/p>\n<p data-start=\"469\" data-end=\"482\">Napisz do nas:\u00a0<a href=\"mailto:sales@silage-balers.com\">sales@silage-balers.com<\/a><\/p>\n<h2 data-start=\"651\" data-end=\"671\">Jak do nas dotrze\u0107<\/h2>\n<p data-start=\"673\" data-end=\"954\">Zawsze ch\u0119tnie odpowiemy na wszelkie pytania dotycz\u0105ce naszych produkt\u00f3w i us\u0142ug. Niezale\u017cnie od tego, czy potrzebujesz wsparcia technicznego, wskaz\u00f3wek dotycz\u0105cych produkt\u00f3w, czy informacji o naszych prasach do kiszonki, nasz zesp\u00f3\u0142 jest do Twojej dyspozycji. Skontaktuj si\u0119 z nami mailowo, a odpowiemy najszybciej, jak to mo\u017cliwe.<\/p>\n<p>[\/et_pb_text][et_pb_text admin_label=”Text” _builder_version=”4.27.4″ header_2_font_size=”19px” background_size=”initial” background_position=”top_left” background_repeat=”repeat” global_colors_info=”{}”]<\/p>\n<p data-start=\"106\" data-end=\"364\">Dzi\u0119kujemy za zainteresowanie firm\u0105 UK Silage-Balers.com Co., Ltd. Zale\u017cy nam na dostarczaniu wysokiej jako\u015bci rozwi\u0105za\u0144 w zakresie belowania kiszonki, kt\u00f3re spe\u0142ni\u0105 Pa\u0144stwa potrzeby. W razie pyta\u0144 lub potrzeby pomocy prosimy o kontakt z nami za pomoc\u0105 poni\u017cszych danych.<\/p>\n<p data-start=\"366\" data-end=\"382\">Nasz adres: Bury St Edmunds, Suffolk IP32 7LX, Wielka Brytania<\/p>\n<p data-start=\"469\" data-end=\"482\">Napisz do nas:\u00a0<a href=\"mailto:sales@silage-balers.com\">sales@silage-balers.com<\/a><\/p>\n<h2 data-start=\"651\" data-end=\"671\">Jak do nas dotrze\u0107<\/h2>\n<p data-start=\"673\" data-end=\"954\">Zawsze ch\u0119tnie odpowiemy na wszelkie pytania dotycz\u0105ce naszych produkt\u00f3w i us\u0142ug. Niezale\u017cnie od tego, czy potrzebujesz wsparcia technicznego, wskaz\u00f3wek dotycz\u0105cych produkt\u00f3w, czy informacji o naszych prasach do kiszonki, nasz zesp\u00f3\u0142 jest do Twojej dyspozycji. Skontaktuj si\u0119 z nami mailowo, a odpowiemy najszybciej, jak to mo\u017cliwe.<\/p>\n<p>[\/et_pb_text][\/et_pb_column][\/et_pb_row][\/et_pb_section][et_pb_section fb_built=”1″ theme_builder_area=”post_content” _builder_version=”4.27.4″ _module_preset=”default”][et_pb_row _builder_version=”4.27.4″ _module_preset=”default” theme_builder_area=”post_content”][et_pb_column _builder_version=”4.27.4″ _module_preset=”default” type=”4_4″ theme_builder_area=”post_content”][et_pb_code _builder_version=”4.27.4″ _module_preset=”default” theme_builder_area=”post_content” hover_enabled=”0″ sticky_enabled=”0″ custom_margin=”|||185px|false|false”]<iframe src=\"https:\/\/www.google.com\/maps\/embed?pb=!1m18!1m12!1m3!1d2442.837427009377!2d0.7407206760319578!3d52.2463365064555!2m3!1f0!2f0!3f0!3m2!1i1024!2i768!4f13.1!3m3!1m2!1s0x47d84cee88abf495%3A0x5a7609d73854277!2sFiske%20Cl%2C%20Bury%20Saint%20Edmunds%20IP32%207LX%2C%20UK!5e0!3m2!1sen!2sus!4v1764142332079!5m2!1sen!2sus\" width=\"600\" height=\"450\" style=\"border:0;\" allowfullscreen=\"\" loading=\"lazy\" referrerpolicy=\"no-referrer-when-downgrade\"><\/iframe>[\/et_pb_code][\/et_pb_column][\/et_pb_row][\/et_pb_section]<\/p>","protected":false},"excerpt":{"rendered":"<p>Thank you for your interest in UK Silage-Balers.com Co., Ltd. We are committed to providing high-quality silage baling solutions to meet your needs. If you have any questions or require assistance, please feel free to reach out to us using the details below. Our Address: Bury St Edmunds, Suffolk IP32 7LX, UK Email Us:\u00a0sales@silage-balers.com How [&hellip;]<\/p>","protected":false},"author":1,"featured_media":0,"parent":0,"menu_order":0,"comment_status":"closed","ping_status":"closed","template":"","meta":{"_et_pb_use_builder":"on","_et_pb_old_content":"<p data-start=\"106\" data-end=\"364\">Thank you for your interest in UK Silage-Balers.com Co., Ltd. We are committed to providing high-quality silage baling solutions to meet your needs. If you have any questions or require assistance, please feel free to reach out to us using the details below.<\/p>\r\n<p data-start=\"366\" data-end=\"382\">Our Address: Bury St Edmunds, Suffolk IP32 7LX, UK<\/p>\r\n<p data-start=\"469\" data-end=\"482\">Email Us:\u00a0<a href=\"mailto:sales@silage-balers.com\">sales@silage-balers.com<\/a><\/p>\r\n\r\n<h2 data-start=\"651\" data-end=\"671\">How to Reach Us<\/h2>\r\n<p data-start=\"673\" data-end=\"954\">We are always happy to assist you with any questions regarding our products or services. Whether you need technical support, product guidance, or information about our silage balers, our team is ready to help. Feel free to reach out by email, and we\u2019ll respond as soon as possible.<\/p>","_et_gb_content_width":"","footnotes":""},"class_list":["post-66","page","type-page","status-publish","hentry"],"_links":{"self":[{"href":"https:\/\/silage-balers.com\/pl\/wp-json\/wp\/v2\/pages\/66","targetHints":{"allow":["GET"]}}],"collection":[{"href":"https:\/\/silage-balers.com\/pl\/wp-json\/wp\/v2\/pages"}],"about":[{"href":"https:\/\/silage-balers.com\/pl\/wp-json\/wp\/v2\/types\/page"}],"author":[{"embeddable":true,"href":"https:\/\/silage-balers.com\/pl\/wp-json\/wp\/v2\/users\/1"}],"replies":[{"embeddable":true,"href":"https:\/\/silage-balers.com\/pl\/wp-json\/wp\/v2\/comments?post=66"}],"version-history":[{"count":6,"href":"https:\/\/silage-balers.com\/pl\/wp-json\/wp\/v2\/pages\/66\/revisions"}],"predecessor-version":[{"id":273,"href":"https:\/\/silage-balers.com\/pl\/wp-json\/wp\/v2\/pages\/66\/revisions\/273"}],"wp:attachment":[{"href":"https:\/\/silage-balers.com\/pl\/wp-json\/wp\/v2\/media?parent=66"}],"curies":[{"name":"wp","href":"https:\/\/api.w.org\/{rel}","templated":true}]}}