{"id":279,"date":"2025-11-26T08:19:41","date_gmt":"2025-11-26T08:19:41","guid":{"rendered":"https:\/\/silage-balers.com\/?post_type=product&#038;p=279"},"modified":"2025-12-29T05:47:28","modified_gmt":"2025-12-29T05:47:28","slug":"prasa-okragla-9yg-2-24d-s9000-beyond","status":"publish","type":"product","link":"https:\/\/silage-balers.com\/pl\/produkt\/prasa-okragla-9yg-2-24d-s9000-beyond\/","title":{"rendered":"Prasa okr\u0105g\u0142a 9YG-2.24D (S9000 Beyond)"},"content":{"rendered":"<p data-start=\"63\" data-end=\"562\">Prasa zwijaj\u0105ca 9YG-2.24D (S9000 Beyond) to wysokiej klasy, wydajna maszyna rolnicza przeznaczona do belowania siana, s\u0142omy i kiszonki na du\u017c\u0105 skal\u0119. Ta prasa zwijaj\u0105ca, dzi\u0119ki zaawansowanym funkcjom i innowacyjnej konstrukcji, przenosi tradycyjn\u0105 pras\u0119 zwijaj\u0105c\u0105 na wy\u017cszy poziom, oferuj\u0105c niezr\u00f3wnan\u0105 niezawodno\u015b\u0107, wydajno\u015b\u0107 i \u0142atwo\u015b\u0107 obs\u0142ugi. Niezale\u017cnie od tego, czy belowasz siano do przechowywania, czy kiszonk\u0119 na pasz\u0119 dla zwierz\u0105t gospodarskich, 9YG-2.24D gwarantuje szybkie wykonanie pracy, doskona\u0142e rezultaty i minimalny czas przestoju.<\/p>\n<h2>Dane techniczne<\/h2>\n<table style=\"border-color: #000000;\">\n<thead>\n<tr>\n<th>Numer seryjny<\/th>\n<th>Przedmiot<\/th>\n<th>Jednostka<\/th>\n<th>Specyfikacja<\/th>\n<\/tr>\n<\/thead>\n<tbody>\n<tr>\n<td>1<\/td>\n<td>Nazwa modelu<\/td>\n<td>\/<\/td>\n<td>Prasa okr\u0105g\u0142a 9YG-2.24D (S9000 Beyond)<\/td>\n<\/tr>\n<tr>\n<td>2<\/td>\n<td>Metoda zaczepiania<\/td>\n<td>\/<\/td>\n<td>Typ trakcji<\/td>\n<\/tr>\n<tr>\n<td>3<\/td>\n<td>Szeroko\u015b\u0107 pobierania<\/td>\n<td>mm<\/td>\n<td>2240<\/td>\n<\/tr>\n<tr>\n<td>4<\/td>\n<td>Typ strukturalny selektora<\/td>\n<td>\/<\/td>\n<td>Typ spr\u0119\u017cynowo-z\u0119bowy<\/td>\n<\/tr>\n<tr>\n<td>5<\/td>\n<td>Typ konstrukcyjny podajnika<\/td>\n<td>\/<\/td>\n<td>Z\u0105b grabi\u0105cy + typ wa\u0142ka<\/td>\n<\/tr>\n<tr>\n<td>6<\/td>\n<td>Typ mechanizmu belowania komory kompresyjnej<\/td>\n<td>\/<\/td>\n<td>Typ rolki<\/td>\n<\/tr>\n<tr>\n<td>7<\/td>\n<td>Szeroko\u015b\u0107 komory spr\u0119\u017cania<\/td>\n<td>mm<\/td>\n<td>1400<\/td>\n<\/tr>\n<tr>\n<td>8<\/td>\n<td>\u015arednica komory spr\u0119\u017cania<\/td>\n<td>mm<\/td>\n<td>\u03a61200<\/td>\n<\/tr>\n<tr>\n<td>9<\/td>\n<td>Liczba ruchomych cz\u0119\u015bci roboczych<\/td>\n<td>komputer<\/td>\n<td>18 (Rolki)<\/td>\n<\/tr>\n<tr>\n<td>10<\/td>\n<td>\u015arednica wa\u0142ka tocznego<\/td>\n<td>mm<\/td>\n<td>\u03a6222<\/td>\n<\/tr>\n<tr>\n<td>11<\/td>\n<td>Metoda wi\u0105zania<\/td>\n<td>\/<\/td>\n<td>Owijanie siatk\u0105<\/td>\n<\/tr>\n<tr>\n<td>12<\/td>\n<td>Dopasowana moc<\/td>\n<td>kw<\/td>\n<td>55-100<\/td>\n<\/tr>\n<tr>\n<td>13<\/td>\n<td>Masa konstrukcyjna<\/td>\n<td>kg<\/td>\n<td>4570<\/td>\n<\/tr>\n<tr>\n<td>14<\/td>\n<td>Pr\u0119dko\u015b\u0107 wa\u0142u odbioru mocy<\/td>\n<td>obr.\/min<\/td>\n<td>720<\/td>\n<\/tr>\n<tr>\n<td>15<\/td>\n<td>Wymiary ca\u0142kowite (d\u0142ugo\u015b\u0107 \u00d7 szeroko\u015b\u0107 \u00d7 wysoko\u015b\u0107)<\/td>\n<td>mm<\/td>\n<td>4600\u00d73010\u00d72370 (stan roboczy)<\/td>\n<\/tr>\n<tr>\n<td>16<\/td>\n<td>Kontrola g\u0119sto\u015bci beli<\/td>\n<td>\/<\/td>\n<td>Kontrola czujnika<\/td>\n<\/tr>\n<tr>\n<td>17<\/td>\n<td>Rozmiar beli (\u015brednica \u00d7 szeroko\u015b\u0107)<\/td>\n<td>mm<\/td>\n<td>\u03a61300\u00d71400<\/td>\n<\/tr>\n<tr>\n<td>18<\/td>\n<td>G\u0119sto\u015b\u0107 beli<\/td>\n<td>kg\/m\u00b3<\/td>\n<td>100-200<\/td>\n<\/tr>\n<tr>\n<td>19<\/td>\n<td>Wydajno\u015b\u0107<\/td>\n<td>bele\/h<\/td>\n<td>40~100<\/td>\n<\/tr>\n<tr>\n<td>20<\/td>\n<td>Rozstaw osi<\/td>\n<td>mm<\/td>\n<td>2600<\/td>\n<\/tr>\n<tr>\n<td>21<\/td>\n<td>Pr\u0119dko\u015b\u0107 robocza<\/td>\n<td>km\/h<\/td>\n<td>5-35<\/td>\n<\/tr>\n<tr>\n<td>22<\/td>\n<td>Specyfikacja sieci (d\u0142ugo\u015b\u0107 \u00d7 szeroko\u015b\u0107)<\/td>\n<td>\/<\/td>\n<td>2000\u00d71,4 m na bel\u0119<\/td>\n<\/tr>\n<\/tbody>\n<\/table>\n<h2 data-start=\"564\" data-end=\"618\">Czym jest prasa zwijaj\u0105ca 9YG-2.24D (S9000 Beyond)?<\/h2>\n<p data-start=\"620\" data-end=\"1186\">Prasa zwijaj\u0105ca 9YG-2.24D (S9000 Beyond) to specjalistyczna maszyna s\u0142u\u017c\u0105ca do zbierania, zag\u0119szczania i wi\u0105zania lu\u017anego materia\u0142u, takiego jak siano, s\u0142oma i kiszonka, w okr\u0105g\u0142e bele. Dzia\u0142a poprzez zbieranie zebranego materia\u0142u, prasowanie go w cylindryczne kszta\u0142ty, a nast\u0119pnie owijanie sznurkiem lub siatk\u0105, aby zachowa\u0107 jego integralno\u015b\u0107 i u\u0142atwi\u0107 przechowywanie, transport i obs\u0142ug\u0119. Model \u201eS9000 Beyond\u201d to ulepszona wersja tradycyjnych pras zwijaj\u0105cych, wyposa\u017cona w najnowocze\u015bniejsz\u0105 technologi\u0119 zapewniaj\u0105c\u0105 doskona\u0142\u0105 wydajno\u015b\u0107, lepsz\u0105 obs\u0142ug\u0119 plon\u00f3w i ni\u017csze koszty eksploatacji.<\/p>\n<p data-start=\"1188\" data-end=\"1578\">Prasa 9YG-2.24D zosta\u0142a zaprojektowana do pracy z szerok\u0105 gam\u0105 upraw, w tym zar\u00f3wno suchym sianokiem, jak i wilgotn\u0105 kiszonk\u0105, co czyni j\u0105 wszechstronnym wyborem dla rolnik\u00f3w poszukuj\u0105cych niezawodnej i wydajnej prasy do r\u00f3\u017cnych prac rolniczych. Dzi\u0119ki takim funkcjom jak regulacja rozmiaru beli, \u0142atwo\u015b\u0107 obs\u0142ugi i solidna konstrukcja, jest to niezb\u0119dne narz\u0119dzie dla os\u00f3b, kt\u00f3re chc\u0105 usprawni\u0107 produkcj\u0119 siana i kiszonki.<\/p>\n<p style=\"text-align: center;\" data-start=\"1188\" data-end=\"1578\"><img loading=\"lazy\" decoding=\"async\" class=\"alignnone size-full wp-image-319\" src=\"https:\/\/silage-balers.com\/wp-content\/uploads\/2025\/11\/6-1.webp\" alt=\"Prasa okr\u0105g\u0142a\" width=\"285\" height=\"285\" srcset=\"https:\/\/silage-balers.com\/wp-content\/uploads\/2025\/11\/6-1.webp 285w, https:\/\/silage-balers.com\/wp-content\/uploads\/2025\/11\/6-1-150x150.webp 150w, https:\/\/silage-balers.com\/wp-content\/uploads\/2025\/11\/6-1-12x12.webp 12w, https:\/\/silage-balers.com\/wp-content\/uploads\/2025\/11\/6-1-100x100.webp 100w\" sizes=\"(max-width: 285px) 100vw, 285px\" \/><\/p>\n<h3 data-start=\"1580\" data-end=\"1641\">Najwa\u017cniejsze cechy prasy zwijaj\u0105cej 9YG-2.24D (S9000 Beyond)<\/h3>\n<ol>\n<li data-start=\"1646\" data-end=\"1995\">Wydajne belowanie: Prasa zwijaj\u0105ca 9YG-2.24D (S9000 Beyond) wyposa\u017cona jest w zaawansowany uk\u0142ad podawania i prasowania, kt\u00f3ry umo\u017cliwia \u0142atwe prasowanie du\u017cych ilo\u015bci materia\u0142u ro\u015blinnego. Udoskonalony system zapewnia powtarzalne i r\u00f3wnomierne bele, nawet w zmiennych warunkach uprawy, co sprawia, \u017ce \u200b\u200bprasa jest bardzo wydajna w r\u00f3\u017cnych warunkach rolniczych.<\/li>\n<li data-start=\"2000\" data-end=\"2346\">Regulowany rozmiar beli: Jedn\u0105 z wyr\u00f3\u017cniaj\u0105cych cech prasy 9YG-2.24D jest mo\u017cliwo\u015b\u0107 regulacji rozmiaru okr\u0105g\u0142ych bel. Ta elastyczno\u015b\u0107 pozwala u\u017cytkownikowi na produkcj\u0119 bel dostosowanych do potrzeb przechowywania i transportu, niezale\u017cnie od tego, czy celem jest uzyskanie ma\u0142ych, por\u0119cznych bel do \u0142atwego przenoszenia, czy wi\u0119kszych bel do d\u0142ugoterminowego przechowywania.<\/li>\n<li data-start=\"2351\" data-end=\"2616\">Trwa\u0142a konstrukcja: Zbudowana z my\u015bl\u0105 o d\u0142ugim okresie u\u017cytkowania, prasa 9YG-2.24D jest wykonana z wysokiej jako\u015bci materia\u0142\u00f3w, kt\u00f3re wytrzymuj\u0105 obci\u0105\u017cenia zwi\u0105zane z codziennym u\u017cytkowaniem. Zaprojektowano j\u0105 do pracy w trudnych warunkach, zapewniaj\u0105c doskona\u0142\u0105 niezawodno\u015b\u0107 i minimalizuj\u0105c przestoje w intensywnym sezonie belowania.<\/li>\n<li data-start=\"2621\" data-end=\"2921\">Zaawansowany system owijania: Model 9YG-2.24D jest wyposa\u017cony w ulepszony system owijania, kt\u00f3ry szczelnie zabezpiecza okr\u0105g\u0142e bele za pomoc\u0105 sznurka lub siatki. Dzi\u0119ki temu bele pozostaj\u0105 nienaruszone i chronione przed wilgoci\u0105, brudem i szkodnikami, co czyni je idealnymi do d\u0142ugotrwa\u0142ego przechowywania lub transportu.<\/li>\n<li data-start=\"2926\" data-end=\"3204\">Intuicyjne sterowanie: Pomimo zaawansowanych funkcji, model 9YG-2.24D zosta\u0142 zaprojektowany z my\u015bl\u0105 o \u0142atwo\u015bci obs\u0142ugi. Sterowanie jest intuicyjne, a maszyna oferuje czytelne wy\u015bwietlacze i prost\u0105 obs\u0142ug\u0119, pozwalaj\u0105c rolnikom skupi\u0107 si\u0119 na wykonywanej pracy bez zb\u0119dnych komplikacji.<\/li>\n<li data-start=\"3209\" data-end=\"3532\">Ni\u017csze koszty i konserwacja: Konstrukcja kosiarki 9YG-2.24D minimalizuje zu\u017cycie podzespo\u0142\u00f3w, zmniejszaj\u0105c potrzeb\u0119 cz\u0119stej konserwacji. Wysoka jako\u015b\u0107 wykonania i wydajna praca przek\u0142adaj\u0105 si\u0119 na oszcz\u0119dno\u015bci w ca\u0142ym okresie eksploatacji maszyny, co czyni j\u0105 cenn\u0105, d\u0142ugoterminow\u0105 inwestycj\u0105 w ka\u017cdym gospodarstwie rolnym.<\/li>\n<li data-start=\"3537\" data-end=\"3807\">Oszcz\u0119dno\u015b\u0107 paliwa: Model S9000 Beyond wykorzystuje energooszcz\u0119dn\u0105 technologi\u0119, kt\u00f3ra zmniejsza zu\u017cycie paliwa podczas pracy. Pomaga to rolnikom oszcz\u0119dza\u0107 na kosztach paliwa, jednocze\u015bnie zwi\u0119kszaj\u0105c wydajno\u015b\u0107, dzi\u0119ki czemu model 9YG-2.24D jest ekonomiczn\u0105 opcj\u0105 do belowania na du\u017c\u0105 skal\u0119.<\/li>\n<li data-start=\"3812\" data-end=\"4116\">Wszechstronno\u015b\u0107: Niezale\u017cnie od tego, czy pracujesz z sianem, s\u0142om\u0105 czy kiszonk\u0105, prasa zwijaj\u0105ca 9YG-2.24D poradzi sobie z szerok\u0105 gam\u0105 upraw. Mo\u017cliwo\u015b\u0107 belowania zar\u00f3wno suchego, jak i wilgotnego materia\u0142u sprawia, \u017ce \u200b\u200bjest to doskona\u0142y wyb\u00f3r dla r\u00f3\u017cnorodnych potrzeb rolniczych, od tradycyjnego belowania siana po produkcj\u0119 kiszonki na pasz\u0119 dla zwierz\u0105t gospodarskich.<\/li>\n<\/ol>\n<h3 style=\"text-align: center;\" data-start=\"6691\" data-end=\"6748\"><img loading=\"lazy\" decoding=\"async\" class=\"alignnone size-full wp-image-318\" src=\"https:\/\/silage-balers.com\/wp-content\/uploads\/2025\/11\/5-1-3.webp\" alt=\"Prasa okr\u0105g\u0142a\" width=\"289\" height=\"289\" srcset=\"https:\/\/silage-balers.com\/wp-content\/uploads\/2025\/11\/5-1-3.webp 289w, https:\/\/silage-balers.com\/wp-content\/uploads\/2025\/11\/5-1-3-150x150.webp 150w, https:\/\/silage-balers.com\/wp-content\/uploads\/2025\/11\/5-1-3-12x12.webp 12w, https:\/\/silage-balers.com\/wp-content\/uploads\/2025\/11\/5-1-3-100x100.webp 100w\" sizes=\"(max-width: 289px) 100vw, 289px\" \/><\/h3>\n<h3 data-start=\"6691\" data-end=\"6748\">Dlaczego warto wybra\u0107 pras\u0119 zwijaj\u0105c\u0105 9YG-2.24D (S9000 Beyond)?<\/h3>\n<p data-start=\"6750\" data-end=\"7406\">Prasa zwijaj\u0105ca 9YG-2.24D (S9000 Beyond) oferuje najwy\u017csz\u0105 wydajno\u015b\u0107, trwa\u0142o\u015b\u0107 i efektywno\u015b\u0107, co czyni j\u0105 idealnym wyborem dla rolnik\u00f3w, kt\u00f3rzy potrzebuj\u0105 belowa\u0107 du\u017ce ilo\u015bci siana, s\u0142omy lub kiszonki. Jej zaawansowane funkcje, takie jak mo\u017cliwo\u015b\u0107 dostosowania rozmiar\u00f3w bel, ulepszony system owijania i oszcz\u0119dna konstrukcja, wyr\u00f3\u017cniaj\u0105 j\u0105 na tle innych pras zwijaj\u0105cych dost\u0119pnych na rynku. Niezale\u017cnie od tego, czy chcesz zwi\u0119kszy\u0107 wydajno\u015b\u0107, obni\u017cy\u0107 koszty konserwacji, czy poprawi\u0107 jako\u015b\u0107 bel, 9YG-2.24D zapewnia wyj\u0105tkow\u0105 warto\u015b\u0107 inwestycji. Dzi\u0119ki zaawansowanej konstrukcji i \u0142atwej obs\u0142udze, prasa ta zosta\u0142a zaprojektowana tak, aby sprosta\u0107 wymaganiom nowoczesnego rolnictwa.<\/p>\n<p style=\"text-align: center;\" data-start=\"6750\" data-end=\"7406\"><img loading=\"lazy\" decoding=\"async\" class=\"alignnone size-full wp-image-317\" src=\"https:\/\/silage-balers.com\/wp-content\/uploads\/2025\/11\/4-1-3.webp\" alt=\"Prasa okr\u0105g\u0142a\" width=\"282\" height=\"282\" srcset=\"https:\/\/silage-balers.com\/wp-content\/uploads\/2025\/11\/4-1-3.webp 282w, https:\/\/silage-balers.com\/wp-content\/uploads\/2025\/11\/4-1-3-150x150.webp 150w, https:\/\/silage-balers.com\/wp-content\/uploads\/2025\/11\/4-1-3-12x12.webp 12w, https:\/\/silage-balers.com\/wp-content\/uploads\/2025\/11\/4-1-3-100x100.webp 100w\" sizes=\"(max-width: 282px) 100vw, 282px\" \/><\/p>\n<h2 data-start=\"4118\" data-end=\"4127\">Cz\u0119sto zadawane pytania<\/h2>\n<p data-start=\"4129\" data-end=\"4158\">1. Czym jest prasa zwijaj\u0105ca?<\/p>\n<p data-start=\"4160\" data-end=\"4486\">Prasa zwijaj\u0105ca to maszyna s\u0142u\u017c\u0105ca do zbierania, prasowania i wi\u0105zania lu\u017anego materia\u0142u ro\u015blinnego, takiego jak siano, s\u0142oma czy kiszonka, w zwarte, cylindryczne bele. Bele te s\u0105 \u0142atwiejsze w przechowywaniu, transporcie i obs\u0142udze w por\u00f3wnaniu z materia\u0142em sypkim, a prasa zwijaj\u0105ca pomaga zwi\u0119kszy\u0107 wydajno\u015b\u0107 gospodarstwa poprzez automatyzacj\u0119 procesu belowania.<\/p>\n<p data-start=\"4488\" data-end=\"4549\">2. Czym r\u00f3\u017cni si\u0119 model 9YG-2.24D od innych pras zwijaj\u0105cych?<\/p>\n<p data-start=\"4551\" data-end=\"4880\">Prasa zwijaj\u0105ca 9YG-2.24D (S9000 Beyond) wyr\u00f3\u017cnia si\u0119 zaawansowanymi funkcjami, takimi jak regulacja rozmiaru beli, ulepszony uk\u0142ad podaj\u0105cy oraz wydajniejszy system owijania. Zaprojektowano j\u0105 z my\u015bl\u0105 o wy\u017cszej wydajno\u015bci i wi\u0119kszej trwa\u0142o\u015bci, zapewniaj\u0105c doskona\u0142\u0105 jako\u015b\u0107 bel przy minimalnej konserwacji i ni\u017cszych kosztach eksploatacji.<\/p>\n<p data-start=\"4882\" data-end=\"4949\">3. Jaki jest maksymalny rozmiar beli, jak\u0105 mo\u017ce wytworzy\u0107 maszyna 9YG-2.24D?<\/p>\n<p data-start=\"4951\" data-end=\"5238\">Prasa 9YG-2.24D mo\u017ce formowa\u0107 bele o szerokim zakresie rozmiar\u00f3w, z kt\u00f3rych najwi\u0119ksze s\u0105 znacznie wi\u0119ksze ni\u017c typowe bele okr\u0105g\u0142e. Funkcja regulacji rozmiaru beli pozwala operatorowi dostosowa\u0107 go do potrzeb zwi\u0105zanych z magazynowaniem i transportem, zapewniaj\u0105c elastyczno\u015b\u0107 w r\u00f3\u017cnych zastosowaniach.<\/p>\n<p data-start=\"5240\" data-end=\"5283\">4. Czy maszyna 9YG-2.24D poradzi sobie z mokr\u0105 kiszonk\u0105?<\/p>\n<p data-start=\"5285\" data-end=\"5571\">Tak, prasa zwijaj\u0105ca 9YG-2.24D mo\u017ce prasowa\u0107 mokr\u0105 kiszonk\u0119, a tak\u017ce suche siano i s\u0142om\u0119. Maszyna zosta\u0142a zaprojektowana do belowania wilgotnych materia\u0142\u00f3w, prasuj\u0105c je w \u015bci\u015ble zwi\u0105zane bele, kt\u00f3re zachowuj\u0105 wilgotno\u015b\u0107 kiszonki, dzi\u0119ki czemu idealnie nadaje si\u0119 do przechowywania paszy dla zwierz\u0105t gospodarskich.<\/p>\n<p data-start=\"5573\" data-end=\"5632\">5. Jak \u0142atwa jest obs\u0142uga prasy okr\u0105g\u0142ej 9YG-2.24D?<\/p>\n<p data-start=\"5634\" data-end=\"5927\">Model 9YG-2.24D zosta\u0142 zaprojektowany z my\u015bl\u0105 o \u0142atwo\u015bci obs\u0142ugi. Maszyna oferuje intuicyjne sterowanie i wy\u015bwietlacze, dzi\u0119ki czemu jest dost\u0119pna nawet dla operator\u00f3w z minimalnym do\u015bwiadczeniem. Przyjazny dla u\u017cytkownika interfejs upraszcza proces belowania, zapewniaj\u0105c wysok\u0105 wydajno\u015b\u0107 i skracaj\u0105c czas nauki.<\/p>\n<p data-start=\"5929\" data-end=\"5990\">6. Jak cz\u0119sto nale\u017cy konserwowa\u0107 pras\u0119 zwijaj\u0105c\u0105 9YG-2.24D?<\/p>\n<p data-start=\"5992\" data-end=\"6339\">Rutynowa konserwacja prasy okr\u0105g\u0142ej 9YG-2.24D obejmuje regularne sprawdzanie uk\u0142ad\u00f3w tn\u0105cych i owijaj\u0105cych, smarowanie cz\u0119\u015bci ruchomych oraz upewnianie si\u0119, \u017ce wszystkie podzespo\u0142y dzia\u0142aj\u0105 prawid\u0142owo. Wytrzyma\u0142a konstrukcja maszyny minimalizuje potrzeby konserwacyjne, a regularne czyszczenie i przegl\u0105dy zapewni\u0105 jej optymaln\u0105 wydajno\u015b\u0107.<\/p>\n<p data-start=\"6341\" data-end=\"6393\">7. Jakie jest zu\u017cycie paliwa silnika 9YG-2.24D?<\/p>\n<p data-start=\"6395\" data-end=\"6689\">Model 9YG-2.24D zosta\u0142 zbudowany w oparciu o energooszcz\u0119dn\u0105 technologi\u0119, kt\u00f3ra zmniejsza zu\u017cycie paliwa, pomagaj\u0105c rolnikom oszcz\u0119dza\u0107 na kosztach eksploatacji. Jego wydajna konstrukcja pozwala wykona\u0107 wi\u0119cej pracy przy mniejszym zu\u017cyciu paliwa, co czyni go przyjaznym dla \u015brodowiska. <a href=\"https:\/\/silage-balers.com\/pl\/produkt\/kosiarka-9gd-2-5-z-pojedynczym-ostrzem\/\">przyjazny<\/a> i ekonomiczny wyb\u00f3r w przypadku belowania na du\u017c\u0105 skal\u0119.<\/p>\n<p data-start=\"6395\" data-end=\"6689\">edytuj przez gzl<\/p>","protected":false},"excerpt":{"rendered":"<p>Prasa zwijaj\u0105ca 9YG-2.24D (S9000 Beyond) to wydajna i trwa\u0142a maszyna rolnicza przeznaczona do efektywnego belowania siana, s\u0142omy i kiszonki. Dzi\u0119ki regulowanym rozmiarom bel, zaawansowanemu systemowi podawania i wydajnemu systemowi owijania, prasa ta zapewnia doskona\u0142\u0105 jako\u015b\u0107 i wydajno\u015b\u0107 bel. Idealna do du\u017cych gospodarstw, \u0142\u0105czy w sobie \u0142atwo\u015b\u0107 obs\u0142ugi, niskie zu\u017cycie paliwa i ograniczone wymagania konserwacyjne, co czyni j\u0105 ekonomicznym rozwi\u0105zaniem dla rolnik\u00f3w, kt\u00f3rzy chc\u0105 zoptymalizowa\u0107 proces belowania. Model 9YG-2.24D to najlepszy wyb\u00f3r dla tych, kt\u00f3rzy poszukuj\u0105 niezawodnej i d\u0142ugotrwa\u0142ej wydajno\u015bci.<\/p>","protected":false},"featured_media":320,"template":"","meta":{"_et_pb_use_builder":"","_et_pb_old_content":"","_et_gb_content_width":""},"product_brand":[],"product_cat":[18],"product_tag":[],"class_list":{"0":"post-279","1":"product","2":"type-product","3":"status-publish","4":"has-post-thumbnail","6":"product_cat-round-baler","8":"first","9":"instock","10":"shipping-taxable","11":"product-type-simple"},"_links":{"self":[{"href":"https:\/\/silage-balers.com\/pl\/wp-json\/wp\/v2\/product\/279","targetHints":{"allow":["GET"]}}],"collection":[{"href":"https:\/\/silage-balers.com\/pl\/wp-json\/wp\/v2\/product"}],"about":[{"href":"https:\/\/silage-balers.com\/pl\/wp-json\/wp\/v2\/types\/product"}],"wp:featuredmedia":[{"embeddable":true,"href":"https:\/\/silage-balers.com\/pl\/wp-json\/wp\/v2\/media\/320"}],"wp:attachment":[{"href":"https:\/\/silage-balers.com\/pl\/wp-json\/wp\/v2\/media?parent=279"}],"wp:term":[{"taxonomy":"product_brand","embeddable":true,"href":"https:\/\/silage-balers.com\/pl\/wp-json\/wp\/v2\/product_brand?post=279"},{"taxonomy":"product_cat","embeddable":true,"href":"https:\/\/silage-balers.com\/pl\/wp-json\/wp\/v2\/product_cat?post=279"},{"taxonomy":"product_tag","embeddable":true,"href":"https:\/\/silage-balers.com\/pl\/wp-json\/wp\/v2\/product_tag?post=279"}],"curies":[{"name":"wp","href":"https:\/\/api.w.org\/{rel}","templated":true}]}}