{"id":283,"date":"2025-11-26T08:34:22","date_gmt":"2025-11-26T08:34:22","guid":{"rendered":"https:\/\/silage-balers.com\/?post_type=product&#038;p=283"},"modified":"2025-12-29T05:46:47","modified_gmt":"2025-12-29T05:46:47","slug":"kosiarka-z-podwojnym-ostrzem-9gs-5-0","status":"publish","type":"product","link":"https:\/\/silage-balers.com\/pl\/produkt\/kosiarka-z-podwojnym-ostrzem-9gs-5-0\/","title":{"rendered":"Kosiarka trakcyjna z podw\u00f3jnym ostrzem 9GS-5.0"},"content":{"rendered":"<p data-start=\"62\" data-end=\"577\">Kosiarka trakcyjna z podw\u00f3jnym ostrzem 9GS-5.0 to solidna i wydajna maszyna rolnicza, zaprojektowana z my\u015bl\u0105 o szybszym, bardziej wydajnym i mniej pracoch\u0142onnym koszeniu. Idealna do du\u017cych gospodarstw rolnych i zastosowa\u0144 komercyjnych, kosiarka ta zosta\u0142a zaprojektowana z my\u015bl\u0105 o \u0142atwej obs\u0142udze r\u00f3\u017cnorodnych gatunk\u00f3w ro\u015blinno\u015bci, od trawy i siana po wy\u017csze uprawy. Niezale\u017cnie od tego, czy piel\u0119gnujesz pastwiska, karczujesz pola, czy przygotowujesz grunt pod zasiew, kosiarka trakcyjna z podw\u00f3jnym ostrzem 9GS-5.0 oferuje wyj\u0105tkow\u0105 wszechstronno\u015b\u0107 i niezawodno\u015b\u0107.<\/p>\n<h4 data-start=\"579\" data-end=\"632\">Czym jest kosiarka dwuostrzowa 9GS-5.0?<\/h4>\n<p data-start=\"634\" data-end=\"1251\">Kosiarka trakcyjna z podw\u00f3jnym ostrzem to zaawansowany typ kosiarki, kt\u00f3ra posiada dwa ostrza tn\u0105ce pracuj\u0105ce jednocze\u015bnie, aby zapewni\u0107 wydajne i r\u00f3wnomierne koszenie. Model 9GS-5.0 jest wyposa\u017cony w ostrza ze stali o wysokiej wytrzyma\u0142o\u015bci i mocny uk\u0142ad trakcyjny, kt\u00f3ry gwarantuje precyzyjne ci\u0119cie nawet w trudnych warunkach polowych. Konstrukcja z podw\u00f3jnym ostrzem znacznie zwi\u0119ksza wydajno\u015b\u0107 koszenia, umo\u017cliwiaj\u0105c kosiarce pokrycie wi\u0119kszego obszaru w kr\u00f3tszym czasie. Dzi\u0119ki temu model 9GS-5.0 doskonale sprawdza si\u0119 w gospodarstwach rolnych, sadach i innych gospodarstwach rolnych wymagaj\u0105cych zarz\u0105dzania ro\u015blinno\u015bci\u0105 na du\u017c\u0105 skal\u0119.<\/p>\n<p data-start=\"1253\" data-end=\"1644\">Kosiarka 9GS-5.0 Traction Double-Blade jest nap\u0119dzana nap\u0119dem trakcyjnym, kt\u00f3ry zwi\u0119ksza zwrotno\u015b\u0107 i minimalizuje zm\u0119czenie operatora. Niezale\u017cnie od tego, czy pracujesz na p\u0142askim terenie, czy po nier\u00f3wnym terenie, kosiarka zapewnia p\u0142ynn\u0105 i r\u00f3wnomiern\u0105 prac\u0119. Solidna rama maszyny gwarantuje, \u017ce poradzi sobie z trudnymi zadaniami koszenia, co czyni j\u0105 cenn\u0105 inwestycj\u0105 dla du\u017cych gospodarstw rolnych i komercyjnych firm zajmuj\u0105cych si\u0119 kszta\u0142towaniem krajobrazu.<\/p>\n<p style=\"text-align: center;\" data-start=\"1253\" data-end=\"1644\"><img loading=\"lazy\" decoding=\"async\" class=\"alignnone wp-image-302 size-full\" src=\"https:\/\/silage-balers.com\/wp-content\/uploads\/2025\/11\/4-1.webp\" alt=\"Kosiarka dwuostrzowa\" width=\"265\" height=\"265\" srcset=\"https:\/\/silage-balers.com\/wp-content\/uploads\/2025\/11\/4-1.webp 265w, https:\/\/silage-balers.com\/wp-content\/uploads\/2025\/11\/4-1-150x150.webp 150w, https:\/\/silage-balers.com\/wp-content\/uploads\/2025\/11\/4-1-12x12.webp 12w, https:\/\/silage-balers.com\/wp-content\/uploads\/2025\/11\/4-1-100x100.webp 100w\" sizes=\"(max-width: 265px) 100vw, 265px\" \/><\/p>\n<h3>Dane techniczne<\/h3>\n<table style=\"border-color: #000000;\">\n<thead>\n<tr>\n<th>Numer seryjny<\/th>\n<th>Przedmiot<\/th>\n<th>Jednostka<\/th>\n<th>Specyfikacja<\/th>\n<\/tr>\n<\/thead>\n<tbody>\n<tr>\n<td>1<\/td>\n<td>Typ strukturalny<\/td>\n<td>\/<\/td>\n<td>Typ posuwisto-zwrotny<\/td>\n<\/tr>\n<tr>\n<td>2<\/td>\n<td>Metoda zaczepiania<\/td>\n<td>\/<\/td>\n<td>Typ trakcji<\/td>\n<\/tr>\n<tr>\n<td>3<\/td>\n<td>Numer modelu<\/td>\n<td>\/<\/td>\n<td>Typ 9GS-5.0<\/td>\n<\/tr>\n<tr>\n<td>4<\/td>\n<td>Dopasowana moc<\/td>\n<td>kW<\/td>\n<td>20-30<\/td>\n<\/tr>\n<tr>\n<td>5<\/td>\n<td>Szeroko\u015b\u0107 ci\u0119cia<\/td>\n<td>M<\/td>\n<td>5<\/td>\n<\/tr>\n<tr>\n<td>6<\/td>\n<td>Wymiary ca\u0142kowite (d\u0142ugo\u015b\u0107 \u00d7 szeroko\u015b\u0107 \u00d7 wysoko\u015b\u0107)<\/td>\n<td>mm<\/td>\n<td>2800\u00d75630\u00d71500<\/td>\n<\/tr>\n<tr>\n<td>7<\/td>\n<td>Pr\u0119dko\u015b\u0107 robocza<\/td>\n<td>km\/h<\/td>\n<td>6~7<\/td>\n<\/tr>\n<tr>\n<td>8<\/td>\n<td>Pr\u0119dko\u015b\u0107 wa\u0142u odbioru mocy<\/td>\n<td>obr.\/min<\/td>\n<td>540<\/td>\n<\/tr>\n<tr>\n<td>9<\/td>\n<td>Pr\u0119dko\u015b\u0107 wa\u0142u wyj\u015bciowego bocznego<\/td>\n<td>obr.\/min<\/td>\n<td>1240<\/td>\n<\/tr>\n<tr>\n<td>10<\/td>\n<td>\u015arednia wysoko\u015b\u0107 koszenia<\/td>\n<td>mm<\/td>\n<td>60-70<\/td>\n<\/tr>\n<tr>\n<td>11<\/td>\n<td>Wydajno\u015b\u0107<\/td>\n<td>ha\/h<\/td>\n<td>2.4-2.8<\/td>\n<\/tr>\n<tr>\n<td>12<\/td>\n<td>Liczba operator\u00f3w<\/td>\n<td>osoba<\/td>\n<td>1<\/td>\n<\/tr>\n<tr>\n<td>13<\/td>\n<td>Masa konstrukcyjna<\/td>\n<td>kg<\/td>\n<td>750<\/td>\n<\/tr>\n<\/tbody>\n<\/table>\n<h4 data-start=\"1646\" data-end=\"1706\">Najwa\u017cniejsze cechy kosiarki z podw\u00f3jnym ostrzem 9GS-5.0<\/h4>\n<ol>\n<li data-start=\"1711\" data-end=\"1941\">System koszenia z podw\u00f3jnym ostrzem: System z podw\u00f3jnym ostrzem kosiarki 9GS-5.0 umo\u017cliwia szybsze i wydajniejsze koszenie. Dzi\u0119ki dw\u00f3m ostrzom pracuj\u0105cym r\u00f3wnolegle, kosiarka radzi sobie z g\u0119st\u0105 ro\u015blinno\u015bci\u0105, zapewniaj\u0105c czystsze i bardziej r\u00f3wnomierne ci\u0119cie.<\/li>\n<li data-start=\"1946\" data-end=\"2207\">Wydajny uk\u0142ad nap\u0119dowy: Dzi\u0119ki niezawodnemu uk\u0142adowi nap\u0119dowemu, kosiarka 9GS-5.0 zapewnia wyj\u0105tkow\u0105 stabilno\u015b\u0107 i \u0142atwo\u015b\u0107 manewrowania. Kosiark\u0105 mo\u017cna z \u0142atwo\u015bci\u0105 porusza\u0107 si\u0119 po r\u00f3\u017cnych rodzajach terenu, od p\u0142askich p\u00f3l po pag\u00f3rkowate i nier\u00f3wne tereny.<\/li>\n<li data-start=\"2212\" data-end=\"2486\">Wytrzyma\u0142e ostrza tn\u0105ce: Ostrza kosiarki wykonane z wysokowytrzyma\u0142ej stali zosta\u0142y zaprojektowane z my\u015bl\u0105 o d\u0142ugotrwa\u0142ym u\u017cytkowaniu, nawet w trudnych warunkach. Te wytrzyma\u0142e ostrza zapewniaj\u0105 d\u0142ugotrwa\u0142\u0105 wydajno\u015b\u0107 i gwarantuj\u0105, \u017ce kosiarka pozostanie ostra i skuteczna przez d\u0142ugi czas.<\/li>\n<li data-start=\"2491\" data-end=\"2774\">Regulowana wysoko\u015b\u0107 koszenia: Model 9GS-5.0 oferuje regulowan\u0105 wysoko\u015b\u0107 koszenia, co pozwala operatorowi dostosowa\u0107 wydajno\u015b\u0107 kosiarki do rodzaju koszonej ro\u015blinno\u015bci. Niezale\u017cnie od tego, czy chcesz przyci\u0105\u0107 kr\u00f3tk\u0105 traw\u0119, czy upora\u0107 si\u0119 z wy\u017cszymi plonami, ta funkcja zapewnia elastyczno\u015b\u0107.<\/li>\n<li data-start=\"2779\" data-end=\"3075\">Przyjazne dla u\u017cytkownika sterowanie: Kosiarka zosta\u0142a zaprojektowana z my\u015bl\u0105 o komforcie operatora. Dzi\u0119ki intuicyjnemu sterowaniu i ergonomicznemu uk\u0142adowi, nawet pocz\u0105tkuj\u0105cy u\u017cytkownicy szybko naucz\u0105 si\u0119 obs\u0142ugiwa\u0107 kosiark\u0119 9GS-5.0. Ni\u017csze wibracje i \u0142atwo\u015b\u0107 sterowania minimalizuj\u0105 zm\u0119czenie operatora podczas d\u0142ugich sesji koszenia.<\/li>\n<li data-start=\"3080\" data-end=\"3309\">Wydajne koszenie: Dzi\u0119ki wysokiej pr\u0119dko\u015bci koszenia i du\u017cej szeroko\u015bci roboczej, kosiarka 9GS-5.0 skraca czas potrzebny na koszenie du\u017cych powierzchni. Pomaga to rolnikom i projektantom krajobrazu maksymalizowa\u0107 wydajno\u015b\u0107 i efektywno\u015b\u0107.<\/li>\n<li data-start=\"3314\" data-end=\"3558\">Wszechstronno\u015b\u0107 w u\u017cyciu: Kosiarka mo\u017ce by\u0107 u\u017cywana do wielu zastosowa\u0144, od koszenia p\u00f3l siana, przez piel\u0119gnacj\u0119 sad\u00f3w, po karczowanie zaro\u015bli. Jej wszechstronno\u015b\u0107 sprawia, \u017ce \u200b\u200bnadaje si\u0119 do szerokiego zakresu potrzeb w rolnictwie, kszta\u0142towaniu krajobrazu i le\u015bnictwie.<\/li>\n<\/ol>\n<h3 style=\"text-align: center;\" data-start=\"5949\" data-end=\"6005\"><img loading=\"lazy\" decoding=\"async\" class=\"alignnone wp-image-301 size-full\" src=\"https:\/\/silage-balers.com\/wp-content\/uploads\/2025\/11\/3-1.webp\" alt=\"Kosiarka dwuostrzowa\" width=\"266\" height=\"266\" srcset=\"https:\/\/silage-balers.com\/wp-content\/uploads\/2025\/11\/3-1.webp 266w, https:\/\/silage-balers.com\/wp-content\/uploads\/2025\/11\/3-1-150x150.webp 150w, https:\/\/silage-balers.com\/wp-content\/uploads\/2025\/11\/3-1-12x12.webp 12w, https:\/\/silage-balers.com\/wp-content\/uploads\/2025\/11\/3-1-100x100.webp 100w\" sizes=\"(max-width: 266px) 100vw, 266px\" \/><\/h3>\n<h3 data-start=\"5949\" data-end=\"6005\">Dlaczego warto wybra\u0107 kosiark\u0119 dwuostrzow\u0105 9GS-5.0?<\/h3>\n<p data-start=\"6007\" data-end=\"6722\">Kosiarka 9GS-5.0 Traction Double-Blade to wyj\u0105tkowy wyb\u00f3r dla ka\u017cdego, kto potrzebuje mocnej, wydajnej i trwa\u0142ej kosiarki. Dzi\u0119ki dwuostrzowemu systemowi tn\u0105cemu, wydajnemu nap\u0119dowi trakcyjnemu i regulowanej wysoko\u015bci koszenia, kosiarka ta zapewnia szybsze i bardziej efektywne koszenie ni\u017c kiedykolwiek wcze\u015bniej. Niezale\u017cnie od tego, czy chcesz piel\u0119gnowa\u0107 pola siana, usuwa\u0107 zaro\u015bla, czy przycina\u0107 wysokie plony, ta kosiarka zapewnia wydajno\u015b\u0107 i wszechstronno\u015b\u0107 niezb\u0119dne do wykonania zadania. \u0141atwa w obs\u0142udze obs\u0142uga, niezawodna konstrukcja i doskona\u0142e mo\u017cliwo\u015bci koszenia sprawiaj\u0105, \u017ce jest to niezb\u0119dne narz\u0119dzie dla rolnik\u00f3w, architekt\u00f3w krajobrazu i profesjonalist\u00f3w z bran\u017cy rolniczej. Zainwestuj w kosiark\u0119 9GS-5.0 Traction Double-Blade i do\u015bwiadcz niezr\u00f3wnanej wydajno\u015bci koszenia.<\/p>\n<p style=\"text-align: center;\" data-start=\"6007\" data-end=\"6722\"><img loading=\"lazy\" decoding=\"async\" class=\"alignnone wp-image-303 size-full\" src=\"https:\/\/silage-balers.com\/wp-content\/uploads\/2025\/11\/5-1.webp\" alt=\"Kosiarka dwuostrzowa\" width=\"261\" height=\"261\" srcset=\"https:\/\/silage-balers.com\/wp-content\/uploads\/2025\/11\/5-1.webp 261w, https:\/\/silage-balers.com\/wp-content\/uploads\/2025\/11\/5-1-150x150.webp 150w, https:\/\/silage-balers.com\/wp-content\/uploads\/2025\/11\/5-1-12x12.webp 12w, https:\/\/silage-balers.com\/wp-content\/uploads\/2025\/11\/5-1-100x100.webp 100w\" sizes=\"(max-width: 261px) 100vw, 261px\" \/><\/p>\n<h2 data-start=\"3560\" data-end=\"3569\">Cz\u0119sto zadawane pytania<\/h2>\n<p data-start=\"3571\" data-end=\"3616\">1. Czym jest kosiarka trakcyjna z podw\u00f3jnym ostrzem?<\/p>\n<p data-start=\"3618\" data-end=\"3941\">Kosiarka trakcyjna z podw\u00f3jnym ostrzem to rodzaj kosiarki, kt\u00f3ra wykorzystuje dwa ostrza pracuj\u0105ce jednocze\u015bnie, aby zapewni\u0107 bardziej wydajne i r\u00f3wnomierne koszenie. System trakcyjny u\u0142atwia kosiarce poruszanie si\u0119 po polu, nawet w trudnym terenie, a podw\u00f3jne ostrza zwi\u0119kszaj\u0105 wydajno\u015b\u0107 koszenia i skracaj\u0105 czas koszenia.<\/p>\n<p data-start=\"3943\" data-end=\"3995\">2. Jakie rodzaje ro\u015blinno\u015bci mo\u017ce kosi\u0107 kosiarka 9GS-5.0?<\/p>\n<p data-start=\"3997\" data-end=\"4303\">Model 9GS-5.0 jest niezwykle wszechstronny i radzi sobie z r\u00f3\u017cnymi rodzajami ro\u015blinno\u015bci, w tym traw\u0105, sianem, krzakami, a nawet ma\u0142ymi krzewami. Jest szczeg\u00f3lnie skuteczny w koszeniu g\u0119stych traw i wysokich upraw, dzi\u0119ki czemu idealnie nadaje si\u0119 do du\u017cych gospodarstw rolnych i komercyjnych prac zwi\u0105zanych z kszta\u0142towaniem krajobrazu.<\/p>\n<p data-start=\"4305\" data-end=\"4346\">3. Jak dzia\u0142a uk\u0142ad trakcyjny?<\/p>\n<p data-start=\"4348\" data-end=\"4626\">Uk\u0142ad trakcyjny w kosiarce 9GS-5.0 nap\u0119dza kosiark\u0119, umo\u017cliwiaj\u0105c jej p\u0142ynne poruszanie si\u0119 po zr\u00f3\u017cnicowanym terenie. System zapewnia wi\u0119ksz\u0105 stabilno\u015b\u0107 i zwrotno\u015b\u0107, zmniejszaj\u0105c wysi\u0142ek i zm\u0119czenie operatora, a jednocze\u015bnie gwarantuj\u0105c r\u00f3wnomierne koszenie, nawet na nier\u00f3wnym terenie.<\/p>\n<p data-start=\"4628\" data-end=\"4667\">4. Czy mog\u0119 regulowa\u0107 wysoko\u015b\u0107 koszenia?<\/p>\n<p data-start=\"4669\" data-end=\"4946\">Tak, model 9GS-5.0 oferuje regulowan\u0105 wysoko\u015b\u0107 koszenia, co pozwala operatorowi dostosowa\u0107 wydajno\u015b\u0107 kosiarki do rodzaju koszonej ro\u015blinno\u015bci. Wysoko\u015b\u0107 koszenia mo\u017cna \u0142atwo dostosowa\u0107 do r\u00f3\u017cnych potrzeb, od koszenia kr\u00f3tkiej trawy po koszenie wy\u017cszych ro\u015blin.<\/p>\n<p data-start=\"4948\" data-end=\"4991\">5. Jak konserwowa\u0107 kosiark\u0119 9GS-5.0?<\/p>\n<p data-start=\"4993\" data-end=\"5321\">Konserwacja kosiarki 9GS-5.0 jest prosta. Regularna konserwacja obejmuje sprawdzanie stanu ostrzy tn\u0105cych pod k\u0105tem zu\u017cycia, smarowanie cz\u0119\u015bci ruchomych oraz zapewnienie p\u0142ynnego dzia\u0142ania uk\u0142adu nap\u0119dowego. Utrzymywanie kosiarki w czysto\u015bci po ka\u017cdym u\u017cyciu i sprawdzanie jej pod k\u0105tem lu\u017anych \u015brub lub cz\u0119\u015bci zapewni d\u0142ugotrwa\u0142\u0105 wydajno\u015b\u0107.<\/p>\n<p data-start=\"5323\" data-end=\"5372\">6. Czy 9GS-5.0 nadaje si\u0119 do jazdy w terenie pag\u00f3rkowatym?<\/p>\n<p data-start=\"5374\" data-end=\"5660\">Tak, mocny uk\u0142ad nap\u0119dowy kosiarki 9GS-5.0 pozwala jej z \u0142atwo\u015bci\u0105 porusza\u0107 si\u0119 po pag\u00f3rkowatym i nier\u00f3wnym terenie. Solidna konstrukcja i zwi\u0119kszona zwrotno\u015b\u0107 sprawiaj\u0105, \u017ce maszyna idealnie nadaje si\u0119 do pracy w trudnym terenie, zapewniaj\u0105c doskona\u0142\u0105 wydajno\u015b\u0107 koszenia nawet w trudnych warunkach.<\/p>\n<p data-start=\"5662\" data-end=\"5710\">7. Jaka jest szeroko\u015b\u0107 robocza 9GS-5.0?<\/p>\n<p data-start=\"5712\" data-end=\"5947\">Model 9GS-5.0 oferuje du\u017c\u0105 szeroko\u015b\u0107 robocz\u0105, <a href=\"https:\/\/silage-balers.com\/pl\/produkt\/prasa-okragla-9yg-1-0c\/\">w\u0142\u0105czanie<\/a> Umo\u017cliwia to koszenie du\u017cych obszar\u00f3w w kr\u00f3tszym czasie. Zwi\u0119ksza to produktywno\u015b\u0107 i wydajno\u015b\u0107, dzi\u0119ki czemu idealnie nadaje si\u0119 do koszenia na du\u017c\u0105 skal\u0119 w gospodarstwach rolnych i innych obszarach rolniczych.<\/p>\n<p data-start=\"5712\" data-end=\"5947\">edytuj przez gzl<\/p>","protected":false},"excerpt":{"rendered":"<p>Kosiarka 9GS-5.0 Traction Double-Blade to wydajna maszyna rolnicza przeznaczona do efektywnego koszenia trawy, siana i zaro\u015bli. Dzi\u0119ki mocnemu nap\u0119dowi trakcyjnemu i systemowi podw\u00f3jnych ostrzy zapewnia szybkie i precyzyjne koszenie nawet w trudnym terenie. Dzi\u0119ki regulowanej wysoko\u015bci koszenia i \u0142atwej w obs\u0142udze obs\u0142udze, kosiarka 9GS-5.0 idealnie nadaje si\u0119 do du\u017cych gospodarstw rolnych i komercyjnych prac ogrodniczych. Jej trwa\u0142a konstrukcja i \u0142atwo\u015b\u0107 obs\u0142ugi sprawiaj\u0105, \u017ce jest to cenne narz\u0119dzie do zwi\u0119kszania wydajno\u015bci w ka\u017cdym rodzaju koszenia.<\/p>","protected":false},"featured_media":304,"template":"","meta":{"_et_pb_use_builder":"","_et_pb_old_content":"","_et_gb_content_width":""},"product_brand":[],"product_cat":[20],"product_tag":[],"class_list":{"0":"post-283","1":"product","2":"type-product","3":"status-publish","4":"has-post-thumbnail","6":"product_cat-mower-tedder","8":"first","9":"instock","10":"shipping-taxable","11":"product-type-simple"},"_links":{"self":[{"href":"https:\/\/silage-balers.com\/pl\/wp-json\/wp\/v2\/product\/283","targetHints":{"allow":["GET"]}}],"collection":[{"href":"https:\/\/silage-balers.com\/pl\/wp-json\/wp\/v2\/product"}],"about":[{"href":"https:\/\/silage-balers.com\/pl\/wp-json\/wp\/v2\/types\/product"}],"wp:featuredmedia":[{"embeddable":true,"href":"https:\/\/silage-balers.com\/pl\/wp-json\/wp\/v2\/media\/304"}],"wp:attachment":[{"href":"https:\/\/silage-balers.com\/pl\/wp-json\/wp\/v2\/media?parent=283"}],"wp:term":[{"taxonomy":"product_brand","embeddable":true,"href":"https:\/\/silage-balers.com\/pl\/wp-json\/wp\/v2\/product_brand?post=283"},{"taxonomy":"product_cat","embeddable":true,"href":"https:\/\/silage-balers.com\/pl\/wp-json\/wp\/v2\/product_cat?post=283"},{"taxonomy":"product_tag","embeddable":true,"href":"https:\/\/silage-balers.com\/pl\/wp-json\/wp\/v2\/product_tag?post=283"}],"curies":[{"name":"wp","href":"https:\/\/api.w.org\/{rel}","templated":true}]}}