{"id":284,"date":"2025-11-26T09:21:14","date_gmt":"2025-11-26T09:21:14","guid":{"rendered":"https:\/\/silage-balers.com\/?post_type=product&#038;p=284"},"modified":"2025-12-29T05:46:38","modified_gmt":"2025-12-29T05:46:38","slug":"prasa-okragla-9yg-1-0c","status":"publish","type":"product","link":"https:\/\/silage-balers.com\/pl\/produkt\/prasa-okragla-9yg-1-0c\/","title":{"rendered":"Prasa zwijaj\u0105ca 9YG-1.0C \u2013 prasa do kiszonki"},"content":{"rendered":"<p data-start=\"47\" data-end=\"565\">Prasa zwijaj\u0105ca 9YG-1.0C to nowoczesna, wysokowydajna maszyna rolnicza zaprojektowana do wydajnego formowania okr\u0105g\u0142ych bel siana, s\u0142omy i kiszonki. Ta prasa do kiszonki zosta\u0142a zaprojektowana specjalnie z my\u015bl\u0105 o wymaganiach nowoczesnego rolnictwa, oferuj\u0105c solidne, niezawodne i \u0142atwe w obs\u0142udze rozwi\u0105zanie do belowania du\u017cych ilo\u015bci plon\u00f3w. Niezale\u017cnie od tego, czy chcesz formowa\u0107 bele kiszonki do d\u0142ugotrwa\u0142ego przechowywania, czy przygotowywa\u0107 okr\u0105g\u0142e bele siana do \u0142atwego transportu, 9YG-1.0C to idealne narz\u0119dzie do tego zadania.<\/p>\n<h2 data-start=\"567\" data-end=\"605\">Czym jest prasa zwijaj\u0105ca 9YG-1.0C?<\/h2>\n<p data-start=\"607\" data-end=\"1086\">Prasa zwijaj\u0105ca to maszyna u\u017cywana w rolnictwie do zbierania, prasowania i wi\u0105zania lu\u017anych plon\u00f3w, takich jak siano, s\u0142oma i kiszonka, w zwarte, cylindryczne bele, znane jako bele okr\u0105g\u0142e. Model 9YG-1.0C to rodzaj prasy do kiszonki, zaprojektowany specjalnie do przetwarzania kiszonki \u2013 wilgotnej, sfermentowanej paszy dla zwierz\u0105t gospodarskich. Model 9YG-1.0C zapewnia \u015bcis\u0142e upakowanie kiszonki w bele, ograniczaj\u0105c dost\u0119p powietrza i zachowuj\u0105c wilgotno\u015b\u0107 niezb\u0119dn\u0105 do optymalnej fermentacji.<\/p>\n<p data-start=\"1088\" data-end=\"1432\">Ta prasa do kiszonki jest wyposa\u017cona w zaawansowane funkcje, kt\u00f3re zwi\u0119kszaj\u0105 jej wydajno\u015b\u0107 i trwa\u0142o\u015b\u0107. Dzia\u0142a efektywnie w r\u00f3\u017cnych warunkach polowych, od suchego siana po wilgotniejsze warunki typowe dla kiszonki. Dodatkowo, model 9YG-1.0C umo\u017cliwia dostosowanie rozmiar\u00f3w bel, dzi\u0119ki czemu idealnie nadaje si\u0119 do r\u00f3\u017cnych potrzeb magazynowych i transportowych.<\/p>\n<p style=\"text-align: center;\" data-start=\"1088\" data-end=\"1432\"><img loading=\"lazy\" decoding=\"async\" class=\"alignnone wp-image-297 size-medium\" src=\"https:\/\/silage-balers.com\/wp-content\/uploads\/2025\/11\/ep-9YG-1.0C-Round-Baler-2-1-300x300.webp\" alt=\"Prasa do kiszonki\" width=\"300\" height=\"300\" \/><\/p>\n<h3>Dane techniczne<\/h3>\n<table style=\"border-color: #000000; width: 429px;\" width=\"429\">\n<thead>\n<tr>\n<th>Przedmiot<\/th>\n<th>Jednostka<\/th>\n<th>Specyfikacja<\/th>\n<\/tr>\n<\/thead>\n<tbody>\n<tr>\n<td>Nazwa modelu<\/td>\n<td>\u2013<\/td>\n<td>Prasa okr\u0105g\u0142a 9YG-1.0C<\/td>\n<\/tr>\n<tr>\n<td>Metoda po\u0142\u0105czenia<\/td>\n<td>\u2013<\/td>\n<td>Typ trakcyjny<\/td>\n<\/tr>\n<tr>\n<td>Szeroko\u015b\u0107 odbioru<\/td>\n<td>mm<\/td>\n<td>2400<\/td>\n<\/tr>\n<tr>\n<td>Mechanizm odbioru<\/td>\n<td>\u2013<\/td>\n<td>\u0141a\u0144cuchowy<\/td>\n<\/tr>\n<tr>\n<td>Mechanizm podawania<\/td>\n<td>\u2013<\/td>\n<td>Hydrauliczne + Walce z\u0119bate<\/td>\n<\/tr>\n<tr>\n<td>Szeroko\u015b\u0107 komory spr\u0119\u017cania<\/td>\n<td>mm<\/td>\n<td>1250<\/td>\n<\/tr>\n<tr>\n<td>D\u0142ugo\u015b\u0107 komory spr\u0119\u017cania<\/td>\n<td>mm<\/td>\n<td>1000<\/td>\n<\/tr>\n<tr>\n<td>Liczba rolek<\/td>\n<td>sztuki<\/td>\n<td>16 (Rolki)<\/td>\n<\/tr>\n<tr>\n<td>\u015arednica rolki<\/td>\n<td>mm<\/td>\n<td>\u03c6222<\/td>\n<\/tr>\n<tr>\n<td>Metoda wi\u0105zania<\/td>\n<td>\u2013<\/td>\n<td>Automatyczne wi\u0105zanie siatk\u0105<\/td>\n<\/tr>\n<tr>\n<td>Zasilacz<\/td>\n<td>kW\/KM<\/td>\n<td>\u226569,8 \/ 95<\/td>\n<\/tr>\n<tr>\n<td>Waga<\/td>\n<td>kg<\/td>\n<td>3198<\/td>\n<\/tr>\n<tr>\n<td>Pr\u0119dko\u015b\u0107 wyj\u015bciowa<\/td>\n<td>obr.\/min<\/td>\n<td>540<\/td>\n<\/tr>\n<tr>\n<td>Wymiary ca\u0142kowite<\/td>\n<td>mm<\/td>\n<td>3800\u00d72850\u00d72200<\/td>\n<\/tr>\n<tr>\n<td>Stan roboczy<\/td>\n<td>\u2013<\/td>\n<td>Sterowany czujnikiem<\/td>\n<\/tr>\n<tr>\n<td>Rozmiar beli (\u015brednica x d\u0142ugo\u015b\u0107)<\/td>\n<td>mm<\/td>\n<td>\u03c61000\u00d71250<\/td>\n<\/tr>\n<tr>\n<td>G\u0119sto\u015b\u0107 beli<\/td>\n<td>kg\/m\u00b3<\/td>\n<td>115-200<\/td>\n<\/tr>\n<tr>\n<td>Zdolno\u015b\u0107 produkcyjna<\/td>\n<td>bele\/h<\/td>\n<td>40-80<\/td>\n<\/tr>\n<tr>\n<td>Odleg\u0142o\u015b\u0107 k\u00f3\u0142<\/td>\n<td>mm<\/td>\n<td>2100<\/td>\n<\/tr>\n<tr>\n<td>Pr\u0119dko\u015b\u0107 robocza<\/td>\n<td>km\/h<\/td>\n<td>5-20<\/td>\n<\/tr>\n<tr>\n<td>Pr\u0119dko\u015b\u0107 robocza<\/td>\n<td>km\/h<\/td>\n<td>5-20<\/td>\n<\/tr>\n<tr>\n<td>Specyfikacje bel<\/td>\n<td>\u2013<\/td>\n<td>2000\u00d71,25m\/bela<\/td>\n<\/tr>\n<tr>\n<td>Liczba z\u0119b\u00f3w<\/td>\n<td>\u2013<\/td>\n<td>20<\/td>\n<\/tr>\n<\/tbody>\n<\/table>\n<h3 data-start=\"1434\" data-end=\"1479\">Najwa\u017cniejsze cechy prasy zwijaj\u0105cej 9YG-1.0C<\/h3>\n<ol>\n<li data-start=\"1484\" data-end=\"1802\">Wszechstronno\u015b\u0107 dla r\u00f3\u017cnych upraw: Prasa 9YG-1.0C nie ogranicza si\u0119 tylko do kiszonki; mo\u017ce r\u00f3wnie\u017c obs\u0142ugiwa\u0107 okr\u0105g\u0142e bele siana, co czyni j\u0105 wszechstronnym urz\u0105dzeniem dla rolnik\u00f3w. Niezale\u017cnie od tego, czy belowasz suche plony, czy wilgotn\u0105 kiszonk\u0119, 9YG-1.0C dostosowuje si\u0119 do r\u00f3\u017cnych rodzaj\u00f3w upraw, zapewniaj\u0105c za ka\u017cdym razem wysokiej jako\u015bci bele.<\/li>\n<li data-start=\"1807\" data-end=\"2121\">Efektywne przetwarzanie kiszonki: Prasa do kiszonki 9YG-1.0C jest wyposa\u017cona w funkcje u\u0142atwiaj\u0105ce efektywne zatrzymywanie wilgoci w belach kiszonki. Mocne zgniatanie i szybkie wi\u0105zanie bel kiszonki pozwala zachowa\u0107 sk\u0142adniki od\u017cywcze i wilgotno\u015b\u0107, zapewniaj\u0105c gotowo\u015b\u0107 kiszonki do fermentacji i przechowywania.<\/li>\n<li data-start=\"2126\" data-end=\"2427\">Trwa\u0142o\u015b\u0107 i konstrukcja: Zaprojektowany z my\u015bl\u0105 o codziennym u\u017cytkowaniu w wymagaj\u0105cych warunkach, model 9YG-1.0C zosta\u0142 wykonany z materia\u0142\u00f3w o wysokiej wytrzyma\u0142o\u015bci i wyposa\u017cony w trwa\u0142\u0105 ram\u0119 odporn\u0105 na zu\u017cycie. Solidna konstrukcja zapewnia p\u0142ynn\u0105 prac\u0119 nawet w trudnych warunkach terenowych.<\/li>\n<li data-start=\"2432\" data-end=\"2748\">Regulowany rozmiar bel: Jedn\u0105 z wyr\u00f3\u017cniaj\u0105cych cech prasy 9YG-1.0C jest mo\u017cliwo\u015b\u0107 formowania bel o r\u00f3\u017cnych rozmiarach. Regulowany rozmiar bel zapewnia elastyczno\u015b\u0107 w r\u00f3\u017cnych zastosowaniach rolniczych, niezale\u017cnie od tego, czy przechowujesz bele kiszonki w du\u017cych silosach, czy transportujesz okr\u0105g\u0142e bele siana na rynek.<\/li>\n<li data-start=\"2753\" data-end=\"3027\">Przyjazna dla u\u017cytkownika obs\u0142uga: Model 9YG-1.0C zosta\u0142 zaprojektowany z my\u015bl\u0105 o intuicyjnej i \u0142atwej obs\u0142udze. Dzi\u0119ki prostym elementom steruj\u0105cym i przyjaznemu interfejsowi, nawet osoby z minimalnym do\u015bwiadczeniem mog\u0105 sprawnie obs\u0142ugiwa\u0107 maszyn\u0119, co czyni j\u0105 idealn\u0105 zar\u00f3wno dla pocz\u0105tkuj\u0105cych, jak i do\u015bwiadczonych rolnik\u00f3w.<\/li>\n<li data-start=\"3032\" data-end=\"3350\">Ekonomiczne rozwi\u0105zanie: Rozwa\u017caj\u0105c sprzeda\u017c prasy do kiszonki, model 9YG-1.0C oferuje bardzo ekonomiczne rozwi\u0105zanie. Zapewnia doskona\u0142y stosunek jako\u015bci do ceny, gwarantuj\u0105c niezawodn\u0105 prac\u0119 bez nadwyr\u0119\u017cania bud\u017cetu. To doskona\u0142a inwestycja dla rolnik\u00f3w poszukuj\u0105cych d\u0142ugoterminowych oszcz\u0119dno\u015bci i wydajno\u015bci.<\/li>\n<li data-start=\"3355\" data-end=\"3628\">Wydajny system owijania: Model 9YG-1.0C wyposa\u017cony jest w zaawansowany system owijania, kt\u00f3ry umo\u017cliwia \u015bcis\u0142e wi\u0105zanie bel siatk\u0105 lub sznurkiem. Dzi\u0119ki temu bele pozostaj\u0105 nienaruszone podczas transportu i przechowywania, zachowuj\u0105c ich jako\u015b\u0107 i minimalizuj\u0105c ryzyko zepsucia.<\/li>\n<\/ol>\n<h3 style=\"text-align: center;\" data-start=\"6052\" data-end=\"6093\"><img loading=\"lazy\" decoding=\"async\" class=\"alignnone wp-image-295 size-medium\" src=\"https:\/\/silage-balers.com\/wp-content\/uploads\/2025\/11\/ep-9YG-1.0c-Round-Baler-41-1-300x300.webp\" alt=\"Prasa do kiszonki\" width=\"300\" height=\"300\" srcset=\"https:\/\/silage-balers.com\/wp-content\/uploads\/2025\/11\/ep-9YG-1.0c-Round-Baler-41-1-300x300.webp 300w, https:\/\/silage-balers.com\/wp-content\/uploads\/2025\/11\/ep-9YG-1.0c-Round-Baler-41-1-150x150.webp 150w, https:\/\/silage-balers.com\/wp-content\/uploads\/2025\/11\/ep-9YG-1.0c-Round-Baler-41-1-12x12.webp 12w, https:\/\/silage-balers.com\/wp-content\/uploads\/2025\/11\/ep-9YG-1.0c-Round-Baler-41-1-100x100.webp 100w, https:\/\/silage-balers.com\/wp-content\/uploads\/2025\/11\/ep-9YG-1.0c-Round-Baler-41-1.webp 364w\" sizes=\"(max-width: 300px) 100vw, 300px\" \/><\/h3>\n<h3 data-start=\"6052\" data-end=\"6093\">Dlaczego warto wybra\u0107 pras\u0119 zwijaj\u0105c\u0105 9YG-1.0C?<\/h3>\n<p data-start=\"6095\" data-end=\"6720\">Dla rolnik\u00f3w poszukuj\u0105cych prasy do kiszonki lub prasy do siana okr\u0105g\u0142ego, model 9YG-1.0C to idealne po\u0142\u0105czenie niezawodno\u015bci, wydajno\u015bci i przyst\u0119pnej ceny. Solidna konstrukcja, \u0142atwo\u015b\u0107 obs\u0142ugi oraz mo\u017cliwo\u015b\u0107 pracy zar\u00f3wno z kiszonk\u0105, jak i sianem sprawiaj\u0105, \u017ce jest to urz\u0105dzenie niezb\u0119dne w ka\u017cdym gospodarstwie rolnym. Niezale\u017cnie od tego, czy przygotowujesz bele kiszonki do d\u0142ugoterminowego przechowywania, czy okr\u0105g\u0142e bele siana do natychmiastowego u\u017cycia, model 9YG-1.0C gwarantuje precyzj\u0119 i \u0142atwo\u015b\u0107 prasowania. Dzi\u0119ki wysokiej wydajno\u015bci i konkurencyjnej cenie, stanowi doskona\u0142\u0105 inwestycj\u0119 dla ka\u017cdego, kto dzia\u0142a w bran\u017cy rolniczej.<\/p>\n<p style=\"text-align: center;\" data-start=\"6095\" data-end=\"6720\"><img loading=\"lazy\" decoding=\"async\" class=\"alignnone wp-image-294 size-medium\" src=\"https:\/\/silage-balers.com\/wp-content\/uploads\/2025\/11\/ep-9YG-1.0c-Round-Baler-31-1-300x300.webp\" alt=\"Prasa do kiszonki\" width=\"300\" height=\"300\" srcset=\"https:\/\/silage-balers.com\/wp-content\/uploads\/2025\/11\/ep-9YG-1.0c-Round-Baler-31-1-300x300.webp 300w, https:\/\/silage-balers.com\/wp-content\/uploads\/2025\/11\/ep-9YG-1.0c-Round-Baler-31-1-150x150.webp 150w, https:\/\/silage-balers.com\/wp-content\/uploads\/2025\/11\/ep-9YG-1.0c-Round-Baler-31-1-12x12.webp 12w, https:\/\/silage-balers.com\/wp-content\/uploads\/2025\/11\/ep-9YG-1.0c-Round-Baler-31-1-100x100.webp 100w, https:\/\/silage-balers.com\/wp-content\/uploads\/2025\/11\/ep-9YG-1.0c-Round-Baler-31-1.webp 380w\" sizes=\"(max-width: 300px) 100vw, 300px\" \/><\/p>\n<h2 data-start=\"3630\" data-end=\"3639\">Cz\u0119sto zadawane pytania<\/h2>\n<p data-start=\"3641\" data-end=\"3671\">1. Czym jest prasa do kiszonki?<\/p>\n<p data-start=\"3673\" data-end=\"3976\">Prasa do kiszonki to specjalistyczny typ prasy zwijaj\u0105cej, przeznaczony do t\u0142oczenia kiszonki \u2013 wilgotnych, sfermentowanych plon\u00f3w wykorzystywanych jako pasza dla zwierz\u0105t. Prasa do kiszonki prasuje materia\u0142 w zwarte bele, zapewniaj\u0105c odpowiednie utrzymanie wilgoci i minimalizuj\u0105c dost\u0119p powietrza, co pozwala zachowa\u0107 sk\u0142adniki od\u017cywcze w kiszonce.<\/p>\n<p data-start=\"3978\" data-end=\"4006\">2. Czym jest bela okr\u0105g\u0142a?<\/p>\n<p data-start=\"4008\" data-end=\"4279\">Bela okr\u0105g\u0142a to cylindryczna bela formowana przez pras\u0119 zwijaj\u0105c\u0105. Bele te s\u0105 bardzo wydajne w przechowywaniu i transporcie ze wzgl\u0119du na sw\u00f3j kompaktowy kszta\u0142t. S\u0105 one zazwyczaj wykorzystywane do zbioru siana, s\u0142omy i kiszonki, a ich okr\u0105g\u0142y kszta\u0142t u\u0142atwia uk\u0142adanie i przenoszenie.<\/p>\n<p data-start=\"4281\" data-end=\"4328\">3. Czy maszyna 9YG-1.0C mo\u017ce formowa\u0107 bele kiszonki?<\/p>\n<p data-start=\"4330\" data-end=\"4582\">Tak, model 9YG-1.0C zosta\u0142 zaprojektowany specjalnie jako prasa do kiszonki, umo\u017cliwiaj\u0105c formowanie wysokiej jako\u015bci bel kiszonki. Prasa ciasno zgniata kiszonk\u0119, zapewniaj\u0105c zachowanie jej wilgotno\u015bci, co przek\u0142ada si\u0119 na optymalne warunki fermentacji i karmienia.<\/p>\n<p data-start=\"4584\" data-end=\"4630\">4. Ile kosztuje sprzeda\u017c prasy do siana okr\u0105g\u0142ego?<\/p>\n<p data-start=\"4632\" data-end=\"4995\">Cena prasy do siana okr\u0105g\u0142ego na sprzeda\u017c mo\u017ce si\u0119 znacznie r\u00f3\u017cni\u0107 w zale\u017cno\u015bci od marki, funkcji i modelu. Model 9YG-1.0C oferuje ekonomiczn\u0105 opcj\u0119 w por\u00f3wnaniu z innymi modelami z wy\u017cszej p\u00f3\u0142ki, zapewniaj\u0105c jednocze\u015bnie doskona\u0142\u0105 wydajno\u015b\u0107 i trwa\u0142o\u015b\u0107. \u015arednio ceny wahaj\u0105 si\u0119 od $10 000 do $20 000, ale mog\u0105 si\u0119 waha\u0107 w zale\u017cno\u015bci od konkretnych funkcji i lokalizacji.<\/p>\n<p data-start=\"4997\" data-end=\"5038\">5. Jak konserwowa\u0107 pras\u0119 do kiszonki?<\/p>\n<p data-start=\"5040\" data-end=\"5389\">Konserwacja maszyny 9YG-1.0C jest stosunkowo prosta dzi\u0119ki jej trwa\u0142ej konstrukcji i prostej konstrukcji. Regularna konserwacja obejmuje kontrol\u0119 systemu owijania, smarowanie cz\u0119\u015bci ruchomych oraz inspekcj\u0119 systemu siatki lub sznurka. Konieczne jest r\u00f3wnie\u017c czyszczenie maszyny po u\u017cyciu, aby zapobiec gromadzeniu si\u0119 zanieczyszcze\u0144 i zapewni\u0107 optymaln\u0105 wydajno\u015b\u0107.<\/p>\n<p data-start=\"5391\" data-end=\"5433\">6. Czy mog\u0119 u\u017cywa\u0107 urz\u0105dzenia 9YG-1.0C do suchego siana?<\/p>\n<p data-start=\"5435\" data-end=\"5696\">Tak, model 9YG-1.0C jest na tyle wszechstronny, \u017ce poradzi sobie zar\u00f3wno z mokr\u0105 kiszonk\u0105, jak i suchym sianem. Niezale\u017cnie od tego, czy produkujesz okr\u0105g\u0142e bele siana, czy <a href=\"https:\/\/silage-balers.com\/pl\/produkt\/prasa-okragla-9yg-1-25\/\">bele kiszonki<\/a>Ta prasa zosta\u0142a zaprojektowana tak, aby wydajnie przetwarza\u0107 r\u00f3\u017cne rodzaje plon\u00f3w, co czyni j\u0105 doskona\u0142ym, wszechstronnym rozwi\u0105zaniem do belowania.<\/p>\n<p data-start=\"5698\" data-end=\"5755\">7. Czy 9YG-1.0C jest dobr\u0105 inwestycj\u0105 dla ma\u0142ych gospodarstw?<\/p>\n<p data-start=\"5757\" data-end=\"6050\">Zdecydowanie. Chocia\u017c model 9YG-1.0C jest w stanie obs\u0142u\u017cy\u0107 du\u017ce ilo\u015bci plon\u00f3w, nadaje si\u0119 r\u00f3wnie\u017c do mniejszych gospodarstw ze wzgl\u0119du na \u0142atwo\u015b\u0107 obs\u0142ugi i ekonomiczno\u015b\u0107. Mo\u017cliwo\u015b\u0107 dostosowania rozmiaru beli i wydajna praca maszyny sprawiaj\u0105, \u017ce jest to doskona\u0142y wyb\u00f3r dla rolnik\u00f3w o ka\u017cdej skali dzia\u0142alno\u015bci.<\/p>\n<p data-start=\"5757\" data-end=\"6050\">edytuj przez gzl<\/p>\n<p style=\"text-align: center;\" data-start=\"5757\" data-end=\"6050\">","protected":false},"excerpt":{"rendered":"<p>Prasa zwijaj\u0105ca 9YG-1.0C to wysokowydajna maszyna przeznaczona do produkcji bel kiszonki i siana. Idealna zar\u00f3wno dla du\u017cych, jak i ma\u0142ych gospodarstw, ta prasa do sianokiszonki oferuje mo\u017cliwo\u015b\u0107 dostosowania rozmiar\u00f3w bel, trwa\u0142\u0105 konstrukcj\u0119 i \u0142atwo\u015b\u0107 obs\u0142ugi. Niezale\u017cnie od tego, czy szukasz prasy do sianokiszonki, czy prasy do siana, 9YG-1.0C oferuje doskona\u0142y stosunek jako\u015bci do ceny, co czyni j\u0105 idealnym wyborem dla ka\u017cdego gospodarstwa rolnego.<\/p>","protected":false},"featured_media":298,"template":"","meta":{"_et_pb_use_builder":"","_et_pb_old_content":"","_et_gb_content_width":""},"product_brand":[],"product_cat":[18],"product_tag":[],"class_list":{"0":"post-284","1":"product","2":"type-product","3":"status-publish","4":"has-post-thumbnail","6":"product_cat-round-baler","8":"first","9":"instock","10":"shipping-taxable","11":"product-type-simple"},"_links":{"self":[{"href":"https:\/\/silage-balers.com\/pl\/wp-json\/wp\/v2\/product\/284","targetHints":{"allow":["GET"]}}],"collection":[{"href":"https:\/\/silage-balers.com\/pl\/wp-json\/wp\/v2\/product"}],"about":[{"href":"https:\/\/silage-balers.com\/pl\/wp-json\/wp\/v2\/types\/product"}],"wp:featuredmedia":[{"embeddable":true,"href":"https:\/\/silage-balers.com\/pl\/wp-json\/wp\/v2\/media\/298"}],"wp:attachment":[{"href":"https:\/\/silage-balers.com\/pl\/wp-json\/wp\/v2\/media?parent=284"}],"wp:term":[{"taxonomy":"product_brand","embeddable":true,"href":"https:\/\/silage-balers.com\/pl\/wp-json\/wp\/v2\/product_brand?post=284"},{"taxonomy":"product_cat","embeddable":true,"href":"https:\/\/silage-balers.com\/pl\/wp-json\/wp\/v2\/product_cat?post=284"},{"taxonomy":"product_tag","embeddable":true,"href":"https:\/\/silage-balers.com\/pl\/wp-json\/wp\/v2\/product_tag?post=284"}],"curies":[{"name":"wp","href":"https:\/\/api.w.org\/{rel}","templated":true}]}}