{"id":285,"date":"2025-11-26T09:21:29","date_gmt":"2025-11-26T09:21:29","guid":{"rendered":"https:\/\/silage-balers.com\/?post_type=product&#038;p=285"},"modified":"2025-12-29T05:46:18","modified_gmt":"2025-12-29T05:46:18","slug":"prasa-okragla-9yg-1-25","status":"publish","type":"product","link":"https:\/\/silage-balers.com\/pl\/produkt\/prasa-okragla-9yg-1-25\/","title":{"rendered":"Prasa okr\u0105g\u0142a 9YG-1.25"},"content":{"rendered":"<p data-start=\"47\" data-end=\"524\">Prasa zwijaj\u0105ca 9YG-1.25 to zaawansowana, wysokowydajna maszyna zaprojektowana z my\u015bl\u0105 o usprawnieniu procesu belowania siana, s\u0142omy i innych upraw. Ta prasa zwijaj\u0105ca zosta\u0142a zaprojektowana zar\u00f3wno dla profesjonalnych rolnik\u00f3w, jak i ma\u0142ych gospodarstw, oferuj\u0105c wyj\u0105tkow\u0105 wydajno\u015b\u0107 w szerokim zakresie zastosowa\u0144 rolniczych. Niezale\u017cnie od tego, czy chodzi o formowanie okr\u0105g\u0142ych bel siana, czy przygotowywanie bel kiszonki do przechowywania, 9YG-1.25 to idealny wyb\u00f3r, oferuj\u0105cy niezawodn\u0105 i \u0142atw\u0105 w obs\u0142udze funkcjonalno\u015b\u0107.<\/p>\n<h2 data-start=\"526\" data-end=\"562\">Czym jest prasa zwijaj\u0105ca 9YG-1.25?<\/h2>\n<p data-start=\"564\" data-end=\"1158\">Prasa zwijaj\u0105ca to maszyna rolnicza s\u0142u\u017c\u0105ca do zbierania, prasowania i wi\u0105zania pokoszonych ro\u015blin, takich jak siano, s\u0142oma czy kiszonka, w zwarte, okr\u0105g\u0142e bele. Model 9YG-1.25 zosta\u0142 zaprojektowany do formowania bel o r\u00f3\u017cnych rozmiarach, co czyni go wszechstronnym i dostosowanym do r\u00f3\u017cnych potrzeb. Maszyna dzia\u0142a wydajnie, zbieraj\u0105c sypki materia\u0142 z pola, zag\u0119szczaj\u0105c go do okr\u0105g\u0142ego kszta\u0142tu, a nast\u0119pnie owijaj\u0105c sznurkiem lub siatk\u0105, aby zapobiec jego uszkodzeniu. Okr\u0105g\u0142e bele produkowane przez t\u0119 pras\u0119 idealnie nadaj\u0105 si\u0119 do przechowywania i transportu, poniewa\u017c ich cylindryczny kszta\u0142t jest bardzo stabilny i \u0142atwy do uk\u0142adania w stosy.<\/p>\n<p style=\"text-align: center;\" data-start=\"564\" data-end=\"1158\"><img loading=\"lazy\" decoding=\"async\" class=\"alignnone size-medium wp-image-290\" src=\"https:\/\/silage-balers.com\/wp-content\/uploads\/2025\/11\/ep-9YG-1.25-Round-Baler-2-1-300x300.webp\" alt=\"Prasa okr\u0105g\u0142a\" width=\"300\" height=\"300\" \/><\/p>\n<h3 data-start=\"263\" data-end=\"292\">Dane techniczne<\/h3>\n<div class=\"_tableContainer_1rjym_1\">\n<div class=\"group _tableWrapper_1rjym_13 flex w-fit flex-col-reverse\" tabindex=\"-1\">\n<table class=\"w-fit min-w-(--thread-content-width)\" style=\"border-color: #000000;\" data-start=\"294\" data-end=\"2194\">\n<thead data-start=\"294\" data-end=\"375\">\n<tr data-start=\"294\" data-end=\"375\">\n<th data-start=\"294\" data-end=\"324\" data-col-size=\"sm\">Przedmiot<\/th>\n<th data-start=\"324\" data-end=\"341\" data-col-size=\"sm\">Jednostka<\/th>\n<th data-start=\"341\" data-end=\"375\" data-col-size=\"sm\">Specyfikacja<\/th>\n<\/tr>\n<\/thead>\n<tbody data-start=\"458\" data-end=\"2194\">\n<tr data-start=\"458\" data-end=\"539\">\n<td data-start=\"458\" data-end=\"489\" data-col-size=\"sm\">Nazwa modelu<\/td>\n<td data-col-size=\"sm\" data-start=\"489\" data-end=\"506\">\u2013<\/td>\n<td data-col-size=\"sm\" data-start=\"506\" data-end=\"539\">Prasa okr\u0105g\u0142a 9YG-1.25<\/td>\n<\/tr>\n<tr data-start=\"540\" data-end=\"621\">\n<td data-start=\"540\" data-end=\"571\" data-col-size=\"sm\">Metoda po\u0142\u0105czenia<\/td>\n<td data-col-size=\"sm\" data-start=\"571\" data-end=\"588\">\u2013<\/td>\n<td data-col-size=\"sm\" data-start=\"588\" data-end=\"621\">Typ trakcyjny<\/td>\n<\/tr>\n<tr data-start=\"622\" data-end=\"704\">\n<td data-start=\"622\" data-end=\"653\" data-col-size=\"sm\">Szeroko\u015b\u0107 odbioru<\/td>\n<td data-col-size=\"sm\" data-start=\"653\" data-end=\"670\">mm<\/td>\n<td data-col-size=\"sm\" data-start=\"670\" data-end=\"704\">2240<\/td>\n<\/tr>\n<tr data-start=\"705\" data-end=\"786\">\n<td data-start=\"705\" data-end=\"736\" data-col-size=\"sm\">Mechanizm odbioru<\/td>\n<td data-col-size=\"sm\" data-start=\"736\" data-end=\"753\">\u2013<\/td>\n<td data-col-size=\"sm\" data-start=\"753\" data-end=\"786\">Typ spiralny<\/td>\n<\/tr>\n<tr data-start=\"787\" data-end=\"869\">\n<td data-start=\"787\" data-end=\"818\" data-col-size=\"sm\">Mechanizm podawania<\/td>\n<td data-col-size=\"sm\" data-start=\"818\" data-end=\"835\">\u2013<\/td>\n<td data-col-size=\"sm\" data-start=\"835\" data-end=\"869\">Hydrauliczne + Walce z\u0119bate<\/td>\n<\/tr>\n<tr data-start=\"870\" data-end=\"952\">\n<td data-start=\"870\" data-end=\"901\" data-col-size=\"sm\">Szeroko\u015b\u0107 komory spr\u0119\u017cania<\/td>\n<td data-col-size=\"sm\" data-start=\"901\" data-end=\"918\">mm<\/td>\n<td data-col-size=\"sm\" data-start=\"918\" data-end=\"952\">1250<\/td>\n<\/tr>\n<tr data-start=\"953\" data-end=\"1036\">\n<td data-start=\"953\" data-end=\"987\" data-col-size=\"sm\">\u015arednica komory spr\u0119\u017cania<\/td>\n<td data-col-size=\"sm\" data-start=\"987\" data-end=\"1002\">mm<\/td>\n<td data-col-size=\"sm\" data-start=\"1002\" data-end=\"1036\">1200<\/td>\n<\/tr>\n<tr data-start=\"1037\" data-end=\"1118\">\n<td data-start=\"1037\" data-end=\"1068\" data-col-size=\"sm\">Liczba rolek<\/td>\n<td data-col-size=\"sm\" data-start=\"1068\" data-end=\"1085\">sztuki<\/td>\n<td data-col-size=\"sm\" data-start=\"1085\" data-end=\"1118\">18 (Rolki)<\/td>\n<\/tr>\n<tr data-start=\"1119\" data-end=\"1201\">\n<td data-start=\"1119\" data-end=\"1150\" data-col-size=\"sm\">\u015arednica rolki<\/td>\n<td data-col-size=\"sm\" data-start=\"1150\" data-end=\"1167\">mm<\/td>\n<td data-col-size=\"sm\" data-start=\"1167\" data-end=\"1201\">\u03c6222<\/td>\n<\/tr>\n<tr data-start=\"1202\" data-end=\"1283\">\n<td data-start=\"1202\" data-end=\"1233\" data-col-size=\"sm\">Metoda wi\u0105zania<\/td>\n<td data-col-size=\"sm\" data-start=\"1233\" data-end=\"1250\">\u2013<\/td>\n<td data-col-size=\"sm\" data-start=\"1250\" data-end=\"1283\">Automatyczne wi\u0105zanie siatk\u0105<\/td>\n<\/tr>\n<tr data-start=\"1284\" data-end=\"1366\">\n<td data-start=\"1284\" data-end=\"1315\" data-col-size=\"sm\">Zasilacz<\/td>\n<td data-col-size=\"sm\" data-start=\"1315\" data-end=\"1332\">kW<\/td>\n<td data-col-size=\"sm\" data-start=\"1332\" data-end=\"1366\">\u226575<\/td>\n<\/tr>\n<tr data-start=\"1367\" data-end=\"1449\">\n<td data-start=\"1367\" data-end=\"1398\" data-col-size=\"sm\">Waga<\/td>\n<td data-col-size=\"sm\" data-start=\"1398\" data-end=\"1415\">kg<\/td>\n<td data-col-size=\"sm\" data-start=\"1415\" data-end=\"1449\">4060<\/td>\n<\/tr>\n<tr data-start=\"1450\" data-end=\"1532\">\n<td data-start=\"1450\" data-end=\"1481\" data-col-size=\"sm\">Pr\u0119dko\u015b\u0107 wyj\u015bciowa<\/td>\n<td data-col-size=\"sm\" data-start=\"1481\" data-end=\"1498\">obr.\/min<\/td>\n<td data-col-size=\"sm\" data-start=\"1498\" data-end=\"1532\">720<\/td>\n<\/tr>\n<tr data-start=\"1533\" data-end=\"1615\">\n<td data-start=\"1533\" data-end=\"1564\" data-col-size=\"sm\">Wymiary ca\u0142kowite<\/td>\n<td data-col-size=\"sm\" data-start=\"1564\" data-end=\"1581\">mm<\/td>\n<td data-col-size=\"sm\" data-start=\"1581\" data-end=\"1615\">4400\u00d72850\u00d72400<\/td>\n<\/tr>\n<tr data-start=\"1616\" data-end=\"1697\">\n<td data-start=\"1616\" data-end=\"1647\" data-col-size=\"sm\">Stan roboczy<\/td>\n<td data-col-size=\"sm\" data-start=\"1647\" data-end=\"1664\">\u2013<\/td>\n<td data-col-size=\"sm\" data-start=\"1664\" data-end=\"1697\">Sterowany czujnikiem<\/td>\n<\/tr>\n<tr data-start=\"1698\" data-end=\"1780\">\n<td data-start=\"1698\" data-end=\"1729\" data-col-size=\"sm\">Rozmiar beli (\u015brednica x d\u0142ugo\u015b\u0107)<\/td>\n<td data-col-size=\"sm\" data-start=\"1729\" data-end=\"1746\">mm<\/td>\n<td data-col-size=\"sm\" data-start=\"1746\" data-end=\"1780\">1300\u00d71250<\/td>\n<\/tr>\n<tr data-start=\"1781\" data-end=\"1863\">\n<td data-start=\"1781\" data-end=\"1812\" data-col-size=\"sm\">G\u0119sto\u015b\u0107 beli<\/td>\n<td data-col-size=\"sm\" data-start=\"1812\" data-end=\"1829\">kg\/m\u00b3<\/td>\n<td data-col-size=\"sm\" data-start=\"1829\" data-end=\"1863\">100-200<\/td>\n<\/tr>\n<tr data-start=\"1864\" data-end=\"1946\">\n<td data-start=\"1864\" data-end=\"1895\" data-col-size=\"sm\">Zdolno\u015b\u0107 produkcyjna<\/td>\n<td data-col-size=\"sm\" data-start=\"1895\" data-end=\"1912\">bele\/h<\/td>\n<td data-col-size=\"sm\" data-start=\"1912\" data-end=\"1946\">40-100<\/td>\n<\/tr>\n<tr data-start=\"1947\" data-end=\"2029\">\n<td data-start=\"1947\" data-end=\"1978\" data-col-size=\"sm\">Odleg\u0142o\u015b\u0107 k\u00f3\u0142<\/td>\n<td data-col-size=\"sm\" data-start=\"1978\" data-end=\"1995\">mm<\/td>\n<td data-col-size=\"sm\" data-start=\"1995\" data-end=\"2029\">2450<\/td>\n<\/tr>\n<tr data-start=\"2030\" data-end=\"2112\">\n<td data-start=\"2030\" data-end=\"2061\" data-col-size=\"sm\">Pr\u0119dko\u015b\u0107 robocza<\/td>\n<td data-col-size=\"sm\" data-start=\"2061\" data-end=\"2078\">km\/h<\/td>\n<td data-col-size=\"sm\" data-start=\"2078\" data-end=\"2112\">5-35<\/td>\n<\/tr>\n<tr data-start=\"2113\" data-end=\"2194\">\n<td data-start=\"2113\" data-end=\"2144\" data-col-size=\"sm\">Specyfikacje bel<\/td>\n<td data-col-size=\"sm\" data-start=\"2144\" data-end=\"2161\">\u2013<\/td>\n<td data-col-size=\"sm\" data-start=\"2161\" data-end=\"2194\">2000\u00d71,25m\/bela<\/td>\n<\/tr>\n<\/tbody>\n<\/table>\n<\/div>\n<\/div>\n<h3 data-start=\"1160\" data-end=\"1201\">Cechy prasy okr\u0105g\u0142ej 9YG-1.25<\/h3>\n<ol>\n<li data-start=\"1206\" data-end=\"1424\">Trwa\u0142o\u015b\u0107 i konstrukcja: Latarka 9YG-1.25 charakteryzuje si\u0119 solidn\u0105, trwa\u0142\u0105 konstrukcj\u0105, kt\u00f3ra sprawdzi si\u0119 w najtrudniejszych warunkach terenowych. Wysokiej jako\u015bci materia\u0142y i konstrukcja gwarantuj\u0105 d\u0142ug\u0105 \u017cywotno\u015b\u0107 przy minimalnej konserwacji.<\/li>\n<li data-start=\"1431\" data-end=\"1679\">Wydajno\u015b\u0107: Dzi\u0119ki wysokowydajnemu uk\u0142adowi podawania, prasa ta mo\u017ce obs\u0142ugiwa\u0107 du\u017ce ilo\u015bci plon\u00f3w, zapewniaj\u0105c szybk\u0105 i wydajn\u0105 prac\u0119. Doskonale radzi sobie zar\u00f3wno z suchym sianem, jak i wilgotn\u0105 kiszonk\u0105, co czyni j\u0105 wszechstronnym wyborem dla r\u00f3\u017cnorodnych gospodarstw rolnych.<\/li>\n<li data-start=\"1684\" data-end=\"1973\">Regulowany rozmiar beli: Prasa zwijaj\u0105ca umo\u017cliwia regulacj\u0119 rozmiaru beli, daj\u0105c rolnikom elastyczno\u015b\u0107 w produkcji bel zgodnie z konkretnymi potrzebami magazynowania i transportu. Mo\u017cliwo\u015b\u0107 dostosowania rozmiaru beli gwarantuje, \u017ce maszyna sprosta r\u00f3\u017cnym rodzajom upraw i zawarto\u015bci wilgoci.<\/li>\n<li data-start=\"1978\" data-end=\"2233\">\u0141atwa obs\u0142uga: Model 9YG-1.25 zosta\u0142 zaprojektowany z my\u015bl\u0105 o \u0142atwo\u015bci u\u017cytkowania, oferuj\u0105c przyjazne dla u\u017cytkownika sterowanie i intuicyjny interfejs. Minimalizuje zm\u0119czenie operatora, maksymalizuj\u0105c jednocze\u015bnie wydajno\u015b\u0107, umo\u017cliwiaj\u0105c operatorom szybkie i bezproblemowe wykonanie zadania.<\/li>\n<li data-start=\"2238\" data-end=\"2500\">Oszcz\u0119dno\u015b\u0107: Dla rolnik\u00f3w poszukuj\u0105cych prasy zwijaj\u0105cej na sprzeda\u017c, model 9YG-1.25 oferuje niedrogie rozwi\u0105zanie bez kompromis\u00f3w w zakresie jako\u015bci. To m\u0105dra inwestycja dla ka\u017cdego, kto zajmuje si\u0119 belowaniem siana, s\u0142omy lub kiszonki, zapewniaj\u0105ca wysoki zwrot z inwestycji.<\/li>\n<li data-start=\"2505\" data-end=\"2814\">System owijania siatk\u0105 i sznurkiem: Prasa jest wyposa\u017cona w wydajny system owijania, kt\u00f3ry umo\u017cliwia bezpieczne wi\u0105zanie bel sznurkiem lub siatk\u0105. Gwarantuje to prawid\u0142owe uszczelnienie bel i mo\u017cliwo\u015b\u0107 ich transportu lub przechowywania przez d\u0142u\u017cszy czas bez ryzyka zepsucia lub uszkodzenia.<\/li>\n<\/ol>\n<h3 style=\"text-align: center;\" data-start=\"4603\" data-end=\"4644\"><img loading=\"lazy\" decoding=\"async\" class=\"alignnone wp-image-299 size-medium\" src=\"https:\/\/silage-balers.com\/wp-content\/uploads\/2025\/11\/ep-9YG-1.25-Round-Baler-1-1-1-300x300.webp\" alt=\"Prasa okr\u0105g\u0142a\" width=\"300\" height=\"300\" \/><\/h3>\n<h3>Dlaczego warto wybra\u0107 pras\u0119 zwijaj\u0105c\u0105 9YG-1.25?<\/h3>\n<p data-start=\"4646\" data-end=\"5164\">Dla ka\u017cdego, kto szuka prasy zwijaj\u0105cej na sprzeda\u017c, model 9YG-1.25 oferuje niezr\u00f3wnan\u0105 jako\u015b\u0107, niezawodno\u015b\u0107 i wydajno\u015b\u0107. Doskonale radzi sobie z produkcj\u0105 okr\u0105g\u0142ych bel siana i kiszonki, zapewniaj\u0105c wydajne i \u0142atwe przechowywanie i transport plon\u00f3w. Niezale\u017cnie od tego, czy prowadzisz du\u017ce gospodarstwo rolne, czy ma\u0142\u0105 firm\u0119, ta prasa to doskona\u0142a inwestycja w sprz\u0119t rolniczy. Ponadto, jej ekonomiczna cena sprawia, \u017ce \u200b\u200bjest to m\u0105dry wyb\u00f3r dla rolnik\u00f3w, kt\u00f3rzy musz\u0105 znale\u017a\u0107 r\u00f3wnowag\u0119 mi\u0119dzy bud\u017cetem a wydajno\u015bci\u0105.<\/p>\n<h3 data-start=\"3600\" data-end=\"3649\">Zalety korzystania z prasy okr\u0105g\u0142ej 9YG-1.25<\/h3>\n<ul data-start=\"3651\" data-end=\"4438\">\n<li data-start=\"3651\" data-end=\"3843\">\n<p data-start=\"3653\" data-end=\"3843\">Oszcz\u0119dno\u015b\u0107 czasu: Ta prasa mo\u017ce znacznie przyspieszy\u0107 proces belowania w por\u00f3wnaniu do r\u0119cznego lub starszego sprz\u0119tu do belowania, umo\u017cliwiaj\u0105c rolnikom szybkie i wydajne wykonywanie zada\u0144.<\/p>\n<\/li>\n<li data-start=\"3844\" data-end=\"3980\">\n<p data-start=\"3846\" data-end=\"3980\">Wysoka jako\u015b\u0107 bel: Zaawansowana technologia gwarantuje, \u017ce bele s\u0105 \u015bci\u015ble pakowane i mniej podatne na uszkodzenia, co zmniejsza ilo\u015b\u0107 psucia si\u0119 produktu i ilo\u015b\u0107 odpad\u00f3w.<\/p>\n<\/li>\n<li data-start=\"3981\" data-end=\"4129\">\n<p data-start=\"3983\" data-end=\"4129\">Minimalne straty w plonach: System zaprojektowano w celu ograniczenia strat w plonach, zapewniaj\u0105c, \u017ce maksymalna ilo\u015b\u0107 zebranego materia\u0142u zostanie przekszta\u0142cona w bele.<\/p>\n<\/li>\n<li data-start=\"4130\" data-end=\"4283\">\n<p data-start=\"4132\" data-end=\"4283\">\u0141atwa obs\u0142uga: Dzi\u0119ki prostym uk\u0142adom hydraulicznym i intuicyjnemu sterowaniu nawet nowi operatorzy szybko naucz\u0105 si\u0119 efektywnie obs\u0142ugiwa\u0107 maszyn\u0119.<\/p>\n<\/li>\n<li data-start=\"4284\" data-end=\"4438\">\n<p data-start=\"4286\" data-end=\"4438\">D\u0142ugotrwa\u0142a wydajno\u015b\u0107: Trwa\u0142a konstrukcja gwarantuje, \u017ce 9YG-1.25 wytrzymuje d\u0142ugie godziny pracy w r\u00f3\u017cnych warunkach pogodowych.<\/p>\n<\/li>\n<\/ul>\n<h2 data-start=\"2816\" data-end=\"2825\">Cz\u0119sto zadawane pytania<\/h2>\n<p data-start=\"2827\" data-end=\"2855\">1. Czym jest bela okr\u0105g\u0142a?<\/p>\n<p data-start=\"2857\" data-end=\"3160\">Bela okr\u0105g\u0142a to du\u017ca, cylindryczna bela formowana przez pras\u0119 zwijaj\u0105c\u0105. Bele te s\u0105 szeroko stosowane do przechowywania siana, s\u0142omy lub kiszonki, poniewa\u017c ich kszta\u0142t umo\u017cliwia stabilne uk\u0142adanie w stosy i efektywny transport. Bele okr\u0105g\u0142e s\u0105 ciasno zgniatane i owijane, aby zachowa\u0107 zawarto\u015b\u0107 i zapobiec utracie wilgoci.<\/p>\n<p data-start=\"3162\" data-end=\"3201\">2. Ile kosztuje okr\u0105g\u0142a bela siana?<\/p>\n<p data-start=\"3203\" data-end=\"3482\">Koszt okr\u0105g\u0142ej beli siana mo\u017ce si\u0119 r\u00f3\u017cni\u0107 w zale\u017cno\u015bci od takich czynnik\u00f3w, jak rozmiar, jako\u015b\u0107 siana, lokalizacja i popyt. \u015arednio cena okr\u0105g\u0142ej beli siana mo\u017ce waha\u0107 si\u0119 od $40 do $150. Ceny wahaj\u0105 si\u0119 sezonowo i mog\u0105 zale\u017ce\u0107 od warunk\u00f3w regionalnych oraz dost\u0119pno\u015bci.<\/p>\n<p data-start=\"3484\" data-end=\"3538\">3. Czy prasa zwijaj\u0105ca 9YG-1.25 mo\u017ce formowa\u0107 bele kiszonki?<\/p>\n<p data-start=\"3540\" data-end=\"3807\">Tak, prasa 9YG-1.25 zosta\u0142a zaprojektowana specjalnie do belowania bel kiszonki, zapewniaj\u0105c niezawodne rozwi\u0105zanie dla rolnik\u00f3w, kt\u00f3rzy musz\u0105 przechowywa\u0107 mokre plony do fermentacji. Prasa zapewnia \u015bcis\u0142e zbicie bel, zapobiegaj\u0105c przedostawaniu si\u0119 powietrza i psuciu si\u0119 zawarto\u015bci.<\/p>\n<p data-start=\"3809\" data-end=\"3861\">4. Czy prasa zwijaj\u0105ca 9YG-1.25 jest \u0142atwa w konserwacji?<\/p>\n<p data-start=\"3863\" data-end=\"4158\">Tak, prasa 9YG-1.25 zosta\u0142a zaprojektowana z my\u015bl\u0105 o \u0142atwo\u015bci konserwacji. Wyposa\u017cona jest w proste w obs\u0142udze instrukcje konserwacji i trwa\u0142e podzespo\u0142y, kt\u00f3re wymagaj\u0105 minimalnej konserwacji. Regularna konserwacja, taka jak smarowanie i kontrola uk\u0142adu siatki\/sznurka, zapewni p\u0142ynn\u0105 prac\u0119 prasy przez lata.<\/p>\n<p data-start=\"4160\" data-end=\"4219\">5. Jak mog\u0119 sprawdzi\u0107, czy prasa zwijaj\u0105ca b\u0119dzie odpowiednia dla mojego gospodarstwa?<\/p>\n<p data-start=\"4221\" data-end=\"4601\">Je\u015bli szukasz niezawodnego i <a href=\"https:\/\/silage-balers.com\/pl\/produkt\/9yg-1-0c-round-baler-2\/\">wydajny<\/a> spos\u00f3b na prasowanie du\u017cych ilo\u015bci siana, s\u0142omy lub kiszonki, <a href=\"http:\/\/square-balers.com\" target=\"_blank\" rel=\"noopener\">prasa okr\u0105g\u0142a<\/a> Podobnie jak 9YG-1.25, jest idealnym wyborem. Jest szczeg\u00f3lnie przydatny w gospodarstwach o \u015brednich i du\u017cych area\u0142ach, gdzie czas i wydajno\u015b\u0107 s\u0105 wa\u017cne. Dodatkowo, mo\u017ce obs\u0142ugiwa\u0107 r\u00f3\u017cnorodne rodzaje upraw, co czyni go wszechstronnym w r\u00f3\u017cnych zastosowaniach rolniczych.<\/p>\n<p data-start=\"4221\" data-end=\"4601\">edytuj przez gzl<\/p>","protected":false},"excerpt":{"rendered":"<p>Prasa zwijaj\u0105ca 9YG-1.25 to wysokowydajna maszyna rolnicza, kt\u00f3ra formuje trwa\u0142e, zwarte, okr\u0105g\u0142e bele siana i kiszonki. Dzi\u0119ki regulowanemu rozmiarowi beli, trwa\u0142ej konstrukcji i \u0142atwemu w obs\u0142udze sterowaniu, ta prasa zwijaj\u0105ca idealnie nadaje si\u0119 do \u015brednich i du\u017cych gospodarstw rolnych. Zapewnia szybkie i wydajne belowanie oraz jest ekonomicznym rozwi\u0105zaniem dla rolnik\u00f3w. Niezale\u017cnie od tego, czy szukasz prasy zwijaj\u0105cej na sprzeda\u017c, czy zastanawiasz si\u0119, ile kosztuje okr\u0105g\u0142a bela siana, 9YG-1.25 oferuje niezr\u00f3wnan\u0105 wydajno\u015b\u0107 i warto\u015b\u0107.<\/p>","protected":false},"featured_media":299,"template":"","meta":{"_et_pb_use_builder":"","_et_pb_old_content":"","_et_gb_content_width":""},"product_brand":[],"product_cat":[18],"product_tag":[],"class_list":{"0":"post-285","1":"product","2":"type-product","3":"status-publish","4":"has-post-thumbnail","6":"product_cat-round-baler","8":"first","9":"instock","10":"shipping-taxable","11":"product-type-simple"},"_links":{"self":[{"href":"https:\/\/silage-balers.com\/pl\/wp-json\/wp\/v2\/product\/285","targetHints":{"allow":["GET"]}}],"collection":[{"href":"https:\/\/silage-balers.com\/pl\/wp-json\/wp\/v2\/product"}],"about":[{"href":"https:\/\/silage-balers.com\/pl\/wp-json\/wp\/v2\/types\/product"}],"wp:featuredmedia":[{"embeddable":true,"href":"https:\/\/silage-balers.com\/pl\/wp-json\/wp\/v2\/media\/299"}],"wp:attachment":[{"href":"https:\/\/silage-balers.com\/pl\/wp-json\/wp\/v2\/media?parent=285"}],"wp:term":[{"taxonomy":"product_brand","embeddable":true,"href":"https:\/\/silage-balers.com\/pl\/wp-json\/wp\/v2\/product_brand?post=285"},{"taxonomy":"product_cat","embeddable":true,"href":"https:\/\/silage-balers.com\/pl\/wp-json\/wp\/v2\/product_cat?post=285"},{"taxonomy":"product_tag","embeddable":true,"href":"https:\/\/silage-balers.com\/pl\/wp-json\/wp\/v2\/product_tag?post=285"}],"curies":[{"name":"wp","href":"https:\/\/api.w.org\/{rel}","templated":true}]}}