{"id":380,"date":"2025-12-23T02:15:26","date_gmt":"2025-12-23T02:15:26","guid":{"rendered":"https:\/\/silage-balers.com\/?post_type=product&#038;p=380"},"modified":"2025-12-23T03:05:06","modified_gmt":"2025-12-23T03:05:06","slug":"prasa-okragla-9yg-1-0","status":"publish","type":"product","link":"https:\/\/silage-balers.com\/pl\/produkt\/prasa-okragla-9yg-1-0\/","title":{"rendered":"Prasa zwijaj\u0105ca 9YG-1.0 | bardzo wydajna"},"content":{"rendered":"<p>Prasa zwijaj\u0105ca 9YG-1.0 to zaawansowana, wysoce wydajna maszyna zaprojektowana z my\u015bl\u0105 o zwi\u0119kszeniu p\u0142ynno\u015bci i produktywno\u015bci prac rolniczych. Pomaga rolnikom usprawni\u0107 proces belowania siana lub s\u0142omy, co przek\u0142ada si\u0119 na lepsze przechowywanie, transport i og\u00f3ln\u0105 wydajno\u015b\u0107 pracy. Dzi\u0119ki innowacyjnej konstrukcji i wysokim mo\u017cliwo\u015bciom, prasa zwijaj\u0105ca 9YG-1.0 wyr\u00f3\u017cnia si\u0119 jako kluczowy element nowoczesnego rolnictwa.<\/p>\n<h2>Specyfikacja techniczna<\/h2>\n<table style=\"border-color: #000000;\">\n<thead>\n<tr>\n<th>Numer seryjny<\/th>\n<th>Przedmiot<\/th>\n<th>Jednostka<\/th>\n<th>Specyfikacja<\/th>\n<\/tr>\n<\/thead>\n<tbody>\n<tr>\n<td>1<\/td>\n<td>Nazwa modelu<\/td>\n<td>\/<\/td>\n<td>Prasa zwijaj\u0105ca 9YG-1.0<\/td>\n<\/tr>\n<tr>\n<td>2<\/td>\n<td>Metoda zaczepiania<\/td>\n<td>\/<\/td>\n<td>Typ holowany<\/td>\n<\/tr>\n<tr>\n<td>3<\/td>\n<td>Szeroko\u015b\u0107 odbioru<\/td>\n<td>mm<\/td>\n<td>1900<\/td>\n<\/tr>\n<tr>\n<td>4<\/td>\n<td>Typ konstrukcji pickupa<\/td>\n<td>\/<\/td>\n<td>Typ spr\u0119\u017cynowo-z\u0119bowy<\/td>\n<\/tr>\n<tr>\n<td>5<\/td>\n<td>Typ konstrukcji podajnika<\/td>\n<td>\/<\/td>\n<td>Typ z\u0119bato-walcowy + cylindryczny<\/td>\n<\/tr>\n<tr>\n<td>6<\/td>\n<td>Typ konstrukcji prasy do belowania w komorze kompresyjnej<\/td>\n<td>\/<\/td>\n<td>Typ cylindra<\/td>\n<\/tr>\n<tr>\n<td>7<\/td>\n<td>Szeroko\u015b\u0107 komory spr\u0119\u017cania<\/td>\n<td>mm<\/td>\n<td>1000<\/td>\n<\/tr>\n<tr>\n<td>8<\/td>\n<td>\u015arednica komory spr\u0119\u017cania<\/td>\n<td>mm<\/td>\n<td>\u03a61000<\/td>\n<\/tr>\n<tr>\n<td>9<\/td>\n<td>Liczba ruchomych cz\u0119\u015bci roboczych<\/td>\n<td>sztuka<\/td>\n<td>16 (cylindr\u00f3w)<\/td>\n<\/tr>\n<tr>\n<td>10<\/td>\n<td>\u015arednica cylindra tocznego<\/td>\n<td>mm<\/td>\n<td>\u03a6222<\/td>\n<\/tr>\n<tr>\n<td>11<\/td>\n<td>Metoda belowania<\/td>\n<td>\/<\/td>\n<td>Owijanie siatk\u0105<\/td>\n<\/tr>\n<tr>\n<td>12<\/td>\n<td>Dopasowana moc<\/td>\n<td>kW<\/td>\n<td>48~80<\/td>\n<\/tr>\n<tr>\n<td>13<\/td>\n<td>Waga strukturalna<\/td>\n<td>kg<\/td>\n<td>2640<\/td>\n<\/tr>\n<tr>\n<td>14<\/td>\n<td>Pr\u0119dko\u015b\u0107 WOM<\/td>\n<td>obr.\/min<\/td>\n<td>720<\/td>\n<\/tr>\n<tr>\n<td>15<\/td>\n<td>Wymiary ca\u0142kowite (d\u0142. \u00d7 szer. \u00d7 wys.)<\/td>\n<td>mm<\/td>\n<td>Stan roboczy: 3750\u00d72300\u00d72020<\/td>\n<\/tr>\n<tr>\n<td>16<\/td>\n<td>Kontrola g\u0119sto\u015bci beli<\/td>\n<td>\/<\/td>\n<td>Kontrola czujnika<\/td>\n<\/tr>\n<tr>\n<td>17<\/td>\n<td>Rozmiar beli (\u015brednica \u00d7 szeroko\u015b\u0107)<\/td>\n<td>mm<\/td>\n<td>\u03a61100\u00d71000<\/td>\n<\/tr>\n<tr>\n<td>18<\/td>\n<td>G\u0119sto\u015b\u0107 beli<\/td>\n<td>kg\/m\u00b3<\/td>\n<td>115~200<\/td>\n<\/tr>\n<tr>\n<td>19<\/td>\n<td>Wydajno\u015b\u0107<\/td>\n<td>bele\/h<\/td>\n<td>40~100<\/td>\n<\/tr>\n<tr>\n<td>20<\/td>\n<td>\u015alady k\u00f3\u0142<\/td>\n<td>mm<\/td>\n<td>2045<\/td>\n<\/tr>\n<tr>\n<td>21<\/td>\n<td>Pr\u0119dko\u015b\u0107 robocza<\/td>\n<td>km\/h<\/td>\n<td>5~20<\/td>\n<\/tr>\n<tr>\n<td>22<\/td>\n<td>Specyfikacja siatki do belowania (d\u0142. \u00d7 szer.)<\/td>\n<td>M<\/td>\n<td>2000\u00d71,0 m\/bela<\/td>\n<\/tr>\n<\/tbody>\n<\/table>\n<h2>Definicja produktu<\/h2>\n<p>Prasa zwijaj\u0105ca 9YG-1.0 to kompaktowa, a zarazem wytrzyma\u0142a maszyna rolnicza s\u0142u\u017c\u0105ca do prasowania i wi\u0105zania siana lub s\u0142omy w ciasne, cylindryczne bele. Takie bele s\u0105 \u0142atwiejsze w przechowywaniu i obs\u0142udze, zapewniaj\u0105c wydajn\u0105 metod\u0119 pakowania produkt\u00f3w rolnych. S\u0105 one szczeg\u00f3lnie przydatne dla rolnik\u00f3w, kt\u00f3rzy chc\u0105 zwi\u0119kszy\u0107 wydajno\u015b\u0107 zbior\u00f3w i pakowania plon\u00f3w.<\/p>\n<h2>Problemy, kt\u00f3re mo\u017ce rozwi\u0105za\u0107<\/h2>\n<p>Prasa zwijaj\u0105ca 9YG-1.0 skutecznie rozwi\u0105zuje typowe problemy rolnicze, takie jak r\u0119czna praca wymagana do prze\u0142adunku du\u017cych ilo\u015bci s\u0142omy lub siana. Zwi\u0119ksza pr\u0119dko\u015b\u0107 belowania, zmniejsza nak\u0142ad pracy fizycznej i poprawia jako\u015b\u0107 bel. Automatyzacja procesu belowania eliminuje r\u00f3\u017cnice w rozmiarze bel i zapewnia ich \u015bcis\u0142e upakowanie, zmniejszaj\u0105c straty podczas transportu i przechowywania.<\/p>\n<h2>Zastosowania produktu<\/h2>\n<p>Zaprojektowana z my\u015bl\u0105 o szerokim zakresie potrzeb rolniczych, prasa zwijaj\u0105ca 9YG-1.0 idealnie nadaje si\u0119 dla rolnik\u00f3w pracuj\u0105cych na du\u017cych polach siana, s\u0142omy, a nawet niekt\u00f3rych upraw, kt\u00f3re wymagaj\u0105 zwartych i por\u0119cznych bel. Ten typ prasy jest szczeg\u00f3lnie wa\u017cny w hodowli zwierz\u0105t gospodarskich, poniewa\u017c siano i s\u0142oma stanowi\u0105 kluczowe \u017ar\u00f3d\u0142a paszy dla zwierz\u0105t w okresie zimowym. U\u0142atwia r\u00f3wnie\u017c zarz\u0105dzanie uprawami, efektywnie wykorzystuj\u0105c przestrze\u0144 i u\u0142atwiaj\u0105c przechowywanie. Ponadto, jest cz\u0119sto u\u017cywana w po\u0142\u0105czeniu z kombajnami do zbioru fasoli lub ro\u015blin str\u0105czkowych do specjalistycznej obr\u00f3bki plon\u00f3w.<\/p>\n<p style=\"text-align: center;\"><img loading=\"lazy\" decoding=\"async\" class=\"alignnone wp-image-384\" src=\"https:\/\/silage-balers.com\/wp-content\/uploads\/2025\/12\/ep-9YG-1.0-Round-Baler1-2-1.webp\" alt=\"Prasa okr\u0105g\u0142a\" width=\"412\" height=\"412\" srcset=\"https:\/\/silage-balers.com\/wp-content\/uploads\/2025\/12\/ep-9YG-1.0-Round-Baler1-2-1.webp 262w, https:\/\/silage-balers.com\/wp-content\/uploads\/2025\/12\/ep-9YG-1.0-Round-Baler1-2-1-150x150.webp 150w, https:\/\/silage-balers.com\/wp-content\/uploads\/2025\/12\/ep-9YG-1.0-Round-Baler1-2-1-12x12.webp 12w, https:\/\/silage-balers.com\/wp-content\/uploads\/2025\/12\/ep-9YG-1.0-Round-Baler1-2-1-100x100.webp 100w\" sizes=\"(max-width: 412px) 100vw, 412px\" \/><\/p>\n<h2>Zalety prasy zwijaj\u0105cej 9YG-1.0<\/h2>\n<ul>\n<li><strong>Wysoka wydajno\u015b\u0107<\/strong> \u2013 Prasa zwijaj\u0105ca 9YG-1.0 pracuje z du\u017c\u0105 pr\u0119dko\u015bci\u0105, dzi\u0119ki czemu rolnicy mog\u0105 wykonywa\u0107 zadania zwi\u0105zane z belowaniem w znacznie kr\u00f3tszym czasie w por\u00f3wnaniu z tradycyjnymi metodami.<\/li>\n<li><strong>Trwa\u0142o\u015b\u0107<\/strong> \u2013 Wykonana z wytrzyma\u0142ych materia\u0142\u00f3w i zaprojektowana z my\u015bl\u0105 o d\u0142ugotrwa\u0142ej wydajno\u015bci, prasa ta jest w stanie wytrzyma\u0107 trudne warunki rolnicze.<\/li>\n<li><strong>\u0141atwo\u015b\u0107 u\u017cytkowania<\/strong> \u2013 Dzi\u0119ki przyjaznemu dla u\u017cytkownika sterowaniu i intuicyjnym funkcjom, 9YG-1.0 zapewnia minimalne wymagania szkoleniowe dla operator\u00f3w.<\/li>\n<li><strong>Kompaktowa konstrukcja<\/strong> \u2013 Kompaktowa konstrukcja prasy sprawia, \u017ce \u200b\u200bidealnie nadaje si\u0119 ona do ma\u0142ych i \u015brednich gospodarstw, maksymalizuj\u0105c wykorzystanie dost\u0119pnej przestrzeni.<\/li>\n<li><strong>Op\u0142acalno\u015b\u0107<\/strong> \u2013 Prasa zwijaj\u0105ca 9YG-1.0 w konkurencyjnej cenie to doskona\u0142y wyb\u00f3r dla rolnik\u00f3w, kt\u00f3rzy chc\u0105 zwi\u0119kszy\u0107 wydajno\u015b\u0107, nie rujnuj\u0105c bud\u017cetu.<\/li>\n<\/ul>\n<h2>Jak dzia\u0142a prasa zwijaj\u0105ca 9YG-1.0<\/h2>\n<p>Prasa zwijaj\u0105ca 9YG-1.0 wykorzystuje zaawansowany uk\u0142ad hydrauliczny do automatycznego zbierania, prasowania i wi\u0105zania materia\u0142\u00f3w rolniczych, takich jak siano i s\u0142oma, w okr\u0105g\u0142e bele. System rotora maszyny zbiera plon, a zestaw rolek prasuje go w ciasne bele. Komora prasowania jest wyposa\u017cona w system wi\u0105zania siatk\u0105, kt\u00f3ry zabezpiecza bel\u0119, u\u0142atwiaj\u0105c transport i przechowywanie. Ca\u0142y proces jest sterowany za pomoc\u0105 prostego interfejsu, co u\u0142atwia rolnikom efektywn\u0105 obs\u0142ug\u0119 urz\u0105dzenia.<\/p>\n<h2>Podstawowe scenariusze zastosowa\u0144<\/h2>\n<ul>\n<li><strong>Gospodarstwa hodowlane<\/strong> \u2013 Prasa doskonale nadaje si\u0119 do produkcji bel siana i s\u0142omy, kt\u00f3re mog\u0105 by\u0107 wykorzystane jako pasza dla byd\u0142a, owiec i innych zwierz\u0105t.<\/li>\n<li><strong>Zarz\u0105dzanie uprawami<\/strong> \u2013 Idealne dla rolnik\u00f3w, kt\u00f3rzy musz\u0105 efektywnie prasowa\u0107 i przechowywa\u0107 resztki po zbiorach, co pomaga utrzyma\u0107 gospodarstwo w czysto\u015bci i porz\u0105dku.<\/li>\n<li><strong>Produkcja pasz<\/strong> \u2013 Prasa jest szczeg\u00f3lnie przydatna do belowania lucerny, koniczyny i innych ro\u015blin pastewnych wykorzystywanych w \u017cywieniu zwierz\u0105t gospodarskich.<\/li>\n<li><strong>Zarz\u0105dzanie u\u017cytkami zielonymi<\/strong> \u2013 Mo\u017cna go stosowa\u0107 w programach ochrony u\u017cytk\u00f3w zielonych, gdzie bele s\u0105 przechowywane do wykorzystania poza sezonem.<\/li>\n<li><strong>Produkcja energii z biomasy<\/strong> \u2013 Prasa zwijaj\u0105ca 9YG-1.0 jest r\u00f3wnie\u017c wykorzystywana do przygotowywania odpad\u00f3w ro\u015blinnych do produkcji energii z biomasy, co przyczynia si\u0119 do wspierania zr\u00f3wnowa\u017conych praktyk rolniczych.<\/li>\n<li><strong>Rolnictwo na ma\u0142\u0105 skal\u0119<\/strong> \u2013 Idealna dla ma\u0142ych gospodarstw, kt\u00f3re potrzebuj\u0105 kompaktowej, \u0142atwej w obs\u0142udze prasy do belowania siana, s\u0142omy, a nawet niekt\u00f3rych rodzaj\u00f3w fasoli.<\/li>\n<\/ul>\n<h2>Jak wybra\u0107 odpowiedni\u0105 pras\u0119 zwijaj\u0105c\u0105 9YG-1.0<\/h2>\n<p>Wyb\u00f3r odpowiedniej prasy do belowania wymaga uwzgl\u0119dnienia r\u00f3\u017cnych czynnik\u00f3w, kt\u00f3re pozwol\u0105 upewni\u0107 si\u0119, \u017ce maszyna b\u0119dzie pasowa\u0107 do wielko\u015bci gospodarstwa, rodzaju upraw i oczekiwanych rezultat\u00f3w. Oto kilka kluczowych punkt\u00f3w, kt\u00f3re pomog\u0105 Ci dokona\u0107 wyboru:<\/p>\n<ul>\n<li><strong>Wielko\u015b\u0107 gospodarstwa<\/strong> \u2013 Je\u015bli masz mniejsze gospodarstwo, bardziej kompaktowa prasa, np. 9YG-1.0, b\u0119dzie \u0142atwiejsza w manewrowaniu i wystarczaj\u0105ca do Twoich potrzeb.<\/li>\n<li><strong>Rodzaj uprawy<\/strong> \u2013 Upewnij si\u0119, \u017ce prasa jest kompatybilna z rodzajami ro\u015blin, kt\u00f3re b\u0119dziesz przetwarza\u0107, takimi jak siano, s\u0142oma, a nawet fasola czerwona, je\u015bli u\u017cywasz specjalistycznych narz\u0119dzi, np. narz\u0119dzia do fasoli czerwonej.<\/li>\n<li><strong>Bud\u017cet<\/strong> \u2013 Prasa zwijaj\u0105ca 9YG-1.0 oferuje doskona\u0142y stosunek jako\u015bci do ceny, dlatego oce\u0144 sw\u00f3j bud\u017cet i op\u0142acalno\u015b\u0107 inwestycji w t\u0119 pras\u0119.<\/li>\n<li><strong>\u0141atwo\u015b\u0107 konserwacji<\/strong> \u2013 Wybierz pras\u0119 z \u0142atwym dost\u0119pem do cz\u0119\u015bci i solidn\u0105 gwarancj\u0105, aby zapewni\u0107 sobie d\u0142ugoterminow\u0105 niezawodno\u015b\u0107.<\/li>\n<li><strong>\u0141atwo\u015b\u0107 obs\u0142ugi<\/strong> \u2013 Przyjazny dla u\u017cytkownika interfejs 9YG-1.0 sprawia, \u017ce \u200b\u200bnawet pocz\u0105tkuj\u0105cy operatorzy szybko przyzwyczaj\u0105 si\u0119 do jego obs\u0142ugi.<\/li>\n<li><strong>Trwa\u0142o\u015b\u0107<\/strong> \u2013 We\u017a pod uwag\u0119 jako\u015b\u0107 wykonania i wybierz model, kt\u00f3ry wytrzyma warunki pogodowe i wymagania eksploatacyjne Twojego gospodarstwa.<\/li>\n<\/ul>\n<h2>Metody konserwacji prasy okr\u0105g\u0142ej 9YG-1.0<\/h2>\n<p>Regularna konserwacja prasy zwijaj\u0105cej 9YG-1.0 zapewnia jej wydajn\u0105 prac\u0119 i d\u0142u\u017csz\u0105 \u017cywotno\u015b\u0107. Regularna konserwacja powinna obejmowa\u0107:<\/p>\n<ul>\n<li><strong>Czyszczenie<\/strong> \u2013 Po ka\u017cdym u\u017cyciu dok\u0142adnie wyczy\u015b\u0107 pras\u0119, aby usun\u0105\u0107 resztki po\u017cniwne i zapobiec zatkaniu.<\/li>\n<li><strong>Smarowanie<\/strong> \u2013 Nale\u017cy zadba\u0107 o regularne smarowanie wszystkich ruchomych cz\u0119\u015bci, aby zapobiec ich zu\u017cyciu.<\/li>\n<li><strong>Kontrola<\/strong> \u2013 Okresowo sprawdzaj maszyn\u0119 pod k\u0105tem oznak zu\u017cycia, zw\u0142aszcza wa\u0142k\u00f3w i uk\u0142adu wi\u0105zania siatk\u0105.<\/li>\n<li><strong>Kontrola uk\u0142adu hydraulicznego<\/strong> \u2013 Regularnie sprawdzaj uk\u0142ad hydrauliczny, aby mie\u0107 pewno\u015b\u0107, \u017ce dzia\u0142a prawid\u0142owo i wymieniaj zu\u017cyte uszczelki lub w\u0119\u017ce.<\/li>\n<li><strong>Sk\u0142adowanie<\/strong> \u2013 Je\u015bli prasa nie b\u0119dzie u\u017cywana przez d\u0142u\u017cszy czas, nale\u017cy przechowywa\u0107 j\u0105 w suchym i chronionym miejscu, aby zapobiec jej rdzewieniu i uszkodzeniom spowodowanym przez warunki atmosferyczne.<\/li>\n<\/ul>\n<h2>Opinie klient\u00f3w<\/h2>\n<p>\u201ePrasa zwijaj\u0105ca 9YG-1.0 znacznie skr\u00f3ci\u0142a czas potrzebny na belowanie siana w naszym gospodarstwie. Jest niezwykle wydajna i \u0142atwa w obs\u0142udze, nawet dla os\u00f3b bez wcze\u015bniejszego do\u015bwiadczenia z prasami. Zauwa\u017cyli\u015bmy r\u00f3wnie\u017c zmniejszenie ilo\u015bci odpad\u00f3w podczas przechowywania, a bele s\u0105 ciasno upakowane. Gor\u0105co polecam ten produkt!\u201d<br \/>\n\u2013 John Smith, Stany Zjednoczone<\/p>\n<p>\u201eZakupili\u015bmy pras\u0119 zwijaj\u0105c\u0105 9YG-1.0 do naszego ma\u0142ego gospodarstwa w RPA. Przeros\u0142a nasze oczekiwania pod wzgl\u0119dem wydajno\u015bci i trwa\u0142o\u015bci. Konstrukcja jest kompaktowa, ale wydajna i doskonale sprawdza si\u0119 przy zbiorach lucerny. To, \u017ce dobrze radzi sobie w r\u00f3\u017cnych warunkach pogodowych, czyni j\u0105 dla nas najlepszym wyborem\u201d.<br \/>\n\u2013 Lindiwe Ndlovu, Republika Po\u0142udniowej Afryki<\/p>\n<p>\u201eJako du\u017ce gospodarstwo rolne w Brazylii potrzebowali\u015bmy niezawodnej prasy do belowania, kt\u00f3ra poradzi sobie z du\u017cymi ilo\u015bciami s\u0142omy. Model 9YG-1.0 okaza\u0142 si\u0119 doskona\u0142ym uzupe\u0142nieniem naszej dzia\u0142alno\u015bci. Jest szybki, wydajny i znacznie obni\u017cy\u0142 nasze koszty pracy. Jest r\u00f3wnie\u017c bardzo \u0142atwy w utrzymaniu\u201d.<br \/>\n\u2013 Carlos Pinto, Brazylia<\/p>\n<p>\u201eU\u017cywamy prasy zwijaj\u0105cej 9YG-1.0 od kilku miesi\u0119cy na naszej farmie hodowlanej w Kanadzie i dzi\u0119ki niej prasowanie siana sta\u0142o si\u0119 dziecinnie proste. Jest trwa\u0142a i doskonale sprawdza si\u0119 zar\u00f3wno przy suchym, jak i mokrym sianie. Kompaktowa konstrukcja idealnie pasuje do uk\u0142adu naszej farmy\u201d.<br \/>\n\u2013 Emily Thompson, Kanada<\/p>\n<p>\u201eProwadz\u0119 ma\u0142e gospodarstwo rolne w Wielkiej Brytanii, a prasa roluj\u0105ca 9YG-1.0 zmieni\u0142a nasze \u017cycie. Maszyna jest lekka, \u0142atwa w obs\u0142udze, a rezultaty s\u0105 za ka\u017cdym razem idealne. Teraz mo\u017cemy wydajniej przechowywa\u0107 siano i ograniczy\u0107 jego marnotrawstwo\u201d.<br \/>\n\u2013 Ames Richards, Wielka Brytania<\/p>\n<h2>Dlaczego warto wybra\u0107 nasz\u0105 pras\u0119 zwijaj\u0105c\u0105 9YG-1.0<\/h2>\n<p>Nasza prasa zwijaj\u0105ca 9YG-1.0 wyr\u00f3\u017cnia si\u0119 szybk\u0105 personalizacj\u0105, oferuj\u0105c rozwi\u0105zania dopasowane do indywidualnych potrzeb w rolnictwie. Udzielamy 3-letniej gwarancji na nasz produkt, zapewniaj\u0105c wyj\u0105tkowe wsparcie posprzeda\u017cowe. Dzi\u0119ki globalnej us\u0142udze szybkiej wysy\u0142ki gwarantujemy terminow\u0105 realizacj\u0119 zam\u00f3wienia, niezale\u017cnie od miejsca na \u015bwiecie. Nasz serwis posprzeda\u017cowy jest kompleksowy i obejmuje konserwacj\u0119, wsparcie techniczne oraz szkolenia, gwarantuj\u0105c rentowno\u015b\u0107 inwestycji w d\u0142u\u017cszej perspektywie.<\/p>\n<h2>Poznaj produkt i skontaktuj si\u0119 z nami ju\u017c dzi\u015b<\/h2>\n<p>Nie przegap okazji, aby zoptymalizowa\u0107 swoje dzia\u0142ania rolnicze dzi\u0119ki prasie roluj\u0105cej 9YG-1.0. Nasza firma s\u0142ynie z du\u017cych mo\u017cliwo\u015bci produkcyjnych, produkt\u00f3w najwy\u017cszej jako\u015bci, konkurencyjnych cen i niezr\u00f3wnanej obs\u0142ugi klienta. Opr\u00f3cz prasy 9YG-1.0 <a href=\"https:\/\/silage-balers.com\/pl\/produkt\/prasa-okragla-9yg-1-25\/\">Prasa okr\u0105g\u0142a<\/a>Oferujemy r\u00f3wnie\u017c szerok\u0105 gam\u0119 akcesori\u00f3w i sprz\u0119tu, kt\u00f3re dodatkowo wspomog\u0105 Twoje potrzeby w rolnictwie. Poznaj nasze produkty i skontaktuj si\u0119 z nami, aby uzyska\u0107 wycen\u0119 ju\u017c dzi\u015b!<\/p>\n<p style=\"text-align: center;\"><img loading=\"lazy\" decoding=\"async\" class=\"alignnone wp-image-382\" src=\"https:\/\/silage-balers.com\/wp-content\/uploads\/2025\/12\/ep-9YG-1.0-Round-Baler1-1-1-1.webp\" alt=\"Prasa okr\u0105g\u0142a\" width=\"442\" height=\"442\" srcset=\"https:\/\/silage-balers.com\/wp-content\/uploads\/2025\/12\/ep-9YG-1.0-Round-Baler1-1-1-1.webp 259w, https:\/\/silage-balers.com\/wp-content\/uploads\/2025\/12\/ep-9YG-1.0-Round-Baler1-1-1-1-150x150.webp 150w, https:\/\/silage-balers.com\/wp-content\/uploads\/2025\/12\/ep-9YG-1.0-Round-Baler1-1-1-1-12x12.webp 12w, https:\/\/silage-balers.com\/wp-content\/uploads\/2025\/12\/ep-9YG-1.0-Round-Baler1-1-1-1-100x100.webp 100w\" sizes=\"(max-width: 442px) 100vw, 442px\" \/><\/p>\n<h2>Cz\u0119sto zadawane pytania<\/h2>\n<p><strong>1. Do czego s\u0142u\u017cy 9YG-1.0?<\/strong><\/p>\n<p>Prasa 9YG-1.0 s\u0142u\u017cy g\u0142\u00f3wnie do belowania siana, s\u0142omy i innych materia\u0142\u00f3w rolnych w ciasno upakowane, okr\u0105g\u0142e bele. Usprawnia przechowywanie i transport plon\u00f3w, redukuj\u0105c ilo\u015b\u0107 odpad\u00f3w i zwi\u0119kszaj\u0105c wydajno\u015b\u0107.<\/p>\n<p><strong>2. W jaki spos\u00f3b 9YG-1.0 poprawia wydajno\u015b\u0107 rolnictwa?<\/strong><\/p>\n<p>Ta prasa automatyzuje proces belowania, oszcz\u0119dzaj\u0105c czas i prac\u0119. Dzia\u0142a szybciej ni\u017c tradycyjne metody belowania i zapewnia bardziej sp\u00f3jny produkt, co zmniejsza ilo\u015b\u0107 odpad\u00f3w podczas przechowywania i transportu.<\/p>\n<p><strong>3. Czy maszyna 9YG-1.0 nadaje si\u0119 do ma\u0142ych gospodarstw?<\/strong><\/p>\n<p>Tak, kompaktowa konstrukcja modelu 9YG-1.0 sprawia, \u017ce \u200b\u200bidealnie nadaje si\u0119 on do ma\u0142ych gospodarstw. Mo\u017ce obs\u0142ugiwa\u0107 r\u00f3\u017cnorodne uprawy, od siana po niekt\u00f3re ro\u015bliny str\u0105czkowe, a tak\u017ce pomaga zoptymalizowa\u0107 przestrze\u0144, jednocze\u015bnie zwi\u0119kszaj\u0105c wydajno\u015b\u0107 operacyjn\u0105.<\/p>\n<p><strong>4. Jak cz\u0119sto nale\u017cy przeprowadza\u0107 konserwacj\u0119 9YG-1.0?<\/strong><\/p>\n<p>Zaleca si\u0119 regularn\u0105 konserwacj\u0119 po ka\u017cdym u\u017cyciu. Kluczowe czynno\u015bci konserwacyjne obejmuj\u0105 czyszczenie, smarowanie i kontrol\u0119 uk\u0142adu hydraulicznego. Regularne kontrole zapewniaj\u0105 wydajn\u0105 prac\u0119 prasy przez wiele lat.<\/p>\n<p><strong>5. Jaki jest okres gwarancji na 9YG-1.0?<\/strong><\/p>\n<p>Model 9YG-1.0 obj\u0119ty jest 3-letni\u0105 gwarancj\u0105, kt\u00f3ra obejmuje wady materia\u0142owe i wykonawcze. Nasz zesp\u00f3\u0142 posprzeda\u017cowy jest zawsze do dyspozycji, aby pom\u00f3c w przypadku problem\u00f3w z konserwacj\u0105 lub technicznych w okresie gwarancyjnym.<\/p>\n<p>edytuj przez gzl<\/p>\n<p>&nbsp;<\/p>","protected":false},"excerpt":{"rendered":"<p>Odkryj wydajn\u0105 pras\u0119 zwijaj\u0105c\u0105 9YG-1.0 do wydajnego belowania siana i s\u0142omy. Zaprojektowana z my\u015bl\u0105 o trwa\u0142o\u015bci, prasa ta oferuje p\u0142ynn\u0105 prac\u0119, zwi\u0119kszon\u0105 wydajno\u015b\u0107 i ekonomiczne rozwi\u0105zania. Idealna dla rolnik\u00f3w, kt\u00f3rzy chc\u0105 zwi\u0119kszy\u0107 plony dzi\u0119ki wydajnym maszynom. Dowiedz si\u0119 wi\u0119cej o jej funkcjach i zaletach ju\u017c dzi\u015b \u2014 zoptymalizuj swoje do\u015bwiadczenie w rolnictwie dzi\u0119ki prasie zwijaj\u0105cej 9YG-1.0!<\/p>","protected":false},"featured_media":383,"template":"","meta":{"_et_pb_use_builder":"","_et_pb_old_content":"","_et_gb_content_width":""},"product_brand":[],"product_cat":[18],"product_tag":[],"class_list":{"0":"post-380","1":"product","2":"type-product","3":"status-publish","4":"has-post-thumbnail","6":"product_cat-round-baler","8":"first","9":"instock","10":"shipping-taxable","11":"product-type-simple"},"_links":{"self":[{"href":"https:\/\/silage-balers.com\/pl\/wp-json\/wp\/v2\/product\/380","targetHints":{"allow":["GET"]}}],"collection":[{"href":"https:\/\/silage-balers.com\/pl\/wp-json\/wp\/v2\/product"}],"about":[{"href":"https:\/\/silage-balers.com\/pl\/wp-json\/wp\/v2\/types\/product"}],"wp:featuredmedia":[{"embeddable":true,"href":"https:\/\/silage-balers.com\/pl\/wp-json\/wp\/v2\/media\/383"}],"wp:attachment":[{"href":"https:\/\/silage-balers.com\/pl\/wp-json\/wp\/v2\/media?parent=380"}],"wp:term":[{"taxonomy":"product_brand","embeddable":true,"href":"https:\/\/silage-balers.com\/pl\/wp-json\/wp\/v2\/product_brand?post=380"},{"taxonomy":"product_cat","embeddable":true,"href":"https:\/\/silage-balers.com\/pl\/wp-json\/wp\/v2\/product_cat?post=380"},{"taxonomy":"product_tag","embeddable":true,"href":"https:\/\/silage-balers.com\/pl\/wp-json\/wp\/v2\/product_tag?post=380"}],"curies":[{"name":"wp","href":"https:\/\/api.w.org\/{rel}","templated":true}]}}