{"id":390,"date":"2025-12-23T03:34:44","date_gmt":"2025-12-23T03:34:44","guid":{"rendered":"https:\/\/silage-balers.com\/?post_type=product&#038;p=390"},"modified":"2025-12-29T05:45:33","modified_gmt":"2025-12-29T05:45:33","slug":"prasa-okragla-9yg-2-24d","status":"publish","type":"product","link":"https:\/\/silage-balers.com\/pl\/produkt\/prasa-okragla-9yg-2-24d\/","title":{"rendered":"Prasa okr\u0105g\u0142a 9YG-2.24D"},"content":{"rendered":"<p>Prasa zwijaj\u0105ca 9YG-2.24D to wydajna maszyna rolnicza przeznaczona do kompaktowego i wydajnego belowania siana. Oferuje wszechstronne rozwi\u0105zanie dla ma\u0142ych i \u015brednich gospodarstw, \u0142\u0105cz\u0105c wyj\u0105tkow\u0105 trwa\u0142o\u015b\u0107 z \u0142atwo\u015bci\u0105 obs\u0142ugi. Jej hydrauliczny uk\u0142ad nap\u0119dowy zapewnia p\u0142ynny i wydajny proces belowania, redukuj\u0105c nak\u0142ad pracy r\u0119cznej i jednocze\u015bnie poprawiaj\u0105c jako\u015b\u0107 produktu.<\/p>\n<h2>Specyfikacja techniczna<\/h2>\n<table style=\"border-color: #000000;\">\n<thead>\n<tr>\n<th>Numer seryjny<\/th>\n<th>Przedmiot<\/th>\n<th>Jednostka<\/th>\n<th>Specyfikacja<\/th>\n<\/tr>\n<\/thead>\n<tbody>\n<tr>\n<td>1<\/td>\n<td>Nazwa modelu<\/td>\n<td>\/<\/td>\n<td>Prasa okr\u0105g\u0142a 9YG-2.24D<\/td>\n<\/tr>\n<tr>\n<td>2<\/td>\n<td>Metoda zaczepiania<\/td>\n<td>\/<\/td>\n<td>Typ holowany<\/td>\n<\/tr>\n<tr>\n<td>3<\/td>\n<td>Szeroko\u015b\u0107 odbioru<\/td>\n<td>mm<\/td>\n<td>2240<\/td>\n<\/tr>\n<tr>\n<td>4<\/td>\n<td>Typ konstrukcji pickupa<\/td>\n<td>\/<\/td>\n<td>Typ spr\u0119\u017cynowo-z\u0119bowy<\/td>\n<\/tr>\n<tr>\n<td>5<\/td>\n<td>Typ konstrukcji podajnika<\/td>\n<td>\/<\/td>\n<td>Typ z\u0119bato-walcowy + cylindryczny<\/td>\n<\/tr>\n<tr>\n<td>6<\/td>\n<td>Typ konstrukcji prasy do belowania w komorze kompresyjnej<\/td>\n<td>\/<\/td>\n<td>Typ cylindra<\/td>\n<\/tr>\n<tr>\n<td>7<\/td>\n<td>Szeroko\u015b\u0107 komory spr\u0119\u017cania<\/td>\n<td>mm<\/td>\n<td>1400<\/td>\n<\/tr>\n<tr>\n<td>8<\/td>\n<td>\u015arednica komory spr\u0119\u017cania<\/td>\n<td>mm<\/td>\n<td>\u03a61200<\/td>\n<\/tr>\n<tr>\n<td>9<\/td>\n<td>Liczba ruchomych cz\u0119\u015bci roboczych<\/td>\n<td>sztuka<\/td>\n<td>18 (cylindr\u00f3w)<\/td>\n<\/tr>\n<tr>\n<td>10<\/td>\n<td>\u015arednica cylindra tocznego<\/td>\n<td>mm<\/td>\n<td>\u03a6222<\/td>\n<\/tr>\n<tr>\n<td>11<\/td>\n<td>Metoda belowania<\/td>\n<td>\/<\/td>\n<td>Owijanie siatk\u0105<\/td>\n<\/tr>\n<tr>\n<td>12<\/td>\n<td>Dopasowana moc<\/td>\n<td>kW<\/td>\n<td>55-100<\/td>\n<\/tr>\n<tr>\n<td>13<\/td>\n<td>Waga strukturalna<\/td>\n<td>kg<\/td>\n<td>3922<\/td>\n<\/tr>\n<tr>\n<td>14<\/td>\n<td>Pr\u0119dko\u015b\u0107 WOM<\/td>\n<td>obr.\/min<\/td>\n<td>720<\/td>\n<\/tr>\n<tr>\n<td>15<\/td>\n<td>Wymiary ca\u0142kowite (d\u0142. \u00d7 szer. \u00d7 wys.)<\/td>\n<td>mm<\/td>\n<td>4110\u00d73010\u00d72450 (stan roboczy)<\/td>\n<\/tr>\n<tr>\n<td>16<\/td>\n<td>Kontrola g\u0119sto\u015bci beli<\/td>\n<td>\/<\/td>\n<td>Kontrola czujnika<\/td>\n<\/tr>\n<tr>\n<td>17<\/td>\n<td>Rozmiar beli (\u015brednica \u00d7 szeroko\u015b\u0107)<\/td>\n<td>mm<\/td>\n<td>\u03a61300\u00d71400<\/td>\n<\/tr>\n<tr>\n<td>18<\/td>\n<td>G\u0119sto\u015b\u0107 beli<\/td>\n<td>kg\/m\u00b3<\/td>\n<td>100~200<\/td>\n<\/tr>\n<tr>\n<td>19<\/td>\n<td>Wydajno\u015b\u0107<\/td>\n<td>bele\/h<\/td>\n<td>40~100<\/td>\n<\/tr>\n<tr>\n<td>20<\/td>\n<td>\u015alady k\u00f3\u0142<\/td>\n<td>mm<\/td>\n<td>2600<\/td>\n<\/tr>\n<tr>\n<td>21<\/td>\n<td>Pr\u0119dko\u015b\u0107 robocza<\/td>\n<td>km\/h<\/td>\n<td>5-35<\/td>\n<\/tr>\n<tr>\n<td>22<\/td>\n<td>Specyfikacja siatki do belowania (d\u0142. \u00d7 szer.)<\/td>\n<td>M<\/td>\n<td>2000\u00d71,4m\/bela<\/td>\n<\/tr>\n<\/tbody>\n<\/table>\n<h2>Definicja produktu<\/h2>\n<p>Prasa zwijaj\u0105ca 9YG-2.24D to specjalistyczne narz\u0119dzie rolnicze, zaprojektowane do precyzyjnego formowania okr\u0105g\u0142ych bel siana. Dzia\u0142a hydraulicznie, oferuj\u0105c niezawodne rozwi\u0105zanie do produkcji siana, belowania trawy i innych zastosowa\u0144 rolniczych. Prasa ta zosta\u0142a zaprojektowana z my\u015bl\u0105 o pracy w zr\u00f3\u017cnicowanych warunkach, od ma\u0142ych gospodarstw po du\u017ce gospodarstwa.<\/p>\n<h2>Kluczowe kwestie, kt\u00f3re porusza<\/h2>\n<p>Prasa zwijaj\u0105ca 9YG-2.24D jest odpowiedzi\u0105 na powszechne wyzwania w rolnictwie, w tym:<\/p>\n<ul>\n<li><strong>Efektywno\u015b\u0107 czasowa:<\/strong> Skraca czas potrzebny na zebranie i sprasowanie siana w bele, zwi\u0119kszaj\u0105c og\u00f3ln\u0105 wydajno\u015b\u0107.<\/li>\n<li><strong>Redukcja si\u0142y roboczej:<\/strong> Dzia\u0142anie hydrauliczne minimalizuje ingerencj\u0119 cz\u0142owieka, co przek\u0142ada si\u0119 na ni\u017csze koszty pracy i mniejsze obci\u0105\u017cenie fizyczne.<\/li>\n<li><strong>Sta\u0142a jako\u015b\u0107 bel:<\/strong> Prasa zapewnia jednorodno\u015b\u0107 rozmiaru i g\u0119sto\u015bci bel, co przek\u0142ada si\u0119 na lepsz\u0105 wydajno\u015b\u0107 przechowywania i transportu.<\/li>\n<li><strong>Trwa\u0142o\u015b\u0107:<\/strong> Zaprojektowane do pracy z r\u00f3\u017cnymi typami upraw, gwarantuj\u0105c d\u0142ugotrwa\u0142\u0105 wydajno\u015b\u0107 w r\u00f3\u017cnych \u015brodowiskach.<\/li>\n<li><strong>Op\u0142acalne:<\/strong> Zmniejsza d\u0142ugoterminowe koszty operacyjne poprzez zwi\u0119kszenie wydajno\u015bci i minimalizacj\u0119 zu\u017cycia sprz\u0119tu.<\/li>\n<\/ul>\n<h2>Zalety produktu<\/h2>\n<p>Prasa zwijaj\u0105ca 9YG-2.24D oferuje liczne zalety, dzi\u0119ki kt\u00f3rym jest popularnym wyborem w\u015br\u00f3d rolnik\u00f3w:<\/p>\n<h3>1. Sprawno\u015b\u0107 hydrauliczna<\/h3>\n<p>Uk\u0142ad hydrauliczny zapewnia p\u0142ynn\u0105 i wydajn\u0105 prac\u0119, redukuj\u0105c konieczno\u015b\u0107 r\u0119cznej obs\u0142ugi i zwi\u0119kszaj\u0105c og\u00f3ln\u0105 wydajno\u015b\u0107 prasy. Mo\u017ce by\u0107 obs\u0142ugiwany przez jedn\u0105 osob\u0119, co oszcz\u0119dza czas i prac\u0119.<\/p>\n<h3>2. Wszechstronno\u015b\u0107<\/h3>\n<p>Nadaje si\u0119 do r\u00f3\u017cnych rodzaj\u00f3w siana i traw, co czyni j\u0105 idealnym wyborem do r\u00f3\u017cnorodnych zastosowa\u0144 rolniczych. Niezale\u017cnie od tego, czy pracujesz z lucern\u0105, s\u0142om\u0105 pszenn\u0105, czy traw\u0105, prasa zapewnia niezmienne rezultaty.<\/p>\n<h3>3. Wysoka g\u0119sto\u015b\u0107 bel<\/h3>\n<p>Tworzy mocno sprasowane bele, co poprawia wydajno\u015b\u0107 przechowywania i zmniejsza przestrze\u0144 potrzebn\u0105 na siano. G\u0119ste bele s\u0105 \u0142atwiejsze w transporcie i przechowywaniu, zapobiegaj\u0105c uszkodzeniom spowodowanym wilgoci\u0105.<\/p>\n<h3>4. Kompaktowa konstrukcja<\/h3>\n<p>Kompaktowa i wytrzyma\u0142a konstrukcja prasy zwijaj\u0105cej 9YG-2.24D umo\u017cliwia \u0142atwe przechowywanie i transport, zapewniaj\u0105c jednocze\u015bnie wysok\u0105 wydajno\u015b\u0107 pracy w polu.<\/p>\n<h3>5. Niskie koszty utrzymania<\/h3>\n<p>Zaprojektowana z my\u015bl\u0105 o trwa\u0142o\u015bci, prasa wymaga minimalnej konserwacji. Przy odpowiedniej piel\u0119gnacji mo\u017ce s\u0142u\u017cy\u0107 niezawodnie przez lata, obni\u017caj\u0105c ca\u0142kowity koszt posiadania.<\/p>\n<h2><a href=\"http:\/\/square-balers.com\" target=\"_blank\" rel=\"noopener\">Jak dzia\u0142a prasa zwijaj\u0105ca 9YG-2.24D<\/a><\/h2>\n<p>Prasa zwijaj\u0105ca 9YG-2.24D wykorzystuje ci\u015bnienie hydrauliczne do prasowania siana lub s\u0142omy w okr\u0105g\u0142e bele. Proces rozpoczyna si\u0119 od podania materia\u0142u do komory prasowania, gdzie szereg rolek prasuje go do zwartego kszta\u0142tu. Uk\u0142ad hydrauliczny pomaga utrzyma\u0107 optymalne ci\u015bnienie podczas prasowania. Po osi\u0105gni\u0119ciu po\u017c\u0105danego rozmiaru bele s\u0105 zabezpieczane lin\u0105 i wyrzucane z prasy w celu transportu lub sk\u0142adowania.<\/p>\n<h2>G\u0142\u00f3wne zastosowania prasy okr\u0105g\u0142ej 9YG-2.24D<\/h2>\n<p>T\u0119 wszechstronn\u0105 pras\u0119 mo\u017cna wykorzystywa\u0107 do wielu zastosowa\u0144, w tym:<\/p>\n<ul>\n<li><strong>Produkcja siana:<\/strong> Doskonale nadaje si\u0119 do belowania siana na pasz\u0119 dla zwierz\u0105t gospodarskich.<\/li>\n<li><strong>Zbi\u00f3rka s\u0142omy:<\/strong> Nadaje si\u0119 do produkcji bel s\u0142omy do wykorzystania w rolnictwie i na \u015bci\u00f3\u0142k\u0119.<\/li>\n<li><strong>Prasowanie trawy:<\/strong> Skuteczne zbieranie i kompresowanie skoszonej trawy.<\/li>\n<li><strong>Produkcja kiszonki:<\/strong> Pras\u0119 mo\u017cna wykorzysta\u0107 do formowania bel kiszonki przeznaczonej do karmienia zwierz\u0105t gospodarskich w ch\u0142odniejszych miesi\u0105cach.<\/li>\n<li><strong>Rolnictwo ekologiczne:<\/strong> Idealne dla ma\u0142ych gospodarstw stawiaj\u0105cych na zr\u00f3wnowa\u017cone praktyki.<\/li>\n<li><strong>Przedsi\u0119biorstwa rolne:<\/strong> Dobrze nadaje si\u0119 do \u015bredniej wielko\u015bci gospodarstw rolnych wymagaj\u0105cych rozwi\u0105za\u0144 w zakresie belowania o wysokiej wydajno\u015bci.<\/li>\n<\/ul>\n<h2>Jak wybra\u0107 odpowiedni\u0105 pras\u0119 zwijaj\u0105c\u0105 9YG-2.24D<\/h2>\n<h3>1. We\u017a pod uwag\u0119 wielko\u015b\u0107 swojego gospodarstwa<\/h3>\n<p>Je\u015bli prowadzisz ma\u0142e lub \u015brednie gospodarstwo, prasa zwijaj\u0105ca 9YG-2.24D b\u0119dzie doskona\u0142ym wyborem, poniewa\u017c zapewnia optymalne rozmiary bel i wydajn\u0105 prac\u0119 uk\u0142adu hydraulicznego.<\/p>\n<h3>2. Rodzaj uprawy<\/h3>\n<p>Upewnij si\u0119, \u017ce prasa jest kompatybilna z rodzajami ro\u015blin, kt\u00f3re zamierzasz prasowa\u0107, takimi jak siano, s\u0142oma czy kiszonka. Model 9YG-2.24D jest wszechstronny, ale zawsze sprawd\u017a specyfikacj\u0119, aby dostosowa\u0107 j\u0105 do swoich potrzeb.<\/p>\n<h3>3. Preferencje dotycz\u0105ce rozmiaru beli<\/h3>\n<p>R\u00f3\u017cne operacje mog\u0105 wymaga\u0107 r\u00f3\u017cnych rozmiar\u00f3w bel. Zastan\u00f3w si\u0119, czy potrzebujesz mniejszych, bardziej zwartych bel dla \u0142atwiejszego przenoszenia, czy wi\u0119kszych bel dla efektywnego przechowywania i transportu.<\/p>\n<h3>4. Wydajno\u015b\u0107 uk\u0142adu hydraulicznego<\/h3>\n<p>Wybierz pras\u0119 z uk\u0142adem hydraulicznym o wydajno\u015bci dopasowanej do Twojego obci\u0105\u017cenia. Model 9YG-2.24D oferuje wysokowydajny uk\u0142ad hydrauliczny, odpowiedni do wymagaj\u0105cych zada\u0144.<\/p>\n<h3>5. Trwa\u0142o\u015b\u0107 i konserwacja<\/h3>\n<p>Poszukaj prasy zbudowanej z my\u015bl\u0105 o trwa\u0142o\u015bci i minimalnych wymaganiach konserwacyjnych. Solidna konstrukcja prasy 9YG-2.24D gwarantuje niezawodno\u015b\u0107 przez d\u0142ugi czas.<\/p>\n<h3>6. Wska\u017anik ceny do warto\u015bci<\/h3>\n<p>We\u017a pod uwag\u0119 sw\u00f3j bud\u017cet i d\u0142ugoterminow\u0105 warto\u015b\u0107 prasy pod wzgl\u0119dem wydajno\u015bci, trwa\u0142o\u015bci i jako\u015bci wydruku. Model 9YG-2.24D oferuje doskona\u0142y stosunek jako\u015bci do ceny.<\/p>\n<h2>Konserwacja prasy okr\u0105g\u0142ej 9YG-2.24D<\/h2>\n<p>Konserwacja obiektywu 9YG-2.24D <a href=\"https:\/\/silage-balers.com\/pl\/produkt\/prasa-okragla-9yg-1-25a\/\">Prasa okr\u0105g\u0142a<\/a> Zapewnia d\u0142ugotrwa\u0142\u0105 wydajno\u015b\u0107. Regularna kontrola uk\u0142adu hydraulicznego, rolek komory belowania i mechanizmu opasuj\u0105cego jest kluczowa. Czy\u015b\u0107 maszyn\u0119 po ka\u017cdym u\u017cyciu, aby zapobiec gromadzeniu si\u0119 materia\u0142u i smaruj ruchome cz\u0119\u015bci, aby zmniejszy\u0107 zu\u017cycie. Regularnie sprawdzaj pras\u0119 pod k\u0105tem uszkodze\u0144 lub oznak zm\u0119czenia materia\u0142u, szczeg\u00f3lnie po intensywnym u\u017cytkowaniu. Upewnij si\u0119, \u017ce wszystkie komponenty s\u0105 solidnie pod\u0142\u0105czone i niezw\u0142ocznie wymieniaj zu\u017cyte cz\u0119\u015bci, aby unikn\u0105\u0107 problem\u00f3w z eksploatacj\u0105.<\/p>\n<h2>Opinie klient\u00f3w<\/h2>\n<p>\u201eTa prasa odmieni\u0142a nasze gospodarstwo. Uk\u0142ad hydrauliczny sprawia, \u017ce \u200b\u200bbelowanie jest o wiele \u0142atwiejsze i szybsze. Jest trwa\u0142a i doskonale sprawdza si\u0119 w ka\u017cdych warunkach pogodowych. U\u017cywamy jej do siana i s\u0142omy, a bele s\u0105 idealnie sprasowane. Gor\u0105co polecam!\u201d<\/p>\n<p>\u2013 <strong>Jan Kowalski, USA<\/strong><\/p>\n<p>\u201eU\u017cywamy prasy zwijaj\u0105cej 9YG-2.24D od ponad roku i przekroczy\u0142a ona wszelkie oczekiwania. Bele maj\u0105 sp\u00f3jny rozmiar i g\u0119sto\u015b\u0107, co znacznie u\u0142atwia ich przechowywanie. Jest \u0142atwa w obs\u0142udze, nawet dla naszych mniej do\u015bwiadczonych pracownik\u00f3w. Mo\u017cemy obrobi\u0107 wi\u0119ksze ilo\u015bci siana w kr\u00f3tszym czasie\u201d.<\/p>\n<p>\u2013 <strong>Sarah Lee, Kanada<\/strong><\/p>\n<p>\u201e\u015awietny stosunek jako\u015bci do ceny! Prasa jest solidnie wykonana i wymaga minimalnej konserwacji. U\u017cywali\u015bmy jej zar\u00f3wno do siana, jak i kiszonki i w obu przypadkach sprawdza si\u0119 znakomicie. Obs\u0142uga klienta by\u0142a bardzo pomocna, gdy mieli\u015bmy pytania dotycz\u0105ce konfiguracji.\u201d<\/p>\n<p>\u2013 <strong>Paul Kim, Australia<\/strong><\/p>\n<p>\u201eJako w\u0142a\u015bciciel ma\u0142ego gospodarstwa szuka\u0142em kompaktowej i niezawodnej prasy, a model 9YG-2.24D idealnie spe\u0142nia moje oczekiwania. Jest \u0142atwy w manewrowaniu, a jako\u015b\u0107 bel jest imponuj\u0105ca. Jestem bardzo zadowolony z zakupu.\u201d<\/p>\n<p>\u2013 <strong>Maria Lopez, Hiszpania<\/strong><\/p>\n<p>\u201eTa maszyna to niezawodny ko\u0144 roboczy w naszym gospodarstwie. Jest \u0142atwa w transporcie i obs\u0142udze, nawet w trudnym terenie. Nie mieli\u015bmy \u017cadnych problem\u00f3w z wydajno\u015bci\u0105, a belowanie siana sta\u0142o si\u0119 o wiele bardziej wydajne\u201d.<\/p>\n<p>\u2013 <strong>David Nguyen, Wietnam<\/strong><\/p>\n<h2>Dlaczego warto wybra\u0107 nasz produkt<\/h2>\n<p>Nasza prasa zwijaj\u0105ca 9YG-2.24D oferuje niezr\u00f3wnan\u0105 wydajno\u015b\u0107, a my zapewniamy doskona\u0142\u0105 obs\u0142ug\u0119 klienta z 3-letni\u0105 gwarancj\u0105 i szybk\u0105 wysy\u0142k\u0105 na ca\u0142y \u015bwiat. Jeste\u015bmy dumni z dostarczania wysokiej jako\u015bci produkt\u00f3w, zbudowanych z my\u015bl\u0105 o trwa\u0142o\u015bci i usprawnieniu dzia\u0142alno\u015bci rolniczej. Opr\u00f3cz prasy zwijaj\u0105cej 9YG-2.24D oferujemy r\u00f3wnie\u017c szereg akcesori\u00f3w i produkt\u00f3w powi\u0105zanych, kt\u00f3re spe\u0142ni\u0105 wszystkie Twoje potrzeby rolnicze. Specjalizujemy si\u0119 w oferowaniu rozwi\u0105za\u0144 dostosowanych do indywidualnych potrzeb, aby zapewni\u0107 naszym klientom dok\u0142adnie to, czego potrzebuj\u0105.<\/p>\n<h2>Cz\u0119sto zadawane pytania<\/h2>\n<ol>\n<li><strong>Co sprawia, \u017ce \u200b\u200bprasa zwijaj\u0105ca 9YG-2.24D jest idealna dla ma\u0142ych gospodarstw?<\/strong><br \/>\nPrasa zwijaj\u0105ca 9YG-2.24D zosta\u0142a zaprojektowana z my\u015bl\u0105 o kompaktowej i wydajnej konstrukcji, dzi\u0119ki czemu idealnie nadaje si\u0119 do ma\u0142ych gospodarstw rolnych. Jej uk\u0142ad hydrauliczny upraszcza obs\u0142ug\u0119, oszcz\u0119dzaj\u0105c czas i redukuj\u0105c koszty pracy, a trwa\u0142a konstrukcja gwarantuje niezawodn\u0105 prac\u0119 przy zbiorze r\u00f3\u017cnych upraw.<\/li>\n<li><strong>W jaki spos\u00f3b uk\u0142ad hydrauliczny poprawia wydajno\u015b\u0107 prasowania?<\/strong><br \/>\nUk\u0142ad hydrauliczny zapewnia p\u0142ynn\u0105 prac\u0119, umo\u017cliwiaj\u0105c szybsze i bardziej precyzyjne belowanie. Zmniejsza wymagany nak\u0142ad pracy r\u0119cznej, pomagaj\u0105c rolnikom przetwarza\u0107 wi\u0119cej siana w kr\u00f3tszym czasie i przy minimalnym obci\u0105\u017ceniu fizycznym.<\/li>\n<li><strong>Czy prasa zwijaj\u0105ca 9YG-2.24D poradzi sobie z mokrym sianem?<\/strong><br \/>\nTak, prasa zwijaj\u0105ca 9YG-2.24D mo\u017ce prasowa\u0107 siano w r\u00f3\u017cnych warunkach, w tym w przypadku mokrego siana. Jednak zawsze najlepiej prasowa\u0107 siano, gdy jest lekko suche, aby unikn\u0105\u0107 ple\u015bni i zapewni\u0107 optymalne warunki przechowywania.<\/li>\n<li><strong>Jak cz\u0119sto nale\u017cy wykonywa\u0107 konserwacj\u0119 prasy okr\u0105g\u0142ej 9YG-2.24D?<\/strong><br \/>\nRegularna konserwacja obejmuje sprawdzenie uk\u0142adu hydraulicznego, czyszczenie<\/li>\n<\/ol>\n<p>edytuj przez gzl<\/p>","protected":false},"excerpt":{"rendered":"<p>Odkryj pras\u0119 zwijaj\u0105c\u0105 9YG-2.24D, zaprojektowan\u0105 z my\u015bl\u0105 o wydajnym i niezawodnym belowaniu siana. Ta wysokowydajna prasa oferuje zwi\u0119kszon\u0105 trwa\u0142o\u015b\u0107 i \u0142atwo\u015b\u0107 obs\u0142ugi, co czyni j\u0105 idealnym wyborem dla rolnik\u00f3w poszukuj\u0105cych wysokiej jako\u015bci rozwi\u0105zania. Poznaj zaawansowane funkcje, w tym ulepszony system formowania bel i przyjazne dla u\u017cytkownika sterowanie. Ulepsz sw\u00f3j sprz\u0119t rolniczy ju\u017c dzi\u015b! Kliknij, aby dowiedzie\u0107 si\u0119 wi\u0119cej o jego specyfikacji i zaletach.<\/p>","protected":false},"featured_media":391,"template":"","meta":{"_et_pb_use_builder":"","_et_pb_old_content":"","_et_gb_content_width":""},"product_brand":[],"product_cat":[18],"product_tag":[],"class_list":{"0":"post-390","1":"product","2":"type-product","3":"status-publish","4":"has-post-thumbnail","6":"product_cat-round-baler","8":"first","9":"instock","10":"shipping-taxable","11":"product-type-simple"},"_links":{"self":[{"href":"https:\/\/silage-balers.com\/pl\/wp-json\/wp\/v2\/product\/390","targetHints":{"allow":["GET"]}}],"collection":[{"href":"https:\/\/silage-balers.com\/pl\/wp-json\/wp\/v2\/product"}],"about":[{"href":"https:\/\/silage-balers.com\/pl\/wp-json\/wp\/v2\/types\/product"}],"wp:featuredmedia":[{"embeddable":true,"href":"https:\/\/silage-balers.com\/pl\/wp-json\/wp\/v2\/media\/391"}],"wp:attachment":[{"href":"https:\/\/silage-balers.com\/pl\/wp-json\/wp\/v2\/media?parent=390"}],"wp:term":[{"taxonomy":"product_brand","embeddable":true,"href":"https:\/\/silage-balers.com\/pl\/wp-json\/wp\/v2\/product_brand?post=390"},{"taxonomy":"product_cat","embeddable":true,"href":"https:\/\/silage-balers.com\/pl\/wp-json\/wp\/v2\/product_cat?post=390"},{"taxonomy":"product_tag","embeddable":true,"href":"https:\/\/silage-balers.com\/pl\/wp-json\/wp\/v2\/product_tag?post=390"}],"curies":[{"name":"wp","href":"https:\/\/api.w.org\/{rel}","templated":true}]}}