{"id":413,"date":"2025-12-24T02:38:22","date_gmt":"2025-12-24T02:38:22","guid":{"rendered":"https:\/\/silage-balers.com\/?post_type=product&#038;p=413"},"modified":"2025-12-29T05:44:27","modified_gmt":"2025-12-29T05:44:27","slug":"4byh-2-6-wyrywacz-fasoli-czerwonej","status":"publish","type":"product","link":"https:\/\/silage-balers.com\/pl\/produkt\/4byh-2-6-wyrywacz-fasoli-czerwonej\/","title":{"rendered":"4BYH-2.6 Maszyna do zbierania fasoli czerwonej"},"content":{"rendered":"<h2>Specyfikacja techniczna<\/h2>\n<table style=\"border-color: #000000;\">\n<thead>\n<tr>\n<th>Numer seryjny<\/th>\n<th>Przedmiot<\/th>\n<th>Jednostka<\/th>\n<th>Specyfikacja<\/th>\n<\/tr>\n<\/thead>\n<tbody>\n<tr>\n<td>1<\/td>\n<td>Nazwa modelu<\/td>\n<td>\/<\/td>\n<td>4BYH-2.6 Maszyna do zbierania fasoli czerwonej<\/td>\n<\/tr>\n<tr>\n<td>2<\/td>\n<td>Metoda zaczepiania<\/td>\n<td>\/<\/td>\n<td>Typ montowany<\/td>\n<\/tr>\n<tr>\n<td>3<\/td>\n<td>Typ selektora<\/td>\n<td>\/<\/td>\n<td>Typ z\u0119ba spr\u0119\u017cynowego<\/td>\n<\/tr>\n<tr>\n<td>4<\/td>\n<td>Szeroko\u015b\u0107 robocza<\/td>\n<td>M<\/td>\n<td>2.6<\/td>\n<\/tr>\n<tr>\n<td>5<\/td>\n<td>Dopasowany zakres mocy<\/td>\n<td>kW<\/td>\n<td>66-88<\/td>\n<\/tr>\n<tr>\n<td>6<\/td>\n<td>Zakres pr\u0119dko\u015bci roboczej<\/td>\n<td>km\/h<\/td>\n<td>6~10<\/td>\n<\/tr>\n<tr>\n<td>7<\/td>\n<td>Wymiary ca\u0142kowite (d\u0142ugo\u015b\u0107 \u00d7 szeroko\u015b\u0107 \u00d7 wysoko\u015b\u0107)<\/td>\n<td>mm<\/td>\n<td>2333\u00d72870\u00d71182<\/td>\n<\/tr>\n<tr>\n<td>8<\/td>\n<td>Pr\u0119dko\u015b\u0107 WOM<\/td>\n<td>obr.\/min<\/td>\n<td>540<\/td>\n<\/tr>\n<tr>\n<td>9<\/td>\n<td>Rozstaw osi<\/td>\n<td>mm<\/td>\n<td>2600<\/td>\n<\/tr>\n<tr>\n<td>10<\/td>\n<td>Wydajno\u015b\u0107<\/td>\n<td>hm\u00b2\/h<\/td>\n<td>1.56-2.6<\/td>\n<\/tr>\n<tr>\n<td>11<\/td>\n<td>Liczba operator\u00f3w<\/td>\n<td>osoba<\/td>\n<td>1<\/td>\n<\/tr>\n<tr>\n<td>12<\/td>\n<td>Masa konstrukcyjna<\/td>\n<td>kg<\/td>\n<td>1100<\/td>\n<\/tr>\n<\/tbody>\n<\/table>\n<h2>Wprowadzenie do maszyny do zbierania fasoli 4BYH-2.6<\/h2>\n<p>Wyrywacz do fasoli 4BYH-2.6 to rewolucyjne narz\u0119dzie rolnicze, zaprojektowane z my\u015bl\u0105 o zwi\u0119kszeniu wydajno\u015bci zbioru fasoli nerkowatej. To wysoce wyspecjalizowana maszyna, kt\u00f3ra oferuje zautomatyzowane rozwi\u0105zania dla pracoch\u0142onnego zbioru fasoli, co czyni j\u0105 niezb\u0119dnym elementem wyposa\u017cenia du\u017cych gospodarstw rolnych. Dzi\u0119ki zaawansowanym funkcjom i solidnej wydajno\u015bci, wyrywacz do fasoli 4BYH-2.6 stanowi praktyczne i ekonomiczne rozwi\u0105zanie do zbioru fasoli.<\/p>\n<h2>Czym jest maszyna do zbierania fasoli 4BYH-2.6?<\/h2>\n<p>Wyrywacz fasoli 4BYH-2.6 to zaawansowana maszyna rolnicza zaprojektowana z my\u015bl\u0105 o efektywnym zbiorze fasoli nerkowatej. Zaprojektowano j\u0105 tak, aby skutecznie wyrywa\u0142a, oddziela\u0142a i przetwarza\u0142a fasol\u0119 nerkowat\u0105 z gleby. Maszyna ta zosta\u0142a specjalnie dostosowana do potrzeb gospodarstw rolnych na du\u017c\u0105 skal\u0119, oferuj\u0105c rozwi\u0105zanie, kt\u00f3re obni\u017ca koszty pracy, a jednocze\u015bnie zwi\u0119ksza wydajno\u015b\u0107 i szybko\u015b\u0107 zbior\u00f3w.<\/p>\n<p style=\"text-align: center;\"><img loading=\"lazy\" decoding=\"async\" class=\"alignnone wp-image-414\" src=\"https:\/\/silage-balers.com\/wp-content\/uploads\/2025\/12\/ep-4BYH-2.6-Kidney-Bean-Puller-2-1.webp\" alt=\"Wyrywacz fasoli czerwonej\" width=\"445\" height=\"445\" srcset=\"https:\/\/silage-balers.com\/wp-content\/uploads\/2025\/12\/ep-4BYH-2.6-Kidney-Bean-Puller-2-1.webp 267w, https:\/\/silage-balers.com\/wp-content\/uploads\/2025\/12\/ep-4BYH-2.6-Kidney-Bean-Puller-2-1-150x150.webp 150w, https:\/\/silage-balers.com\/wp-content\/uploads\/2025\/12\/ep-4BYH-2.6-Kidney-Bean-Puller-2-1-12x12.webp 12w, https:\/\/silage-balers.com\/wp-content\/uploads\/2025\/12\/ep-4BYH-2.6-Kidney-Bean-Puller-2-1-100x100.webp 100w\" sizes=\"(max-width: 445px) 100vw, 445px\" \/><\/p>\n<h2>Problemy rozwi\u0105zane przez maszyn\u0119 do zbierania fasoli 4BYH-2.6<\/h2>\n<p>Maszyna do zbierania fasoli 4BYH-2.6 rozwi\u0105zuje kilka typowych problem\u00f3w, z jakimi borykaj\u0105 si\u0119 rolnicy uprawiaj\u0105cy fasol\u0119, w tym:<\/p>\n<ul>\n<li><strong>Niedobory si\u0142y roboczej:<\/strong> Dzi\u0119ki automatyzacji procesu zbierania ziaren maszyna zmniejsza potrzeb\u0119 wykonywania rozleg\u0142ej pracy r\u0119cznej, kt\u00f3rej cz\u0119sto brakuje, zw\u0142aszcza w szczytowym okresie zbior\u00f3w.<\/li>\n<li><strong>Niesp\u00f3jne zbiory:<\/strong> R\u0119czne zbiory mog\u0105 by\u0107 nier\u00f3wnomierne, co mo\u017ce skutkowa\u0107 pomini\u0119ciem lub uszkodzeniem ziaren. 4BYH-2.6 zapewnia dok\u0142adne i r\u00f3wnomierne zbiory.<\/li>\n<li><strong>Niska wydajno\u015b\u0107:<\/strong> Tradycyjne metody s\u0105 czasoch\u0142onne i mog\u0105 by\u0107 mniej wydajne. Maszyna znacz\u0105co zwi\u0119ksza wydajno\u015b\u0107, oszcz\u0119dzaj\u0105c czas i energi\u0119.<\/li>\n<li><strong>Uszkodzenia gleby:<\/strong> Inne metody zbioru mog\u0105 uszkadza\u0107 gleb\u0119, ale maszyna do zbierania fasoli 4BYH-2.6 zosta\u0142a zaprojektowana tak, aby minimalizowa\u0107 naruszanie struktury gleby, zapewniaj\u0105c lepsz\u0105 kondycj\u0119 gleby w d\u0142u\u017cszej perspektywie.<\/li>\n<li><strong>Wysokie koszty operacyjne:<\/strong> Dzi\u0119ki ograniczeniu konieczno\u015bci r\u0119cznej pracy maszyna ta pomaga obni\u017cy\u0107 koszty operacyjne w uprawie fasoli, poprawiaj\u0105c og\u00f3ln\u0105 rentowno\u015b\u0107 du\u017cych gospodarstw rolnych.<\/li>\n<\/ul>\n<h2>Zalety produktu<\/h2>\n<p>Maszyna do zbierania fasoli 4BYH-2.6 oferuje rolnikom chc\u0105cym usprawni\u0107 proces zbioru fasoli wiele korzy\u015bci:<\/p>\n<h3>1. Wysoka wydajno\u015b\u0107<\/h3>\n<p>Maszyna 4BYH-2.6 zosta\u0142a zaprojektowana do pracy z du\u017c\u0105 pr\u0119dko\u015bci\u0105, umo\u017cliwiaj\u0105c zbi\u00f3r du\u017cej ilo\u015bci fasoli czerwonej w kr\u00f3tkim czasie. Jej mocny silnik i zoptymalizowany mechanizm zbioru pozwalaj\u0105 na szybsze i wydajniejsze przetwarzanie ni\u017c w przypadku tradycyjnych metod.<\/p>\n<h3>2. Ni\u017csze koszty pracy<\/h3>\n<p>Jedn\u0105 z kluczowych zalet 4BYH-2.6 jest mo\u017cliwo\u015b\u0107 ograniczenia konieczno\u015bci pracy r\u0119cznej. To nie tylko pozwala zaoszcz\u0119dzi\u0107 koszty, ale tak\u017ce eliminuje problem znalezienia wykwalifikowanych pracownik\u00f3w w szczytowym okresie zbior\u00f3w.<\/p>\n<h3>3. Trwa\u0142e i niezawodne<\/h3>\n<p>Zbudowany z wysokiej jako\u015bci materia\u0142\u00f3w i przy u\u017cyciu zaawansowanej technologii, model 4BYH-2.6 zosta\u0142 zaprojektowany z my\u015bl\u0105 o d\u0142ugotrwa\u0142ym u\u017cytkowaniu. Jego solidna konstrukcja gwarantuje odporno\u015b\u0107 na trudne warunki rolnicze, co czyni go niezawodn\u0105 inwestycj\u0105 dla rolnik\u00f3w prowadz\u0105cych dzia\u0142alno\u015b\u0107 na du\u017c\u0105 skal\u0119.<\/p>\n<h3>4. Ochrona gleby<\/h3>\n<p>W przeciwie\u0144stwie do innych maszyn do zbioru, kt\u00f3re mog\u0105 powodowa\u0107 znaczne naruszenie gleby, maszyna do wyrywania fasoli 4BYH-2.6 minimalizuje jej uszkodzenia, chroni\u0105c jej zdrowie w przysz\u0142ych cyklach sadzenia.<\/p>\n<h3>5. \u0141atwa konserwacja<\/h3>\n<p>Model 4BYH-2.6 zosta\u0142 zaprojektowany z my\u015bl\u0105 o \u0142atwej konserwacji. Dzi\u0119ki prostym procedurom czyszczenia i serwisowania rolnicy mog\u0105 zapewni\u0107 p\u0142ynn\u0105 prac\u0119 maszyny przez ca\u0142y sezon bez ponoszenia wysokich koszt\u00f3w napraw.<\/p>\n<h2>Jak dzia\u0142a maszyna do zbierania fasoli 4BYH-2.6<\/h2>\n<p>Wyciskarka do fasoli 4BYH-2.6 dzia\u0142a w oparciu o zautomatyzowany system, kt\u00f3ry \u0142\u0105czy mechaniczne wyci\u0105ganie, oddzielanie i zbieranie fasoli. Maszyna jest wyposa\u017cona w specjalistyczny mechanizm wyci\u0105gaj\u0105cy, kt\u00f3ry delikatnie usuwa ziarna z gleby, nie powoduj\u0105c ich uszkodzenia. Po wyrwaniu ziarna s\u0105 oddzielane od gleby i zanieczyszcze\u0144 za pomoc\u0105 zestawu sit mechanicznych. Czyste ziarna s\u0105 nast\u0119pnie zbierane do pojemnik\u00f3w, gotowych do dalszego przetwarzania lub pakowania.<\/p>\n<h2>G\u0142\u00f3wne scenariusze zastosowa\u0144 dla maszyny do zbierania fasoli 4BYH-2.6<\/h2>\n<p>Maszyna do zbierania fasoli 4BYH-2.6 idealnie nadaje si\u0119 do stosowania w r\u00f3\u017cnych zastosowaniach rolniczych, w tym:<\/p>\n<ul>\n<li><strong>Gospodarstwa wielkoobszarowe:<\/strong> Doskonale nadaje si\u0119 do du\u017cych gospodarstw zajmuj\u0105cych si\u0119 upraw\u0105 fasoli, gdzie wydajno\u015b\u0107 i mo\u017cliwo\u015b\u0107 zbioru du\u017cych ilo\u015bci maj\u0105 kluczowe znaczenie.<\/li>\n<li><strong>Produkcja fasoli na skal\u0119 komercyjn\u0105:<\/strong> Nadaje si\u0119 dla przedsi\u0119biorstw zajmuj\u0105cych si\u0119 produkcj\u0105 fasoli czerwonej na skal\u0119 przemys\u0142ow\u0105 i potrzebuj\u0105cych niezawodnego rozwi\u0105zania do zbioru.<\/li>\n<li><strong>Gospodarstwa ekologiczne:<\/strong> Maszyna jest delikatna dla gleby, dzi\u0119ki czemu doskonale nadaje si\u0119 do gospodarstw ekologicznych, w kt\u00f3rych priorytetem jest zdrowie gleby.<\/li>\n<li><strong>Sp\u00f3\u0142dzielnie rolnicze:<\/strong> Idealne dla sp\u00f3\u0142dzielni zarz\u0105dzaj\u0105cych du\u017cymi obszarami ziemi i potrzebuj\u0105cych maszyn zdolnych do wydajnego zbioru.<\/li>\n<li><strong>Gospodarstwa nastawione na eksport:<\/strong> W przypadku gospodarstw dostarczaj\u0105cych fasol\u0119 na eksport maszyna 4BYH-2.6 gwarantuje szybki i wydajny zbi\u00f3r, skracaj\u0105c czas dostawy produktu na rynek.<\/li>\n<li><strong>Badania i rozw\u00f3j rolnictwa:<\/strong> O\u015brodki badawcze zajmuj\u0105ce si\u0119 rolnictwem oraz gospodarstwa rolne, kt\u00f3rych celem jest zwi\u0119kszenie plon\u00f3w, mog\u0105 czerpa\u0107 korzy\u015bci z precyzji i wydajno\u015bci maszyn do zbioru fasoli.<\/li>\n<\/ul>\n<h2>Jak wybra\u0107 odpowiedni\u0105 maszyn\u0119 do zbierania fasoli 4BYH-2.6<\/h2>\n<p>Wybieraj\u0105c maszyn\u0119 do zbierania fasoli 4BYH-2.6, nale\u017cy wzi\u0105\u0107 pod uwag\u0119 nast\u0119puj\u0105ce czynniki:<\/p>\n<ul>\n<li><strong>Wielko\u015b\u0107 gospodarstwa:<\/strong> Wi\u0119ksze gospodarstwa odnios\u0105 korzy\u015bci z wysokiej wydajno\u015bci modelu 4BYH-2.6, natomiast mniejsze gospodarstwa mog\u0105 potrzebowa\u0107 mniejszego modelu.<\/li>\n<li><strong>Warunki glebowe:<\/strong> We\u017a pod uwag\u0119 rodzaj gleby i poziom wilgotno\u015bci w swoim gospodarstwie. 4BYH-2.6 mo\u017cna dostosowa\u0107 do r\u00f3\u017cnych rodzaj\u00f3w gleby, ale nale\u017cy upewni\u0107 si\u0119, \u017ce jest on odpowiedni do konkretnych warunk\u00f3w.<\/li>\n<li><strong>Obj\u0119to\u015b\u0107 zbior\u00f3w:<\/strong> Wybierz maszyn\u0119, kt\u00f3ra poradzi sobie z Twoim wolumenem zbior\u00f3w. Model 4BYH-2.6 idealnie nadaje si\u0119 do prac o du\u017cej wydajno\u015bci, dlatego wa\u017cne jest, aby dopasowa\u0107 jego mo\u017cliwo\u015bci do swoich potrzeb.<\/li>\n<li><strong>Wsparcie konserwacyjne:<\/strong> Upewnij si\u0119, \u017ce w Twoim regionie dost\u0119pne jest odpowiednie wsparcie dla maszyny, w tym dost\u0119pno\u015b\u0107 cz\u0119\u015bci zamiennych i us\u0142ug konserwacyjnych.<\/li>\n<li><strong>Bud\u017cet:<\/strong> Chocia\u017c 4BYH-2.6 jest op\u0142acalnym rozwi\u0105zaniem w d\u0142u\u017cszej perspektywie, przed zakupem nale\u017cy wzi\u0105\u0107 pod uwag\u0119 pocz\u0105tkowy bud\u017cet inwestycyjny.<\/li>\n<li><strong>Dodatkowe funkcje:<\/strong> Niekt\u00f3re modele oferuj\u0105 dodatkowe funkcje, takie jak \u015bledzenie GPS, automatyczna analiza gleby i ulepszona technologia separacji. Rozwa\u017c te opcje w zale\u017cno\u015bci od potrzeb swojego gospodarstwa.<\/li>\n<\/ul>\n<h2>Konserwacja maszyny do zbierania fasoli 4BYH-2.6<\/h2>\n<p>Aby zapewni\u0107 optymaln\u0105 wydajno\u015b\u0107 i trwa\u0142o\u015b\u0107, silnik 4BYH-2.6<a href=\"https:\/\/silage-balers.com\/pl\/produkt\/4byh-1-3-kidney-bean-uprooting-machine\/\"> Wyrywacz fasoli czerwonej<\/a> Nale\u017cy regularnie konserwowa\u0107. Do kluczowych zada\u0144 konserwacyjnych nale\u017c\u0105:<\/p>\n<ul>\n<li><strong>Regularne sprz\u0105tanie:<\/strong> Po ka\u017cdym u\u017cyciu nale\u017cy wyczy\u015bci\u0107 maszyn\u0119, usuwaj\u0105c brud, zanieczyszczenia i resztki ziaren, aby zapobiec zatkaniu.<\/li>\n<li><strong>Smarowanie:<\/strong> Nasmaruj wszystkie ruchome cz\u0119\u015bci, \u0142\u0105cznie z mechanizmem ci\u0105gn\u0105cym i przesiewaczami, aby zmniejszy\u0107 tarcie i zapobiec zu\u017cyciu.<\/li>\n<li><strong>Sprawd\u017a wydajno\u015b\u0107 silnika:<\/strong> Regularnie monitoruj prac\u0119 silnika, aby mie\u0107 pewno\u015b\u0107, \u017ce pracuje z maksymaln\u0105 wydajno\u015bci\u0105.<\/li>\n<li><strong>Sprawd\u017a, czy nie ma uszkodze\u0144:<\/strong> Okresowo nale\u017cy sprawdza\u0107 maszyn\u0119 pod k\u0105tem oznak zu\u017cycia lub uszkodze\u0144, zw\u0142aszcza element\u00f3w ci\u0105gn\u0105cych i przesiewaj\u0105cych.<\/li>\n<li><strong>Cz\u0119stotliwo\u015b\u0107 przegl\u0105d\u00f3w:<\/strong> Nale\u017cy przestrzega\u0107 zalecanych przez producenta odst\u0119p\u00f3w mi\u0119dzy przegl\u0105dami i w razie potrzeby wymieni\u0107 takie cz\u0119\u015bci, jak filtry, paski i uszczelki.<\/li>\n<\/ul>\n<h2>Opinie klient\u00f3w<\/h2>\n<p>Oto kilka opinii klient\u00f3w na temat maszyny do zbierania fasoli 4BYH-2.6:<\/p>\n<p><strong>\u201eU\u017cywam 4BYH-2.6 od dw\u00f3ch sezon\u00f3w zbior\u00f3w i jestem pod ogromnym wra\u017ceniem jego wydajno\u015bci. Obni\u017cy\u0142o nasze koszty pracy o ponad 30%, a ziarna s\u0105 czystsze ni\u017c kiedykolwiek. To solidna inwestycja dla ka\u017cdego du\u017cego gospodarstwa.\u201d<\/strong><br \/>\n\u2014 John Smith, Stany Zjednoczone<\/p>\n<p><strong>\u201e4BYH-2.6 to prze\u0142om w moim gospodarstwie. Mo\u017cemy zbiera\u0107 plony znacznie szybciej, a maszyna jest \u0142atwa w obs\u0142udze. Gor\u0105co polecam j\u0105 komercyjnym producentom fasoli.\u201d<\/strong><br \/>\n\u2014 Ahmed Ali, Egipt<\/p>\n<p><strong>\u201eJako gospodarstwo ekologiczne martwili\u015bmy si\u0119 o uszkodzenia gleby, ale 4BYH-2.6 dzia\u0142a bez zarzutu. Jest delikatny dla gleby, a jednocze\u015bnie zapewnia nam wysokiej jako\u015bci plony\u201d.<\/strong><br \/>\n\u2014 Maria Lopez, Hiszpania<\/p>\n<p><strong>\u201eSzybka dostawa i doskona\u0142a obs\u0142uga posprzeda\u017cowa. 4BYH-2.6 to niezawodna maszyna, bez kt\u00f3rej nie mo\u017cemy si\u0119 obej\u015b\u0107 podczas \u017cniw.\u201d<\/strong><br \/>\n\u2014 Michael Brown, Wielka Brytania<\/p>\n<p><strong>\u201eNasze gospodarstwo dzia\u0142a na du\u017c\u0105 skal\u0119, a ta maszyna okaza\u0142a si\u0119 niezast\u0105piona. Dzi\u0119ki niej zbi\u00f3r fasoli czerwonej jest o wiele szybszy i bardziej wydajny. Jeste\u015bmy bardzo zadowoleni z zakupu.\u201d<\/strong><br \/>\n\u2014 Raj Patel, Indie<\/p>\n<h2>Dlaczego warto wybra\u0107 nasz produkt?<\/h2>\n<p>Nasza maszyna do zbierania fasoli 4BYH-2.6 oferuje szereg korzy\u015bci, kt\u00f3re czyni\u0105 j\u0105 najskuteczniejsz\u0105 <a href=\"http:\/\/square-balers.com\" target=\"_blank\" rel=\"noopener\">najlepszy wyb\u00f3r dla rolnik\u00f3w<\/a> Na ca\u0142ym \u015bwiecie. Oferujemy szybk\u0105 us\u0142ug\u0119 personalizacji, dostosowan\u0105 do indywidualnych potrzeb Twojego gospodarstwa, gwarantuj\u0105c optymaln\u0105 wydajno\u015b\u0107. Dodatkowo, nasz produkt obj\u0119ty jest 3-letni\u0105 gwarancj\u0105, co gwarantuje Ci spok\u00f3j ducha. Oferujemy kompleksowe wsparcie posprzeda\u017cowe i szybk\u0105 wysy\u0142k\u0119 na ca\u0142y \u015bwiat, aby spe\u0142ni\u0107 Twoje wymagania dotycz\u0105ce zam\u00f3wienia. Dzi\u0119ki naszym rozbudowanym mo\u017cliwo\u015bciom serwisowym i zaanga\u017cowaniu w jako\u015b\u0107, jeste\u015bmy do Twojej dyspozycji, aby zapewni\u0107 p\u0142ynne funkcjonowanie Twojego gospodarstwa rolnego.<\/p>\n<p>Poznaj maszyn\u0119 do zbioru fasoli 4BYH-2.6 ju\u017c dzi\u015b i do\u015bwiadcz kolejnego poziomu wydajno\u015bci zbior\u00f3w. Nasze mo\u017cliwo\u015bci produkcyjne gwarantuj\u0105 najwy\u017csz\u0105 jako\u015b\u0107 i konkurencyjne ceny. Oferujemy r\u00f3wnie\u017c szerok\u0105 gam\u0119 akcesori\u00f3w i produkt\u00f3w pokrewnych, kt\u00f3re zaspokoj\u0105 potrzeby Twojego gospodarstwa. Nie czekaj \u2014 skontaktuj si\u0119 z nami ju\u017c dzi\u015b, aby uzyska\u0107 wi\u0119cej informacji i dokona\u0107 m\u0105drego wyboru dla swojego gospodarstwa!<\/p>\n<p><img loading=\"lazy\" decoding=\"async\" class=\"wp-image-415 aligncenter\" src=\"https:\/\/silage-balers.com\/wp-content\/uploads\/2025\/12\/ep-4BYH-2.6-Kidney-Bean-Puller-4-1.webp\" alt=\"Wyrywacz fasoli czerwonej\" width=\"460\" height=\"460\" srcset=\"https:\/\/silage-balers.com\/wp-content\/uploads\/2025\/12\/ep-4BYH-2.6-Kidney-Bean-Puller-4-1.webp 269w, https:\/\/silage-balers.com\/wp-content\/uploads\/2025\/12\/ep-4BYH-2.6-Kidney-Bean-Puller-4-1-150x150.webp 150w, https:\/\/silage-balers.com\/wp-content\/uploads\/2025\/12\/ep-4BYH-2.6-Kidney-Bean-Puller-4-1-12x12.webp 12w, https:\/\/silage-balers.com\/wp-content\/uploads\/2025\/12\/ep-4BYH-2.6-Kidney-Bean-Puller-4-1-100x100.webp 100w\" sizes=\"(max-width: 460px) 100vw, 460px\" \/><\/p>\n<h2>Cz\u0119sto zadawane pytania<\/h2>\n<p><strong>Czym jest maszyna do zbierania fasoli 4BYH-2.6?<\/strong><\/p>\n<p>Wyrywacz fasoli 4BYH-2.6 to wysokowydajna maszyna rolnicza zaprojektowana do automatyzacji procesu wyrywania i zbioru fasoli. Zwi\u0119ksza wydajno\u015b\u0107, jednocze\u015bnie redukuj\u0105c koszty pracy.<\/p>\n<p><strong>Jak szybko maszyna 4BYH-2.6 Kidney Bean Puller mo\u017ce zbiera\u0107 fasol\u0119?<\/strong><\/p>\n<p>Za pomoc\u0105 kombajnu 4BYH-2.6 mo\u017cna zbiera\u0107 fasol\u0119 czerwon\u0105 znacznie szybciej ni\u017c w przypadku pracy r\u0119cznej, w zale\u017cno\u015bci od wielko\u015bci gospodarstwa i konkretnych warunk\u00f3w zbioru.<\/p>\n<p><strong>Czy 4BYH-2.6 nadaje si\u0119 do rolnictwa ekologicznego?<\/strong><\/p>\n<p>Tak, maszyna do zbierania fasoli 4BYH-2.6 zosta\u0142a zaprojektowana tak, aby zminimalizowa\u0107 ingerencj\u0119 w gleb\u0119, dzi\u0119ki czemu nadaje si\u0119 do gospodarstw ekologicznych, w kt\u00f3rych priorytetem jest zdrowie gleby.<\/p>\n<p><strong>Jak cz\u0119sto nale\u017cy przeprowadza\u0107 konserwacj\u0119 4BYH-2.6?<\/strong><\/p>\n<p>Aby zapewni\u0107 optymaln\u0105 wydajno\u015b\u0107, po ka\u017cdym zbiorze nale\u017cy przeprowadza\u0107 regularn\u0105 konserwacj\u0119, obejmuj\u0105c\u0105 czyszczenie, smarowanie i kontrole.<\/p>\n<p><strong>Jakie s\u0105 korzy\u015bci ze stosowania automatycznego zbioru fasoli?<\/strong><\/p>\n<p>Automatyczne maszyny do zbioru fasoli, takie jak 4BYH-2.6, znacz\u0105co redukuj\u0105 koszty pracy, zwi\u0119kszaj\u0105 wydajno\u015b\u0107 zbior\u00f3w i gwarantuj\u0105 sta\u0142\u0105 jako\u015b\u0107 w trakcie ca\u0142ego procesu zbioru.<\/p>\n<p>edytuj przez gzl<\/p>\n<p><!-- Add more FAQs as necessary --><\/p>","protected":false},"excerpt":{"rendered":"<p>Zbieraj fasol\u0119 czerwon\u0105 efektywnie dzi\u0119ki wyrywaczowi fasoli 4BYH-2.6. Zwi\u0119ksz wydajno\u015b\u0107 swojego gospodarstwa ju\u017c dzi\u015b! Zam\u00f3w ju\u017c teraz, aby uzyska\u0107 szybkie i niezawodne rezultaty.<\/p>","protected":false},"featured_media":416,"template":"","meta":{"_et_pb_use_builder":"","_et_pb_old_content":"","_et_gb_content_width":""},"product_brand":[],"product_cat":[22],"product_tag":[],"class_list":{"0":"post-413","1":"product","2":"type-product","3":"status-publish","4":"has-post-thumbnail","6":"product_cat-kidney-bean-puller","8":"first","9":"instock","10":"shipping-taxable","11":"product-type-simple"},"_links":{"self":[{"href":"https:\/\/silage-balers.com\/pl\/wp-json\/wp\/v2\/product\/413","targetHints":{"allow":["GET"]}}],"collection":[{"href":"https:\/\/silage-balers.com\/pl\/wp-json\/wp\/v2\/product"}],"about":[{"href":"https:\/\/silage-balers.com\/pl\/wp-json\/wp\/v2\/types\/product"}],"wp:featuredmedia":[{"embeddable":true,"href":"https:\/\/silage-balers.com\/pl\/wp-json\/wp\/v2\/media\/416"}],"wp:attachment":[{"href":"https:\/\/silage-balers.com\/pl\/wp-json\/wp\/v2\/media?parent=413"}],"wp:term":[{"taxonomy":"product_brand","embeddable":true,"href":"https:\/\/silage-balers.com\/pl\/wp-json\/wp\/v2\/product_brand?post=413"},{"taxonomy":"product_cat","embeddable":true,"href":"https:\/\/silage-balers.com\/pl\/wp-json\/wp\/v2\/product_cat?post=413"},{"taxonomy":"product_tag","embeddable":true,"href":"https:\/\/silage-balers.com\/pl\/wp-json\/wp\/v2\/product_tag?post=413"}],"curies":[{"name":"wp","href":"https:\/\/api.w.org\/{rel}","templated":true}]}}