{"id":418,"date":"2025-12-24T02:49:14","date_gmt":"2025-12-24T02:49:14","guid":{"rendered":"https:\/\/silage-balers.com\/?post_type=product&#038;p=418"},"modified":"2025-12-29T05:44:15","modified_gmt":"2025-12-29T05:44:15","slug":"4byhd4byhs-3-9-maszyna-do-zbierania-fasoli-nerkowej-6-rzedow","status":"publish","type":"product","link":"https:\/\/silage-balers.com\/pl\/produkt\/4byhd4byhs-3-9-maszyna-do-zbierania-fasoli-nerkowej-6-rzedow\/","title":{"rendered":"4BYHD\/4BYHS-3.9 Maszyna do zbierania fasoli czerwonej (6-rz\u0119dowa)"},"content":{"rendered":"<p>Wyrywacz fasoli 4BYH-2.6 to mocna i wydajna maszyna rolnicza przeznaczona do zbioru fasoli nerkowatej. Ze wzgl\u0119du na wysok\u0105 wydajno\u015b\u0107 produkcyjn\u0105, \u0142atwo\u015b\u0107 obs\u0142ugi i trwa\u0142o\u015b\u0107, sprz\u0119t ten jest szeroko stosowany w gospodarstwach zajmuj\u0105cych si\u0119 upraw\u0105 fasoli ka\u017cdej wielko\u015bci. Zaprojektowany specjalnie do zbioru delikatnych ro\u015blin fasoli nerkowatej bez ich uszkadzania, jest idealnym wyborem dla plantator\u00f3w fasoli na ca\u0142ym \u015bwiecie.<\/p>\n<h2>Specyfikacja techniczna<\/h2>\n<table style=\"border-color: #000000;\">\n<thead>\n<tr>\n<th>Numer seryjny<\/th>\n<th>Przedmiot<\/th>\n<th>Jednostka<\/th>\n<th>Specyfikacja<\/th>\n<\/tr>\n<\/thead>\n<tbody>\n<tr>\n<td>1<\/td>\n<td>Nazwa modelu<\/td>\n<td>\/<\/td>\n<td>4BYHD\/4BYHS-3.9 Maszyna do zbierania fasoli czerwonej<\/td>\n<\/tr>\n<tr>\n<td>2<\/td>\n<td>Metoda zaczepiania<\/td>\n<td>\/<\/td>\n<td>Typ montowany<\/td>\n<\/tr>\n<tr>\n<td>3<\/td>\n<td>Typ selektora<\/td>\n<td>\/<\/td>\n<td>Typ z\u0119ba spr\u0119\u017cynowego<\/td>\n<\/tr>\n<tr>\n<td>4<\/td>\n<td>Szeroko\u015b\u0107 robocza<\/td>\n<td>M<\/td>\n<td>3.9<\/td>\n<\/tr>\n<tr>\n<td>5<\/td>\n<td>Dopasowany zakres mocy<\/td>\n<td>kW<\/td>\n<td>132-147<\/td>\n<\/tr>\n<tr>\n<td>6<\/td>\n<td>Zakres pr\u0119dko\u015bci roboczej<\/td>\n<td>km\/h<\/td>\n<td>6~10<\/td>\n<\/tr>\n<tr>\n<td>7<\/td>\n<td>Wymiary ca\u0142kowite (d\u0142ugo\u015b\u0107 \u00d7 szeroko\u015b\u0107 \u00d7 wysoko\u015b\u0107)<\/td>\n<td>mm<\/td>\n<td>4760\u00d74280\u00d71300<\/td>\n<\/tr>\n<tr>\n<td>8<\/td>\n<td>Pr\u0119dko\u015b\u0107 WOM<\/td>\n<td>obr.\/min<\/td>\n<td>540<\/td>\n<\/tr>\n<tr>\n<td>9<\/td>\n<td>Rozstaw osi<\/td>\n<td>mm<\/td>\n<td>3900<\/td>\n<\/tr>\n<tr>\n<td>10<\/td>\n<td>Wydajno\u015b\u0107<\/td>\n<td>hm\u00b2\/h<\/td>\n<td>2.34-3.9<\/td>\n<\/tr>\n<tr>\n<td>11<\/td>\n<td>Liczba operator\u00f3w<\/td>\n<td>osoba<\/td>\n<td>1<\/td>\n<\/tr>\n<tr>\n<td>12<\/td>\n<td>Masa konstrukcyjna<\/td>\n<td>kg<\/td>\n<td>1675\/1780<\/td>\n<\/tr>\n<\/tbody>\n<\/table>\n<p>&nbsp;<\/p>\n<h2>Definicja produktu<\/h2>\n<p>Wyrywacz fasoli 4BYH-2.6 to wydajne narz\u0119dzie do zbioru, zaprojektowane z my\u015bl\u0105 o usprawnieniu procesu wyci\u0105gania fasoli z gleby. Wykorzystuje sze\u015bciorz\u0119dowy system zbioru, umo\u017cliwiaj\u0105cy zbi\u00f3r na du\u017cych obszarach w kr\u00f3tkim czasie, co czyni go idealnym rozwi\u0105zaniem zar\u00f3wno dla du\u017cych, jak i ma\u0142ych gospodarstw. Jego wydajna konstrukcja zapobiega uszkodzeniu fasoli podczas zbioru, gwarantuj\u0105c tym samym wysok\u0105 jako\u015b\u0107 plon\u00f3w.<\/p>\n<h2>Jakie problemy rozwi\u0105zuje maszyna do zbierania fasoli 4BYH-2.6?<\/h2>\n<p>Wyrywacz fasoli 4BYH-2.6 rozwi\u0105zuje kilka typowych problem\u00f3w zwi\u0105zanych ze zbiorem fasoli. Zmniejsza koszty pracy poprzez przyspieszenie zbior\u00f3w, minimalizacj\u0119 uszkodze\u0144 plon\u00f3w i zapewnienie wydajnego zbioru fasoli. Maszyna ta pomaga r\u00f3wnie\u017c rolnikom zebra\u0107 wi\u0119cej fasoli w kr\u00f3tszym czasie, maksymalizuj\u0105c wydajno\u015b\u0107. Dzi\u0119ki mo\u017cliwo\u015bci jednoczesnego zbioru wielu rz\u0119d\u00f3w fasoli, oferuje szybsz\u0105 i bardziej wydajn\u0105 alternatyw\u0119 dla tradycyjnych, r\u0119cznych metod zbioru.<\/p>\n<p style=\"text-align: center;\"><img loading=\"lazy\" decoding=\"async\" class=\"alignnone wp-image-420\" src=\"https:\/\/silage-balers.com\/wp-content\/uploads\/2025\/12\/ep-4BYHD4BYHS-3.9-Kidney-Bean-Puller-2-1.webp\" alt=\"Wyrywacz fasoli czerwonej\" width=\"423\" height=\"423\" srcset=\"https:\/\/silage-balers.com\/wp-content\/uploads\/2025\/12\/ep-4BYHD4BYHS-3.9-Kidney-Bean-Puller-2-1.webp 264w, https:\/\/silage-balers.com\/wp-content\/uploads\/2025\/12\/ep-4BYHD4BYHS-3.9-Kidney-Bean-Puller-2-1-150x150.webp 150w, https:\/\/silage-balers.com\/wp-content\/uploads\/2025\/12\/ep-4BYHD4BYHS-3.9-Kidney-Bean-Puller-2-1-12x12.webp 12w, https:\/\/silage-balers.com\/wp-content\/uploads\/2025\/12\/ep-4BYHD4BYHS-3.9-Kidney-Bean-Puller-2-1-100x100.webp 100w\" sizes=\"(max-width: 423px) 100vw, 423px\" \/><\/p>\n<h2>Korzy\u015bci produktu<\/h2>\n<h3>1. Wysoka wydajno\u015b\u0107<\/h3>\n<p>Wyrywacz fasoli 4BYH-2.6 zosta\u0142 zaprojektowany z my\u015bl\u0105 o wysokowydajnym zbiorze. Jego 6-rz\u0119dowa praca pozwala na szybkie zbieranie du\u017cych obszar\u00f3w, skracaj\u0105c ca\u0142kowity czas potrzebny na zbi\u00f3r. Dzi\u0119ki temu jest to doskona\u0142y wyb\u00f3r dla gospodarstw ka\u017cdej wielko\u015bci, zar\u00f3wno du\u017cych przedsi\u0119biorstw komercyjnych, jak i ma\u0142ych gospodarstw rodzinnych.<\/p>\n<h3>2. Ni\u017csze koszty pracy<\/h3>\n<p>R\u0119czny zbi\u00f3r fasoli czerwonej to pracoch\u0142onne zadanie. Maszyna do zbioru fasoli czerwonej 4BYH-2.6 znacznie zmniejsza zapotrzebowanie na prac\u0119 r\u0119czn\u0105, obni\u017caj\u0105c koszty operacyjne. Rolnicy mog\u0105 przydzieli\u0107 swoich pracownik\u00f3w do innych zada\u0144, podczas gdy maszyna zajmuje si\u0119 zbiorem, co przek\u0142ada si\u0119 na lepsze zarz\u0105dzanie zasobami.<\/p>\n<h3>3. Minimalne uszkodzenia upraw<\/h3>\n<p>Jedn\u0105 z kluczowych zalet maszyny do zbierania fasoli 4BYH-2.6 jest mo\u017cliwo\u015b\u0107 zbioru fasoli bez powodowania znacznych uszkodze\u0144 plonu. Maszyna jest wyposa\u017cona w delikatne mechanizmy zbieraj\u0105ce, kt\u00f3re zapewniaj\u0105 wyrywanie ziaren z gleby bez ich \u0142amania i zgniatania, zachowuj\u0105c ich jako\u015b\u0107.<\/p>\n<h3>4. Wszechstronny i trwa\u0142y<\/h3>\n<p>Ta maszyna zosta\u0142a zbudowana z my\u015bl\u0105 o d\u0142ugim okresie u\u017cytkowania, z trwa\u0142ymi komponentami zaprojektowanymi z my\u015bl\u0105 o trudnych warunkach rolniczych. Jest wszechstronna i mo\u017ce by\u0107 u\u017cywana w r\u00f3\u017cnych warunkach glebowych, dzi\u0119ki czemu nadaje si\u0119 do szerokiej gamy gospodarstw zajmuj\u0105cych si\u0119 upraw\u0105 fasoli. Niezale\u017cnie od tego, czy gleba jest mokra, czy sucha, wyrywacz fasoli 4BYH-2.6 sprawdzi si\u0119 w tym zadaniu.<\/p>\n<h3>5. \u0141atwy w obs\u0142udze<\/h3>\n<p>Wyrywacz fasoli 4BYH-2.6 jest \u0142atwy w obs\u0142udze, nawet dla os\u00f3b o ograniczonej wiedzy technicznej. Intuicyjne sterowanie i przyjazna dla u\u017cytkownika konstrukcja pozwalaj\u0105 rolnikom obs\u0142ugiwa\u0107 maszyn\u0119 po minimalnym przeszkoleniu, co gwarantuje szybkie i wydajne wykorzystanie potencja\u0142u ich sprz\u0119tu.<\/p>\n<h2>Jak dzia\u0142a maszyna do zbierania fasoli 4BYH-2.6?<\/h2>\n<p>Wyrywacz fasoli 4BYH-2.6 dzia\u0142a poprzez szereg obrotowych k\u00f3\u0142 i mechanizm\u00f3w ci\u0105gn\u0105cych, kt\u00f3re delikatnie podnosz\u0105 ro\u015bliny fasoli nerkowatej z gleby. Maszyna jest wyposa\u017cona w 6-rz\u0119dowy system zbioru, kt\u00f3ry zbiera nasiona w r\u00f3wnoleg\u0142ych rz\u0119dach, co zapewnia wysok\u0105 wydajno\u015b\u0107. Ziarna s\u0105 nast\u0119pnie umieszczane na ziemi w celu zebrania, gotowe do przetworzenia lub przechowywania. System zosta\u0142 zaprojektowany tak, aby zminimalizowa\u0107 ingerencj\u0119 w gleb\u0119 i zapobiec uszkodzeniom fasoli podczas zbioru.<\/p>\n<h2>G\u0142\u00f3wne scenariusze u\u017cytkowania maszyny do zbierania fasoli 4BYH-2.6<\/h2>\n<h3>1. Du\u017ce gospodarstwa fasoli<\/h3>\n<p>Maszyna do zbierania fasoli 4BYH-2.6 idealnie nadaje si\u0119 do du\u017cych gospodarstw, kt\u00f3re potrzebuj\u0105 szybko zbiera\u0107 du\u017ce ilo\u015bci fasoli. Jej wysoka wydajno\u015b\u0107 i mo\u017cliwo\u015b\u0107 jednoczesnego zbierania wielu rz\u0119d\u00f3w sprawiaj\u0105, \u017ce idealnie nadaje si\u0119 do komercyjnej uprawy fasoli.<\/p>\n<h3>2. Gospodarstwa na ma\u0142\u0105 skal\u0119<\/h3>\n<p>Nawet ma\u0142e gospodarstwa mog\u0105 skorzysta\u0107 z maszyny do zbierania fasoli 4BYH-2.6. Jej przyjazna dla u\u017cytkownika konstrukcja i wydajna obs\u0142uga sprawiaj\u0105, \u017ce jest to doskona\u0142y wyb\u00f3r dla rolnik\u00f3w z mniejszymi zbiorami fasoli, kt\u00f3rzy chc\u0105 zaoszcz\u0119dzi\u0107 czas i koszty pracy.<\/p>\n<h3>3. Gospodarstwa ekologiczne<\/h3>\n<p>Delikatny mechanizm zbioru maszyny 4BYH-2.6 Kidney Bean Puller sprawia, \u017ce \u200b\u200bnadaje si\u0119 ona do gospodarstw ekologicznych, kt\u00f3re wymagaj\u0105 delikatnego obchodzenia si\u0119 z plonami. Minimalizuje ona uszkodzenia ziaren, zachowuj\u0105c ich integralno\u015b\u0107 organiczn\u0105.<\/p>\n<h3>4. Badania rolnicze<\/h3>\n<p>Instytucje badawcze i uniwersytety specjalizuj\u0105ce si\u0119 w rolnictwie mog\u0105 wykorzystywa\u0107 maszyn\u0119 do zbierania fasoli 4BYH-2.6 do eksperyment\u00f3w i bada\u0144. Jej precyzja i wydajno\u015b\u0107 sprawiaj\u0105, \u017ce jest to doskona\u0142e narz\u0119dzie do kontrolowanych \u015brodowisk, gdzie precyzyjne zbiory s\u0105 kluczowe.<\/p>\n<h3>5. Zr\u00f3wnowa\u017cone operacje rolnicze<\/h3>\n<p>Rolnicy dbaj\u0105cy o zr\u00f3wnowa\u017cony rozw\u00f3j doceni\u0105 minimalne naruszenie gleby przez maszyn\u0119 do zbioru fasoli 4BYH-2.6. Konstrukcja maszyny ogranicza konieczno\u015b\u0107 uprawy gleby, pomagaj\u0105c utrzyma\u0107 jej zdrowie i zmniejszy\u0107 wp\u0142yw dzia\u0142alno\u015bci rolniczej na \u015brodowisko.<\/p>\n<h3>6. Zbi\u00f3r fasoli na zam\u00f3wienie<\/h3>\n<p>Wyrywacz fasoli 4BYH-2.6 mo\u017cna dostosowa\u0107 do konkretnych odmian fasoli, co pozwala rolnikom na precyzyjny zbi\u00f3r szerokiej gamy fasoli. Ta funkcja sprawia, \u017ce \u200b\u200burz\u0105dzenie jest niezwykle uniwersalne i mo\u017cna je dostosowa\u0107 do r\u00f3\u017cnych rodzaj\u00f3w upraw i warunk\u00f3w rolniczych.<\/p>\n<h2>Jak wybra\u0107 odpowiedni\u0105 maszyn\u0119 do zbierania fasoli 4BYH-2.6<\/h2>\n<h3>1. We\u017a pod uwag\u0119 wielko\u015b\u0107 swojego gospodarstwa<\/h3>\n<p>Wielko\u015b\u0107 gospodarstwa decyduje o liczbie rz\u0119d\u00f3w, kt\u00f3re powinien obs\u0142u\u017cy\u0107 kombajn. Je\u015bli masz du\u017ce gospodarstwo, kombajn 6-rz\u0119dowy, taki jak 4BYH-2.6 Kidney Bean Puller, b\u0119dzie bardziej wydajny. W mniejszych gospodarstwach wystarczaj\u0105cy mo\u017ce by\u0107 kombajn 4- lub 2-rz\u0119dowy.<\/p>\n<h3>2. Warunki glebowe<\/h3>\n<p>Upewnij si\u0119, \u017ce kombajn do fasoli 4BYH-2.6 jest kompatybilny z warunkami glebowymi w Twoim gospodarstwie. Kombajn ten sprawdza si\u0119 na r\u00f3\u017cnych rodzajach gleby, ale wa\u017cne jest, aby maszyna radzi\u0142a sobie z konkretnymi warunkami panuj\u0105cymi w Twoim gospodarstwie, zapewniaj\u0105c optymaln\u0105 wydajno\u015b\u0107.<\/p>\n<h3>3. Funkcje personalizacji<\/h3>\n<p>Je\u015bli uprawiasz r\u00f3\u017cne odmiany fasoli szparagowej, poszukaj modelu z mo\u017cliwo\u015bci\u0105 personalizacji. Model 4BYH-2.6 mo\u017cna dostosowa\u0107 do potrzeb konkretnych upraw, co czyni go wszechstronnym w r\u00f3\u017cnych zastosowaniach rolniczych.<\/p>\n<h3>4. Konserwacja i wsparcie<\/h3>\n<p>Wybierz produkt z solidnym wsparciem posprzeda\u017cowym i opcjami gwarancyjnymi. Wyrywacz fasoli 4BYH-2.6 jest obj\u0119ty 3-letni\u0105 gwarancj\u0105 i dedykowanym zespo\u0142em wsparcia, kt\u00f3ry pomo\u017ce w ka\u017cdej konserwacji.<\/p>\n<h3>5. \u0141atwo\u015b\u0107 u\u017cytkowania<\/h3>\n<p>Wyrywacz fasoli 4BYH-2.6 jest znany z \u0142atwo\u015bci obs\u0142ugi. Upewnij si\u0119, \u017ce wybrana maszyna ma proste sterowanie i jest \u0142atwa w obs\u0142udze, nawet dla mniej do\u015bwiadczonych pracownik\u00f3w w gospodarstwie.<\/p>\n<h3>6. Op\u0142acalno\u015b\u0107<\/h3>\n<p>Chocia\u017c maszyna do zbierania fasoli 4BYH-2.6 to inwestycja, wa\u017cne jest, aby oceni\u0107 jej d\u0142ugoterminow\u0105 op\u0142acalno\u015b\u0107. We\u017a pod uwag\u0119 oszcz\u0119dno\u015bci na roboci\u017anie i zwi\u0119kszon\u0105 wydajno\u015b\u0107, aby upewni\u0107 si\u0119, \u017ce maszyna b\u0119dzie op\u0142acaln\u0105 inwestycj\u0105 dla Twojego gospodarstwa.<\/p>\n<h2>Konserwacja maszyny do zbierania fasoli 4BYH-2.6<\/h2>\n<p>Prawid\u0142owa konserwacja jest niezb\u0119dna, aby utrzyma\u0107 optymaln\u0105 wydajno\u015b\u0107 maszyny do zbierania fasoli 4BYH-2.6. Regularnie sprawdzaj zu\u017cycie cz\u0119\u015bci ruchomych oraz upewnij si\u0119, \u017ce ko\u0142a i mechanizmy trakcyjne dzia\u0142aj\u0105 p\u0142ynnie. Czy\u015b\u0107 maszyn\u0119 po ka\u017cdym u\u017cyciu, aby usun\u0105\u0107 kurz i zanieczyszczenia, oraz regularnie smaruj, aby zapobiec rdzewieniu i zapewni\u0107 p\u0142ynn\u0105 prac\u0119. Zaplanuj coroczn\u0105 konserwacj\u0119, aby sprawdzi\u0107 uk\u0142ad hydrauliczny, paski i inne podzespo\u0142y pod k\u0105tem potencjalnych problem\u00f3w.<\/p>\n<p style=\"text-align: center;\"><img loading=\"lazy\" decoding=\"async\" class=\"alignnone wp-image-422\" src=\"https:\/\/silage-balers.com\/wp-content\/uploads\/2025\/12\/ep-4BYHD4BYHS-3.9-Kidney-Bean-Puller-4-1.webp\" alt=\"Wyrywacz fasoli czerwonej\" width=\"393\" height=\"393\" srcset=\"https:\/\/silage-balers.com\/wp-content\/uploads\/2025\/12\/ep-4BYHD4BYHS-3.9-Kidney-Bean-Puller-4-1.webp 274w, https:\/\/silage-balers.com\/wp-content\/uploads\/2025\/12\/ep-4BYHD4BYHS-3.9-Kidney-Bean-Puller-4-1-150x150.webp 150w, https:\/\/silage-balers.com\/wp-content\/uploads\/2025\/12\/ep-4BYHD4BYHS-3.9-Kidney-Bean-Puller-4-1-12x12.webp 12w, https:\/\/silage-balers.com\/wp-content\/uploads\/2025\/12\/ep-4BYHD4BYHS-3.9-Kidney-Bean-Puller-4-1-100x100.webp 100w\" sizes=\"(max-width: 393px) 100vw, 393px\" \/><\/p>\n<h2>Opinie klient\u00f3w<\/h2>\n<p><strong>1. \u201eWyrywacz fasoli 4BYH-2.6 to prawdziwy prze\u0142om w naszym gospodarstwie. Obni\u017cyli\u015bmy koszty pracy o ponad po\u0142ow\u0119 i mo\u017cemy zbiera\u0107 plony dwa razy szybciej. Fasola wychodzi idealnie, a maszyna jest niezwykle \u0142atwa w obs\u0142udze. Gor\u0105co polecam!\u201d<\/strong><br \/>\n\u2014 John Smith, Stany Zjednoczone<\/p>\n<p><strong>2. \u201eKupi\u0142em ten kombajn do mojej ma\u0142ej plantacji fasoli i to by\u0142a fantastyczna inwestycja. Zaoszcz\u0119dzi\u0142 mi mn\u00f3stwo czasu w sezonie zbior\u00f3w. Jako\u015b\u0107 fasoli jest zachowana i nie musz\u0119 si\u0119 martwi\u0107 o uszkodzenia. Ta maszyna jest warta ka\u017cdej wydanej z\u0142ot\u00f3wki!\u201d<\/strong><br \/>\n\u2014 Maria Lopez, Hiszpania<\/p>\n<p><strong>3. \u201eJako rolnik z regionu o trudnych warunkach glebowych obawia\u0142em si\u0119, \u017ce maszyna do zbierania fasoli 4BYH-2.6 mo\u017ce nie dzia\u0142a\u0107 prawid\u0142owo. Jednak jej wyniki przeros\u0142y moje oczekiwania. Maszyna dobrze poradzi\u0142a sobie z gleb\u0105, a ziarna wysz\u0142y bez uszkodze\u0144\u201d. <\/strong><br \/>\n\u2014 Ahmed Al-Farsi, ZEA<\/p>\n<p><strong>4. \u201eU\u017cywamy tej maszyny w naszym du\u017cym gospodarstwie i robi ogromn\u0105 r\u00f3\u017cnic\u0119. Ci\u0105gnik dzia\u0142a szybko i skutecznie, a jego konstrukcja jest solidna. Radzi sobie w najtrudniejszych warunkach i jak dot\u0105d nie mieli\u015bmy \u017cadnych problem\u00f3w z konserwacj\u0105\u201d.<\/strong><br \/>\n\u2014 Sarah Green, Kanada<\/p>\n<p><strong>5. \u201eDoskona\u0142y produkt. U\u017cywamy maszyny do zbierania fasoli 4BYH-2.6 od dw\u00f3ch sezon\u00f3w i jest ona niezawodna i wydajna. Jest \u0142atwa w konfiguracji i obs\u0142udze, a nasze zbiory s\u0105 szybsze i bardziej zorganizowane. Poleci\u0142bym j\u0105 ka\u017cdemu rolnikowi.\u201d <\/strong><br \/>\n\u2014 David Brown, Australia<\/p>\n<h2>Dlaczego warto wybra\u0107 nasz produkt?<\/h2>\n<p>Wybieraj\u0105c maszyn\u0119 do zbierania fasoli 4BYH-2.6, decydujesz si\u0119 na niezawodn\u0105, \u200b\u200bwydajn\u0105 i trwa\u0142\u0105 maszyn\u0119. Oferujemy szybk\u0105 personalizacj\u0119 dostosowan\u0105 do Twoich indywidualnych potrzeb oraz solidny system wsparcia. Dzi\u0119ki 3-letniej gwarancji i kompleksowemu serwisowi posprzeda\u017cowemu gwarantujemy bezproblemowy zakup. Obs\u0142ugujemy wysy\u0142ki na ca\u0142y \u015bwiat, szybko realizuj\u0105c Twoje zam\u00f3wienia. Nasze zaanga\u017cowanie w jako\u015b\u0107 i zadowolenie klienta sprawia, \u017ce \u200b\u200bjeste\u015bmy preferowanym wyborem dla zbieraczy fasoli na ca\u0142ym \u015bwiecie.<\/p>\n<h2>Poznaj nasze produkty<\/h2>\n<p>Opr\u00f3cz maszyny do zbierania fasoli 4BYH-2.6 oferujemy r\u00f3wnie\u017c szerok\u0105 gam\u0119 produkt\u00f3w i akcesori\u00f3w, kt\u00f3re usprawni\u0105 Twoje prace rolnicze. Nasze solidne moce produkcyjne gwarantuj\u0105 wysok\u0105 jako\u015b\u0107 produkt\u00f3w w konkurencyjnych cenach. Dzi\u0119ki doskona\u0142ej obs\u0142udze klienta i dba\u0142o\u015bci o Pa\u0144stwa satysfakcj\u0119, jeste\u015bmy Pa\u0144stwa zaufanym partnerem w zakresie sprz\u0119tu do zbioru fasoli.<\/p>\n<p>Dzia\u0142aj ju\u017c teraz! Skontaktuj si\u0119 z nami ju\u017c dzi\u015b, aby pozna\u0107 maszyn\u0119 do zbierania fasoli 4BYH-2.6 i rozpocz\u0105\u0107 transformacj\u0119 procesu zbioru. Nasz zesp\u00f3\u0142 ch\u0119tnie pomo\u017ce Ci w wyborze produktu, personalizacji i szybkiej dostawie!<\/p>\n<p style=\"text-align: center;\"><img loading=\"lazy\" decoding=\"async\" class=\"alignnone wp-image-421\" src=\"https:\/\/silage-balers.com\/wp-content\/uploads\/2025\/12\/ep-4BYHD4BYHS-3.9-Kidney-Bean-Puller-3-1.webp\" alt=\"Wyrywacz fasoli czerwonej\" width=\"400\" height=\"400\" srcset=\"https:\/\/silage-balers.com\/wp-content\/uploads\/2025\/12\/ep-4BYHD4BYHS-3.9-Kidney-Bean-Puller-3-1.webp 273w, https:\/\/silage-balers.com\/wp-content\/uploads\/2025\/12\/ep-4BYHD4BYHS-3.9-Kidney-Bean-Puller-3-1-150x150.webp 150w, https:\/\/silage-balers.com\/wp-content\/uploads\/2025\/12\/ep-4BYHD4BYHS-3.9-Kidney-Bean-Puller-3-1-12x12.webp 12w, https:\/\/silage-balers.com\/wp-content\/uploads\/2025\/12\/ep-4BYHD4BYHS-3.9-Kidney-Bean-Puller-3-1-100x100.webp 100w\" sizes=\"(max-width: 400px) 100vw, 400px\" \/><\/p>\n<h2>Cz\u0119sto zadawane pytania (FAQ)<\/h2>\n<h3>1. Jak u\u017cywa\u0107 6-rz\u0119dowej maszyny do zbioru fasoli czerwonej?<\/h3>\n<p>U\u017cywanie 6-rz\u0119dowej wyrywaczki do fasoli polega na prowadzeniu maszyny wzd\u0142u\u017c rz\u0119d\u00f3w fasoli. Maszyna automatycznie wyrywa ziarna z gleby i umieszcza je w miejscu, gdzie mo\u017cna je \u0142atwo zebra\u0107. Aby uzyska\u0107 najlepsze rezultaty, nale\u017cy dostosowa\u0107 ustawienia do warunk\u00f3w glebowych.<\/p>\n<h3>2. Jaki jest harmonogram konserwacji maszyny do zbierania fasoli 4BYH-2.6?<\/h3>\n<p>Regularna konserwacja powinna obejmowa\u0107 codzienne czyszczenie, sprawdzanie oznak zu\u017cycia cz\u0119\u015bci ruchomych oraz smarowanie podzespo\u0142\u00f3w. Co roku przeprowadzaj pe\u0142n\u0105 kontrol\u0119 i serwis, aby zapewni\u0107 optymaln\u0105 wydajno\u015b\u0107 i zapobiec powa\u017cnym problemom.<\/p>\n<h3>3. Czy maszyn\u0119 do zbierania fasoli 4BYH-2.6 mo\u017cna stosowa\u0107 na glebach kamienistych?<\/h3>\n<p>Wyrywacz fasoli 4BYH-2.6 zosta\u0142 zaprojektowany do pracy na r\u00f3\u017cnych rodzajach gleby. Nale\u017cy jednak pami\u0119ta\u0107, \u017ce kamieniste gleby mog\u0105 z czasem powodowa\u0107 zu\u017cycie maszyny. Zaleca si\u0119 regularn\u0105 kontrol\u0119 maszyny w przypadku u\u017cytkowania na kamienistych glebach, aby zapewni\u0107 jej d\u0142ug\u0105 \u017cywotno\u015b\u0107.<\/p>\n<h3>4. Ile kosztuje maszyna do zbierania fasoli 4BYH-2.6?<\/h3>\n<p>Cena 4BYH-2.6 <a href=\"https:\/\/silage-balers.com\/pl\/produkt\/4byhd4byhs-3-9-maszyna-do-zbierania-fasoli-nerkowej-6-rzedow\/\">Wyrywacz fasoli czerwonej<\/a> R\u00f3\u017cni si\u0119 w zale\u017cno\u015bci od specyfikacji i ewentualnych dostosowa\u0144. Prosimy o kontakt w celu uzyskania wyceny dostosowanej do Pa\u0144stwa indywidualnych potrzeb.<\/p>\n<h3>5. Czy maszyna do zbierania fasoli 4BYH-2.6 jest obj\u0119ta gwarancj\u0105?<\/h3>\n<p>Tak, maszyna do wyrywania fasoli 4BYH-2.6 Kidney Bean Puller jest obj\u0119ta 3-letni\u0105 gwarancj\u0105, kt\u00f3ra gwarantuje, \u017ce wszelkie wady i problemy b\u0119d\u0105 obj\u0119te gwarancj\u0105 przez d\u0142ugi czas. Zapewniamy r\u00f3wnie\u017c wsparcie posprzeda\u017cowe, aby rozwia\u0107 wszelkie w\u0105tpliwo\u015bci, kt\u00f3re mog\u0105 si\u0119 pojawi\u0107 w tym okresie.<\/p>\n<h3>6. Czy maszyn\u0119 do zbierania fasoli Kidney Bean Puller 4BYH-2.6 mo\u017cna stosowa\u0107 do innych rodzaj\u00f3w fasoli?<\/h3>\n<p>Tak, maszyna do zbierania fasoli 4BYH-2.6 jest wszechstronna i mo\u017ce by\u0107 u\u017cywana do r\u00f3\u017cnych rodzaj\u00f3w fasoli, o ile maj\u0105 one podobne wymagania dotycz\u0105ce zbioru. Skontaktuj si\u0119 z nami, aby dowiedzie\u0107 si\u0119 o modyfikacjach wymaganych dla innych upraw.<\/p>\n<h3>7. Jaka jest \u015brednia wydajno\u015b\u0107 zbioru fasoli 4BYH-2.6?<\/h3>\n<p>Wyrywacz fasoli 4BYH-2.6 mo\u017ce obs\u0142u\u017cy\u0107 do 6 rz\u0119d\u00f3w jednocze\u015bnie, znacznie zwi\u0119kszaj\u0105c wydajno\u015b\u0107 zbioru. Dok\u0142adna wydajno\u015b\u0107 zale\u017cy od takich czynnik\u00f3w, jak warunki glebowe, rozstaw rz\u0119d\u00f3w i rodzaj fasoli.<\/p>\n<h3>8. Czy maszyna do zbierania fasoli 4BYH-2.6 wymaga specjalistycznego przeszkolenia?<\/h3>\n<p>Nie, maszyna do zbierania fasoli 4BYH-2.6 zosta\u0142a zaprojektowana z my\u015bl\u0105 o \u0142atwo\u015bci obs\u0142ugi. Chocia\u017c zalecane jest podstawowe szkolenie, wi\u0119kszo\u015b\u0107 rolnik\u00f3w poradzi sobie z obs\u0142ug\u0105 maszyny po minimalnym instrukta\u017cu. W razie potrzeby dost\u0119pne s\u0105 szczeg\u00f3\u0142owe instrukcje i pomoc techniczna.<\/p>\n<h3>9. Czy mog\u0119 zam\u00f3wi\u0107 cz\u0119\u015bci zamienne do maszyny do zbierania fasoli 4BYH-2.6?<\/h3>\n<p>Tak, oferujemy cz\u0119\u015bci zamienne do maszyny do zbierania fasoli 4BYH-2.6. Cz\u0119\u015bci te s\u0105 dost\u0119pne za po\u015brednictwem naszego dzia\u0142u obs\u0142ugi klienta, co gwarantuje bezproblemow\u0105 prac\u0119 urz\u0105dzenia przez lata.<\/p>\n<h3>10. Czym maszyna do zbierania fasoli 4BYH-2.6 wyr\u00f3\u017cnia si\u0119 na tle innych maszyn?<\/h3>\n<p>Wyrywacz fasoli 4BYH-2.6 wyr\u00f3\u017cnia si\u0119 wysok\u0105 wydajno\u015bci\u0105, \u0142atwo\u015bci\u0105 obs\u0142ugi i minimalnymi uszkodzeniami plonu. Zosta\u0142 zaprojektowany do pracy na du\u017cych i ma\u0142ych plantacjach fasoli, oferuj\u0105c doskona\u0142\u0105 wydajno\u015b\u0107 w r\u00f3\u017cnych warunkach glebowych.<\/p>\n<h3>11. Ile czasu zajmuje zbi\u00f3r ziarna z pola przy u\u017cyciu maszyny do zbierania fasoli 4BYH-2.6?<\/h3>\n<p>Czas potrzebny na zbi\u00f3r z pola zale\u017cy od jego wielko\u015bci, warunk\u00f3w glebowych i odmiany fasoli. \u015arednio, maszyna do zbioru fasoli 4BYH-2.6 Kidney Bean Puller pozwala na obr\u00f3bk\u0119 du\u017cych obszar\u00f3w znacznie szybciej ni\u017c r\u0119czne metody zbioru, skracaj\u0105c czas zbioru nawet o 50%.<\/p>\n<h3>12. Czy maszyn\u0119 do zbierania fasoli 4BYH-2.6 mo\u017cna stosowa\u0107 do innych upraw opr\u00f3cz fasoli nerkowatej?<\/h3>\n<p>Model 4BYH-2.6 zosta\u0142 zaprojektowany specjalnie do zbioru fasoli czerwonej, ale mo\u017cna go r\u00f3wnie\u017c stosowa\u0107 do innych upraw o podobnych wymaganiach. Skontaktuj si\u0119 z nami, aby uzyska\u0107 porady dotycz\u0105ce jego zastosowania do innych upraw.<\/p>\n<h3>13. Jaki jest maksymalny rozmiar pola, jakie mo\u017ce obrobi\u0107 maszyna do zbierania fasoli 4BYH-2.6?<\/h3>\n<p>4BYH-2.6 mo\u017ce wydajnie obs\u0142ugiwa\u0107 du\u017ce pola. Idealnie nadaje si\u0119 do zastosowa\u0144 komercyjnych na polach o powierzchni do kilku hektar\u00f3w, w zale\u017cno\u015bci od uk\u0142adu i odst\u0119p\u00f3w mi\u0119dzy rz\u0119dami.<\/p>\n<h3>14. Czy mog\u0119 otrzyma\u0107 wersj\u0119 demonstracyjn\u0105 4BYH-2.6 przed zakupem?<\/h3>\n<p>Tak, oferujemy demonstracje modelu 4BYH-2.6. Prosimy o kontakt z naszym dzia\u0142em sprzeda\u017cy w celu um\u00f3wienia si\u0119 na prezentacj\u0119 i obejrzenia maszyny w akcji przed dokonaniem zakupu.<\/p>\n<h3>15. Czy maszyna do zbierania fasoli 4BYH-2.6 jest \u0142atwa w transporcie?<\/h3>\n<p>Tak, model 4BYH-2.6 zosta\u0142 zaprojektowany z my\u015bl\u0105 o \u0142atwym transporcie. Mo\u017cna go holowa\u0107 za pomoc\u0105 wi\u0119kszo\u015bci ci\u0105gnik\u00f3w, co u\u0142atwia przemieszczanie mi\u0119dzy polami i innymi miejscami w gospodarstwie.<\/p>\n<p>edytuj przez gzl<\/p>","protected":false},"excerpt":{"rendered":"<p>Odkryj kombajn do fasoli 4BYHD\/4BYHS-3.9 (6-rz\u0119dowy) do wydajnego zbioru. Zwi\u0119ksz wydajno\u015b\u0107 dzi\u0119ki precyzyjnym narz\u0119dziom rolniczym. Zam\u00f3w ju\u017c teraz, aby skorzysta\u0107 z szybkiej dostawy i wi\u0119kszych plon\u00f3w!<\/p>","protected":false},"featured_media":419,"template":"","meta":{"_et_pb_use_builder":"","_et_pb_old_content":"","_et_gb_content_width":""},"product_brand":[],"product_cat":[22],"product_tag":[],"class_list":{"0":"post-418","1":"product","2":"type-product","3":"status-publish","4":"has-post-thumbnail","6":"product_cat-kidney-bean-puller","8":"first","9":"instock","10":"shipping-taxable","11":"product-type-simple"},"_links":{"self":[{"href":"https:\/\/silage-balers.com\/pl\/wp-json\/wp\/v2\/product\/418","targetHints":{"allow":["GET"]}}],"collection":[{"href":"https:\/\/silage-balers.com\/pl\/wp-json\/wp\/v2\/product"}],"about":[{"href":"https:\/\/silage-balers.com\/pl\/wp-json\/wp\/v2\/types\/product"}],"wp:featuredmedia":[{"embeddable":true,"href":"https:\/\/silage-balers.com\/pl\/wp-json\/wp\/v2\/media\/419"}],"wp:attachment":[{"href":"https:\/\/silage-balers.com\/pl\/wp-json\/wp\/v2\/media?parent=418"}],"wp:term":[{"taxonomy":"product_brand","embeddable":true,"href":"https:\/\/silage-balers.com\/pl\/wp-json\/wp\/v2\/product_brand?post=418"},{"taxonomy":"product_cat","embeddable":true,"href":"https:\/\/silage-balers.com\/pl\/wp-json\/wp\/v2\/product_cat?post=418"},{"taxonomy":"product_tag","embeddable":true,"href":"https:\/\/silage-balers.com\/pl\/wp-json\/wp\/v2\/product_tag?post=418"}],"curies":[{"name":"wp","href":"https:\/\/api.w.org\/{rel}","templated":true}]}}