{"id":443,"date":"2025-12-25T08:55:30","date_gmt":"2025-12-25T08:55:30","guid":{"rendered":"https:\/\/silage-balers.com\/?post_type=product&#038;p=443"},"modified":"2025-12-29T05:43:01","modified_gmt":"2025-12-29T05:43:01","slug":"rozdrabniacz-paszy-9f-70","status":"publish","type":"product","link":"https:\/\/silage-balers.com\/pl\/produkt\/rozdrabniacz-paszy-9f-70\/","title":{"rendered":"Rozdrabniacz paszy 9F-70"},"content":{"rendered":"<p>Rozdrabniacze paszy s\u0105 niezb\u0119dnymi narz\u0119dziami w nowoczesnym rolnictwie, efektywnie przetwarzaj\u0105cymi r\u00f3\u017cnorodne pasze, szczeg\u00f3lnie polecanymi dla ma\u0142ych i du\u017cych gospodarstw hodowlanych. Rozdrabniacze te rozdrabniaj\u0105 du\u017ce kawa\u0142ki paszy na mniejsze, \u0142atwiej strawne granulki dla zwierz\u0105t gospodarskich. Dzi\u0119ki zastosowaniu odpowiednich rozdrabniaczy, rolnicy mog\u0105 poprawi\u0107 jako\u015b\u0107 i wydajno\u015b\u0107 przetwarzania pasz, zoptymalizowa\u0107 \u017cywienie zwierz\u0105t i zmniejszy\u0107 ilo\u015b\u0107 odpad\u00f3w.<\/p>\n<h2>Specyfikacja techniczna<\/h2>\n<table style=\"border-color: #000000;\">\n<thead>\n<tr>\n<th>Numer seryjny<\/th>\n<th>Przedmiot<\/th>\n<th>Jednostka<\/th>\n<th>Specyfikacja<\/th>\n<\/tr>\n<\/thead>\n<tbody>\n<tr>\n<td>1<\/td>\n<td>Nazwa modelu<\/td>\n<td>\/<\/td>\n<td>Rozdrabniacz paszy 9F-70<\/td>\n<\/tr>\n<tr>\n<td>2<\/td>\n<td>Forma strukturalna<\/td>\n<td>\/<\/td>\n<td>Sta\u0142a operacja<\/td>\n<\/tr>\n<tr>\n<td>3<\/td>\n<td>Metoda jazdy<\/td>\n<td>\/<\/td>\n<td>Sta\u0142a moc<\/td>\n<\/tr>\n<tr>\n<td>4<\/td>\n<td>Typ zasilania<\/td>\n<td>\/<\/td>\n<td>Silnik Diesla<\/td>\n<\/tr>\n<tr>\n<td>5<\/td>\n<td>Moc znamionowa<\/td>\n<td>kW<\/td>\n<td>191<\/td>\n<\/tr>\n<tr>\n<td>6<\/td>\n<td>Metoda produkcji mieszka\u0144<\/td>\n<td>\/<\/td>\n<td>Typ spawany<\/td>\n<\/tr>\n<tr>\n<td>7<\/td>\n<td>Typ konstrukcji wirnika<\/td>\n<td>\/<\/td>\n<td>Typ m\u0142otka<\/td>\n<\/tr>\n<tr>\n<td>8<\/td>\n<td>Liczba m\u0142ot\u00f3w<\/td>\n<td>szt.<\/td>\n<td>64<\/td>\n<\/tr>\n<tr>\n<td>9<\/td>\n<td>\u015arednica tarczy wirnika<\/td>\n<td>mm<\/td>\n<td>450<\/td>\n<\/tr>\n<tr>\n<td>10<\/td>\n<td>\u015arednica robocza wirnika<\/td>\n<td>mm<\/td>\n<td>700<\/td>\n<\/tr>\n<tr>\n<td>11<\/td>\n<td>Liczba m\u0142ot\u00f3w<\/td>\n<td>szt.<\/td>\n<td>64<\/td>\n<\/tr>\n<tr>\n<td>12<\/td>\n<td>Szeroko\u015b\u0107 komory krusz\u0105cej<\/td>\n<td>mm<\/td>\n<td>1100<\/td>\n<\/tr>\n<tr>\n<td>13<\/td>\n<td>Wymiary ca\u0142kowite (d\u0142ugo\u015b\u0107 \u00d7 szeroko\u015b\u0107 \u00d7 wysoko\u015b\u0107)<\/td>\n<td>mm<\/td>\n<td>7700\u00d72600\u00d72900<\/td>\n<\/tr>\n<tr>\n<td>14<\/td>\n<td>Pr\u0119dko\u015b\u0107 WOM<\/td>\n<td>obr.\/min<\/td>\n<td>1800<\/td>\n<\/tr>\n<tr>\n<td>15<\/td>\n<td>Rozstaw osi<\/td>\n<td>mm<\/td>\n<td>2200<\/td>\n<\/tr>\n<tr>\n<td>16<\/td>\n<td>Wydajno\u015b\u0107<\/td>\n<td>t\/h<\/td>\n<td>5-20<\/td>\n<\/tr>\n<tr>\n<td>17<\/td>\n<td>Masa konstrukcyjna<\/td>\n<td>kg<\/td>\n<td>5500<\/td>\n<\/tr>\n<tr>\n<td>18<\/td>\n<td>Metoda karmienia<\/td>\n<td>\/<\/td>\n<td>Cylindryczny system podawania<\/td>\n<\/tr>\n<\/tbody>\n<\/table>\n<h2>Czym jest rozdrabniacz paszy?<\/h2>\n<p>Rozdrabniacz to urz\u0105dzenie mechaniczne s\u0142u\u017c\u0105ce do przetwarzania i rozdrabniania pasz (takich jak siano, kiszonka itp.). Maszyny te wyposa\u017cone s\u0105 w ostre no\u017ce i mocne silniki, zdolne do przetwarzania du\u017cych ilo\u015bci materia\u0142u ro\u015blinnego, przekszta\u0142caj\u0105c go w pasz\u0119 \u0142atwiej przyswajaln\u0105 dla zwierz\u0105t gospodarskich. Rozdrabniacze pasz s\u0105 kluczowymi narz\u0119dziami do poprawy jako\u015bci paszy i zapewnienia efektywnego \u017cywienia w hodowli zwierz\u0105t gospodarskich.<\/p>\n<h2>Problemy rozwi\u0105zywane przez rozdrabniacze pasz<\/h2>\n<p>Rozdrabniacze paszy rozwi\u0105zuj\u0105 szereg problem\u00f3w, z kt\u00f3rymi borykaj\u0105 si\u0119 rolnicy w zakresie zarz\u0105dzania pasz\u0105 dla zwierz\u0105t gospodarskich. Nale\u017c\u0105 do nich:<\/p>\n<ul>\n<li><strong>Redukcja odpad\u00f3w paszowych:<\/strong> Miel\u0105c pasz\u0119 na mniejsze kawa\u0142ki, m\u0142ynki pomagaj\u0105 ograniczy\u0107 marnowanie paszy i poprawi\u0107 jej wykorzystanie przez zwierz\u0119ta.<\/li>\n<li><strong>Lepsza jako\u015b\u0107 paszy:<\/strong> M\u0142ynek zwi\u0119ksza warto\u015b\u0107 od\u017cywcz\u0105 paszy poprzez rozbijanie twardych w\u0142\u00f3kien, dzi\u0119ki czemu staje si\u0119 ona \u0142atwiej strawna dla zwierz\u0105t gospodarskich.<\/li>\n<li><strong>Efektywno\u015b\u0107 czasu i pracy:<\/strong> Rozdrabniacze paszy pozwalaj\u0105 zaoszcz\u0119dzi\u0107 cenny czas i nak\u0142ad pracy w por\u00f3wnaniu z r\u0119cznym przetwarzaniem paszy, zwi\u0119kszaj\u0105c og\u00f3ln\u0105 wydajno\u015b\u0107 operacyjn\u0105.<\/li>\n<li><strong>Sp\u00f3jno\u015b\u0107 rozmiaru kana\u0142u:<\/strong> Rozdrabniacze zapewniaj\u0105 jednolit\u0105 wielko\u015b\u0107 cz\u0105stek paszy, co wspomaga r\u00f3wnomierne trawienie i wch\u0142anianie sk\u0142adnik\u00f3w od\u017cywczych.<\/li>\n<li><strong>Ekonomiczne przetwarzanie pasz:<\/strong> Dzi\u0119ki wydajnemu przetwarzaniu pasz sypkich rolnicy mog\u0105 zaoszcz\u0119dzi\u0107 na kosztach zwi\u0105zanych z zakupem paszy komercyjnej, dbaj\u0105c jednocze\u015bnie o zdrowie zwierz\u0105t.<\/li>\n<\/ul>\n<h2>Zalety produktu rozdrabniacza paszy<\/h2>\n<p>Rozdrabniacze pasz oferuj\u0105 rolnikom, kt\u00f3rzy chc\u0105 udoskonali\u0107 swoje systemy przetwarzania pasz, liczne korzy\u015bci. Oto pi\u0119\u0107 kluczowych korzy\u015bci:<\/p>\n<h3>1. Wysoka wydajno\u015b\u0107 przetwarzania pasz<\/h3>\n<p>Rozdrabniacze paszy zosta\u0142y zaprojektowane do przetwarzania du\u017cych ilo\u015bci paszy w kr\u00f3tkim czasie. Mocny silnik i wydajny mechanizm rozdrabniaj\u0105cy zapewniaj\u0105 szybkie i r\u00f3wnomierne rozdrabnianie paszy, oszcz\u0119dzaj\u0105c czas i energi\u0119 rolnikom.<\/p>\n<h3>2. Wszechstronno\u015b\u0107 w rodzajach pasz<\/h3>\n<p>Te rozdrabniacze s\u0105 wszechstronne i nadaj\u0105 si\u0119 do rozdrabniania r\u00f3\u017cnych rodzaj\u00f3w pasz, w tym trawy, kiszonki, lucerny i siana. Dzi\u0119ki temu idealnie nadaj\u0105 si\u0119 do gospodarstw o \u200b\u200bzr\u00f3\u017cnicowanych potrzebach \u017cywieniowych zwierz\u0105t gospodarskich, poniewa\u017c mo\u017cna je dostosowa\u0107 do r\u00f3\u017cnych upraw.<\/p>\n<h3>3. Kompaktowa konstrukcja dla ma\u0142ych gospodarstw<\/h3>\n<p>Nowoczesne rozdrabniacze paszy s\u0105 kompaktowe, dzi\u0119ki czemu nadaj\u0105 si\u0119 do ma\u0142ych gospodarstw o \u200b\u200bograniczonej przestrzeni. Pomimo niewielkich rozmiar\u00f3w, nadal zapewniaj\u0105 wysok\u0105 wydajno\u015b\u0107, umo\u017cliwiaj\u0105c rolnikom przetwarzanie wystarczaj\u0105cych ilo\u015bci paszy bez zajmowania zbyt du\u017cej przestrzeni.<\/p>\n<h3>4. Trwa\u0142a konstrukcja<\/h3>\n<p>Rozdrabniacze paszy s\u0105 trwa\u0142e i wyposa\u017cone w solidne komponenty, kt\u00f3re wytrzymuj\u0105 trudy codziennego u\u017cytkowania. Ta trwa\u0142o\u015b\u0107 gwarantuje, \u017ce rozdrabniacz b\u0119dzie dzia\u0142a\u0142 wydajnie przez d\u0142ugi czas, zmniejszaj\u0105c potrzeb\u0119 cz\u0119stych napraw i wymian.<\/p>\n<h3>5. Efektywno\u015b\u0107 energetyczna<\/h3>\n<p>Wiele rozdrabniaczy jest wyposa\u017conych w energooszcz\u0119dne silniki, kt\u00f3re zmniejszaj\u0105 zu\u017cycie energii, co czyni je op\u0142acalnym rozwi\u0105zaniem dla gospodarstw rolnych ka\u017cdej wielko\u015bci. Pomaga to rolnikom oszcz\u0119dza\u0107 na rachunkach za energi\u0119, jednocze\u015bnie osi\u0105gaj\u0105c wysok\u0105 wydajno\u015b\u0107 przetwarzania.<\/p>\n<h2>Jak dzia\u0142a rozdrabniacz paszy?<\/h2>\n<p>Obs\u0142uga m\u0142ynka jest stosunkowo prosta. Maszyna sk\u0142ada si\u0119 z silnika, szeregu obracaj\u0105cych si\u0119 ostrzy lub m\u0142ot\u00f3w oraz komory zbiorczej. Podczas podawania materia\u0142u do maszyny, obracaj\u0105ce si\u0119 ostrza lub m\u0142oty rozdrabniaj\u0105 go na mniejsze, \u0142atwiejsze w obr\u00f3bce cz\u0105stki. Przetworzony materia\u0142 jest nast\u0119pnie gromadzony w komorze zbiorczej w celu przechowywania lub dalszego przetwarzania. Niekt\u00f3re modele mog\u0105 by\u0107 r\u00f3wnie\u017c wyposa\u017cone w dodatkowe funkcje, takie jak sita lub dmuchawy, kt\u00f3re dodatkowo zwi\u0119kszaj\u0105 rozmiar cz\u0105stek mielonego materia\u0142u.<\/p>\n<p style=\"text-align: center;\"><img loading=\"lazy\" decoding=\"async\" class=\"alignnone wp-image-444\" src=\"https:\/\/silage-balers.com\/wp-content\/uploads\/2025\/12\/ep-9F-70-Forage-Grinder-1-1-1-300x300.webp\" alt=\"Rozdrabniacz paszy\" width=\"399\" height=\"399\" \/><\/p>\n<h2>Podstawowe zastosowania rozdrabniaczy pasz<\/h2>\n<p>Rozdrabniacze pasz s\u0105 szeroko stosowane w r\u00f3\u017cnych zastosowaniach rolniczych. Oto sze\u015b\u0107 g\u0142\u00f3wnych zastosowa\u0144:<\/p>\n<h3>1. Karmienie zwierz\u0105t gospodarskich<\/h3>\n<p>Jednym z g\u0142\u00f3wnych zastosowa\u0144 rozdrabniaczy pasz jest przygotowywanie paszy dla zwierz\u0105t gospodarskich. Rozdrabniacz siana, kiszonki lub innych pasz sprawia, \u017ce \u200b\u200bpasza jest \u0142atwiejsza do spo\u017cycia i strawienia dla zwierz\u0105t, co poprawia ich og\u00f3lny stan zdrowia i wydajno\u015b\u0107.<\/p>\n<h3>2. Produkcja kiszonki<\/h3>\n<p>Rozdrabniacze pasz odgrywaj\u0105 kluczow\u0105 rol\u0119 w produkcji kiszonki. Rozdrabniaj\u0105c materia\u0142 paszowy przed fermentacj\u0105, pomagaj\u0105 roz\u0142o\u017cy\u0107 w\u0142\u00f3kna ro\u015blinne, poprawiaj\u0105c wydajno\u015b\u0107 procesu fermentacji i warto\u015b\u0107 od\u017cywcz\u0105 kiszonki.<\/p>\n<h3>3. Suplementy do pasz dla zwierz\u0105t<\/h3>\n<p>Rolnicy mog\u0105 u\u017cywa\u0107 rozdrabniaczy paszy do tworzenia spersonalizowanych mieszanek paszowych dla zwierz\u0105t gospodarskich. Pozwala to na lepsz\u0105 kontrol\u0119 zawarto\u015bci sk\u0142adnik\u00f3w od\u017cywczych w paszy, zapewniaj\u0105c zwierz\u0119tom odpowiedni\u0105 r\u00f3wnowag\u0119 sk\u0142adnik\u00f3w od\u017cywczych dla optymalnego wzrostu i produkcji.<\/p>\n<h3>4. Przetwarzanie odpad\u00f3w organicznych<\/h3>\n<p>Rozdrabniacze pasz mog\u0105 by\u0107 r\u00f3wnie\u017c wykorzystywane do przetwarzania odpad\u00f3w organicznych, takich jak resztki po\u017cniwne czy odpady ogrodowe. Rozdrabniaj\u0105c te materia\u0142y, rolnicy mog\u0105 tworzy\u0107 kompost lub \u015bci\u00f3\u0142k\u0119, zmniejszaj\u0105c ilo\u015b\u0107 odpad\u00f3w i promuj\u0105c zr\u00f3wnowa\u017cone praktyki rolnicze.<\/p>\n<h3>5. Produkcja energii z biomasy<\/h3>\n<p>Niekt\u00f3rzy rolnicy u\u017cywaj\u0105 rozdrabniaczy paszy do przygotowania biomasy do produkcji energii. Rozdrabniaj\u0105c materia\u0142y ro\u015blinne na drobne cz\u0105steczki, rozdrabniacze u\u0142atwiaj\u0105 produkcj\u0119 biopaliw lub innych odnawialnych \u017ar\u00f3de\u0142 energii.<\/p>\n<h3>6. Pasza dla drobiu i ma\u0142ych zwierz\u0105t<\/h3>\n<p>Rozdrabniacze paszy s\u0105 r\u00f3wnie\u017c stosowane w sektorze drobiu i ma\u0142ych zwierz\u0105t. Rozdrabnianie paszy na drobne cz\u0105stki pomaga uzyska\u0107 bardziej strawn\u0105 pasz\u0119 dla tych zwierz\u0105t, poprawiaj\u0105c ich zdrowie i zmniejszaj\u0105c straty paszy.<\/p>\n<h2>Jak wybra\u0107 odpowiedni\u0105 rozdrabniark\u0119 do paszy<\/h2>\n<p>Wybieraj\u0105c rozdrabniacz paszy, nale\u017cy wzi\u0105\u0107 pod uwag\u0119 kilka czynnik\u00f3w, aby upewni\u0107 si\u0119, \u017ce wybierzesz model odpowiedni do swoich potrzeb. Oto kilka kluczowych kwestii:<\/p>\n<h3>1. Pojemno\u015b\u0107 m\u0142ynka<\/h3>\n<p>We\u017a pod uwag\u0119 ilo\u015b\u0107 paszy, kt\u00f3r\u0105 musisz przetworzy\u0107. Wi\u0119ksze gospodarstwa mog\u0105 potrzebowa\u0107 rozdrabniacza o wi\u0119kszej wydajno\u015bci, podczas gdy mniejsze gospodarstwa mog\u0105 zdecydowa\u0107 si\u0119 na model bardziej kompaktowy. Wybierz rozdrabniacz, kt\u00f3ry odpowiada Twoim potrzebom w zakresie przetwarzania paszy.<\/p>\n<h3>2. Moc silnika<\/h3>\n<p>Moc silnika decyduje o wydajno\u015bci rozdrabniania. Upewnij si\u0119, \u017ce silnik jest wystarczaj\u0105co mocny, aby sprosta\u0107 Twoim wymaganiom bez przeci\u0105\u017cania. Wi\u0119ksze silniki lepiej sprawdzaj\u0105 si\u0119 w przetwarzaniu twardszych pasz, takich jak kiszonka.<\/p>\n<h3>3. Konstrukcja ostrza lub m\u0142otka<\/h3>\n<p>R\u00f3\u017cne szlifierki s\u0105 dost\u0119pne z r\u00f3\u017cnymi rodzajami ostrzy lub m\u0142otk\u00f3w. We\u017a pod uwag\u0119 rodzaj materia\u0142u, kt\u00f3ry b\u0119dziesz mieli\u0107 i wybierz model, kt\u00f3ry oferuje odpowiedni mechanizm tn\u0105cy, dostosowany do Twoich potrzeb.<\/p>\n<h3>4. Trwa\u0142o\u015b\u0107 i materia\u0142<\/h3>\n<p>Sprawd\u017a trwa\u0142o\u015b\u0107 m\u0142ynka, w tym materia\u0142y u\u017cyte do jego wykonania. Wysokiej jako\u015bci m\u0142ynek wykonany z trwa\u0142ych materia\u0142\u00f3w b\u0119dzie s\u0142u\u017cy\u0142 d\u0142u\u017cej i odporny na zu\u017cycie i uszkodzenia wynikaj\u0105ce z codziennego u\u017cytkowania.<\/p>\n<h3>5. \u0141atwo\u015b\u0107 konserwacji<\/h3>\n<p>Wybierz rozdrabniacz paszy, kt\u00f3ry jest \u0142atwy w utrzymaniu. Szukaj modeli z \u0142atwo dost\u0119pnymi cz\u0119\u015bciami i przejrzystymi instrukcjami czyszczenia i serwisowania, aby mie\u0107 pewno\u015b\u0107, \u017ce rozdrabniacz pozostanie w doskona\u0142ym stanie przez d\u0142ugi czas.<\/p>\n<h3>6. Cena i gwarancja<\/h3>\n<p>Wybieraj\u0105c rozdrabniacz paszy, we\u017a pod uwag\u0119 sw\u00f3j bud\u017cet. Modele z wy\u017cszej p\u00f3\u0142ki mog\u0105 oferowa\u0107 zaawansowane funkcje, ale wa\u017cne jest, aby zr\u00f3wnowa\u017cy\u0107 swoje potrzeby z bud\u017cetem. Sprawd\u017a r\u00f3wnie\u017c gwarancj\u0119, aby upewni\u0107 si\u0119, \u017ce Twoja inwestycja jest chroniona.<\/p>\n<h2>Konserwacja sieczkarni<\/h2>\n<p>Prawid\u0142owa konserwacja jest niezb\u0119dna, aby zapewni\u0107 p\u0142ynn\u0105 prac\u0119 rozdrabniacza paszy i wyd\u0142u\u017cy\u0107 jego \u017cywotno\u015b\u0107. Oto kilka wskaz\u00f3wek dotycz\u0105cych konserwacji:<\/p>\n<ul>\n<li><strong>Regularne sprz\u0105tanie:<\/strong> Po ka\u017cdym u\u017cyciu wyczy\u015b\u0107 m\u0142ynek, aby usun\u0105\u0107 resztki paszy i zapobiec zatkaniu. Do czyszczenia element\u00f3w wewn\u0119trznych u\u017cyj szczotki lub spr\u0119\u017conego powietrza.<\/li>\n<li><strong>Ostrzenie ostrzy:<\/strong> Regularnie sprawdzaj i ostrz ostrza lub m\u0142otki, aby utrzyma\u0107 optymaln\u0105 wydajno\u015b\u0107 ci\u0119cia. T\u0119pe ostrza mog\u0105 zmniejszy\u0107 wydajno\u015b\u0107 szlifierki i spowodowa\u0107 niepotrzebne zu\u017cycie silnika.<\/li>\n<li><strong>Smarowanie:<\/strong> Smaruj ruchome cz\u0119\u015bci, takie jak \u0142o\u017cyska i przek\u0142adnie, zgodnie z instrukcjami producenta. Prawid\u0142owe smarowanie zmniejsza tarcie i zapobiega przegrzaniu.<\/li>\n<li><strong>Kontrola:<\/strong> Okresowo sprawdzaj szlifierk\u0119 pod k\u0105tem oznak zu\u017cycia lub uszkodze\u0144. Zu\u017cyte lub uszkodzone cz\u0119\u015bci nale\u017cy niezw\u0142ocznie wymieni\u0107, aby unikn\u0105\u0107 dalszych uszkodze\u0144 i zapewni\u0107 bezpieczn\u0105 prac\u0119.<\/li>\n<li><strong>Sprawd\u017a silnik:<\/strong> Upewnij si\u0119, \u017ce silnik dzia\u0142a prawid\u0142owo, monitoruj\u0105c jego temperatur\u0119 i poziom ha\u0142asu. Przegrzanie lub nietypowe d\u017awi\u0119ki mog\u0105 wskazywa\u0107 na konieczno\u015b\u0107 serwisowania silnika.<\/li>\n<\/ul>\n<h2>Opinie klient\u00f3w z r\u00f3\u017cnych kraj\u00f3w<\/h2>\n<h3>Recenzja 1<\/h3>\n<p>Rozdrabniacz odmieni\u0142 nasze gospodarstwo. Jeste\u015bmy w stanie szybko przetworzy\u0107 du\u017ce ilo\u015bci paszy, oszcz\u0119dzaj\u0105c czas i koszty pracy. Rozdrabniacz jest wydajny, a pasza jest wysokiej jako\u015bci. Od czasu rozpocz\u0119cia u\u017cytkowania maszyny zauwa\u017cyli\u015bmy popraw\u0119 og\u00f3lnego stanu zdrowia naszych zwierz\u0105t gospodarskich.<\/p>\n<p><strong>\u2013 Jan Kowalski, USA<\/strong><\/p>\n<h3>Recenzja 2<\/h3>\n<p>Kupili\u015bmy <a href=\"https:\/\/silage-balers.com\/pl\/produkt\/maszyna-do-wyrywania-fasoli-czerwonej-4-grzbiety\/\">Rozdrabniacz paszy<\/a> Do naszego ma\u0142ego gospodarstwa i idealnie spe\u0142nia nasze potrzeby. Maszyna jest kompaktowa i \u0142atwa w obs\u0142udze, dzi\u0119ki czemu idealnie nadaje si\u0119 do naszej ograniczonej przestrzeni. Rozdrabniacz doskonale rozdrabnia pasz\u0119 na mniejsze kawa\u0142ki, kt\u00f3re nasze zwierz\u0119ta lubi\u0105.<\/p>\n<p><strong>\u2013 Maria Gonzalez, Meksyk<\/strong><\/p>\n<h3>Recenzja 3<\/h3>\n<p>Jako hodowca byd\u0142a mlecznego, stawiam na wydajne przetwarzanie paszy, a ta rozdrabniarka spe\u0142ni\u0142a wszystkie moje oczekiwania. Silnik jest mocny i z \u0142atwo\u015bci\u0105 radzi sobie z kiszonk\u0105. Doceniam r\u00f3wnie\u017c niskie wymagania konserwacyjne, kt\u00f3re oszcz\u0119dzaj\u0105 mi czas i pieni\u0105dze.<\/p>\n<p><strong>\u2013 Ahmed Al-Sayed, Egipt<\/strong><\/p>\n<h3>Recenzja 4<\/h3>\n<p>Nasze gospodarstwo korzysta z rozdrabniacza od kilku miesi\u0119cy i znacz\u0105co poprawi\u0142 on jako\u015b\u0107 paszy. Maszyna jest \u0142atwa w obs\u0142udze i znacznie przyspieszy\u0142a przetwarzanie paszy. Gor\u0105co polecam j\u0105 innym rolnikom poszukuj\u0105cym niezawodnego rozdrabniacza.<\/p>\n<p><strong>\u2013 Li Wei, Chiny<\/strong><\/p>\n<h3>Recenzja 5<\/h3>\n<p>Potrzebowali\u015bmy niezawodnej rozdrabniarki paszy, kt\u00f3ra pomog\u0142aby nam w produkcji paszy dla naszej fermy drobiu i ten produkt nas nie zawi\u00f3d\u0142. Jest wydajny, trwa\u0142y i \u0142atwy w utrzymaniu. Nasze ptaki wykaza\u0142y znaczn\u0105 popraw\u0119 zdrowia i tempa wzrostu.<\/p>\n<p><strong>\u2013 Sandra James, Wielka Brytania<\/strong><\/p>\n<h2>Dlaczego warto wybra\u0107 nasz\u0105 rozdrabniark\u0119 do paszy?<\/h2>\n<p>Wybieraj\u0105c nasz\u0105 szlifierk\u0119, wybierasz produkt zaprojektowany z my\u015bl\u0105 o wydajno\u015bci, trwa\u0142o\u015bci i \u0142atwo\u015bci u\u017cytkowania. Nasze szlifierki oferuj\u0105 nast\u0119puj\u0105ce korzy\u015bci:<\/p>\n<ul>\n<li><strong>Szybka personalizacja:<\/strong> Oferujemy szybkie opcje personalizacji dostosowane do konkretnych potrzeb Twojego gospodarstwa.<\/li>\n<li><strong>Doskona\u0142a obs\u0142uga klienta:<\/strong> Nasz zesp\u00f3\u0142 dok\u0142ada wszelkich stara\u0144, aby zapewni\u0107 Pa\u0144stwu najlepsz\u0105 obs\u0142ug\u0119 przed, w trakcie i po dokonaniu zakupu.<\/li>\n<li><strong>3-letnia gwarancja:<\/strong> Dla zapewnienia spokoju ducha oferujemy kompleksow\u0105, trzyletni\u0105 gwarancj\u0119.<\/li>\n<li><strong>Szybka wysy\u0142ka na ca\u0142y \u015bwiat:<\/strong> Wysy\u0142amy nasze m\u0142ynki na ca\u0142y \u015bwiat, dzi\u0119ki czemu masz pewno\u015b\u0107, \u017ce Twoje zam\u00f3wienie dotrze na czas.<\/li>\n<li><strong>Kompleksowe wsparcie posprzeda\u017cowe:<\/strong> Oferujemy pe\u0142en serwis posprzeda\u017cowy, dzi\u0119ki czemu masz pewno\u015b\u0107, \u017ce Twoja szlifierka b\u0119dzie dzia\u0142a\u0107 p\u0142ynnie przez wiele lat.<\/li>\n<\/ul>\n<h2>Promuj produkt i nasz\u0105 firm\u0119<\/h2>\n<p>Jeste\u015bmy dumni z produkcji wysokiej jako\u015bci rozdrabniaczy paszy i innego sprz\u0119tu rolniczego. Nasze produkty s\u0105 projektowane z my\u015bl\u0105 o potrzebach wsp\u00f3\u0142czesnych rolnik\u00f3w, oferuj\u0105c doskona\u0142\u0105 wydajno\u015b\u0107 w bardzo konkurencyjnych cenach. Zawsze stawiamy na jako\u015b\u0107, dbaj\u0105c o to, aby ka\u017cda produkowana przez nas maszyna spe\u0142nia\u0142a mi\u0119dzynarodowe standardy.<\/p>\n<p>Oferujemy r\u00f3wnie\u017c szerok\u0105 gam\u0119 akcesori\u00f3w i produkt\u00f3w pokrewnych, w tym urz\u0105dzenia do przetwarzania pasz i rozdrabniacze pasz. Zale\u017cy nam na doskona\u0142ej obs\u0142udze klienta i wsparciu technicznym, zapewniaj\u0105c Ci zawsze narz\u0119dzia niezb\u0119dne do osi\u0105gni\u0119cia sukcesu. Skontaktuj si\u0119 z nami ju\u017c dzi\u015b, aby dowiedzie\u0107 si\u0119 wi\u0119cej o naszych produktach i us\u0142ugach!<\/p>\n<h2>Cz\u0119sto zadawane pytania<\/h2>\n<h3>1. Jaka rozdrabniarka paszy jest najlepsza dla ma\u0142ych gospodarstw?<\/h3>\n<p>Dla ma\u0142ych gospodarstw najlepszym rozdrabniaczem b\u0119dzie model kompaktowy z silnikiem o mocy wystarczaj\u0105cej do obs\u0142ugi mniejszych ilo\u015bci paszy. Aby uzyska\u0107 optymalne rezultaty, szukaj rozdrabniaczy z regulacj\u0105 wielko\u015bci paszy i wysok\u0105 wydajno\u015bci\u0105.<\/p>\n<h3>2. <a href=\"http:\/\/square-balers.com\" target=\"_blank\" rel=\"noopener\">Jak u\u017cywa\u0107 rozdrabniacza paszy 9F-70 do kiszonki<\/a>?<\/h3>\n<p>Aby u\u017cy\u0107 9F-70 do kiszonki, za\u0142aduj materia\u0142 paszowy do maszyny, ustaw pr\u0119dko\u015b\u0107 mielenia i konfiguracj\u0119 no\u017cy odpowiednio do rodzaju przetwarzanej kiszonki. Rozdrabniacz rozdrobni materia\u0142 na mniejsze kawa\u0142ki, idealne do fermentacji.<\/p>\n<h3>3. Ile kosztuje rozdrabniacz paszy?<\/h3>\n<p>Koszt m\u0142ynka r\u00f3\u017cni si\u0119 w zale\u017cno\u015bci od modelu, funkcji i pojemno\u015bci. Zazwyczaj mniejsze, mniej wydajne modele s\u0105 bardziej przyst\u0119pne cenowo, natomiast wi\u0119ksze, bardziej specjalistyczne m\u0142ynki s\u0105 zazwyczaj dro\u017csze. Skontaktuj si\u0119 z nami, aby uzyska\u0107 szczeg\u00f3\u0142owe informacje o cenach.<\/p>\n<h3>4. Czy mog\u0119 u\u017cywa\u0107 rozdrabniacza paszy zar\u00f3wno do siana, jak i kiszonki?<\/h3>\n<p>Tak, wi\u0119kszo\u015b\u0107 rozdrabniaczy nadaje si\u0119 zar\u00f3wno do siana, jak i kiszonki. Upewnij si\u0119, \u017ce wybierzesz odpowiednie ustawienia ostrzy i moc silnika, aby dostosowa\u0107 je do r\u00f3\u017cnych konsystencji i poziom\u00f3w wilgotno\u015bci siana i kiszonki.<\/p>\n<h3>5. Jak d\u0142ugo wytrzymuje rozdrabniacz paszy?<\/h3>\n<p>Przy odpowiedniej konserwacji, dobrze wykonana szlifierka mo\u017ce s\u0142u\u017cy\u0107 przez wiele lat. Regularne czyszczenie, ostrzenie ostrzy i przegl\u0105dy silnika pomog\u0105 wyd\u0142u\u017cy\u0107 \u017cywotno\u015b\u0107 urz\u0105dzenia.<\/p>\n<p>edytuj przez gzl<\/p>\n<p>&nbsp;<\/p>","protected":false},"excerpt":{"rendered":"<p>Odkryj wydajn\u0105 sieczkarni\u0119 9F-70 do wydajnego przetwarzania plon\u00f3w. Zwi\u0119ksz wydajno\u015b\u0107 dzi\u0119ki naszej najwy\u017cej ocenianej sieczkarni. Kup teraz, aby cieszy\u0107 si\u0119 doskona\u0142\u0105 wydajno\u015bci\u0105!<\/p>","protected":false},"featured_media":444,"template":"","meta":{"_et_pb_use_builder":"","_et_pb_old_content":"","_et_gb_content_width":""},"product_brand":[],"product_cat":[21],"product_tag":[],"class_list":{"0":"post-443","1":"product","2":"type-product","3":"status-publish","4":"has-post-thumbnail","6":"product_cat-other-series-products","8":"first","9":"instock","10":"shipping-taxable","11":"product-type-simple"},"_links":{"self":[{"href":"https:\/\/silage-balers.com\/pl\/wp-json\/wp\/v2\/product\/443","targetHints":{"allow":["GET"]}}],"collection":[{"href":"https:\/\/silage-balers.com\/pl\/wp-json\/wp\/v2\/product"}],"about":[{"href":"https:\/\/silage-balers.com\/pl\/wp-json\/wp\/v2\/types\/product"}],"wp:featuredmedia":[{"embeddable":true,"href":"https:\/\/silage-balers.com\/pl\/wp-json\/wp\/v2\/media\/444"}],"wp:attachment":[{"href":"https:\/\/silage-balers.com\/pl\/wp-json\/wp\/v2\/media?parent=443"}],"wp:term":[{"taxonomy":"product_brand","embeddable":true,"href":"https:\/\/silage-balers.com\/pl\/wp-json\/wp\/v2\/product_brand?post=443"},{"taxonomy":"product_cat","embeddable":true,"href":"https:\/\/silage-balers.com\/pl\/wp-json\/wp\/v2\/product_cat?post=443"},{"taxonomy":"product_tag","embeddable":true,"href":"https:\/\/silage-balers.com\/pl\/wp-json\/wp\/v2\/product_tag?post=443"}],"curies":[{"name":"wp","href":"https:\/\/api.w.org\/{rel}","templated":true}]}}