{"id":455,"date":"2025-12-26T03:23:43","date_gmt":"2025-12-26T03:23:43","guid":{"rendered":"https:\/\/silage-balers.com\/?post_type=product&#038;p=455"},"modified":"2025-12-26T05:59:27","modified_gmt":"2025-12-26T05:59:27","slug":"maszyna-do-zbierania-i-transportu-pras","status":"publish","type":"product","link":"https:\/\/silage-balers.com\/pl\/produkt\/maszyna-do-zbierania-i-transportu-pras\/","title":{"rendered":"Maszyna do zbierania i transportu bel okr\u0105g\u0142ych 9JYY-4.5"},"content":{"rendered":"<p>Maszyna do zbierania i transportu bel okr\u0105g\u0142ych 9JYY-4.5 zosta\u0142a zaprojektowana, aby usprawni\u0107 proces zbierania, przesuwania i transportu bel okr\u0105g\u0142ych siana, s\u0142omy lub innych podobnych materia\u0142\u00f3w. Ta innowacyjna maszyna redukuje nak\u0142ad pracy r\u0119cznej, zwi\u0119ksza wydajno\u015b\u0107 i zapewnia p\u0142ynn\u0105 prac\u0119 w du\u017cych gospodarstwach rolnych.<\/p>\n<h2>Specyfikacja techniczna<\/h2>\n<table style=\"border-color: #000000; height: 475px;\">\n<thead>\n<tr style=\"height: 47px;\">\n<th style=\"height: 47px; width: 65px;\">Numer seryjny<\/th>\n<th style=\"height: 47px; width: 325px;\">Przedmiot<\/th>\n<th style=\"height: 47px; width: 30.3438px;\">Jednostka<\/th>\n<th style=\"height: 47px; width: 227px;\">Specyfikacja<\/th>\n<\/tr>\n<\/thead>\n<tbody>\n<tr style=\"height: 47px;\">\n<td style=\"height: 47px; width: 65px; text-align: center;\">1<\/td>\n<td style=\"height: 47px; width: 325px;\">Nazwa produktu<\/td>\n<td style=\"height: 47px; width: 30.3438px;\">\/<\/td>\n<td style=\"height: 47px; width: 227px;\">Maszyna do zbierania i transportu bel okr\u0105g\u0142ych<\/td>\n<\/tr>\n<tr style=\"height: 23px;\">\n<td style=\"height: 23px; width: 65px; text-align: center;\">2<\/td>\n<td style=\"height: 23px; width: 325px;\">Model produktu<\/td>\n<td style=\"height: 23px; width: 30.3438px;\">\/<\/td>\n<td style=\"height: 23px; width: 227px;\">9JYY-4.5<\/td>\n<\/tr>\n<tr style=\"height: 23px;\">\n<td style=\"height: 23px; width: 65px; text-align: center;\">3<\/td>\n<td style=\"height: 23px; width: 325px;\">Metoda zaczepiania<\/td>\n<td style=\"height: 23px; width: 30.3438px;\">\/<\/td>\n<td style=\"height: 23px; width: 227px;\">Typ trakcji<\/td>\n<\/tr>\n<tr style=\"height: 23px;\">\n<td style=\"height: 23px; width: 65px; text-align: center;\">4<\/td>\n<td style=\"height: 23px; width: 325px;\">Formularz za\u0142adunku i roz\u0142adunku<\/td>\n<td style=\"height: 23px; width: 30.3438px;\">\/<\/td>\n<td style=\"height: 23px; width: 227px;\">Hydrauliczny<\/td>\n<\/tr>\n<tr style=\"height: 23px;\">\n<td style=\"height: 23px; width: 65px; text-align: center;\">5<\/td>\n<td style=\"height: 23px; width: 325px;\">Maksymalne obci\u0105\u017cenie<\/td>\n<td style=\"height: 23px; width: 30.3438px;\">kg<\/td>\n<td style=\"height: 23px; width: 227px;\">4500<\/td>\n<\/tr>\n<tr style=\"height: 23px;\">\n<td style=\"height: 23px; width: 65px; text-align: center;\">6<\/td>\n<td style=\"height: 23px; width: 325px;\">Dopasowany zakres mocy<\/td>\n<td style=\"height: 23px; width: 30.3438px;\">kW<\/td>\n<td style=\"height: 23px; width: 227px;\">\u226550<\/td>\n<\/tr>\n<tr style=\"height: 47px;\">\n<td style=\"height: 47px; width: 65px; text-align: center;\">7<\/td>\n<td style=\"height: 47px; width: 325px;\">Ci\u015bnienie robocze (z dwoma zestawami urz\u0105dze\u0144 nap\u0119dowych hydraulicznych)<\/td>\n<td style=\"height: 47px; width: 30.3438px;\">MPa<\/td>\n<td style=\"height: 47px; width: 227px;\">\u226516<\/td>\n<\/tr>\n<tr style=\"height: 23px;\">\n<td style=\"height: 23px; width: 65px; text-align: center;\">8<\/td>\n<td style=\"height: 23px; width: 325px;\">Pr\u0119dko\u015b\u0107 transportu<\/td>\n<td style=\"height: 23px; width: 30.3438px;\">km\/h<\/td>\n<td style=\"height: 23px; width: 227px;\">\u226440<\/td>\n<\/tr>\n<tr style=\"height: 47px;\">\n<td style=\"height: 47px; width: 65px; text-align: center;\">9<\/td>\n<td style=\"height: 47px; width: 325px;\">Model opony<\/td>\n<td style=\"height: 47px; width: 30.3438px;\">\/<\/td>\n<td style=\"height: 47px; width: 227px;\">400\/60-15.5 (podw\u00f3jne ko\u0142a, cztery opony)<\/td>\n<\/tr>\n<tr style=\"height: 47px;\">\n<td style=\"height: 47px; width: 65px; text-align: center;\">10<\/td>\n<td style=\"height: 47px; width: 325px;\">Wymiary \u0142adowalnej beli<\/td>\n<td style=\"height: 47px; width: 30.3438px;\">mm<\/td>\n<td style=\"height: 47px; width: 227px;\">\u015arednica 1000-1400, D\u0142ugo\u015b\u0107 1000-1500<\/td>\n<\/tr>\n<tr style=\"height: 116px;\">\n<td style=\"height: 79px; width: 65px; text-align: center;\">11<\/td>\n<td style=\"height: 79px; width: 325px;\">Wymiary ca\u0142kowite (d\u0142ugo\u015b\u0107 \u00d7 szeroko\u015b\u0107 \u00d7 wysoko\u015b\u0107)<\/td>\n<td style=\"height: 79px; width: 30.3438px;\">mm<\/td>\n<td style=\"height: 79px; width: 227px;\">\u2013 Praca: 9400\u00d76750\u00d71750<\/p>\n<div class=\"container-Uxvbjy md-box-line-break wrapper-GYqxgQ undefined\"><\/div>\n<p>\u2013 Transport: 9400\u00d72900\u00d73300<\/td>\n<\/tr>\n<tr style=\"height: 23px;\">\n<td style=\"height: 23px; width: 65px; text-align: center;\">12<\/td>\n<td style=\"height: 23px; width: 325px;\">Masa maszyny<\/td>\n<td style=\"height: 23px; width: 30.3438px;\">kg<\/td>\n<td style=\"height: 23px; width: 227px;\">3240<\/td>\n<\/tr>\n<\/tbody>\n<\/table>\n<h2>Definicja produktu<\/h2>\n<p>Maszyna do zbierania i transportu bel okr\u0105g\u0142ych 9JYY-4.5 to solidne urz\u0105dzenie zaprojektowane do \u0142atwego zbierania i transportu bel okr\u0105g\u0142ych. Jej mocna konstrukcja i wysoka wydajno\u015b\u0107 sprawiaj\u0105, \u017ce jest to niezb\u0119dne narz\u0119dzie w gospodarstwach rolnych ka\u017cdej wielko\u015bci. Maszyna u\u0142atwia obs\u0142ug\u0119 du\u017cych bel okr\u0105g\u0142ych i zapewnia ich szybkie i bezpieczne przemieszczanie z jednego miejsca do drugiego.<\/p>\n<h2>Rozwi\u0105zywane problemy i zastosowania<\/h2>\n<p>Ta maszyna rozwi\u0105zuje wiele problem\u00f3w, z jakimi borykaj\u0105 si\u0119 rolnicy i pracownicy rolni podczas transportu okr\u0105g\u0142ych bel siana. Do najwa\u017cniejszych nale\u017c\u0105: praca fizyczna wymagana do przenoszenia bel, czasoch\u0142onna obs\u0142uga r\u0119czna oraz ryzyko obra\u017ce\u0144 podczas transportu. Model 9JYY-4.5 oferuje p\u0142ynne rozwi\u0105zanie dzi\u0119ki zautomatyzowanym procesom zbioru i transportu, poprawiaj\u0105c zar\u00f3wno wydajno\u015b\u0107, jak i bezpiecze\u0144stwo. Nadaje si\u0119 do gospodarstw rolnych ka\u017cdej wielko\u015bci, a szczeg\u00f3lnie dobrze sprawdza si\u0119 w gospodarstwach zajmuj\u0105cych si\u0119 transportem siana, s\u0142omy i innych okr\u0105g\u0142ych bel siana.<\/p>\n<p style=\"text-align: center;\"><img loading=\"lazy\" decoding=\"async\" class=\"alignnone wp-image-457\" src=\"https:\/\/silage-balers.com\/wp-content\/uploads\/2025\/12\/1-1-1-1-300x300.webp\" alt=\"Maszyna do zbierania i transportu\" width=\"333\" height=\"333\" \/><\/p>\n<h2>Zalety produktu<\/h2>\n<h3>1. Wysoka wydajno\u015b\u0107<\/h3>\n<p>Maszyna do zbierania i transportu bel okr\u0105g\u0142ych 9JYY-4.5 oferuje doskona\u0142\u0105 wydajno\u015b\u0107, umo\u017cliwiaj\u0105c rolnikom obr\u00f3bk\u0119 wi\u0119kszej liczby bel w kr\u00f3tszym czasie. Dzi\u0119ki zautomatyzowanemu systemowi maszyna redukuje potrzeb\u0119 pracy r\u0119cznej, uwalniaj\u0105c czas na inne niezb\u0119dne zadania w gospodarstwie.<\/p>\n<h3>2. Konstrukcja o du\u017cej wytrzyma\u0142o\u015bci<\/h3>\n<p>Zaprojektowana do pracy na du\u017c\u0105 skal\u0119, ta maszyna charakteryzuje si\u0119 solidn\u0105 konstrukcj\u0105, kt\u00f3ra gwarantuje, \u017ce poradzi sobie nawet z najbardziej wymagaj\u0105cymi zadaniami. Niezale\u017cnie od tego, czy zarz\u0105dzasz ma\u0142ym gospodarstwem, czy du\u017cym gospodarstwem rolnym, model 9JYY-4.5 zosta\u0142 zaprojektowany tak, aby wytrzyma\u0107 ci\u0105g\u0142\u0105 prac\u0119 w trudnych warunkach.<\/p>\n<h3>3. Wszechstronne zastosowania<\/h3>\n<p>Model 9JYY-4.5 jest niezwykle wszechstronny i mo\u017ce by\u0107 u\u017cywany do r\u00f3\u017cnych zada\u0144, w tym do transportu bel siana i s\u0142omy oraz innych zastosowa\u0144 rolniczych. Jego wszechstronno\u015b\u0107 sprawia, \u017ce \u200b\u200bjest to cenna inwestycja w r\u00f3\u017cnego rodzaju gospodarstwach rolnych.<\/p>\n<h3>4. Poprawa bezpiecze\u0144stwa<\/h3>\n<p>Dzi\u0119ki zautomatyzowanemu systemowi zbierania i transportu bel, model 9JYY-4.5 minimalizuje obci\u0105\u017cenie fizyczne pracownik\u00f3w. Zmniejsza to ryzyko uraz\u00f3w, powszechnie zwi\u0105zanych z r\u0119cznym przenoszeniem bel, i og\u00f3lnie zwi\u0119ksza bezpiecze\u0144stwo w miejscu pracy.<\/p>\n<h3>5. Oszcz\u0119dny<\/h3>\n<p>Inwestycja w model 9JYY-4.5 pomaga obni\u017cy\u0107 koszty pracy i zwi\u0119kszy\u0107 wydajno\u015b\u0107 operacyjn\u0105. Maszyna mo\u017ce szybko si\u0119 zwr\u00f3ci\u0107 dzi\u0119ki oszcz\u0119dno\u015bci czasu i zmniejszeniu liczby pracownik\u00f3w potrzebnych do obs\u0142ugi bel, co czyni j\u0105 doskona\u0142\u0105 d\u0142ugoterminow\u0105 inwestycj\u0105 dla w\u0142a\u015bcicieli gospodarstw rolnych.<\/p>\n<h2>Jak dzia\u0142a maszyna do zbierania i transportu bel okr\u0105g\u0142ych 9JYY-4.5<\/h2>\n<p>Model 9JYY-4.5 wykorzystuje zaawansowany mechanizm zbieraj\u0105cy, kt\u00f3ry umo\u017cliwia bezpieczne chwytanie okr\u0105g\u0142ych bel. Wykorzystuje on uk\u0142ady hydrauliczne do p\u0142ynnego podnoszenia i transportu bel, nawet w trudnym terenie. Maszyna zosta\u0142a zaprojektowana tak, aby zapobiec uszkodzeniu bel podczas zbierania i transportu, zachowuj\u0105c ich nienaruszone w\u0142a\u015bciwo\u015bci do p\u00f3\u017aniejszego wykorzystania lub przechowywania. System jest sterowany za pomoc\u0105 przyjaznego dla u\u017cytkownika interfejsu, co pozwala operatorom na \u0142atwe zarz\u0105dzanie procesem zbierania i transportu.<\/p>\n<h2>G\u0142\u00f3wne scenariusze zastosowa\u0144<\/h2>\n<h3>1. Gospodarstwa wielkoobszarowe<\/h3>\n<p>Model 9JYY-4.5 idealnie nadaje si\u0119 do du\u017cych gospodarstw rolnych, kt\u00f3re musz\u0105 szybko przemieszcza\u0107 du\u017c\u0105 liczb\u0119 bel. Wytrzyma\u0142a konstrukcja pozwala mu sprosta\u0107 wymaganiom du\u017cych gospodarstw rolnych.<\/p>\n<h3>2. Ma\u0142e gospodarstwa<\/h3>\n<p>Nawet ma\u0142e gospodarstwa rolne korzystaj\u0105 z tej maszyny, poniewa\u017c redukuje ona nak\u0142ad pracy r\u0119cznej i przyspiesza oraz usprawnia proces transportu bel. Jest ona szczeg\u00f3lnie przydatna dla os\u00f3b regularnie zajmuj\u0105cych si\u0119 transportem bel siana lub s\u0142omy.<\/p>\n<h3>3. Operacje belowania siana<\/h3>\n<p>Rolnicy skupiaj\u0105cy si\u0119 na produkcji siana uznaj\u0105 maszyn\u0119 9JYY-4.5 za niezast\u0105pion\u0105 do sprawnego przemieszczania bel z pola do magazyn\u00f3w lub ci\u0119\u017car\u00f3wek transportowych.<\/p>\n<h3>4. Gospodarstwa hodowlane<\/h3>\n<p>Gospodarstwa hodowlane mog\u0105 u\u017cywa\u0107 maszyny 9JYY-4.5 do prze\u0142adowywania du\u017cych ilo\u015bci siana i s\u0142omy na pasz\u0119 dla zwierz\u0105t, co przyspiesza proces i zmniejsza koszty pracy.<\/p>\n<h3>5. Zak\u0142ady produkcji pasz<\/h3>\n<p>Maszyna ta sprawdza si\u0119 r\u00f3wnie\u017c w zak\u0142adach produkuj\u0105cych pasze, gdzie bele siana musz\u0105 by\u0107 szybko i sprawnie transportowane z magazynu do miejsc przetw\u00f3rstwa.<\/p>\n<h3>6. Du\u017ce przedsi\u0119biorstwa rolne<\/h3>\n<p>Dla przedsi\u0119biorstw zajmuj\u0105cych si\u0119 r\u00f3\u017cnorodnymi materia\u0142ami rolniczymi model 9JYY-4.5 stanowi niezawodne i wydajne rozwi\u0105zanie do transportu bel, pomagaj\u0105c usprawni\u0107 operacje w wielu lokalizacjach.<\/p>\n<h2>Jak wybra\u0107 odpowiedni\u0105 maszyn\u0119 do zbierania i transportu bel okr\u0105g\u0142ych 9JYY-4.5<\/h2>\n<h3>1. Oce\u0144 rozmiar beli<\/h3>\n<p>Wybieraj\u0105c model 9JYY-4.5, upewnij si\u0119, \u017ce jest on kompatybilny z rozmiarem Twoich okr\u0105g\u0142ych bel. Dost\u0119pne s\u0105 r\u00f3\u017cne modele dla r\u00f3\u017cnych rozmiar\u00f3w bel, aby zapewni\u0107 optymaln\u0105 wydajno\u015b\u0107.<\/p>\n<h3>2. We\u017a pod uwag\u0119 warunki terenowe<\/h3>\n<p>Model 9JYY-4.5 zosta\u0142 zaprojektowany do pracy w zr\u00f3\u017cnicowanym terenie. We\u017a pod uwag\u0119 warunki panuj\u0105ce w Twoim gospodarstwie, aby upewni\u0107 si\u0119, \u017ce maszyna poradzi sobie z nier\u00f3wnym lub nier\u00f3wnym terenem.<\/p>\n<h3>3. Oce\u0144 no\u015bno\u015b\u0107<\/h3>\n<p>\u0141adowno\u015b\u0107 modelu 9JYY-4.5 powinna by\u0107 dostosowana do obj\u0119to\u015bci bel, kt\u00f3re chcesz przetransportowa\u0107. Wybierz model o odpowiedniej \u0142adowno\u015bci, aby sprosta\u0107 swoim potrzebom.<\/p>\n<h3>4. We\u017a pod uwag\u0119 cz\u0119stotliwo\u015b\u0107 u\u017cytkowania<\/h3>\n<p>W przypadku cz\u0119stego u\u017cytkowania upewnij si\u0119, \u017ce wybrany model jest wytrzyma\u0142y i zapewnia d\u0142ugotrwa\u0142\u0105 wydajno\u015b\u0107. Model 9JYY-4.5 zosta\u0142 zaprojektowany zar\u00f3wno do cz\u0119stego, jak i okazjonalnego u\u017cytkowania.<\/p>\n<h3>5. Zwr\u00f3\u0107 uwag\u0119 na \u0142atwo\u015b\u0107 obs\u0142ugi<\/h3>\n<p>Wybierz model z intuicyjnym interfejsem u\u017cytkownika. Model 9JYY-4.5 zosta\u0142 zaprojektowany z my\u015bl\u0105 o \u0142atwo\u015bci obs\u0142ugi, dzi\u0119ki czemu nadaje si\u0119 zar\u00f3wno dla do\u015bwiadczonych, jak i pocz\u0105tkuj\u0105cych operator\u00f3w.<\/p>\n<h3>6. Gwarancja i wsparcie posprzeda\u017cowe<\/h3>\n<p>Upewnij si\u0119, \u017ce maszyna jest obj\u0119ta solidn\u0105 gwarancj\u0105 i niezawodnym wsparciem posprzeda\u017cowym. Model 9JYY-4.5 oferuje trzyletni\u0105 gwarancj\u0119, aby zapewni\u0107 Ci spok\u00f3j ducha w zwi\u0105zku z inwestycj\u0105.<\/p>\n<h2>Metody konserwacji maszyny do zbierania i transportu bel okr\u0105g\u0142ych 9JYY-4.5<\/h2>\n<p>Regularna konserwacja jest kluczowa dla zapewnienia p\u0142ynnej pracy koparki 9JYY-4.5. Obejmuje ona sprawdzanie poziomu oleju hydraulicznego, kontrol\u0119 zu\u017cycia mechanizmu podbieraj\u0105cego oraz regularne smarowanie wszystkich ruchomych cz\u0119\u015bci. Ponadto, zawsze czy\u015b\u0107 maszyn\u0119 po ka\u017cdym u\u017cyciu, aby zapobiec gromadzeniu si\u0119 zanieczyszcze\u0144, kt\u00f3re mog\u0142yby wp\u0142yn\u0105\u0107 na wydajno\u015b\u0107. Regularna, profesjonalna konserwacja pomaga wyd\u0142u\u017cy\u0107 \u017cywotno\u015b\u0107 maszyny i zapewnia jej niezawodno\u015b\u0107 podczas u\u017cytkowania.<\/p>\n<h2>Opinie klient\u00f3w<\/h2>\n<p>Oto kilka opinii klient\u00f3w z ca\u0142ego \u015bwiata:<\/p>\n<p>\u201eU\u017cywamy 9JYY-4.5 od kilku miesi\u0119cy i zrewolucjonizowa\u0142a ona nasze gospodarstwo. Wcze\u015bniej przenoszenie bel zajmowa\u0142o nam godziny, ale teraz mo\u017cemy to zrobi\u0107 w u\u0142amku czasu. Maszyna jest wytrzyma\u0142a i doskonale sprawdza si\u0119 nawet w trudnym terenie\u201d.<\/p>\n<p>\u2013 Mark, USA<\/p>\n<p>\u201eTa maszyna to prawdziwy prze\u0142om w naszej produkcji siana. Jest niezwykle wydajna i pozwala zaoszcz\u0119dzi\u0107 sporo koszt\u00f3w pracy. Jest te\u017c \u0142atwa w obs\u0142udze, nawet dla os\u00f3b bez du\u017cego do\u015bwiadczenia w obs\u0142udze maszyn\u201d.<\/p>\n<p>\u2013 Emma, \u200b\u200bWielka Brytania<\/p>\n<p>\u201eModel 9JYY-4.5 sprawdzi\u0142 si\u0119 znakomicie w naszym gospodarstwie na du\u017c\u0105 skal\u0119. Teraz mo\u017cemy transportowa\u0107 wi\u0119cej bel w kr\u00f3tszym czasie, co jest kluczowe w sezonie wzmo\u017conej pracy. Jako\u015b\u0107 wykonania jest doskona\u0142a, a maszyna jest bardzo niezawodna\u201d.<\/p>\n<p>\u2013 Tom, Australia<\/p>\n<p>\u201eNiedawno zakupili\u015bmy pras\u0119 9JYY-4.5 do naszej hodowli. Znacznie skr\u00f3ci\u0142a czas potrzebny na obs\u0142ug\u0119 bel. Maszyna jest mocna i wydajna, a my zauwa\u017cyli\u015bmy znaczn\u0105 popraw\u0119 wydajno\u015bci\u201d.<\/p>\n<p>\u2013 Anika, Niemcy<\/p>\n<p>\u201e9JYY-4.5 to doskona\u0142a inwestycja. Jest wytrzyma\u0142a i z \u0142atwo\u015bci\u0105 radzi sobie ze wszystkimi naszymi du\u017cymi, okr\u0105g\u0142ymi belami. Ponadto wsparcie ze strony firmy by\u0142o \u015bwietne, a maszyna jest trwa\u0142a\u201d.<\/p>\n<p>\u2013 Carlos, Brazylia<\/p>\n<h2>Dlaczego warto wybra\u0107 nasz produkt?<\/h2>\n<p>Wyb\u00f3r prasy do bel okr\u0105g\u0142ych 9JYY-4.5 <a href=\"https:\/\/silage-balers.com\/pl\/produkt\/maszyna-do-zbierania-i-transportu-bel-okraglych\/\">Maszyna do zbierania i transportu<\/a> Oznacza to inwestowanie w jako\u015b\u0107, wydajno\u015b\u0107 i niezawodno\u015b\u0107. Oferujemy szybk\u0105 personalizacj\u0119, dostosowan\u0105 do Twoich indywidualnych potrzeb i zapewniamy kompleksowe wsparcie posprzeda\u017cowe. Trzyletnia gwarancja zapewnia spok\u00f3j ducha i gwarantuje niezawodn\u0105 obs\u0142ug\u0119. Co wi\u0119cej, nasze rozbudowane mo\u017cliwo\u015bci wysy\u0142ki na ca\u0142y \u015bwiat gwarantuj\u0105 szybk\u0105 dostaw\u0119 urz\u0105dzenia, niezale\u017cnie od tego, gdzie si\u0119 znajdujesz.<\/p>\n<h2>Nasze mocne strony i dodatkowe produkty<\/h2>\n<p>Nasza firma szczyci si\u0119 du\u017cym potencja\u0142em produkcyjnym i zaanga\u017cowaniem w produkcj\u0119 wysokiej jako\u015bci maszyn rolniczych. Opr\u00f3cz modelu 9JYY-4.5, oferujemy szereg powi\u0105zanych produkt\u00f3w i akcesori\u00f3w, kt\u00f3re pomog\u0105 Ci usprawni\u0107 dzia\u0142alno\u015b\u0107 Twojego gospodarstwa. Od sprz\u0119tu do transportu bel po systemy transportowe, nasze rozwi\u0105zania zapewniaj\u0105 wydajno\u015b\u0107 i produktywno\u015b\u0107 Twojego gospodarstwa. Skontaktuj si\u0119 z nami ju\u017c dzi\u015b, aby pozna\u0107 pe\u0142n\u0105 ofert\u0119 naszych produkt\u00f3w i us\u0142ug!<\/p>\n<h2>Cz\u0119sto zadawane pytania<\/h2>\n<p><strong>Jaka jest wydajno\u015b\u0107 maszyny do zbierania i transportu bel okr\u0105g\u0142ych 9JYY-4.5?<\/strong><\/p>\n<p>Pojemno\u015b\u0107 9JYY-4.5 <a href=\"http:\/\/square-balers.com\" target=\"_blank\" rel=\"noopener\">Maszyna do zbierania i transportu bel okr\u0105g\u0142ych<\/a> Obs\u0142uguje r\u00f3\u017cne rozmiary bel. W zale\u017cno\u015bci od potrzeb, mo\u017ce efektywnie transportowa\u0107 du\u017ce ilo\u015bci bel w jednej operacji.<\/p>\n<p><strong>Czy maszyna mo\u017ce pracowa\u0107 w trudnym terenie?<\/strong><\/p>\n<p>Tak, maszyna do zbierania i transportu bel okr\u0105g\u0142ych 9JYY-4.5 zosta\u0142a zaprojektowana tak, aby radzi\u0107 sobie z nier\u00f3wnym i trudnym terenem, gwarantuj\u0105c niezawodn\u0105 prac\u0119 nawet w trudnych warunkach.<\/p>\n<p><strong>Czy maszyna do zbierania i transportu bel okr\u0105g\u0142ych 9JYY-4.5 jest \u0142atwa w obs\u0142udze?<\/strong><\/p>\n<p>Tak, maszyna posiada intuicyjny interfejs u\u017cytkownika, dzi\u0119ki czemu mo\u017ce by\u0107 z \u0142atwo\u015bci\u0105 obs\u0142ugiwana zar\u00f3wno przez do\u015bwiadczonych operator\u00f3w, jak i nowicjuszy, po minimalnym przeszkoleniu.<\/p>\n<p><strong>Jakich czynno\u015bci konserwacyjnych wymaga maszyna do zbierania i transportu bel okr\u0105g\u0142ych 9JYY-4.5?<\/strong><\/p>\n<p>Regularna konserwacja obejmuje sprawdzanie uk\u0142adu hydraulicznego, smarowanie cz\u0119\u015bci ruchomych i czyszczenie maszyny po ka\u017cdym u\u017cyciu. Aby zapewni\u0107 optymaln\u0105 wydajno\u015b\u0107, zaleca si\u0119 regularne serwisowanie przez specjalist\u0119.<\/p>\n<p><strong>Jaki rodzaj gwarancji obejmuje maszyn\u0119 do zbierania i transportu bel okr\u0105g\u0142ych 9JYY-4.5?<\/strong><\/p>\n<p>Maszyna do zbierania i transportu bel okr\u0105g\u0142ych 9JYY-4.5 obj\u0119ta jest trzyletni\u0105 gwarancj\u0105, dzi\u0119ki czemu wszelkie problemy lub usterki zostan\u0105 naprawione w tym okresie.<\/p>\n<p><strong>Czy maszyn\u0119 do zbierania i transportu bel okr\u0105g\u0142ych 9JYY-4.5 mo\u017cna dostosowa\u0107 do indywidualnych potrzeb?<\/strong><\/p>\n<p>Tak, oferujemy szybk\u0105 us\u0142ug\u0119 dostosowywania maszyny do zbierania i transportu bel okr\u0105g\u0142ych 9JYY-4.5 do Twoich konkretnych potrzeb i wymaga\u0144, dzi\u0119ki czemu masz pewno\u015b\u0107, \u017ce maszyna b\u0119dzie dzia\u0142a\u0107 optymalnie dla Twoich operacji.<\/p>\n<p><strong>Czy maszyna nadaje si\u0119 do ma\u0142ych gospodarstw?<\/strong><\/p>\n<p>Tak, maszyna do zbierania i transportu bel okr\u0105g\u0142ych 9JYY-4.5 jest wszechstronna i sprawdza si\u0119 zar\u00f3wno w ma\u0142ych, jak i du\u017cych gospodarstwach. Jej wydajna konstrukcja pozwala oszcz\u0119dza\u0107 czas i prac\u0119 w gospodarstwach ka\u017cdej wielko\u015bci.<\/p>\n<p><strong>Jakiego rodzaju bele obs\u0142uguje maszyna 9JYY-4.5?<\/strong><\/p>\n<p>Maszyna do podnoszenia i transportu bel okr\u0105g\u0142ych 9JYY-4.5 jest przeznaczona do przenoszenia bel okr\u0105g\u0142ych, niezale\u017cnie od tego, czy jest to siano, s\u0142oma czy inny podobny materia\u0142.<\/p>\n<p><strong>Czy maszyna do zbierania i transportu bel okr\u0105g\u0142ych 9JYY-4.5 wymaga specjalnego przeszkolenia do obs\u0142ugi?<\/strong><\/p>\n<p>Chocia\u017c nie jest wymagane \u017cadne specjalne szkolenie, podstawowa znajomo\u015b\u0107 maszyn rolniczych pomo\u017ce operatorom szybciej opanowa\u0107 obs\u0142ug\u0119 maszyny do zbierania i transportu bel okr\u0105g\u0142ych 9JYY-4.5.<\/p>\n<p><strong>Jakiego rodzaju wsparcie posprzeda\u017cowe jest \u015bwiadczone?<\/strong><\/p>\n<p>Oferujemy kompleksowe wsparcie posprzeda\u017cowe, obejmuj\u0105ce pomoc w rozwi\u0105zywaniu problem\u00f3w, cz\u0119\u015bci zamienne i regularne porady dotycz\u0105ce konserwacji, aby zapewni\u0107 d\u0142ug\u0105 \u017cywotno\u015b\u0107 maszyny.<\/p>\n<p><strong>Czy transport maszyny do zbierania i transportu bel okr\u0105g\u0142ych 9JYY-4.5 jest \u0142atwy?<\/strong><\/p>\n<p>Tak, maszyna do zbierania i transportu bel okr\u0105g\u0142ych 9JYY-4.5 zosta\u0142a zaprojektowana z my\u015bl\u0105 o \u0142atwym transporcie. Posiada trwa\u0142e podzespo\u0142y i kompaktow\u0105 konstrukcj\u0119, co pozwala na wygodne przemieszczanie si\u0119 mi\u0119dzy lokalizacjami.<\/p>\n<p><strong>Ile czasu zajmuje dostawa maszyny do zbierania i transportu bel okr\u0105g\u0142ych 9JYY-4.5?<\/strong><\/p>\n<p>Czas dostawy mo\u017ce si\u0119 r\u00f3\u017cni\u0107 w zale\u017cno\u015bci od Twojej lokalizacji, jednak oferujemy wysy\u0142k\u0119 globaln\u0105 i staramy si\u0119 dostarcza\u0107 przesy\u0142ki szybko, aby nie dopu\u015bci\u0107 do op\u00f3\u017anie\u0144 w Twojej dzia\u0142alno\u015bci.<\/p>\n<p><strong>Czy maszyna mo\u017ce by\u0107 u\u017cywana do transportu bel na du\u017ce odleg\u0142o\u015bci?<\/strong><\/p>\n<p>Tak, maszyna do zbierania i transportu bel okr\u0105g\u0142ych 9JYY-4.5 mo\u017ce by\u0107 u\u017cywana zar\u00f3wno do transportu kr\u00f3tko-, jak i d\u0142ugodystansowego, co czyni j\u0105 wszechstronnym rozwi\u0105zaniem spe\u0142niaj\u0105cym r\u00f3\u017cne potrzeby zwi\u0105zane z przemieszczaniem bel.<\/p>\n<p><strong>Jaki rodzaj gwarancji obejmuje maszyn\u0119 do zbierania i transportu bel okr\u0105g\u0142ych 9JYY-4.5?<\/strong><\/p>\n<p>Maszyna do zbierania i transportu bel okr\u0105g\u0142ych 9JYY-4.5 obj\u0119ta jest 3-letni\u0105 gwarancj\u0105 obejmuj\u0105c\u0105 wady i problemy eksploatacyjne, zapewniaj\u0105c Ci spok\u00f3j ducha.<\/p>\n<p>edytuj przez gzl<\/p>\n<p>&nbsp;<\/p>","protected":false},"excerpt":{"rendered":"<p>Odkryj maszyn\u0119 do zbierania i transportu bel okr\u0105g\u0142ych 9JYY-4.5 \u2013 wydajn\u0105, niezawodn\u0105 i \u0142atw\u0105 w obs\u0142udze. Usprawnij swoje prace rolnicze ju\u017c dzi\u015b. Dowiedz si\u0119 wi\u0119cej!<\/p>","protected":false},"featured_media":457,"template":"","meta":{"_et_pb_use_builder":"","_et_pb_old_content":"","_et_gb_content_width":""},"product_brand":[],"product_cat":[21],"product_tag":[],"class_list":{"0":"post-455","1":"product","2":"type-product","3":"status-publish","4":"has-post-thumbnail","6":"product_cat-other-series-products","8":"first","9":"instock","10":"shipping-taxable","11":"product-type-simple"},"_links":{"self":[{"href":"https:\/\/silage-balers.com\/pl\/wp-json\/wp\/v2\/product\/455","targetHints":{"allow":["GET"]}}],"collection":[{"href":"https:\/\/silage-balers.com\/pl\/wp-json\/wp\/v2\/product"}],"about":[{"href":"https:\/\/silage-balers.com\/pl\/wp-json\/wp\/v2\/types\/product"}],"wp:featuredmedia":[{"embeddable":true,"href":"https:\/\/silage-balers.com\/pl\/wp-json\/wp\/v2\/media\/457"}],"wp:attachment":[{"href":"https:\/\/silage-balers.com\/pl\/wp-json\/wp\/v2\/media?parent=455"}],"wp:term":[{"taxonomy":"product_brand","embeddable":true,"href":"https:\/\/silage-balers.com\/pl\/wp-json\/wp\/v2\/product_brand?post=455"},{"taxonomy":"product_cat","embeddable":true,"href":"https:\/\/silage-balers.com\/pl\/wp-json\/wp\/v2\/product_cat?post=455"},{"taxonomy":"product_tag","embeddable":true,"href":"https:\/\/silage-balers.com\/pl\/wp-json\/wp\/v2\/product_tag?post=455"}],"curies":[{"name":"wp","href":"https:\/\/api.w.org\/{rel}","templated":true}]}}