{"id":493,"date":"2025-12-29T06:10:15","date_gmt":"2025-12-29T06:10:15","guid":{"rendered":"https:\/\/silage-balers.com\/?post_type=product&#038;p=493"},"modified":"2025-12-29T06:21:28","modified_gmt":"2025-12-29T06:21:28","slug":"9lzy-9-0-grabie-kolkowe-z-palcami","status":"publish","type":"product","link":"https:\/\/silage-balers.com\/pl\/produkt\/9lzy-9-0-grabie-kolkowe-z-palcami\/","title":{"rendered":"9LZY-9.0 Zgrabiarki palcowe"},"content":{"rendered":"<p>Zgrabiarka ko\u0142owa 9LZY-9.0 to wysoce wydajne narz\u0119dzie rolnicze przeznaczone do zgrabiania siana i innych upraw. Zosta\u0142a zaprojektowana do wykonywania r\u00f3\u017cnorodnych zada\u0144 w rolnictwie, zapewniaj\u0105c optymaln\u0105 wydajno\u015b\u0107. W tym artykule szczeg\u00f3\u0142owo om\u00f3wimy jej zastosowanie, zalety, zasad\u0119 dzia\u0142ania i wiele wi\u0119cej.<\/p>\n<h2>Specyfikacja techniczna<\/h2>\n<table style=\"border-color: #000000; height: 463px;\">\n<thead>\n<tr style=\"height: 47px;\">\n<th style=\"text-align: center; width: 74px; height: 47px;\">Numer seryjny<\/th>\n<th style=\"text-align: center; width: 324px; height: 47px;\">Przedmiot<\/th>\n<th style=\"text-align: center; width: 46px; height: 47px;\">Jednostka<\/th>\n<th style=\"text-align: center; width: 203px; height: 47px;\">Specyfikacja<\/th>\n<\/tr>\n<\/thead>\n<tbody>\n<tr style=\"height: 47px;\">\n<td style=\"text-align: center; width: 74px; height: 47px;\">1<\/td>\n<td style=\"width: 324px; text-align: center; height: 47px;\">Nazwa modelu<\/td>\n<td style=\"width: 46px; height: 47px;\">\/<\/td>\n<td style=\"width: 203px; text-align: center; height: 47px;\">9LZY-9.0 Maszyna grabi\u0105ca z ko\u0142em palcowym<\/td>\n<\/tr>\n<tr style=\"height: 23px;\">\n<td style=\"text-align: center; width: 74px; height: 23px;\">2<\/td>\n<td style=\"width: 324px; text-align: center; height: 23px;\">Forma strukturalna<\/td>\n<td style=\"width: 46px; height: 23px;\">\/<\/td>\n<td style=\"width: 203px; text-align: center; height: 23px;\">Typ ko\u0142a palcowego<\/td>\n<\/tr>\n<tr style=\"height: 23px;\">\n<td style=\"text-align: center; width: 74px; height: 23px;\">3<\/td>\n<td style=\"width: 324px; text-align: center; height: 23px;\">Metoda zaczepiania<\/td>\n<td style=\"width: 46px; height: 23px;\">\/<\/td>\n<td style=\"width: 203px; text-align: center; height: 23px;\">Typ trakcji<\/td>\n<\/tr>\n<tr style=\"height: 23px;\">\n<td style=\"text-align: center; width: 74px; height: 23px;\">4<\/td>\n<td style=\"width: 324px; text-align: center; height: 23px;\">Model specyfikacji<\/td>\n<td style=\"width: 46px; height: 23px;\">\/<\/td>\n<td style=\"width: 203px; text-align: center; height: 23px;\">9LZY-9.0<\/td>\n<\/tr>\n<tr style=\"height: 23px;\">\n<td style=\"text-align: center; width: 74px; height: 23px;\">5<\/td>\n<td style=\"width: 324px; text-align: center; height: 23px;\">Dopasowana moc<\/td>\n<td style=\"width: 46px; height: 23px;\">kW<\/td>\n<td style=\"width: 203px; text-align: center; height: 23px;\">50-55<\/td>\n<\/tr>\n<tr style=\"height: 47px;\">\n<td style=\"text-align: center; width: 74px; height: 47px;\">6<\/td>\n<td style=\"width: 324px; text-align: center; height: 47px;\">Wymiary ca\u0142kowite w stanie roboczym (d\u0142ugo\u015b\u0107 \u00d7 szeroko\u015b\u0107 \u00d7 wysoko\u015b\u0107)<\/td>\n<td style=\"width: 46px; height: 47px;\">M<\/td>\n<td style=\"width: 203px; text-align: center; height: 47px;\">8,4\u00d711\u00d71,75<\/td>\n<\/tr>\n<tr style=\"height: 23px;\">\n<td style=\"text-align: center; width: 74px; height: 23px;\">7<\/td>\n<td style=\"width: 324px; text-align: center; height: 23px;\">Waga maszyny<\/td>\n<td style=\"width: 46px; height: 23px;\">kg<\/td>\n<td style=\"width: 203px; text-align: center; height: 23px;\">1100<\/td>\n<\/tr>\n<tr style=\"height: 23px;\">\n<td style=\"text-align: center; width: 74px; height: 23px;\">8<\/td>\n<td style=\"width: 324px; text-align: center; height: 23px;\">Szeroko\u015b\u0107 robocza<\/td>\n<td style=\"width: 46px; height: 23px;\">M<\/td>\n<td style=\"width: 203px; text-align: center; height: 23px;\">9<\/td>\n<\/tr>\n<tr style=\"height: 23px;\">\n<td style=\"text-align: center; width: 74px; height: 23px;\">9<\/td>\n<td style=\"width: 324px; text-align: center; height: 23px;\">Pr\u0119dko\u015b\u0107 robocza<\/td>\n<td style=\"width: 46px; height: 23px;\">km\/h<\/td>\n<td style=\"width: 203px; text-align: center; height: 23px;\">8~10<\/td>\n<\/tr>\n<tr style=\"height: 23px;\">\n<td style=\"text-align: center; width: 74px; height: 23px;\">10<\/td>\n<td style=\"width: 324px; text-align: center; height: 23px;\">Pr\u0119dko\u015b\u0107 transportu<\/td>\n<td style=\"width: 46px; height: 23px;\">km\/h<\/td>\n<td style=\"width: 203px; text-align: center; height: 23px;\">12<\/td>\n<\/tr>\n<tr style=\"height: 23px;\">\n<td style=\"text-align: center; width: 74px; height: 23px;\">11<\/td>\n<td style=\"width: 324px; text-align: center; height: 23px;\">Liczba dysk\u00f3w palcowych<\/td>\n<td style=\"width: 46px; height: 23px;\">szt.<\/td>\n<td style=\"width: 203px; text-align: center; height: 23px;\">15<\/td>\n<\/tr>\n<tr style=\"height: 23px;\">\n<td style=\"text-align: center; width: 74px; height: 23px;\">12<\/td>\n<td style=\"width: 324px; text-align: center; height: 23px;\">Liczba z\u0119b\u00f3w spr\u0119\u017cyny<\/td>\n<td style=\"width: 46px; height: 23px;\">szt.<\/td>\n<td style=\"width: 203px; text-align: center; height: 23px;\">900 (15 dysk\u00f3w \u00d7 60 z\u0119b\u00f3w\/dysk)<\/td>\n<\/tr>\n<tr style=\"height: 23px;\">\n<td style=\"text-align: center; width: 74px; height: 23px;\">13<\/td>\n<td style=\"width: 324px; text-align: center; height: 23px;\">Liczba operator\u00f3w<\/td>\n<td style=\"width: 46px; height: 23px;\">osoba<\/td>\n<td style=\"width: 203px; text-align: center; height: 23px;\">1<\/td>\n<\/tr>\n<tr style=\"height: 23px;\">\n<td style=\"text-align: center; width: 74px; height: 23px;\">14<\/td>\n<td style=\"width: 324px; text-align: center; height: 23px;\">Szeroko\u015b\u0107 pryzmy<\/td>\n<td style=\"width: 46px; height: 23px;\">M<\/td>\n<td style=\"width: 203px; text-align: center; height: 23px;\">0.8-1.2<\/td>\n<\/tr>\n<tr style=\"height: 23px;\">\n<td style=\"text-align: center; width: 74px; height: 23px;\">15<\/td>\n<td style=\"width: 324px; text-align: center; height: 23px;\">Miss Raking Rate<\/td>\n<td style=\"width: 46px; height: 23px;\">\/<\/td>\n<td style=\"width: 203px; text-align: center; height: 23px;\">\u22642%<\/td>\n<\/tr>\n<tr style=\"height: 23px;\">\n<td style=\"text-align: center; width: 74px; height: 23px;\">16<\/td>\n<td style=\"width: 324px; text-align: center; height: 23px;\">Wydajno\u015b\u0107<\/td>\n<td style=\"width: 46px; height: 23px;\">hm\u00b2\/h<\/td>\n<td style=\"width: 203px; text-align: center; height: 23px;\">7.2-9<\/td>\n<\/tr>\n<\/tbody>\n<\/table>\n<h2>Definicja produktu<\/h2>\n<p>Zgrabiarka ko\u0142owa 9LZY-9.0 to sprz\u0119t rolniczy przeznaczony g\u0142\u00f3wnie do zgrabiania siana i innych materia\u0142\u00f3w uprawnych w r\u00f3wne pokosy. Wyposa\u017cona jest w zestaw obrotowych k\u00f3\u0142 palczastych, kt\u00f3re zgarniaj\u0105 plony z pola, usprawniaj\u0105c proces zbioru. To wszechstronne narz\u0119dzie idealnie nadaje si\u0119 do ma\u0142ych i \u015brednich gospodarstw.<\/p>\n<h2>Problemy, kt\u00f3re rozwi\u0105zuje i wykorzystuje<\/h2>\n<p>Zgrabiarka ko\u0142owa 9LZY-9.0 rozwi\u0105zuje typowe problemy wyst\u0119puj\u0105ce podczas zbioru siana i ro\u015blin uprawnych. Zapewnia r\u00f3wnomierne zgrabienie i r\u00f3wnomierne roz\u0142o\u017cenie siana, zmniejszaj\u0105c w ten spos\u00f3b uszkodzenia i straty plon\u00f3w. Znacznie skraca r\u00f3wnie\u017c czas pracy r\u0119cznej. Zgrabiarka mo\u017ce by\u0107 u\u017cywana do r\u00f3\u017cnych zastosowa\u0144, w tym:<\/p>\n<ul>\n<li>Zgrabienie siana w celu szybszego suszenia.<\/li>\n<li>Zbieranie s\u0142omy po m\u0142\u00f3ceniu.<\/li>\n<li>Przygotowanie resztek po\u017cniwnych w celu lepszego przygotowania gleby.<\/li>\n<li>Grabienie trawy i innych lekkich upraw do zbioru.<\/li>\n<li>Zbieranie li\u015bci i resztek w gospodarstwach rolnych na ma\u0142\u0105 skal\u0119.<\/li>\n<\/ul>\n<p style=\"text-align: center;\"><img loading=\"lazy\" decoding=\"async\" class=\"alignnone wp-image-498\" src=\"https:\/\/silage-balers.com\/wp-content\/uploads\/2025\/12\/ep-9LZY-9.0-Finger-Wheel-Rake-3-1.webp\" alt=\"Zgrabiarki palcowe\" width=\"427\" height=\"427\" srcset=\"https:\/\/silage-balers.com\/wp-content\/uploads\/2025\/12\/ep-9LZY-9.0-Finger-Wheel-Rake-3-1.webp 278w, https:\/\/silage-balers.com\/wp-content\/uploads\/2025\/12\/ep-9LZY-9.0-Finger-Wheel-Rake-3-1-150x150.webp 150w, https:\/\/silage-balers.com\/wp-content\/uploads\/2025\/12\/ep-9LZY-9.0-Finger-Wheel-Rake-3-1-12x12.webp 12w, https:\/\/silage-balers.com\/wp-content\/uploads\/2025\/12\/ep-9LZY-9.0-Finger-Wheel-Rake-3-1-100x100.webp 100w\" sizes=\"(max-width: 427px) 100vw, 427px\" \/><\/p>\n<h2>Zalety produktu<\/h2>\n<h3>1. Zwi\u0119kszona wydajno\u015b\u0107<\/h3>\n<p>Zgrabiarka ko\u0142owa 9LZY-9.0 dzia\u0142a wydajnie, znacznie zwi\u0119kszaj\u0105c wydajno\u015b\u0107. Zapewnia r\u00f3wnomierne zgrabianie siana i innych upraw, dzi\u0119ki czemu ca\u0142y proces zbioru przebiega sprawniej i szybciej.<\/p>\n<h3>2. Niskie koszty utrzymania<\/h3>\n<p>Ta grabie zosta\u0142a zaprojektowana z my\u015bl\u0105 o minimalnej konserwacji. Dzi\u0119ki trwa\u0142ej konstrukcji i wysokiej jako\u015bci materia\u0142om, wytrzymuje regularne u\u017cytkowanie bez konieczno\u015bci cz\u0119stych napraw i serwisowania.<\/p>\n<h3>3. Dostosowuje si\u0119 do r\u00f3\u017cnych rozmiar\u00f3w gospodarstw<\/h3>\n<p>Grabie idealnie nadaj\u0105 si\u0119 do ma\u0142ych i \u015brednich gospodarstw. Regulowana konstrukcja pozwala na \u0142atwe dostosowanie do specyficznych potrzeb r\u00f3\u017cnych gospodarstw, co czyni je wszechstronnym narz\u0119dziem do r\u00f3\u017cnorodnych zastosowa\u0144.<\/p>\n<h3>4. Oszcz\u0119dny<\/h3>\n<p>W por\u00f3wnaniu z prac\u0105 r\u0119czn\u0105 lub bardziej skomplikowanymi maszynami, zgrabiarka palczasta 9LZY-9.0 oferuje rolnikom ekonomiczne rozwi\u0105zanie. Pomaga obni\u017cy\u0107 koszty pracy, jednocze\u015bnie zwi\u0119kszaj\u0105c wydajno\u015b\u0107 i zapewniaj\u0105c wy\u017csz\u0105 jako\u015b\u0107 plon\u00f3w.<\/p>\n<h3>5. Doskona\u0142a trwa\u0142o\u015b\u0107<\/h3>\n<p>Wykonana z materia\u0142\u00f3w o wysokiej wytrzyma\u0142o\u015bci, ta grabie jest trwa\u0142a. Znosi trudne warunki bez utraty wydajno\u015bci, dzi\u0119ki czemu pozostanie niezb\u0119dnym elementem Twojego sprz\u0119tu rolniczego przez wiele lat.<\/p>\n<h2>Zasada dzia\u0142ania grabi palcowych 9LZY-9.0<\/h2>\n<p>Zgrabiarka 9LZY-9.0 z ko\u0142ami palczastymi wykorzystuje obrotowe ko\u0142a palczaste, kt\u00f3re skutecznie zgarniaj\u0105 siano, traw\u0119 i inne plony w r\u00f3wne pokosy. Proces zgrabiania jest u\u0142atwiony dzi\u0119ki wysokiej pr\u0119dko\u015bci obrotowej ko\u0142a, kt\u00f3ra pozwala narz\u0119dziu szybko obrobi\u0107 du\u017cy obszar. Mechanizm ten zapewnia r\u00f3wnomierne zgrabianie, zapobiegaj\u0105c uszkodzeniom plon\u00f3w i maksymalizuj\u0105c wydajno\u015b\u0107. Unikalna konstrukcja zgrabiarki sprawia, \u017ce \u200b\u200bnadaje si\u0119 ona do pracy w r\u00f3\u017cnych warunkach terenowych, w tym na nier\u00f3wnym terenie.<\/p>\n<p style=\"text-align: center;\"><img loading=\"lazy\" decoding=\"async\" class=\"alignnone wp-image-497\" src=\"https:\/\/silage-balers.com\/wp-content\/uploads\/2025\/12\/ep-9LZY-9.0-Finger-Wheel-Rake-2-1.webp\" alt=\"Zgrabiarki palcowe\" width=\"419\" height=\"419\" srcset=\"https:\/\/silage-balers.com\/wp-content\/uploads\/2025\/12\/ep-9LZY-9.0-Finger-Wheel-Rake-2-1.webp 276w, https:\/\/silage-balers.com\/wp-content\/uploads\/2025\/12\/ep-9LZY-9.0-Finger-Wheel-Rake-2-1-150x150.webp 150w, https:\/\/silage-balers.com\/wp-content\/uploads\/2025\/12\/ep-9LZY-9.0-Finger-Wheel-Rake-2-1-12x12.webp 12w, https:\/\/silage-balers.com\/wp-content\/uploads\/2025\/12\/ep-9LZY-9.0-Finger-Wheel-Rake-2-1-100x100.webp 100w\" sizes=\"(max-width: 419px) 100vw, 419px\" \/><\/p>\n<h2>G\u0142\u00f3wne zastosowania<\/h2>\n<p>Zgrabiarki palcowe 9LZY-9.0 mo\u017cna stosowa\u0107 w r\u00f3\u017cnych zastosowaniach rolniczych:<\/p>\n<ul>\n<li><strong>Zbi\u00f3r siana:<\/strong> Doskonale nadaje si\u0119 do grabienia siana i r\u00f3wnomiernego jego suszenia, co pozwala na uzyskanie wysokiej jako\u015bci zbior\u00f3w.<\/li>\n<li><strong>Zbi\u00f3rka s\u0142omy:<\/strong> Wydajnie zbiera s\u0142om\u0119, dzi\u0119ki czemu jest \u0142atwiejsza do om\u0142otu.<\/li>\n<li><strong>Zarz\u0105dzanie resztkami po\u017cniwnymi:<\/strong> Pomaga w gospodarowaniu resztkami po\u017cniwnymi poprzez zgrabienie ich w pokosy, co u\u0142atwia ich obr\u00f3bk\u0119 i ostateczny rozk\u0142ad.<\/li>\n<li><strong>Koszenie trawy:<\/strong> \u015awietnie nadaje si\u0119 do koszenia ma\u0142ej trawy, zapewniaj\u0105c r\u00f3wnomierne pokosy, kt\u00f3re \u0142atwo zebra\u0107.<\/li>\n<li><strong>Przygotowanie terenu:<\/strong> S\u0142u\u017cy do zbierania resztek po\u017cniwnych z gleby i przygotowywania jej do nast\u0119pnego sezonu siewu.<\/li>\n<li><strong>Czyszczenie p\u00f3l:<\/strong> Mo\u017cna go r\u00f3wnie\u017c u\u017cywa\u0107 do usuwania zanieczyszcze\u0144 i li\u015bci, dzi\u0119ki czemu pole pozostaje czyste i w optymalnym stanie.<\/li>\n<\/ul>\n<h2>Jak wybra\u0107 odpowiedni\u0105 grabie palcow\u0105 9LZY-9.0<\/h2>\n<h3>1. We\u017a pod uwag\u0119 wielko\u015b\u0107 gospodarstwa<\/h3>\n<p>Wyb\u00f3r odpowiedniej zgrabiarki w du\u017cej mierze zale\u017cy od wielko\u015bci gospodarstwa. Dla ma\u0142ych i \u015brednich gospodarstw, zgrabiarka palcowa 9LZY-9.0 oferuje idealn\u0105 r\u00f3wnowag\u0119 mocy i wydajno\u015bci, umo\u017cliwiaj\u0105c prac\u0119 na kontrolowan\u0105 skal\u0119.<\/p>\n<h3>2. Oce\u0144 typ terenu<\/h3>\n<p>Kolejnym kluczowym czynnikiem jest teren, na kt\u00f3rym planujesz u\u017cywa\u0107 grabi. Zgrabiarka 9LZY-9.0 zosta\u0142a zaprojektowana do pracy na nier\u00f3wnym terenie, dzi\u0119ki czemu nadaje si\u0119 do r\u00f3\u017cnych warunk\u00f3w polowych.<\/p>\n<h3>3. Szukaj trwa\u0142o\u015bci<\/h3>\n<p>Upewnij si\u0119, \u017ce grabie s\u0105 wykonane z wysokiej jako\u015bci materia\u0142\u00f3w, aby zagwarantowa\u0107 trwa\u0142o\u015b\u0107. Zgrabiarki 9LZY-9.0 z ko\u0142ami palczastymi zosta\u0142y zaprojektowane tak, aby wytrzyma\u0107 regularne u\u017cytkowanie w trudnych warunkach rolniczych, zapewniaj\u0105c d\u0142ugowieczno\u015b\u0107.<\/p>\n<h3>4. Sprawd\u017a \u0142atwo\u015b\u0107 u\u017cytkowania<\/h3>\n<p>Wybierz grabie \u0142atwe w obs\u0142udze i konserwacji. Przyjazna dla u\u017cytkownika konstrukcja grabi palcowych 9LZY-9.0 sprawia, \u017ce \u200b\u200bs\u0105 one doskona\u0142ym wyborem zar\u00f3wno dla do\u015bwiadczonych rolnik\u00f3w, jak i os\u00f3b dopiero rozpoczynaj\u0105cych przygod\u0119 ze sprz\u0119tem rolniczym.<\/p>\n<h3>5. Rozwa\u017cenie bud\u017cetu<\/h3>\n<p>Chocia\u017c grabie palcowe 9LZY-9.0 s\u0105 ekonomiczne, warto wzi\u0105\u0107 pod uwag\u0119 sw\u00f3j bud\u017cet. Oferuj\u0105 doskona\u0142y stosunek jako\u015bci do ceny, \u0142\u0105cz\u0105c przyst\u0119pn\u0105 cen\u0119 z wysok\u0105 wydajno\u015bci\u0105.<\/p>\n<h3>6. Dost\u0119pno\u015b\u0107 cz\u0119\u015bci i wsparcia<\/h3>\n<p>Upewnij si\u0119, \u017ce cz\u0119\u015bci zamienne i obs\u0142uga klienta s\u0105 \u0142atwo dost\u0119pne. Nasza firma oferuje doskona\u0142\u0105 obs\u0142ug\u0119 posprzeda\u017cow\u0105 i szybki dost\u0119p do cz\u0119\u015bci zamiennych do zgrabiarki palcowej 9LZY-9.0.<\/p>\n<h2>Konserwacja grabi palcowych 9LZY-9.0<\/h2>\n<p>Konserwacja zgrabiarki 9LZY-9.0 z ko\u0142em palczastym jest niezb\u0119dna dla zapewnienia optymalnej wydajno\u015bci i trwa\u0142o\u015bci. Regularnie sprawdzaj zu\u017cycie k\u00f3\u0142 palczastych i ca\u0142ej ramy. Regularnie smaruj cz\u0119\u015bci ruchome, aby zapobiec rdzewieniu i zapewni\u0107 p\u0142ynn\u0105 prac\u0119. Sprawd\u017a r\u00f3wnie\u017c, czy w zgrabiarce nie ma lu\u017anych \u015brub i dokr\u0119\u0107 je w razie potrzeby, aby zapobiec awariom.<\/p>\n<h2>Opinie klient\u00f3w<\/h2>\n<p>Poni\u017cej znajduj\u0105 si\u0119 opinie klient\u00f3w z r\u00f3\u017cnych kraj\u00f3w, kt\u00f3rzy korzystali z grabi palcowych 9LZY-9.0:<\/p>\n<p>Grabie znacznie poprawi\u0142y wydajno\u015b\u0107 naszego gospodarstwa. U\u017cywamy ich codziennie do grabienia siana, dzi\u0119ki czemu ca\u0142y proces jest szybszy i bardziej zorganizowany. Gor\u0105co polecamy ma\u0142ym gospodarstwom takim jak nasze!<br \/>\n\u2013 John, Stany Zjednoczone<\/p>\n<p>U\u017cywam tej grabi od kilku miesi\u0119cy i wci\u0105\u017c dzia\u0142a idealnie. Oszcz\u0119dza mn\u00f3stwo czasu i wysi\u0142ku, a jako\u015b\u0107 siana jest o wiele lepsza. Zdecydowanie warto zainwestowa\u0107.<br \/>\n\u2013 Sarah, Kanada<\/p>\n<p>To najlepsza grabie, jakiej kiedykolwiek u\u017cywa\u0142em! Jest solidna, \u0142atwa w obs\u0142udze i znacznie usprawni\u0142a moje grabienie siana. Jestem bardzo zadowolony z jej dzia\u0142ania!<br \/>\n\u2013 Michael, Australia<\/p>\n<h2>Dlaczego warto wybra\u0107 nasz produkt<\/h2>\n<p>Oferujemy szybk\u0105 personalizacj\u0119 i solidne wsparcie klienta, aby sprosta\u0107 Twoim indywidualnym potrzebom. Dzi\u0119ki 3-letniej gwarancji i kompleksowemu serwisowi posprzeda\u017cowemu mo\u017cesz liczy\u0107 na nasze d\u0142ugoterminowe wsparcie. Dodatkowo, zapewniamy szybk\u0105 wysy\u0142k\u0119 na ca\u0142y \u015bwiat, aby sprawnie realizowa\u0107 Twoje zam\u00f3wienia. Nasze produkty zosta\u0142y zaprojektowane z my\u015bl\u0105 o trwa\u0142o\u015bci, op\u0142acalno\u015bci i wysokiej wydajno\u015bci, co gwarantuje najlepsz\u0105 inwestycj\u0119.<\/p>\n<h2>Poznaj pe\u0142n\u0105 gam\u0119 naszych produkt\u00f3w<\/h2>\n<p>Opr\u00f3cz zgrabiarki palcowej 9LZY-9.0 oferujemy szerok\u0105 gam\u0119 sprz\u0119tu rolniczego i akcesori\u00f3w, kt\u00f3re spe\u0142ni\u0105 wszystkie Twoje potrzeby. Nasze produkty s\u0105 projektowane z precyzj\u0105, co gwarantuje najwy\u017csz\u0105 jako\u015b\u0107 i przyst\u0119pn\u0105 cen\u0119. Zapoznaj si\u0119 z nasz\u0105 ofert\u0105 ju\u017c dzi\u015b i skontaktuj si\u0119 z nami, aby z\u0142o\u017cy\u0107 zam\u00f3wienie.<\/p>\n<p>Wi\u0119cej informacji znajdziesz na naszej stronie internetowej lub mo\u017cesz skontaktowa\u0107 si\u0119 z nami bezpo\u015brednio, aby ju\u017c dzi\u015b kupi\u0107 grabie palcowe 9LZY-9.0.<\/p>\n<p style=\"text-align: center;\"><img loading=\"lazy\" decoding=\"async\" class=\"alignnone wp-image-495\" src=\"https:\/\/silage-balers.com\/wp-content\/uploads\/2025\/12\/ep-9LZY-9.0-Finger-Wheel-Rake-4-1.webp\" alt=\"Zgrabiarki palcowe\" width=\"422\" height=\"422\" srcset=\"https:\/\/silage-balers.com\/wp-content\/uploads\/2025\/12\/ep-9LZY-9.0-Finger-Wheel-Rake-4-1.webp 270w, https:\/\/silage-balers.com\/wp-content\/uploads\/2025\/12\/ep-9LZY-9.0-Finger-Wheel-Rake-4-1-150x150.webp 150w, https:\/\/silage-balers.com\/wp-content\/uploads\/2025\/12\/ep-9LZY-9.0-Finger-Wheel-Rake-4-1-12x12.webp 12w, https:\/\/silage-balers.com\/wp-content\/uploads\/2025\/12\/ep-9LZY-9.0-Finger-Wheel-Rake-4-1-100x100.webp 100w\" sizes=\"(max-width: 422px) 100vw, 422px\" \/><\/p>\n<h2>Cz\u0119sto zadawane pytania<\/h2>\n<ol>\n<li><strong>Czym jest grabie palcowe?<\/strong><br \/>\nZgrabiarka palczasta to maszyna rolnicza przeznaczona do zgrabiania siana, trawy lub resztek po\u017cniwnych w pokosy. Jej obracaj\u0105ce si\u0119 ko\u0142a palczaste sprawnie zbieraj\u0105 i gromadz\u0105 plony, u\u0142atwiaj\u0105c zarz\u0105dzanie zbiorami.<\/li>\n<li><strong>Jak dzia\u0142a grabie palcowe 9LZY-9.0?<\/strong><br \/>\nZgrabiarka palczasta 9LZY-9.0 wykorzystuje obracaj\u0105ce si\u0119 ko\u0142a palczaste do zgarniania siana i innych upraw w r\u00f3wne pokosy. Ko\u0142a obracaj\u0105 si\u0119 szybko, pokrywaj\u0105c du\u017cy obszar i zapewniaj\u0105c r\u00f3wnomierne zgrabianie.<\/li>\n<li><strong>Czy zgrabiarki palcowe 9LZY-9.0 mo\u017cna stosowa\u0107 w ma\u0142ych gospodarstwach?<\/strong><br \/>\nTak, zgrabiarka palczasta 9LZY-9.0 idealnie nadaje si\u0119 do ma\u0142ych i \u015brednich gospodarstw rolnych. Zapewnia wydajn\u0105 prac\u0119, a jednocze\u015bnie jest \u0142atwa w obs\u0142udze i konserwacji, co czyni j\u0105 idealnym wyborem dla mniejszych gospodarstw rolnych.<\/li>\n<li><strong>Jak konserwowa\u0107 grabie palcowe 9LZY-9.0?<\/strong><br \/>\nRegularna konserwacja obejmuje smarowanie cz\u0119\u015bci ruchomych, sprawdzanie zu\u017cycia i dokr\u0119canie lu\u017anych element\u00f3w. Aby przed\u0142u\u017cy\u0107 \u017cywotno\u015b\u0107 grabi, nale\u017cy je czy\u015bci\u0107 i prawid\u0142owo przechowywa\u0107.<\/li>\n<li><strong>Gdzie mog\u0119 kupi\u0107 grabie palcowe 9LZY-9.0?<\/strong><br \/>\nZgrabiark\u0119 palcow\u0105 9LZY-9.0 mo\u017cna kupi\u0107 online za po\u015brednictwem naszej strony internetowej. Oferujemy wysy\u0142k\u0119 na ca\u0142y \u015bwiat i doskona\u0142\u0105 obs\u0142ug\u0119 klienta, aby zapewni\u0107 bezproblemowy zakup.<\/li>\n<li><strong>Czy zgrabiarka palczasta 9LZY-9.0 nadaje si\u0119 do siana?<\/strong><br \/>\nTak, zgrabiarka palczasta 9LZY-9.0 zosta\u0142a zaprojektowana specjalnie do zgrabiania siana. Zapewnia r\u00f3wnomierne zgrabianie siana, co przek\u0142ada si\u0119 na szybsze schni\u0119cie i lepsz\u0105 jako\u015b\u0107.<\/li>\n<li><strong>Jakie s\u0105 zalety stosowania grabi palcowych?<\/strong><br \/>\nDo zalet nale\u017c\u0105 zwi\u0119kszona wydajno\u015b\u0107, oszcz\u0119dno\u015b\u0107 koszt\u00f3w, \u0142atwo\u015b\u0107 obs\u0142ugi oraz mo\u017cliwo\u015b\u0107 pracy w zr\u00f3\u017cnicowanym terenie. To niezwykle wytrzyma\u0142e narz\u0119dzie, kt\u00f3re sprawdzi si\u0119 podczas regularnego u\u017cytkowania w wymagaj\u0105cych warunkach.<\/li>\n<li><strong>Jak szybko mog\u0119 grabi\u0107 za pomoc\u0105 grabi palcowych 9LZY-9.0?<\/strong><br \/>\nPr\u0119dko\u015b\u0107 grabienia zale\u017cy od rodzaju terenu i plonu, ale og\u00f3lnie rzecz bior\u0105c, grabie ko\u0142owe 9LZY-9.0 zapewniaj\u0105 szybkie i wydajne grabienie, znacznie skracaj\u0105c czas potrzebny na grabienie siana.<\/li>\n<li><strong>Czy grabie wymagaj\u0105 du\u017cej konserwacji?<\/strong><br \/>\nNie, zgrabiarka palcowa 9LZY-9.0 zosta\u0142a zaprojektowana z my\u015bl\u0105 o minimalnej konserwacji. Rutynowe kontrole i smarowanie wystarczaj\u0105, aby zapewni\u0107 jej p\u0142ynn\u0105 prac\u0119.<\/li>\n<li><strong>Czy mog\u0119 dostosowa\u0107 grabie do r\u00f3\u017cnych upraw?<\/strong><br \/>\nTak, grabie palcowe 9LZY-9.0 s\u0105 regulowane i mo\u017cna je precyzyjnie dostroi\u0107 do r\u00f3\u017cnych rodzaj\u00f3w upraw i warunk\u00f3w polowych, zapewniaj\u0105c wszechstronno\u015b\u0107 i spe\u0142niaj\u0105c r\u00f3\u017cne potrzeby rolnicze.<\/li>\n<li><strong>Czy grabie palcowe 9LZY-9.0 obj\u0119te s\u0105 gwarancj\u0105?<\/strong><br \/>\nTak, 9LZY-9.0 <a href=\"https:\/\/silage-balers.com\/pl\/produkt\/9lh-12-boczny-grabek\/\">Zgrabiarki palcowe<\/a> Produkt obj\u0119ty jest 3-letni\u0105 gwarancj\u0105. Zapewniamy r\u00f3wnie\u017c doskona\u0142\u0105 obs\u0142ug\u0119 posprzeda\u017cow\u0105 i wsparcie.<\/li>\n<li><strong>Czy grabie mo\u017cna stosowa\u0107 w trudnym terenie?<\/strong><br \/>\nTak, zgrabiarka palcowa 9LZY-9.0 zosta\u0142a zaprojektowana do pracy na nier\u00f3wnym i trudnym terenie, dzi\u0119ki czemu jest uniwersalna i sprawdzi si\u0119 w r\u00f3\u017cnych zastosowaniach rolniczych.<\/li>\n<li><strong>Z jakich materia\u0142\u00f3w wykonana jest grabie palcowe 9LZY-9.0?<\/strong><br \/>\nGrabie s\u0105 wykonane z trwa\u0142ych i bardzo wytrzyma\u0142ych materia\u0142\u00f3w, co gwarantuje d\u0142ugowieczno\u015b\u0107 i odporno\u015b\u0107 na zu\u017cycie i uszkodzenia w wymagaj\u0105cych warunkach rolniczych.<\/li>\n<li><strong>Jak \u0142atwa jest obs\u0142uga grabi palcowych 9LZY-9.0?<\/strong><br \/>\nZgrabiarka palcowa 9LZY-9.0 jest \u0142atwa w obs\u0142udze, ma intuicyjne sterowanie i przyjazn\u0105 u\u017cytkownikowi konstrukcj\u0119, dzi\u0119ki czemu mog\u0105 z niej korzysta\u0107 zar\u00f3wno do\u015bwiadczeni, jak i pocz\u0105tkuj\u0105cy rolnicy.<\/li>\n<\/ol>\n<p>edytuj przez gzl<\/p>\n<p>&nbsp;<\/p>","protected":false},"excerpt":{"rendered":"<p>Odkryj zgrabiark\u0119 ko\u0142ow\u0105 9LZY-9.0 \u2013 trwa\u0142e i wydajne narz\u0119dzie rolnicze zaprojektowane z my\u015bl\u0105 o optymalnej obs\u0142udze plon\u00f3w. Zwi\u0119ksz wydajno\u015b\u0107 ju\u017c dzi\u015b! Kup teraz!<\/p>","protected":false},"featured_media":496,"template":"","meta":{"_et_pb_use_builder":"","_et_pb_old_content":"","_et_gb_content_width":""},"product_brand":[],"product_cat":[20],"product_tag":[],"class_list":{"0":"post-493","1":"product","2":"type-product","3":"status-publish","4":"has-post-thumbnail","6":"product_cat-mower-tedder","8":"first","9":"instock","10":"shipping-taxable","11":"product-type-simple"},"_links":{"self":[{"href":"https:\/\/silage-balers.com\/pl\/wp-json\/wp\/v2\/product\/493","targetHints":{"allow":["GET"]}}],"collection":[{"href":"https:\/\/silage-balers.com\/pl\/wp-json\/wp\/v2\/product"}],"about":[{"href":"https:\/\/silage-balers.com\/pl\/wp-json\/wp\/v2\/types\/product"}],"wp:featuredmedia":[{"embeddable":true,"href":"https:\/\/silage-balers.com\/pl\/wp-json\/wp\/v2\/media\/496"}],"wp:attachment":[{"href":"https:\/\/silage-balers.com\/pl\/wp-json\/wp\/v2\/media?parent=493"}],"wp:term":[{"taxonomy":"product_brand","embeddable":true,"href":"https:\/\/silage-balers.com\/pl\/wp-json\/wp\/v2\/product_brand?post=493"},{"taxonomy":"product_cat","embeddable":true,"href":"https:\/\/silage-balers.com\/pl\/wp-json\/wp\/v2\/product_cat?post=493"},{"taxonomy":"product_tag","embeddable":true,"href":"https:\/\/silage-balers.com\/pl\/wp-json\/wp\/v2\/product_tag?post=493"}],"curies":[{"name":"wp","href":"https:\/\/api.w.org\/{rel}","templated":true}]}}