{"id":499,"date":"2025-12-29T08:24:00","date_gmt":"2025-12-29T08:24:00","guid":{"rendered":"https:\/\/silage-balers.com\/?post_type=product&#038;p=499"},"modified":"2025-12-29T08:35:48","modified_gmt":"2025-12-29T08:35:48","slug":"kosiarka-jednoostrzowa-9gd-2-5","status":"publish","type":"product","link":"https:\/\/silage-balers.com\/pl\/produkt\/kosiarka-jednoostrzowa-9gd-2-5\/","title":{"rendered":"Doskona\u0142a kosiarka trakcyjna 9GD-2.5 z jednym ostrzem (wersja ulepszona)"},"content":{"rendered":"<p>Kosiarka 9GD-2.5 Traction Single-Blade (wersja ulepszona) to najnowocze\u015bniejsze urz\u0105dzenie do piel\u0119gnacji trawnik\u00f3w, przeznaczone zar\u00f3wno do u\u017cytku domowego, jak i komercyjnego. Dzi\u0119ki ulepszonym funkcjom i wydajno\u015bci, zaspokaja zmieniaj\u0105ce si\u0119 potrzeby entuzjast\u00f3w piel\u0119gnacji trawnik\u00f3w. Kosiarka wyr\u00f3\u017cnia si\u0119 systemem tn\u0105cym z pojedynczym ostrzem, kt\u00f3ry zapewnia wydajne i precyzyjne koszenie trawnika, dzi\u0119ki czemu jest idealnym rozwi\u0105zaniem dla ma\u0142ych i \u015brednich trawnik\u00f3w.<\/p>\n<h2>Specyfikacja techniczna<\/h2>\n<table style=\"border-color: #000000;\">\n<thead>\n<tr>\n<th style=\"width: 64px;\">Numer seryjny<\/th>\n<th style=\"width: 308px;\">Przedmiot<\/th>\n<th style=\"width: 46px;\">Jednostka<\/th>\n<th style=\"width: 228px;\">Specyfikacja<\/th>\n<\/tr>\n<\/thead>\n<tbody>\n<tr>\n<td style=\"width: 64px; text-align: center;\">1<\/td>\n<td style=\"width: 308px; text-align: center;\">Nazwa modelu<\/td>\n<td style=\"width: 46px; text-align: center;\">\/<\/td>\n<td style=\"width: 228px; text-align: center;\">Kosiarka trakcyjna z jednym no\u017cem 9GD-2.5<\/td>\n<\/tr>\n<tr>\n<td style=\"width: 64px; text-align: center;\">2<\/td>\n<td style=\"width: 308px; text-align: center;\">Metoda zaczepiania<\/td>\n<td style=\"width: 46px; text-align: center;\">\/<\/td>\n<td style=\"width: 228px; text-align: center;\">Typ trakcji<\/td>\n<\/tr>\n<tr>\n<td style=\"width: 64px; text-align: center;\">3<\/td>\n<td style=\"width: 308px; text-align: center;\">Typ konstrukcji no\u017ca<\/td>\n<td style=\"width: 46px; text-align: center;\">\/<\/td>\n<td style=\"width: 228px; text-align: center;\">Typ posuwisto-zwrotny<\/td>\n<\/tr>\n<tr>\n<td style=\"width: 64px; text-align: center;\">4<\/td>\n<td style=\"width: 308px; text-align: center;\">Szeroko\u015b\u0107 ci\u0119cia<\/td>\n<td style=\"width: 46px; text-align: center;\">M<\/td>\n<td style=\"width: 228px; text-align: center;\">2.5<\/td>\n<\/tr>\n<tr>\n<td style=\"width: 64px; text-align: center;\">5<\/td>\n<td style=\"width: 308px; text-align: center;\">Dopasowany zakres mocy<\/td>\n<td style=\"width: 46px; text-align: center;\">kW<\/td>\n<td style=\"width: 228px; text-align: center;\">15-35<\/td>\n<\/tr>\n<tr>\n<td style=\"width: 64px; text-align: center;\">6<\/td>\n<td style=\"width: 308px; text-align: center;\">Zakres pr\u0119dko\u015bci roboczej<\/td>\n<td style=\"width: 46px; text-align: center;\">km\/h<\/td>\n<td style=\"width: 228px; text-align: center;\">6~10<\/td>\n<\/tr>\n<tr>\n<td style=\"width: 64px; text-align: center;\">7<\/td>\n<td style=\"width: 308px; text-align: center;\">Liczba ruchomych ostrzy<\/td>\n<td style=\"width: 46px; text-align: center;\">szt.<\/td>\n<td style=\"width: 228px; text-align: center;\">34<\/td>\n<\/tr>\n<tr>\n<td style=\"width: 64px; text-align: center;\">8<\/td>\n<td style=\"width: 308px; text-align: center;\">Wymiary ca\u0142kowite (d\u0142ugo\u015b\u0107 \u00d7 szeroko\u015b\u0107 \u00d7 wysoko\u015b\u0107)<\/td>\n<td style=\"width: 46px; text-align: center;\">mm<\/td>\n<td style=\"width: 228px; text-align: center;\">2000\u00d74300\u00d7950<\/td>\n<\/tr>\n<tr>\n<td style=\"width: 64px; text-align: center;\">10<\/td>\n<td style=\"width: 308px; text-align: center;\">Pr\u0119dko\u015b\u0107 WOM<\/td>\n<td style=\"width: 46px; text-align: center;\">obr.\/min<\/td>\n<td style=\"width: 228px; text-align: center;\">540<\/td>\n<\/tr>\n<tr>\n<td style=\"width: 64px; text-align: center;\">11<\/td>\n<td style=\"width: 308px; text-align: center;\">\u015arednia wysoko\u015b\u0107 zarostu<\/td>\n<td style=\"width: 46px; text-align: center;\">mm<\/td>\n<td style=\"width: 228px; text-align: center;\">50-70<\/td>\n<\/tr>\n<tr>\n<td style=\"width: 64px; text-align: center;\">12<\/td>\n<td style=\"width: 308px; text-align: center;\">Wydajno\u015b\u0107<\/td>\n<td style=\"width: 46px; text-align: center;\">hm\u00b2\/h<\/td>\n<td style=\"width: 228px; text-align: center;\">2.0-3.0<\/td>\n<\/tr>\n<tr>\n<td style=\"width: 64px; text-align: center;\">13<\/td>\n<td style=\"width: 308px; text-align: center;\">Liczba operator\u00f3w<\/td>\n<td style=\"width: 46px; text-align: center;\">osoba<\/td>\n<td style=\"width: 228px; text-align: center;\">1<\/td>\n<\/tr>\n<tr>\n<td style=\"width: 64px; text-align: center;\">14<\/td>\n<td style=\"width: 308px; text-align: center;\">Masa konstrukcyjna<\/td>\n<td style=\"width: 46px; text-align: center;\">kg<\/td>\n<td style=\"width: 228px; text-align: center;\">490<\/td>\n<\/tr>\n<\/tbody>\n<\/table>\n<h2>Definicja produktu<\/h2>\n<p>Kosiarka 9GD-2.5 Traction Single-Blade (wersja ulepszona) to wydajna kosiarka do trawy wyposa\u017cona w zaawansowane funkcje zapewniaj\u0105ce doskona\u0142\u0105 piel\u0119gnacj\u0119 trawnika. Wyposa\u017cona jest w system tn\u0105cy z pojedynczym ostrzem, zapewniaj\u0105cy p\u0142ynniejsze i bardziej precyzyjne koszenie. Nap\u0119dzana silnikiem trakcyjnym, kosiarka idealnie nadaje si\u0119 do \u0142atwego koszenia zar\u00f3wno p\u0142askiego, jak i lekko pochy\u0142ego terenu. Jest bezprzewodowa i wyposa\u017cona w wytrzyma\u0142y akumulator, co czyni j\u0105 wydajnym narz\u0119dziem dla ogrodnik\u00f3w ceni\u0105cych mobilno\u015b\u0107 i wygod\u0119.<\/p>\n<h2>Poruszane problemy i zastosowania<\/h2>\n<p>Kosiarka 9GD-2.5 Traction Single-Blade (wersja ulepszona) skutecznie rozwi\u0105zuje typowe problemy zwi\u0105zane z piel\u0119gnacj\u0105 trawnika. Jest szczeg\u00f3lnie przydatna dla w\u0142a\u015bcicieli dom\u00f3w i profesjonalnych ogrodnik\u00f3w, kt\u00f3rzy zmagaj\u0105 si\u0119 z nier\u00f3wnomiernym wzrostem trawy, nier\u00f3wnym terenem lub nisk\u0105 wydajno\u015bci\u0105 kosiarek. Dzi\u0119ki ulepszonej przyczepno\u015bci i mechanizmowi tn\u0105cemu z jednym ostrzem, kosiarka z \u0142atwo\u015bci\u0105 radzi sobie z r\u00f3\u017cnymi rodzajami trawy i r\u00f3\u017cnymi rodzajami terenu, zapewniaj\u0105c zawsze schludny trawnik. Jest r\u00f3wnie\u017c idealna dla w\u0142a\u015bcicieli dom\u00f3w z ma\u0142ymi i \u015brednimi trawnikami, kt\u00f3rzy potrzebuj\u0105 niezawodnego i \u0142atwego w utrzymaniu rozwi\u0105zania do piel\u0119gnacji trawnika. Kosiarka mo\u017ce by\u0107 u\u017cywana w r\u00f3\u017cnych miejscach, takich jak trawniki przydomowe, dzia\u0142ki ogrodowe, parki i ma\u0142e nieruchomo\u015bci komercyjne.<\/p>\n<h2>Zalety produktu<\/h2>\n<h3>1. Wydajne ci\u0119cie<\/h3>\n<p>Pojedyncze ostrze kosiarki 9GD-2.5 zapewnia czyste i precyzyjne ci\u0119cie przy minimalnym wysi\u0142ku. Dzi\u0119ki temu trawnik staje si\u0119 g\u0142adszy, a jego powierzchnia jest mniej wymagaj\u0105ca pod wzgl\u0119dem konserwacji i poprawia si\u0119 jego og\u00f3lny stan.<\/p>\n<h3>2. Ulepszona przyczepno\u015b\u0107<\/h3>\n<p>Zaawansowany silnik trakcyjny zapewnia p\u0142ynniejsz\u0105 prac\u0119 na lekko pochy\u0142ym i nier\u00f3wnym terenie. Ta funkcja sprawia, \u017ce \u200b\u200bjest to preferowany wyb\u00f3r dla u\u017cytkownik\u00f3w o zr\u00f3\u017cnicowanych nawierzchniach trawnikowych lub obszarach o niewielkich nachyleniach.<\/p>\n<h3>3. Praca bezprzewodowa<\/h3>\n<p>Model 9GD-2.5 jest zasilany akumulatorem, co umo\u017cliwia prac\u0119 bezprzewodow\u0105. Eliminuje to potrzeb\u0119 korzystania z gniazdek elektrycznych i przed\u0142u\u017caczy, zapewniaj\u0105c wi\u0119ksz\u0105 mobilno\u015b\u0107 i elastyczno\u015b\u0107 podczas koszenia trawnika.<\/p>\n<h3>4. Cichy i ekologiczny<\/h3>\n<p>W przeciwie\u0144stwie do tradycyjnych kosiarek spalinowych, model 9GD-2.5 jest elektryczny, co oznacza, \u017ce \u200b\u200bpracuje cicho i nie emituje spalin. Dzi\u0119ki temu jest bardziej przyjaznym dla \u015brodowiska rozwi\u0105zaniem do piel\u0119gnacji trawnik\u00f3w w domach i firmach.<\/p>\n<h3>5. Niskie koszty utrzymania<\/h3>\n<p>System pojedynczego ostrza i wytrzyma\u0142y silnik redukuj\u0105 potrzeb\u0119 cz\u0119stych napraw lub wymiany cz\u0119\u015bci, dzi\u0119ki czemu model 9GD-2.5 jest \u0142atwym w utrzymaniu rozwi\u0105zaniem dla entuzjast\u00f3w piel\u0119gnacji trawnika.<\/p>\n<h2>Jak dzia\u0142a kosiarka trakcyjna 9GD-2.5 z jednym ostrzem (wersja ulepszona)<\/h2>\n<p>Kosiarka 9GD-2.5 Traction Single-Blade Mower nap\u0119dzana jest silnikiem elektrycznym, kt\u00f3ry nap\u0119dza ostrze tn\u0105ce i uk\u0142ad nap\u0119dowy. Silnik nap\u0119dowy zapewnia stabilno\u015b\u0107 kosiarki, umo\u017cliwiaj\u0105c jej efektywn\u0105 prac\u0119 na lekko nier\u00f3wnym terenie. System z pojedynczym ostrzem zapewnia p\u0142ynne i precyzyjne ci\u0119cie, a akumulator umo\u017cliwia prac\u0119 bezprzewodow\u0105. Dzi\u0119ki po\u0142\u0105czeniu tych funkcji, kosiarka ta mo\u017ce wydajnie kosi\u0107 zar\u00f3wno p\u0142askie, jak i pochy\u0142e powierzchnie, zapewniaj\u0105c jednocze\u015bnie czysty i jednolity wygl\u0105d trawnika.<\/p>\n<p style=\"text-align: center;\"><img loading=\"lazy\" decoding=\"async\" class=\"alignnone wp-image-502\" src=\"https:\/\/silage-balers.com\/wp-content\/uploads\/2025\/12\/ep9GD-2.5-Traction-Single-Blade-Mower9-2-1-300x195.webp\" alt=\"Kosiarka jednoostrzowa\" width=\"417\" height=\"271\" srcset=\"https:\/\/silage-balers.com\/wp-content\/uploads\/2025\/12\/ep9GD-2.5-Traction-Single-Blade-Mower9-2-1-300x195.webp 300w, https:\/\/silage-balers.com\/wp-content\/uploads\/2025\/12\/ep9GD-2.5-Traction-Single-Blade-Mower9-2-1-18x12.webp 18w, https:\/\/silage-balers.com\/wp-content\/uploads\/2025\/12\/ep9GD-2.5-Traction-Single-Blade-Mower9-2-1.webp 406w\" sizes=\"(max-width: 417px) 100vw, 417px\" \/><\/p>\n<h2>G\u0142\u00f3wne zastosowania<\/h2>\n<p>Kosiarka jednoostrzowa 9GD-2.5 jest wszechstronna i mo\u017cna jej u\u017cywa\u0107 w r\u00f3\u017cnych miejscach:<\/p>\n<h3>1. Trawniki przydomowe<\/h3>\n<p>Ta kosiarka jest idealna dla w\u0142a\u015bcicieli dom\u00f3w poszukuj\u0105cych niezawodnego i \u0142atwego w obs\u0142udze rozwi\u0105zania do piel\u0119gnacji trawnik\u00f3w. Jej bezprzewodowa konstrukcja zapewnia wygod\u0119 i mobilno\u015b\u0107 na ma\u0142ych i \u015brednich trawnikach.<\/p>\n<h3>2. Ogrodnicy zawodowi<\/h3>\n<p>Ogrodnicy pracuj\u0105cy na r\u00f3\u017cnorodnych posesjach lub mniejszych trawnikach komercyjnych doceni\u0105 zalety kosiarki 9GD-2.5 ze wzgl\u0119du na jej precyzyjne ci\u0119cie i lekk\u0105 konstrukcj\u0119, co czyni j\u0105 doskona\u0142ym narz\u0119dziem do profesjonalnej piel\u0119gnacji trawnik\u00f3w.<\/p>\n<h3>3. Ma\u0142e parki i ogrody<\/h3>\n<p>Kompaktowe rozmiary kosiarki i \u0142atwo\u015b\u0107 manewrowania sprawiaj\u0105, \u017ce nadaje si\u0119 ona do piel\u0119gnacji ma\u0142ych park\u00f3w publicznych lub prywatnych dzia\u0142ek ogrodowych, gdzie precyzja i wzgl\u0119dy ochrony \u015brodowiska maj\u0105 kluczowe znaczenie.<\/p>\n<h3>4. Ogrody przydomowe<\/h3>\n<p>W\u0142a\u015bciciele dom\u00f3w z ogr\u00f3dkami warzywnymi lub kwiatowymi mog\u0105 skorzysta\u0107 z tej kosiarki, kt\u00f3ra umo\u017cliwi im precyzyjne przycinanie trawy bez naruszania gleby i ro\u015blin.<\/p>\n<h3>5. Pola golfowe (ma\u0142e obszary)<\/h3>\n<p>Chocia\u017c kosiarka ta nie jest przeznaczona do du\u017cych p\u00f3l golfowych, mo\u017cna j\u0105 z powodzeniem stosowa\u0107 na mniejszych polach, gdzie wymagana jest staranna piel\u0119gnacja trawy i precyzyjne koszenie.<\/p>\n<h3>6. Nieruchomo\u015bci komercyjne<\/h3>\n<p>Ma\u0142e obiekty komercyjne, takie jak kompleksy biurowe lub sklepy detaliczne z ograniczon\u0105 powierzchni\u0105 trawnika, mog\u0105 skorzysta\u0107 z 9GD-2.5 Traction <a href=\"http:\/\/square-balers.com\" target=\"_blank\" rel=\"noopener\">Kosiarka jednoostrzowa<\/a> (wersja ulepszona) charakteryzuje si\u0119 wysok\u0105 wydajno\u015bci\u0105 i niskim poziomem ha\u0142asu podczas pracy.<\/p>\n<h2>Jak wybra\u0107 odpowiedni\u0105 kosiark\u0119 jednoostrzow\u0105 9GD-2.5 Traction<\/h2>\n<p>Wybieraj\u0105c odpowiedni\u0105 kosiark\u0119 do swoich potrzeb, we\u017a pod uwag\u0119 nast\u0119puj\u0105ce czynniki:<\/p>\n<h3>1. Rozmiar trawnika<\/h3>\n<p>Kosiarka 9GD-2.5 Traction z jednym ostrzem (wersja ulepszona) idealnie nadaje si\u0119 do ma\u0142ych i \u015brednich trawnik\u00f3w. Je\u015bli masz wi\u0119kszy trawnik, rozwa\u017c kosiark\u0119 o wi\u0119kszej szeroko\u015bci koszenia.<\/p>\n<h3>2. Typ terenu<\/h3>\n<p>Wybierz t\u0119 kosiark\u0119, je\u015bli Tw\u00f3j trawnik jest lekko nier\u00f3wny lub ma niewielkie nachylenia. Do p\u0142askich, rozleg\u0142ych trawnik\u00f3w bardziej odpowiednie mog\u0105 by\u0107 inne modele.<\/p>\n<h3>3. \u017bywotno\u015b\u0107 baterii<\/h3>\n<p>Upewnij si\u0119, \u017ce \u017cywotno\u015b\u0107 baterii jest odpowiednia do wielko\u015bci Twojego trawnika. Model 9GD-2.5 oferuje d\u0142ug\u0105 \u017cywotno\u015b\u0107 baterii, ale wi\u0119ksze trawniki mog\u0105 wymaga\u0107 cz\u0119stszego \u0142adowania.<\/p>\n<h3>4. \u0141atwo\u015b\u0107 u\u017cytkowania<\/h3>\n<p>Kosiarka jednoostrzowa 9GD-2.5 (wersja ulepszona) jest lekka i \u0142atwa w manewrowaniu, dzi\u0119ki czemu nadaje si\u0119 dla os\u00f3b w ka\u017cdym wieku i o r\u00f3\u017cnych mo\u017cliwo\u015bciach.<\/p>\n<h3>5. Wymagania konserwacyjne<\/h3>\n<p>Dzi\u0119ki konstrukcji wymagaj\u0105cej minimalnej konserwacji kosiarka jednoostrzowa 9GD-2.5 Traction Single-Blade Mower (wersja ulepszona) jest idealna dla tych, kt\u00f3rzy ceni\u0105 sobie minimaln\u0105 konserwacj\u0119, a jednocze\u015bnie chc\u0105 osi\u0105ga\u0107 \u015bwietne rezultaty.<\/p>\n<h3>6. Wp\u0142yw na \u015brodowisko<\/h3>\n<p>Kosiarka elektryczna 9GD-2.5 Traction Single-Blade Mower (wersja ulepszona) nie emituje \u017cadnych spalin, co czyni j\u0105 przyjaznym dla \u015brodowiska wyborem dla \u015bwiadomych konsument\u00f3w.<\/p>\n<h2>Konserwacja kosiarki jednoostrzowej 9GD-2.5 (wersja ulepszona)<\/h2>\n<p>Aby zapewni\u0107 d\u0142ugowieczno\u015b\u0107 i wydajno\u015b\u0107 Twojego 9GD-2.5 Traction <a href=\"https:\/\/silage-balers.com\/pl\/produkt\/9lzy-9-0-grabie-kolkowe-z-palcami\/\">Kosiarka jednoostrzowa<\/a> (Wersja ulepszona) \u2013 konieczna jest regularna konserwacja. Oto jak dba\u0107 o kosiark\u0119:<\/p>\n<h3>1. Wyczy\u015b\u0107 ostrze<\/h3>\n<p>Po ka\u017cdym u\u017cyciu upewnij si\u0119, \u017ce ostrze jest wolne od skoszonej trawy i zanieczyszcze\u0144. Zapewni to p\u0142ynn\u0105 prac\u0119 i zapobiegnie zatykaniu.<\/p>\n<h3>2. Sprawd\u017a poziom na\u0142adowania baterii<\/h3>\n<p>Przed u\u017cyciem upewnij si\u0119, \u017ce akumulator jest w pe\u0142ni na\u0142adowany. Je\u015bli kosiarka nie jest u\u017cywana regularnie, utrzymuj akumulator w stanie na\u0142adowanym, aby zapobiec jego degradacji.<\/p>\n<h3>3. Sprawd\u017a silnik trakcyjny<\/h3>\n<p>Regularnie sprawdzaj silnik trakcyjny pod k\u0105tem zu\u017cycia lub uszkodze\u0144. Czy\u015b\u0107 i smaruj silnik w razie potrzeby, aby utrzyma\u0107 jego optymalne dzia\u0142anie.<\/p>\n<h3>4. Przechowuj prawid\u0142owo<\/h3>\n<p>Przechowuj kosiark\u0119 w suchym i ch\u0142odnym miejscu, gdy nie jest u\u017cywana. Zapobiegnie to uszkodzeniu silnika i akumulatora, zapewniaj\u0105c d\u0142ug\u0105 \u017cywotno\u015b\u0107 urz\u0105dzenia.<\/p>\n<h2>Opinie klient\u00f3w<\/h2>\n<p><strong>\u201eU\u017cywam kosiarki 9GD-2.5 od kilku miesi\u0119cy i jestem pod wra\u017ceniem, jak dobrze radzi sobie z moim nier\u00f3wnym trawnikiem. System trakcji jest doskona\u0142y, a ci\u0119cie jednym ostrzem jest niezwykle p\u0142ynne. Podoba mi si\u0119 jej cicha praca w por\u00f3wnaniu z moj\u0105 star\u0105 kosiark\u0105 spalinow\u0105. Idealnie nadaje si\u0119 do mojego ma\u0142ego ogrodu i gor\u0105co j\u0105 polecam.\u201d<\/strong><br \/>\n\u2013 Li Wei, Chiny<\/p>\n<p><strong>\u201eTa kosiarka odmieni\u0142a m\u00f3j spos\u00f3b piel\u0119gnacji trawnika. Jest lekka i \u0142atwa w obs\u0142udze, nawet dla osoby, kt\u00f3ra dopiero zaczyna przygod\u0119 z kosiark\u0105, takiej jak ja. Akumulator wystarcza na tyle d\u0142ugo, \u017ceby skosi\u0107 ca\u0142y trawnik, a ekologiczna konstrukcja to du\u017cy plus. Jestem zadowolony z zakupu.\u201d<\/strong><br \/>\n\u2013 John Smith, Stany Zjednoczone<\/p>\n<p><strong>\u201eProwadz\u0119 profesjonaln\u0105 firm\u0119 ogrodnicz\u0105 i ta kosiarka okaza\u0142a si\u0119 nieocenionym narz\u0119dziem. Idealnie nadaje si\u0119 do trawnik\u00f3w mniejszych klient\u00f3w, zapewniaj\u0105c schludne i czyste ci\u0119cie za ka\u017cdym razem. Silnik trakcyjny u\u0142atwia prac\u0119 na pochy\u0142ych terenach, a funkcja bezprzewodowa jest niezwykle wygodna. \u015awietny produkt!\u201d<\/strong><br \/>\n\u2013 Maria Gonzalez, Hiszpania<\/p>\n<p><strong>\u201eKupi\u0142em t\u0119 kosiark\u0119 do mojej firmy zajmuj\u0105cej si\u0119 utrzymaniem parku. Jest \u0142atwa w manewrowaniu i dobrze radzi sobie na lekko nier\u00f3wnym terenie. Doceniam r\u00f3wnie\u017c to, \u017ce nie generuje du\u017cego ha\u0142asu, co jest wa\u017cne podczas pracy w miejscach publicznych.\u201d<\/strong><br \/>\n\u2013 Ahmed Al-Farsi, Zjednoczone Emiraty Arabskie<\/p>\n<p><strong>\u201eSzuka\u0142em niedrogiego rozwi\u0105zania do piel\u0119gnacji mojego ogrodu i ta kosiarka spe\u0142ni\u0142a moje oczekiwania. Kosi traw\u0119 r\u00f3wnomiernie i bezproblemowo, a ja nie musz\u0119 si\u0119 martwi\u0107 o mieszanie oleju z benzyn\u0105. Akumulator jest niezawodny i nie musz\u0119 go \u0142adowa\u0107 w trakcie pracy\u201d.<\/strong><br \/>\n\u2013 Sarah Lee, Australia<\/p>\n<h2>Dlaczego warto wybra\u0107 nasz produkt<\/h2>\n<p>Wybieraj\u0105c kosiark\u0119 9GD-2.5 Traction Single-Blade, decydujesz si\u0119 na wysok\u0105 jako\u015b\u0107, niezawodno\u015b\u0107 i trwa\u0142o\u015b\u0107 produktu. Nasza firma oferuje szybkie us\u0142ugi personalizacji i solidny system wsparcia posprzeda\u017cowego. Ciesz si\u0119 3-letni\u0105 gwarancj\u0105 na nasze produkty i miej pewno\u015b\u0107, \u017ce Tw\u00f3j zakup jest bezpieczny. Zapewniamy r\u00f3wnie\u017c szybk\u0105 wysy\u0142k\u0119 na ca\u0142y \u015bwiat, aby szybko zrealizowa\u0107 Twoje zam\u00f3wienia. Dzi\u0119ki naszemu silnemu wsparciu posprzeda\u017cowemu nigdy nie zostaniesz bez pomocy.<\/p>\n<p>Nie czekaj d\u0142u\u017cej! Odkryj kosiark\u0119 9GD-2.5 Traction Single-Blade ju\u017c dzi\u015b i ciesz si\u0119 wygod\u0105 bezproblemowej piel\u0119gnacji trawnika. Nasze mo\u017cliwo\u015bci produkcyjne gwarantuj\u0105 najwy\u017csz\u0105 jako\u015b\u0107 i konkurencyjne ceny. Opr\u00f3cz modelu 9GD-2.5 oferujemy r\u00f3wnie\u017c r\u00f3\u017cnorodne akcesoria i produkty powi\u0105zane, dopasowane do wszystkich Twoich potrzeb w zakresie piel\u0119gnacji trawnika. Skontaktuj si\u0119 z nami ju\u017c dzi\u015b, aby dowiedzie\u0107 si\u0119 wi\u0119cej lub dokona\u0107 zakupu!<\/p>\n<h2>Cz\u0119sto zadawane pytania<\/h2>\n<p><strong>1. Jaka kosiarka jednoostrzowa 9GD-2.5 Traction jest najlepsza do ma\u0142ych trawnik\u00f3w?<\/strong><br \/>\nModel 9GD-2.5 to idealny wyb\u00f3r do ma\u0142ych trawnik\u00f3w. Jest lekki, \u0142atwy w manewrowaniu i zapewnia p\u0142ynne, czyste ci\u0119cie. Silnik trakcyjny zapewnia stabilno\u015b\u0107 na nier\u00f3wnym terenie, a \u017cywotno\u015b\u0107 akumulatora wystarcza na ma\u0142e powierzchnie, dzi\u0119ki czemu idealnie nadaje si\u0119 do trawnik\u00f3w przydomowych.<\/p>\n<p><strong>2. Czym ulepszona wersja kosiarki jednoostrzowej r\u00f3\u017cni si\u0119 od modelu standardowego?<\/strong><br \/>\nUlepszona wersja kosiarki 9GD-2.5 posiada mocniejszy silnik trakcyjny zapewniaj\u0105cy lepsz\u0105 wydajno\u015b\u0107, d\u0142u\u017csz\u0105 \u017cywotno\u015b\u0107 baterii oraz trwalszy system tn\u0105cy z jednym ostrzem. Jest r\u00f3wnie\u017c cichsza i bardziej przyjazna dla \u015brodowiska w por\u00f3wnaniu z poprzedni\u0105 wersj\u0105.<\/p>\n<p><strong>3. Czy mog\u0119 u\u017cywa\u0107 tej kosiarki do profesjonalnej piel\u0119gnacji trawnika?<\/strong><br \/>\nTak, kosiarka 9GD-2.5 jest przeznaczona zar\u00f3wno do u\u017cytku domowego, jak i profesjonalnego. Precyzyjny system ci\u0119cia, \u0142atwa obs\u0142uga i trwa\u0142o\u015b\u0107 sprawiaj\u0105, \u017ce nadaje si\u0119 ona dla profesjonalnych ogrodnik\u00f3w, kt\u00f3rzy piel\u0119gnuj\u0105 ma\u0142e i \u015brednie trawniki.<\/p>\n<p><strong>4. Jak \u0142adowa\u0107 kosiark\u0119 9GD-2.5?<\/strong><br \/>\nAby na\u0142adowa\u0107 kosiark\u0119, wystarczy pod\u0142\u0105czy\u0107 \u0142adowark\u0119 do akumulatora i do standardowego gniazdka. Pe\u0142ne na\u0142adowanie akumulatora zajmie kilka godzin. Aby uzyska\u0107 najlepsze rezultaty, nale\u017cy u\u017cywa\u0107 wy\u0142\u0105cznie \u0142adowarki do\u0142\u0105czonej do kosiarki.<\/p>\n<p><strong>5. Czy ta kosiarka nadaje si\u0119 do wi\u0119kszych trawnik\u00f3w?<\/strong><br \/>\nModel 9GD-2.5 najlepiej nadaje si\u0119 do ma\u0142ych i \u015brednich trawnik\u00f3w. Do wi\u0119kszych trawnik\u00f3w mo\u017ce by\u0107 potrzebna kosiarka o wi\u0119kszej szeroko\u015bci koszenia i d\u0142u\u017cszym czasie pracy akumulatora. Doskonale sprawdzi si\u0119 jednak na trawnikach przydomowych i mniejszych posesjach komercyjnych.<\/p>\n<p><strong>6. Czy mog\u0119 u\u017cywa\u0107 tej kosiarki na wzg\u00f3rzach i zboczach?<\/strong><br \/>\nTak, ulepszony silnik trakcyjny pozwala kosiarce 9GD-2.5 na p\u0142ynn\u0105 prac\u0119 na lekko pochy\u0142ych lub nier\u00f3wnych terenach. To doskona\u0142y wyb\u00f3r dla trawnik\u00f3w, kt\u00f3re nie s\u0105 idealnie r\u00f3wne.<\/p>\n<p><strong>7. Jak cz\u0119stej konserwacji wymaga kosiarka?<\/strong><br \/>\n9GD-2.5 wymaga minimalnej konserwacji. Regularne czyszczenie ostrza, sprawdzanie akumulatora i dbanie o to, aby silnik trakcyjny by\u0142 wolny od zanieczyszcze\u0144, to g\u0142\u00f3wne zadania, kt\u00f3re nale\u017cy wykona\u0107, aby utrzyma\u0107 go w dobrym stanie technicznym.<\/p>\n<p><strong>8. Czy kosiarka ha\u0142asuje podczas pracy?<\/strong><br \/>\nModel 9GD-2.5 jest znacznie cichszy ni\u017c tradycyjne kosiarki spalinowe. Pracuje p\u0142ynnie, dzi\u0119ki czemu nadaje si\u0119 do miejsc, w kt\u00f3rych redukcja ha\u0142asu jest istotna.<\/p>\n<p><strong>9. Jak d\u0142ugo bateria wytrzyma na jednym \u0142adowaniu?<\/strong><br \/>\nAkumulator kosiarki 9GD-2.5 wystarcza na d\u0142ugi czas pracy dla wi\u0119kszo\u015bci ma\u0142ych i \u015brednich trawnik\u00f3w. Zapewnia on \u015brednio wystarczaj\u0105c\u0105 moc do skoszenia do 0,5 ha (ok. 0,4 ha) na pe\u0142nym na\u0142adowaniu, w zale\u017cno\u015bci od g\u0119sto\u015bci trawy i terenu.<\/p>\n<p><strong>10. Czy mog\u0119 kupi\u0107 cz\u0119\u015bci zamienne do 9GD-2.5?<\/strong><br \/>\nTak, oferujemy szeroki wyb\u00f3r cz\u0119\u015bci zamiennych i akcesori\u00f3w do 9GD-2.5, w tym ostrza zamienne, akumulatory i silniki. Skontaktuj si\u0119 z naszym dzia\u0142em obs\u0142ugi klienta, aby uzyska\u0107 szczeg\u00f3\u0142owe informacje na temat zamawiania cz\u0119\u015bci.<\/p>\n<p><strong>11. Czy ta kosiarka wymaga oleju czy paliwa?<\/strong><br \/>\nModel 9GD-2.5 jest w pe\u0142ni elektryczny, co oznacza, \u017ce \u200b\u200bnie wymaga oleju ani paliwa. Wystarczy na\u0142adowa\u0107 akumulator i gotowe!<\/p>\n<p><strong>12. Czy mog\u0119 u\u017cywa\u0107 kosiarki na mokrej trawie?<\/strong><br \/>\nChocia\u017c kosiarka jest zaprojektowana do koszenia trawy w r\u00f3\u017cnych warunkach, najlepiej kosi\u0107 j\u0105, gdy trawa jest sucha. Koszenie mokrej trawy mo\u017ce prowadzi\u0107 do jej zbrylania i wp\u0142ywa\u0107 na wydajno\u015b\u0107 koszenia.<\/p>\n<p><strong>13. Jaki rodzaj gwarancji jest oferowany dla kosiarki 9GD-2.5?<\/strong><br \/>\nModel 9GD-2.5 obj\u0119ty jest 3-letni\u0105 gwarancj\u0105 obejmuj\u0105c\u0105 wszelkie wady fabryczne i zapewniaj\u0105c\u0105 spok\u00f3j ducha przy zakupie.<\/p>\n<p><strong>14. Jak przechowywa\u0107 kosiark\u0119?<\/strong><br \/>\nPrzechowuj kosiark\u0119 w suchym i ch\u0142odnym miejscu, z dala od bezpo\u015bredniego \u015bwiat\u0142a s\u0142onecznego. Upewnij si\u0119, \u017ce akumulator zosta\u0142 wyj\u0119ty, je\u015bli planujesz przechowywa\u0107 j\u0105 przez d\u0142u\u017cszy czas.<\/p>\n<p><strong>15. Czy model 9GD-2.5 nadaje si\u0119 dla profesjonalnych ogrodnik\u00f3w?<\/strong><br \/>\nZdecydowanie! Model 9GD-2.5 zosta\u0142 zaprojektowany zar\u00f3wno do u\u017cytku domowego, jak i profesjonalnego. Precyzyjne ci\u0119cie, \u0142atwo\u015b\u0107 manewrowania i niezawodna praca sprawiaj\u0105, \u017ce jest to doskona\u0142e narz\u0119dzie dla profesjonalnych ogrodnik\u00f3w.<\/p>\n<p>edytuj przez gzl<\/p>\n<p>&nbsp;<\/p>","protected":false},"excerpt":{"rendered":"<p>Ulepsz piel\u0119gnacj\u0119 swojego trawnika dzi\u0119ki kosiarce 9GD-2.5 Traction z jednym ostrzem. Wydajna, trwa\u0142a i \u0142atwa w obs\u0142udze. Idealna dla w\u0142a\u015bcicieli dom\u00f3w poszukuj\u0105cych precyzji i wydajno\u015bci. Kup teraz!<\/p>","protected":false},"featured_media":501,"template":"","meta":{"_et_pb_use_builder":"","_et_pb_old_content":"","_et_gb_content_width":""},"product_brand":[],"product_cat":[20],"product_tag":[],"class_list":{"0":"post-499","1":"product","2":"type-product","3":"status-publish","4":"has-post-thumbnail","6":"product_cat-mower-tedder","8":"first","9":"instock","10":"shipping-taxable","11":"product-type-simple"},"_links":{"self":[{"href":"https:\/\/silage-balers.com\/pl\/wp-json\/wp\/v2\/product\/499","targetHints":{"allow":["GET"]}}],"collection":[{"href":"https:\/\/silage-balers.com\/pl\/wp-json\/wp\/v2\/product"}],"about":[{"href":"https:\/\/silage-balers.com\/pl\/wp-json\/wp\/v2\/types\/product"}],"wp:featuredmedia":[{"embeddable":true,"href":"https:\/\/silage-balers.com\/pl\/wp-json\/wp\/v2\/media\/501"}],"wp:attachment":[{"href":"https:\/\/silage-balers.com\/pl\/wp-json\/wp\/v2\/media?parent=499"}],"wp:term":[{"taxonomy":"product_brand","embeddable":true,"href":"https:\/\/silage-balers.com\/pl\/wp-json\/wp\/v2\/product_brand?post=499"},{"taxonomy":"product_cat","embeddable":true,"href":"https:\/\/silage-balers.com\/pl\/wp-json\/wp\/v2\/product_cat?post=499"},{"taxonomy":"product_tag","embeddable":true,"href":"https:\/\/silage-balers.com\/pl\/wp-json\/wp\/v2\/product_tag?post=499"}],"curies":[{"name":"wp","href":"https:\/\/api.w.org\/{rel}","templated":true}]}}